{"id":3558,"date":"2024-08-05T07:35:25","date_gmt":"2024-08-05T07:35:25","guid":{"rendered":"https:\/\/aiartfree.online\/?page_id=3558"},"modified":"2024-08-16T10:09:07","modified_gmt":"2024-08-16T10:09:07","slug":"flux-ai-image-generator-flux1","status":"publish","type":"page","link":"https:\/\/aiartfree.online\/fi\/flux-ai-kuvageneraattori-flux1\/","title":{"rendered":"Flux AI Image Generator | Powered by Flux.1"},"content":{"rendered":"<h2 class=\"wp-block-heading has-text-align-center\">Galleria Flux.1<\/h2>\n\n\n\n<figure class=\"gb-block-image gb-block-image-1822da1f\"><img data-recalc-dims=\"1\" decoding=\"async\" loading=\"lazy\" width=\"1024\" height=\"725\" class=\"gb-image gb-image-1822da1f\" src=\"https:\/\/i0.wp.com\/aiartfree.online\/wp-content\/uploads\/2024\/08\/WX20240803-154751%402x-1024x725.webp?resize=1024%2C725&#038;ssl=1\" alt=\"Black Forest Labsin Flux AI Image Generator, jossa on Flux.1, Flux.1 Pro, Flux.1 Dev ja Flux.1 Schnell -mallit. Rajoittamaton, laadukas, ilmainen, ei rekister\u00f6itymist\u00e4.\" title=\"WX20240803-154751@2x\" srcset=\"https:\/\/i0.wp.com\/aiartfree.online\/wp-content\/uploads\/2024\/08\/WX20240803-154751%402x.jpg?resize=1024%2C725&amp;ssl=1 1024w, https:\/\/i0.wp.com\/aiartfree.online\/wp-content\/uploads\/2024\/08\/WX20240803-154751%402x.jpg?resize=300%2C212&amp;ssl=1 300w, https:\/\/i0.wp.com\/aiartfree.online\/wp-content\/uploads\/2024\/08\/WX20240803-154751%402x.jpg?resize=768%2C544&amp;ssl=1 768w, https:\/\/i0.wp.com\/aiartfree.online\/wp-content\/uploads\/2024\/08\/WX20240803-154751%402x.jpg?resize=1536%2C1087&amp;ssl=1 1536w, https:\/\/i0.wp.com\/aiartfree.online\/wp-content\/uploads\/2024\/08\/WX20240803-154751%402x.jpg?resize=18%2C12&amp;ssl=1 18w, https:\/\/i0.wp.com\/aiartfree.online\/wp-content\/uploads\/2024\/08\/WX20240803-154751%402x.jpg?resize=600%2C425&amp;ssl=1 600w, https:\/\/i0.wp.com\/aiartfree.online\/wp-content\/uploads\/2024\/08\/WX20240803-154751%402x.jpg?w=2046&amp;ssl=1 2046w\" sizes=\"auto, (max-width: 1024px) 100vw, 1024px\" \/><\/figure>\n\n\n\n<h2 class=\"wp-block-heading\">Flux AI Image Generatorin k\u00e4ytt\u00f6<\/h2>\n\n\n\n<ol class=\"wp-block-list\">\n<li class=\"\">Sy\u00f6t\u00e4 kehote<\/li>\n\n\n\n<li class=\"\">Klikkaa \"L\u00e4het\u00e4\"<\/li>\n\n\n\n<li class=\"\">Hetkinen, siin\u00e4 se on!<\/li>\n<\/ol>\n\n\n\n<p class=\"\">* Selaa alasp\u00e4in ja katso alla olevat esimerkit, jos sinulla ei ole mit\u00e4\u00e4n ajatuksia mieless\u00e4si.<\/p>\n\n\n\n<p class=\"\"><em>* Jos k\u00e4yt\u00e4t t\u00e4t\u00e4 mallia intensiivisesti lyhyen ajanjakson aikana, se voi aiheuttaa GPU-resurssipulaa. Odota muutama minuutti ennen k\u00e4yt\u00f6n jatkamista.<\/em><br>* Se voi palauttaa virheen, jos kyseess\u00e4 on k\u00e4ytt\u00f6piikki.&nbsp;<em>Odota muutama minuutti, ennen kuin jatkat k\u00e4ytt\u00f6\u00e4.<\/em><\/p>\n\n\n\n<p class=\"\"><em>* Internetin nopeudesta riippuen mallin lataaminen voi kest\u00e4\u00e4...&nbsp;<\/em>enint\u00e4\u00e4n 10 sekuntia \u2193<\/p>\n\n\n\n<div class=\"iframe-wrapper\" style=\"position: relative; width: 100%; height: 700px;\">\n  <div class=\"loading\" style=\"position: absolute; top: 50px; left: 50%; transform: translate(-50%, -50%); width: 40px; height: 40px; border: 3px solid #f0f0f0; border-top: 3px solid #db7093; border-radius: 50%; animation: spin 1s linear infinite;\"><\/div>\n  <iframe loading=\"lazy\" src=\"https:\/\/rooc-flux-1-dev.hf.space\" frameborder=\"0\" width=\"100%\" height=\"100%\" style=\"position: absolute; top: 0; left: 0; opacity: 0; transition: opacity 0.3s;\" onload=\"this.style.opacity=1;this.previousElementSibling.style.display='none';\"><\/iframe>\n<\/div>\n\n<style>\n@keyframes spin {\n  0% { transform: translate(-50%, -50%) rotate(0deg); }\n  100% { transform: translate(-50%, -50%) rotate(360deg); }\n}\n<\/style>\n\n\n\n<h2 class=\"wp-block-heading\" id=\"maodian\">Prompt Examples of Flux.1<\/h2>\n\n\n\n<p class=\"\">Kopioi ja liit\u00e4 samalla tavalla!<\/p>\n\n\n\n<ol style=\"font-size:15px\" class=\"wp-block-list\">\n<li class=\"\">portaali myyttiseen mets\u00e4\u00e4n pienen sotkuisen makuuhuoneeni sein\u00e4ll\u00e4...<\/li>\n\n\n\n<li class=\"\">yksityiskohtainen elokuvamainen dof render\u00f6inti vanhasta p\u00f6lyisest\u00e4 yksityiskohtaisesta CRT-monitorista puisella p\u00f6yd\u00e4ll\u00e4 h\u00e4m\u00e4r\u00e4ss\u00e4 huoneessa, jossa on esineit\u00e4 ymp\u00e4rill\u00e4, sotkuinen likainen huone. N\u00e4yt\u00f6ll\u00e4 on pehme\u00e4sti hehkuvat kirjaimet \"FLUX\". Kovien pintojen yksityiskohtainen render\u00f6inti<\/li>\n\n\n\n<li class=\"\">vedenalainen kohtaus, jossa kaksi p\u00f6ll\u00f6\u00e4 istuu hienossa ruokap\u00f6yd\u00e4ss\u00e4, jonka keskell\u00e4 on sytytetty kynttil\u00e4, ja p\u00f6ll\u00f6t nauttivat ihanaa illallista yhdess\u00e4. Vasemmalla p\u00f6ll\u00f6ll\u00e4 on p\u00e4\u00e4ll\u00e4\u00e4n smokki, oikealla p\u00f6ll\u00f6ll\u00e4 on p\u00e4\u00e4ll\u00e4\u00e4n kaunis mekko. Taustalla kulkee sukellusvene, jonka kylkeen on maalattu teksti \"What a Hoot\". Kuvan alareunassa p\u00f6yd\u00e4n alla uiskentelee pieni\u00e4 meduusoja, elokuvamaisen kaunis digitaalinen taideteos.<\/li>\n\n\n\n<li class=\"\">Kone tuottaa loputtomasti polaroidikuvia ja puhaltaa ne ilmaan. Realistinen National geographic -kuva<\/li>\n\n\n\n<li class=\"\">Typografia, futuristinen hieno laserit j\u00e4ljitys, futuristinen Japani maaseudun luonto matkailu ja keramiikka, Steven Meisel, kaws, rolf armstrong, mondrian, Kandinsky, t\u00e4ydellinen geometria abstrakti akryyli, oktaanin hyperrealismi fotorealistinen airbrush kollaasi maalaus, tumma yksiv\u00e4rinen, fluoresoivia v\u00e4rej\u00e4, minimalistinen s\u00e4\u00e4nt\u00f6 kolmanneksen, 80-luvun eros<\/li>\n\n\n\n<li class=\"\">vanha piano olohuoneessani<\/li>\n\n\n\n<li class=\"\">Valokuva ladosta pellolla<\/li>\n\n\n\n<li class=\"\">kaunis anime-taideteos, s\u00f6p\u00f6 anime-kissatytt\u00f6, joka n\u00e4ytt\u00e4\u00e4 masentuneelta ja pit\u00e4\u00e4 paperia, johon on piirretty hymy suunsa p\u00e4\u00e4lle, h\u00e4n on itkem\u00e4ss\u00e4.<\/li>\n\n\n\n<li class=\"\">kaunis anime-taideteos, s\u00f6p\u00f6 anime-tyt\u00f6n siluetti, kaksoisvalotus, irisoiva t\u00e4htisumu galaksi, musta tausta, eteerinen hehku, bloom, hdr<\/li>\n\n\n\n<li class=\"\">abstrakti kromi 80-luvun scifi automaatti hajime sorayama airbrush strage objekti, yksitt\u00e4inen verital linja, generatiivinen taide, p5js, dithering<\/li>\n\n\n\n<li class=\"\">valokuva kauniista kahvilasta Freiburgissa<\/li>\n\n\n\n<li class=\"\">hullu tiedemies rakentaa massiivisen valtavan uskomattoman jonon, joka ulottuu toimiston ty\u00f6p\u00f6yd\u00e4lt\u00e4 aina avaruuteen asti, jossa se koskettaa kuuta.<\/li>\n\n\n\n<li class=\"\">elokuvamainen kuva kolmen naisen ryhm\u00e4st\u00e4 kadulla keskustassa, he pit\u00e4v\u00e4t k\u00e4si\u00e4\u00e4n kameraan p\u00e4in<\/li>\n\n\n\n<li class=\"\">Rehev\u00e4n viidakon syd\u00e4mess\u00e4 sijaitseva piilotettu cenote kutsuu kristallinkirkkailla turkooseilla vesill\u00e4\u00e4n. V\u00e4rikk\u00e4\u00e4t smaragdinvihre\u00e4t k\u00f6ynn\u00f6kset putoilevat alas kalkkikiviseini\u00e4 pitkin, ja niiden k\u00f6ynn\u00f6kset h\u00e4din tuskin suutelevat veden pintaa. Kultaisen auringonvalon s\u00e4teet tunkeutuvat yl\u00e4puolella olevasta luonnollisesta kattoikkunasta ja luovat luolan seiniin mystisen valon ja varjon leikin. Irisoivat perhoset lentelev\u00e4t kallioihin kiinnittyneiden eksoottisten orkideoiden v\u00e4liss\u00e4. Osittain veden alla oleva mayojen raunio, jonka monimutkaiset kaiverrukset ovat ajan my\u00f6t\u00e4 pehmenneet, seisoo hiljaisena vartijana veden \u00e4\u00e4rell\u00e4. Pikkuruiset hopeakalakannat sinkoilevat kristallinkirkkaissa syvyyksiss\u00e4, ja niiden suomut kimaltelevat kuin vedenalaiset t\u00e4hdet. Cenoten toisessa p\u00e4\u00e4ss\u00e4 pieni vesiputous putoaa melodisesti altaaseen, ja sen sumu luo hetkellisi\u00e4 sateenkaaria h\u00e4m\u00e4r\u00e4ss\u00e4 valossa.<\/li>\n\n\n\n<li class=\"\">pieni astronautti kuoriutuu munasta kuussa...<\/li>\n\n\n\n<li class=\"\">vanha mies silm\u00e4lasien kanssa muotokuva, valokuva, 50mm, f1.4, luonnonvalo, Path\u00e9chrome<\/li>\n\n\n\n<li class=\"\">kaunis anime taideteos, s\u00f6p\u00f6 anime tytt\u00f6 seisoo yksin y\u00f6n pimeydess\u00e4 yll\u00e4\u00e4n ylisuuri musta sadetakki ja pieni laukku. h\u00e4nell\u00e4 on musta sateenvarjo, sateenvarjo on moniv\u00e4rinen LED piilotettu sis\u00e4lle, jotka loistavat alasp\u00e4in h\u00e4nen p\u00e4\u00e4lleen, pienet ruusun ter\u00e4lehdet lepattavat ilmassa h\u00e4nen ymp\u00e4rill\u00e4\u00e4n, anime screencap tyyli, punaiset silm\u00e4t, keskikokoiset hiukset<\/li>\n\n\n\n<li class=\"\">elokuvamainen eeppinen taideteos \u00e4\u00e4rett\u00f6m\u00e4st\u00e4 galaktisesta ostoskeskuksesta<\/li>\n\n\n\n<li class=\"\">abstrakti kromi 80-luvun scifi automaatti, airbrush<\/li>\n\n\n\n<li class=\"\">paksu pilkullinen \u00f6ljymaalaus siveltimenvedoilla suuresta valaasta, joka kelluu varovasti y\u00f6taivaalla korkealla kaupungin yl\u00e4puolella.<\/li>\n<\/ol>\n\n\n\n<div style=\"height:100px\" aria-hidden=\"true\" class=\"wp-block-spacer\"><\/div>\n\n\n\n<h2 class=\"wp-block-heading\">Flux AI Image Generator: N\u00e4kym\u00e4: Ultimate Guide: The Ultimate Guide<\/h2>\n\n\n\n<p class=\"\">Flux AI Image Generator on innovatiivinen avoimen l\u00e4hdekoodin tekstist\u00e4 kuvaan -malli, joka on suunniteltu luomaan korkealaatuisia kuvia tekstimuotoisista kuvauksista. T\u00e4m\u00e4 edistyksellinen teko\u00e4lyty\u00f6kalu on tunnettu joustavuudestaan ja sen tukemista erilaisista tulostustyyleist\u00e4.<\/p>\n\n\n\n<h3 class=\"wp-block-heading\">Johdanto<\/h3>\n\n\n\n<h4 class=\"wp-block-heading\">Mik\u00e4 on Flux AI Image Generator?<\/h4>\n\n\n\n<p class=\"\">Flux AI Image Generator on avoimen l\u00e4hdekoodin malli, joka on suunniteltu muuttamaan teksti\u00e4 kuviksi. T\u00e4m\u00e4 ty\u00f6kalu on eritt\u00e4in monipuolinen ja pystyy tuottamaan korkealaatuisia kuvia eri tyyleill\u00e4. Avoimen l\u00e4hdekoodin projektina se antaa k\u00e4ytt\u00e4jille mahdollisuuden muokata ja mukauttaa koodia omiin tarpeisiinsa, mik\u00e4 tekee siit\u00e4 tehokkaan resurssin niin kehitt\u00e4jille kuin taiteilijoillekin.<\/p>\n\n\n\n<h4 class=\"wp-block-heading\">Tausta ja kehitt\u00e4j\u00e4t<\/h4>\n\n\n\n<p class=\"\">Flux AI Image Generatorin on kehitt\u00e4nyt Black Forest Labs, joka on teko\u00e4lyalan johtava yritys, joka tunnetaan teko\u00e4lyn ja koneoppimisen edist\u00e4misest\u00e4. Flux AI Image Generatorin kehitt\u00e4minen liittyy l\u00e4heisesti muihin merkitt\u00e4viin hankkeisiin, kuten Stable Diffusioniin, mik\u00e4 lis\u00e4\u00e4 sen uskottavuutta ja valmiuksia entisest\u00e4\u00e4n.<\/p>\n\n\n\n<h3 class=\"wp-block-heading\">Ominaisuudet ja tekniset tiedot<\/h3>\n\n\n\n<h4 class=\"wp-block-heading\">Tekniset tiedot<\/h4>\n\n\n\n<p class=\"\">Flux-mallissa on vaikuttava 1,2 miljardia parametria, mik\u00e4 tekee siit\u00e4 vankan ty\u00f6kalun kuvien luomiseen. Se on saatavana kolmena versiona: Flux Dev, Flux Schnell ja Flux Pro, joista jokainen vastaa erilaisiin k\u00e4ytt\u00e4jien tarpeisiin ja suorituskykyvaatimuksiin.<\/p>\n\n\n\n<h4 class=\"wp-block-heading\">Ydinominaisuudet<\/h4>\n\n\n\n<ul class=\"wp-block-list\">\n<li class=\"\"><strong>Korkealaatuisen kuvan tuottaminen<\/strong>: Flux AI Image Generator on erinomainen tuottamaan yksityiskohtaisia ja esteettisesti miellytt\u00e4vi\u00e4 kuvia.<\/li>\n\n\n\n<li class=\"\"><strong>Tulostustyylien monipuolisuus<\/strong>: K\u00e4ytt\u00e4j\u00e4t voivat valita monista eri tyyleist\u00e4, mik\u00e4 takaa joustavuuden luovissa projekteissa.<\/li>\n\n\n\n<li class=\"\"><strong>Vertailu kilpailijoihin<\/strong>: Verrattuna muihin kuvageneraattoreihin, kuten Midjourney ja DALL-E 3, Flux tarjoaa ylivoimaisen joustavuuden ja laadun.<\/li>\n<\/ul>\n\n\n\n<h4 class=\"wp-block-heading\">Suorituskyky ja optimointi<\/h4>\n\n\n\n<ul class=\"wp-block-list\">\n<li class=\"\"><strong>Nopea kuvan luominen<\/strong>: Flux on optimoitu nopeuteen, ja se pystyy tuottamaan kuvia nopeasti laadusta tinkim\u00e4tt\u00e4.<\/li>\n\n\n\n<li class=\"\"><strong>Laitteiston yhteensopivuus<\/strong>: Se mukautuu hyvin erilaisiin laitteistoymp\u00e4rist\u00f6ihin ja varmistaa sujuvan toiminnan eri alustoilla.<\/li>\n\n\n\n<li class=\"\"><strong>Alustan integrointi<\/strong>: Flux voidaan integroida lukuisiin alustoihin, mik\u00e4 tekee siit\u00e4 monipuolisen ty\u00f6kalun kehitt\u00e4jille.<\/li>\n<\/ul>\n\n\n\n<h3 class=\"wp-block-heading\">Kuinka k\u00e4ytt\u00e4\u00e4 Flux AI Image Generatoria<\/h3>\n\n\n\n<h4 class=\"wp-block-heading\">Aloittaminen<\/h4>\n\n\n\n<ul class=\"wp-block-list\">\n<li class=\"\"><strong>Asennus ja konfigurointi<\/strong>: Flux AI Image Generatorin k\u00e4ytt\u00f6\u00f6notto sis\u00e4lt\u00e4\u00e4 suoraviivaisia asennus- ja konfigurointivaiheita.<\/li>\n\n\n\n<li class=\"\"><strong>Perusk\u00e4yt\u00f6n opetusohjelma<\/strong>: K\u00e4ytt\u00e4j\u00e4t voivat seurata yksinkertaisia opetusohjelmia aloittaakseen kuvien tuottamisen nopeasti.<\/li>\n<\/ul>\n\n\n\n<h4 class=\"wp-block-heading\">Lis\u00e4ominaisuudet<\/h4>\n\n\n\n<ul class=\"wp-block-list\">\n<li class=\"\"><strong>Edistyneet tekniikat<\/strong>: Kokeneemmille k\u00e4ytt\u00e4jille Flux tarjoaa kehittyneit\u00e4 toimintoja ja parhaita k\u00e4yt\u00e4nt\u00f6j\u00e4, joiden avulla sen potentiaali voidaan maksimoida.<\/li>\n\n\n\n<li class=\"\"><strong>Integrointi muiden ty\u00f6kalujen kanssa<\/strong>: Flux voidaan yhdist\u00e4\u00e4 muihin ty\u00f6kaluihin ja alustoihin, kuten ComfyUI:iin, sen ominaisuuksien parantamiseksi.<\/li>\n<\/ul>\n\n\n\n<h3 class=\"wp-block-heading\">K\u00e4yt\u00e4nn\u00f6n sovellukset<\/h3>\n\n\n\n<h4 class=\"wp-block-heading\">K\u00e4ytt\u00f6tapaukset<\/h4>\n\n\n\n<ul class=\"wp-block-list\">\n<li class=\"\"><strong>Suunnittelu ja mainonta<\/strong>: Fluxia k\u00e4ytet\u00e4\u00e4n laajalti suunnittelussa ja mainonnassa, ja se auttaa ammattilaisia luomaan upeita visuaalisia kuvia.<\/li>\n\n\n\n<li class=\"\"><strong>Taiteellinen luominen<\/strong>: Taiteilijat hy\u00f6dynt\u00e4v\u00e4t Fluxia saadakseen mielikuvitukselliset konseptinsa el\u00e4m\u00e4\u00e4n.<\/li>\n\n\n\n<li class=\"\"><strong>Menestystarinat<\/strong>: Monet k\u00e4ytt\u00e4j\u00e4t ovat jakaneet menestystarinoitaan, jotka osoittavat Flux AI Image Generatorin monipuoliset sovellukset.<\/li>\n<\/ul>\n\n\n\n<h4 class=\"wp-block-heading\">Yhteis\u00f6 ja tuki<\/h4>\n\n\n\n<ul class=\"wp-block-list\">\n<li class=\"\"><strong>K\u00e4ytt\u00e4j\u00e4yhteis\u00f6<\/strong>: Vilkas k\u00e4ytt\u00e4j\u00e4yhteis\u00f6 osallistuu Fluxin jatkuvaan kehitt\u00e4miseen ja tukemiseen.<\/li>\n\n\n\n<li class=\"\"><strong>Teknisen tuen resurssit<\/strong>: Laajat resurssit auttavat k\u00e4ytt\u00e4ji\u00e4 vianm\u00e4\u00e4rityksess\u00e4 ja ty\u00f6kalun k\u00e4yt\u00f6n optimoinnissa.<\/li>\n<\/ul>\n\n\n\n<h3 class=\"wp-block-heading\">Tuleva kehitys<\/h3>\n\n\n\n<h4 class=\"wp-block-heading\">P\u00e4ivitykset ja suunnitelmat<\/h4>\n\n\n\n<ul class=\"wp-block-list\">\n<li class=\"\"><strong>Uudet ominaisuudet<\/strong>: Fluxin tulevat versiot tuovat uusia toimintoja ja parannuksia.<\/li>\n\n\n\n<li class=\"\"><strong>Pitk\u00e4n aikav\u00e4lin visio<\/strong>: Kehitt\u00e4jill\u00e4 on selke\u00e4 etenemissuunnitelma ty\u00f6kalun pitk\u00e4n aikav\u00e4lin kehitt\u00e4mist\u00e4 varten.<\/li>\n<\/ul>\n\n\n\n<h4 class=\"wp-block-heading\">Ekosysteemin laajeneminen<\/h4>\n\n\n\n<ul class=\"wp-block-list\">\n<li class=\"\"><strong>Integrointi muiden teko\u00e4lyty\u00f6kalujen kanssa<\/strong>: Suunnitelmissa on integroida Flux muihin teko\u00e4lyty\u00f6kaluihin ja -alustoihin.<\/li>\n\n\n\n<li class=\"\"><strong>Mahdollinen yhteisty\u00f6<\/strong>: Mahdollisuuksia kaupallisiin sovelluksiin ja yhteisty\u00f6h\u00f6n tutkitaan parhaillaan.<\/li>\n<\/ul>\n\n\n\n<h3 class=\"wp-block-heading\">10 Flux AI Image Generatorin t\u00e4rkeimm\u00e4t ty\u00f6kalut ja resurssit<\/h3>\n\n\n\n<figure class=\"wp-block-table\"><table class=\"has-fixed-layout\"><thead><tr><th>Ty\u00f6kalu\/l\u00e4hde<\/th><th>Kuvaus<\/th><th>Edut<\/th><th>Haitat<\/th><\/tr><\/thead><tbody><tr><td><a href=\"https:\/\/flux-ai.online\/\" target=\"_blank\" data-type=\"link\" data-id=\"https:\/\/flux-ai.online\/\" rel=\"noreferrer noopener\">Flux AI-sivusto<\/a><\/td><td>Paras sivusto Flux AI:lle.<\/td><td>Kattavat resurssit.<\/td><td>Ei mit\u00e4\u00e4n.<\/td><\/tr><tr><td>Flux GitHub<\/td><td>Koodia ja p\u00e4ivityksi\u00e4 sis\u00e4lt\u00e4v\u00e4 arkisto.<\/td><td>P\u00e4\u00e4sy l\u00e4hdekoodiin.<\/td><td>Vaatii teknist\u00e4 osaamista.<\/td><\/tr><tr><td><a href=\"https:\/\/aiartfree.online\/fi\/flux-ai-kuvageneraattori-flux1\/\" target=\"_blank\" data-type=\"link\" data-id=\"https:\/\/aiartfree.online\/flux-ai-image-generator-flux1\" rel=\"noreferrer noopener\">AI Art Free<\/a><\/td><td>Helppok\u00e4ytt\u00f6inen k\u00e4ytt\u00f6liittym\u00e4 Flux AI:lle.<\/td><td>K\u00e4ytt\u00e4j\u00e4yst\u00e4v\u00e4llinen, rekister\u00f6itymist\u00e4 ei tarvita.<\/td><td>Rajoitetut lis\u00e4ominaisuudet.<\/td><\/tr><tr><td>ComfyUI<\/td><td>Integrointity\u00f6kalu Fluxille.<\/td><td>Parantaa toiminnallisuutta.<\/td><td>Monimutkainen asennus.<\/td><\/tr><tr><td>Vakaa diffuusio<\/td><td>Aiheeseen liittyv\u00e4 projekti kuvien tuottamista varten.<\/td><td>Laadukkaat tuotokset.<\/td><td>Vaatii tehokkaan laitteiston.<\/td><\/tr><tr><td>Flux opetusohjelmat<\/td><td>Vaiheittaiset oppaat ja opetusohjelmat.<\/td><td>Helppo oppia.<\/td><td>Ei aina ajan tasalla.<\/td><\/tr><tr><td>Purkakaa salaus<\/td><td>Uutisia ja p\u00e4ivityksi\u00e4 teko\u00e4lyteknologioista.<\/td><td>Ajantasaiset tiedot.<\/td><td>Vaihtelee syvyydelt\u00e4\u00e4n.<\/td><\/tr><tr><td>AI News<\/td><td>Viimeisimm\u00e4t uutiset teko\u00e4lyn kehityksest\u00e4.<\/td><td>Laaja kattavuus.<\/td><td>Yleiset tiedot.<\/td><\/tr><tr><td>Tech Crunch<\/td><td>Teknologiauutisia ja -p\u00e4ivityksi\u00e4.<\/td><td>Syv\u00e4lliset artikkelit.<\/td><td>Voi olla tekninen.<\/td><\/tr><tr><td>AI Weekly<\/td><td>Viikoittaisia p\u00e4ivityksi\u00e4 teko\u00e4lyn kehityksest\u00e4.<\/td><td>S\u00e4\u00e4nn\u00f6lliset p\u00e4ivitykset.<\/td><td>T\u00e4ysi k\u00e4ytt\u00f6oikeus edellytt\u00e4\u00e4 tilausta.<\/td><\/tr><\/tbody><\/table><\/figure>\n\n\n\n<h3 class=\"wp-block-heading\">10 usein kysytty\u00e4 kysymyst\u00e4 Flux AI Image Generatorista<\/h3>\n\n\n\n<ol class=\"wp-block-list\">\n<li class=\"\"><strong>Mik\u00e4 on Flux AI Image Generator?<\/strong>\n<ul class=\"wp-block-list\">\n<li class=\"\">Flux AI Image Generator on Black Forest Labsin kehitt\u00e4m\u00e4 avoimen l\u00e4hdekoodin teksti-kuvamalli.<\/li>\n<\/ul>\n<\/li>\n\n\n\n<li class=\"\"><strong>Miten asennan Flux AI Image Generatorin?<\/strong>\n<ul class=\"wp-block-list\">\n<li class=\"\">Asennusoppaat ovat saatavilla virallisessa GitHub-arkistossa.<\/li>\n<\/ul>\n<\/li>\n\n\n\n<li class=\"\"><strong>Mitk\u00e4 ovat Fluxin eri versiot?<\/strong>\n<ul class=\"wp-block-list\">\n<li class=\"\">Flux Dev, Flux Schnell ja Flux Pro.<\/li>\n<\/ul>\n<\/li>\n\n\n\n<li class=\"\"><strong>Voinko k\u00e4ytt\u00e4\u00e4 Fluxia kaupallisissa projekteissa?<\/strong>\n<ul class=\"wp-block-list\">\n<li class=\"\">Kyll\u00e4, Fluxia voidaan k\u00e4ytt\u00e4\u00e4 kaupallisiin tarkoituksiin.<\/li>\n<\/ul>\n<\/li>\n\n\n\n<li class=\"\"><strong>Mit\u00e4 laitteistoa Flux vaatii?<\/strong>\n<ul class=\"wp-block-list\">\n<li class=\"\">Flux on yhteensopiva eri laitteistokokoonpanojen kanssa, mutta optimaalisen suorituskyvyn saavuttamiseksi suositellaan tehokkaita n\u00e4yt\u00f6nohjaimia.<\/li>\n<\/ul>\n<\/li>\n\n\n\n<li class=\"\"><strong>Miten Flux vertautuu muihin kuvageneraattoreihin?<\/strong>\n<ul class=\"wp-block-list\">\n<li class=\"\">Flux tarjoaa ylivoimaista joustavuutta ja laatua verrattuna kilpailijoihin, kuten Midjourney ja DALL-E 3.<\/li>\n<\/ul>\n<\/li>\n\n\n\n<li class=\"\"><strong>Mist\u00e4 l\u00f6yd\u00e4n Fluxin opetusohjelmia?<\/strong>\n<ul class=\"wp-block-list\">\n<li class=\"\">Ohjeita on saatavilla virallisella Flux AI Tutorials -sivustolla.<\/li>\n<\/ul>\n<\/li>\n\n\n\n<li class=\"\"><strong>Millaista tukea Fluxin k\u00e4ytt\u00e4j\u00e4t saavat?<\/strong>\n<ul class=\"wp-block-list\">\n<li class=\"\">K\u00e4ytett\u00e4viss\u00e4 on k\u00e4ytt\u00e4j\u00e4yhteis\u00f6 ja teknisen tuen resursseja.<\/li>\n<\/ul>\n<\/li>\n\n\n\n<li class=\"\"><strong>Miten voin osallistua Flux-projektiin?<\/strong>\n<ul class=\"wp-block-list\">\n<li class=\"\">Osallistuminen voi tapahtua GitHub-tietovaraston kautta.<\/li>\n<\/ul>\n<\/li>\n\n\n\n<li class=\"\"><strong>Mitk\u00e4 ovat Fluxin tulevaisuuden suunnitelmat?<\/strong>\n<ul class=\"wp-block-list\">\n<li class=\"\">Kehitt\u00e4j\u00e4t ovat hahmotelleet uusien ominaisuuksien ja ekosysteemin laajennusten etenemissuunnitelman.<\/li>\n<\/ul>\n<\/li>\n<\/ol>\n\n\n\n<h3 class=\"wp-block-heading\">P\u00e4\u00e4telm\u00e4<\/h3>\n\n\n\n<h4 class=\"wp-block-heading\">Keskeiset edut<\/h4>\n\n\n\n<p class=\"\">Flux AI Image Generator erottuu edukseen laadukkaan kuvantuotannon, monipuolisen tulostustyylin ja vankan suorituskyvyn ansiosta. Se on johtava ty\u00f6kalu teko\u00e4lykuvien tuottamisen alalla ja tarjoaa ainutlaatuisia etuja kilpailijoihinsa verrattuna.<\/p>\n\n\n\n<h4 class=\"wp-block-heading\">Aloittaminen<\/h4>\n\n\n\n<p class=\"\">Jos haluat aloittaa Fluxin k\u00e4yt\u00f6n, seuraa asennusohjeita ja tutustu saatavilla oleviin opetusohjelmiin. Flux AI Image Generator sopii sek\u00e4 aloittelijoille ett\u00e4 edistyneille k\u00e4ytt\u00e4jille, mik\u00e4 tekee siit\u00e4 monipuolisen ty\u00f6kalun erilaisiin sovelluksiin.<\/p>\n\n\n\n<p class=\"\">Lis\u00e4tietoja ja resursseja l\u00f6yd\u00e4t osoitteesta <a href=\"https:\/\/blackforestlabs.ai\/\" target=\"_blank\" rel=\"noopener\">viralliset Flux-verkkosivut<\/a> ja <a href=\"https:\/\/github.com\/black-forest-labs\/flux\" target=\"_blank\" rel=\"noopener\">GitHub-arkisto<\/a>.<\/p>","protected":false},"excerpt":{"rendered":"<p>Gallery of Flux.1 How to use the Flux AI Image Generator * Scroll down to check our Prompt Examples below if you don\u2019t have any thoughts in your mind * If you use this model intensively over a short period, it may cause GPU resource shortages. Please wait a few minutes before resuming use.* It &#8230; <a title=\"Flux AI Image Generator | Powered by Flux.1\" class=\"read-more\" href=\"https:\/\/aiartfree.online\/fi\/flux-ai-kuvageneraattori-flux1\/\" aria-label=\"Lue lis\u00e4\u00e4 aiheesta Flux AI Image Generator | Powered by Flux.1\">Lue lis\u00e4\u00e4<\/a><\/p>","protected":false},"author":1,"featured_media":3559,"parent":0,"menu_order":0,"comment_status":"closed","ping_status":"closed","template":"","meta":{"nf_dc_page":"","footnotes":""},"class_list":["post-3558","page","type-page","status-publish","has-post-thumbnail"],"jetpack_sharing_enabled":true,"_links":{"self":[{"href":"https:\/\/aiartfree.online\/fi\/wp-json\/wp\/v2\/pages\/3558","targetHints":{"allow":["GET"]}}],"collection":[{"href":"https:\/\/aiartfree.online\/fi\/wp-json\/wp\/v2\/pages"}],"about":[{"href":"https:\/\/aiartfree.online\/fi\/wp-json\/wp\/v2\/types\/page"}],"author":[{"embeddable":true,"href":"https:\/\/aiartfree.online\/fi\/wp-json\/wp\/v2\/users\/1"}],"replies":[{"embeddable":true,"href":"https:\/\/aiartfree.online\/fi\/wp-json\/wp\/v2\/comments?post=3558"}],"version-history":[{"count":0,"href":"https:\/\/aiartfree.online\/fi\/wp-json\/wp\/v2\/pages\/3558\/revisions"}],"wp:featuredmedia":[{"embeddable":true,"href":"https:\/\/aiartfree.online\/fi\/wp-json\/wp\/v2\/media\/3559"}],"wp:attachment":[{"href":"https:\/\/aiartfree.online\/fi\/wp-json\/wp\/v2\/media?parent=3558"}],"curies":[{"name":"wp","href":"https:\/\/api.w.org\/{rel}","templated":true}]}}