{"id":3445,"date":"2024-08-01T18:39:36","date_gmt":"2024-08-01T18:39:36","guid":{"rendered":"https:\/\/aiartfree.online\/?page_id=3445"},"modified":"2025-03-07T08:17:45","modified_gmt":"2025-03-07T08:17:45","slug":"unblur-image","status":"publish","type":"page","link":"https:\/\/aiartfree.online\/fi\/kuvan-epatarkkuuden-poistaminen\/","title":{"rendered":"Unblur kuva"},"content":{"rendered":"<h2 class=\"wp-block-heading has-text-align-center\" id=\"before-vs-after\">Ennen vs. j\u00e4lkeen<\/h2>\n\n\n\n<figure class=\"gb-block-image gb-block-image-1822da1f\"><img data-recalc-dims=\"1\" decoding=\"async\" loading=\"lazy\" width=\"1200\" height=\"704\" class=\"gb-image gb-image-1822da1f\" src=\"https:\/\/i0.wp.com\/aiartfree.online\/wp-content\/uploads\/2024\/08\/WX20240801-215741%402x-scaled.webp?resize=1200%2C704&#038;ssl=1\" alt=\"Poista kuvan ep\u00e4tarkkuus verkossa teko\u00e4lyty\u00f6kalullamme. 100% ilmainen, ei rekister\u00f6inti\u00e4 ja rajoittamaton k\u00e4ytt\u00f6. Paranna kuvanlaatua, poista ep\u00e4tarkkuus ja korjaa ep\u00e4tarkat kuvat rakkaudesta.\" title=\"WX20240801-215741@2x\" srcset=\"https:\/\/i0.wp.com\/aiartfree.online\/wp-content\/uploads\/2024\/08\/WX20240801-215741%402x-scaled.webp?w=2560&amp;ssl=1 2560w, https:\/\/i0.wp.com\/aiartfree.online\/wp-content\/uploads\/2024\/08\/WX20240801-215741%402x-scaled.webp?resize=300%2C176&amp;ssl=1 300w, https:\/\/i0.wp.com\/aiartfree.online\/wp-content\/uploads\/2024\/08\/WX20240801-215741%402x-scaled.webp?resize=1024%2C601&amp;ssl=1 1024w, https:\/\/i0.wp.com\/aiartfree.online\/wp-content\/uploads\/2024\/08\/WX20240801-215741%402x-scaled.webp?resize=768%2C451&amp;ssl=1 768w, https:\/\/i0.wp.com\/aiartfree.online\/wp-content\/uploads\/2024\/08\/WX20240801-215741%402x-scaled.webp?resize=1536%2C901&amp;ssl=1 1536w, https:\/\/i0.wp.com\/aiartfree.online\/wp-content\/uploads\/2024\/08\/WX20240801-215741%402x-scaled.webp?resize=2048%2C1202&amp;ssl=1 2048w, https:\/\/i0.wp.com\/aiartfree.online\/wp-content\/uploads\/2024\/08\/WX20240801-215741%402x-scaled.webp?resize=18%2C12&amp;ssl=1 18w, https:\/\/i0.wp.com\/aiartfree.online\/wp-content\/uploads\/2024\/08\/WX20240801-215741%402x-scaled.webp?resize=600%2C352&amp;ssl=1 600w, https:\/\/i0.wp.com\/aiartfree.online\/wp-content\/uploads\/2024\/08\/WX20240801-215741%402x-scaled.webp?w=2400&amp;ssl=1 2400w\" sizes=\"auto, (max-width: 1200px) 100vw, 1200px\" \/><\/figure>\n\n\n\n<h2 class=\"wp-block-heading\" id=\"how-to-use-the-unblur-image\">Miten Unblur Image -ohjelmaa k\u00e4ytet\u00e4\u00e4n<\/h2>\n\n\n\n<ol class=\"wp-block-list\">\n<li class=\"\">Lataa kuva<\/li>\n\n\n\n<li class=\"\">Klikkaa \"L\u00e4het\u00e4\"<\/li>\n\n\n\n<li class=\"\">Hetkinen, siin\u00e4 se on!<\/li>\n<\/ol>\n\n\n\n<a class=\"gb-button gb-button-113f8659 gb-button-text\" href=\"https:\/\/www.basedlabs.ai\/apps\/ai-image-upscaler?via=rocnubi\" target=\"_blank\" rel=\"noopener noreferrer\">Try Latest Upscaler AI Now <\/a>\n\n\n\n<p class=\"\"><em>* Internetin nopeudesta riippuen mallin lataaminen voi kest\u00e4\u00e4... <\/em>enint\u00e4\u00e4n 10 sekuntia \u2193<\/p>\n\n\n\n<div class=\"iframe-wrapper\" style=\"position: relative; width: 100%; height: 1700px;\">\n  <div class=\"loading\" style=\"position: absolute; top: 50px; left: 50%; transform: translate(-50%, -50%); width: 40px; height: 40px; border: 3px solid #f0f0f0; border-top: 3px solid #db7093; border-radius: 50%; animation: spin 1s linear infinite;\"><\/div>\n  <iframe loading=\"lazy\" src=\"https:\/\/algoworks-image-face-upscale-restoration-gfpgan-pub.hf.space\" frameborder=\"0\" width=\"100%\" height=\"100%\" style=\"position: absolute; top: 0; left: 0; opacity: 0; transition: opacity 0.3s;\" onload=\"this.style.opacity=1;this.previousElementSibling.style.display='none';\"><\/iframe>\n<\/div>\n\n<style>\n@keyframes spin {\n  0% { transform: translate(-50%, -50%) rotate(0deg); }\n  100% { transform: translate(-50%, -50%) rotate(360deg); }\n}\n<\/style>\n\n\n\n<div style=\"height:60px\" aria-hidden=\"true\" class=\"wp-block-spacer\"><\/div>\n\n\n\n<h2 class=\"wp-block-heading\" id=\"unblur-image-the-ultimate-guide-to-ai-powered-photo-blur-removal\">Unblur Image: Sameuden poisto: Ultimate Guide to AI-Powered Photo Blur Removal: The Ultimate Guide to AI-Powered Photo Blur Removal<\/h2>\n\n\n\n<div class=\"wp-block-rank-math-toc-block\" id=\"rank-math-toc\"><h3>Sis\u00e4llysluettelo<\/h3><nav><ul><li><a href=\"#outline\">Luonnos<\/a><\/li><li><a href=\"#what-is-unblur-image\">Mik\u00e4 on Unblur Image?<\/a><\/li><li><a href=\"#why-use-unblur-image\">Miksi k\u00e4ytt\u00e4\u00e4 Unblur Imagea?<\/a><\/li><li><a href=\"#main-features-of-unblur-image\">Unblur-kuvan t\u00e4rkeimm\u00e4t ominaisuudet<\/a><ul><li><a href=\"#ai-powered-unblur-tool\">Teko\u00e4lyk\u00e4ytt\u00f6inen Unblur-ty\u00f6kalu<\/a><\/li><li><a href=\"#photo-sharpener\">Valokuva teroitin<\/a><\/li><li><a href=\"#remove-motion-blur\">Poista liikkeen ep\u00e4tarkkuus<\/a><\/li><li><a href=\"#unblur-text\">Unblur-teksti<\/a><\/li><li><a href=\"#online-accessibility\">Saavutettavuus verkossa<\/a><\/li><\/ul><\/li><li><a href=\"#target-audience-and-uses\">Kohderyhm\u00e4 ja k\u00e4ytt\u00f6tarkoitukset<\/a><\/li><li><a href=\"#industry-applications-and-uses\">Teollisuuden sovellukset ja k\u00e4ytt\u00f6tarkoitukset<\/a><\/li><li><a href=\"#how-to-use-unblur-image\">Kuinka k\u00e4ytt\u00e4\u00e4 Unblur Image -ohjelmaa<\/a><\/li><li><a href=\"#unblur-image-usage-cases\">Unblur-kuvan k\u00e4ytt\u00f6tapaukset<\/a><ul><li><a href=\"#enhance-portraits\">Paranna muotokuvia<\/a><\/li><li><a href=\"#restore-old-photos\">Vanhojen valokuvien palauttaminen<\/a><\/li><li><a href=\"#improve-product-photos\">Paranna tuotekuvia<\/a><\/li><li><a href=\"#fix-blurry-text\">Korjaa ep\u00e4tarkka teksti<\/a><\/li><li><a href=\"#correct-camera-shake\">Kameran t\u00e4r\u00e4htelyn korjaaminen<\/a><\/li><\/ul><\/li><li><a href=\"#comparison-table-of-unblur-image-tools\">Unblur-kuvaty\u00f6kalujen vertailutaulukko<\/a><\/li><li><a href=\"#advantages-disadvantages-and-challenges-of-the-industry\">Alan edut, haitat ja haasteet<\/a><ul><li><a href=\"#advantages\">Edut<\/a><\/li><li><a href=\"#disadvantages\">Haitat<\/a><\/li><li><a href=\"#challenges\">Haasteet<\/a><\/li><\/ul><\/li><li><a href=\"#frequently-asked-questions\">Usein kysytyt kysymykset<\/a><\/li><li><a href=\"#summary\">Yhteenveto<\/a><\/li><\/ul><\/nav><\/div>\n\n\n\n<h3 class=\"wp-block-heading\" id=\"outline\">Luonnos<\/h3>\n\n\n\n<p class=\"\">T\u00e4ss\u00e4 kattavassa oppaassa tutustumme kuvan ep\u00e4tarkkuuden poiston maailmaan, sen etuihin, toimintoihin, kohderyhm\u00e4\u00e4n ja k\u00e4yt\u00e4nn\u00f6n k\u00e4ytt\u00f6tarkoituksiin. Tarjoamme my\u00f6s vaiheittaisia ohjeita, k\u00e4ytt\u00f6tapauksia ja vertailutaulukon parhaista saatavilla olevista ty\u00f6kaluista. Lopuksi k\u00e4sittelemme usein kysyttyj\u00e4 kysymyksi\u00e4 ja tarjoamme yhteenvedon t\u00e4rkeimmist\u00e4 eduista ja kehotuksen toimintaan.<\/p>\n\n\n\n<h3 class=\"wp-block-heading\" id=\"what-is-unblur-image\">Mik\u00e4 on Unblur Image?<\/h3>\n\n\n\n<p class=\"\">Unblur Image tarkoittaa prosessia, jossa k\u00e4ytet\u00e4\u00e4n teko\u00e4lyyn perustuvia ty\u00f6kaluja ep\u00e4tarkkuuden poistamiseen ja kuvien ter\u00e4vyyden parantamiseen. Olipa syyn\u00e4 sitten kameran t\u00e4rin\u00e4, liikkeen ep\u00e4tarkkuus tai huono tarkennus, n\u00e4m\u00e4 ty\u00f6kalut voivat palauttaa kuvanlaadun ja tehd\u00e4 ep\u00e4tarkoista kuvista taas selkeit\u00e4.<\/p>\n\n\n\n<h3 class=\"wp-block-heading\" id=\"why-use-unblur-image\">Miksi k\u00e4ytt\u00e4\u00e4 Unblur Imagea?<\/h3>\n\n\n\n<p class=\"\">Sameudenpoistoty\u00f6kalun k\u00e4ytt\u00e4minen tarjoaa useita etuja:<\/p>\n\n\n\n<ul class=\"wp-block-list\">\n<li class=\"\"><strong>Parantaa kuvanlaatua:<\/strong> Paranna valokuvien selkeytt\u00e4 ja yksityiskohtia.<\/li>\n\n\n\n<li class=\"\"><strong>Vanhojen valokuvien palauttaminen:<\/strong> Tuo uutta el\u00e4m\u00e4\u00e4 vanhoihin, ep\u00e4tarkkoihin kuviin.<\/li>\n\n\n\n<li class=\"\"><strong>Ammatilliset tulokset:<\/strong> Saavutat laadukkaita tuloksia ilman edistynytt\u00e4 kuvank\u00e4sittelytaitoa.<\/li>\n\n\n\n<li class=\"\"><strong>Mukavuus:<\/strong> Poista kuvien ep\u00e4tarkkuus helposti verkossa ilman ohjelmiston lataamista.<\/li>\n\n\n\n<li class=\"\"><strong>Tehokkuus:<\/strong> Korjaa sumeat kuvat nopeasti muutamalla napsautuksella.<\/li>\n<\/ul>\n\n\n\n<p class=\"\">Ihmiset etsiv\u00e4t usein ratkaisuja ep\u00e4tarkan kuvan selkeytt\u00e4miseen, ep\u00e4tarkkojen kuvien korjaamiseen ja ep\u00e4tarkkuuden poistamiseen kuvista. N\u00e4m\u00e4 ty\u00f6kalut tarjoavat vastauksia n\u00e4ihin yleisiin ongelmiin.<\/p>\n\n\n\n<h3 class=\"wp-block-heading\" id=\"main-features-of-unblur-image\">Unblur-kuvan t\u00e4rkeimm\u00e4t ominaisuudet<\/h3>\n\n\n\n<h4 class=\"wp-block-heading\" id=\"ai-powered-unblur-tool\">Teko\u00e4lyk\u00e4ytt\u00f6inen Unblur-ty\u00f6kalu<\/h4>\n\n\n\n<p class=\"\">Hy\u00f6dynn\u00e4 teko\u00e4lyn voimaa ep\u00e4tarkan ep\u00e4tarkkuuden poistamiseen ja kuvan yksityiskohtien parantamiseen.<\/p>\n\n\n\n<h4 class=\"wp-block-heading\" id=\"photo-sharpener\">Valokuva teroitin<\/h4>\n\n\n\n<p class=\"\">Ter\u00e4v\u00f6itt\u00e4\u00e4 kuvia, jotta ep\u00e4tarkkuuden vuoksi kadonneet hienot yksityiskohdat voidaan palauttaa.<\/p>\n\n\n\n<h4 class=\"wp-block-heading\" id=\"remove-motion-blur\">Poista liikkeen ep\u00e4tarkkuus<\/h4>\n\n\n\n<p class=\"\">Kohdennat ja v\u00e4henn\u00e4t erityisesti kameran t\u00e4rin\u00e4n tai liikkeen aiheuttamaa liikesumua.<\/p>\n\n\n\n<h4 class=\"wp-block-heading\" id=\"unblur-text\">Unblur-teksti<\/h4>\n\n\n\n<p class=\"\">Parantaa kuvien ep\u00e4tarkan tekstin luettavuutta.<\/p>\n\n\n\n<h4 class=\"wp-block-heading\" id=\"online-accessibility\">Saavutettavuus verkossa<\/h4>\n\n\n\n<p class=\"\">Unblur-kuvat suoraan selaimestasi ilman rekister\u00f6itymist\u00e4, ja 100% tarjoaa ilmaisen ja rajoittamattoman p\u00e4\u00e4syn.<\/p>\n\n\n\n<h3 class=\"wp-block-heading\" id=\"target-audience-and-uses\">Kohderyhm\u00e4 ja k\u00e4ytt\u00f6tarkoitukset<\/h3>\n\n\n\n<p class=\"\">Unblur-kuvaty\u00f6kalujen kohderyhm\u00e4\u00e4n kuuluvat:<\/p>\n\n\n\n<ul class=\"wp-block-list\">\n<li class=\"\"><strong>Valokuvaajat:<\/strong> Paranna v\u00e4hemm\u00e4n ihanteellisissa olosuhteissa otettujen valokuvien laatua.<\/li>\n\n\n\n<li class=\"\"><strong>Graafiset suunnittelijat:<\/strong> Paranna kuvia k\u00e4ytett\u00e4v\u00e4ksi erilaisissa suunnitteluprojekteissa.<\/li>\n\n\n\n<li class=\"\"><strong>Sosiaalisen median k\u00e4ytt\u00e4j\u00e4t:<\/strong> Varmista, ett\u00e4 verkossa jaetut kuvat ovat selkeit\u00e4 ja laadukkaita.<\/li>\n\n\n\n<li class=\"\"><strong>Perheet:<\/strong> Palauta vanhat perhekuvat, jotka ovat ajan my\u00f6t\u00e4 muuttuneet ep\u00e4tarkoiksi.<\/li>\n\n\n\n<li class=\"\"><strong>Opiskelijat ja ammattilaiset:<\/strong> H\u00e4ivyt\u00e4 tekstin ep\u00e4tarkkuus kuvista, jotta se olisi paremmin luettavissa esityksiss\u00e4 ja asiakirjoissa.<\/li>\n<\/ul>\n\n\n\n<h3 class=\"wp-block-heading\" id=\"industry-applications-and-uses\">Teollisuuden sovellukset ja k\u00e4ytt\u00f6tarkoitukset<\/h3>\n\n\n\n<p class=\"\">Unblur-kuvaty\u00f6kaluja k\u00e4ytet\u00e4\u00e4n laajalti useilla teollisuudenaloilla, kuten:<\/p>\n\n\n\n<ul class=\"wp-block-list\">\n<li class=\"\"><strong>Valokuvaus:<\/strong> Paranna ammattimaisten valokuvien selkeytt\u00e4.<\/li>\n\n\n\n<li class=\"\"><strong>S\u00e4hk\u00f6inen kaupank\u00e4ynti:<\/strong> Paranna tuotekuvia asiakkaiden houkuttelemiseksi.<\/li>\n\n\n\n<li class=\"\"><strong>Media ja mainonta:<\/strong> Varmista laadukkaat kuvat markkinointimateriaaleissa.<\/li>\n\n\n\n<li class=\"\"><strong>Terveydenhuolto:<\/strong> Parantaa skannattujen asiakirjojen ja l\u00e4\u00e4ketieteellisten kuvien luettavuutta.<\/li>\n\n\n\n<li class=\"\"><strong>Koulutus:<\/strong> Parannetaan koulutusmateriaalien ja esitysten laatua.<\/li>\n<\/ul>\n\n\n\n<h3 class=\"wp-block-heading\" id=\"how-to-use-unblur-image\">Kuinka k\u00e4ytt\u00e4\u00e4 Unblur Image -ohjelmaa<\/h3>\n\n\n\n<p class=\"\">Noudata seuraavia ohjeita kuvan ep\u00e4tarkkuuden poistamiseksi suositellulla ty\u00f6kalulla:<\/p>\n\n\n\n<ol class=\"wp-block-list\">\n<li class=\"\"><strong>Avaa ty\u00f6kalu:<\/strong> Siirry osoitteeseen <a href=\"https:\/\/aiartfree.online\/fi\/kuvan-epatarkkuuden-poistaminen\/\">Unblur Image Tool -ty\u00f6kalu<\/a>.<\/li>\n\n\n\n<li class=\"\"><strong>Lataa kuva:<\/strong> Napsauta latauspainiketta ja valitse ep\u00e4tarkka kuva, jonka haluat korjata.<\/li>\n\n\n\n<li class=\"\"><strong>S\u00e4\u00e4d\u00e4 asetuksia:<\/strong> K\u00e4yt\u00e4 k\u00e4ytett\u00e4viss\u00e4 olevia asetuksia sumeuden poistoprosessin hienos\u00e4\u00e4t\u00f6\u00f6n.<\/li>\n\n\n\n<li class=\"\"><strong>K\u00e4yt\u00e4 muutoksia:<\/strong> K\u00e4sittele kuva napsauttamalla Unblur-painiketta.<\/li>\n\n\n\n<li class=\"\"><strong>Lataa tulos:<\/strong> Kun prosessi on valmis, lataa parannettu kuva.<\/li>\n<\/ol>\n\n\n\n<h3 class=\"wp-block-heading\" id=\"unblur-image-usage-cases\">Unblur-kuvan k\u00e4ytt\u00f6tapaukset<\/h3>\n\n\n\n<h4 class=\"wp-block-heading\" id=\"enhance-portraits\">Paranna muotokuvia<\/h4>\n\n\n\n<p class=\"\">H\u00e4ivyt\u00e4 muotokuvien ep\u00e4tarkkuus korostaaksesi kasvonpiirteit\u00e4 ja parantaaksesi kuvan yleist\u00e4 laatua.<\/p>\n\n\n\n<h4 class=\"wp-block-heading\" id=\"restore-old-photos\">Vanhojen valokuvien palauttaminen<\/h4>\n\n\n\n<p class=\"\">K\u00e4yt\u00e4 h\u00e4ivytysty\u00f6kaluja vanhojen, ep\u00e4tarkkojen perhekuvien selkeytt\u00e4miseen ja muistojen s\u00e4ilytt\u00e4miseen.<\/p>\n\n\n\n<h4 class=\"wp-block-heading\" id=\"improve-product-photos\">Paranna tuotekuvia<\/h4>\n\n\n\n<p class=\"\">Paranna verkkokauppasivustojen tuotekuvien laatua ja tee niist\u00e4 asiakkaille houkuttelevampia.<\/p>\n\n\n\n<h4 class=\"wp-block-heading\" id=\"fix-blurry-text\">Korjaa ep\u00e4tarkka teksti<\/h4>\n\n\n\n<p class=\"\">Unblur-teksti skannatuissa asiakirjoissa tai kuvissa parantaa luettavuutta.<\/p>\n\n\n\n<h4 class=\"wp-block-heading\" id=\"correct-camera-shake\">Kameran t\u00e4r\u00e4htelyn korjaaminen<\/h4>\n\n\n\n<p class=\"\">Poista kameran t\u00e4rin\u00e4n aiheuttama liikkeen ep\u00e4tarkkuus liikkeell\u00e4 otetuista valokuvista.<\/p>\n\n\n\n<h3 class=\"wp-block-heading\" id=\"comparison-table-of-unblur-image-tools\">Unblur-kuvaty\u00f6kalujen vertailutaulukko<\/h3>\n\n\n\n<figure class=\"wp-block-table\"><table class=\"has-fixed-layout\"><thead><tr><th>Ty\u00f6kalun nimi<\/th><th>Verkkosivuston URL-osoite<\/th><th>Edut<\/th><th>Haitat<\/th><\/tr><\/thead><tbody><tr><td>AI Art Free Unblur Image Tool -ty\u00f6kalu<\/td><td><a href=\"https:\/\/aiartfree.online\/fi\/kuvan-epatarkkuuden-poistaminen\/\">https:\/\/aiartfree.online\/Unblur-Image<\/a><\/td><td>100% Ilmainen, ei rekister\u00f6itymist\u00e4, rajoittamaton<\/td><td>Rajoitetut lis\u00e4ominaisuudet<\/td><\/tr><tr><td>Fotor<\/td><td>https:\/\/www.fotor.com<\/td><td>Helppok\u00e4ytt\u00f6inen, useita muokkausty\u00f6kaluja<\/td><td>Vaatii tilin t\u00e4ytt\u00e4 k\u00e4ytt\u00f6\u00e4 varten<\/td><\/tr><tr><td>Enhance.Pho.to<\/td><td>https:\/\/enhance.pho.to<\/td><td>Ilmainen, yksinkertainen k\u00e4ytt\u00f6liittym\u00e4<\/td><td>Rajoitetut ominaisuudet<\/td><\/tr><tr><td>LunaPic<\/td><td>https:\/\/www.lunapic.com<\/td><td>Ilmainen, Online-ty\u00f6kalu<\/td><td>Mainokset sivustolla<\/td><\/tr><tr><td>PineTools<\/td><td>https:\/\/www.pinetools.com<\/td><td>Ilmainen, Erilaisia ty\u00f6kaluja<\/td><td>Perusliittym\u00e4<\/td><\/tr><tr><td>Photopea<\/td><td>https:\/\/www.photopea.com<\/td><td>Tehokas, ilmainen<\/td><td>Voi olla monimutkainen aloittelijoille<\/td><\/tr><tr><td>Adobe Photoshop Express<\/td><td>https:\/\/www.photoshop.com\/tools<\/td><td>Luotettu tuotemerkki, korkealaatuiset tulokset<\/td><td>Rajoitettu ilmainen versio<\/td><\/tr><tr><td>Snapseed<\/td><td>https:\/\/snapseed.online<\/td><td>Mobiiliyst\u00e4v\u00e4llinen, helppok\u00e4ytt\u00f6inen<\/td><td>Vaatii lataamisen<\/td><\/tr><tr><td>GIMP<\/td><td>https:\/\/www.gimp.org<\/td><td>Ilmainen, avoin l\u00e4hdekoodi<\/td><td>Jyrkk\u00e4 oppimisk\u00e4yr\u00e4<\/td><\/tr><tr><td>VanceAI<\/td><td><a href=\"https:\/\/vanceai.com\" target=\"_blank\" rel=\"noopener\">https:\/\/vanceai.com<\/a><\/td><td>Teko\u00e4lyavusteiset, korkealaatuiset tulokset<\/td><td>Maksullinen tilaus vaaditaan<\/td><\/tr><\/tbody><\/table><\/figure>\n\n\n\n<h3 class=\"wp-block-heading\" id=\"advantages-disadvantages-and-challenges-of-the-industry\">Alan edut, haitat ja haasteet<\/h3>\n\n\n\n<h4 class=\"wp-block-heading\" id=\"advantages\">Edut<\/h4>\n\n\n\n<ul class=\"wp-block-list\">\n<li class=\"\"><strong>Saavutettavuus:<\/strong> Useimmat ty\u00f6kalut ovat saatavilla verkossa, joten ne ovat helposti saatavilla.<\/li>\n\n\n\n<li class=\"\"><strong>Kustannustehokas:<\/strong> Monet ty\u00f6kalut tarjoavat ilmaisia versioita, joissa on tehokkaita ominaisuuksia.<\/li>\n\n\n\n<li class=\"\"><strong>K\u00e4ytt\u00e4j\u00e4yst\u00e4v\u00e4llinen:<\/strong> Suunniteltu k\u00e4ytt\u00e4jille, joilla on eritasoinen asiantuntemus.<\/li>\n<\/ul>\n\n\n\n<h4 class=\"wp-block-heading\" id=\"disadvantages\">Haitat<\/h4>\n\n\n\n<ul class=\"wp-block-list\">\n<li class=\"\"><strong>Laatuvaihtelu:<\/strong> Tulokset voivat vaihdella k\u00e4ytetyst\u00e4 ty\u00f6kalusta riippuen.<\/li>\n\n\n\n<li class=\"\"><strong>Oppimisk\u00e4yr\u00e4:<\/strong> Joidenkin ty\u00f6kalujen oppiminen ja hallitseminen saattaa vaatia aikaa.<\/li>\n\n\n\n<li class=\"\"><strong>Tilausmaksut:<\/strong> Lis\u00e4ominaisuudet saattavat vaatia maksullisia tilauksia.<\/li>\n<\/ul>\n\n\n\n<h4 class=\"wp-block-heading\" id=\"challenges\">Haasteet<\/h4>\n\n\n\n<ul class=\"wp-block-list\">\n<li class=\"\"><strong>Laadun yll\u00e4pit\u00e4minen:<\/strong> Varmistetaan tasalaatuiset tulokset eri kuvissa.<\/li>\n\n\n\n<li class=\"\"><strong>Teknologian rajoitukset:<\/strong> Teko\u00e4lyteknologia ei v\u00e4ltt\u00e4m\u00e4tt\u00e4 pysty k\u00e4sittelem\u00e4\u00e4n t\u00e4ydellisesti kaikenlaisia ep\u00e4selvyyksi\u00e4.<\/li>\n\n\n\n<li class=\"\"><strong>K\u00e4ytt\u00e4j\u00e4n odotukset:<\/strong> Erilaisten k\u00e4ytt\u00e4jien odotusten t\u00e4ytt\u00e4minen eri k\u00e4ytt\u00f6tilanteissa.<\/li>\n<\/ul>\n\n\n\n<h3 class=\"wp-block-heading\" id=\"frequently-asked-questions\">Usein kysytyt kysymykset<\/h3>\n\n\n\n<ol class=\"wp-block-list\">\n<li class=\"\"><strong>Miten poistaa kuvan ep\u00e4tarkkuus?<\/strong>\n<ul class=\"wp-block-list\">\n<li class=\"\">K\u00e4yt\u00e4 online-ty\u00f6kalua, kuten <a href=\"https:\/\/aiartfree.online\/fi\/kuvan-epatarkkuuden-poistaminen\/\">AI Art Free Unblur Image Tool -ty\u00f6kalu<\/a> ladata ja k\u00e4sitell\u00e4 kuvaa.<\/li>\n<\/ul>\n<\/li>\n\n\n\n<li class=\"\"><strong>Miten poistaa kuvien ep\u00e4tarkkuus?<\/strong>\n<ul class=\"wp-block-list\">\n<li class=\"\">Valitse luotettava ty\u00f6kalu, lataa kuva, s\u00e4\u00e4d\u00e4 asetuksia ja sovella ep\u00e4tarkkuuden poistoefekti\u00e4.<\/li>\n<\/ul>\n<\/li>\n\n\n\n<li class=\"\"><strong>Miten poistaa kuvan ep\u00e4tarkkuus?<\/strong>\n<ul class=\"wp-block-list\">\n<li class=\"\">Seuraa edell\u00e4 esitetty\u00e4 vaiheittaista opasta k\u00e4ytt\u00e4m\u00e4ll\u00e4 teko\u00e4lypohjaista ty\u00f6kalua.<\/li>\n<\/ul>\n<\/li>\n\n\n\n<li class=\"\"><strong>Kuinka poistaa kuvan ep\u00e4tarkkuus iPhonessa?<\/strong>\n<ul class=\"wp-block-list\">\n<li class=\"\">Avaa selaimesi ja k\u00e4y osoitteessa <a href=\"https:\/\/aiartfree.online\/fi\/kuvan-epatarkkuuden-poistaminen\/\">AI Art Free Unblur Image Tool -ty\u00f6kalu<\/a> poistaa kuvasi sumeus.<\/li>\n<\/ul>\n<\/li>\n\n\n\n<li class=\"\"><strong>Miten poistaa kuvan ep\u00e4tarkkuus Photoshopissa?<\/strong>\n<ul class=\"wp-block-list\">\n<li class=\"\">Avaa selaimesi ja k\u00e4y osoitteessa <a href=\"https:\/\/aiartfree.online\/fi\/kuvan-epatarkkuuden-poistaminen\/\">AI Art Free Unblur Image Tool -ty\u00f6kalu<\/a> k\u00e4ytt\u00e4\u00e4 helpompaa vaihtoehtoa.<\/li>\n<\/ul>\n<\/li>\n\n\n\n<li class=\"\"><strong>Miten saada ep\u00e4selv\u00e4 kuva selke\u00e4ksi?<\/strong>\n<ul class=\"wp-block-list\">\n<li class=\"\">K\u00e4yt\u00e4 kuvan ter\u00e4v\u00f6itysty\u00f6kalua kuvan selkeyden parantamiseksi.<\/li>\n<\/ul>\n<\/li>\n\n\n\n<li class=\"\"><strong>Miten poistaa kuvan ep\u00e4tarkkuus?<\/strong>\n<ul class=\"wp-block-list\">\n<li class=\"\">Noudata kohdan \"Miten k\u00e4ytt\u00e4\u00e4 Unblur Image -ohjelmaa\" vaiheita, kun haluat poistaa ep\u00e4tarkkuuden valokuvastasi.<\/li>\n<\/ul>\n<\/li>\n\n\n\n<li class=\"\"><strong>Miten korjata sumeat kuvat?<\/strong>\n<ul class=\"wp-block-list\">\n<li class=\"\">Hy\u00f6dynn\u00e4 online-ty\u00f6kalua ep\u00e4tarkkuuden poistamiseksi, jotta voit palauttaa sumeiden valokuvien selkeyden.<\/li>\n<\/ul>\n<\/li>\n\n\n\n<li class=\"\"><strong>Mik\u00e4 on paras ep\u00e4tarkkuuden poistoty\u00f6kalu?<\/strong>\n<ul class=\"wp-block-list\">\n<li class=\"\">The <a href=\"https:\/\/aiartfree.online\/fi\/kuvan-epatarkkuuden-poistaminen\/\">AI Art Free Unblur Image Tool -ty\u00f6kalu<\/a> on eritt\u00e4in suositeltava helppok\u00e4ytt\u00f6isyytens\u00e4 ja tehokkaiden ominaisuuksiensa vuoksi.<\/li>\n<\/ul>\n<\/li>\n\n\n\n<li class=\"\"><strong>Miten poistaa tekstin ep\u00e4tarkkuus kuvasta?<\/strong>\n<ul class=\"wp-block-list\">\n<li class=\"\">K\u00e4yt\u00e4 tekstin ep\u00e4tarkkuuden poistoty\u00f6kalua parantaaksesi kuvien ep\u00e4tarkan tekstin luettavuutta.<\/li>\n<\/ul>\n<\/li>\n<\/ol>\n\n\n\n<h3 class=\"wp-block-heading\" id=\"summary\">Yhteenveto<\/h3>\n\n\n\n<p class=\"\">Kuvien ep\u00e4tarkkuuden poistaminen ei ole koskaan ollut helpompaa tehokkaiden teko\u00e4lypohjaisten ty\u00f6kalujen ansiosta. N\u00e4m\u00e4 ty\u00f6kalut tarjoavat k\u00e4tev\u00e4n ja tehokkaan ratkaisun, halusitpa sitten parantaa muotokuvia, palauttaa vanhoja kuvia tai korjata ep\u00e4tarkkaa teksti\u00e4. K\u00e4y osoitteessa <a href=\"https:\/\/aiartfree.online\/fi\/kuvan-epatarkkuuden-poistaminen\/\">AI Art Free Unblur Image Tool -ty\u00f6kalu<\/a> kokea paras saatavilla oleva unblur-ty\u00f6kalu, 100% ilmaiseksi ja rajoittamattomasti, ilman rekister\u00f6itymist\u00e4. Muunna ep\u00e4tarkat kuvasi selkeiksi, laadukkaiksi valokuviksi jo t\u00e4n\u00e4\u00e4n!<\/p>","protected":false},"excerpt":{"rendered":"<p>Before vs After How to use the Unblur Image *&nbsp;Depending on your internet speed, loading the model may take up to 10 seconds \u2193 Unblur Image: The Ultimate Guide to AI-Powered Photo Blur Removal Outline In this comprehensive guide, we will explore the world of image unblurring, its advantages, functions, target audience, and practical uses. &#8230; <a title=\"Unblur kuva\" class=\"read-more\" href=\"https:\/\/aiartfree.online\/fi\/kuvan-epatarkkuuden-poistaminen\/\" aria-label=\"Lue lis\u00e4\u00e4 aiheesta Unblur Image\">Lue lis\u00e4\u00e4<\/a><\/p>","protected":false},"author":1,"featured_media":3450,"parent":0,"menu_order":0,"comment_status":"open","ping_status":"closed","template":"","meta":{"nf_dc_page":"","footnotes":""},"class_list":["post-3445","page","type-page","status-publish","has-post-thumbnail"],"jetpack_sharing_enabled":true,"_links":{"self":[{"href":"https:\/\/aiartfree.online\/fi\/wp-json\/wp\/v2\/pages\/3445","targetHints":{"allow":["GET"]}}],"collection":[{"href":"https:\/\/aiartfree.online\/fi\/wp-json\/wp\/v2\/pages"}],"about":[{"href":"https:\/\/aiartfree.online\/fi\/wp-json\/wp\/v2\/types\/page"}],"author":[{"embeddable":true,"href":"https:\/\/aiartfree.online\/fi\/wp-json\/wp\/v2\/users\/1"}],"replies":[{"embeddable":true,"href":"https:\/\/aiartfree.online\/fi\/wp-json\/wp\/v2\/comments?post=3445"}],"version-history":[{"count":1,"href":"https:\/\/aiartfree.online\/fi\/wp-json\/wp\/v2\/pages\/3445\/revisions"}],"predecessor-version":[{"id":3597,"href":"https:\/\/aiartfree.online\/fi\/wp-json\/wp\/v2\/pages\/3445\/revisions\/3597"}],"wp:featuredmedia":[{"embeddable":true,"href":"https:\/\/aiartfree.online\/fi\/wp-json\/wp\/v2\/media\/3450"}],"wp:attachment":[{"href":"https:\/\/aiartfree.online\/fi\/wp-json\/wp\/v2\/media?parent=3445"}],"curies":[{"name":"wp","href":"https:\/\/api.w.org\/{rel}","templated":true}]}}