{"id":3444,"date":"2024-08-02T05:54:16","date_gmt":"2024-08-02T05:54:16","guid":{"rendered":"https:\/\/aiartfree.online\/?page_id=3444"},"modified":"2025-03-07T08:03:21","modified_gmt":"2025-03-07T08:03:21","slug":"ai-picture-generator","status":"publish","type":"page","link":"https:\/\/aiartfree.online\/fi\/ai-kuva-generaattori\/","title":{"rendered":"AI Picture Generator"},"content":{"rendered":"<h2 class=\"wp-block-heading has-text-align-center\">Mit\u00e4 k\u00e4ytt\u00e4j\u00e4t tekiv\u00e4t<\/h2>\n\n\n\n<figure class=\"gb-block-image gb-block-image-1822da1f\"><img data-recalc-dims=\"1\" decoding=\"async\" loading=\"lazy\" width=\"1112\" height=\"576\" class=\"gb-image gb-image-1822da1f\" src=\"https:\/\/i0.wp.com\/aiartfree.online\/wp-content\/uploads\/2024\/08\/WX20240802-111707%402x.jpg?resize=1112%2C576&#038;ssl=1\" alt=\"Luo upeita ja ainutlaatuisia kuvia vaivattomasti AI Art Free -ohjelmalla. 100% ilmainen AI-kuvageneraattorimme tarjoaa rajoittamattoman k\u00e4ytt\u00f6oikeuden ja korkealaatuisia tuloksia, jotka sopivat t\u00e4ydellisesti sosiaaliseen mediaan, markkinointiin ja henkil\u00f6kohtaiseen k\u00e4ytt\u00f6\u00f6n. Rekister\u00f6itymist\u00e4 ei tarvita - kirjoita vain tekstikehote ja anna teko\u00e4lymme muuttaa ideasi kauniiksi visuaalisiksi kuviksi. Tutustu loputtomiin mahdollisuuksiin tehokkaan ja helppok\u00e4ytt\u00f6isen ty\u00f6kalumme avulla jo t\u00e4n\u00e4\u00e4n!\" title=\"WX20240802-111707@2x\" srcset=\"https:\/\/i0.wp.com\/aiartfree.online\/wp-content\/uploads\/2024\/08\/WX20240802-111707%402x.jpg?w=1112&amp;ssl=1 1112w, https:\/\/i0.wp.com\/aiartfree.online\/wp-content\/uploads\/2024\/08\/WX20240802-111707%402x.jpg?resize=300%2C155&amp;ssl=1 300w, https:\/\/i0.wp.com\/aiartfree.online\/wp-content\/uploads\/2024\/08\/WX20240802-111707%402x.jpg?resize=1024%2C530&amp;ssl=1 1024w, https:\/\/i0.wp.com\/aiartfree.online\/wp-content\/uploads\/2024\/08\/WX20240802-111707%402x.jpg?resize=768%2C398&amp;ssl=1 768w, https:\/\/i0.wp.com\/aiartfree.online\/wp-content\/uploads\/2024\/08\/WX20240802-111707%402x.jpg?resize=18%2C9&amp;ssl=1 18w, https:\/\/i0.wp.com\/aiartfree.online\/wp-content\/uploads\/2024\/08\/WX20240802-111707%402x.jpg?resize=600%2C311&amp;ssl=1 600w\" sizes=\"auto, (max-width: 1112px) 100vw, 1112px\" \/><\/figure>\n\n\n\n<h2 class=\"wp-block-heading\">AI Picture Generatorin k\u00e4ytt\u00f6<\/h2>\n\n\n\n<ol class=\"wp-block-list\">\n<li class=\"\">Lataa \u00e4\u00e4nitiedosto<\/li>\n\n\n\n<li class=\"\">Napsauta \"K\u00e4\u00e4nn\u00e4\"<\/li>\n\n\n\n<li class=\"\">Hetkinen, siin\u00e4 se on!<\/li>\n<\/ol>\n\n\n\n<p class=\"\">* Voit vapaasti kokeilla alla olevia esimerkkej\u00e4, jos sinulla ei ole mit\u00e4\u00e4n ajatuksia mieless\u00e4si.<\/p>\n\n\n\n<h2 class=\"wp-block-heading\">Esimerkkej\u00e4 kehotuksista<\/h2>\n\n\n\n<ol style=\"font-size:16px\" class=\"wp-block-list\">\n<li class=\"\">henke\u00e4salpaava eritt\u00e4in yksityiskohtainen graafisen romaanin kuvitus Morgan Freeman ratsastaa Harley Davidson moottoripy\u00f6r\u00e4 , tumma ja synkk\u00e4<\/li>\n\n\n\n<li class=\"\">henke\u00e4salpaava kuvitus keskell\u00e4 t\u00e4htisumun valtavaa avaruutta leijuu yksin\u00e4inen astronautti, joka on kiinnitetty valovoimaiseen t\u00e4htialukseen. Sumun s\u00e4teilev\u00e4t kaasut tanssivat ymp\u00e4riins\u00e4 heijastaen pukuun v\u00e4rikk\u00e4it\u00e4 v\u00e4rej\u00e4 ja luoden valon ja liikkeen baletin.<\/li>\n\n\n\n<li class=\"\">henke\u00e4salpaava graafisen romaanin kuvitus Risteyksess\u00e4 maailmanlopun j\u00e4lkeisess\u00e4 autiomaassa vaeltaja, jolla on metalliromusta tehty kitara, laulaa tarinoita vanhasta maailmasta. Mutanttiolennot ker\u00e4\u00e4ntyv\u00e4t leirinuotion ymp\u00e4rille, heid\u00e4n silm\u00e4ns\u00e4 ovat t\u00e4ynn\u00e4 kaipausta.<\/li>\n\n\n\n<li class=\"\">henke\u00e4salpaava kuvitus, jossa lapsi jahtaa v\u00e4rikk\u00e4it\u00e4 perhosia eloisalla niityll\u00e4.<\/li>\n\n\n\n<li class=\"\">henke\u00e4salpaava graafisen romaanin kuvitus Rannalla, jossa aallot kutovat tarinoita, tarinankertoja, jolla on kuunvalon kangaspuita, valmistaa tarinoita vuorovesi-ilmi\u00f6ist\u00e4. Kuoret kuiskaavat tarinoita, ja horisontti on seikkailujen kudos, jota ei ole viel\u00e4 kerrottu.<\/li>\n\n\n\n<li class=\"\">henke\u00e4salpaava graafisen romaanin kuvitus haukasta, joka leijailee aavikon yll\u00e4 saalista etsien.<\/li>\n\n\n\n<li class=\"\">henke\u00e4salpaava kuvitus Syv\u00e4ll\u00e4 napapiirill\u00e4 revontuli maalaa taivaan vihre\u00e4n, vaaleanpunaisen ja violetin v\u00e4ris\u00e4vyill\u00e4. Alla oleva lumi heijastelee t\u00e4t\u00e4 valojen tanssia, ja maailma peittyy kiehtovaan v\u00e4rien sinfoniaan.<\/li>\n\n\n\n<li class=\"\">henke\u00e4salpaava graafisen romaanin kuvitus, jossa tatuoija tekee yksityiskohtaisesti monimutkaista kuviota asiakkaan selk\u00e4\u00e4n.<\/li>\n\n\n\n<li class=\"\">henke\u00e4salpaava graafisen romaanin kuvitus V\u00e4rikk\u00e4isiin silkkeihin verhoutunut nainen lukee tarot-kortteja kynttil\u00e4nvalossa olevassa teltassa.<\/li>\n\n\n\n<li class=\"\">henke\u00e4salpaava graafinen kuvitus, jossa kaksi luolastolaista kartoittaa syv\u00e4n luolan, taskulamput valaisevat tiet\u00e4.<\/li>\n<\/ol>\n\n\n\n<figure class=\"gb-block-image gb-block-image-032aac41\"><a href=\"https:\/\/fas.st\/t\/9U4PYbm7\" target=\"_blank\" rel=\"noopener noreferrer\"><img data-recalc-dims=\"1\" decoding=\"async\" loading=\"lazy\" width=\"1200\" height=\"365\" class=\"gb-image gb-image-032aac41\" src=\"https:\/\/i0.wp.com\/aiartfree.online\/wp-content\/uploads\/2025\/03\/WX20250307-115412%402x.webp?resize=1200%2C365&#038;ssl=1\" alt=\"\" title=\"WX20250307-115412@2x\" srcset=\"https:\/\/i0.wp.com\/aiartfree.online\/wp-content\/uploads\/2025\/03\/WX20250307-115412%402x.webp?w=1942&amp;ssl=1 1942w, https:\/\/i0.wp.com\/aiartfree.online\/wp-content\/uploads\/2025\/03\/WX20250307-115412%402x.webp?resize=300%2C91&amp;ssl=1 300w, https:\/\/i0.wp.com\/aiartfree.online\/wp-content\/uploads\/2025\/03\/WX20250307-115412%402x.webp?resize=1024%2C312&amp;ssl=1 1024w, https:\/\/i0.wp.com\/aiartfree.online\/wp-content\/uploads\/2025\/03\/WX20250307-115412%402x.webp?resize=768%2C234&amp;ssl=1 768w, https:\/\/i0.wp.com\/aiartfree.online\/wp-content\/uploads\/2025\/03\/WX20250307-115412%402x.webp?resize=1536%2C467&amp;ssl=1 1536w, https:\/\/i0.wp.com\/aiartfree.online\/wp-content\/uploads\/2025\/03\/WX20250307-115412%402x.webp?resize=18%2C5&amp;ssl=1 18w, https:\/\/i0.wp.com\/aiartfree.online\/wp-content\/uploads\/2025\/03\/WX20250307-115412%402x.webp?resize=600%2C183&amp;ssl=1 600w\" sizes=\"auto, (max-width: 1200px) 100vw, 1200px\" \/><\/a><\/figure>\n\n\n\n<p class=\"\"><em>* Internetin nopeudesta riippuen mallin lataaminen voi kest\u00e4\u00e4... <\/em>enint\u00e4\u00e4n 10 sekuntia \u2193<\/p>\n\n\n\n<div class=\"iframe-wrapper\" style=\"position: relative; width: 100%; height: 1000px;\">\n  <div class=\"loading\" style=\"position: absolute; top: 50px; left: 50%; transform: translate(-50%, -50%); width: 40px; height: 40px; border: 3px solid #f0f0f0; border-top: 3px solid #db7093; border-radius: 50%; animation: spin 1s linear infinite;\"><\/div>\n  <iframe loading=\"lazy\" src=\"https:\/\/ap123-sdxl-lightning.hf.space\" frameborder=\"0\" width=\"100%\" height=\"100%\" style=\"position: absolute; top: 0; left: 0; opacity: 0; transition: opacity 0.3s;\" onload=\"this.style.opacity=1;this.previousElementSibling.style.display='none';\"><\/iframe>\n<\/div>\n\n<style>\n@keyframes spin {\n  0% { transform: translate(-50%, -50%) rotate(0deg); }\n  100% { transform: translate(-50%, -50%) rotate(360deg); }\n}\n<\/style>\n\n\n\n<div style=\"height:80px\" aria-hidden=\"true\" class=\"wp-block-spacer\"><\/div>\n\n\n\n<h2 class=\"wp-block-heading\">AI Picture Generator: Oppaita: Perimm\u00e4inen opas<\/h2>\n\n\n\n<h3 class=\"wp-block-heading\">Luonnos<\/h3>\n\n\n\n<p class=\"\">AI-kuvageneraattorit mullistavat kuvien luomisen ja tarjoavat 100% ilmaista, rajoittamatonta, korkealaatuista ja ainutlaatuista kuvaa. T\u00e4ss\u00e4 oppaassa tarkastellaan m\u00e4\u00e4ritelm\u00e4\u00e4, etuja, toimintoja, kohderyhm\u00e4\u00e4, k\u00e4ytt\u00f6tapauksia, toimialan etuja ja haasteita. K\u00e4ymme my\u00f6s l\u00e4pi huipputy\u00f6kaluja ja tarjoamme FAQ-osion, jossa vastataan yleisimpiin kyselyihin.<\/p>\n\n\n\n<h3 class=\"wp-block-heading\">Sis\u00e4llysluettelo<\/h3>\n\n\n\n<ul class=\"wp-block-list\">\n<li class=\"\"><a href=\"#what-is-an-ai-picture-generator\">Mik\u00e4 on teko\u00e4lyn kuvageneraattori<\/a><\/li>\n\n\n\n<li class=\"\"><a href=\"#why-use-an-ai-picture-generator\">Miksi k\u00e4ytt\u00e4\u00e4 teko\u00e4lyn kuvageneraattoria<\/a><\/li>\n\n\n\n<li class=\"\"><a href=\"#main-features-of-ai-picture-generators\">AI-kuvageneraattoreiden p\u00e4\u00e4ominaisuudet<\/a>\n<ul class=\"wp-block-list\">\n<li class=\"\"><a href=\"#100-free\">100% Vapaa<\/a><\/li>\n\n\n\n<li class=\"\"><a href=\"#unlimited-usage\">Rajoittamaton k\u00e4ytt\u00f6<\/a><\/li>\n\n\n\n<li class=\"\"><a href=\"#high-quality-outputs\">Korkealaatuiset tuotokset<\/a><\/li>\n<\/ul>\n<\/li>\n\n\n\n<li class=\"\"><a href=\"#who-should-use-ai-picture-generators\">Kenen tulisi k\u00e4ytt\u00e4\u00e4 teko\u00e4lyn kuvageneraattoreita<\/a><\/li>\n\n\n\n<li class=\"\"><a href=\"#industry-applications-of-ai-picture-generators\">Teko\u00e4lyn kuvageneraattoreiden sovellukset teollisuudessa<\/a><\/li>\n\n\n\n<li class=\"\"><a href=\"#how-to-use-an-ai-picture-generator\">Kuinka k\u00e4ytt\u00e4\u00e4 AI Picture Generatoria<\/a><\/li>\n\n\n\n<li class=\"\"><a href=\"#ai-picture-generator-use-cases\">AI Picture Generatorin k\u00e4ytt\u00f6tapaukset<\/a>\n<ul class=\"wp-block-list\">\n<li class=\"\"><a href=\"#social-media-content-creation\">Sosiaalisen median sis\u00e4ll\u00f6n luominen<\/a><\/li>\n\n\n\n<li class=\"\"><a href=\"#marketing-and-advertising\">Markkinointi ja mainonta<\/a><\/li>\n\n\n\n<li class=\"\"><a href=\"#website-design\">Verkkosivuston suunnittelu<\/a><\/li>\n<\/ul>\n<\/li>\n\n\n\n<li class=\"\"><a href=\"#top-10-ai-picture-generators-and-their-pros-and-cons\">Top 10 AI Picture Generators ja niiden hyv\u00e4t ja huonot puolet<\/a><\/li>\n\n\n\n<li class=\"\"><a href=\"#pros-cons-and-challenges-in-the-ai-picture-generator-industry\">Teko\u00e4lyn kuvageneraattoriteollisuuden hyv\u00e4t ja huonot puolet sek\u00e4 haasteet<\/a><\/li>\n\n\n\n<li class=\"\"><a href=\"#faq\">FAQ<\/a><\/li>\n\n\n\n<li class=\"\"><a href=\"#summary-and-call-to-action\">Yhteenveto ja toimintakehotus<\/a><\/li>\n<\/ul>\n\n\n\n<h3 class=\"wp-block-heading\">Mik\u00e4 on teko\u00e4lyn kuvageneraattori<\/h3>\n\n\n\n<p class=\"\">Teko\u00e4lykuvageneraattori on ty\u00f6kalu, joka luo teko\u00e4lyn avulla kuvia tekstikehotteiden perusteella. N\u00e4m\u00e4 ty\u00f6kalut voivat luoda ainutlaatuisia, korkealaatuisia kuvia k\u00e4ytt\u00e4j\u00e4n antamien kuvausten perusteella, mik\u00e4 mahdollistaa luovuuden ja tehokkuuden kuvien luomisessa.<\/p>\n\n\n\n<h3 class=\"wp-block-heading\">Miksi k\u00e4ytt\u00e4\u00e4 teko\u00e4lyn kuvageneraattoria<\/h3>\n\n\n\n<p class=\"\">Teko\u00e4lyn kuvageneraattorit tarjoavat lukuisia etuja:<\/p>\n\n\n\n<ul class=\"wp-block-list\">\n<li class=\"\"><strong>100% Vapaa:<\/strong> Monet ty\u00f6kalut, kuten <a href=\"https:\/\/aiartfree.online\/fi\/ai-kuva-generaattori\/\">AI Art Free<\/a>tarjoavat ilmaisen p\u00e4\u00e4syn.<\/li>\n\n\n\n<li class=\"\"><strong>Rajoittamaton k\u00e4ytt\u00f6:<\/strong> Tuotettujen kuvien lukum\u00e4\u00e4r\u00e4\u00e4 ei ole rajoitettu.<\/li>\n\n\n\n<li class=\"\"><strong>Korkealaatuiset l\u00e4hd\u00f6t:<\/strong> Tuottaa ammattilaistasoisia kuvia.<\/li>\n\n\n\n<li class=\"\"><strong>Rekister\u00f6itymist\u00e4 ei tarvita:<\/strong> Helppo ja nopea p\u00e4\u00e4sy.<\/li>\n\n\n\n<li class=\"\"><strong>Teko\u00e4lyn luomat kuvat:<\/strong> Varmistaa omaper\u00e4isyyden ja luovuuden.<\/li>\n<\/ul>\n\n\n\n<h3 class=\"wp-block-heading\">AI-kuvageneraattoreiden p\u00e4\u00e4ominaisuudet<\/h3>\n\n\n\n<h4 class=\"wp-block-heading\">100% Vapaa<\/h4>\n\n\n\n<p class=\"\">AI-kuvageneraattorit kuten <a href=\"https:\/\/aiartfree.online\/fi\/ai-kuva-generaattori\/\">AI Art Free<\/a> tarjoavat t\u00e4ysin maksuttomia palveluja, joten ne ovat kaikkien saatavilla.<\/p>\n\n\n\n<h4 class=\"wp-block-heading\">Rajoittamaton k\u00e4ytt\u00f6<\/h4>\n\n\n\n<p class=\"\">N\u00e4iden ty\u00f6kalujen avulla k\u00e4ytt\u00e4j\u00e4t voivat luoda rajattoman m\u00e4\u00e4r\u00e4n kuvia, mik\u00e4 tukee laajaa luovuutta ilman rajoituksia.<\/p>\n\n\n\n<h4 class=\"wp-block-heading\">Korkealaatuiset tuotokset<\/h4>\n\n\n\n<p class=\"\">Teko\u00e4lyn kuvageneraattorit tuottavat korkearesoluutioisia, ammattilaatuisia kuvia, jotka soveltuvat erilaisiin sovelluksiin.<\/p>\n\n\n\n<h3 class=\"wp-block-heading\">Kenen tulisi k\u00e4ytt\u00e4\u00e4 teko\u00e4lyn kuvageneraattoreita<\/h3>\n\n\n\n<ul class=\"wp-block-list\">\n<li class=\"\"><strong>Sis\u00e4ll\u00f6ntuottajat:<\/strong> Bloggaajat, vloggaajat ja sosiaalisen median vaikuttajat.<\/li>\n\n\n\n<li class=\"\"><strong>Markkinoijat:<\/strong> Mainonnan ammattilaiset, jotka tarvitsevat ainutlaatuista visuaalisuutta.<\/li>\n\n\n\n<li class=\"\"><strong>Verkkosuunnittelijat:<\/strong> Kehitt\u00e4j\u00e4t, jotka etsiv\u00e4t mukautettuja kuvia verkkosivuille.<\/li>\n\n\n\n<li class=\"\"><strong>Taiteilijat:<\/strong> Henkil\u00f6t, jotka haluavat tutustua teko\u00e4lyn tuottamaan taiteeseen.<\/li>\n<\/ul>\n\n\n\n<h3 class=\"wp-block-heading\">Teko\u00e4lyn kuvageneraattoreiden sovellukset teollisuudessa<\/h3>\n\n\n\n<ul class=\"wp-block-list\">\n<li class=\"\"><strong>Mainonta:<\/strong> Silm\u00e4\u00e4npist\u00e4v\u00e4n visuaalisen ilmeen luominen markkinointikampanjoita varten.<\/li>\n\n\n\n<li class=\"\"><strong>S\u00e4hk\u00f6inen kaupank\u00e4ynti:<\/strong> Tuotekuvien suunnittelu ja verkkoluetteloiden parantaminen.<\/li>\n\n\n\n<li class=\"\"><strong>Media ja viihde:<\/strong> Visuaalisen aineiston tuottaminen julkaisuja ja multimediaprojekteja varten.<\/li>\n\n\n\n<li class=\"\"><strong>Koulutus:<\/strong> Koulutusmateriaalin ja visuaalisten apuv\u00e4lineiden tuottaminen.<\/li>\n<\/ul>\n\n\n\n<h3 class=\"wp-block-heading\">Kuinka k\u00e4ytt\u00e4\u00e4 AI Picture Generatoria<\/h3>\n\n\n\n<ol class=\"wp-block-list\">\n<li class=\"\"><strong>Kirjoita tekstikehote:<\/strong> Kuvaile kuva, jonka haluat luoda.<\/li>\n\n\n\n<li class=\"\"><strong>Valitse Asetukset:<\/strong> Valitse tyyli, resoluutio ja muut asetukset.<\/li>\n\n\n\n<li class=\"\"><strong>Luo kuva:<\/strong> Luo kuva napsauttamalla sit\u00e4.<\/li>\n\n\n\n<li class=\"\"><strong>Lataa ja k\u00e4yt\u00e4:<\/strong> Tallenna ja k\u00e4yt\u00e4 luotua kuvaa.<\/li>\n<\/ol>\n\n\n\n<h3 class=\"wp-block-heading\">AI Picture Generatorin k\u00e4ytt\u00f6tapaukset<\/h3>\n\n\n\n<h4 class=\"wp-block-heading\">Sosiaalisen median sis\u00e4ll\u00f6n luominen<\/h4>\n\n\n\n<p class=\"\">Teko\u00e4lyn luomat kuvat voivat parantaa sosiaalisen median viestej\u00e4, tarinoita ja mainoksia ainutlaatuisilla visuaalisilla kuvilla.<\/p>\n\n\n\n<h4 class=\"wp-block-heading\">Markkinointi ja mainonta<\/h4>\n\n\n\n<p class=\"\">Yritykset voivat k\u00e4ytt\u00e4\u00e4 teko\u00e4lyn luomia kuvia mainosmateriaaleissa, mainoksissa ja bannereissa.<\/p>\n\n\n\n<h4 class=\"wp-block-heading\">Verkkosivuston suunnittelu<\/h4>\n\n\n\n<p class=\"\">Verkkokehitt\u00e4j\u00e4t voivat luoda verkkosivuille r\u00e4\u00e4t\u00e4l\u00f6ityj\u00e4 grafiikoita, jotka takaavat ainutlaatuisen ja ammattimaisen ulkoasun.<\/p>\n\n\n\n<h3 class=\"wp-block-heading\">Top 10 AI Picture Generators ja niiden hyv\u00e4t ja huonot puolet<\/h3>\n\n\n\n<figure class=\"wp-block-table\"><table class=\"has-fixed-layout\"><thead><tr><th>Ty\u00f6kalu<\/th><th>Verkkosivusto<\/th><th>Plussaa<\/th><th>Miinukset<\/th><\/tr><\/thead><tbody><tr><td>AI Art Free<\/td><td><a href=\"https:\/\/aiartfree.online\/fi\/ai-kuva-generaattori\/\">aiartfree.online<\/a><\/td><td>100% Ilmainen, rajoittamaton, korkealaatuinen<\/td><td>Ei ole<\/td><\/tr><tr><td>DALL-E 2<\/td><td><a href=\"https:\/\/www.openai.com\/dall-e-2\" target=\"_blank\" rel=\"noopener\">openai.com<\/a><\/td><td>Laadukas, luova<\/td><td>Rajoitettu vapaa k\u00e4ytt\u00f6<\/td><\/tr><tr><td>DeepArt<\/td><td><a href=\"https:\/\/deepart.io\" target=\"_blank\" rel=\"noopener\">deepart.io<\/a><\/td><td>Taiteelliset tyylit, Ainutlaatuiset kuvat<\/td><td>Maksulliset suunnitelmat<\/td><\/tr><tr><td>Artbreeder<\/td><td><a href=\"https:\/\/artbreeder.com\" target=\"_blank\" rel=\"noopener\">artbreeder.com<\/a><\/td><td>Yhteisty\u00f6h\u00f6n perustuva, mukautettava<\/td><td>Oppimisk\u00e4yr\u00e4<\/td><\/tr><tr><td>NightCafe<\/td><td><a>nightcafe.studio<\/a><\/td><td>Helppok\u00e4ytt\u00f6inen, monipuoliset tyylit<\/td><td>Jotkut ominaisuudet maksettu<\/td><\/tr><tr><td>Kiitotie ML<\/td><td><a href=\"https:\/\/runwayml.com\" target=\"_blank\" rel=\"noopener\">runwayml.com<\/a><\/td><td>Ammattity\u00f6kalut, monipuoliset<\/td><td>Tilaus vaaditaan<\/td><\/tr><tr><td>Iso uni<\/td><td><a href=\"https:\/\/bigsleep.dev\" target=\"_blank\" rel=\"noopener\">bigsleep.dev<\/a><\/td><td>Realistiset kuvat, Avoin l\u00e4hdekoodi<\/td><td>Vaatii teknist\u00e4 osaamista<\/td><\/tr><tr><td>MaalitKetju<\/td><td><a>paintschainer.preferred.tech<\/a><\/td><td>AI v\u00e4ritys, k\u00e4ytt\u00e4j\u00e4yst\u00e4v\u00e4llinen<\/td><td>Rajoitetut ominaisuudet<\/td><\/tr><tr><td>Picas<\/td><td><a href=\"https:\/\/picas.tech\" target=\"_blank\" rel=\"noopener\">picas.tech<\/a><\/td><td>Nopeat, luovat suodattimet<\/td><td>Vesileimatut kuvat<\/td><\/tr><tr><td>GauGAN<\/td><td><a href=\"https:\/\/nvidia.com\/research\/ai\/augan\" target=\"_blank\" rel=\"noopener\">nvidia.com<\/a><\/td><td>Realistiset maisemat, korkea laatu<\/td><td>Vaatii GPU:n<\/td><\/tr><\/tbody><\/table><\/figure>\n\n\n\n<h3 class=\"wp-block-heading\">Teko\u00e4lyn kuvageneraattoriteollisuuden hyv\u00e4t ja huonot puolet sek\u00e4 haasteet<\/h3>\n\n\n\n<h4 class=\"wp-block-heading\">Plussaa<\/h4>\n\n\n\n<ul class=\"wp-block-list\">\n<li class=\"\"><strong>Saavutettavuus:<\/strong> Ty\u00f6kalut, kuten AI Art Free, tarjoavat ilmaisen, rajoittamattoman p\u00e4\u00e4syn.<\/li>\n\n\n\n<li class=\"\"><strong>Luovuus:<\/strong> Teko\u00e4ly voi tuottaa ainutlaatuisia ja luovia kuvia.<\/li>\n\n\n\n<li class=\"\"><strong>Tehokkuus:<\/strong> S\u00e4\u00e4st\u00e4\u00e4 aikaa visuaalisen aineiston luomisessa.<\/li>\n<\/ul>\n\n\n\n<h4 class=\"wp-block-heading\">Miinukset<\/h4>\n\n\n\n<ul class=\"wp-block-list\">\n<li class=\"\"><strong>Laadun vaihtelevuus:<\/strong> Jotkin ty\u00f6kalut voivat tuottaa ep\u00e4johdonmukaisia tuloksia.<\/li>\n\n\n\n<li class=\"\"><strong>Oppimisk\u00e4yr\u00e4:<\/strong> Vaatii jonkin verran ymm\u00e4rryst\u00e4 tehokkaaseen k\u00e4ytt\u00f6\u00f6n.<\/li>\n\n\n\n<li class=\"\"><strong>Riippuvuus tekstikehotteista:<\/strong> Kuvien laatu riippuu kuvausten laadusta.<\/li>\n<\/ul>\n\n\n\n<h4 class=\"wp-block-heading\">Haasteet<\/h4>\n\n\n\n<ul class=\"wp-block-list\">\n<li class=\"\"><strong>Eettiset n\u00e4k\u00f6kohdat:<\/strong> Tekij\u00e4noikeuteen ja omaper\u00e4isyyteen liittyv\u00e4t kysymykset.<\/li>\n\n\n\n<li class=\"\"><strong>Tekniset rajoitukset:<\/strong> Jotkin ty\u00f6kalut edellytt\u00e4v\u00e4t kehittynytt\u00e4 laitteistoa.<\/li>\n\n\n\n<li class=\"\"><strong>Markkinoiden kyll\u00e4styminen:<\/strong> Saatavilla on monia ty\u00f6kaluja, joten parhaan valitseminen on vaikeaa.<\/li>\n<\/ul>\n\n\n\n<h3 class=\"wp-block-heading\">FAQ<\/h3>\n\n\n\n<ol class=\"wp-block-list\">\n<li class=\"\"><strong>Onko t\u00e4m\u00e4 kuva teko\u00e4lyn luoma?<\/strong>\n<ul class=\"wp-block-list\">\n<li class=\"\">Teko\u00e4lyn luomat kuvat luodaan algoritmeilla, jotka perustuvat tekstikehotuksiin.<\/li>\n<\/ul>\n<\/li>\n\n\n\n<li class=\"\"><strong>Mist\u00e4 tiet\u00e4\u00e4, onko kuva teko\u00e4lyn luoma?<\/strong>\n<ul class=\"wp-block-list\">\n<li class=\"\">Etsi ainutlaatuisia, usein surrealistisia elementtej\u00e4 ja puutteita, joita ihmisen tekem\u00e4ss\u00e4 taiteessa ei ole.<\/li>\n<\/ul>\n<\/li>\n\n\n\n<li class=\"\"><strong>Miten luoda teko\u00e4lykuvia?<\/strong>\n<ul class=\"wp-block-list\">\n<li class=\"\">K\u00e4yt\u00e4 ty\u00f6kaluja kuten <a href=\"https:\/\/aiartfree.online\/fi\/ai-kuva-generaattori\/\">AI Art Free<\/a> sy\u00f6tt\u00e4m\u00e4ll\u00e4 tekstikehotteita.<\/li>\n<\/ul>\n<\/li>\n\n\n\n<li class=\"\"><strong>Miten luoda kuvia teko\u00e4lyn avulla?<\/strong>\n<ul class=\"wp-block-list\">\n<li class=\"\">Sy\u00f6t\u00e4 tekstikuvaus ja anna teko\u00e4lyn k\u00e4sitell\u00e4 ja luoda kuva.<\/li>\n<\/ul>\n<\/li>\n\n\n\n<li class=\"\"><strong>Miten tehd\u00e4 teko\u00e4lyn luomia kuvia?<\/strong>\n<ul class=\"wp-block-list\">\n<li class=\"\">K\u00e4yt\u00e4 teko\u00e4lyn kuvageneraattoreita tekstikuvausten muuntamiseen kuviksi.<\/li>\n<\/ul>\n<\/li>\n\n\n\n<li class=\"\"><strong>Mik\u00e4 on paras teko\u00e4lykuvageneraattori?<\/strong>\n<ul class=\"wp-block-list\">\n<li class=\"\"><a href=\"https:\/\/aiartfree.online\/fi\/ai-kuva-generaattori\/\">AI Art Free<\/a> on eritt\u00e4in suositeltava sen ilmaisten ja rajoittamattomien ominaisuuksien vuoksi.<\/li>\n<\/ul>\n<\/li>\n\n\n\n<li class=\"\"><strong>Voiko teko\u00e4lyn luomia kuvia k\u00e4ytt\u00e4\u00e4 kaupallisesti?<\/strong>\n<ul class=\"wp-block-list\">\n<li class=\"\">Kyll\u00e4, monet teko\u00e4lykuvageneraattorit sallivat kaupallisen k\u00e4yt\u00f6n, mutta tarkista kunkin ty\u00f6kalun ehdot.<\/li>\n<\/ul>\n<\/li>\n\n\n\n<li class=\"\"><strong>Ovatko teko\u00e4lyn luomat kuvat tekij\u00e4noikeudettomia?<\/strong>\n<ul class=\"wp-block-list\">\n<li class=\"\">Usein kyll\u00e4, mutta tarkista se kyseisell\u00e4 ty\u00f6kalulla.<\/li>\n<\/ul>\n<\/li>\n\n\n\n<li class=\"\"><strong>Millaisia tyylej\u00e4 teko\u00e4lyn luomat kuvat voivat olla?<\/strong>\n<ul class=\"wp-block-list\">\n<li class=\"\">Teko\u00e4ly voi luoda erilaisia tyylej\u00e4 realistisesta abstraktiin taiteeseen.<\/li>\n<\/ul>\n<\/li>\n\n\n\n<li class=\"\"><strong>Miten parannamme teko\u00e4lyn luomia kuvia?<\/strong>\n<ul class=\"wp-block-list\">\n<li class=\"\">K\u00e4yt\u00e4 kuvank\u00e4sittelyty\u00f6kaluja kuvien tarkentamiseen ja parantamiseen.<\/li>\n<\/ul>\n<\/li>\n<\/ol>\n\n\n\n<h3 class=\"wp-block-heading\">Yhteenveto<\/h3>\n\n\n\n<p class=\"\">AI-kuvageneraattorit kuten <a href=\"https:\/\/aiartfree.online\/fi\/ai-kuva-generaattori\/\">AI Art Free<\/a> tarjoaa 100% ilmaisia, rajoittamattomia, laadukkaita ja ainutlaatuisia kuvanluontiratkaisuja. N\u00e4m\u00e4 ty\u00f6kalut palvelevat monenlaisia k\u00e4ytt\u00e4ji\u00e4 sis\u00e4ll\u00f6ntuottajista markkinoijiin, ja ne tarjoavat tehokkaan ja luovan tavan luoda visuaalista materiaalia. Syleile kuvien luomisen tulevaisuutta teko\u00e4lyn avulla ja muuta visuaalinen sis\u00e4lt\u00f6si vaivattomasti.<\/p>\n\n\n\n<p class=\"\">Oletko valmis luomaan upeita kuvia? K\u00e4y osoitteessa <a href=\"https:\/\/aiartfree.online\/fi\/ai-kuva-generaattori\/\">AI Art Free<\/a> ja aloita tuottaminen jo t\u00e4n\u00e4\u00e4n!<\/p>\n\n\n\n<p class=\"\"><\/p>","protected":false},"excerpt":{"rendered":"<p>What our users made How to use the AI Picture Generator * Feel free to try our examples below if you don&#8217;t have any thoughts in your mind Prompt Examples *&nbsp;Depending on your internet speed, loading the model may take up to 10 seconds \u2193 AI Picture Generator: The Ultimate Guide Outline AI picture generators &#8230; <a title=\"AI Picture Generator\" class=\"read-more\" href=\"https:\/\/aiartfree.online\/fi\/ai-kuva-generaattori\/\" aria-label=\"Lue lis\u00e4\u00e4 aiheesta AI Picture Generator\">Lue lis\u00e4\u00e4<\/a><\/p>","protected":false},"author":1,"featured_media":3468,"parent":0,"menu_order":0,"comment_status":"open","ping_status":"closed","template":"","meta":{"nf_dc_page":"","footnotes":""},"class_list":["post-3444","page","type-page","status-publish","has-post-thumbnail"],"jetpack_sharing_enabled":true,"_links":{"self":[{"href":"https:\/\/aiartfree.online\/fi\/wp-json\/wp\/v2\/pages\/3444","targetHints":{"allow":["GET"]}}],"collection":[{"href":"https:\/\/aiartfree.online\/fi\/wp-json\/wp\/v2\/pages"}],"about":[{"href":"https:\/\/aiartfree.online\/fi\/wp-json\/wp\/v2\/types\/page"}],"author":[{"embeddable":true,"href":"https:\/\/aiartfree.online\/fi\/wp-json\/wp\/v2\/users\/1"}],"replies":[{"embeddable":true,"href":"https:\/\/aiartfree.online\/fi\/wp-json\/wp\/v2\/comments?post=3444"}],"version-history":[{"count":1,"href":"https:\/\/aiartfree.online\/fi\/wp-json\/wp\/v2\/pages\/3444\/revisions"}],"predecessor-version":[{"id":3594,"href":"https:\/\/aiartfree.online\/fi\/wp-json\/wp\/v2\/pages\/3444\/revisions\/3594"}],"wp:featuredmedia":[{"embeddable":true,"href":"https:\/\/aiartfree.online\/fi\/wp-json\/wp\/v2\/media\/3468"}],"wp:attachment":[{"href":"https:\/\/aiartfree.online\/fi\/wp-json\/wp\/v2\/media?parent=3444"}],"curies":[{"name":"wp","href":"https:\/\/api.w.org\/{rel}","templated":true}]}}