{"id":3416,"date":"2024-08-01T09:41:23","date_gmt":"2024-08-01T09:41:23","guid":{"rendered":"https:\/\/aiartfree.online\/?page_id=3416"},"modified":"2024-08-02T11:15:00","modified_gmt":"2024-08-02T11:15:00","slug":"html-code-generator","status":"publish","type":"page","link":"https:\/\/aiartfree.online\/fi\/html-koodigeneraattori\/","title":{"rendered":"HTML-koodigeneraattori"},"content":{"rendered":"<h2 class=\"wp-block-heading has-text-align-center\">Ennen vs. j\u00e4lkeen<\/h2>\n\n\n\n<figure class=\"gb-block-image gb-block-image-1822da1f\"><img data-recalc-dims=\"1\" decoding=\"async\" loading=\"lazy\" width=\"1200\" height=\"707\" class=\"gb-image gb-image-1822da1f\" src=\"https:\/\/i0.wp.com\/aiartfree.online\/wp-content\/uploads\/2024\/08\/WX20240801-145150%402x-jpg.webp?resize=1200%2C707&#038;ssl=1\" alt=\"HTML-koodigeneraattori - Ilmaiset online kuvakaappaukset HTML-koodeiksi\" title=\"WX20240801-145150@2x\" srcset=\"https:\/\/i0.wp.com\/aiartfree.online\/wp-content\/uploads\/2024\/08\/WX20240801-145150%402x-jpg.webp?w=1904&amp;ssl=1 1904w, https:\/\/i0.wp.com\/aiartfree.online\/wp-content\/uploads\/2024\/08\/WX20240801-145150%402x-jpg.webp?resize=300%2C177&amp;ssl=1 300w, https:\/\/i0.wp.com\/aiartfree.online\/wp-content\/uploads\/2024\/08\/WX20240801-145150%402x-jpg.webp?resize=1024%2C603&amp;ssl=1 1024w, https:\/\/i0.wp.com\/aiartfree.online\/wp-content\/uploads\/2024\/08\/WX20240801-145150%402x-jpg.webp?resize=768%2C453&amp;ssl=1 768w, https:\/\/i0.wp.com\/aiartfree.online\/wp-content\/uploads\/2024\/08\/WX20240801-145150%402x-jpg.webp?resize=1536%2C905&amp;ssl=1 1536w, https:\/\/i0.wp.com\/aiartfree.online\/wp-content\/uploads\/2024\/08\/WX20240801-145150%402x-jpg.webp?resize=18%2C12&amp;ssl=1 18w, https:\/\/i0.wp.com\/aiartfree.online\/wp-content\/uploads\/2024\/08\/WX20240801-145150%402x-jpg.webp?resize=600%2C354&amp;ssl=1 600w\" sizes=\"auto, (max-width: 1200px) 100vw, 1200px\" \/><\/figure>\n\n\n\n<h2 class=\"wp-block-heading\">HTML-koodigeneraattorin k\u00e4ytt\u00f6<\/h2>\n\n\n\n<ol class=\"wp-block-list\">\n<li class=\"\">Lataa suosikkisivustosi kuvakaappaus<\/li>\n\n\n\n<li class=\"\">Klikkaa \"L\u00e4het\u00e4\"<\/li>\n\n\n\n<li class=\"\">Hetkinen, siin\u00e4 se on!<\/li>\n<\/ol>\n\n\n\n<p class=\"\">* Voit vapaasti kokeilla alla olevia esimerkkej\u00e4, jos sinulla ei ole mit\u00e4\u00e4n ajatuksia mieless\u00e4si.<\/p>\n\n\n\n<p class=\"\"><em>* Internetin nopeudesta riippuen mallin lataaminen voi kest\u00e4\u00e4... <\/em>enint\u00e4\u00e4n 10 sekuntia \u2193<\/p>\n\n\n\n<div class=\"iframe-wrapper\" style=\"position: relative; width: 100%; height: 1800px;\">\n  <div class=\"loading\" style=\"position: absolute; top: 50px; left: 50%; transform: translate(-50%, -50%); width: 40px; height: 40px; border: 3px solid #f0f0f0; border-top: 3px solid #db7093; border-radius: 50%; animation: spin 1s linear infinite;\"><\/div>\n  <iframe loading=\"lazy\" src=\"https:\/\/huggingfacem4-screenshot2html.hf.space\" frameborder=\"0\" width=\"100%\" height=\"100%\" style=\"position: absolute; top: 0; left: 0; opacity: 0; transition: opacity 0.3s;\" onload=\"this.style.opacity=1;this.previousElementSibling.style.display='none';\"><\/iframe>\n<\/div>\n\n<style>\n@keyframes spin {\n  0% { transform: translate(-50%, -50%) rotate(0deg); }\n  100% { transform: translate(-50%, -50%) rotate(360deg); }\n}\n<\/style>\n\n\n\n<div style=\"height:80px\" aria-hidden=\"true\" class=\"wp-block-spacer\"><\/div>\n\n\n\n<h2 class=\"wp-block-heading\">Tehokkaat ja k\u00e4ytt\u00e4j\u00e4yst\u00e4v\u00e4lliset HTML-koodigeneraattorit: Web-kehityksen perimm\u00e4inen ty\u00f6kalu<\/h2>\n\n\n\n<h3 class=\"wp-block-heading\">Mik\u00e4 on HTML-koodigeneraattori?<\/h3>\n\n\n\n<p class=\"\">HTML-koodigeneraattori on ty\u00f6kalu, joka on suunniteltu yksinkertaistamaan HTML-koodin luomista. Sen avulla k\u00e4ytt\u00e4j\u00e4t voivat luoda HTML-koodia nopeasti ja tehokkaasti ilman, ett\u00e4 koodia tarvitsee kirjoittaa manuaalisesti. N\u00e4m\u00e4 ty\u00f6kalut ovat erityisen hy\u00f6dyllisi\u00e4 henkil\u00f6ille, joilla ei ehk\u00e4 ole laajaa koodauskokemusta, mutta joiden on luotava HTML-koodia eri tarkoituksiin, kuten web-kehitykseen, s\u00e4hk\u00f6postimalleihin tai median upottamiseen.<\/p>\n\n\n\n<h3 class=\"wp-block-heading\">Miksi k\u00e4ytt\u00e4\u00e4 HTML-koodigeneraattoria?<\/h3>\n\n\n\n<h4 class=\"wp-block-heading\">T\u00e4rkeimm\u00e4t edut<\/h4>\n\n\n\n<ul class=\"wp-block-list\">\n<li class=\"\"><strong>Tehokkuus<\/strong>: Nopeuttaa koodausprosessia merkitt\u00e4v\u00e4sti.<\/li>\n\n\n\n<li class=\"\"><strong>K\u00e4ytt\u00e4j\u00e4yst\u00e4v\u00e4llinen<\/strong>: Ei vaadi aiempaa koodaustaitoa.<\/li>\n\n\n\n<li class=\"\"><strong>Virheiden v\u00e4hent\u00e4minen<\/strong>: Minimoi koodausvirheet ja varmistaa puhtaamman koodin.<\/li>\n\n\n\n<li class=\"\"><strong>Monipuolisuus<\/strong>: Voi luoda erilaisia HTML-elementtej\u00e4.<\/li>\n\n\n\n<li class=\"\"><strong>Mukauttaminen<\/strong>: Mahdollistaa k\u00e4ytt\u00e4jien muokata luotua koodia tarpeen mukaan.<\/li>\n<\/ul>\n\n\n\n<h4 class=\"wp-block-heading\">Yleisesti haetut k\u00e4ytt\u00e4j\u00e4kysymykset<\/h4>\n\n\n\n<ol class=\"wp-block-list\">\n<li class=\"\"><strong>Miten luoda HTML-koodia kuvakaappauksista?<\/strong>\n<ul class=\"wp-block-list\">\n<li class=\"\">K\u00e4ytt\u00e4m\u00e4ll\u00e4 suositeltua ty\u00f6kalua: <a href=\"https:\/\/aiartfree.online\/fi\/html-koodigeneraattori\/\">HTML-koodigeneraattori<\/a><\/li>\n<\/ul>\n<\/li>\n\n\n\n<li class=\"\"><strong>Voiko Adobe XD luoda HTML-koodia?<\/strong>\n<ul class=\"wp-block-list\">\n<li class=\"\">Adobe XD on ensisijaisesti suunnitteluty\u00f6kalu, eik\u00e4 se tuota suoraan HTML-koodia.<\/li>\n<\/ul>\n<\/li>\n\n\n\n<li class=\"\"><strong>Kuinka luoda HTML-koodi automaattisesti VSCodessa?<\/strong>\n<ul class=\"wp-block-list\">\n<li class=\"\">K\u00e4yt\u00e4 laajennuksia, kuten Emmet, HTML-koodin automaattiseen luomiseen VSCodessa.<\/li>\n<\/ul>\n<\/li>\n<\/ol>\n\n\n\n<h3 class=\"wp-block-heading\">HTML-koodigeneraattoreiden t\u00e4rkeimm\u00e4t ominaisuudet<\/h3>\n\n\n\n<h4 class=\"wp-block-heading\">HTML-tekstigeneraattori<\/h4>\n\n\n\n<p class=\"\">Mahdollistaa k\u00e4ytt\u00e4jien sy\u00f6tt\u00e4\u00e4 teksti\u00e4 ja vastaanottaa vastaavan HTML-koodin.<\/p>\n\n\n\n<h4 class=\"wp-block-heading\">Taulukko HTML Creator<\/h4>\n\n\n\n<p class=\"\">Luo HTML-koodia taulukoille, mik\u00e4 helpottaa monimutkaisten taulukkorakenteiden luomista.<\/p>\n\n\n\n<h4 class=\"wp-block-heading\">AI HTML Generator<\/h4>\n\n\n\n<p class=\"\">K\u00e4ytt\u00e4\u00e4 teko\u00e4ly\u00e4 HTML-koodin luomiseen, mik\u00e4 tekee prosessista nopeamman ja intuitiivisemman.<\/p>\n\n\n\n<h4 class=\"wp-block-heading\">HTML taulukko Maker<\/h4>\n\n\n\n<p class=\"\">Yksinkertaistaa HTML-taulukoiden luomista tarjoamalla helppok\u00e4ytt\u00f6isen k\u00e4ytt\u00f6liittym\u00e4n.<\/p>\n\n\n\n<h4 class=\"wp-block-heading\">HTML-koodin luominen tekstist\u00e4<\/h4>\n\n\n\n<p class=\"\">Muuntaa tavallisen tekstin muotoilluksi HTML-koodiksi.<\/p>\n\n\n\n<h4 class=\"wp-block-heading\">HTML-koodin luominen kuvasta<\/h4>\n\n\n\n<p class=\"\">Muuntaa kuvat HTML-koodiksi, joka on hy\u00f6dyllinen median upottamiseen verkkosivuille.<\/p>\n\n\n\n<h4 class=\"wp-block-heading\">Rekister\u00f6itymist\u00e4 ei tarvita<\/h4>\n\n\n\n<p class=\"\">K\u00e4ytt\u00e4j\u00e4t voivat luoda HTML-koodia ilman tilin luomista.<\/p>\n\n\n\n<h4 class=\"wp-block-heading\">100% Ilmainen ja rajoittamaton k\u00e4ytt\u00f6<\/h4>\n\n\n\n<p class=\"\">Ty\u00f6kalun k\u00e4ytt\u00f6 on t\u00e4ysin ilmaista, eik\u00e4 sen k\u00e4ytt\u00f6 ole rajoitettu luotavien koodien m\u00e4\u00e4r\u00e4\u00e4n.<\/p>\n\n\n\n<h3 class=\"wp-block-heading\">Kohderyhm\u00e4 ja k\u00e4ytt\u00f6tarkoitukset<\/h3>\n\n\n\n<h4 class=\"wp-block-heading\">Sopii:<\/h4>\n\n\n\n<ul class=\"wp-block-list\">\n<li class=\"\"><strong>Web-kehitt\u00e4j\u00e4t<\/strong>: Verkkosivujen nopeaan luomiseen ja prototyyppien luomiseen.<\/li>\n\n\n\n<li class=\"\"><strong>Suunnittelijat<\/strong>: Suunnitteluelementtien upottamiseen HTML:\u00e4\u00e4n.<\/li>\n\n\n\n<li class=\"\"><strong>Sis\u00e4ll\u00f6ntuottajat<\/strong>: Blogien, s\u00e4hk\u00f6postien ja verkkosivustojen sis\u00e4ll\u00f6n muotoiluun.<\/li>\n\n\n\n<li class=\"\"><strong>Opiskelijat ja opettajat<\/strong>: HTML:n oppimiseen ja opettamiseen.<\/li>\n<\/ul>\n\n\n\n<h4 class=\"wp-block-heading\">Teollisuuden sovellukset:<\/h4>\n\n\n\n<ul class=\"wp-block-list\">\n<li class=\"\"><strong>S\u00e4hk\u00f6inen kaupank\u00e4ynti<\/strong>: Tuoteluetteloiden ja -kuvausten luominen.<\/li>\n\n\n\n<li class=\"\"><strong>Digitaalinen markkinointi<\/strong>: S\u00e4hk\u00f6postimallien ja aloitussivujen suunnittelu.<\/li>\n\n\n\n<li class=\"\"><strong>Koulutus<\/strong>: HTML:n ja web-kehityksen opettaminen.<\/li>\n\n\n\n<li class=\"\"><strong>Media ja viihde<\/strong>: Multimediasis\u00e4ll\u00f6n upottaminen verkkosivuille.<\/li>\n<\/ul>\n\n\n\n<h3 class=\"wp-block-heading\">HTML-koodigeneraattorin k\u00e4ytt\u00f6<\/h3>\n\n\n\n<ol class=\"wp-block-list\">\n<li class=\"\"><strong>Ty\u00f6kalun k\u00e4ytt\u00f6<\/strong>\n<ul class=\"wp-block-list\">\n<li class=\"\">K\u00e4y osoitteessa <a href=\"https:\/\/aiartfree.online\/fi\/html-koodigeneraattori\/\">HTML-koodigeneraattori<\/a>.<\/li>\n<\/ul>\n<\/li>\n\n\n\n<li class=\"\"><strong>Valitse koodin tyyppi<\/strong>\n<ul class=\"wp-block-list\">\n<li class=\"\">Valitse vaihtoehdoista teksti, taulukko tai kuva-koodi.<\/li>\n<\/ul>\n<\/li>\n\n\n\n<li class=\"\"><strong>Sy\u00f6t\u00e4 sis\u00e4lt\u00f6si<\/strong>\n<ul class=\"wp-block-list\">\n<li class=\"\">Kirjoita teksti tai lataa kuva, jonka haluat muuntaa.<\/li>\n<\/ul>\n<\/li>\n\n\n\n<li class=\"\"><strong>Koodin luominen<\/strong>\n<ul class=\"wp-block-list\">\n<li class=\"\">Napsauta generate-painiketta saadaksesi HTML-koodin.<\/li>\n<\/ul>\n<\/li>\n\n\n\n<li class=\"\"><strong>Kopioi ja k\u00e4yt\u00e4<\/strong>\n<ul class=\"wp-block-list\">\n<li class=\"\">Kopioi luotu koodi ja liit\u00e4 se projektiisi.<\/li>\n<\/ul>\n<\/li>\n<\/ol>\n\n\n\n<h3 class=\"wp-block-heading\">HTML-koodigeneraattoreiden k\u00e4ytt\u00f6tapaukset<\/h3>\n\n\n\n<h4 class=\"wp-block-heading\">Verkkokehitys<\/h4>\n\n\n\n<p class=\"\">Rakenteisten verkkosivujen luominen pienell\u00e4 vaivalla.<\/p>\n\n\n\n<h4 class=\"wp-block-heading\">S\u00e4hk\u00f6postimarkkinointi<\/h4>\n\n\n\n<p class=\"\">Reagoivien s\u00e4hk\u00f6postimallien suunnittelu.<\/p>\n\n\n\n<h4 class=\"wp-block-heading\">Bloggaaminen<\/h4>\n\n\n\n<p class=\"\">Blogikirjoitusten muotoilu HTML:ll\u00e4 parempaa esitystapaa varten.<\/p>\n\n\n\n<h4 class=\"wp-block-heading\">Verkko-opetus<\/h4>\n\n\n\n<p class=\"\">Auttaa oppilaita harjoittelemaan ja ymm\u00e4rt\u00e4m\u00e4\u00e4n HTML-koodausta.<\/p>\n\n\n\n<h4 class=\"wp-block-heading\">Digitaalinen mainonta<\/h4>\n\n\n\n<p class=\"\">Mainosbannerien ja aloitussivujen luominen.<\/p>\n\n\n\n<h3 class=\"wp-block-heading\">Tietoa 10:lt\u00e4 asiaan liittyv\u00e4lt\u00e4 verkkosivustolta<\/h3>\n\n\n\n<figure class=\"wp-block-table\"><table class=\"has-fixed-layout\"><thead><tr><th>Verkkosivusto<\/th><th>Ominaisuudet<\/th><th>Edut<\/th><th>Haasteet<\/th><th>URL<\/th><\/tr><\/thead><tbody><tr><td><strong><a href=\"https:\/\/aiartfree.online\/fi\/html-koodigeneraattori\/\" data-type=\"link\" data-id=\"https:\/\/aiartfree.online\/html-code-generator\">HTML-koodigeneraattori kuvakaappauksista<\/a><\/strong><\/td><td>HTML-koodiesimerkkej\u00e4, opetusohjelmat<\/td><td>Kattava, ilmainen<\/td><td>Perusominaisuudet<\/td><td><a href=\"https:\/\/aiartfree.online\/fi\/html-koodigeneraattori\/\">https:\/\/aiartfree.online\/html-code-generator<\/a><\/td><\/tr><tr><td>Koodi Beautify<\/td><td>HTML Viewer, Minifier<\/td><td>Helppok\u00e4ytt\u00f6inen, nopea<\/td><td>Mainokset L\u00e4sn\u00e4<\/td><td>codebeautify.org<\/td><\/tr><tr><td>HTML Online<\/td><td>HTML-editori, Cleaner<\/td><td>K\u00e4ytt\u00e4j\u00e4yst\u00e4v\u00e4llinen, ilmainen<\/td><td>Rajoitettu r\u00e4\u00e4t\u00e4l\u00f6inti<\/td><td>html-cleaner.com<\/td><\/tr><tr><td>HTML-koodigeneraattori<\/td><td>Teksti HTML:ksi, taulukkogeneraattori<\/td><td>Tehokas, ei rekister\u00f6itymist\u00e4<\/td><td>Perussuunnittelu<\/td><td>html-code-generator.com<\/td><\/tr><tr><td>Pinegrow<\/td><td>Visuaalinen HTML-editori<\/td><td>Ammattimaiset ominaisuudet<\/td><td>Kallis<\/td><td>pinegrow.com<\/td><\/tr><tr><td>HTML5-editori<\/td><td>Online HTML-editori<\/td><td>Ilmainen, ei rekister\u00f6itymist\u00e4<\/td><td>Mainokset L\u00e4sn\u00e4<\/td><td>html5-editor.net<\/td><\/tr><tr><td>Quackit<\/td><td>HTML-koodin opetusohjelmat, esimerkkej\u00e4<\/td><td>Koulutuksellinen, ilmainen<\/td><td>Perusominaisuudet<\/td><td>quackit.com<\/td><\/tr><tr><td>FreeFormatter<\/td><td>HTML-muotoilija, kaunistaja<\/td><td>Nopea, ilmainen<\/td><td>Mainokset L\u00e4sn\u00e4<\/td><td>freeformatter.com<\/td><\/tr><tr><td>JSFiddle<\/td><td>Online-editori, HTML, CSS, JS<\/td><td>Yhteisty\u00f6kykyinen, monipuolinen<\/td><td>Vaatii kirjautumisen<\/td><td>jsfiddle.net<\/td><\/tr><tr><td>HTML-taulukkogeneraattori<\/td><td>Taulukon luoja, Mukauttaminen<\/td><td>Helppok\u00e4ytt\u00f6inen, ilmainen<\/td><td>Rajoitetut ominaisuudet<\/td><td>rapidtables.com<\/td><\/tr><\/tbody><\/table><\/figure>\n\n\n\n<h3 class=\"wp-block-heading\">HTML-koodin tuottamisen hyv\u00e4t ja huonot puolet<\/h3>\n\n\n\n<h4 class=\"wp-block-heading\">Plussaa:<\/h4>\n\n\n\n<ul class=\"wp-block-list\">\n<li class=\"\"><strong>Saavutettavuus<\/strong>: Ty\u00f6kalut ovat saatavilla verkossa ilmaiseksi.<\/li>\n\n\n\n<li class=\"\"><strong>Aikaa s\u00e4\u00e4st\u00e4v\u00e4<\/strong>: Nopeuttaa koodausprosessia.<\/li>\n\n\n\n<li class=\"\"><strong>K\u00e4ytt\u00e4j\u00e4yst\u00e4v\u00e4llinen<\/strong>: Sopii aloittelijoille ja ammattilaisille.<\/li>\n<\/ul>\n\n\n\n<h4 class=\"wp-block-heading\">Miinukset:<\/h4>\n\n\n\n<ul class=\"wp-block-list\">\n<li class=\"\"><strong>Mukauttamisen rajoitukset<\/strong>: Jotkin ty\u00f6kalut tarjoavat rajoitetun mukauttamisen.<\/li>\n\n\n\n<li class=\"\"><strong>Internet-riippuvuus<\/strong>: Vaatii internet-yhteyden.<\/li>\n\n\n\n<li class=\"\"><strong>Oppimisk\u00e4yr\u00e4<\/strong>: Jotkin lis\u00e4ominaisuudet saattavat vaatia opettelua.<\/li>\n<\/ul>\n\n\n\n<h4 class=\"wp-block-heading\">Edut ja haasteet:<\/h4>\n\n\n\n<ul class=\"wp-block-list\">\n<li class=\"\"><strong>Edut<\/strong>: Tehokkuus, tarkkuus, monipuolisuus.<\/li>\n\n\n\n<li class=\"\"><strong>Haasteet<\/strong>: R\u00e4\u00e4t\u00e4l\u00f6inti, Internet-riippuvuus, oppimisvaatimukset.<\/li>\n<\/ul>\n\n\n\n<h4 class=\"wp-block-heading\">Suositukset:<\/h4>\n\n\n\n<ul class=\"wp-block-list\">\n<li class=\"\">K\u00e4yt\u00e4 hyv\u00e4maineisia ty\u00f6kaluja, joilla on vahva tuki.<\/li>\n\n\n\n<li class=\"\">Yhdistet\u00e4\u00e4n manuaaliseen koodaukseen monimutkaisempia teht\u00e4vi\u00e4 varten.<\/li>\n\n\n\n<li class=\"\">P\u00e4ivit\u00e4 s\u00e4\u00e4nn\u00f6llisesti tiet\u00e4myst\u00e4si uusista ty\u00f6kaluista ja ominaisuuksista.<\/li>\n<\/ul>\n\n\n\n<h3 class=\"wp-block-heading\">FAQ<\/h3>\n\n\n\n<ol class=\"wp-block-list\">\n<li class=\"\"><strong>Miten luoda HTML-koodia kuvakaappauksista?<\/strong>\n<ul class=\"wp-block-list\">\n<li class=\"\">K\u00e4yt\u00e4 suosittelemaamme ty\u00f6kalua: <a href=\"https:\/\/aiartfree.online\/fi\/html-koodigeneraattori\/\">HTML-koodigeneraattori<\/a><\/li>\n<\/ul>\n<\/li>\n\n\n\n<li class=\"\"><strong>Voiko Adobe XD luoda HTML-koodia?<\/strong>\n<ul class=\"wp-block-list\">\n<li class=\"\">Adobe XD ei tuota suoraan HTML-koodia.<\/li>\n<\/ul>\n<\/li>\n\n\n\n<li class=\"\"><strong>Kuinka luoda HTML-koodi automaattisesti VSCodessa?<\/strong>\n<ul class=\"wp-block-list\">\n<li class=\"\">K\u00e4yt\u00e4 laajennuksia kuten Emmet.<\/li>\n<\/ul>\n<\/li>\n\n\n\n<li class=\"\"><strong>Miten luoda HTML-koodia?<\/strong>\n<ul class=\"wp-block-list\">\n<li class=\"\">K\u00e4yt\u00e4 suosittelemaamme ty\u00f6kalua: <a href=\"https:\/\/aiartfree.online\/fi\/html-koodigeneraattori\/\">HTML-koodigeneraattori<\/a><\/li>\n<\/ul>\n<\/li>\n\n\n\n<li class=\"\"><strong>Miten luoda HTML-koodia kuvasta?<\/strong>\n<ul class=\"wp-block-list\">\n<li class=\"\">K\u00e4yt\u00e4 suosittelemaamme ty\u00f6kalua: <a href=\"https:\/\/aiartfree.online\/fi\/html-koodigeneraattori\/\">HTML-koodigeneraattori<\/a><\/li>\n<\/ul>\n<\/li>\n\n\n\n<li class=\"\"><strong>Onko olemassa ilmaista HTML-koodigeneraattoria?<\/strong>\n<ul class=\"wp-block-list\">\n<li class=\"\">Kyll\u00e4, monet ty\u00f6kalut ovat 100% ilmaisia ja rajoittamattomia.<\/li>\n<\/ul>\n<\/li>\n\n\n\n<li class=\"\"><strong>Voinko luoda HTML-koodia ilman rekister\u00f6itymist\u00e4?<\/strong>\n<ul class=\"wp-block-list\">\n<li class=\"\">Kyll\u00e4, ty\u00f6kalumme ei vaadi rekister\u00f6itymist\u00e4.<\/li>\n<\/ul>\n<\/li>\n\n\n\n<li class=\"\"><strong>Mik\u00e4 on paras HTML-koodigeneraattori?<\/strong>\n<ul class=\"wp-block-list\">\n<li class=\"\">Ty\u00f6kalumme on eritt\u00e4in suositeltava ominaisuuksiensa ja helppok\u00e4ytt\u00f6isyytens\u00e4 vuoksi.<\/li>\n<\/ul>\n<\/li>\n\n\n\n<li class=\"\"><strong>Kuinka luoda taulukko HTML:ss\u00e4 helposti?<\/strong>\n<ul class=\"wp-block-list\">\n<li class=\"\">K\u00e4yt\u00e4 taulukon HTML-ty\u00f6kalua.<\/li>\n<\/ul>\n<\/li>\n\n\n\n<li class=\"\"><strong>Voinko luoda HTML-koodia tekstille?<\/strong><\/li>\n<\/ol>\n\n\n\n<ul class=\"wp-block-list\">\n<li class=\"\">Kyll\u00e4, k\u00e4yt\u00e4 HTML-tekstigeneraattoriamme.<\/li>\n<\/ul>\n\n\n\n<h3 class=\"wp-block-heading\">Yhteenveto<\/h3>\n\n\n\n<h4 class=\"wp-block-heading\">T\u00e4rkeimm\u00e4t edut:<\/h4>\n\n\n\n<ul class=\"wp-block-list\">\n<li class=\"\"><strong>Tehokkuus<\/strong>: Nopeuttaa koodausprosessia.<\/li>\n\n\n\n<li class=\"\"><strong>K\u00e4ytt\u00e4j\u00e4yst\u00e4v\u00e4llinen<\/strong>: Sopii kaikille taitotasoille.<\/li>\n\n\n\n<li class=\"\"><strong>Monipuolisuus<\/strong>: Luo erilaisia HTML-elementtej\u00e4.<\/li>\n<\/ul>\n\n\n\n<p class=\"\">Aloita k\u00e4ytt\u00e4m\u00e4\u00e4n <a href=\"https:\/\/aiartfree.online\/fi\/html-koodigeneraattori\/\">HTML-koodigeneraattori<\/a> t\u00e4n\u00e4\u00e4n luoda HTML-koodia vaivattomasti ja parantaa web-kehitysprojekteja.<\/p>\n\n\n\n<p class=\"\">Jos sinulla on lis\u00e4kysymyksi\u00e4, voit kysy\u00e4 niit\u00e4 t\u00e4\u00e4lt\u00e4. <a href=\"https:\/\/chatgpt4o.space\/\" target=\"_blank\" data-type=\"link\" data-id=\"https:\/\/chatgpt4o.space\/\" rel=\"noreferrer noopener\">ilmainen online chat GPT 4o<\/a>.<br><\/p>","protected":false},"excerpt":{"rendered":"<p>Before vs After How to use the HTML Code Generator * Feel free to try our examples below if you don&#8217;t have any thoughts in your mind *&nbsp;Depending on your internet speed, loading the model may take up to 10 seconds \u2193 Efficient and User-Friendly HTML Code Generators: The Ultimate Tool for Web Development What &#8230; <a title=\"HTML-koodigeneraattori\" class=\"read-more\" href=\"https:\/\/aiartfree.online\/fi\/html-koodigeneraattori\/\" aria-label=\"Lue lis\u00e4\u00e4 aiheesta HTML Code Generator\">Lue lis\u00e4\u00e4<\/a><\/p>","protected":false},"author":1,"featured_media":3427,"parent":0,"menu_order":0,"comment_status":"open","ping_status":"closed","template":"","meta":{"nf_dc_page":"","footnotes":""},"class_list":["post-3416","page","type-page","status-publish","has-post-thumbnail"],"jetpack_sharing_enabled":true,"_links":{"self":[{"href":"https:\/\/aiartfree.online\/fi\/wp-json\/wp\/v2\/pages\/3416","targetHints":{"allow":["GET"]}}],"collection":[{"href":"https:\/\/aiartfree.online\/fi\/wp-json\/wp\/v2\/pages"}],"about":[{"href":"https:\/\/aiartfree.online\/fi\/wp-json\/wp\/v2\/types\/page"}],"author":[{"embeddable":true,"href":"https:\/\/aiartfree.online\/fi\/wp-json\/wp\/v2\/users\/1"}],"replies":[{"embeddable":true,"href":"https:\/\/aiartfree.online\/fi\/wp-json\/wp\/v2\/comments?post=3416"}],"version-history":[{"count":0,"href":"https:\/\/aiartfree.online\/fi\/wp-json\/wp\/v2\/pages\/3416\/revisions"}],"wp:featuredmedia":[{"embeddable":true,"href":"https:\/\/aiartfree.online\/fi\/wp-json\/wp\/v2\/media\/3427"}],"wp:attachment":[{"href":"https:\/\/aiartfree.online\/fi\/wp-json\/wp\/v2\/media?parent=3416"}],"curies":[{"name":"wp","href":"https:\/\/api.w.org\/{rel}","templated":true}]}}