{"id":3412,"date":"2024-08-01T08:56:22","date_gmt":"2024-08-01T08:56:22","guid":{"rendered":"https:\/\/aiartfree.online\/?page_id=3412"},"modified":"2024-08-01T09:11:21","modified_gmt":"2024-08-01T09:11:21","slug":"speech-to-text","status":"publish","type":"page","link":"https:\/\/aiartfree.online\/fi\/puheesta-tekstiksi\/","title":{"rendered":"Puheesta tekstiksi"},"content":{"rendered":"<h2 class=\"wp-block-heading\">Puheesta tekstiksi -toiminnon k\u00e4ytt\u00e4minen<\/h2>\n\n\n\n<ol class=\"wp-block-list\">\n<li class=\"\">Lataa \u00e4\u00e4nitiedosto, odota hetki<\/li>\n\n\n\n<li class=\"\">Napsauta \"Transcribe Audio\"<\/li>\n\n\n\n<li class=\"\">Hetkinen, siin\u00e4 se on!<\/li>\n<\/ol>\n\n\n\n<p class=\"\">* Tietue ei ole t\u00e4ll\u00e4 hetkell\u00e4 saatavilla<\/p>\n\n\n\n<p class=\"\"><em>* Internetin nopeudesta riippuen mallin lataaminen voi kest\u00e4\u00e4... <\/em>enint\u00e4\u00e4n 10 sekuntia \u2193<\/p>\n\n\n\n<div style=\"text-align: center; border: 2px solid; border-image-source: linear-gradient(to right, #16b86c, #912899); border-image-slice: 1; box-shadow: 0 0 10px rgba(0, 0, 0, 0.1); border-radius: 15px; position: relative;\">\n  <div class=\"loading\" style=\"position: absolute; top: 100px; left: 50%; transform: translate(-50%, -50%); width: 40px; height: 40px; border: 3px solid #f0f0f0; border-top: 3px solid #16b86c; border-radius: 50%; animation: spin 1s linear infinite;\"><\/div>\n  <iframe loading=\"lazy\"\n    src=\"https:\/\/xenova-whisper-web.static.hf.space\"\n    frameborder=\"0\"\n    width=\"100%\"\n    height=\"900\"\n    style=\"display: inline-block; margin: 0 auto; opacity: 0; transition: opacity 0.3s;\"\n    onload=\"this.style.opacity=1;this.previousElementSibling.style.display='none';\"\n  ><\/iframe>\n<\/div>\n<style>\n@keyframes spin {\n  0% { transform: translate(-50%, -50%) rotate(0deg); }\n  100% { transform: translate(-50%, -50%) rotate(360deg); }\n}\n<\/style>\n\n\n\n<div style=\"height:80px\" aria-hidden=\"true\" class=\"wp-block-spacer\"><\/div>\n\n\n\n<h2 class=\"wp-block-heading\">Perimm\u00e4inen opas puheesta tekstiksi<\/h2>\n\n\n\n<h3 class=\"wp-block-heading\">Yhteenveto p\u00e4\u00e4piirteitt\u00e4in<\/h3>\n\n\n\n<p class=\"\">T\u00e4ss\u00e4 artikkelissa luodaan kattava katsaus puheesta tekstiin -teknologiaan, mukaan lukien sen m\u00e4\u00e4ritelm\u00e4, edut, p\u00e4\u00e4ominaisuudet, kohderyhm\u00e4 ja k\u00e4ytt\u00f6ohjeet. Siin\u00e4 tuodaan esiin erilaisia k\u00e4ytt\u00f6tapauksia ja vertaillaan yksityiskohtaisesti parhaita ty\u00f6kaluja ja tietoja 10:lt\u00e4 aiheeseen liittyv\u00e4lt\u00e4 verkkosivustolta. Artikkelin lopussa k\u00e4sitell\u00e4\u00e4n alan hyvi\u00e4 ja huonoja puolia ja vastataan usein kysyttyihin kysymyksiin.<\/p>\n\n\n\n<figure class=\"wp-block-image size-large is-resized\"><img data-recalc-dims=\"1\" data-dominant-color=\"f3f5f6\" data-has-transparency=\"false\" decoding=\"async\" width=\"1024\" height=\"616\"   loading=\"lazy\" src=\"https:\/\/i0.wp.com\/aiartfree.online\/wp-content\/uploads\/2024\/08\/WX20240801-130434%402x-1-1024x616.webp?resize=1024%2C616&#038;ssl=1\" alt=\"Puheesta tekstiksi -tekniikka, joka tunnetaan my\u00f6s nimell\u00e4 puheentunnistus tai puheentunnistus, on tekniikka, joka muuntaa puhutut sanat kirjoitetuksi tekstiksi. Se hy\u00f6dynt\u00e4\u00e4 kehittyneit\u00e4 algoritmeja ja teko\u00e4ly\u00e4 ymm\u00e4rt\u00e4\u00e4kseen ja transkriboidakseen ihmisen puhetta reaaliajassa tai tallennetuista \u00e4\u00e4nitiedostoista.\" class=\"wp-image-3418 not-transparent\" style=\"--dominant-color: #f3f5f6; width:691px;height:auto\" srcset=\"https:\/\/i0.wp.com\/aiartfree.online\/wp-content\/uploads\/2024\/08\/WX20240801-130434%402x-1-jpg.webp?resize=1024%2C616&amp;ssl=1 1024w, https:\/\/i0.wp.com\/aiartfree.online\/wp-content\/uploads\/2024\/08\/WX20240801-130434%402x-1-jpg.webp?resize=300%2C180&amp;ssl=1 300w, https:\/\/i0.wp.com\/aiartfree.online\/wp-content\/uploads\/2024\/08\/WX20240801-130434%402x-1-jpg.webp?resize=768%2C462&amp;ssl=1 768w, https:\/\/i0.wp.com\/aiartfree.online\/wp-content\/uploads\/2024\/08\/WX20240801-130434%402x-1-jpg.webp?resize=1536%2C923&amp;ssl=1 1536w, https:\/\/i0.wp.com\/aiartfree.online\/wp-content\/uploads\/2024\/08\/WX20240801-130434%402x-1-jpg.webp?resize=18%2C12&amp;ssl=1 18w, https:\/\/i0.wp.com\/aiartfree.online\/wp-content\/uploads\/2024\/08\/WX20240801-130434%402x-1-jpg.webp?resize=600%2C361&amp;ssl=1 600w, https:\/\/i0.wp.com\/aiartfree.online\/wp-content\/uploads\/2024\/08\/WX20240801-130434%402x-1-jpg.webp?w=1898&amp;ssl=1 1898w\" sizes=\"auto, (max-width: 1024px) 100vw, 1024px\" \/><\/figure>\n\n\n\n<h3 class=\"wp-block-heading\">Sis\u00e4llysluettelo<\/h3>\n\n\n\n<ol class=\"wp-block-list\">\n<li class=\"\"><a href=\"#what-is-speech-to-text\">Mit\u00e4 on puheesta tekstiksi?<\/a><\/li>\n\n\n\n<li class=\"\"><a href=\"#why-use-speech-to-text\">Miksi k\u00e4ytt\u00e4\u00e4 puheesta tekstiksi -tekniikkaa?<\/a><\/li>\n\n\n\n<li class=\"\"><a href=\"#main-features-of-speech-to-text\">Puheesta tekstiksi -ohjelman t\u00e4rkeimm\u00e4t ominaisuudet<\/a><\/li>\n\n\n\n<li class=\"\"><a href=\"#who-should-use-speech-to-text\">Kenen pit\u00e4isi k\u00e4ytt\u00e4\u00e4 puheesta tekstiksi -tekstityst\u00e4?<\/a><\/li>\n\n\n\n<li class=\"\"><a href=\"#how-to-use-speech-to-text\">Puheesta tekstiksi -toiminnon k\u00e4ytt\u00e4minen<\/a><\/li>\n\n\n\n<li class=\"\"><a href=\"#speech-to-text-use-cases\">Puheesta tekstiksi - k\u00e4ytt\u00f6tapaukset<\/a><\/li>\n\n\n\n<li class=\"\"><a href=\"#top-10-tools-and-information\">Top 10 ty\u00f6kalut ja tiedot<\/a><\/li>\n\n\n\n<li class=\"\"><a href=\"#industry-pros-and-cons\">Teollisuuden hyv\u00e4t ja huonot puolet<\/a><\/li>\n\n\n\n<li class=\"\"><a href=\"#faq\">FAQ<\/a><\/li>\n\n\n\n<li class=\"\"><a href=\"#summary\">Yhteenveto<\/a><\/li>\n<\/ol>\n\n\n\n<h2 class=\"wp-block-heading\">Mit\u00e4 on puheesta tekstiksi?<\/h2>\n\n\n\n<p class=\"\">Puheesta tekstiksi -tekniikka, joka tunnetaan my\u00f6s nimell\u00e4 puheentunnistus tai puheentunnistus, on tekniikka, joka muuntaa puhutut sanat kirjoitetuksi tekstiksi. Se hy\u00f6dynt\u00e4\u00e4 kehittyneit\u00e4 algoritmeja ja teko\u00e4ly\u00e4 ymm\u00e4rt\u00e4\u00e4kseen ja transkriboidakseen ihmisen puhetta reaaliajassa tai tallennetuista \u00e4\u00e4nitiedostoista.<\/p>\n\n\n\n<h2 class=\"wp-block-heading\">Miksi k\u00e4ytt\u00e4\u00e4 puheesta tekstiksi -tekniikkaa?<\/h2>\n\n\n\n<p class=\"\">Puheesta tekstiksi -teknologia tarjoaa lukuisia etuja, mik\u00e4 tekee siit\u00e4 t\u00e4rke\u00e4n ty\u00f6kalun eri k\u00e4ytt\u00e4jille ja toimialoille. T\u00e4rkeimpi\u00e4 etuja ovat:<\/p>\n\n\n\n<ul class=\"wp-block-list\">\n<li class=\"\"><strong>Tehokkuus<\/strong>: Nopeuttaa kirjallisen sis\u00e4ll\u00f6n luomista.<\/li>\n\n\n\n<li class=\"\"><strong>Saavutettavuus<\/strong>: Auttaa vammaisia henkil\u00f6it\u00e4 tai henkil\u00f6it\u00e4, jotka suosivat \u00e4\u00e4nisy\u00f6tt\u00f6\u00e4.<\/li>\n\n\n\n<li class=\"\"><strong>K\u00e4tevyys<\/strong>: Mahdollistaa handsfree-k\u00e4yt\u00f6n ja moniteht\u00e4v\u00e4isyyden.<\/li>\n\n\n\n<li class=\"\"><strong>Tarkkuus<\/strong>: Kehittyneet algoritmit v\u00e4hent\u00e4v\u00e4t virheit\u00e4 ja parantavat transkription laatua.<\/li>\n\n\n\n<li class=\"\"><strong>Monipuolisuus<\/strong>: Tukee useita kieli\u00e4, ja se voidaan integroida muihin ty\u00f6kaluihin, kuten Google Docsiin ja Google Driveen.<\/li>\n<\/ul>\n\n\n\n<h2 class=\"wp-block-heading\">Puheesta tekstiksi -ohjelman t\u00e4rkeimm\u00e4t ominaisuudet<\/h2>\n\n\n\n<h3 class=\"wp-block-heading\">Reaaliaikainen transkriptio<\/h3>\n\n\n\n<p class=\"\">Muuntaa puhutut sanat tekstiksi v\u00e4litt\u00f6m\u00e4sti, antaa v\u00e4lit\u00f6nt\u00e4 palautetta ja mahdollistaa saumattoman viestinn\u00e4n ja dokumentoinnin.<\/p>\n\n\n\n<h3 class=\"wp-block-heading\">\u00c4\u00e4nitiedoston transkriptio<\/h3>\n\n\n\n<p class=\"\">K\u00e4sittelee valmiiksi nauhoitettuja \u00e4\u00e4nitiedostoja, joten kokousten, luentojen ja haastattelujen puhtaaksikirjoittaminen on helppoa.<\/p>\n\n\n\n<h3 class=\"wp-block-heading\">Monikielinen tuki<\/h3>\n\n\n\n<p class=\"\">Tunnistaa ja transkriboi puhetta eri kielill\u00e4 ja palvelee maailmanlaajuista yleis\u00f6\u00e4.<\/p>\n\n\n\n<h3 class=\"wp-block-heading\">\u00c4\u00e4nell\u00e4 kirjoittaminen ja ohjaus<\/h3>\n\n\n\n<p class=\"\">Mahdollistaa k\u00e4ytt\u00e4jien kirjoittamisen ja laitteiden ohjaamisen \u00e4\u00e4nikomennoilla, mik\u00e4 parantaa tuottavuutta ja saavutettavuutta.<\/p>\n\n\n\n<h3 class=\"wp-block-heading\">Taustamelun k\u00e4sittely<\/h3>\n\n\n\n<p class=\"\">Suodattaa taustah\u00e4lyn pois transkriptioiden tarkkuuden parantamiseksi ja varmistaa selke\u00e4n ja tarkan tekstitulosteen.<\/p>\n\n\n\n<h2 class=\"wp-block-heading\">Kenen pit\u00e4isi k\u00e4ytt\u00e4\u00e4 puheesta tekstiksi -tekstityst\u00e4?<\/h2>\n\n\n\n<h3 class=\"wp-block-heading\">Vammaiset henkil\u00f6t<\/h3>\n\n\n\n<p class=\"\">Tarjoaa arvokkaan v\u00e4lineen niille, joilla on fyysisi\u00e4 rajoitteita, ja mahdollistaa vuorovaikutuksen teknologian kanssa \u00e4\u00e4nikomentojen avulla.<\/p>\n\n\n\n<h3 class=\"wp-block-heading\">Ammattilaiset ja opiskelijat<\/h3>\n\n\n\n<p class=\"\">Ihanteellinen asiakirjojen luomiseen, muistiinpanojen tekemiseen ja kokousten tai luentojen puhtaaksikirjoittamiseen nopeasti ja tarkasti.<\/p>\n\n\n\n<h3 class=\"wp-block-heading\">Sis\u00e4ll\u00f6ntuottajat<\/h3>\n\n\n\n<p class=\"\">Tehostaa sis\u00e4ll\u00f6n luomista muuntamalla puhutut ideat tekstiksi, mik\u00e4 s\u00e4\u00e4st\u00e4\u00e4 aikaa ja vaivaa.<\/p>\n\n\n\n<h3 class=\"wp-block-heading\">Monikieliset k\u00e4ytt\u00e4j\u00e4t<\/h3>\n\n\n\n<p class=\"\">Auttaa k\u00e4ytt\u00e4ji\u00e4, jotka tarvitsevat puheen transkriptiota eri kielill\u00e4, mik\u00e4 helpottaa viestint\u00e4\u00e4 ja dokumentointia yli kielirajojen.<\/p>\n\n\n\n<h2 class=\"wp-block-heading\">Puheesta tekstiksi -toiminnon k\u00e4ytt\u00e4minen<\/h2>\n\n\n\n<h3 class=\"wp-block-heading\">Vaiheittaiset ohjeet<\/h3>\n\n\n\n<ol class=\"wp-block-list\">\n<li class=\"\"><strong>Valitse ty\u00f6kalu<\/strong>: Valitse luotettava puheesta tekstiksi -ty\u00f6kalu, kuten <a href=\"https:\/\/aiartfree.online\/fi\/puheesta-tekstiksi\/\">aiartfree.online<\/a>.<\/li>\n\n\n\n<li class=\"\"><strong>Avaa sovellus<\/strong>: P\u00e4\u00e4set verkkosovellukseen laitteellasi.<\/li>\n\n\n\n<li class=\"\"><strong>Napauta mikrofonia<\/strong>: Ota mikrofoni k\u00e4ytt\u00f6\u00f6n tallennuksen aloittamista varten.<\/li>\n\n\n\n<li class=\"\"><strong>Puhu selv\u00e4sti<\/strong>: Varmista, ett\u00e4 puhut selv\u00e4sti ja v\u00e4lt\u00e4t taustamelua.<\/li>\n\n\n\n<li class=\"\"><strong>Muokkaa ja tallenna<\/strong>: Tarkista transkription oikeellisuus, tee tarvittavat muutokset ja tallenna asiakirja.<\/li>\n<\/ol>\n\n\n\n<h2 class=\"wp-block-heading\">Puheesta tekstiksi - k\u00e4ytt\u00f6tapaukset<\/h2>\n\n\n\n<h3 class=\"wp-block-heading\">Akateeminen transkriptio<\/h3>\n\n\n\n<p class=\"\">Opiskelijat ja opettajat voivat transkriboida luentoja ja tutkimushaastatteluja, jotta niihin olisi helppo viitata ja opiskella.<\/p>\n\n\n\n<h3 class=\"wp-block-heading\">Yrityskokoukset<\/h3>\n\n\n\n<p class=\"\">Ammattilaiset voivat puhtaaksikirjoittaa kokouksia, ideointikokouksia ja konferensseja tarkkaa kirjanpitoa ja jakamista varten.<\/p>\n\n\n\n<h3 class=\"wp-block-heading\">Sis\u00e4ll\u00f6n luominen<\/h3>\n\n\n\n<p class=\"\">Kirjoittajat ja bloggaajat voivat sanella ideoitaan ja sis\u00e4lt\u00f6\u00e4\u00e4n, mik\u00e4 nopeuttaa kirjoittamisprosessia.<\/p>\n\n\n\n<h3 class=\"wp-block-heading\">Saavutettavuus<\/h3>\n\n\n\n<p class=\"\">Vammaiset henkil\u00f6t voivat k\u00e4ytt\u00e4\u00e4 puheesta tekstiin -teknologiaa helpottaakseen vuorovaikutusta teknologian kanssa ja luodakseen asiakirjoja ilman kirjoittamista.<\/p>\n\n\n\n<h3 class=\"wp-block-heading\">Asiakaspalvelu<\/h3>\n\n\n\n<p class=\"\">Yritykset voivat transkriboida asiakaspuheluita laadunvalvontaa ja koulutusta varten.<\/p>\n\n\n\n<h2 class=\"wp-block-heading\">Top 10 ty\u00f6kalut ja tiedot<\/h2>\n\n\n\n<figure class=\"wp-block-table\"><table class=\"has-fixed-layout\"><thead><tr><th>Ty\u00f6kalu\/verkkosivusto<\/th><th>Ominaisuudet<\/th><th>Edut<\/th><th>Haasteet<\/th><th>Suositukset<\/th><\/tr><\/thead><tbody><tr><td><a>Google Docsin \u00e4\u00e4nikirjoitus<\/a><\/td><td>Integrointi Google Docsiin, reaaliaikainen transkriptio<\/td><td>Helppok\u00e4ytt\u00f6inen, rekister\u00f6itymist\u00e4 ei tarvita<\/td><td>Vaatii internetyhteyden<\/td><td>Ihanteellinen Google Driven k\u00e4ytt\u00e4jille<\/td><\/tr><tr><td><a href=\"https:\/\/otter.ai\/\" target=\"_blank\" rel=\"noopener\">Otter.ai<\/a><\/td><td>Kehittynyt teko\u00e4ly, reaaliaikainen transkriptio<\/td><td>Tukee useita kieli\u00e4, yhteisty\u00f6ominaisuuksia<\/td><td>Rajoitettu ilmainen versio<\/td><td>Paras tiimity\u00f6skentelyyn<\/td><\/tr><tr><td><a href=\"https:\/\/www.rev.com\/\" target=\"_blank\" rel=\"noopener\">Rev.com<\/a><\/td><td>Ihmisen transkriptiopalvelut<\/td><td>Korkea tarkkuus, nopea l\u00e4pimenoaika<\/td><td>Maksullinen palvelu<\/td><td>Soveltuu korkealaatuisiin transkriptioihin<\/td><\/tr><tr><td><a href=\"https:\/\/www.temi.com\/\" target=\"_blank\" rel=\"noopener\">Temi.com<\/a><\/td><td>Automatisoitu transkriptio<\/td><td>Edullinen, nopea<\/td><td>Pienempi tarkkuus kuin henkil\u00f6st\u00f6palveluissa<\/td><td>Hyv\u00e4 nopeisiin, edullisiin transkriptioihin<\/td><\/tr><tr><td><a href=\"https:\/\/www.descript.com\/\" target=\"_blank\" rel=\"noopener\">Kuvaus<\/a><\/td><td>\u00c4\u00e4nen ja videon transkriptio, muokkausominaisuudet<\/td><td>Integroituu muokkausohjelmiston kanssa, tarkka<\/td><td>Vaatii tilauksen<\/td><td>Sopii erinomaisesti podcasteille ja videoeditoreille<\/td><\/tr><tr><td><a href=\"https:\/\/www.trint.com\/\" target=\"_blank\" rel=\"noopener\">Trint<\/a><\/td><td>Teko\u00e4lyn transkriptio, muokkausty\u00f6kalut<\/td><td>Korkea tarkkuus, helppok\u00e4ytt\u00f6inen<\/td><td>Rajoitettu ilmainen versio<\/td><td>Paras toimittajille ja tutkijoille<\/td><\/tr><tr><td><a href=\"https:\/\/sonix.ai\/\" target=\"_blank\" rel=\"noopener\">Sonix.ai<\/a><\/td><td>Automaattinen transkriptio, tuki useille kielille<\/td><td>Tarkka, nopea<\/td><td>Tarvitaan tilaus<\/td><td>Ihanteellinen monikielisille k\u00e4ytt\u00e4jille<\/td><\/tr><tr><td><a href=\"https:\/\/www.speechtexter.com\/\" target=\"_blank\" rel=\"noopener\">SpeechTexter<\/a><\/td><td>Reaaliaikainen transkriptio, tukee monia kieli\u00e4<\/td><td>Ilmainen, rekister\u00f6itymist\u00e4 ei tarvita<\/td><td>Tarvitaan Internet-yhteys<\/td><td>Paras satunnaisille k\u00e4ytt\u00e4jille<\/td><\/tr><tr><td><a>Nuance Dragon<\/a><\/td><td>Ammattilaistason transkriptioohjelmisto<\/td><td>Eritt\u00e4in tarkka, muokattavissa<\/td><td>Kallis<\/td><td>Soveltuu ammattik\u00e4ytt\u00f6\u00f6n<\/td><\/tr><tr><td><a href=\"https:\/\/azure.microsoft.com\/en-us\/services\/cognitive-services\/speech-to-text\/\" target=\"_blank\" rel=\"noopener\">Microsoft Azure Puhe<\/a><\/td><td>Pilvipohjainen, skaalautuva<\/td><td>Korkea tarkkuus, integroitavissa muihin Microsoftin palveluihin<\/td><td>Vaatii teknist\u00e4 tiet\u00e4myst\u00e4<\/td><td>Paras yritysratkaisuihin<\/td><\/tr><\/tbody><\/table><\/figure>\n\n\n\n<h2 class=\"wp-block-heading\">Teollisuuden hyv\u00e4t ja huonot puolet<\/h2>\n\n\n\n<h3 class=\"wp-block-heading\">Plussaa<\/h3>\n\n\n\n<ul class=\"wp-block-list\">\n<li class=\"\"><strong>Tehokkuus<\/strong>: Nopeuttaa transkriptioprosessia.<\/li>\n\n\n\n<li class=\"\"><strong>Saavutettavuus<\/strong>: Tekee teknologiasta helpommin saavutettavaa vammaisille.<\/li>\n\n\n\n<li class=\"\"><strong>Monikielinen tuki<\/strong>: Helpottaa viestint\u00e4\u00e4 useilla kielill\u00e4.<\/li>\n<\/ul>\n\n\n\n<h3 class=\"wp-block-heading\">Miinukset<\/h3>\n\n\n\n<ul class=\"wp-block-list\">\n<li class=\"\"><strong>Tarkkuus<\/strong>: Saattaa olla vaikeuksia aksenttien ja taustamelun kanssa.<\/li>\n\n\n\n<li class=\"\"><strong>Yksityisyys<\/strong>: Huoli puhtaaksikirjoitettujen tietojen turvallisuudesta.<\/li>\n\n\n\n<li class=\"\"><strong>Kustannukset<\/strong>: Jotkin korkealaatuiset ty\u00f6kalut vaativat tilauksia tai maksuja.<\/li>\n<\/ul>\n\n\n\n<h2 class=\"wp-block-heading\">FAQ<\/h2>\n\n\n\n<h3 class=\"wp-block-heading\">Mik\u00e4 on paras ilmainen puheesta tekstiksi -ty\u00f6kalu?<\/h3>\n\n\n\n<p class=\"\">Paras ilmainen ty\u00f6kalu on <a>Google Docsin \u00e4\u00e4nikirjoitus<\/a>, joka tarjoaa helpon integroinnin eik\u00e4 rekister\u00f6inti\u00e4 tarvita.<\/p>\n\n\n\n<h3 class=\"wp-block-heading\">Kuinka tarkkoja puheesta tekstiin -ohjelmistot ovat?<\/h3>\n\n\n\n<p class=\"\">Tarkkuus vaihtelee ty\u00f6kaluittain, mutta kehittyneet teko\u00e4lymallit, kuten Otter.ai:n ja Rev.comin k\u00e4ytt\u00e4m\u00e4t mallit, ovat eritt\u00e4in tarkkoja.<\/p>\n\n\n\n<h3 class=\"wp-block-heading\">Voiko puheesta tekstiin -tekniikka k\u00e4sitell\u00e4 useita kieli\u00e4?<\/h3>\n\n\n\n<p class=\"\">Kyll\u00e4, monet ty\u00f6kalut tukevat useita kieli\u00e4, kuten Otter.ai ja Sonix.ai.<\/p>\n\n\n\n<h3 class=\"wp-block-heading\">Onko puheesta tekstiin -tekniikka turvallista?<\/h3>\n\n\n\n<p class=\"\">Useimmilla hyv\u00e4maineisilla ty\u00f6kaluilla on vahvat turvatoimet, mutta tutustu aina niiden tietosuojak\u00e4yt\u00e4nt\u00f6ihin.<\/p>\n\n\n\n<h3 class=\"wp-block-heading\">Voinko k\u00e4ytt\u00e4\u00e4 puheesta tekstiin -toimintoa offline-tilassa?<\/h3>\n\n\n\n<p class=\"\">Jotkin ty\u00f6kalut tarjoavat offline-ominaisuuksia, mutta useimmat vaativat internet-yhteyden reaaliaikaista k\u00e4sittely\u00e4 varten.<\/p>\n\n\n\n<h3 class=\"wp-block-heading\">Miten voin parantaa transkriptiotarkkuutta?<\/h3>\n\n\n\n<p class=\"\">Puhu selv\u00e4sti, minimoi taustamelu ja k\u00e4yt\u00e4 laadukasta mikrofonia.<\/p>\n\n\n\n<h3 class=\"wp-block-heading\">Onko olemassa puheesta tekstiin -sovelluksia mobiililaitteisiin?<\/h3>\n\n\n\n<p class=\"\">Kyll\u00e4, monet ty\u00f6kalut, kuten Google Docs Voice Typing ja Otter.ai, tarjoavat mobiilisovelluksia.<\/p>\n\n\n\n<h3 class=\"wp-block-heading\">Voinko muokata puhtaaksikirjoitettua teksti\u00e4?<\/h3>\n\n\n\n<p class=\"\">Kyll\u00e4, useimpien ty\u00f6kalujen avulla voit muokata transkriptiota tarkkuuden varmistamiseksi.<\/p>\n\n\n\n<h3 class=\"wp-block-heading\">Mitk\u00e4 ovat puheesta tekstiin -tekniikan t\u00e4rkeimm\u00e4t k\u00e4ytt\u00f6tarkoitukset?<\/h3>\n\n\n\n<p class=\"\">Yleisi\u00e4 k\u00e4ytt\u00f6kohteita ovat esimerkiksi akateeminen transkriptio, yrityskokoukset, sis\u00e4ll\u00f6n luominen, saavutettavuus ja asiakaspalvelu.<\/p>\n\n\n\n<h3 class=\"wp-block-heading\">Miten integroin puheesta tekstiin -toiminnon muihin ty\u00f6kaluihin?<\/h3>\n\n\n\n<p class=\"\">Monet ty\u00f6kalut tarjoavat integraatioita alustoihin, kuten Google Driveen, Microsoft Officeen ja erilaisiin muokkausohjelmistoihin.<\/p>\n\n\n\n<h2 class=\"wp-block-heading\">Yhteenveto<\/h2>\n\n\n\n<p class=\"\">Puheesta tekstiin -teknologia tarjoaa lukuisia etuja, kuten tehokkuuden ja saavutettavuuden parantamisen sek\u00e4 monipuolisen kielituen. Ty\u00f6kalut, kuten <a href=\"https:\/\/aiartfree.online\/fi\/puheesta-tekstiksi\/\">aiartfree.online<\/a> ja Google Docs Voice Typing tarjoavat luotettavia ja k\u00e4ytt\u00e4j\u00e4yst\u00e4v\u00e4llisi\u00e4 vaihtoehtoja. Olipa kyse sitten ammatillisesta, akateemisesta tai henkil\u00f6kohtaisesta k\u00e4yt\u00f6st\u00e4, puheesta tekstiin -tekniikan k\u00e4ytt\u00f6\u00f6notto voi sujuvoittaa teht\u00e4vi\u00e4 ja parantaa tuottavuutta. Kokeile n\u00e4it\u00e4 ty\u00f6kaluja jo t\u00e4n\u00e4\u00e4n ja koe, miten helppoa on muuntaa puhutut sanat kirjoitetuksi tekstiksi!<\/p>","protected":false},"excerpt":{"rendered":"<p>How to use the Speech to Text * Record is currently not available *\u00a0Depending on your internet speed, loading the model may take up to 10 seconds \u2193 The Ultimate Guide to Speech to Text Summary Outline This article provides a comprehensive overview of speech-to-text technology, including its definition, advantages, main features, target audience, and &#8230; <a title=\"Puheesta tekstiksi\" class=\"read-more\" href=\"https:\/\/aiartfree.online\/fi\/puheesta-tekstiksi\/\" aria-label=\"Lue lis\u00e4\u00e4 aiheesta Speech to Text\">Lue lis\u00e4\u00e4<\/a><\/p>","protected":false},"author":1,"featured_media":3418,"parent":0,"menu_order":0,"comment_status":"closed","ping_status":"closed","template":"","meta":{"nf_dc_page":"","footnotes":""},"class_list":["post-3412","page","type-page","status-publish","has-post-thumbnail"],"jetpack_sharing_enabled":true,"_links":{"self":[{"href":"https:\/\/aiartfree.online\/fi\/wp-json\/wp\/v2\/pages\/3412","targetHints":{"allow":["GET"]}}],"collection":[{"href":"https:\/\/aiartfree.online\/fi\/wp-json\/wp\/v2\/pages"}],"about":[{"href":"https:\/\/aiartfree.online\/fi\/wp-json\/wp\/v2\/types\/page"}],"author":[{"embeddable":true,"href":"https:\/\/aiartfree.online\/fi\/wp-json\/wp\/v2\/users\/1"}],"replies":[{"embeddable":true,"href":"https:\/\/aiartfree.online\/fi\/wp-json\/wp\/v2\/comments?post=3412"}],"version-history":[{"count":0,"href":"https:\/\/aiartfree.online\/fi\/wp-json\/wp\/v2\/pages\/3412\/revisions"}],"wp:featuredmedia":[{"embeddable":true,"href":"https:\/\/aiartfree.online\/fi\/wp-json\/wp\/v2\/media\/3418"}],"wp:attachment":[{"href":"https:\/\/aiartfree.online\/fi\/wp-json\/wp\/v2\/media?parent=3412"}],"curies":[{"name":"wp","href":"https:\/\/api.w.org\/{rel}","templated":true}]}}