{"id":3372,"date":"2024-07-31T11:06:08","date_gmt":"2024-07-31T11:06:08","guid":{"rendered":"https:\/\/aiartfree.online\/?page_id=3372"},"modified":"2024-08-02T09:05:56","modified_gmt":"2024-08-02T09:05:56","slug":"ai-photo-editor","status":"publish","type":"page","link":"https:\/\/aiartfree.online\/fi\/ilmainen-online-kuvankasittelyohjelma\/","title":{"rendered":"AI Photo Editor"},"content":{"rendered":"<h2 class=\"wp-block-heading has-text-align-center\" id=\"before-vs-after\">Ennen vs. j\u00e4lkeen<\/h2>\n\n\n\n<figure class=\"gb-block-image gb-block-image-1822da1f\"><img data-recalc-dims=\"1\" decoding=\"async\" loading=\"lazy\" width=\"1200\" height=\"604\" class=\"gb-image gb-image-1822da1f\" src=\"https:\/\/i0.wp.com\/aiartfree.online\/wp-content\/uploads\/2024\/07\/WX20240731-145937%402x-jpg.webp?resize=1200%2C604&#038;ssl=1\" alt=\"Kuvank\u00e4sittelyohjelma - 100% Free Online Image Edit with AI, Ei rajoitusta\" title=\"WX20240731-145937@2x\" srcset=\"https:\/\/i0.wp.com\/aiartfree.online\/wp-content\/uploads\/2024\/07\/WX20240731-145937%402x-jpg.webp?w=2018&amp;ssl=1 2018w, https:\/\/i0.wp.com\/aiartfree.online\/wp-content\/uploads\/2024\/07\/WX20240731-145937%402x-jpg.webp?resize=300%2C151&amp;ssl=1 300w, https:\/\/i0.wp.com\/aiartfree.online\/wp-content\/uploads\/2024\/07\/WX20240731-145937%402x-jpg.webp?resize=1024%2C516&amp;ssl=1 1024w, https:\/\/i0.wp.com\/aiartfree.online\/wp-content\/uploads\/2024\/07\/WX20240731-145937%402x-jpg.webp?resize=768%2C387&amp;ssl=1 768w, https:\/\/i0.wp.com\/aiartfree.online\/wp-content\/uploads\/2024\/07\/WX20240731-145937%402x-jpg.webp?resize=1536%2C773&amp;ssl=1 1536w, https:\/\/i0.wp.com\/aiartfree.online\/wp-content\/uploads\/2024\/07\/WX20240731-145937%402x-jpg.webp?resize=18%2C9&amp;ssl=1 18w, https:\/\/i0.wp.com\/aiartfree.online\/wp-content\/uploads\/2024\/07\/WX20240731-145937%402x-jpg.webp?resize=600%2C302&amp;ssl=1 600w\" sizes=\"auto, (max-width: 1200px) 100vw, 1200px\" \/><\/figure>\n\n\n\n<figure class=\"gb-block-image gb-block-image-0c36f3d3\"><img data-recalc-dims=\"1\" decoding=\"async\" loading=\"lazy\" width=\"1200\" height=\"607\" class=\"gb-image gb-image-0c36f3d3\" src=\"https:\/\/i0.wp.com\/aiartfree.online\/wp-content\/uploads\/2024\/07\/WX20240731-151103%402x.jpg?resize=1200%2C607&#038;ssl=1\" alt=\"Kuvank\u00e4sittelyohjelma - 100% Free Online Image Edit with AI, Ei rajoitusta\" title=\"WX20240731-151103@2x\" srcset=\"https:\/\/i0.wp.com\/aiartfree.online\/wp-content\/uploads\/2024\/07\/WX20240731-151103%402x.jpg?w=1408&amp;ssl=1 1408w, https:\/\/i0.wp.com\/aiartfree.online\/wp-content\/uploads\/2024\/07\/WX20240731-151103%402x.jpg?resize=300%2C152&amp;ssl=1 300w, https:\/\/i0.wp.com\/aiartfree.online\/wp-content\/uploads\/2024\/07\/WX20240731-151103%402x.jpg?resize=1024%2C518&amp;ssl=1 1024w, https:\/\/i0.wp.com\/aiartfree.online\/wp-content\/uploads\/2024\/07\/WX20240731-151103%402x.jpg?resize=768%2C388&amp;ssl=1 768w, https:\/\/i0.wp.com\/aiartfree.online\/wp-content\/uploads\/2024\/07\/WX20240731-151103%402x.jpg?resize=18%2C9&amp;ssl=1 18w, https:\/\/i0.wp.com\/aiartfree.online\/wp-content\/uploads\/2024\/07\/WX20240731-151103%402x.jpg?resize=600%2C303&amp;ssl=1 600w\" sizes=\"auto, (max-width: 1200px) 100vw, 1200px\" \/><\/figure>\n\n\n\n<h2 class=\"wp-block-heading\" id=\"how-to-use-the-photo-editor\">Kuvank\u00e4sittelyohjelman k\u00e4ytt\u00f6<\/h2>\n\n\n\n<ol class=\"wp-block-list\">\n<li class=\"\">Pudota tai lataa kuva<\/li>\n\n\n\n<li class=\"\">Kirjoita ohjeet siit\u00e4, mit\u00e4 haluat muuttaa.<\/li>\n\n\n\n<li class=\"\">Klikkaa \"L\u00e4het\u00e4\"<\/li>\n\n\n\n<li class=\"\">Hetkinen, siin\u00e4 se on!<\/li>\n<\/ol>\n\n\n\n<p class=\"\">* Voit vapaasti kokeilla alla olevia esimerkkej\u00e4, jos sinulla ei ole mit\u00e4\u00e4n ajatuksia mieless\u00e4si.<\/p>\n\n\n\n<p class=\"\"><em>* Internetin nopeudesta riippuen mallin lataaminen voi kest\u00e4\u00e4... <\/em>enint\u00e4\u00e4n 10 sekuntia \u2193<\/p>\n\n\n\n<div class=\"iframe-wrapper\" style=\"position: relative; width: 100%; height: 1600px;\">\n  <div class=\"loading\" style=\"position: absolute; top: 50px; left: 50%; transform: translate(-50%, -50%); width: 40px; height: 40px; border: 3px solid #f0f0f0; border-top: 3px solid #db7093; border-radius: 50%; animation: spin 1s linear infinite;\"><\/div>\n  <iframe loading=\"lazy\" src=\"https:\/\/tsujuifu-ml-mgie.hf.space\" frameborder=\"0\" width=\"100%\" height=\"100%\" style=\"position: absolute; top: 0; left: 0; opacity: 0; transition: opacity 0.3s;\" onload=\"this.style.opacity=1;this.previousElementSibling.style.display='none';\"><\/iframe>\n<\/div>\n\n<style>\n@keyframes spin {\n  0% { transform: translate(-50%, -50%) rotate(0deg); }\n  100% { transform: translate(-50%, -50%) rotate(360deg); }\n}\n<\/style>\n\n\n\n<div style=\"height:80px\" aria-hidden=\"true\" class=\"wp-block-spacer\"><\/div>\n\n\n\n<h2 class=\"wp-block-heading\" id=\"ai-photo-editor-revolutionizing-image-editing-with-advanced-ai-technology\">AI Photo Editor: Kehittynyt teko\u00e4lyteknologia mullistaa kuvank\u00e4sittelyn<\/h2>\n\n\n\n<p class=\"\">T\u00e4ss\u00e4 artikkelissa tutustutaan teko\u00e4lyn kuvank\u00e4sittelyohjelmien maailmaan ja keskityt\u00e4\u00e4n niiden ominaisuuksiin, hy\u00f6tyihin ja sovelluksiin. K\u00e4sittelemme kaikkea perusm\u00e4\u00e4ritelmist\u00e4 edistyneisiin tekniikoihin ja autamme sinua ymm\u00e4rt\u00e4m\u00e4\u00e4n, miten n\u00e4m\u00e4 ty\u00f6kalut voivat muuttaa kuvank\u00e4sittelykokemuksesi.<\/p>\n\n\n\n<div class=\"wp-block-rank-math-toc-block\" id=\"rank-math-toc\"><h3>Sis\u00e4llysluettelo<\/h3><nav><ul><li><a href=\"#what-is-an-ai-photo-editor\">Mik\u00e4 on teko\u00e4lyn kuvank\u00e4sittelyohjelma?<\/a><\/li><li><a href=\"#why-use-an-ai-photo-editor\">Miksi k\u00e4ytt\u00e4\u00e4 teko\u00e4lyn kuvank\u00e4sittelyohjelmaa?<\/a><\/li><li><a href=\"#main-features-of-ai-photo-editors\">AI-valokuvank\u00e4sittelyohjelmien p\u00e4\u00e4ominaisuudet<\/a><ul><li><a href=\"#1-background-removal\">1. Taustan poistaminen<\/a><\/li><li><a href=\"#2-object-removal-magic-eraser\">2. Esineiden poisto (Magic Eraser)<\/a><\/li><li><a href=\"#3-photo-enhancement\">3. Valokuvan parantaminen<\/a><\/li><li><a href=\"#4-style-transfer\">4. Tyylin siirto<\/a><\/li><li><a href=\"#5-face-retouching\">5. Kasvojen retusointi<\/a><\/li><\/ul><\/li><li><a href=\"#who-should-use-ai-photo-editors\">Kenen pit\u00e4isi k\u00e4ytt\u00e4\u00e4 teko\u00e4lyn kuvank\u00e4sittelyohjelmia?<\/a><\/li><li><a href=\"#industries-benefiting-from-ai-photo-editors\">AI-valokuvank\u00e4sittelyohjelmista hy\u00f6tyv\u00e4t toimialat<\/a><\/li><li><a href=\"#how-to-use-an-ai-photo-editor\">Kuinka k\u00e4ytt\u00e4\u00e4 AI-valokuvank\u00e4sittelyohjelmaa<\/a><\/li><li><a href=\"#ai-photo-editor-use-cases\">AI Photo Editorin k\u00e4ytt\u00f6tapaukset<\/a><ul><li><a href=\"#personal-use\">Henkil\u00f6kohtainen k\u00e4ytt\u00f6<\/a><\/li><li><a href=\"#professional-use\">Ammattik\u00e4ytt\u00f6<\/a><\/li><li><a href=\"#creative-projects\">Luovat projektit<\/a><\/li><\/ul><\/li><li><a href=\"#10-ai-photo-editor-tools-pros-cons-and-features\">10 AI-valokuvank\u00e4sittelyty\u00f6kalua: Hy\u00f6dyt, haitat ja ominaisuudet<\/a><\/li><li><a href=\"#advantages-and-challenges-in-the-ai-photo-editing-industry\">Teko\u00e4lyn kuvank\u00e4sittelyalan edut ja haasteet<\/a><\/li><li><a href=\"#frequently-asked-questions\">Usein kysytyt kysymykset<\/a><\/li><li><a href=\"#conclusion\">P\u00e4\u00e4telm\u00e4<\/a><\/li><\/ul><\/nav><\/div>\n\n\n\n<h3 class=\"wp-block-heading\" id=\"what-is-an-ai-photo-editor\">Mik\u00e4 on teko\u00e4lyn kuvank\u00e4sittelyohjelma?<\/h3>\n\n\n\n<p class=\"\">Teko\u00e4lyk\u00e4s kuvank\u00e4sittelyohjelma on edistynyt kuvank\u00e4sittelyty\u00f6kalu, joka hy\u00f6dynt\u00e4\u00e4 teko\u00e4ly\u00e4 valokuvien parantamiseen, muokkaamiseen ja muuttamiseen. N\u00e4m\u00e4 editorit k\u00e4ytt\u00e4v\u00e4t koneoppimisalgoritmeja monimutkaisten muokkausteht\u00e4vien automatisoimiseksi, jolloin ammattitason kuvank\u00e4sittely on mahdollista kaiken tasoisille k\u00e4ytt\u00e4jille.<\/p>\n\n\n\n<h3 class=\"wp-block-heading\" id=\"why-use-an-ai-photo-editor\">Miksi k\u00e4ytt\u00e4\u00e4 teko\u00e4lyn kuvank\u00e4sittelyohjelmaa?<\/h3>\n\n\n\n<p class=\"\">Teko\u00e4lyn kuvank\u00e4sittelyohjelmat tarjoavat lukuisia etuja perinteisiin muokkausohjelmiin verrattuna:<\/p>\n\n\n\n<ul class=\"wp-block-list\">\n<li class=\"\">Aikaa s\u00e4\u00e4st\u00e4v\u00e4 automaatio<\/li>\n\n\n\n<li class=\"\">Parannettu tarkkuus muokkauksissa<\/li>\n\n\n\n<li class=\"\">K\u00e4ytt\u00e4j\u00e4yst\u00e4v\u00e4lliset k\u00e4ytt\u00f6liittym\u00e4t<\/li>\n\n\n\n<li class=\"\">Edistyneet ominaisuudet, kuten taustan poisto ja kohteiden tunnistus<\/li>\n\n\n\n<li class=\"\">Yhdenmukaiset tulokset useissa kuvissa<\/li>\n\n\n\n<li class=\"\">Kyky k\u00e4sitell\u00e4 monimutkaisia muokkausteht\u00e4vi\u00e4 helposti.<\/li>\n<\/ul>\n\n\n\n<h3 class=\"wp-block-heading\" id=\"main-features-of-ai-photo-editors\">AI-valokuvank\u00e4sittelyohjelmien p\u00e4\u00e4ominaisuudet<\/h3>\n\n\n\n<h4 class=\"wp-block-heading\" id=\"1-background-removal\">1. Taustan poistaminen<\/h4>\n\n\n\n<p class=\"\">Teko\u00e4lyll\u00e4 varustetut taustanpoistoty\u00f6kalut pystyv\u00e4t erottamaan kuvattavat automaattisesti taustasta huomattavan tarkasti.<\/p>\n\n\n\n<h4 class=\"wp-block-heading\" id=\"2-object-removal-magic-eraser\">2. Esineiden poisto (Magic Eraser)<\/h4>\n\n\n\n<p class=\"\">Kehittyneet teko\u00e4lyalgoritmit voivat tunnistaa ja poistaa kuvista ei-toivottuja kohteita ja t\u00e4ytt\u00e4\u00e4 saumattomasti j\u00e4ljelle j\u00e4\u00e4neen tilan.<\/p>\n\n\n\n<h4 class=\"wp-block-heading\" id=\"3-photo-enhancement\">3. Valokuvan parantaminen<\/h4>\n\n\n\n<p class=\"\">Teko\u00e4lyn kuvank\u00e4sittelyohjelmat voivat s\u00e4\u00e4t\u00e4\u00e4 valaistusta, v\u00e4rej\u00e4 ja kontrastia automaattisesti kuvanlaadun parantamiseksi.<\/p>\n\n\n\n<h4 class=\"wp-block-heading\" id=\"4-style-transfer\">4. Tyylin siirto<\/h4>\n\n\n\n<p class=\"\">N\u00e4ill\u00e4 ty\u00f6kaluilla voidaan soveltaa valokuviin taiteellisia tyylej\u00e4, muuttaa ne erilaisiksi taidemuodoiksi tai j\u00e4ljitell\u00e4 tiettyj\u00e4 valokuvaustekniikoita.<\/p>\n\n\n\n<h4 class=\"wp-block-heading\" id=\"5-face-retouching\">5. Kasvojen retusointi<\/h4>\n\n\n\n<p class=\"\">Teko\u00e4lyalgoritmit voivat tunnistaa ja parantaa kasvonpiirteit\u00e4, tasoittaa ihoa, valkaista hampaita ja jopa mukauttaa ilmeit\u00e4.<\/p>\n\n\n\n<h3 class=\"wp-block-heading\" id=\"who-should-use-ai-photo-editors\">Kenen pit\u00e4isi k\u00e4ytt\u00e4\u00e4 teko\u00e4lyn kuvank\u00e4sittelyohjelmia?<\/h3>\n\n\n\n<p class=\"\">AI-kuvank\u00e4sittelyohjelmat soveltuvat:<\/p>\n\n\n\n<ul class=\"wp-block-list\">\n<li class=\"\">Ammattivalokuvaajat<\/li>\n\n\n\n<li class=\"\">Graafiset suunnittelijat<\/li>\n\n\n\n<li class=\"\">Sosiaalisen median vastuuhenkil\u00f6t<\/li>\n\n\n\n<li class=\"\">S\u00e4hk\u00f6isen kaupank\u00e4ynnin yritykset<\/li>\n\n\n\n<li class=\"\">Markkinoinnin ammattilaiset<\/li>\n\n\n\n<li class=\"\">Harrastajavalokuvaajat<\/li>\n\n\n\n<li class=\"\">Kuka tahansa, joka haluaa parantaa valokuviaan nopeasti ja helposti.<\/li>\n<\/ul>\n\n\n\n<h3 class=\"wp-block-heading\" id=\"industries-benefiting-from-ai-photo-editors\">AI-valokuvank\u00e4sittelyohjelmista hy\u00f6tyv\u00e4t toimialat<\/h3>\n\n\n\n<ul class=\"wp-block-list\">\n<li class=\"\">Mainonta ja markkinointi<\/li>\n\n\n\n<li class=\"\">S\u00e4hk\u00f6inen kaupank\u00e4ynti ja tuotevalokuvaus<\/li>\n\n\n\n<li class=\"\">Kiinteist\u00f6t<\/li>\n\n\n\n<li class=\"\">Muoti ja kauneus<\/li>\n\n\n\n<li class=\"\">Matkailu ja matkailu<\/li>\n\n\n\n<li class=\"\">Tiedotusv\u00e4lineet ja julkaisutoiminta<\/li>\n<\/ul>\n\n\n\n<h3 class=\"wp-block-heading\" id=\"how-to-use-an-ai-photo-editor\">Kuinka k\u00e4ytt\u00e4\u00e4 AI-valokuvank\u00e4sittelyohjelmaa<\/h3>\n\n\n\n<ol class=\"wp-block-list\">\n<li class=\"\">Valitse teko\u00e4lyn kuvank\u00e4sittelyohjelma (esim. https:\/\/aiartfree.online\/ai-photo-editor\/).<\/li>\n\n\n\n<li class=\"\">Lataa kuva editoriin<\/li>\n\n\n\n<li class=\"\">Valitse haluamasi muokkaustoiminto (esim. taustan poisto, parannus).<\/li>\n\n\n\n<li class=\"\">Soveltaa teko\u00e4lypohjaisia muokkauksia automaattisesti tai minimaalisella sy\u00f6t\u00f6ll\u00e4.<\/li>\n\n\n\n<li class=\"\">Hienos\u00e4\u00e4d\u00e4 tuloksia tarvittaessa<\/li>\n\n\n\n<li class=\"\">Lataa tai jaa muokattu kuva<\/li>\n<\/ol>\n\n\n\n<h3 class=\"wp-block-heading\" id=\"ai-photo-editor-use-cases\">AI Photo Editorin k\u00e4ytt\u00f6tapaukset<\/h3>\n\n\n\n<h4 class=\"wp-block-heading\" id=\"personal-use\">Henkil\u00f6kohtainen k\u00e4ytt\u00f6<\/h4>\n\n\n\n<ul class=\"wp-block-list\">\n<li class=\"\">Selfieiden parantaminen sosiaalista mediaa varten<\/li>\n\n\n\n<li class=\"\">Upeiden matkakuva-albumien luominen<\/li>\n\n\n\n<li class=\"\">Perhemuotokuvien parantaminen<\/li>\n<\/ul>\n\n\n\n<h4 class=\"wp-block-heading\" id=\"professional-use\">Ammattik\u00e4ytt\u00f6<\/h4>\n\n\n\n<ul class=\"wp-block-list\">\n<li class=\"\">Tuotekuvien retusointi s\u00e4hk\u00f6ist\u00e4 kaupank\u00e4ynti\u00e4 varten<\/li>\n\n\n\n<li class=\"\">Kiinteist\u00f6kuvien muokkaaminen kiinteist\u00f6n ominaisuuksien korostamiseksi<\/li>\n\n\n\n<li class=\"\">Silm\u00e4\u00e4npist\u00e4v\u00e4n markkinointimateriaalin luominen<\/li>\n<\/ul>\n\n\n\n<h4 class=\"wp-block-heading\" id=\"creative-projects\">Luovat projektit<\/h4>\n\n\n\n<ul class=\"wp-block-list\">\n<li class=\"\">Ainutlaatuisten taideteosten luominen valokuvista<\/li>\n\n\n\n<li class=\"\">Useiden kuvien yhdist\u00e4minen surrealistisiin sommitelmiin<\/li>\n\n\n\n<li class=\"\">Taiteellisten suodattimien soveltaminen luovaan ilmaisuun<\/li>\n<\/ul>\n\n\n\n<h3 class=\"wp-block-heading\" id=\"10-ai-photo-editor-tools-pros-cons-and-features\">10 AI-valokuvank\u00e4sittelyty\u00f6kalua: Hy\u00f6dyt, haitat ja ominaisuudet<\/h3>\n\n\n\n<figure class=\"wp-block-table\"><table class=\"has-fixed-layout\"><thead><tr><th>Ty\u00f6kalu<\/th><th>Plussaa<\/th><th>Miinukset<\/th><th>T\u00e4rkeimm\u00e4t ominaisuudet<\/th><th>Verkkosivusto<\/th><\/tr><\/thead><tbody><tr><td>AIArtFree Online<\/td><td>100% Ilmainen, ei rekister\u00f6itymist\u00e4, rajoittamaton k\u00e4ytt\u00f6<\/td><td>Rajoitetut lis\u00e4ominaisuudet<\/td><td>Taustan poisto, Perusmuokkaus<\/td><td><a href=\"https:\/\/aiartfree.online\/fi\/ilmainen-online-kuvankasittelyohjelma\/\">https:\/\/aiartfree.online\/ai-photo-editor\/<\/a><\/td><\/tr><tr><td>Adobe Photoshop (teko\u00e4lyk\u00e4ytt\u00f6inen)<\/td><td>Kattava ty\u00f6kalupaketti, teollisuusstandardi<\/td><td>Jyrkk\u00e4 oppimisk\u00e4yr\u00e4, tilauspohjainen<\/td><td>Kehittyneet teko\u00e4lyominaisuudet, laajat muokkausominaisuudet<\/td><td>https:\/\/www.adobe.com\/products\/photoshop.html<\/td><\/tr><tr><td>Luminar AI<\/td><td>K\u00e4ytt\u00e4j\u00e4yst\u00e4v\u00e4lliset, tehokkaat teko\u00e4lyty\u00f6kalut<\/td><td>Maksullinen ohjelmisto<\/td><td>Taivaan korvaaminen, Muotokuvan parantaminen<\/td><td>https:\/\/skylum.com\/luminar-ai<\/td><\/tr><tr><td>Pixlr X<\/td><td>Ilmainen online-editori, teko\u00e4lyavusteiset ty\u00f6kalut<\/td><td>Rajallinen verrattuna ty\u00f6p\u00f6yt\u00e4ohjelmistoihin<\/td><td>Yhden napsautuksen parannukset, teko\u00e4lytaustan poisto<\/td><td>https:\/\/pixlr.com\/x\/<\/td><\/tr><tr><td>Fotor<\/td><td>Helppok\u00e4ytt\u00f6iset, teko\u00e4lyyn perustuvat ominaisuudet<\/td><td>Jotkin ominaisuudet edellytt\u00e4v\u00e4t tilausta<\/td><td>Yhden napautuksen teko\u00e4lyn parannus, taustan poisto<\/td><td>https:\/\/www.fotor.com\/<\/td><\/tr><tr><td>Removal.AI<\/td><td>Erikoistunut taustan poistoon<\/td><td>Rajoitettu taustan poistamiseen<\/td><td>Tarkka teko\u00e4lytaustan poisto<\/td><td>https:\/\/removal.ai\/<\/td><\/tr><tr><td>Parannetaan<\/td><td>Teko\u00e4lyn skaalaus ja parantaminen<\/td><td>Maksullinen palvelu<\/td><td>Kuvan skaalaus, Kohinan v\u00e4hent\u00e4minen<\/td><td>https:\/\/letsenhance.io\/<\/td><\/tr><tr><td>Topaz Labs<\/td><td>Laadukkaat teko\u00e4lyk\u00e4ytt\u00f6iset ty\u00f6kalut<\/td><td>Erilliset hankinnat eri ty\u00f6kaluille<\/td><td>Kohinanvaimennus, ter\u00e4v\u00f6itys, suurennos, suurennoslaskenta<\/td><td>https:\/\/www.topazlabs.com\/<\/td><\/tr><tr><td>Remini<\/td><td>Erikoistunut valokuvien restaurointiin<\/td><td>Mobiilisovellus, rajoitetut ty\u00f6p\u00f6yt\u00e4ominaisuudet<\/td><td>Teko\u00e4lyavusteinen valokuvien palauttaminen<\/td><td>https:\/\/remini.ai\/<\/td><\/tr><tr><td>Antrooppinen<\/td><td>Kehittyneet teko\u00e4lyominaisuudet<\/td><td>API-pohjainen, vaatii integrointia<\/td><td>Monipuolinen teko\u00e4lyn kuvank\u00e4sittely<\/td><td><a href=\"https:\/\/www.anthropic.com\/\" target=\"_blank\" rel=\"noopener\">https:\/\/www.anthropic.com\/<\/a><\/td><\/tr><\/tbody><\/table><\/figure>\n\n\n\n<h3 class=\"wp-block-heading\" id=\"advantages-and-challenges-in-the-ai-photo-editing-industry\">Teko\u00e4lyn kuvank\u00e4sittelyalan edut ja haasteet<\/h3>\n\n\n\n<p class=\"\">Edut:<\/p>\n\n\n\n<ul class=\"wp-block-list\">\n<li class=\"\">Nopea tekninen kehitys<\/li>\n\n\n\n<li class=\"\">Muun kuin ammattihenkil\u00f6st\u00f6n saavutettavuuden parantaminen<\/li>\n\n\n\n<li class=\"\">Integrointi muiden teko\u00e4lyteknologioiden kanssa<\/li>\n<\/ul>\n\n\n\n<p class=\"\">Haasteet:<\/p>\n\n\n\n<ul class=\"wp-block-list\">\n<li class=\"\">Kuvank\u00e4sittelyyn liittyv\u00e4t eettiset huolenaiheet<\/li>\n\n\n\n<li class=\"\">Perinteisen kuvank\u00e4sittelyn mahdollinen ty\u00f6paikkojen siirtyminen<\/li>\n\n\n\n<li class=\"\">Automaation ja taiteellisen ohjauksen v\u00e4lisen tasapainon s\u00e4ilytt\u00e4minen<\/li>\n<\/ul>\n\n\n\n<h3 class=\"wp-block-heading\" id=\"frequently-asked-questions\">Usein kysytyt kysymykset<\/h3>\n\n\n\n<ol class=\"wp-block-list\">\n<li class=\"\">Kuinka k\u00e4ytt\u00e4\u00e4 AI-valokuvank\u00e4sittelyohjelmaa?<br>Lataa valokuva teko\u00e4lyn kuvank\u00e4sittelyohjelmaan, valitse haluamasi muokkausominaisuus ja anna teko\u00e4lyn tehd\u00e4 muutokset automaattisesti.<\/li>\n\n\n\n<li class=\"\">Kuinka k\u00e4ytt\u00e4\u00e4 Googlen teko\u00e4lyvalokuvank\u00e4sittelyohjelmaa?<br>Googlen teko\u00e4lyn kuvank\u00e4sittelyominaisuudet on integroitu Google Photosiin. Avaa sovellus, valitse valokuva ja k\u00e4yt\u00e4 \"Muokkaa\"-toimintoa saadaksesi k\u00e4ytt\u00f6\u00f6n teko\u00e4lyyn perustuvia parannuksia.<\/li>\n\n\n\n<li class=\"\">Mik\u00e4 AI-valokuvank\u00e4sittelyohjelma on paras?<br>Paras AI-valokuvank\u00e4sittelyohjelma riippuu tarpeistasi. Ilmaiseksi, ilman rekister\u00f6itymist\u00e4 toimivaksi vaihtoehdoksi https:\/\/aiartfree.online\/ai-photo-editor\/ on erinomainen. Ammattik\u00e4ytt\u00f6\u00f6n Adobe Photoshop tai Luminar AI ovat parhaita vaihtoehtoja.<\/li>\n\n\n\n<li class=\"\">Mik\u00e4 sovellus on paras AI-valokuvank\u00e4sittelyohjelma?<br>Mobiilik\u00e4ytt\u00e4jille Snapseed (Google) ja VSCO tarjoavat tehokkaita teko\u00e4lyavusteisia muokkausominaisuuksia. Ty\u00f6p\u00f6yd\u00e4ll\u00e4 Adobe Photoshop ja Luminar AI ovat johtavia vaihtoehtoja.<\/li>\n\n\n\n<li class=\"\">Miten AI-kuvaeditori?<br>Kun haluat k\u00e4ytt\u00e4\u00e4 teko\u00e4lyvalokuvank\u00e4sittelyohjelmaa, lataa kuva, valitse haluamasi muokkausominaisuus (esim. taustan poisto, parannus) ja anna teko\u00e4lyn tehd\u00e4 ty\u00f6ns\u00e4. Hienos\u00e4\u00e4d\u00e4 tuloksia tarpeen mukaan.<\/li>\n\n\n\n<li class=\"\">Korvaavatko teko\u00e4lyn kuvank\u00e4sittelyohjelmat perinteiset muokkausohjelmat?<br>Teko\u00e4lyn kuvank\u00e4sittelyohjelmat pikemminkin t\u00e4ydent\u00e4v\u00e4t kuin korvaavat perinteisi\u00e4 ohjelmistoja, ja ne tarjoavat aikaa s\u00e4\u00e4st\u00e4vi\u00e4 ominaisuuksia ja ovat my\u00f6s muiden kuin ammattilaisten k\u00e4ytett\u00e4viss\u00e4.<\/li>\n\n\n\n<li class=\"\">Voivatko teko\u00e4lykuvank\u00e4sittelyohjelmat luoda realistisia muokkauksia?<br>Kyll\u00e4, kehittyneet teko\u00e4lyvalokuvank\u00e4sittelyohjelmat voivat tuottaa eritt\u00e4in realistisia muokkauksia, erityisesti objektien poistamisen ja taustan korvaamisen kaltaisissa teht\u00e4viss\u00e4.<\/li>\n\n\n\n<li class=\"\">Onko teko\u00e4lyn kuvank\u00e4sittelyohjelmilla yksityisyyden suojaa koskevia ongelmia?<br>Jotkut k\u00e4ytt\u00e4j\u00e4t ovat huolissaan tietosuojasta k\u00e4ytt\u00e4ess\u00e4\u00e4n teko\u00e4lyvalokuvank\u00e4sittelyohjelmia verkossa. Tarkista aina k\u00e4ytt\u00e4m\u00e4si ty\u00f6kalun tietosuojak\u00e4yt\u00e4nt\u00f6.<\/li>\n\n\n\n<li class=\"\">Pystyv\u00e4tk\u00f6 teko\u00e4lykuvank\u00e4sittelyohjelmat k\u00e4sittelem\u00e4\u00e4n sarjak\u00e4sittely\u00e4?<br>Monet teko\u00e4lykuvank\u00e4sittelyohjelmat tarjoavat er\u00e4k\u00e4sittelyominaisuuksia, joiden avulla k\u00e4ytt\u00e4j\u00e4t voivat soveltaa yhdenmukaisia muokkauksia useisiin kuviin nopeasti.<\/li>\n\n\n\n<li class=\"\">Miten teko\u00e4lyn kuvank\u00e4sittelyohjelmia verrataan ihmismuokkaajiin?<br>Teko\u00e4lymuokkaajat ovat erinomaisia toistuvien teht\u00e4vien automatisoinnissa ja johdonmukaisten muokkausten tekemisess\u00e4, mutta ihmismuokkaajat ovat edelleen etuly\u00f6ntiasemassa luovassa p\u00e4\u00e4t\u00f6ksenteossa ja monimutkaisissa, vivahteikkaissa muokkauksissa.<\/li>\n<\/ol>\n\n\n\n<h3 class=\"wp-block-heading\" id=\"conclusion\">P\u00e4\u00e4telm\u00e4<\/h3>\n\n\n\n<p class=\"\">Teko\u00e4lyn kuvank\u00e4sittelyohjelmat mullistavat tapamme parantaa ja k\u00e4sitell\u00e4 kuvia. Niiden kyky automatisoida monimutkaisia teht\u00e4vi\u00e4, tarjota k\u00e4ytt\u00e4j\u00e4yst\u00e4v\u00e4llisi\u00e4 k\u00e4ytt\u00f6liittymi\u00e4 ja tuottaa ammattilaatuisia tuloksia tekee n\u00e4ist\u00e4 ty\u00f6kaluista v\u00e4ltt\u00e4m\u00e4tt\u00f6mi\u00e4 sek\u00e4 amat\u00f6\u00f6ri- ett\u00e4 ammattikuvaajille. Teknologian kehittyess\u00e4 edelleen voimme odottaa tulevaisuudessa entist\u00e4 vaikuttavampia ominaisuuksia ja valmiuksia.<\/p>\n\n\n\n<p class=\"\">Jos haluat tutustua teko\u00e4lyn kuvank\u00e4sittelyyn, aloita ilmaisella ty\u00f6kalulla, johon ei tarvitse rekister\u00f6ity\u00e4, kuten https:\/\/aiartfree.online\/ai-photo-editor\/. Koe teko\u00e4lyn voima valokuviesi muokkaamisessa ja muokkausty\u00f6nkulun virtaviivaistamisessa. Olitpa sitten sosiaalisen median harrastaja, ammattivalokuvaaja tai yrityksen omistaja, teko\u00e4lykuvamuokkausohjelmat tarjoavat tarvittavat ty\u00f6kalut, joilla voit luoda upeita visuaalisia kuvia helposti.<\/p>\n\n\n\n<p class=\"\"><\/p>","protected":false},"excerpt":{"rendered":"<p>Before vs After How to use the Photo Editor * Feel free to try our examples below if you don&#8217;t have any thoughts in your mind *&nbsp;Depending on your internet speed, loading the model may take up to 10 seconds \u2193 AI Photo Editor: Revolutionizing Image Editing with Advanced AI Technology This article explores the &#8230; <a title=\"AI Photo Editor\" class=\"read-more\" href=\"https:\/\/aiartfree.online\/fi\/ilmainen-online-kuvankasittelyohjelma\/\" aria-label=\"Lue lis\u00e4\u00e4 aiheesta AI Photo Editor\">Lue lis\u00e4\u00e4<\/a><\/p>","protected":false},"author":1,"featured_media":3380,"parent":0,"menu_order":0,"comment_status":"open","ping_status":"closed","template":"","meta":{"nf_dc_page":"","footnotes":""},"class_list":["post-3372","page","type-page","status-publish","has-post-thumbnail"],"jetpack_sharing_enabled":true,"_links":{"self":[{"href":"https:\/\/aiartfree.online\/fi\/wp-json\/wp\/v2\/pages\/3372","targetHints":{"allow":["GET"]}}],"collection":[{"href":"https:\/\/aiartfree.online\/fi\/wp-json\/wp\/v2\/pages"}],"about":[{"href":"https:\/\/aiartfree.online\/fi\/wp-json\/wp\/v2\/types\/page"}],"author":[{"embeddable":true,"href":"https:\/\/aiartfree.online\/fi\/wp-json\/wp\/v2\/users\/1"}],"replies":[{"embeddable":true,"href":"https:\/\/aiartfree.online\/fi\/wp-json\/wp\/v2\/comments?post=3372"}],"version-history":[{"count":0,"href":"https:\/\/aiartfree.online\/fi\/wp-json\/wp\/v2\/pages\/3372\/revisions"}],"wp:featuredmedia":[{"embeddable":true,"href":"https:\/\/aiartfree.online\/fi\/wp-json\/wp\/v2\/media\/3380"}],"wp:attachment":[{"href":"https:\/\/aiartfree.online\/fi\/wp-json\/wp\/v2\/media?parent=3372"}],"curies":[{"name":"wp","href":"https:\/\/api.w.org\/{rel}","templated":true}]}}