{"id":3366,"date":"2024-07-31T07:54:51","date_gmt":"2024-07-31T07:54:51","guid":{"rendered":"https:\/\/aiartfree.online\/?page_id=3366"},"modified":"2024-08-02T10:41:37","modified_gmt":"2024-08-02T10:41:37","slug":"ai-background-generator","status":"publish","type":"page","link":"https:\/\/aiartfree.online\/fi\/ai-tausta-generaattori\/","title":{"rendered":"AI Taustageneraattori"},"content":{"rendered":"<h2 class=\"wp-block-heading has-text-align-center\" id=\"before-vs-after\">Ennen vs. j\u00e4lkeen<\/h2>\n\n\n\n<figure class=\"gb-block-image gb-block-image-1822da1f\"><img data-recalc-dims=\"1\" decoding=\"async\" loading=\"lazy\" width=\"1200\" height=\"423\" class=\"gb-image gb-image-1822da1f\" src=\"https:\/\/i0.wp.com\/aiartfree.online\/wp-content\/uploads\/2024\/07\/WX20240731-145349%402x-scaled.webp?resize=1200%2C423&#038;ssl=1\" alt=\"AI Taustageneraattori | Ilmainen Taustanvaihtaja, rajoittamaton\" title=\"WX20240731-145349@2x\" srcset=\"https:\/\/i0.wp.com\/aiartfree.online\/wp-content\/uploads\/2024\/07\/WX20240731-145349%402x-scaled.webp?w=2560&amp;ssl=1 2560w, https:\/\/i0.wp.com\/aiartfree.online\/wp-content\/uploads\/2024\/07\/WX20240731-145349%402x-scaled.webp?resize=300%2C106&amp;ssl=1 300w, https:\/\/i0.wp.com\/aiartfree.online\/wp-content\/uploads\/2024\/07\/WX20240731-145349%402x-scaled.webp?resize=1024%2C361&amp;ssl=1 1024w, https:\/\/i0.wp.com\/aiartfree.online\/wp-content\/uploads\/2024\/07\/WX20240731-145349%402x-scaled.webp?resize=768%2C271&amp;ssl=1 768w, https:\/\/i0.wp.com\/aiartfree.online\/wp-content\/uploads\/2024\/07\/WX20240731-145349%402x-scaled.webp?resize=1536%2C541&amp;ssl=1 1536w, https:\/\/i0.wp.com\/aiartfree.online\/wp-content\/uploads\/2024\/07\/WX20240731-145349%402x-scaled.webp?resize=2048%2C721&amp;ssl=1 2048w, https:\/\/i0.wp.com\/aiartfree.online\/wp-content\/uploads\/2024\/07\/WX20240731-145349%402x-scaled.webp?resize=18%2C6&amp;ssl=1 18w, https:\/\/i0.wp.com\/aiartfree.online\/wp-content\/uploads\/2024\/07\/WX20240731-145349%402x-scaled.webp?resize=600%2C211&amp;ssl=1 600w, https:\/\/i0.wp.com\/aiartfree.online\/wp-content\/uploads\/2024\/07\/WX20240731-145349%402x-scaled.webp?w=2400&amp;ssl=1 2400w\" sizes=\"auto, (max-width: 1200px) 100vw, 1200px\" \/><\/figure>\n\n\n\n<h2 class=\"wp-block-heading\" id=\"how-to-use-the-ai-background-generator\">Kuinka AI Background Generatoria k\u00e4ytet\u00e4\u00e4n<\/h2>\n\n\n\n<ol class=\"wp-block-list\">\n<li class=\"\">Pudota tai lataa kuva<\/li>\n\n\n\n<li class=\"\">Kirjoita kehote (Valitse <strong>Poista tausta<\/strong> jos kuvasi on taustan kanssa saadaksesi paremman tuloksen)<\/li>\n\n\n\n<li class=\"\">Napsauta \"Generate\"<\/li>\n\n\n\n<li class=\"\">Hetkinen, siin\u00e4 se on!<\/li>\n<\/ol>\n\n\n\n<p class=\"\">* Voit vapaasti kokeilla alla olevia esimerkkej\u00e4, jos sinulla ei ole mit\u00e4\u00e4n ajatuksia mieless\u00e4si.<\/p>\n\n\n\n<p class=\"\"><em>* Internetin nopeudesta riippuen mallin lataaminen voi kest\u00e4\u00e4 muutaman sekunnin.<br>* Jatkuvan luomisen aikana tapahtuu v\u00e4limuistitallennusta, ja uusi kuva tulee n\u00e4kyviin noin 3 sekunnin kuluttua.<\/em><\/p>\n\n\n<div class=\"gb-container gb-container-968be51b\">\n\n<div class=\"iframe-wrapper\" style=\"position: relative; width: 100%; height: 2650px;\">\n  <div class=\"loading\" style=\"position: absolute; top: 100px; left: 50%; transform: translate(-50%, -50%); width: 40px; height: 40px; border: 3px solid #f0f0f0; border-top: 3px solid #db7093; border-radius: 50%; animation: spin 1s linear infinite;\"><\/div>\n  <iframe loading=\"lazy\" src=\"https:\/\/fotographerai-fai-fuzer.hf.space\" frameborder=\"0\" width=\"100%\" height=\"100%\" style=\"position: absolute; top: 0; left: 0; opacity: 0; transition: opacity 0.3s;\" onload=\"this.style.opacity=1;this.previousElementSibling.style.display='none';\"><\/iframe>\n<\/div>\n\n<style>\n@keyframes spin {\n  0% { transform: translate(-50%, -50%) rotate(0deg); }\n  100% { transform: translate(-50%, -50%) rotate(360deg); }\n}\n<\/style>\n\n<\/div>\n\n\n<div style=\"height:100px\" aria-hidden=\"true\" class=\"wp-block-spacer\"><\/div>\n\n\n\n<h2 class=\"wp-block-heading\" id=\"ai-background-generator-revolutionizing-image-creation\">AI-taustageneraattori: Revolutionizing Image Creation<\/h2>\n\n\n\n<p class=\"\">T\u00e4ss\u00e4 artikkelissa tutustutaan teko\u00e4lytaustageneraattoreiden maailmaan, niiden hy\u00f6tyihin ja siihen, miten ne muuttavat digitaalista kuvantamista. K\u00e4sittelemme kaikkea perusk\u00e4sitteist\u00e4 edistyneisiin sovelluksiin ja autamme sinua ymm\u00e4rt\u00e4m\u00e4\u00e4n, miksi t\u00e4st\u00e4 ty\u00f6kalusta on tulossa korvaamaton niin tekij\u00f6ille kuin yrityksillekin.<\/p>\n\n\n\n<div class=\"wp-block-rank-math-toc-block\" id=\"rank-math-toc\"><h3>Sis\u00e4llysluettelo<\/h3><nav><ul><li><a href=\"#what-is-an-ai-background-generator\">Mik\u00e4 on teko\u00e4lytaustageneraattori?<\/a><\/li><li><a href=\"#why-use-an-ai-background-generator\">Miksi k\u00e4ytt\u00e4\u00e4 AI-taustageneraattoria?<\/a><\/li><li><a href=\"#main-features-of-ai-background-generators\">AI-taustageneraattoreiden p\u00e4\u00e4ominaisuudet<\/a><ul><li><a href=\"#1-image-generation-from-text\">1. Kuvan luominen tekstist\u00e4<\/a><\/li><li><a href=\"#2-style-transfer\">2. Tyylin siirto<\/a><\/li><li><a href=\"#3-background-removal-and-replacement\">3. Taustan poistaminen ja korvaaminen<\/a><\/li><li><a href=\"#4-resolution-enhancement\">4. Resoluution parantaminen<\/a><\/li><\/ul><\/li><li><a href=\"#who-should-use-ai-background-generators\">Kenen pit\u00e4isi k\u00e4ytt\u00e4\u00e4 teko\u00e4lytaustageneraattoreita?<\/a><\/li><li><a href=\"#industries-benefiting-from-ai-background-generators\">AI-taustageneraattoreista hy\u00f6tyv\u00e4t toimialat<\/a><\/li><li><a href=\"#how-to-use-an-ai-background-generator\">Kuinka k\u00e4ytt\u00e4\u00e4 AI-taustageneraattoria<\/a><\/li><li><a href=\"#use-cases-for-ai-background-generators\">Teko\u00e4lyn taustageneraattoreiden k\u00e4ytt\u00f6tapaukset<\/a><ul><li><a href=\"#e-commerce-product-images\">S\u00e4hk\u00f6isen kaupank\u00e4ynnin tuotekuvat<\/a><\/li><li><a href=\"#social-media-content\">Sosiaalisen median sis\u00e4lt\u00f6<\/a><\/li><li><a href=\"#video-production\">Videotuotanto<\/a><\/li><li><a href=\"#website-design\">Verkkosivuston suunnittelu<\/a><\/li><\/ul><\/li><li><a href=\"#10-ai-background-generator-tools-pros-cons-and-features\">10 AI Taustageneraattority\u00f6kalut: Plussat, miinukset ja ominaisuudet<\/a><\/li><li><a href=\"#advantages-challenges-and-recommendations-for-the-ai-background-generation-industry\">Edut, haasteet ja suositukset teko\u00e4lytaustan tuottamisen teollisuudelle<\/a><ul><li><a href=\"#advantages\">Edut<\/a><\/li><li><a href=\"#challenges\">Haasteet<\/a><\/li><li><a href=\"#recommendations\">Suositukset<\/a><\/li><\/ul><\/li><li><a href=\"#faq\">FAQ<\/a><\/li><li><a href=\"#conclusion\">P\u00e4\u00e4telm\u00e4<\/a><\/li><\/ul><\/nav><\/div>\n\n\n\n<h3 class=\"wp-block-heading\" id=\"what-is-an-ai-background-generator\">Mik\u00e4 on teko\u00e4lytaustageneraattori?<\/h3>\n\n\n\n<p class=\"\">Teko\u00e4lytaustageneraattori on huippuluokan ty\u00f6kalu, joka k\u00e4ytt\u00e4\u00e4 teko\u00e4ly\u00e4 luodakseen upeita ja ainutlaatuisia taustoja erilaisiin digitaalisiin projekteihin. T\u00e4m\u00e4n nro.1-teknologian avulla k\u00e4ytt\u00e4j\u00e4t voivat tuottaa korkealaatuisia kuvia ilman laajoja graafisen suunnittelun taitoja tai kalliita ohjelmistoja.<\/p>\n\n\n\n<h3 class=\"wp-block-heading\" id=\"why-use-an-ai-background-generator\">Miksi k\u00e4ytt\u00e4\u00e4 AI-taustageneraattoria?<\/h3>\n\n\n\n<p class=\"\">Teko\u00e4lytaustageneraattorin k\u00e4ytt\u00e4minen tarjoaa lukuisia etuja:<\/p>\n\n\n\n<ol class=\"wp-block-list\">\n<li class=\"\">Ajan s\u00e4\u00e4st\u00e4minen: Taustojen luominen sekunneissa<\/li>\n\n\n\n<li class=\"\">Kustannustehokas: Monet vaihtoehdot ovat 100% ilmaisia ja rajoittamattomia.<\/li>\n\n\n\n<li class=\"\">Monipuolinen: Luo taustoja eri tarkoituksiin<\/li>\n\n\n\n<li class=\"\">Suunnittelutaitoja ei tarvita: Teko\u00e4ly tekee raskaan ty\u00f6n<\/li>\n\n\n\n<li class=\"\">Mukautettavissa: R\u00e4\u00e4t\u00e4l\u00f6i tuotokset erityistarpeidesi mukaan<\/li>\n<\/ol>\n\n\n\n<h3 class=\"wp-block-heading\" id=\"main-features-of-ai-background-generators\">AI-taustageneraattoreiden p\u00e4\u00e4ominaisuudet<\/h3>\n\n\n\n<h4 class=\"wp-block-heading\" id=\"1-image-generation-from-text\">1. Kuvan luominen tekstist\u00e4<\/h4>\n\n\n\n<p class=\"\">Teko\u00e4lytaustageneraattorit voivat luoda kuvia tekstikuvausten perusteella, mik\u00e4 mahdollistaa uskomattoman tarkat ja r\u00e4\u00e4t\u00e4l\u00f6idyt tuotokset.<\/p>\n\n\n\n<h4 class=\"wp-block-heading\" id=\"2-style-transfer\">2. Tyylin siirto<\/h4>\n\n\n\n<p class=\"\">Sovella taiteellisia tyylej\u00e4 olemassa oleviin kuviin tai luo uusia kuvia tietyill\u00e4 tyyleill\u00e4, fotorealistisista abstrakteihin.<\/p>\n\n\n\n<h4 class=\"wp-block-heading\" id=\"3-background-removal-and-replacement\">3. Taustan poistaminen ja korvaaminen<\/h4>\n\n\n\n<p class=\"\">Poista ja vaihda valokuvien tausta helposti, t\u00e4ydellinen tuotekuville tai muotokuville.<\/p>\n\n\n\n<h4 class=\"wp-block-heading\" id=\"4-resolution-enhancement\">4. Resoluution parantaminen<\/h4>\n\n\n\n<p class=\"\">Suurenna ja paranna olemassa olevien kuvien laatua tai luo korkearesoluutioisia taustoja tyhj\u00e4st\u00e4.<\/p>\n\n\n\n<h3 class=\"wp-block-heading\" id=\"who-should-use-ai-background-generators\">Kenen pit\u00e4isi k\u00e4ytt\u00e4\u00e4 teko\u00e4lytaustageneraattoreita?<\/h3>\n\n\n\n<ul class=\"wp-block-list\">\n<li class=\"\">Graafiset suunnittelijat<\/li>\n\n\n\n<li class=\"\">Sosiaalisen median markkinoijat<\/li>\n\n\n\n<li class=\"\">S\u00e4hk\u00f6isen kaupank\u00e4ynnin yritykset<\/li>\n\n\n\n<li class=\"\">Pelinkehitt\u00e4j\u00e4t (esim. dnd-taustageneraattoriin ai).<\/li>\n\n\n\n<li class=\"\">Sis\u00e4ll\u00f6ntuottajat<\/li>\n\n\n\n<li class=\"\">Valokuvaajat<\/li>\n<\/ul>\n\n\n\n<h3 class=\"wp-block-heading\" id=\"industries-benefiting-from-ai-background-generators\">AI-taustageneraattoreista hy\u00f6tyv\u00e4t toimialat<\/h3>\n\n\n\n<ul class=\"wp-block-list\">\n<li class=\"\">Mainonta ja markkinointi<\/li>\n\n\n\n<li class=\"\">S\u00e4hk\u00f6inen kaupank\u00e4ynti ja tuotevalokuvaus<\/li>\n\n\n\n<li class=\"\">Pelaaminen ja viihde<\/li>\n\n\n\n<li class=\"\">Kiinteist\u00f6t<\/li>\n\n\n\n<li class=\"\">Muoti ja el\u00e4m\u00e4ntapa<\/li>\n\n\n\n<li class=\"\">Koulutus ja verkko-oppiminen<\/li>\n<\/ul>\n\n\n\n<h3 class=\"wp-block-heading\" id=\"how-to-use-an-ai-background-generator\">Kuinka k\u00e4ytt\u00e4\u00e4 AI-taustageneraattoria<\/h3>\n\n\n\n<ol class=\"wp-block-list\">\n<li class=\"\">Valitse luotettava AI tausta generaattori ty\u00f6kalu<\/li>\n\n\n\n<li class=\"\">Valitse haluamasi toiminto (esim. uuden kuvan luominen, taustan poistaminen).<\/li>\n\n\n\n<li class=\"\">Sy\u00f6t\u00e4 tekstimuotoinen kuvaus tai lataa kuva<\/li>\n\n\n\n<li class=\"\">S\u00e4\u00e4d\u00e4 asetuksia tarpeen mukaan<\/li>\n\n\n\n<li class=\"\">Luo tausta<\/li>\n\n\n\n<li class=\"\">Lataa ja k\u00e4yt\u00e4 uutta taustaa<\/li>\n<\/ol>\n\n\n\n<h3 class=\"wp-block-heading\" id=\"use-cases-for-ai-background-generators\">Teko\u00e4lyn taustageneraattoreiden k\u00e4ytt\u00f6tapaukset<\/h3>\n\n\n\n<h4 class=\"wp-block-heading\" id=\"e-commerce-product-images\">S\u00e4hk\u00f6isen kaupank\u00e4ynnin tuotekuvat<\/h4>\n\n\n\n<p class=\"\">Luo ammattimaisen n\u00e4k\u00f6isi\u00e4 tuotekuvia ai:n tuottamilla kauniilla kukkakuvilla, joissa on sumea tausta tai muita sopivia konteksteja.<\/p>\n\n\n\n<h4 class=\"wp-block-heading\" id=\"social-media-content\">Sosiaalisen median sis\u00e4lt\u00f6<\/h4>\n\n\n\n<p class=\"\">Luo huomiota her\u00e4tt\u00e4vi\u00e4 taustoja viesteihin, tarinoihin ja mainoksiin.<\/p>\n\n\n\n<h4 class=\"wp-block-heading\" id=\"video-production\">Videotuotanto<\/h4>\n\n\n\n<p class=\"\">Luo ainutlaatuisia taustoja videoprojekteja, virtuaalisia lavasteita tai green screen -korvauksia varten.<\/p>\n\n\n\n<h4 class=\"wp-block-heading\" id=\"website-design\">Verkkosivuston suunnittelu<\/h4>\n\n\n\n<p class=\"\">Kehit\u00e4 mukautettuja taustoja verkkosivuille, otsikoihin ja bannereihin.<\/p>\n\n\n\n<h3 class=\"wp-block-heading\" id=\"10-ai-background-generator-tools-pros-cons-and-features\">10 AI Taustageneraattority\u00f6kalut: Plussat, miinukset ja ominaisuudet<\/h3>\n\n\n\n<figure class=\"wp-block-table\"><table class=\"has-fixed-layout\"><thead><tr><th>Ty\u00f6kalu<\/th><th>Plussaa<\/th><th>Miinukset<\/th><th>Ominaisuudet<\/th><th>URL<\/th><\/tr><\/thead><tbody><tr><td>AIArtFree<\/td><td>100% Ilmainen, ei rekister\u00f6itymist\u00e4, rajoittamaton k\u00e4ytt\u00f6<\/td><td>Rajoitetut lis\u00e4ominaisuudet<\/td><td>AI taustageneraattori, Taustan poisto<\/td><td><a href=\"https:\/\/aiartfree.online\/fi\/ai-tausta-generaattori\/\">https:\/\/aiartfree.online\/ai-background-generator\/<\/a><\/td><\/tr><tr><td>DALL-E 2<\/td><td>Laadukkaat tuotokset, monipuolinen<\/td><td>Maksullinen palvelu, vaatii OpenAI-tilin<\/td><td>Tekstin ja kuvan yhdist\u00e4minen, Kuvanmuokkaus<\/td><td><a href=\"https:\/\/openai.com\/dall-e-2\" target=\"_blank\" rel=\"noreferrer noopener\">https:\/\/openai.com\/dall-e-2<\/a><\/td><\/tr><tr><td>Matkan puoliv\u00e4liss\u00e4<\/td><td>Taiteelliset tuotokset, yhteis\u00f6l\u00e4ht\u00f6inen<\/td><td>Maksullinen palvelu, Discord-pohjainen k\u00e4ytt\u00f6liittym\u00e4<\/td><td>Teksti-kuvaksi-tuotanto, Tyylin mukauttaminen<\/td><td>https:\/\/www.midjourney.com<\/td><\/tr><tr><td>Vakaa diffuusio<\/td><td>Avoin l\u00e4hdekoodi, muokattavissa<\/td><td>Vaatii teknist\u00e4 tiet\u00e4myst\u00e4 k\u00e4ytt\u00f6\u00f6notossa<\/td><td>Tekstist\u00e4 kuvaan -tuotanto, Kuvasta kuvaan -k\u00e4\u00e4nn\u00f6s.<\/td><td>https:\/\/stability.ai<\/td><\/tr><tr><td>Canva<\/td><td>K\u00e4ytt\u00e4j\u00e4yst\u00e4v\u00e4llinen k\u00e4ytt\u00f6liittym\u00e4, integroidut suunnitteluty\u00f6kalut<\/td><td>Rajoitetut teko\u00e4lyominaisuudet ilmaisversiossa<\/td><td>Taustan poisto, kuvan luominen (Magic Studion kanssa)<\/td><td>https:\/\/www.canva.com<\/td><\/tr><tr><td>Poista.bg<\/td><td>Erikoistunut taustan poistoon, API saatavilla<\/td><td>Rajoitettu vain taustan poistoon<\/td><td>Automaattinen taustan poisto, Henkil\u00f6n tunnistus<\/td><td>https:\/\/www.remove.bg<\/td><\/tr><tr><td>Pixlr<\/td><td>Ilmainen perusversio, verkkopohjainen<\/td><td>Lis\u00e4ominaisuudet vaativat tilauksen<\/td><td>AI-taustan poisto, Kuvank\u00e4sittelyty\u00f6kalut<\/td><td>https:\/\/pixlr.com<\/td><\/tr><tr><td>PhotoRoom<\/td><td>Mobiiliyst\u00e4v\u00e4llinen, Hyv\u00e4 tuotekuville<\/td><td>T\u00e4ydet ominaisuudet vaativat tilauksen<\/td><td>Taustan poisto, Objektien poisto, teko\u00e4lykuvan luominen<\/td><td>https:\/\/www.photoroom.com<\/td><\/tr><tr><td>Artbreeder<\/td><td>Ainutlaatuiset kuvien yhdist\u00e4misominaisuudet<\/td><td>Oppimisk\u00e4yr\u00e4 parhaiden tulosten saavuttamiseksi<\/td><td>Kuvan sekoittaminen, Tyylinsiirto<\/td><td>https:\/\/www.artbreeder.com<\/td><\/tr><tr><td>Fotor<\/td><td>Helppok\u00e4ytt\u00f6inen, useita teko\u00e4lyty\u00f6kaluja<\/td><td>Jotkin ominaisuudet lukittu maksumuurin taakse<\/td><td>Taustan poisto, AI-taidegeneraattori, Valokuvatehosteet<\/td><td>https:\/\/www.fotor.com<\/td><\/tr><\/tbody><\/table><figcaption class=\"wp-element-caption\">T\u00e4ss\u00e4 taulukossa on kattavampi yleiskatsaus eri teko\u00e4lytaustageneraattority\u00f6kaluihin, mukaan lukien niiden hyv\u00e4t ja huonot puolet, t\u00e4rkeimm\u00e4t ominaisuudet ja URL-osoitteet.<\/figcaption><\/figure>\n\n\n\n<h3 class=\"wp-block-heading\" id=\"advantages-challenges-and-recommendations-for-the-ai-background-generation-industry\">Edut, haasteet ja suositukset teko\u00e4lytaustan tuottamisen teollisuudelle<\/h3>\n\n\n\n<h4 class=\"wp-block-heading\" id=\"advantages\">Edut<\/h4>\n\n\n\n<ul class=\"wp-block-list\">\n<li class=\"\">Nopea innovointi teko\u00e4lyteknologiassa<\/li>\n\n\n\n<li class=\"\">Lis\u00e4\u00e4ntyv\u00e4 kysynt\u00e4 eri aloilla<\/li>\n\n\n\n<li class=\"\">Mahdollisuus integrointiin muiden teko\u00e4lyty\u00f6kalujen kanssa<\/li>\n<\/ul>\n\n\n\n<h4 class=\"wp-block-heading\" id=\"challenges\">Haasteet<\/h4>\n\n\n\n<ul class=\"wp-block-list\">\n<li class=\"\">Tekij\u00e4noikeudet ja eettiset kysymykset<\/li>\n\n\n\n<li class=\"\">Kuvan laadun ja yhdenmukaisuuden varmistaminen<\/li>\n\n\n\n<li class=\"\">Automaation ja inhimillisen luovuuden tasapainottaminen<\/li>\n<\/ul>\n\n\n\n<h4 class=\"wp-block-heading\" id=\"recommendations\">Suositukset<\/h4>\n\n\n\n<ul class=\"wp-block-list\">\n<li class=\"\">Keskittyminen k\u00e4ytt\u00e4j\u00e4yst\u00e4v\u00e4llisiin k\u00e4ytt\u00f6liittymiin<\/li>\n\n\n\n<li class=\"\">Kehit\u00e4 alakohtaisia ominaisuuksia<\/li>\n\n\n\n<li class=\"\">Eettisten teko\u00e4lyk\u00e4yt\u00e4nt\u00f6jen ja avoimuuden asettaminen etusijalle<\/li>\n<\/ul>\n\n\n\n<h3 class=\"wp-block-heading\" id=\"faq\">FAQ<\/h3>\n\n\n\n<ol class=\"wp-block-list\">\n<li class=\"\">Miten luoda AI-tausta Photoshopissa?<br>Vaikka Photoshopissa on joitakin teko\u00e4lyominaisuuksia, https:\/\/aiartfree.online\/ai-background-generator\/ kaltaisen ty\u00f6kalun k\u00e4ytt\u00e4minen on nopeampaa, helpompaa ja ilmaista.<\/li>\n\n\n\n<li class=\"\">Miten AI luo taustan Photoshopissa?<br>Photoshopin sijaan voit kokeilla ilmaista AI-taustageneraattoria, joka nopeuttaa ja yksinkertaistaa tuloksia.<\/li>\n\n\n\n<li class=\"\">Miten AI luo taustan?<br>K\u00e4y osoitteessa https:\/\/aiartfree.online\/ai-background-generator\/, sy\u00f6t\u00e4 haluamasi kuvaus tai lataa kuva, ja anna teko\u00e4lyn luoda tausta puolestasi.<\/li>\n\n\n\n<li class=\"\">Voinko k\u00e4ytt\u00e4\u00e4 teko\u00e4lyn luomia taustoja kaupallisesti?<br>Se riippuu ty\u00f6kalusta ja sen k\u00e4ytt\u00f6ehdoista. Tarkista aina lisenssisopimus ennen kaupallista k\u00e4ytt\u00f6\u00e4.<\/li>\n\n\n\n<li class=\"\">Ovatko teko\u00e4lytaustageneraattorit ilmaisia?<br>Monet ty\u00f6kalut tarjoavat ilmaisia vaihtoehtoja, kuten 100%-ilmainen ja rajoittamaton generaattori osoitteessa https:\/\/aiartfree.online\/ai-background-generator\/.<\/li>\n\n\n\n<li class=\"\">Voivatko teko\u00e4lytaustageneraattorit luoda realistisia kuvia?<br>Kyll\u00e4, monet teko\u00e4lyty\u00f6kalut voivat luoda eritt\u00e4in realistisia taustoja ja kuvia.<\/li>\n\n\n\n<li class=\"\">Miten poistan taustan olemassa olevasta kuvasta?<br>Useimmat teko\u00e4lytaustageneraattorit tarjoavat taustanpoisto-ominaisuuksia. Lataa vain kuvasi ja valitse taustan poisto -vaihtoehto.<\/li>\n\n\n\n<li class=\"\">Voinko luoda taustoja tiettyj\u00e4 teemoja, kuten fantasiaa tai scifi\u00e4 varten?<br>Ehdottomasti! Teko\u00e4lygeneraattorit voivat luoda taustoja erilaisille teemoille tekstin kuvausten perusteella.<\/li>\n\n\n\n<li class=\"\">Onko teko\u00e4lyn luomissa taustoissa rajoituksia?<br>Vaikka teko\u00e4lygeneraattorit ovat tehokkaita, ne saattavat joskus tuottaa ep\u00e4johdonmukaisuuksia tai ep\u00e4realistisia elementtej\u00e4. Tarkista aina tulokset ja muokkaa niit\u00e4 mahdollisesti.<\/li>\n\n\n\n<li class=\"\">Miten voin varmistaa teko\u00e4lyn luomieni taustojen ainutlaatuisuuden?<br>K\u00e4yt\u00e4 erityisi\u00e4 kehotuksia, yhdist\u00e4 useita sukupolvia tai lis\u00e4\u00e4 henkil\u00f6kohtaisia yksityiskohtia, jotta taustoistasi tulee todella ainutlaatuisia.<\/li>\n<\/ol>\n\n\n\n<h3 class=\"wp-block-heading\" id=\"conclusion\">P\u00e4\u00e4telm\u00e4<\/h3>\n\n\n\n<p class=\"\">Teko\u00e4lytaustageneraattorit mullistavat tapamme luoda ja k\u00e4sitell\u00e4 digitaalisia kuvia. Ty\u00f6kalut, kuten https:\/\/aiartfree.online\/ai-background-generator\/, tarjoavat 100% ilmaiseksi, rajattomasti ja ilman rekister\u00f6itymist\u00e4, joten on helpompaa kuin koskaan tuottaa upeita visuaalisia kuvia mihin tahansa projektiin. Olitpa sitten ammattimainen suunnittelija tai satunnainen luoja, AI-taustageneraattorit tarjoavat helppok\u00e4ytt\u00f6isen, tehokkaan ja tehokkaan ratkaisun kuvatarpeisiisi. Kokeile yht\u00e4 jo t\u00e4n\u00e4\u00e4n ja koe digitaalisen luovuuden tulevaisuus!<\/p>","protected":false},"excerpt":{"rendered":"<p>Before vs After How to use the AI Background Generator * Feel free to try our examples below if you don&#8217;t have any thoughts in your mind *&nbsp;Depending on your internet speed, loading the model may take a few seconds.* There will be caching during continuous generation, and the new image will appear after about &#8230; <a title=\"AI Taustageneraattori\" class=\"read-more\" href=\"https:\/\/aiartfree.online\/fi\/ai-tausta-generaattori\/\" aria-label=\"Lue lis\u00e4\u00e4 aiheesta AI Background Generator\">Lue lis\u00e4\u00e4<\/a><\/p>","protected":false},"author":1,"featured_media":3377,"parent":0,"menu_order":0,"comment_status":"open","ping_status":"closed","template":"","meta":{"nf_dc_page":"","footnotes":""},"class_list":["post-3366","page","type-page","status-publish","has-post-thumbnail"],"jetpack_sharing_enabled":true,"_links":{"self":[{"href":"https:\/\/aiartfree.online\/fi\/wp-json\/wp\/v2\/pages\/3366","targetHints":{"allow":["GET"]}}],"collection":[{"href":"https:\/\/aiartfree.online\/fi\/wp-json\/wp\/v2\/pages"}],"about":[{"href":"https:\/\/aiartfree.online\/fi\/wp-json\/wp\/v2\/types\/page"}],"author":[{"embeddable":true,"href":"https:\/\/aiartfree.online\/fi\/wp-json\/wp\/v2\/users\/1"}],"replies":[{"embeddable":true,"href":"https:\/\/aiartfree.online\/fi\/wp-json\/wp\/v2\/comments?post=3366"}],"version-history":[{"count":0,"href":"https:\/\/aiartfree.online\/fi\/wp-json\/wp\/v2\/pages\/3366\/revisions"}],"wp:featuredmedia":[{"embeddable":true,"href":"https:\/\/aiartfree.online\/fi\/wp-json\/wp\/v2\/media\/3377"}],"wp:attachment":[{"href":"https:\/\/aiartfree.online\/fi\/wp-json\/wp\/v2\/media?parent=3366"}],"curies":[{"name":"wp","href":"https:\/\/api.w.org\/{rel}","templated":true}]}}