{"id":3351,"date":"2024-07-30T17:07:44","date_gmt":"2024-07-30T17:07:44","guid":{"rendered":"https:\/\/aiartfree.online\/?page_id=3351"},"modified":"2024-08-16T10:09:07","modified_gmt":"2024-08-16T10:09:07","slug":"ai-voice-generator","status":"publish","type":"page","link":"https:\/\/aiartfree.online\/fi\/ai-aanigeneraattori\/","title":{"rendered":"AI Voice Generator"},"content":{"rendered":"<h2 class=\"wp-block-heading\" id=\"how-to-use-the-ai-voice-generator\">AI Voice Generatorin k\u00e4ytt\u00f6<\/h2>\n\n\n\n<ol class=\"wp-block-list\">\n<li class=\"\">Sy\u00f6t\u00e4 tekstisi<\/li>\n\n\n\n<li class=\"\">Valitse \u00e4\u00e4ni<\/li>\n\n\n\n<li class=\"\">Klikkaa \"L\u00e4het\u00e4\"<\/li>\n\n\n\n<li class=\"\">Hetkinen, siin\u00e4 se on!<\/li>\n<\/ol>\n\n\n\n<p class=\"\">* Voit vapaasti kokeilla alla olevia esimerkkej\u00e4, jos sinulla ei ole mit\u00e4\u00e4n ajatuksia mieless\u00e4si.<\/p>\n\n\n\n<p class=\"\"><em>* Internetin nopeudesta riippuen mallin lataaminen voi kest\u00e4\u00e4... <\/em>enint\u00e4\u00e4n 10 sekuntia \u2193<\/p>\n\n\n\n<div class=\"iframe-wrapper\" style=\"position: relative; width: 100%; height: 1000px;\">\n  <div class=\"loading\" style=\"position: absolute; top: 50px; left: 50%; transform: translate(-50%, -50%); width: 40px; height: 40px; border: 3px solid #f0f0f0; border-top: 3px solid #db7093; border-radius: 50%; animation: spin 1s linear infinite;\"><\/div>\n  <iframe loading=\"lazy\" src=\"https:\/\/innoai-edge-tts-text-to-speech.hf.space\" frameborder=\"0\" width=\"100%\" height=\"100%\" style=\"position: absolute; top: 0; left: 0; opacity: 0; transition: opacity 0.3s;\" onload=\"this.style.opacity=1;this.previousElementSibling.style.display='none';\"><\/iframe>\n<\/div>\n\n<style>\n@keyframes spin {\n  0% { transform: translate(-50%, -50%) rotate(0deg); }\n  100% { transform: translate(-50%, -50%) rotate(360deg); }\n}\n<\/style>\n\n\n\n<div style=\"height:80px\" aria-hidden=\"true\" class=\"wp-block-spacer\"><\/div>\n\n\n\n<h2 class=\"wp-block-heading\" id=\"the-ultimate-guide-to-ai-voice-generators\">Perimm\u00e4inen opas teko\u00e4lyn \u00e4\u00e4nigeneraattoreihin<\/h2>\n\n\n\n<h3 class=\"wp-block-heading\" id=\"outline\">Luonnos<\/h3>\n\n\n\n<p class=\"\">Teko\u00e4lyn \u00e4\u00e4nigeneraattorit ovat mullistaneet tapamme luoda \u00e4\u00e4nisis\u00e4lt\u00f6\u00e4, sill\u00e4 ne tarjoavat korkealaatuisia, eritt\u00e4in realistisia \u00e4\u00e4ni\u00e4, jotka kuulostavat ihmispuheelta. T\u00e4ss\u00e4 oppaassa tarkastellaan teko\u00e4lyn \u00e4\u00e4nigeneraattoreiden m\u00e4\u00e4ritelm\u00e4\u00e4, etuja, toimintoja, kohderyhm\u00e4\u00e4, alan k\u00e4ytt\u00f6tarkoituksia, vaiheittaisia ohjeita, k\u00e4ytt\u00f6tapauksia, ty\u00f6kaluja, alan etuja ja haittoja sek\u00e4 usein kysyttyj\u00e4 kysymyksi\u00e4.<\/p>\n\n\n\n<figure class=\"wp-block-image size-large is-resized\"><img data-recalc-dims=\"1\" data-dominant-color=\"52455b\" data-has-transparency=\"false\" decoding=\"async\" width=\"1024\" height=\"585\"   loading=\"lazy\" src=\"https:\/\/i0.wp.com\/aiartfree.online\/wp-content\/uploads\/2024\/08\/out-0-1.webp?resize=1024%2C585&#038;ssl=1\" alt=\"L\u00f6yd\u00e4 paras AI Voice Generator osoitteessa AIArtFree. Luo laadukkaita, eritt\u00e4in realistisia \u00e4\u00e4ni\u00e4 vaivattomasti sis\u00e4ll\u00f6n luomiseen ja voiceoveriin. Ei rajoituksia. Paras AI-\u00e4\u00e4nigeneraattori - 100% Ilmainen, rajoittamaton, ei rekister\u00f6inti\u00e4\" class=\"wp-image-3458 not-transparent\" style=\"--dominant-color: #52455b; width:598px;height:auto\" srcset=\"https:\/\/i0.wp.com\/aiartfree.online\/wp-content\/uploads\/2024\/08\/out-0-1.webp?resize=1024%2C585&amp;ssl=1 1024w, https:\/\/i0.wp.com\/aiartfree.online\/wp-content\/uploads\/2024\/08\/out-0-1.webp?resize=300%2C171&amp;ssl=1 300w, https:\/\/i0.wp.com\/aiartfree.online\/wp-content\/uploads\/2024\/08\/out-0-1.webp?resize=768%2C439&amp;ssl=1 768w, https:\/\/i0.wp.com\/aiartfree.online\/wp-content\/uploads\/2024\/08\/out-0-1.webp?resize=18%2C10&amp;ssl=1 18w, https:\/\/i0.wp.com\/aiartfree.online\/wp-content\/uploads\/2024\/08\/out-0-1.webp?resize=600%2C343&amp;ssl=1 600w, https:\/\/i0.wp.com\/aiartfree.online\/wp-content\/uploads\/2024\/08\/out-0-1.webp?w=1344&amp;ssl=1 1344w\" sizes=\"auto, (max-width: 1024px) 100vw, 1024px\" \/><\/figure>\n\n\n\n<div class=\"wp-block-rank-math-toc-block\" id=\"rank-math-toc\"><h3>Sis\u00e4llysluettelo<\/h3><nav><ul><li><a href=\"#outline\">Luonnos<\/a><\/li><li><a href=\"#what-is-an-ai-voice-generator\">Mik\u00e4 on AI Voice Generator<\/a><\/li><li><a href=\"#why-use-an-ai-voice-generator\">Miksi k\u00e4ytt\u00e4\u00e4 teko\u00e4lyn \u00e4\u00e4nigeneraattoria<\/a><\/li><li><a href=\"#main-features-of-ai-voice-generators\">AI-\u00e4\u00e4nigeneraattoreiden p\u00e4\u00e4ominaisuudet<\/a><ul><li><a href=\"#text-to-speech-ai\">Tekstist\u00e4 puheeksi teko\u00e4ly<\/a><\/li><li><a href=\"#ultra-realistic-voices\">Eritt\u00e4in realistiset \u00e4\u00e4net<\/a><\/li><li><a href=\"#generative-ai\">Generatiivinen teko\u00e4ly<\/a><\/li><li><a href=\"#multiple-languages-and-accents\">Useita kieli\u00e4 ja aksentteja<\/a><\/li><li><a href=\"#high-quality-voiceovers\">Laadukkaat voiceoverit<\/a><\/li><\/ul><\/li><li><a href=\"#who-should-use-ai-voice-generators\">Kenen pit\u00e4isi k\u00e4ytt\u00e4\u00e4 teko\u00e4lyn \u00e4\u00e4nigeneraattoreita<\/a><\/li><li><a href=\"#industry-uses-of-ai-voice-generators\">Teko\u00e4lyn \u00e4\u00e4nigeneraattoreiden k\u00e4ytt\u00f6 teollisuudessa<\/a><ul><li><a href=\"#media-and-entertainment\">Media ja viihde<\/a><\/li><li><a href=\"#education\">Koulutus<\/a><\/li><li><a href=\"#customer-service\">Asiakaspalvelu<\/a><\/li><li><a href=\"#marketing\">Markkinointi<\/a><\/li><\/ul><\/li><li><a href=\"#how-to-use-an-ai-voice-generator\">Kuinka k\u00e4ytt\u00e4\u00e4 teko\u00e4lyn \u00e4\u00e4nigeneraattoria<\/a><\/li><li><a href=\"#ai-voice-generator-usage-cases\">AI Voice Generator K\u00e4ytt\u00f6tapaukset<\/a><ul><li><a href=\"#content-creation\">Sis\u00e4ll\u00f6n luominen<\/a><\/li><li><a href=\"#education-1\">Koulutus<\/a><\/li><li><a href=\"#business-communication\">Yritysviestint\u00e4<\/a><\/li><li><a href=\"#marketing-2\">Markkinointi<\/a><\/li><\/ul><\/li><li><a href=\"#top-10-ai-voice-generator-tools\">Top 10 AI Voice Generator -ty\u00f6kalut<\/a><\/li><li><a href=\"#industry-pros-and-cons\">Teollisuuden hyv\u00e4t ja huonot puolet<\/a><ul><li><a href=\"#pros\">Plussaa<\/a><\/li><li><a href=\"#cons\">Miinukset<\/a><\/li><li><a href=\"#advantages\">Edut<\/a><\/li><li><a href=\"#challenges\">Haasteet<\/a><\/li><li><a href=\"#suggestions\">Ehdotukset<\/a><\/li><\/ul><\/li><li><a href=\"#frequently-asked-questions\">Usein kysytyt kysymykset<\/a><\/li><\/ul><\/nav><\/div>\n\n\n\n<h3 class=\"wp-block-heading\" id=\"what-is-an-ai-voice-generator\">Mik\u00e4 on AI Voice Generator<\/h3>\n\n\n\n<p class=\"\">AI Voice Generator on ohjelmistosovellus, joka muuntaa teko\u00e4lyn avulla tekstin realistiseksi ihmisen kaltaiseksi puheeksi. Se hy\u00f6dynt\u00e4\u00e4 kehittyneit\u00e4 neuroverkkoja ja generatiivista teko\u00e4ly\u00e4 luodakseen laadukasta \u00e4\u00e4nt\u00e4, jota voidaan k\u00e4ytt\u00e4\u00e4 erilaisissa sovelluksissa sis\u00e4ll\u00f6n luomisesta voiceoveriin ja paljon muuhun.<\/p>\n\n\n\n<h3 class=\"wp-block-heading\" id=\"why-use-an-ai-voice-generator\">Miksi k\u00e4ytt\u00e4\u00e4 teko\u00e4lyn \u00e4\u00e4nigeneraattoria<\/h3>\n\n\n\n<p class=\"\">Teko\u00e4lyn \u00e4\u00e4nigeneraattorin k\u00e4ytt\u00f6 tarjoaa lukuisia etuja:<\/p>\n\n\n\n<ul class=\"wp-block-list\">\n<li class=\"\"><strong>100% Vapaa<\/strong>: Monet alustat tarjoavat k\u00e4ytt\u00e4jille ilmaisia versioita.<\/li>\n\n\n\n<li class=\"\"><strong>Rajoittamaton k\u00e4ytt\u00f6<\/strong>: Luo niin monta voiceoveria kuin tarvitaan ilman rajoituksia.<\/li>\n\n\n\n<li class=\"\"><strong>Rekister\u00f6itymist\u00e4 ei tarvita<\/strong>: Helposti k\u00e4ytett\u00e4viss\u00e4 ilman tili\u00e4.<\/li>\n\n\n\n<li class=\"\"><strong>Korkealaatuinen tuotos<\/strong>: Tuottaa \u00e4\u00e4ni\u00e4, jotka kuulostavat l\u00e4hes identtisilt\u00e4 ihmisen puheen kanssa.<\/li>\n\n\n\n<li class=\"\"><strong>Laaja kieli- ja aksenttituki<\/strong>: Pystyy tuottamaan \u00e4\u00e4ni\u00e4 useilla kielill\u00e4 ja aksenteilla.<\/li>\n\n\n\n<li class=\"\"><strong>Tehokkuus ja nopeus<\/strong>: Tuottaa nopeasti \u00e4\u00e4nt\u00e4 tekstist\u00e4, mik\u00e4 s\u00e4\u00e4st\u00e4\u00e4 aikaa ja vaivaa.<\/li>\n\n\n\n<li class=\"\"><strong>Maailmanlaajuinen yleis\u00f6n tavoittavuus<\/strong>: Tekee sis\u00e4ll\u00f6n laajemman yleis\u00f6n ulottuville tukemalla eri kieli\u00e4.<\/li>\n<\/ul>\n\n\n\n<h3 class=\"wp-block-heading\" id=\"main-features-of-ai-voice-generators\">AI-\u00e4\u00e4nigeneraattoreiden p\u00e4\u00e4ominaisuudet<\/h3>\n\n\n\n<h4 class=\"wp-block-heading\" id=\"text-to-speech-ai\">Tekstist\u00e4 puheeksi teko\u00e4ly<\/h4>\n\n\n\n<p class=\"\">Muuntaa kirjoitetun tekstin puhutuiksi sanoiksi luonnollisella \u00e4\u00e4nell\u00e4.<\/p>\n\n\n\n<h4 class=\"wp-block-heading\" id=\"ultra-realistic-voices\">Eritt\u00e4in realistiset \u00e4\u00e4net<\/h4>\n\n\n\n<p class=\"\">Tuottaa \u00e4\u00e4ni\u00e4, joita ei voi erottaa aidoista ihmis\u00e4\u00e4nist\u00e4, mik\u00e4 parantaa kuulijan kokemusta.<\/p>\n\n\n\n<h4 class=\"wp-block-heading\" id=\"generative-ai\">Generatiivinen teko\u00e4ly<\/h4>\n\n\n\n<p class=\"\">Hy\u00f6dynt\u00e4\u00e4 kehittyneit\u00e4 teko\u00e4lymalleja tuottaakseen monipuolisia ja korkealaatuisia \u00e4\u00e4nitulosteita.<\/p>\n\n\n\n<h4 class=\"wp-block-heading\" id=\"multiple-languages-and-accents\">Useita kieli\u00e4 ja aksentteja<\/h4>\n\n\n\n<p class=\"\">Tukee useita eri kieli\u00e4 ja aksentteja, joten se palvelee maailmanlaajuista yleis\u00f6\u00e4.<\/p>\n\n\n\n<h4 class=\"wp-block-heading\" id=\"high-quality-voiceovers\">Laadukkaat voiceoverit<\/h4>\n\n\n\n<p class=\"\">Luo ammattilaistason \u00e4\u00e4nitallenteita, jotka soveltuvat erilaisiin sovelluksiin, kuten videoihin ja esityksiin.<\/p>\n\n\n\n<h3 class=\"wp-block-heading\" id=\"who-should-use-ai-voice-generators\">Kenen pit\u00e4isi k\u00e4ytt\u00e4\u00e4 teko\u00e4lyn \u00e4\u00e4nigeneraattoreita<\/h3>\n\n\n\n<ul class=\"wp-block-list\">\n<li class=\"\"><strong>Sis\u00e4ll\u00f6ntuottajat<\/strong>: Parantaa videota, podcastia ja muuta multimediasis\u00e4lt\u00f6\u00e4 realistisella \u00e4\u00e4nentoistolla.<\/li>\n\n\n\n<li class=\"\"><strong>Kouluttajat<\/strong>: Muuntaa opetusmateriaalit \u00e4\u00e4nimuotoon, jolloin oppiminen on helpompaa.<\/li>\n\n\n\n<li class=\"\"><strong>Yritykset<\/strong>: Parantaa asiakaspalvelua automaattisilla, mutta ihmisl\u00e4heisill\u00e4 vastauksilla.<\/li>\n\n\n\n<li class=\"\"><strong>Markkinoijat<\/strong>: Luo kiinnostavaa \u00e4\u00e4nisis\u00e4lt\u00f6\u00e4 mainoksiin ja sosiaaliseen mediaan.<\/li>\n<\/ul>\n\n\n\n<h3 class=\"wp-block-heading\" id=\"industry-uses-of-ai-voice-generators\">Teko\u00e4lyn \u00e4\u00e4nigeneraattoreiden k\u00e4ytt\u00f6 teollisuudessa<\/h3>\n\n\n\n<h4 class=\"wp-block-heading\" id=\"media-and-entertainment\">Media ja viihde<\/h4>\n\n\n\n<p class=\"\">K\u00e4ytet\u00e4\u00e4n videoiden, elokuvien ja animaatioiden \u00e4\u00e4nin\u00e4yttelyss\u00e4.<\/p>\n\n\n\n<h4 class=\"wp-block-heading\" id=\"education\">Koulutus<\/h4>\n\n\n\n<p class=\"\">Auttaa \u00e4\u00e4nikirjojen ja verkko-oppimissis\u00e4ll\u00f6n luomisessa.<\/p>\n\n\n\n<h4 class=\"wp-block-heading\" id=\"customer-service\">Asiakaspalvelu<\/h4>\n\n\n\n<p class=\"\">Toimii \u00e4\u00e4niavustajien ja automaattisten asiakastukij\u00e4rjestelmien avulla.<\/p>\n\n\n\n<h4 class=\"wp-block-heading\" id=\"marketing\">Markkinointi<\/h4>\n\n\n\n<p class=\"\">Tuottaa \u00e4\u00e4nimainoksia ja mainossis\u00e4lt\u00f6\u00e4.<\/p>\n\n\n\n<h3 class=\"wp-block-heading\" id=\"how-to-use-an-ai-voice-generator\">Kuinka k\u00e4ytt\u00e4\u00e4 teko\u00e4lyn \u00e4\u00e4nigeneraattoria<\/h3>\n\n\n\n<ol class=\"wp-block-list\">\n<li class=\"\"><strong>Valitse ty\u00f6kalu<\/strong>: Valitse ty\u00f6kalu, kuten&nbsp;<a href=\"https:\/\/aiartfree.online\/fi\/ai-aanigeneraattori\/\">AI Voice Generator<\/a>.<\/li>\n\n\n\n<li class=\"\"><strong>Sy\u00f6tt\u00f6teksti<\/strong>: Sy\u00f6t\u00e4 teksti, jonka haluat muuntaa puheeksi.<\/li>\n\n\n\n<li class=\"\"><strong>Valitse \u00e4\u00e4ni ja kieli<\/strong>: Valitse haluamasi \u00e4\u00e4ni- ja kieliasetukset.<\/li>\n\n\n\n<li class=\"\"><strong>Luo \u00e4\u00e4nt\u00e4<\/strong>: Napsauta generate-painiketta luodaksesi voiceoverin.<\/li>\n\n\n\n<li class=\"\"><strong>Lataa ja k\u00e4yt\u00e4<\/strong>: Lataa luotu \u00e4\u00e4nitiedosto projektiasi varten.<\/li>\n<\/ol>\n\n\n\n<h3 class=\"wp-block-heading\" id=\"ai-voice-generator-usage-cases\">AI Voice Generator K\u00e4ytt\u00f6tapaukset<\/h3>\n\n\n\n<h4 class=\"wp-block-heading\" id=\"content-creation\">Sis\u00e4ll\u00f6n luominen<\/h4>\n\n\n\n<p class=\"\">\u00c4\u00e4nitteiden luominen YouTube-videoita, podcasteja ja muuta multimediasis\u00e4lt\u00f6\u00e4 varten.<\/p>\n\n\n\n<h4 class=\"wp-block-heading\" id=\"education-1\">Koulutus<\/h4>\n\n\n\n<p class=\"\">Oppikirjojen ja oppimateriaalien \u00e4\u00e4niversioiden tuottaminen.<\/p>\n\n\n\n<h4 class=\"wp-block-heading\" id=\"business-communication\">Yritysviestint\u00e4<\/h4>\n\n\n\n<p class=\"\">Vuorovaikutteisten puhevastej\u00e4rjestelmien (IVR) parantaminen realistisilla \u00e4\u00e4nill\u00e4.<\/p>\n\n\n\n<h4 class=\"wp-block-heading\" id=\"marketing-2\">Markkinointi<\/h4>\n\n\n\n<p class=\"\">\u00c4\u00e4nimainosten tuottaminen eri alustoille.<\/p>\n\n\n\n<h3 class=\"wp-block-heading\" id=\"top-10-ai-voice-generator-tools\">Top 10 AI Voice Generator -ty\u00f6kalut<\/h3>\n\n\n\n<figure class=\"wp-block-table\"><table class=\"has-fixed-layout\"><thead><tr><th>Ty\u00f6kalu<\/th><th>Ominaisuudet<\/th><th>Edut<\/th><th>Haasteet<\/th><th>URL<\/th><\/tr><\/thead><tbody><tr><td><strong>AI Voice Generator<\/strong><\/td><td>100% Ilmainen, ei rekister\u00f6itymist\u00e4, korkealaatuiset \u00e4\u00e4net<\/td><td>Rajoittamaton k\u00e4ytt\u00f6, helppo k\u00e4ytt\u00e4\u00e4<\/td><td>Rajoitetut lis\u00e4ominaisuudet<\/td><td><a href=\"https:\/\/aiartfree.online\/fi\/ai-aanigeneraattori\/\">aiartfree.online\/ai-voice-generator<\/a><\/td><\/tr><tr><td><strong>Googlen tekstist\u00e4 puheeksi -toiminto<\/strong><\/td><td>Tukee useita kieli\u00e4 ja aksentteja<\/td><td>Korkealaatuinen tuotos<\/td><td>Vaatii Google-tilin<\/td><td>cloud.google.com\/text-to-speech<\/td><\/tr><tr><td><strong>Amazon Polly<\/strong><\/td><td>Laaja \u00e4\u00e4nivalikoima, reaaliaikainen k\u00e4sittely<\/td><td>Skaalautuvuus<\/td><td>Kustannukset voivat kasvaa<\/td><td>aws.amazon.com\/polly<\/td><\/tr><tr><td><strong>IBM Watson Text to Speech<\/strong><\/td><td>Mukautettavat \u00e4\u00e4net, korkea laatu<\/td><td>Lis\u00e4ominaisuudet<\/td><td>Hinnoittelurakenne<\/td><td>ibm.com\/cloud\/watson-teksti-puheeksi -palvelu<\/td><\/tr><tr><td><strong>Microsoft Azure TTS<\/strong><\/td><td>Neuraaliset \u00e4\u00e4net, laaja kielituki<\/td><td>Integrointi Azure-palveluihin<\/td><td>Hinnoittelu<\/td><td>azure.microsoft.com\/services\/cognitive-services\/text-to-speech<\/td><\/tr><tr><td><strong>iSpeech<\/strong><\/td><td>Helppok\u00e4ytt\u00f6inen, useita kieli\u00e4<\/td><td>Rajoitettu ilmainen versio<\/td><td>&#8211;<\/td><td>ispeech.org<\/td><\/tr><tr><td><strong>ResponsiveVoice<\/strong><\/td><td>Verkkopohjainen, helppo integrointi<\/td><td>Perus\u00e4\u00e4net<\/td><td>Rajoitetut ominaisuudet ilmaisversiossa<\/td><td>responsivevoice.org<\/td><\/tr><tr><td><strong>NaturalReader<\/strong><\/td><td>Yksinkertainen k\u00e4ytt\u00f6liittym\u00e4, laadukkaat \u00e4\u00e4net<\/td><td>P\u00e4\u00e4sy offline-tilassa<\/td><td>Rajoitettu r\u00e4\u00e4t\u00e4l\u00f6inti<\/td><td>naturalreaders.com<\/td><\/tr><tr><td><strong>Balabolka<\/strong><\/td><td>Ilmainen, tukee eri formaatteja<\/td><td>Perusliittym\u00e4<\/td><td>&#8211;<\/td><td>balabolka.site<\/td><\/tr><tr><td><strong>ReadSpeaker<\/strong><\/td><td>Mukautettavat, korkealaatuiset \u00e4\u00e4net<\/td><td>Lis\u00e4ominaisuudet<\/td><td>Kustannukset<\/td><td><a href=\"https:\/\/readspeaker.com\/\" target=\"_blank\" rel=\"noopener\">readspeaker.com<\/a><\/td><\/tr><\/tbody><\/table><\/figure>\n\n\n\n<h3 class=\"wp-block-heading\" id=\"industry-pros-and-cons\">Teollisuuden hyv\u00e4t ja huonot puolet<\/h3>\n\n\n\n<h4 class=\"wp-block-heading\" id=\"pros\">Plussaa<\/h4>\n\n\n\n<ul class=\"wp-block-list\">\n<li class=\"\"><strong>Saavutettavuus<\/strong>: Tekee sis\u00e4ll\u00f6n saavutettavaksi n\u00e4k\u00f6vammaisille k\u00e4ytt\u00e4jille.<\/li>\n\n\n\n<li class=\"\"><strong>Tehokkuus<\/strong>: S\u00e4\u00e4st\u00e4\u00e4 aikaa sis\u00e4ll\u00f6n luomisessa.<\/li>\n\n\n\n<li class=\"\"><strong>Kustannustehokas<\/strong>: V\u00e4hent\u00e4\u00e4 ihmis\u00e4\u00e4nin\u00e4yttelij\u00f6iden tarvetta.<\/li>\n\n\n\n<li class=\"\"><strong>Skaalautuvuus<\/strong>: Helppo skaalautua suuria projekteja varten.<\/li>\n<\/ul>\n\n\n\n<h4 class=\"wp-block-heading\" id=\"cons\">Miinukset<\/h4>\n\n\n\n<ul class=\"wp-block-list\">\n<li class=\"\"><strong>Laadun vaihtelu<\/strong>: Laatu voi vaihdella eri ty\u00f6kalujen v\u00e4lill\u00e4.<\/li>\n\n\n\n<li class=\"\"><strong>Aksentti ja kielelliset rajoitukset<\/strong>: Kaikkia aksentteja ja kieli\u00e4 ei tueta samalla tavalla.<\/li>\n\n\n\n<li class=\"\"><strong>Alkuasetukset<\/strong>: Jotkin ty\u00f6kalut vaativat opettelua.<\/li>\n<\/ul>\n\n\n\n<h4 class=\"wp-block-heading\" id=\"advantages\">Edut<\/h4>\n\n\n\n<ul class=\"wp-block-list\">\n<li class=\"\"><strong>Korkealaatuinen tuotos<\/strong>: Tuottaa ammattitason \u00e4\u00e4nt\u00e4.<\/li>\n\n\n\n<li class=\"\"><strong>Mukauttaminen<\/strong>: Mahdollistaa \u00e4\u00e4nen ja kielen mukauttamisen.<\/li>\n\n\n\n<li class=\"\"><strong>Integrointi<\/strong>: Voidaan integroida eri sovelluksiin.<\/li>\n<\/ul>\n\n\n\n<h4 class=\"wp-block-heading\" id=\"challenges\">Haasteet<\/h4>\n\n\n\n<ul class=\"wp-block-list\">\n<li class=\"\"><strong>Kustannukset<\/strong>: Kehittyneill\u00e4 ominaisuuksilla voi olla hintansa.<\/li>\n\n\n\n<li class=\"\"><strong>Tekniset vaatimukset<\/strong>: Jotkin ty\u00f6kalut saattavat vaatia teknist\u00e4 osaamista.<\/li>\n\n\n\n<li class=\"\"><strong>\u00c4\u00e4nen luonnollisuus<\/strong>: T\u00e4ydellisen luonnollisuuden saavuttaminen voi olla haastavaa.<\/li>\n<\/ul>\n\n\n\n<h4 class=\"wp-block-heading\" id=\"suggestions\">Ehdotukset<\/h4>\n\n\n\n<ul class=\"wp-block-list\">\n<li class=\"\"><strong>Valitse oikea ty\u00f6kalu<\/strong>: Valitse tarpeisiisi ja budjettiisi sopiva ty\u00f6kalu.<\/li>\n\n\n\n<li class=\"\"><strong>Koe<\/strong>: Testaa eri asetuksia parhaiden tulosten saavuttamiseksi.<\/li>\n\n\n\n<li class=\"\"><strong>Pysy ajan tasalla<\/strong>: Pysy ajan tasalla teko\u00e4lyn \u00e4\u00e4niteknologian uusimmista edistysaskelista.<\/li>\n<\/ul>\n\n\n\n<h3 class=\"wp-block-heading\" id=\"frequently-asked-questions\">Usein kysytyt kysymykset<\/h3>\n\n\n\n<ol class=\"wp-block-list\">\n<li class=\"\"><strong>Mit\u00e4 teko\u00e4lyn \u00e4\u00e4nigeneraattoria kaikki k\u00e4ytt\u00e4v\u00e4t?<\/strong><br>Useimmat ihmiset k\u00e4ytt\u00e4v\u00e4t ty\u00f6kaluja, kuten Google Text-to-Speech ja Amazon Polly, koska ne ovat korkealaatuisia ja luotettavia.<\/li>\n\n\n\n<li class=\"\"><strong>Kuinka k\u00e4ytt\u00e4\u00e4 teko\u00e4lyn \u00e4\u00e4nigeneraattoria?<\/strong><br>Valitse ty\u00f6kalu, sy\u00f6t\u00e4 teksti, valitse \u00e4\u00e4ni- ja kieliasetukset, luo \u00e4\u00e4ni ja lataa se.<\/li>\n\n\n\n<li class=\"\"><strong>Mik\u00e4 on paras AI-\u00e4\u00e4nigeneraattori?<\/strong><br>Paras teko\u00e4lyn \u00e4\u00e4nigeneraattori riippuu tarpeistasi, mutta parhaita vaihtoehtoja ovat AI Voice Generator, Google Text-to-Speech ja Amazon Polly.<\/li>\n\n\n\n<li class=\"\"><strong>Miten luoda teko\u00e4lyn \u00e4\u00e4ni?<\/strong><br>K\u00e4yt\u00e4 teko\u00e4lyn \u00e4\u00e4nigeneraattority\u00f6kalua, sy\u00f6t\u00e4 tekstisi, valitse asetukset ja luo \u00e4\u00e4ni.<\/li>\n\n\n\n<li class=\"\"><strong>Miten tehd\u00e4 teko\u00e4lyn \u00e4\u00e4nigeneraattori?<\/strong><br>Teko\u00e4lyn \u00e4\u00e4nigeneraattorin luominen vaatii kehittyneit\u00e4 ohjelmointitaitoja sek\u00e4 koneoppimisen ja neuroverkkojen tuntemusta.<\/li>\n\n\n\n<li class=\"\"><strong>Mitk\u00e4 ovat parhaat ilmaiset teko\u00e4lyn \u00e4\u00e4nigeneraattorit?<\/strong><br>AI Voice Generator ja iSpeech ovat suosittuja ilmaisia vaihtoehtoja.<\/li>\n\n\n\n<li class=\"\"><strong>Voivatko teko\u00e4lyn \u00e4\u00e4nigeneraattorit lukea teksti\u00e4 \u00e4\u00e4neen?<\/strong><br>Kyll\u00e4, teko\u00e4lyn \u00e4\u00e4nigeneraattorit voivat muuntaa tekstin puheeksi ja lukea sen \u00e4\u00e4neen.<\/li>\n<\/ol>","protected":false},"excerpt":{"rendered":"<p>How to use the AI Voice Generator * Feel free to try our examples below if you don&#8217;t have any thoughts in your mind *&nbsp;Depending on your internet speed, loading the model may take up to 10 seconds \u2193 The Ultimate Guide to AI Voice Generators Outline AI Voice Generators have revolutionized the way we &#8230; <a title=\"AI Voice Generator\" class=\"read-more\" href=\"https:\/\/aiartfree.online\/fi\/ai-aanigeneraattori\/\" aria-label=\"Lue lis\u00e4\u00e4 aiheesta AI Voice Generator\">Lue lis\u00e4\u00e4<\/a><\/p>","protected":false},"author":1,"featured_media":3458,"parent":0,"menu_order":0,"comment_status":"open","ping_status":"closed","template":"","meta":{"nf_dc_page":"","footnotes":""},"class_list":["post-3351","page","type-page","status-publish","has-post-thumbnail"],"jetpack_sharing_enabled":true,"_links":{"self":[{"href":"https:\/\/aiartfree.online\/fi\/wp-json\/wp\/v2\/pages\/3351","targetHints":{"allow":["GET"]}}],"collection":[{"href":"https:\/\/aiartfree.online\/fi\/wp-json\/wp\/v2\/pages"}],"about":[{"href":"https:\/\/aiartfree.online\/fi\/wp-json\/wp\/v2\/types\/page"}],"author":[{"embeddable":true,"href":"https:\/\/aiartfree.online\/fi\/wp-json\/wp\/v2\/users\/1"}],"replies":[{"embeddable":true,"href":"https:\/\/aiartfree.online\/fi\/wp-json\/wp\/v2\/comments?post=3351"}],"version-history":[{"count":0,"href":"https:\/\/aiartfree.online\/fi\/wp-json\/wp\/v2\/pages\/3351\/revisions"}],"wp:featuredmedia":[{"embeddable":true,"href":"https:\/\/aiartfree.online\/fi\/wp-json\/wp\/v2\/media\/3458"}],"wp:attachment":[{"href":"https:\/\/aiartfree.online\/fi\/wp-json\/wp\/v2\/media?parent=3351"}],"curies":[{"name":"wp","href":"https:\/\/api.w.org\/{rel}","templated":true}]}}