{"id":3340,"date":"2024-07-30T15:52:48","date_gmt":"2024-07-30T15:52:48","guid":{"rendered":"https:\/\/aiartfree.online\/?page_id=3340"},"modified":"2024-08-02T10:02:12","modified_gmt":"2024-08-02T10:02:12","slug":"transcript","status":"publish","type":"page","link":"https:\/\/aiartfree.online\/fi\/transcript\/","title":{"rendered":"Transkriptio"},"content":{"rendered":"<h2 class=\"wp-block-heading\" id=\"how-to-use-transcript\" style=\"font-size:23px\">Kuinka k\u00e4ytt\u00e4\u00e4 transkriptiota<\/h2>\n\n\n\n<ol class=\"wp-block-list\">\n<li class=\"\">Valitse <strong>Mikrofoni<\/strong> tai <strong>\u00c4\u00e4nitiedosto<\/strong> tai <strong>YouTube<\/strong> ylemm\u00e4st\u00e4 v\u00e4lilehdest\u00e4<\/li>\n\n\n\n<li class=\"\">Lataa sis\u00e4lt\u00f6si<\/li>\n\n\n\n<li class=\"\">Valitse \"Palauta aikaleimat\"<\/li>\n\n\n\n<li class=\"\">Klikkaa \"L\u00e4het\u00e4\"<\/li>\n\n\n\n<li class=\"\">Hetkinen, siin\u00e4 se on!<\/li>\n<\/ol>\n\n\n\n<p class=\"\">* <em>Internetin nopeudesta riippuen mallin lataaminen voi kest\u00e4\u00e4 muutaman sekunnin.<\/em> \u2193<\/p>\n\n\n\n<div class=\"iframe-wrapper\" style=\"position: relative; width: 100%; height: 1400px;\">\n  <div class=\"loading\" style=\"position: absolute; top: 50px; left: 50%; transform: translate(-50%, -50%); width: 40px; height: 40px; border: 3px solid #f0f0f0; border-top: 3px solid #db7093; border-radius: 50%; animation: spin 1s linear infinite;\"><\/div>\n  <iframe loading=\"lazy\" src=\"https:\/\/sanchit-gandhi-whisper-jax.hf.space\" frameborder=\"0\" width=\"100%\" height=\"100%\" style=\"position: absolute; top: 0; left: 0; opacity: 0; transition: opacity 0.3s;\" onload=\"this.style.opacity=1;this.previousElementSibling.style.display='none';\"><\/iframe>\n<\/div>\n\n<style>\n@keyframes spin {\n  0% { transform: translate(-50%, -50%) rotate(0deg); }\n  100% { transform: translate(-50%, -50%) rotate(360deg); }\n}\n<\/style>\n\n\n\n<div style=\"height:60px\" aria-hidden=\"true\" class=\"wp-block-spacer\"><\/div>\n\n\n\n<h2 class=\"wp-block-heading\" id=\"how-to-use-transcript-services-your-ultimate-guide\">Kuinka k\u00e4ytt\u00e4\u00e4 transkriptiopalveluja: Opas: Perimm\u00e4inen opas<\/h2>\n\n\n\n<h3 class=\"wp-block-heading\" id=\"introduction\">Johdanto<\/h3>\n\n\n\n<p class=\"\">Transkriptiopalvelut ovat mullistaneet tavan k\u00e4sitell\u00e4 audio- ja videosis\u00e4lt\u00f6\u00e4 muuntamalla puhutut sanat kirjoitetuksi tekstiksi. Olitpa sitten opiskelija, ammattilainen tai sis\u00e4ll\u00f6ntuottaja, transkription yksityiskohtien ymm\u00e4rt\u00e4minen voi parantaa tuottavuuttasi ja saavutettavuuttasi merkitt\u00e4v\u00e4sti.<\/p>\n\n\n\n<figure class=\"wp-block-image size-large is-resized\"><img data-recalc-dims=\"1\" data-dominant-color=\"b7aaa7\" data-has-transparency=\"false\" decoding=\"async\" width=\"1024\" height=\"640\"   loading=\"lazy\" src=\"https:\/\/i0.wp.com\/aiartfree.online\/wp-content\/uploads\/2024\/07\/WX20240730-200353%402x-1024x640.webp?resize=1024%2C640&#038;ssl=1\" alt=\"No.1 ilmainen ja rajoittamaton transkriptiopalvelu. Ei rekister\u00f6itymist\u00e4. Muunna \u00e4\u00e4ni tekstiksi, YouTube-videoiden transkriptio, Hanki lukion ja korkeakoulun transkriptiot verkossa.\" class=\"wp-image-3345 not-transparent\" style=\"--dominant-color: #b7aaa7; width:578px;height:auto\" srcset=\"https:\/\/i0.wp.com\/aiartfree.online\/wp-content\/uploads\/2024\/07\/WX20240730-200353%402x.jpg?resize=1024%2C640&amp;ssl=1 1024w, https:\/\/i0.wp.com\/aiartfree.online\/wp-content\/uploads\/2024\/07\/WX20240730-200353%402x.jpg?resize=300%2C188&amp;ssl=1 300w, https:\/\/i0.wp.com\/aiartfree.online\/wp-content\/uploads\/2024\/07\/WX20240730-200353%402x.jpg?resize=768%2C480&amp;ssl=1 768w, https:\/\/i0.wp.com\/aiartfree.online\/wp-content\/uploads\/2024\/07\/WX20240730-200353%402x.jpg?resize=1536%2C960&amp;ssl=1 1536w, https:\/\/i0.wp.com\/aiartfree.online\/wp-content\/uploads\/2024\/07\/WX20240730-200353%402x.jpg?resize=18%2C12&amp;ssl=1 18w, https:\/\/i0.wp.com\/aiartfree.online\/wp-content\/uploads\/2024\/07\/WX20240730-200353%402x.jpg?resize=600%2C375&amp;ssl=1 600w, https:\/\/i0.wp.com\/aiartfree.online\/wp-content\/uploads\/2024\/07\/WX20240730-200353%402x.jpg?w=1808&amp;ssl=1 1808w\" sizes=\"auto, (max-width: 1024px) 100vw, 1024px\" \/><\/figure>\n\n\n\n<div class=\"wp-block-rank-math-toc-block\" id=\"rank-math-toc\"><h3>Sis\u00e4llysluettelo<\/h3><nav><ul><li><a href=\"#introduction\">Johdanto<\/a><\/li><li><a href=\"#what-is-transcript\">Mik\u00e4 on transkriptio?<\/a><\/li><li><a href=\"#why-use-transcript-services\">Miksi k\u00e4ytt\u00e4\u00e4 transkriptiopalveluja?<\/a><\/li><li><a href=\"#main-features-of-transcript-services\">Transkriptiopalvelujen p\u00e4\u00e4piirteet<\/a><ul><li><a href=\"#100-free\">100% Vapaa<\/a><\/li><li><a href=\"#unlimited-transcription\">Rajoittamaton transkriptio<\/a><\/li><li><a href=\"#no-1-choice\">No.1 valinta<\/a><\/li><li><a href=\"#no-sign-up-required\">Rekister\u00f6itymist\u00e4 ei tarvita<\/a><\/li><\/ul><\/li><li><a href=\"#who-should-use-transcription-services\">Kenen pit\u00e4isi k\u00e4ytt\u00e4\u00e4 transkriptiopalveluja?<\/a><\/li><li><a href=\"#industries-benefiting-from-transcription-services\">Transkriptiopalveluista hy\u00f6tyv\u00e4t toimialat<\/a><\/li><li><a href=\"#how-to-use-transcription-services-step-by-step\">Kuinka k\u00e4ytt\u00e4\u00e4 transkriptiopalveluja: Vaiheittain<\/a><\/li><li><a href=\"#use-cases-of-transcription-services\">Transkriptiopalvelujen k\u00e4ytt\u00f6tapaukset<\/a><\/li><li><a href=\"#top-10-transcription-tools-and-resources\">Top 10 transkriptioty\u00f6kalut ja resurssit<\/a><\/li><li><a href=\"#advantages-disadvantages-and-challenges-in-the-transcription-industry\">Transkriptioalan edut, haitat ja haasteet<\/a><ul><li><a href=\"#advantages\">Edut<\/a><\/li><li><a href=\"#disadvantages\">Haitat<\/a><\/li><li><a href=\"#challenges\">Haasteet<\/a><\/li><\/ul><\/li><li><a href=\"#frequently-asked-questions-faq\">Usein kysytyt kysymykset (FAQ)<\/a><\/li><li><a href=\"#conclusion\">P\u00e4\u00e4telm\u00e4<\/a><\/li><\/ul><\/nav><\/div>\n\n\n\n<h3 class=\"wp-block-heading\" id=\"what-is-transcript\">Mik\u00e4 on transkriptio?<\/h3>\n\n\n\n<p class=\"\">Transkriptio on prosessi, jossa puhuttu kieli muunnetaan kirjoitetuksi tekstiksi. T\u00e4t\u00e4 palvelua voidaan k\u00e4ytt\u00e4\u00e4 erilaisten \u00e4\u00e4nitteiden, kuten haastattelujen, luentojen, podcastien ja videoiden, transkriptioon luettaviksi asiakirjoiksi.<\/p>\n\n\n\n<h3 class=\"wp-block-heading\" id=\"why-use-transcript-services\">Miksi k\u00e4ytt\u00e4\u00e4 transkriptiopalveluja?<\/h3>\n\n\n\n<p class=\"\">Transkriptiopalvelut tarjoavat lukuisia etuja:<\/p>\n\n\n\n<ul class=\"wp-block-list\">\n<li class=\"\"><strong>Saavutettavuus:<\/strong> J\u00e4ljenn\u00f6sten avulla sis\u00e4lt\u00f6 on kuulovammaisten saatavilla.<\/li>\n\n\n\n<li class=\"\"><strong>Hakukelpoisuus:<\/strong> Tekstiasiakirjoja voidaan helposti etsi\u00e4, indeksoida ja referoida.<\/li>\n\n\n\n<li class=\"\"><strong>Tarkkuus:<\/strong> Ammattimaiset puhtaaksikirjoituspalvelut takaavat, ett\u00e4 puhtaaksikirjoitettu sis\u00e4lt\u00f6 on eritt\u00e4in tarkkaa.<\/li>\n\n\n\n<li class=\"\"><strong>Tehokkuus:<\/strong> S\u00e4\u00e4st\u00e4\u00e4 aikaa manuaaliseen puhtaaksikirjoitukseen verrattuna.<\/li>\n<\/ul>\n\n\n\n<h3 class=\"wp-block-heading\" id=\"main-features-of-transcript-services\">Transkriptiopalvelujen p\u00e4\u00e4piirteet<\/h3>\n\n\n\n<h4 class=\"wp-block-heading\" id=\"100-free\">100% Vapaa<\/h4>\n\n\n\n<p class=\"\">Monet transkriptiopalvelut tarjoavat ilmaisia suunnitelmia, joten ne ovat kaikkien saatavilla ilman taloudellisia rajoitteita.<\/p>\n\n\n\n<h4 class=\"wp-block-heading\" id=\"unlimited-transcription\">Rajoittamaton transkriptio<\/h4>\n\n\n\n<p class=\"\">Jotkin palvelut tarjoavat rajoittamattomat transkriptiomahdollisuudet, jolloin k\u00e4ytt\u00e4j\u00e4t voivat transkriboida niin monta tiedostoa kuin tarvitaan.<\/p>\n\n\n\n<h4 class=\"wp-block-heading\" id=\"no-1-choice\">No.1 valinta<\/h4>\n\n\n\n<p class=\"\">Johtavat transkriptiopalvelut ovat usein parhaita vaihtoehtoja luotettavuutensa, tarkkuutensa ja helppok\u00e4ytt\u00f6isyytens\u00e4 vuoksi.<\/p>\n\n\n\n<h4 class=\"wp-block-heading\" id=\"no-sign-up-required\">Rekister\u00f6itymist\u00e4 ei tarvita<\/h4>\n\n\n\n<p class=\"\">K\u00e4tevyys on keskeinen piirre, sill\u00e4 jotkin alustat tarjoavat transkriptiopalveluja ilman rekister\u00f6itymist\u00e4.<\/p>\n\n\n\n<h3 class=\"wp-block-heading\" id=\"who-should-use-transcription-services\">Kenen pit\u00e4isi k\u00e4ytt\u00e4\u00e4 transkriptiopalveluja?<\/h3>\n\n\n\n<p class=\"\">Transkriptiopalvelut ovat ihanteellisia:<\/p>\n\n\n\n<ul class=\"wp-block-list\">\n<li class=\"\"><strong>Opiskelijat:<\/strong> Luentojen ja keskustelujen muuntaminen muistiinpanoiksi.<\/li>\n\n\n\n<li class=\"\"><strong>Ammattilaiset:<\/strong> Kokousp\u00f6yt\u00e4kirjojen laatimiseen ja haastattelujen puhtaaksikirjoittamiseen.<\/li>\n\n\n\n<li class=\"\"><strong>Sis\u00e4ll\u00f6ntuottajat:<\/strong> Tekstisis\u00e4ll\u00f6n tuottaminen podcasteista ja videoista.<\/li>\n\n\n\n<li class=\"\"><strong>Tutkijat:<\/strong> Suullisen historian ja haastattelujen dokumentointiin.<\/li>\n<\/ul>\n\n\n\n<h3 class=\"wp-block-heading\" id=\"industries-benefiting-from-transcription-services\">Transkriptiopalveluista hy\u00f6tyv\u00e4t toimialat<\/h3>\n\n\n\n<p class=\"\">Transkriptiopalveluista on hy\u00f6ty\u00e4 eri toimialoilla, kuten:<\/p>\n\n\n\n<ul class=\"wp-block-list\">\n<li class=\"\"><strong>Koulutus:<\/strong> Luentojen transkriptioita ja tutkimusdokumentaatiota varten.<\/li>\n\n\n\n<li class=\"\"><strong>Media:<\/strong> Haastattelujen puhtaaksikirjoittaminen ja tekstitysten luominen.<\/li>\n\n\n\n<li class=\"\"><strong>Oikeudellinen:<\/strong> Oikeuden p\u00f6yt\u00e4kirjoja ja oikeudellisia asiakirjoja varten.<\/li>\n\n\n\n<li class=\"\"><strong>Terveydenhuolto:<\/strong> L\u00e4\u00e4ketieteellisten sanelujen ja potilastietojen puhtaaksikirjoittamiseen.<\/li>\n<\/ul>\n\n\n\n<h3 class=\"wp-block-heading\" id=\"how-to-use-transcription-services-step-by-step\">Kuinka k\u00e4ytt\u00e4\u00e4 transkriptiopalveluja: Vaiheittain<\/h3>\n\n\n\n<ol class=\"wp-block-list\">\n<li class=\"\"><strong>Valitse palvelu:<\/strong> Valitse tarpeisiisi sopiva transkriptiopalvelu. Suositeltava ty\u00f6kalu: <a href=\"https:\/\/aiartfree.online\/fi\/transcript\/\">https:\/\/aiartfree.online\/transcript<\/a>.<\/li>\n\n\n\n<li class=\"\"><strong>Lataa \u00e4\u00e4ni-\/videotiedosto:<\/strong> Lataa tiedosto, jonka haluat transkriboida.<\/li>\n\n\n\n<li class=\"\"><strong>Aseta asetukset:<\/strong> Valitse haluamasi asetukset, kuten kieli, muoto ja mahdolliset erityisvaatimukset.<\/li>\n\n\n\n<li class=\"\"><strong>Aloita transkriptio:<\/strong> Aloita transkriptioprosessi.<\/li>\n\n\n\n<li class=\"\"><strong>Tarkista ja muokkaa:<\/strong> Kun transkriptio on valmis, tarkista ja tee tarvittavat muutokset.<\/li>\n\n\n\n<li class=\"\"><strong>Lataa ja k\u00e4yt\u00e4:<\/strong> Lataa lopullinen transkriptio k\u00e4ytt\u00f6\u00f6si.<\/li>\n<\/ol>\n\n\n\n<h3 class=\"wp-block-heading\" id=\"use-cases-of-transcription-services\">Transkriptiopalvelujen k\u00e4ytt\u00f6tapaukset<\/h3>\n\n\n\n<ul class=\"wp-block-list\">\n<li class=\"\"><strong>Akateeminen tutkimus:<\/strong> Haastattelujen puhtaaksikirjoittaminen laadullista tutkimusta varten.<\/li>\n\n\n\n<li class=\"\"><strong>Sis\u00e4ll\u00f6n luominen:<\/strong> Blogikirjoitusten ja artikkeleiden tuottaminen podcasteista.<\/li>\n\n\n\n<li class=\"\"><strong>Oikeudellinen dokumentaatio:<\/strong> Kuulustelujen ja oikeudenk\u00e4yntien puhtaaksikirjoittaminen.<\/li>\n\n\n\n<li class=\"\"><strong>Liikekokoukset:<\/strong> Yksityiskohtaisten kokousp\u00f6yt\u00e4kirjojen laatiminen.<\/li>\n<\/ul>\n\n\n\n<h3 class=\"wp-block-heading\" id=\"top-10-transcription-tools-and-resources\">Top 10 transkriptioty\u00f6kalut ja resurssit<\/h3>\n\n\n\n<p class=\"\">Seuraavassa taulukossa on yhteenveto 10 parhaasta transkriptioty\u00f6kalusta ja niiden ominaisuuksista:<\/p>\n\n\n\n<figure class=\"wp-block-table\"><table class=\"has-fixed-layout\"><thead><tr><th>Ty\u00f6kalu\/verkkosivusto<\/th><th>Ominaisuudet<\/th><th>Plussaa<\/th><th>Miinukset<\/th><th>URL<\/th><\/tr><\/thead><tbody><tr><td><strong>AI Art Free<\/strong><\/td><td>\u00c4\u00e4nest\u00e4 tekstiksi, videon transkriptio<\/td><td>Ilmainen, ei rekister\u00f6itymist\u00e4, rajoittamaton<\/td><td>Rajoitettu r\u00e4\u00e4t\u00e4l\u00f6inti<\/td><td><a href=\"https:\/\/aiartfree.online\/fi\/transcript\/\">Linkki<\/a><\/td><\/tr><tr><td><strong>TranscribeMe<\/strong><\/td><td>Korkea tarkkuus, ihmisen ja teko\u00e4lyn transkriptio<\/td><td>Luotettava, useita formaatteja<\/td><td>Maksullinen palvelu<\/td><td><a href=\"https:\/\/www.transcribeme.com\" target=\"_blank\" rel=\"noopener\">Linkki<\/a><\/td><\/tr><tr><td><strong>Otter.ai<\/strong><\/td><td>Reaaliaikainen transkriptio, yhteisty\u00f6v\u00e4lineet<\/td><td>Helppok\u00e4ytt\u00f6inen mobiilisovellus<\/td><td>Rajoitettu ilmainen suunnitelma<\/td><td><a href=\"https:\/\/otter.ai\" target=\"_blank\" rel=\"noopener\">Linkki<\/a><\/td><\/tr><tr><td><strong>Sonix<\/strong><\/td><td>Automaattinen transkriptio, monikielinen tuki<\/td><td>Nopea, tarkka<\/td><td>Tarvitaan tilaus<\/td><td><a href=\"https:\/\/sonix.ai\" target=\"_blank\" rel=\"noopener\">Linkki<\/a><\/td><\/tr><tr><td><strong>Rev<\/strong><\/td><td>Ihmisen transkriptio, tekstitys<\/td><td>Korkea laatu, nopea l\u00e4pimenoaika<\/td><td>Kallis<\/td><td><a href=\"https:\/\/www.rev.com\" target=\"_blank\" rel=\"noopener\">Linkki<\/a><\/td><\/tr><tr><td><strong>Temi<\/strong><\/td><td>Edullinen automaattinen transkriptio<\/td><td>Nopea, k\u00e4ytt\u00e4j\u00e4yst\u00e4v\u00e4llinen<\/td><td>Ei aina tarkka<\/td><td><a href=\"https:\/\/www.temi.com\" target=\"_blank\" rel=\"noopener\">Linkki<\/a><\/td><\/tr><tr><td><strong>Kuvaus<\/strong><\/td><td>\u00c4\u00e4nen ja videon editointi, transkriptio<\/td><td>Monipuolinen, tehokas<\/td><td>Oppimisk\u00e4yr\u00e4<\/td><td><a href=\"https:\/\/www.descript.com\" target=\"_blank\" rel=\"noopener\">Linkki<\/a><\/td><\/tr><tr><td><strong>Trint<\/strong><\/td><td>Teko\u00e4lyk\u00e4ytt\u00f6iset transkriptio- ja muokkausty\u00f6kalut<\/td><td>Tarkka, joustava<\/td><td>Hinnakas<\/td><td><a href=\"https:\/\/trint.com\" target=\"_blank\" rel=\"noopener\">Linkki<\/a><\/td><\/tr><tr><td><strong>Onnellinen kirjoittaja<\/strong><\/td><td>Monikieliset, yhteistoiminnalliset ty\u00f6kalut<\/td><td>Tarkka, hyv\u00e4 tuki<\/td><td>Tarvittava tilaus<\/td><td><a href=\"https:\/\/www.happyscribe.com\" target=\"_blank\" rel=\"noopener\">Linkki<\/a><\/td><\/tr><tr><td><strong>Scribie<\/strong><\/td><td>Manuaalinen ja automaattinen transkriptio<\/td><td>Edullinen, tarkka<\/td><td>Rajoitettu ilmainen suunnitelma<\/td><td><a href=\"https:\/\/www.scribie.com\" target=\"_blank\" rel=\"noopener\">Linkki<\/a><\/td><\/tr><\/tbody><\/table><\/figure>\n\n\n\n<h3 class=\"wp-block-heading\" id=\"advantages-disadvantages-and-challenges-in-the-transcription-industry\">Transkriptioalan edut, haitat ja haasteet<\/h3>\n\n\n\n<h4 class=\"wp-block-heading\" id=\"advantages\">Edut<\/h4>\n\n\n\n<ul class=\"wp-block-list\">\n<li class=\"\"><strong>Parempi saavutettavuus:<\/strong> Tekee sis\u00e4ll\u00f6st\u00e4 kaikkien saatavilla olevaa.<\/li>\n\n\n\n<li class=\"\"><strong>Parannettu tuottavuus:<\/strong> S\u00e4\u00e4st\u00e4\u00e4 aikaa ja vaivaa puheen muuntamisessa tekstiksi.<\/li>\n\n\n\n<li class=\"\"><strong>Parempi dokumentointi:<\/strong> Tarkat tiedot kokouksista, haastatteluista ja muusta.<\/li>\n<\/ul>\n\n\n\n<h4 class=\"wp-block-heading\" id=\"disadvantages\">Haitat<\/h4>\n\n\n\n<ul class=\"wp-block-list\">\n<li class=\"\"><strong>Kustannukset:<\/strong> Jotkin palvelut voivat olla kalliita.<\/li>\n\n\n\n<li class=\"\"><strong>Tarkkuusongelmat:<\/strong> Automaattiset palvelut eiv\u00e4t v\u00e4ltt\u00e4m\u00e4tt\u00e4 ole aina tarkkoja.<\/li>\n\n\n\n<li class=\"\"><strong>Yksityisyyden suojaan liittyv\u00e4t huolenaiheet:<\/strong> Arkaluonteisten tietojen k\u00e4sittely voi olla huolenaihe.<\/li>\n<\/ul>\n\n\n\n<h4 class=\"wp-block-heading\" id=\"challenges\">Haasteet<\/h4>\n\n\n\n<ul class=\"wp-block-list\">\n<li class=\"\"><strong>Puheen vaihtelevuus:<\/strong> Aksentit, murteet ja huono \u00e4\u00e4nenlaatu voivat vaikuttaa tarkkuuteen.<\/li>\n\n\n\n<li class=\"\"><strong>Tekniset rajoitukset:<\/strong> Teko\u00e4lyn transkriptiossa on edelleen ongelmia kontekstin ja homofonien kanssa.<\/li>\n<\/ul>\n\n\n\n<h3 class=\"wp-block-heading\" id=\"frequently-asked-questions-faq\">Usein kysytyt kysymykset (FAQ)<\/h3>\n\n\n\n<ol class=\"wp-block-list\">\n<li class=\"\"><strong>Miss\u00e4 transkriptio tapahtuu?<\/strong> Transkriptiota k\u00e4ytet\u00e4\u00e4n aina, kun puhuttu kieli on tarpeen muuntaa tekstiksi, ja se tehd\u00e4\u00e4n usein transkriptiopalvelujen ja -ohjelmistojen avulla.<\/li>\n\n\n\n<li class=\"\"><strong>Miten saada lukion todistukset?<\/strong> Voit hankkia lukion todistukset ottamalla yhteytt\u00e4 koulusi hallintotoimistoon tai k\u00e4ytt\u00e4m\u00e4ll\u00e4 koulun verkkoportaalia.<\/li>\n\n\n\n<li class=\"\"><strong>Mit\u00e4 transkriptio on?<\/strong> Transkriptio on prosessi, jossa puhuttu kieli muunnetaan kirjoitetuksi tekstiksi.<\/li>\n\n\n\n<li class=\"\"><strong>Miss\u00e4 transkriptio tapahtuu?<\/strong> Transkriptiota tehd\u00e4\u00e4n erilaisissa ymp\u00e4rist\u00f6iss\u00e4, kuten kouluissa, toimistoissa ja transkriptiopalvelujen tarjoajilla.<\/li>\n\n\n\n<li class=\"\"><strong>Miten saada Aeriesista opintosuoritusote?<\/strong> Jos haluat saada opintosuoritusotteen Aeriesista, kirjaudu Aeries-tilillesi, siirry opintosuoritusotteet-osioon ja noudata ohjeita opintosuoritusotteen pyyt\u00e4miseksi.<\/li>\n\n\n\n<li class=\"\"><strong>Mink\u00e4 tyyppisi\u00e4 todistuksia on olemassa?<\/strong> Todistustyyppej\u00e4 ovat muun muassa akateemiset, l\u00e4\u00e4ketieteelliset, oikeudelliset ja mediatodistukset.<\/li>\n\n\n\n<li class=\"\"><strong>Kuinka transkriboida YouTube-videoita?<\/strong> K\u00e4yt\u00e4 ty\u00f6kaluja kuten <a href=\"https:\/\/aiartfree.online\/fi\/transcript\/\">https:\/\/aiartfree.online\/transcript<\/a> ladata YouTube-videoita ja saada transkriptioita.<\/li>\n\n\n\n<li class=\"\"><strong>Mik\u00e4 on IRS transcript?<\/strong> IRS-selvitys on veroviraston toimittama yhteenveto veroilmoitustiedoista.<\/li>\n\n\n\n<li class=\"\"><strong>Miten saada opintosuoritusotteet?<\/strong> Pyyd\u00e4 opintosuoritusotteita oppilaitoksesi kirjaamosta tai niiden verkkopalveluista.<\/li>\n\n\n\n<li class=\"\"><strong>Mit\u00e4 ovat transkriptioty\u00f6t?<\/strong> Transkriptioteht\u00e4viss\u00e4 kuunnellaan \u00e4\u00e4nitallenteita ja kirjoitetaan kuullut asiat kirjalliseen muotoon.<\/li>\n<\/ol>\n\n\n\n<h3 class=\"wp-block-heading\" id=\"conclusion\">P\u00e4\u00e4telm\u00e4<\/h3>\n\n\n\n<p class=\"\">Transkriptiopalvelut tarjoavat lukemattomia etuja, jotka ulottuvat saatavuuden parantamisesta tuottavuuden lis\u00e4\u00e4miseen. Ty\u00f6kalujen, kuten <a href=\"https:\/\/aiartfree.online\/fi\/transcript\/\">https:\/\/aiartfree.online\/transcript<\/a>voit muuntaa \u00e4\u00e4ni- ja videotiedostot vaivattomasti tekstiksi. Tutustu parhaisiin ty\u00f6kaluihin, ymm\u00e4rr\u00e4 niiden ominaisuudet ja valitse tarpeisiisi sopiva palvelu. Aloita transkribointi jo t\u00e4n\u00e4\u00e4n ja vapauta sis\u00e4lt\u00f6si koko potentiaali!<\/p>\n\n\n\n<p class=\"\">K\u00e4y osoitteessa <a href=\"https:\/\/aiartfree.online\/fi\/transcript\/\">https:\/\/aiartfree.online\/transcript<\/a> nyt kokea paras ilmainen ja rajoittamaton transkriptiopalvelu ilman vaivaa rekister\u00f6itymisest\u00e4!<\/p>","protected":false},"excerpt":{"rendered":"<p>How to use Transcript * Depending on your internet speed, loading the model may take a few seconds. \u2193 How to Use Transcript Services: Your Ultimate Guide Introduction Transcription services have revolutionized the way we handle audio and video content by converting spoken words into written text. Whether you&#8217;re a student, professional, or content creator, &#8230; <a title=\"Transkriptio\" class=\"read-more\" href=\"https:\/\/aiartfree.online\/fi\/transcript\/\" aria-label=\"Lue lis\u00e4\u00e4 aiheesta Transcript\">Lue lis\u00e4\u00e4<\/a><\/p>","protected":false},"author":1,"featured_media":3345,"parent":0,"menu_order":0,"comment_status":"open","ping_status":"closed","template":"","meta":{"nf_dc_page":"","footnotes":""},"class_list":["post-3340","page","type-page","status-publish","has-post-thumbnail"],"jetpack_sharing_enabled":true,"_links":{"self":[{"href":"https:\/\/aiartfree.online\/fi\/wp-json\/wp\/v2\/pages\/3340","targetHints":{"allow":["GET"]}}],"collection":[{"href":"https:\/\/aiartfree.online\/fi\/wp-json\/wp\/v2\/pages"}],"about":[{"href":"https:\/\/aiartfree.online\/fi\/wp-json\/wp\/v2\/types\/page"}],"author":[{"embeddable":true,"href":"https:\/\/aiartfree.online\/fi\/wp-json\/wp\/v2\/users\/1"}],"replies":[{"embeddable":true,"href":"https:\/\/aiartfree.online\/fi\/wp-json\/wp\/v2\/comments?post=3340"}],"version-history":[{"count":0,"href":"https:\/\/aiartfree.online\/fi\/wp-json\/wp\/v2\/pages\/3340\/revisions"}],"wp:featuredmedia":[{"embeddable":true,"href":"https:\/\/aiartfree.online\/fi\/wp-json\/wp\/v2\/media\/3345"}],"wp:attachment":[{"href":"https:\/\/aiartfree.online\/fi\/wp-json\/wp\/v2\/media?parent=3340"}],"curies":[{"name":"wp","href":"https:\/\/api.w.org\/{rel}","templated":true}]}}