{"id":3319,"date":"2024-07-30T11:47:20","date_gmt":"2024-07-30T11:47:20","guid":{"rendered":"https:\/\/aiartfree.online\/?page_id=3319"},"modified":"2025-03-07T08:27:06","modified_gmt":"2025-03-07T08:27:06","slug":"youtube-transcript","status":"publish","type":"page","link":"https:\/\/aiartfree.online\/fi\/youtube-transkriptio\/","title":{"rendered":"YouTube Transcript"},"content":{"rendered":"<h2 class=\"wp-block-heading\" style=\"font-size:23px\">YouTube Transcriptin k\u00e4ytt\u00f6<\/h2>\n\n\n\n<ol class=\"wp-block-list\">\n<li class=\"\">Valitse <strong>YouTube<\/strong> ylemm\u00e4st\u00e4 v\u00e4lilehdest\u00e4<\/li>\n\n\n\n<li class=\"\">Liit\u00e4 YouTube URL-osoite<\/li>\n\n\n\n<li class=\"\">Valitse \"Palauta aikaleimat\"<\/li>\n\n\n\n<li class=\"\">Klikkaa \"L\u00e4het\u00e4\"<\/li>\n\n\n\n<li class=\"\">Hetkinen, siin\u00e4 se on!<\/li>\n<\/ol>\n\n\n\n<figure class=\"gb-block-image gb-block-image-4dfafe81\"><a href=\"https:\/\/fas.st\/t\/XmtmoHSk\" target=\"_blank\" rel=\"noopener noreferrer\"><img data-recalc-dims=\"1\" decoding=\"async\" loading=\"lazy\" width=\"1200\" height=\"368\" class=\"gb-image gb-image-4dfafe81\" src=\"https:\/\/i0.wp.com\/aiartfree.online\/wp-content\/uploads\/2025\/03\/WX20250307-114300%402x.webp?resize=1200%2C368&#038;ssl=1\" alt=\"\" title=\"WX20250307-114300@2x\" srcset=\"https:\/\/i0.wp.com\/aiartfree.online\/wp-content\/uploads\/2025\/03\/WX20250307-114300%402x.webp?w=1900&amp;ssl=1 1900w, https:\/\/i0.wp.com\/aiartfree.online\/wp-content\/uploads\/2025\/03\/WX20250307-114300%402x.webp?resize=300%2C92&amp;ssl=1 300w, https:\/\/i0.wp.com\/aiartfree.online\/wp-content\/uploads\/2025\/03\/WX20250307-114300%402x.webp?resize=1024%2C314&amp;ssl=1 1024w, https:\/\/i0.wp.com\/aiartfree.online\/wp-content\/uploads\/2025\/03\/WX20250307-114300%402x.webp?resize=768%2C235&amp;ssl=1 768w, https:\/\/i0.wp.com\/aiartfree.online\/wp-content\/uploads\/2025\/03\/WX20250307-114300%402x.webp?resize=1536%2C471&amp;ssl=1 1536w, https:\/\/i0.wp.com\/aiartfree.online\/wp-content\/uploads\/2025\/03\/WX20250307-114300%402x.webp?resize=18%2C6&amp;ssl=1 18w, https:\/\/i0.wp.com\/aiartfree.online\/wp-content\/uploads\/2025\/03\/WX20250307-114300%402x.webp?resize=600%2C184&amp;ssl=1 600w\" sizes=\"auto, (max-width: 1200px) 100vw, 1200px\" \/><\/a><\/figure>\n\n\n\n<p class=\"\">* <em>Internetin nopeudesta riippuen mallin lataaminen voi kest\u00e4\u00e4 muutaman sekunnin.<\/em> \u2193<\/p>\n\n\n\n<style>\n  .iframe-container {\n    text-align: center;\n    border: 2px solid;\n    border-image-source: linear-gradient(to right, #16b86c, #912899);\n    border-image-slice: 1;\n    box-shadow: 0 0 10px rgba(0, 0, 0, 0.1);\n    border-radius: 15px;\n    position: relative; \/* \u4f7f loader \u7edd\u5bf9\u5b9a\u4f4d\u6709\u6548 *\/\n  }\n  .loader {\n    position: absolute;\n    top: 100px;\n    left: 50%;\n    transform: translate(-50%, -50%);\n    width: 40px;\n    height: 40px;\n    border: 4px solid #f3f3f3;\n    border-top: 4px solid #9834db;\n    border-radius: 50%;\n    animation: spin 1s linear infinite;\n  }\n  @keyframes spin {\n    0% { transform: translate(-50%, -50%) rotate(0deg); }\n    100% { transform: translate(-50%, -50%) rotate(360deg); }\n  }\n  iframe {\n    width: 100%;\n    height: 1550px;\n    border: none;\n    display: inline-block;\n    margin: 0 auto;\n    opacity: 0;\n    transition: opacity 0.3s ease;\n  }\n<\/style>\n\n<div class=\"iframe-container\">\n  <div id=\"loader\" class=\"loader\"><\/div>\n  <iframe\n    src=\"https:\/\/sanchit-gandhi-whisper-jax.hf.space\"\n    frameborder=\"0\"\n    onload=\"this.style.opacity=1;document.getElementById('loader').style.display='none';\"\n  ><\/iframe>\n<\/div>\n\n\n\n<div style=\"height:60px\" aria-hidden=\"true\" class=\"wp-block-spacer\"><\/div>\n\n\n\n<h2 class=\"wp-block-heading\">Perimm\u00e4inen opas YouTuben transkriptiota varten<\/h2>\n\n\n\n<h3 class=\"wp-block-heading\">Sis\u00e4llysluettelo<\/h3>\n\n\n\n<ol class=\"wp-block-list\">\n<li class=\"\"><a href=\"#introduction\">Johdanto<\/a><\/li>\n\n\n\n<li class=\"\"><a href=\"#what-is-a-youtube-transcript\">Mik\u00e4 on YouTube Transcript?<\/a><\/li>\n\n\n\n<li class=\"\"><a href=\"#why-use-youtube-transcripts\">Miksi k\u00e4ytt\u00e4\u00e4 YouTube-kopioita?<\/a><\/li>\n\n\n\n<li class=\"\"><a href=\"#main-features-of-youtube-transcripts\">YouTuben transkriptien p\u00e4\u00e4ominaisuudet<\/a>\n<ul class=\"wp-block-list\">\n<li class=\"\"><a href=\"#transcription-accuracy\">Transkription tarkkuus<\/a><\/li>\n\n\n\n<li class=\"\"><a href=\"#time-stamped-transcripts\">Aikaleimalla varustetut transkriptiot<\/a><\/li>\n\n\n\n<li class=\"\"><a href=\"#download-options\">Lataa vaihtoehdot<\/a><\/li>\n\n\n\n<li class=\"\"><a href=\"#editing-and-customization\">Muokkaus ja mukauttaminen<\/a><\/li>\n<\/ul>\n<\/li>\n\n\n\n<li class=\"\"><a href=\"#who-should-use-youtube-transcripts\">Kenen pit\u00e4isi k\u00e4ytt\u00e4\u00e4 YouTube-kopioita?<\/a><\/li>\n\n\n\n<li class=\"\"><a href=\"#industries-benefiting-from-youtube-transcripts\">YouTuben transkripteist\u00e4 hy\u00f6tyv\u00e4t toimialat<\/a><\/li>\n\n\n\n<li class=\"\"><a href=\"#how-to-use-youtube-transcripts\">YouTube-kopioiden k\u00e4ytt\u00e4minen<\/a><\/li>\n\n\n\n<li class=\"\"><a href=\"#use-cases-of-youtube-transcripts\">YouTuben transkriptien k\u00e4ytt\u00f6tapaukset<\/a>\n<ul class=\"wp-block-list\">\n<li class=\"\"><a href=\"#content-creators\">Sis\u00e4ll\u00f6ntuottajat<\/a><\/li>\n\n\n\n<li class=\"\"><a href=\"#educators\">Kouluttajat<\/a><\/li>\n\n\n\n<li class=\"\"><a href=\"#marketers\">Markkinoijat<\/a><\/li>\n<\/ul>\n<\/li>\n\n\n\n<li class=\"\"><a href=\"#top-10-youtube-transcript-tools-and-information\">Top 10 YouTube Transcript -ty\u00f6kalut ja tiedot<\/a><\/li>\n\n\n\n<li class=\"\"><a href=\"#advantages-disadvantages-and-challenges-in-the-industry\">Alan edut, haitat ja haasteet<\/a><\/li>\n\n\n\n<li class=\"\"><a href=\"#faq\">FAQ<\/a><\/li>\n\n\n\n<li class=\"\"><a href=\"#conclusion\">P\u00e4\u00e4telm\u00e4<\/a><\/li>\n<\/ol>\n\n\n\n<h3 class=\"wp-block-heading\">Johdanto<\/h3>\n\n\n\n<p class=\"\">Digitaaliaikana sis\u00e4ll\u00f6n saavutettavuus on ensiarvoisen t\u00e4rke\u00e4\u00e4. Yksi hy\u00f6dyllisimmist\u00e4 v\u00e4lineist\u00e4 saavutettavuuden ja sitoutumisen lis\u00e4\u00e4miseksi on YouTuben transkriptio. T\u00e4ss\u00e4 oppaassa selvitet\u00e4\u00e4n, mit\u00e4 YouTube-\u00e4\u00e4nikirjoitus on, miksi se on v\u00e4ltt\u00e4m\u00e4t\u00f6n ja miten sit\u00e4 voi hy\u00f6dynt\u00e4\u00e4 tehokkaasti. Tutustumme my\u00f6s parhaisiin saatavilla oleviin ty\u00f6kaluihin, mukaan lukien parhaimmat suosituksemme, <a href=\"https:\/\/aiartfree.online\/fi\/youtube-transkriptio\/\">https:\/\/aiartfree.online\/youtube-transcript\/<\/a>ja tarjoaa kattavan FAQ-osion, jossa vastataan yleisimpiin kysymyksiin.<\/p>\n\n\n\n<figure class=\"wp-block-image size-full is-resized\"><img data-recalc-dims=\"1\" data-dominant-color=\"987d7b\" data-has-transparency=\"false\" decoding=\"async\" width=\"1024\" height=\"710\"   loading=\"lazy\" src=\"https:\/\/i0.wp.com\/aiartfree.online\/wp-content\/uploads\/2024\/07\/image-28-jpg.webp?resize=1024%2C710&#038;ssl=1\" alt=\"YouTube Transcript\" class=\"wp-image-3337 not-transparent\" style=\"--dominant-color: #987d7b; width:561px;height:auto\" srcset=\"https:\/\/i0.wp.com\/aiartfree.online\/wp-content\/uploads\/2024\/07\/image-28-jpg.webp?w=1024&amp;ssl=1 1024w, https:\/\/i0.wp.com\/aiartfree.online\/wp-content\/uploads\/2024\/07\/image-28-jpg.webp?resize=300%2C208&amp;ssl=1 300w, https:\/\/i0.wp.com\/aiartfree.online\/wp-content\/uploads\/2024\/07\/image-28-jpg.webp?resize=768%2C533&amp;ssl=1 768w, https:\/\/i0.wp.com\/aiartfree.online\/wp-content\/uploads\/2024\/07\/image-28-jpg.webp?resize=18%2C12&amp;ssl=1 18w, https:\/\/i0.wp.com\/aiartfree.online\/wp-content\/uploads\/2024\/07\/image-28-jpg.webp?resize=600%2C416&amp;ssl=1 600w\" sizes=\"auto, (max-width: 1024px) 100vw, 1024px\" \/><\/figure>\n\n\n\n<h3 class=\"wp-block-heading\">Mik\u00e4 on YouTube Transcript?<\/h3>\n\n\n\n<p class=\"\">YouTube-\u00e4\u00e4nikirjoitus on tekstimuotoinen esitys YouTube-videon puhutusta sis\u00e4ll\u00f6st\u00e4. Se tallentaa jokaisen puhutun sanan ja usein my\u00f6s aikaleimat, mik\u00e4 helpottaa katsojien seuraamista, tietyn sis\u00e4ll\u00f6n etsimist\u00e4 ja tiedon k\u00e4ytt\u00e4mist\u00e4 eri tavoin.<\/p>\n\n\n\n<h3 class=\"wp-block-heading\">Miksi k\u00e4ytt\u00e4\u00e4 YouTube-kopioita?<\/h3>\n\n\n\n<p class=\"\">YouTuben transkriptien k\u00e4ytt\u00e4minen tarjoaa lukuisia etuja:<\/p>\n\n\n\n<ol class=\"wp-block-list\">\n<li class=\"\"><strong>Saavutettavuus<\/strong>: Transkriptiot tekev\u00e4t sis\u00e4ll\u00f6st\u00e4 helposti l\u00e4hestytt\u00e4v\u00e4\u00e4 kuulovammaisille henkil\u00f6ille.<\/li>\n\n\n\n<li class=\"\"><strong>Haettavuus<\/strong>: Tekstikopiot parantavat hakukoneoptimointia (SEO) tekem\u00e4ll\u00e4 videosis\u00e4ll\u00f6st\u00e4 hakukelpoista avainsanojen perusteella.<\/li>\n\n\n\n<li class=\"\"><strong>Sis\u00e4ll\u00f6n uudelleenk\u00e4ytt\u00f6<\/strong>: Transkriptioita voidaan k\u00e4ytt\u00e4\u00e4 uudelleen blogikirjoituksissa, artikkeleissa tai sosiaalisen median sis\u00e4ll\u00f6ss\u00e4.<\/li>\n\n\n\n<li class=\"\"><strong>Ymm\u00e4rt\u00e4minen<\/strong>: \u00c4idinkielelt\u00e4\u00e4n vieraat puhujat voivat ymm\u00e4rt\u00e4\u00e4 videosis\u00e4lt\u00f6\u00e4 paremmin lukemalla mukana.<\/li>\n\n\n\n<li class=\"\"><strong>Kihlaus<\/strong>: J\u00e4ljenn\u00f6kset pit\u00e4v\u00e4t katsojat sitoutuneina, sill\u00e4 ne antavat heille mahdollisuuden seurata videota tekstimuodossa.<\/li>\n<\/ol>\n\n\n\n<h3 class=\"wp-block-heading\">YouTuben transkriptien p\u00e4\u00e4ominaisuudet<\/h3>\n\n\n\n<h4 class=\"wp-block-heading\">Transkription tarkkuus<\/h4>\n\n\n\n<p class=\"\">Tarkka puhtaaksikirjoitus on ratkaisevan t\u00e4rke\u00e4\u00e4 puhtaaksikirjoituksen k\u00e4ytt\u00f6kelpoisuuden kannalta. Parhaat ty\u00f6kalut tarjoavat korkean tarkkuuden, mik\u00e4 v\u00e4hent\u00e4\u00e4 tarvetta laajoihin manuaalisiin korjauksiin.<\/p>\n\n\n\n<h4 class=\"wp-block-heading\">Aikaleimalla varustetut transkriptiot<\/h4>\n\n\n\n<p class=\"\">Aikaleimojen avulla k\u00e4ytt\u00e4j\u00e4t voivat navigoida videolla helposti ja siirty\u00e4 tarvittaessa tiettyihin sis\u00e4ll\u00f6n osiin.<\/p>\n\n\n\n<h4 class=\"wp-block-heading\">Lataa vaihtoehdot<\/h4>\n\n\n\n<p class=\"\">Huipputy\u00f6kalut tarjoavat erilaisia latausformaatteja (esim. SRT, TXT), jotta varmistetaan yhteensopivuus eri alustojen ja ohjelmistojen kanssa.<\/p>\n\n\n\n<h4 class=\"wp-block-heading\">Muokkaus ja mukauttaminen<\/h4>\n\n\n\n<p class=\"\">Mahdollisuus muokata ja mukauttaa puhtaaksikirjoituksia varmistaa, ett\u00e4 ne vastaavat k\u00e4ytt\u00e4jien erityistarpeita, kuten muistiinpanojen lis\u00e4\u00e4mist\u00e4 tai ep\u00e4tarkkuuksien korjaamista.<\/p>\n\n\n\n<h3 class=\"wp-block-heading\">Kenen pit\u00e4isi k\u00e4ytt\u00e4\u00e4 YouTube-kopioita?<\/h3>\n\n\n\n<ul class=\"wp-block-list\">\n<li class=\"\"><strong>Sis\u00e4ll\u00f6ntuottajat<\/strong>: SEO:n ja sitoutumisen parantaminen.<\/li>\n\n\n\n<li class=\"\"><strong>Kouluttajat<\/strong>: Tarjota esteet\u00f6nt\u00e4 oppimateriaalia.<\/li>\n\n\n\n<li class=\"\"><strong>Markkinoijat<\/strong>: Sis\u00e4ll\u00f6n poimiminen kampanjoita ja analyysej\u00e4 varten.<\/li>\n\n\n\n<li class=\"\"><strong>Tutkijat<\/strong>: Haastattelujen ja esitysten puhtaaksikirjoittaminen tietojen analysointia varten.<\/li>\n\n\n\n<li class=\"\"><strong>Katsojat<\/strong>: Videoiden seuraaminen ja ymm\u00e4rt\u00e4misen parantaminen.<\/li>\n<\/ul>\n\n\n\n<h3 class=\"wp-block-heading\">YouTuben transkripteist\u00e4 hy\u00f6tyv\u00e4t toimialat<\/h3>\n\n\n\n<ul class=\"wp-block-list\">\n<li class=\"\"><strong>Koulutus<\/strong>: Oppimisresurssien parantaminen.<\/li>\n\n\n\n<li class=\"\"><strong>Markkinointi<\/strong>: Sis\u00e4ll\u00f6n tavoittavuuden ja sitoutumisen parantaminen.<\/li>\n\n\n\n<li class=\"\"><strong>Viihde<\/strong>: Sis\u00e4ll\u00f6n saattaminen laajemman yleis\u00f6n ulottuville.<\/li>\n\n\n\n<li class=\"\"><strong>Tutkimus<\/strong>: Tietojen analysoinnin ja dokumentoinnin helpottaminen.<\/li>\n\n\n\n<li class=\"\"><strong>Terveydenhuolto<\/strong>: L\u00e4\u00e4ketieteellisten luentojen ja seminaarien puhtaaksikirjoittaminen ammatillista kehityst\u00e4 varten.<\/li>\n<\/ul>\n\n\n\n<h3 class=\"wp-block-heading\">YouTube-kopioiden k\u00e4ytt\u00e4minen<\/h3>\n\n\n\n<ol class=\"wp-block-list\">\n<li class=\"\"><strong>Etsi transkriptioty\u00f6kalu<\/strong>: K\u00e4yt\u00e4 luotettavaa ty\u00f6kalua, kuten <a href=\"https:\/\/aiartfree.online\/fi\/youtube-transkriptio\/\">https:\/\/aiartfree.online\/youtube-transcript\/<\/a>.<\/li>\n\n\n\n<li class=\"\"><strong>Lataa tai linkit\u00e4 video<\/strong>: Anna YouTube-videolinkki.<\/li>\n\n\n\n<li class=\"\"><strong>Luo transkriptio<\/strong>: Anna ty\u00f6kalun k\u00e4sitell\u00e4 video ja luoda transkriptio.<\/li>\n\n\n\n<li class=\"\"><strong>Muokkaa ja mukauta<\/strong>: Tee mahdolliset tarvittavat muokkaukset p\u00f6yt\u00e4kirjaan.<\/li>\n\n\n\n<li class=\"\"><strong>Lataa<\/strong>: Tallenna transkriptio haluamassasi muodossa.<\/li>\n<\/ol>\n\n\n\n<h3 class=\"wp-block-heading\">YouTuben transkriptien k\u00e4ytt\u00f6tapaukset<\/h3>\n\n\n\n<h4 class=\"wp-block-heading\">Sis\u00e4ll\u00f6ntuottajat<\/h4>\n\n\n\n<p class=\"\">Sis\u00e4ll\u00f6ntuottajat voivat k\u00e4ytt\u00e4\u00e4 transkriptej\u00e4 SEO:n parantamiseen ja tehd\u00e4 videoistaan helpommin l\u00f6ydett\u00e4vi\u00e4. K\u00e4\u00e4nn\u00f6ksi\u00e4 voidaan my\u00f6s k\u00e4ytt\u00e4\u00e4 uudelleen blogikirjoituksissa tai sosiaalisen median sis\u00e4ll\u00f6ss\u00e4.<\/p>\n\n\n\n<h4 class=\"wp-block-heading\">Kouluttajat<\/h4>\n\n\n\n<p class=\"\">Opettajat voivat tarjota opiskelijoille opintosuoritusotteita oppimisen ja saavutettavuuden parantamiseksi. J\u00e4ljenn\u00f6kset ovat hy\u00f6dyllisi\u00e4 my\u00f6s opiskelumateriaalien ja viiteasiakirjojen laatimisessa.<\/p>\n\n\n\n<h4 class=\"wp-block-heading\">Markkinoijat<\/h4>\n\n\n\n<p class=\"\">Markkinoijat voivat k\u00e4ytt\u00e4\u00e4 puhtaaksikirjoituksia poimimaan avaintietoja kampanjoita varten, luomaan blogikirjoituksia ja analysoimaan kuluttajien k\u00e4ytt\u00e4ytymist\u00e4 ja mieltymyksi\u00e4.<\/p>\n\n\n\n<h3 class=\"wp-block-heading\">Top 10 YouTube Transcript -ty\u00f6kalut ja tiedot<\/h3>\n\n\n\n<figure class=\"wp-block-table\"><table class=\"has-fixed-layout\"><thead><tr><th>Verkkosivusto<\/th><th>Edut<\/th><th>Haitat<\/th><th>Haasteet<\/th><th>Ehdotukset<\/th><\/tr><\/thead><tbody><tr><td><a href=\"https:\/\/aiartfree.online\/fi\/youtube-transkriptio\/\">YouTube Transcript<\/a><\/td><td>100% Ilmainen, rajoittamaton, ei rekister\u00f6itymist\u00e4, korkea tarkkuus<\/td><td>Rajoitettu kielituki<\/td><td>Korkean tarkkuuden varmistaminen kaikissa videoissa<\/td><td>Laajentaa kielitukea<\/td><\/tr><tr><td>otter.ai<\/td><td>Tarkat, yhteistoiminnalliset ominaisuudet<\/td><td>Tarvitaan tilaus<\/td><td>Suurten tiimien kustannusten hallinta<\/td><td>Tarjota edullisempia suunnitelmia<\/td><\/tr><tr><td>rev.com<\/td><td>Ammattimainen tarkkuus, nopea l\u00e4pimenoaika<\/td><td>Kalliita pitkille videoille<\/td><td>Kohtuuhintaisuuden s\u00e4ilytt\u00e4minen<\/td><td>Otetaan k\u00e4ytt\u00f6\u00f6n porrastettu hinnoittelu<\/td><\/tr><tr><td>temi.com<\/td><td>Edullinen, k\u00e4ytt\u00e4j\u00e4yst\u00e4v\u00e4llinen<\/td><td>Tarkkuus voi vaihdella<\/td><td>Kustannusten ja laadun tasapainottaminen<\/td><td>Parantaa tarkkuutta<\/td><\/tr><tr><td>transcribeme.com<\/td><td>Korkea tarkkuus, inhimillinen transkriptio saatavilla<\/td><td>Kallis<\/td><td>Kirjoituskustannusten hallinta<\/td><td>Tarjoa alennuksia irtotilauksista<\/td><\/tr><tr><td>sonix.ai<\/td><td>Nopea, integroituu editointiohjelmiin<\/td><td>Tarvitaan tilaus<\/td><td>Tilauskustannusten perusteleminen<\/td><td>Tarjota enemm\u00e4n kokeiluvaihtoehtoja<\/td><\/tr><tr><td>scribie.com<\/td><td>Edullinen, Manuaalinen transkriptio saatavilla<\/td><td>Rajoitetut ominaisuudet<\/td><td>Toimintojen parantaminen<\/td><td>Laajenna ominaisuuksia<\/td><\/tr><tr><td>happyscribe.com<\/td><td>Monikielinen tuki, k\u00e4ytt\u00e4j\u00e4yst\u00e4v\u00e4llinen<\/td><td>Tarvitaan tilaus<\/td><td>Kustannusten hallinta<\/td><td>Otetaan k\u00e4ytt\u00f6\u00f6n joustavampi hinnoittelu<\/td><\/tr><tr><td>descript.com<\/td><td>Muokkausominaisuudet, korkea tarkkuus<\/td><td>Jyrkempi oppimisk\u00e4yr\u00e4<\/td><td>K\u00e4ytt\u00e4j\u00e4yst\u00e4v\u00e4llinen k\u00e4ytt\u00f6liittym\u00e4<\/td><td>Yksinkertaistaa k\u00e4ytt\u00f6liittym\u00e4\u00e4<\/td><\/tr><tr><td><a href=\"https:\/\/trint.com\" target=\"_blank\" rel=\"noopener\">trint.com<\/a><\/td><td>Nopea, Yhteisty\u00f6v\u00e4lineet<\/td><td>Hinnakas yksitt\u00e4isille k\u00e4ytt\u00e4jille<\/td><td>Kustannustehokkuus<\/td><td>Tarjota enemm\u00e4n yksil\u00f6llisi\u00e4 k\u00e4ytt\u00e4j\u00e4suunnitelmia<\/td><\/tr><\/tbody><\/table><\/figure>\n\n\n\n<h3 class=\"wp-block-heading\">Alan edut, haitat ja haasteet<\/h3>\n\n\n\n<h4 class=\"wp-block-heading\">Edut<\/h4>\n\n\n\n<ul class=\"wp-block-list\">\n<li class=\"\">Parempi saavutettavuus ja sitoutuminen.<\/li>\n\n\n\n<li class=\"\">Parannettu hakukoneoptimointi ja l\u00f6ydett\u00e4vyys.<\/li>\n\n\n\n<li class=\"\">Monipuolinen sis\u00e4ll\u00f6n uudelleenk\u00e4ytt\u00f6.<\/li>\n<\/ul>\n\n\n\n<h4 class=\"wp-block-heading\">Haitat<\/h4>\n\n\n\n<ul class=\"wp-block-list\">\n<li class=\"\">Vaihteleva tarkkuus eri ty\u00f6kaluilla.<\/li>\n\n\n\n<li class=\"\">Laadukkaisiin transkriptiopalveluihin liittyv\u00e4t kustannukset.<\/li>\n<\/ul>\n\n\n\n<h4 class=\"wp-block-heading\">Haasteet<\/h4>\n\n\n\n<ul class=\"wp-block-list\">\n<li class=\"\">Kustannusten ja tarkkuuden tasapainottaminen.<\/li>\n\n\n\n<li class=\"\">Monikielisen tuen ja r\u00e4\u00e4t\u00e4l\u00f6intimahdollisuuksien varmistaminen.<\/li>\n<\/ul>\n\n\n\n<h4 class=\"wp-block-heading\">Ehdotukset<\/h4>\n\n\n\n<ul class=\"wp-block-list\">\n<li class=\"\">Laajenna kielitukea.<\/li>\n\n\n\n<li class=\"\">Tarjoa joustavampia ja edullisempia hinnoittelusuunnitelmia.<\/li>\n\n\n\n<li class=\"\">Parannetaan k\u00e4ytt\u00f6liittymi\u00e4 k\u00e4ytett\u00e4vyyden parantamiseksi.<\/li>\n<\/ul>\n\n\n\n<h3 class=\"wp-block-heading\">FAQ<\/h3>\n\n\n\n<ol class=\"wp-block-list\">\n<li class=\"\"><strong>Miten saada YouTube-videon transkriptio?<\/strong>\n<ul class=\"wp-block-list\">\n<li class=\"\">K\u00e4yt\u00e4 ty\u00f6kalua kuten <a href=\"https:\/\/aiartfree.online\/fi\/youtube-transkriptio\/\">https:\/\/aiartfree.online\/youtube-transcript\/<\/a> tuottaa transkriptioita helposti.<\/li>\n<\/ul>\n<\/li>\n\n\n\n<li class=\"\"><strong>Miten ladata transkripti YouTubesta?<\/strong>\n<ul class=\"wp-block-list\">\n<li class=\"\">K\u00e4yt\u00e4 YouTuben sis\u00e4\u00e4nrakennettua transkriptiotoimintoa tai kolmannen osapuolen ty\u00f6kalua transkriptin lataamiseen.<\/li>\n<\/ul>\n<\/li>\n\n\n\n<li class=\"\"><strong>Miten saada transkripti YouTube-videosta?<\/strong>\n<ul class=\"wp-block-list\">\n<li class=\"\">Kopioi videolinkki ja k\u00e4yt\u00e4 transkriptioty\u00f6kalua transkriptin luomiseen ja lataamiseen.<\/li>\n<\/ul>\n<\/li>\n\n\n\n<li class=\"\"><strong>Miten saada YouTube-videon transkripti?<\/strong>\n<ul class=\"wp-block-list\">\n<li class=\"\">Hy\u00f6dynn\u00e4 verkkoty\u00f6kaluja, kuten <a href=\"https:\/\/aiartfree.online\/fi\/\">aiartfree.online<\/a> jotta transkriptien tuottaminen olisi helppoa.<\/li>\n<\/ul>\n<\/li>\n\n\n\n<li class=\"\"><strong>Miten saada transkripti YouTube-videosta?<\/strong>\n<ul class=\"wp-block-list\">\n<li class=\"\">Liit\u00e4 videolinkki transkriptiogeneraattoriin ja lataa tuloste.<\/li>\n<\/ul>\n<\/li>\n\n\n\n<li class=\"\"><strong>Miten ladata transkripti YouTubesta?<\/strong>\n<ul class=\"wp-block-list\">\n<li class=\"\">K\u00e4yt\u00e4 kolmannen osapuolen palveluita kopion lataamiseen eri muodoissa.<\/li>\n<\/ul>\n<\/li>\n\n\n\n<li class=\"\"><strong>Miten saada YouTube-\u00e4\u00e4nikirjoitus?<\/strong>\n<ul class=\"wp-block-list\">\n<li class=\"\">P\u00e4\u00e4set videon transkriptiin YouTuben kautta tai voit k\u00e4ytt\u00e4\u00e4 ulkoisia ty\u00f6kaluja, joilla saat parannettuja ominaisuuksia.<\/li>\n<\/ul>\n<\/li>\n\n\n\n<li class=\"\"><strong>Miten luoda transkripti YouTube-videoille?<\/strong>\n<ul class=\"wp-block-list\">\n<li class=\"\">K\u00e4yt\u00e4 automaattisia transkriptiopalveluja nopeiden ja tarkkojen tulosten saamiseksi.<\/li>\n<\/ul>\n<\/li>\n\n\n\n<li class=\"\"><strong>Miten muokata YouTube-\u00e4\u00e4nikirjoitusta?<\/strong>\n<ul class=\"wp-block-list\">\n<li class=\"\">Lataa transkriptio ja tee muutoksia tekstinmuokkausohjelmalla.<\/li>\n<\/ul>\n<\/li>\n\n\n\n<li class=\"\"><strong>Kuinka k\u00e4ytt\u00e4\u00e4 YouTuben transkriptiota?<\/strong>\n<ul class=\"wp-block-list\">\n<li class=\"\">Seuraa videota, etsi tiettyj\u00e4 termej\u00e4 tai k\u00e4yt\u00e4 sis\u00e4lt\u00f6\u00e4 uudelleen muihin tarkoituksiin.<\/li>\n<\/ul>\n<\/li>\n<\/ol>\n\n\n\n<figure class=\"wp-block-image size-large is-resized\"><img data-recalc-dims=\"1\" data-dominant-color=\"888685\" data-has-transparency=\"false\" decoding=\"async\" width=\"1024\" height=\"490\"   loading=\"lazy\" src=\"https:\/\/i0.wp.com\/aiartfree.online\/wp-content\/uploads\/2024\/07\/WX20240730-201649%402x-1024x490.webp?resize=1024%2C490&#038;ssl=1\" alt=\"\" class=\"wp-image-3349 not-transparent\" style=\"--dominant-color: #888685; width:700px;height:auto\" srcset=\"https:\/\/i0.wp.com\/aiartfree.online\/wp-content\/uploads\/2024\/07\/WX20240730-201649%402x.jpg?resize=1024%2C490&amp;ssl=1 1024w, https:\/\/i0.wp.com\/aiartfree.online\/wp-content\/uploads\/2024\/07\/WX20240730-201649%402x.jpg?resize=300%2C144&amp;ssl=1 300w, https:\/\/i0.wp.com\/aiartfree.online\/wp-content\/uploads\/2024\/07\/WX20240730-201649%402x.jpg?resize=768%2C367&amp;ssl=1 768w, https:\/\/i0.wp.com\/aiartfree.online\/wp-content\/uploads\/2024\/07\/WX20240730-201649%402x.jpg?resize=1536%2C735&amp;ssl=1 1536w, https:\/\/i0.wp.com\/aiartfree.online\/wp-content\/uploads\/2024\/07\/WX20240730-201649%402x.jpg?resize=18%2C9&amp;ssl=1 18w, https:\/\/i0.wp.com\/aiartfree.online\/wp-content\/uploads\/2024\/07\/WX20240730-201649%402x.jpg?resize=600%2C287&amp;ssl=1 600w, https:\/\/i0.wp.com\/aiartfree.online\/wp-content\/uploads\/2024\/07\/WX20240730-201649%402x.jpg?w=1944&amp;ssl=1 1944w\" sizes=\"auto, (max-width: 1024px) 100vw, 1024px\" \/><\/figure>\n\n\n\n<h3 class=\"wp-block-heading\">P\u00e4\u00e4telm\u00e4<\/h3>\n\n\n\n<p class=\"\">YouTuben transkriptiot ovat korvaamattomia saavutettavuuden, hakukoneoptimoinnin ja sis\u00e4ll\u00f6n uudelleenk\u00e4yt\u00f6n parantamisen kannalta. K\u00e4ytt\u00e4m\u00e4ll\u00e4 luotettavia ty\u00f6kaluja, kuten <a href=\"https:\/\/aiartfree.online\/fi\/youtube-transkriptio\/\">https:\/\/aiartfree.online\/youtube-transcript\/<\/a>voit helposti luoda, muokata ja ladata transkriptej\u00e4. Hy\u00f6dynn\u00e4 transkriptien voimaa videosis\u00e4ll\u00f6n tehostamiseksi ja laajemman yleis\u00f6n tavoittamiseksi.<\/p>\n\n\n\n<p class=\"\"><\/p>","protected":false},"excerpt":{"rendered":"<p>How to use YouTube Transcript * Depending on your internet speed, loading the model may take a few seconds. \u2193 The Ultimate Guide For YouTube Transcript Table of Contents Introduction In the digital age, content accessibility is paramount. One of the most useful tools for enhancing accessibility and engagement is the YouTube transcript. This guide &#8230; <a title=\"YouTube Transcript\" class=\"read-more\" href=\"https:\/\/aiartfree.online\/fi\/youtube-transkriptio\/\" aria-label=\"Lue lis\u00e4\u00e4 aiheesta YouTube Transcript\">Lue lis\u00e4\u00e4<\/a><\/p>","protected":false},"author":1,"featured_media":3349,"parent":0,"menu_order":0,"comment_status":"open","ping_status":"closed","template":"","meta":{"nf_dc_page":"","footnotes":""},"class_list":["post-3319","page","type-page","status-publish","has-post-thumbnail"],"jetpack_sharing_enabled":true,"_links":{"self":[{"href":"https:\/\/aiartfree.online\/fi\/wp-json\/wp\/v2\/pages\/3319","targetHints":{"allow":["GET"]}}],"collection":[{"href":"https:\/\/aiartfree.online\/fi\/wp-json\/wp\/v2\/pages"}],"about":[{"href":"https:\/\/aiartfree.online\/fi\/wp-json\/wp\/v2\/types\/page"}],"author":[{"embeddable":true,"href":"https:\/\/aiartfree.online\/fi\/wp-json\/wp\/v2\/users\/1"}],"replies":[{"embeddable":true,"href":"https:\/\/aiartfree.online\/fi\/wp-json\/wp\/v2\/comments?post=3319"}],"version-history":[{"count":1,"href":"https:\/\/aiartfree.online\/fi\/wp-json\/wp\/v2\/pages\/3319\/revisions"}],"predecessor-version":[{"id":3604,"href":"https:\/\/aiartfree.online\/fi\/wp-json\/wp\/v2\/pages\/3319\/revisions\/3604"}],"wp:featuredmedia":[{"embeddable":true,"href":"https:\/\/aiartfree.online\/fi\/wp-json\/wp\/v2\/media\/3349"}],"wp:attachment":[{"href":"https:\/\/aiartfree.online\/fi\/wp-json\/wp\/v2\/media?parent=3319"}],"curies":[{"name":"wp","href":"https:\/\/api.w.org\/{rel}","templated":true}]}}