{"id":3307,"date":"2024-07-29T14:15:31","date_gmt":"2024-07-29T14:15:31","guid":{"rendered":"https:\/\/aiartfree.online\/?page_id=3307"},"modified":"2024-08-02T10:02:58","modified_gmt":"2024-08-02T10:02:58","slug":"face-swap","status":"publish","type":"page","link":"https:\/\/aiartfree.online\/fi\/kasvojen-vaihto\/","title":{"rendered":"Kasvojen vaihto"},"content":{"rendered":"<h2 class=\"wp-block-heading\" id=\"how-to-use-face-swap\">Kuinka k\u00e4ytt\u00e4\u00e4 Face Swapia<\/h2>\n\n\n\n<ol class=\"wp-block-list\">\n<li class=\"\">Pudota tai lataa <strong>Kohdekuva<\/strong><\/li>\n\n\n\n<li class=\"\">Pudota tai lataa <strong>L\u00e4hde Kuva<\/strong><\/li>\n\n\n\n<li class=\"\">Napsauta \"Face Swap\"<\/li>\n\n\n\n<li class=\"\">Hetkinen, siin\u00e4 se on!<\/li>\n<\/ol>\n\n\n\n<p class=\"\"><em>* Internetin nopeudesta riippuen mallin lataaminen voi kest\u00e4\u00e4 muutaman sekunnin.<br>* Jatkuvan luomisen aikana tapahtuu v\u00e4limuistitallennusta, ja uusi kuva tulee n\u00e4kyviin noin 3 sekunnin kuluttua.<\/em><\/p>\n\n\n\n<div class=\"iframe-wrapper\" style=\"position: relative; width: 100%; height: 1500px;\">\n  <div class=\"loading\" style=\"position: absolute; top: 50px; left: 50%; transform: translate(-50%, -50%); width: 40px; height: 40px; border: 3px solid #f0f0f0; border-top: 3px solid #db7093; border-radius: 50%; animation: spin 1s linear infinite;\"><\/div>\n  <iframe loading=\"lazy\" src=\"https:\/\/felixrosberg-face-swap.hf.space\" frameborder=\"0\" width=\"100%\" height=\"100%\" style=\"position: absolute; top: 0; left: 0; opacity: 0; transition: opacity 0.3s;\" onload=\"this.style.opacity=1;this.previousElementSibling.style.display='none';\"><\/iframe>\n<\/div>\n\n<style>\n@keyframes spin {\n  0% { transform: translate(-50%, -50%) rotate(0deg); }\n  100% { transform: translate(-50%, -50%) rotate(360deg); }\n}\n<\/style>\n\n\n\n<div style=\"height:50px\" aria-hidden=\"true\" class=\"wp-block-spacer\"><\/div>\n\n\n\n<h2 class=\"wp-block-heading\" id=\"face-swap-the-ultimate-guide\">Kasvojen vaihto: perimm\u00e4inen opas<\/h2>\n\n\n\n<div class=\"wp-block-rank-math-toc-block\" id=\"rank-math-toc\"><h3>Sis\u00e4llysluettelo<\/h3><nav><ul><li><a href=\"#introduction\">Johdanto<\/a><\/li><li><a href=\"#what-is-face-swap\">Mik\u00e4 on Face Swap?<\/a><\/li><li><a href=\"#why-use-face-swap\">Miksi k\u00e4ytt\u00e4\u00e4 Face Swapia?<\/a><\/li><li><a href=\"#who-should-use-face-swap\">Kenen pit\u00e4isi k\u00e4ytt\u00e4\u00e4 Face Swapia?<\/a><\/li><li><a href=\"#top-10-face-swap-tools\">Top 10 kasvojen vaihtoty\u00f6kalua<\/a><\/li><li><a href=\"#faq\">FAQ<\/a><ul><li><a href=\"#1-what-is-face-swapping\">1. Mit\u00e4 on kasvojen vaihtaminen?<\/a><\/li><li><a href=\"#2-is-face-swapping-safe\">2. Onko kasvojen vaihtaminen turvallista?<\/a><\/li><li><a href=\"#3-can-i-use-face-swap-for-free\">3. Voinko k\u00e4ytt\u00e4\u00e4 kasvojen vaihtoa ilmaiseksi?<\/a><\/li><li><a href=\"#4-do-i-need-to-sign-up-to-use-face-swap-tools\">4. Pit\u00e4\u00e4k\u00f6 minun rekister\u00f6ity\u00e4 voidakseni k\u00e4ytt\u00e4\u00e4 kasvojenvaihtoty\u00f6kaluja?<\/a><\/li><li><a href=\"#5-can-i-swap-faces-in-videos\">5. Voinko vaihtaa kasvoja videoissa?<\/a><\/li><li><a href=\"#6-what-are-the-best-free-face-swap-tools\">6. Mitk\u00e4 ovat parhaat ilmaiset kasvojenvaihtoty\u00f6kalut?<\/a><\/li><li><a href=\"#7-how-accurate-are-face-swap-tools\">7. Kuinka tarkkoja kasvojenvaihtoty\u00f6kalut ovat?<\/a><\/li><li><a href=\"#8-can-i-use-face-swap-for-commercial-purposes\">8. Voinko k\u00e4ytt\u00e4\u00e4 kasvojen vaihtoa kaupallisiin tarkoituksiin?<\/a><\/li><li><a href=\"#9-are-there-any-privacy-concerns-with-face-swap\">9. Onko kasvojen vaihtoon liittyvi\u00e4 yksityisyysongelmia?<\/a><\/li><li><a href=\"#10-what-are-the-limitations-of-face-swap-technology\">10. Mitk\u00e4 ovat kasvojenvaihtotekniikan rajoitukset?<\/a><\/li><\/ul><\/li><li><a href=\"#conclusion\">P\u00e4\u00e4telm\u00e4<\/a><\/li><\/ul><\/nav><\/div>\n\n\n\n<h3 class=\"wp-block-heading\" id=\"introduction\">Johdanto<\/h3>\n\n\n\n<p class=\"\">Kasvojen vaihtoteknologia on mullistanut vuorovaikutuksen digitaalisen median kanssa, ja se tarjoaa loputtomasti viihdett\u00e4 ja k\u00e4yt\u00e4nn\u00f6n k\u00e4ytt\u00f6\u00e4. T\u00e4ss\u00e4 oppaassa selvit\u00e4mme, mit\u00e4 kasvojen vaihtaminen on, miksi se on hy\u00f6dyllist\u00e4, kuka siit\u00e4 voi hy\u00f6ty\u00e4, ja k\u00e4ymme l\u00e4pi nykyisin saatavilla olevat parhaat ty\u00f6kalut. Ensisijainen suosituksemme on <strong>Face Swap -ty\u00f6kalu osoitteessa <a href=\"https:\/\/aiartfree.online\/fi\/kasvojen-vaihto\/\">aiartfree.online\/face-swap<\/a><\/strong>.<\/p>\n\n\n\n<figure class=\"wp-block-image size-large is-resized\"><img data-recalc-dims=\"1\" data-dominant-color=\"8d7d78\" data-has-transparency=\"false\" decoding=\"async\" width=\"1024\" height=\"452\"   loading=\"lazy\" src=\"https:\/\/i0.wp.com\/aiartfree.online\/wp-content\/uploads\/2024\/07\/WX20240729-174607%402x-1024x452.webp?resize=1024%2C452&#038;ssl=1\" alt=\"Tutustu parhaisiin ilmaisiin, rajoittamattomiin kasvojen vaihtoty\u00f6kaluihin, joilla voit vaihtaa valokuvia ja videoita saumattomasti, mukaan lukien AI face swap ja face switch online -vaihtoehdot.\" class=\"wp-image-3309 not-transparent\" style=\"--dominant-color: #8d7d78; width:744px;height:auto\" srcset=\"https:\/\/i0.wp.com\/aiartfree.online\/wp-content\/uploads\/2024\/07\/WX20240729-174607%402x-scaled.webp?resize=1024%2C452&amp;ssl=1 1024w, https:\/\/i0.wp.com\/aiartfree.online\/wp-content\/uploads\/2024\/07\/WX20240729-174607%402x-scaled.webp?resize=300%2C133&amp;ssl=1 300w, https:\/\/i0.wp.com\/aiartfree.online\/wp-content\/uploads\/2024\/07\/WX20240729-174607%402x-scaled.webp?resize=768%2C339&amp;ssl=1 768w, https:\/\/i0.wp.com\/aiartfree.online\/wp-content\/uploads\/2024\/07\/WX20240729-174607%402x-scaled.webp?resize=1536%2C679&amp;ssl=1 1536w, https:\/\/i0.wp.com\/aiartfree.online\/wp-content\/uploads\/2024\/07\/WX20240729-174607%402x-scaled.webp?resize=2048%2C905&amp;ssl=1 2048w, https:\/\/i0.wp.com\/aiartfree.online\/wp-content\/uploads\/2024\/07\/WX20240729-174607%402x-scaled.webp?resize=18%2C8&amp;ssl=1 18w, https:\/\/i0.wp.com\/aiartfree.online\/wp-content\/uploads\/2024\/07\/WX20240729-174607%402x-scaled.webp?resize=600%2C265&amp;ssl=1 600w, https:\/\/i0.wp.com\/aiartfree.online\/wp-content\/uploads\/2024\/07\/WX20240729-174607%402x-scaled.webp?w=2400&amp;ssl=1 2400w\" sizes=\"auto, (max-width: 1024px) 100vw, 1024px\" \/><\/figure>\n\n\n\n<h3 class=\"wp-block-heading\" id=\"what-is-face-swap\">Mik\u00e4 on Face Swap?<\/h3>\n\n\n\n<p class=\"\">Kasvojen vaihto on tekniikka, jonka avulla k\u00e4ytt\u00e4j\u00e4t voivat korvata digitaalisesti kasvot toisilla valokuvissa tai videoissa. Se hy\u00f6dynt\u00e4\u00e4 kehittynytt\u00e4 teko\u00e4ly\u00e4 ja koneoppimisalgoritmeja, jotka integroivat vaihdetut kasvot saumattomasti ja saavat ne n\u00e4ytt\u00e4m\u00e4\u00e4n luonnollisilta ja realistisilta.<\/p>\n\n\n\n<h3 class=\"wp-block-heading\" id=\"why-use-face-swap\">Miksi k\u00e4ytt\u00e4\u00e4 Face Swapia?<\/h3>\n\n\n\n<p class=\"\">Kasvojen vaihtotekniikka on t\u00e4rke\u00e4\u00e4 useista syist\u00e4:<\/p>\n\n\n\n<ul class=\"wp-block-list\">\n<li class=\"\"><strong>Viihde<\/strong>: Luo hauskoja kuvia ja videoita sosiaaliseen mediaan.<\/li>\n\n\n\n<li class=\"\"><strong>Markkinointi<\/strong>: Mukauta mainossis\u00e4lt\u00f6\u00e4 eri v\u00e4est\u00f6ryhmille.<\/li>\n\n\n\n<li class=\"\"><strong>Koulutus<\/strong>: K\u00e4ytt\u00f6 koulutussimulaatioissa ja opetusvideoissa.<\/li>\n\n\n\n<li class=\"\"><strong>Yksityisyys<\/strong>: Peitt\u00e4\u00e4 henkil\u00f6llisyydet arkaluonteisessa sis\u00e4ll\u00f6ss\u00e4.<\/li>\n\n\n\n<li class=\"\"><strong>Taide ja luovuus<\/strong>: Kokeile digitaalisia taidehankkeita.<\/li>\n<\/ul>\n\n\n\n<h3 class=\"wp-block-heading\" id=\"who-should-use-face-swap\">Kenen pit\u00e4isi k\u00e4ytt\u00e4\u00e4 Face Swapia?<\/h3>\n\n\n\n<p class=\"\">Kasvojenvaihtotekniikasta voi olla hy\u00f6ty\u00e4 eri henkil\u00f6ille ja toimialoille:<\/p>\n\n\n\n<ul class=\"wp-block-list\">\n<li class=\"\"><strong>Sosiaalisen median harrastajat<\/strong>: Luoda mukaansatempaavaa ja viihdytt\u00e4v\u00e4\u00e4 sis\u00e4lt\u00f6\u00e4.<\/li>\n\n\n\n<li class=\"\"><strong>Digitaaliset markkinoijat<\/strong>: R\u00e4\u00e4t\u00e4l\u00f6id\u00e4 markkinointikampanjoita.<\/li>\n\n\n\n<li class=\"\"><strong>Kouluttajat ja kouluttajat<\/strong>: Opetusmateriaalin luomiseen.<\/li>\n\n\n\n<li class=\"\"><strong>Sis\u00e4ll\u00f6ntuottajat<\/strong>: Lis\u00e4t\u00e4 ainutlaatuisen k\u00e4\u00e4nteen projekteihinsa.<\/li>\n\n\n\n<li class=\"\"><strong>Yksityisyytt\u00e4 etsiv\u00e4t henkil\u00f6t<\/strong>: Anonymisoida kasvot jaetussa mediassa.<\/li>\n<\/ul>\n\n\n\n<h3 class=\"wp-block-heading\" id=\"top-10-face-swap-tools\">Top 10 kasvojen vaihtoty\u00f6kalua<\/h3>\n\n\n\n<p class=\"\">T\u00e4ss\u00e4 on vertailu nykyisin saatavilla olevista parhaista kasvojenvaihtoty\u00f6kaluista:<\/p>\n\n\n\n<figure class=\"wp-block-table\"><table class=\"has-fixed-layout\"><thead><tr><th>Ty\u00f6kalun nimi<\/th><th>URL<\/th><th>Edut<\/th><th>Haitat<\/th><th>Vahvuudet<\/th><th>Haasteet<\/th><th>Suositukset<\/th><\/tr><\/thead><tbody><tr><td>Kasvojen vaihto AI<\/td><td><a href=\"https:\/\/aiartfree.online\/fi\/kasvojen-vaihto\/\">aiartfree.online\/face-swap<\/a><\/td><td>Ilmainen, ei rekister\u00f6itymist\u00e4, rajoittamaton<\/td><td>Vaatii internetin<\/td><td>Laadukkaat swapit<\/td><td>Saattaa olla satunnaisia viiveit\u00e4<\/td><td>Kaikkiaan paras vapaaseen k\u00e4ytt\u00f6\u00f6n<\/td><\/tr><tr><td>FaceApp<\/td><td>faceapp.com<\/td><td>Helppok\u00e4ytt\u00f6inen, useita ominaisuuksia<\/td><td>Vesileimatut kuvat<\/td><td>Suosittu, monipuolinen<\/td><td>Rajoitettu ilmainen versio<\/td><td>Suuri rentoon k\u00e4ytt\u00f6\u00f6n<\/td><\/tr><tr><td>Reface<\/td><td>reface.app<\/td><td>Laadukkaat videot<\/td><td>T\u00e4ydelliset ominaisuudet edellytt\u00e4v\u00e4t tilausta<\/td><td>Realistiset vaihdot<\/td><td>Rajoitettu vapaa k\u00e4ytt\u00f6<\/td><td>Ihanteellinen videoiden vaihtoon<\/td><\/tr><tr><td>Snapchat<\/td><td>snapchat.com<\/td><td>Hauskat suodattimet, Sosiaalinen jakaminen<\/td><td>Vaatii Snapchat-tilin<\/td><td>Suosittu nuorten keskuudessa<\/td><td>Rajoitettu sovellukseen<\/td><td>Paras sosiaaliseen mediaan<\/td><\/tr><tr><td>DeepFaceLab<\/td><td><a href=\"https:\/\/github.com\/iperov\/DeepFaceLab\" target=\"_blank\" rel=\"noopener\">github.com\/iperov\/DeepFaceLab<\/a><\/td><td>Edistynyt, muokattavissa<\/td><td>Jyrkk\u00e4 oppimisk\u00e4yr\u00e4<\/td><td>Eritt\u00e4in muokattavissa<\/td><td>Vaatii teknisi\u00e4 taitoja<\/td><td>Paras edistyneille k\u00e4ytt\u00e4jille<\/td><\/tr><tr><td>ZAO<\/td><td>zaomakeup.com<\/td><td>Reaaliaikaiset swapit<\/td><td>Yksityisyyden suojaan liittyv\u00e4t huolenaiheet<\/td><td>Realistiset tuotokset<\/td><td>Tietosuojakysymykset<\/td><td>Hyv\u00e4 reaaliaikaiseen k\u00e4ytt\u00f6\u00f6n<\/td><\/tr><tr><td>B612<\/td><td>b612.snow.me<\/td><td>K\u00e4ytt\u00e4j\u00e4yst\u00e4v\u00e4lliset, hauskat suodattimet<\/td><td>Rajoitetut ominaisuudet<\/td><td>Helppo k\u00e4ytt\u00e4\u00e4<\/td><td>Vaatii sovelluksen lataamisen<\/td><td>Suuri aloittelijoille<\/td><\/tr><tr><td>Kasvojen vaihto live<\/td><td>faceswaplive.com<\/td><td>Reaaliaikainen vaihtaminen<\/td><td>Maksullinen sovellus<\/td><td>Reaaliaikaiset tulokset<\/td><td>Rajoitetut ilmaiset ominaisuudet<\/td><td>Ihanteellinen live-k\u00e4ytt\u00f6\u00f6n<\/td><\/tr><tr><td>MSQRD<\/td><td>msqrd.me<\/td><td>Erilaisia naamioita<\/td><td>Lopetettu<\/td><td>Hauska ja mukaansatempaava<\/td><td>Ei en\u00e4\u00e4 p\u00e4ivitetty<\/td><td>Hyv\u00e4 offline-k\u00e4ytt\u00f6\u00f6n<\/td><\/tr><tr><td>Kasvojen vaihtokoppi<\/td><td>faceswapbooth.com<\/td><td>Mukautettavat vaihdot<\/td><td>Mainokset ilmaisessa versiossa<\/td><td>Monipuolinen<\/td><td>Edellytt\u00e4\u00e4 ostamista t\u00e4ytt\u00e4 p\u00e4\u00e4sy\u00e4 varten<\/td><td>Paras r\u00e4\u00e4t\u00e4l\u00f6intiin<\/td><\/tr><\/tbody><\/table><\/figure>\n\n\n\n<h3 class=\"wp-block-heading\" id=\"faq\">FAQ<\/h3>\n\n\n\n<h4 class=\"wp-block-heading\" id=\"1-what-is-face-swapping\">1. Mit\u00e4 on kasvojen vaihtaminen?<\/h4>\n\n\n\n<p class=\"\">Kasvojen vaihtaminen on tekniikka, jossa kasvot korvataan digitaalisesti toisella kasvolla valokuvissa tai videoissa teko\u00e4lyn ja koneoppimisen avulla.<\/p>\n\n\n\n<h4 class=\"wp-block-heading\" id=\"2-is-face-swapping-safe\">2. Onko kasvojen vaihtaminen turvallista?<\/h4>\n\n\n\n<p class=\"\">Kyll\u00e4, kasvojen vaihtaminen on yleens\u00e4 turvallista, jos k\u00e4yt\u00e4t hyv\u00e4maineisia ty\u00f6kaluja ja suojaat henkil\u00f6tietosi.<\/p>\n\n\n\n<h4 class=\"wp-block-heading\" id=\"3-can-i-use-face-swap-for-free\">3. Voinko k\u00e4ytt\u00e4\u00e4 kasvojen vaihtoa ilmaiseksi?<\/h4>\n\n\n\n<p class=\"\">Kyll\u00e4, monet ty\u00f6kalut tarjoavat ilmaisia versioita, kuten <a href=\"https:\/\/aiartfree.online\/fi\/kasvojen-vaihto\/\">aiartfree.online\/face-swap<\/a>.<\/p>\n\n\n\n<h4 class=\"wp-block-heading\" id=\"4-do-i-need-to-sign-up-to-use-face-swap-tools\">4. Pit\u00e4\u00e4k\u00f6 minun rekister\u00f6ity\u00e4 voidakseni k\u00e4ytt\u00e4\u00e4 kasvojenvaihtoty\u00f6kaluja?<\/h4>\n\n\n\n<p class=\"\">Ei, jotkut ty\u00f6kalut, kuten <a href=\"https:\/\/aiartfree.online\/fi\/kasvojen-vaihto\/\">aiartfree.online\/face-swap<\/a> eiv\u00e4t vaadi rekister\u00f6itymist\u00e4.<\/p>\n\n\n\n<h4 class=\"wp-block-heading\" id=\"5-can-i-swap-faces-in-videos\">5. Voinko vaihtaa kasvoja videoissa?<\/h4>\n\n\n\n<p class=\"\">Kyll\u00e4, jotkut kehittyneet ty\u00f6kalut, kuten Reface, mahdollistavat kasvojen vaihtamisen videoissa.<\/p>\n\n\n\n<h4 class=\"wp-block-heading\" id=\"6-what-are-the-best-free-face-swap-tools\">6. Mitk\u00e4 ovat parhaat ilmaiset kasvojenvaihtoty\u00f6kalut?<\/h4>\n\n\n\n<p class=\"\">Parhaita ilmaisia ty\u00f6kaluja ovat <a href=\"https:\/\/aiartfree.online\/fi\/kasvojen-vaihto\/\">aiartfree.online\/face-swap<\/a> ja Snapchat.<\/p>\n\n\n\n<h4 class=\"wp-block-heading\" id=\"7-how-accurate-are-face-swap-tools\">7. Kuinka tarkkoja kasvojenvaihtoty\u00f6kalut ovat?<\/h4>\n\n\n\n<p class=\"\">Tarkkuus vaihtelee, mutta kehittyneet ty\u00f6kalut, kuten DeepFaceLab, tarjoavat suuren tarkkuuden.<\/p>\n\n\n\n<h4 class=\"wp-block-heading\" id=\"8-can-i-use-face-swap-for-commercial-purposes\">8. Voinko k\u00e4ytt\u00e4\u00e4 kasvojen vaihtoa kaupallisiin tarkoituksiin?<\/h4>\n\n\n\n<p class=\"\">Kyll\u00e4, mutta varmista, ett\u00e4 sinulla on oikeat k\u00e4ytt\u00f6oikeudet kaikkiin k\u00e4ytt\u00e4miisi kasvoihin.<\/p>\n\n\n\n<h4 class=\"wp-block-heading\" id=\"9-are-there-any-privacy-concerns-with-face-swap\">9. Onko kasvojen vaihtoon liittyvi\u00e4 yksityisyysongelmia?<\/h4>\n\n\n\n<p class=\"\">Joihinkin ty\u00f6kaluihin voi liitty\u00e4 tietosuojaongelmia, joten valitse ty\u00f6kalut, joissa tietoturva on etusijalla.<\/p>\n\n\n\n<h4 class=\"wp-block-heading\" id=\"10-what-are-the-limitations-of-face-swap-technology\">10. Mitk\u00e4 ovat kasvojenvaihtotekniikan rajoitukset?<\/h4>\n\n\n\n<p class=\"\">Rajoituksia ovat mahdollinen viive, oppimisk\u00e4yr\u00e4 ja vaihtelevan laatuiset swapit.<\/p>\n\n\n\n<h3 class=\"wp-block-heading\" id=\"conclusion\">P\u00e4\u00e4telm\u00e4<\/h3>\n\n\n\n<p class=\"\">Kasvojen vaihtaminen on monipuolinen ja viihdytt\u00e4v\u00e4 tekniikka, jolla on monenlaisia sovelluksia. Olipa kyse sitten hauskanpidosta tai k\u00e4yt\u00e4nn\u00f6n k\u00e4yt\u00f6st\u00e4, jokaiselle l\u00f6ytyy sopiva ty\u00f6kalu. Muista kokeilla suositeltua <a href=\"https:\/\/aiartfree.online\/fi\/kasvojen-vaihto\/\">aiartfree.online\/face-swap<\/a> huippuluokan, ilman rekister\u00f6itymist\u00e4, rajoittamaton kokemus.<\/p>","protected":false},"excerpt":{"rendered":"<p>How to use Face Swap *&nbsp;Depending on your internet speed, loading the model may take a few seconds.* There will be caching during continuous generation, and the new image will appear after about 3 seconds. Face Swap: The Ultimate Guide Introduction Face swapping technology has revolutionized how we interact with digital media, providing endless entertainment &#8230; <a title=\"Kasvojen vaihto\" class=\"read-more\" href=\"https:\/\/aiartfree.online\/fi\/kasvojen-vaihto\/\" aria-label=\"Lue lis\u00e4\u00e4 aiheesta Face Swap\">Lue lis\u00e4\u00e4<\/a><\/p>","protected":false},"author":1,"featured_media":3309,"parent":0,"menu_order":0,"comment_status":"open","ping_status":"closed","template":"","meta":{"nf_dc_page":"","footnotes":""},"class_list":["post-3307","page","type-page","status-publish","has-post-thumbnail"],"jetpack_sharing_enabled":true,"_links":{"self":[{"href":"https:\/\/aiartfree.online\/fi\/wp-json\/wp\/v2\/pages\/3307","targetHints":{"allow":["GET"]}}],"collection":[{"href":"https:\/\/aiartfree.online\/fi\/wp-json\/wp\/v2\/pages"}],"about":[{"href":"https:\/\/aiartfree.online\/fi\/wp-json\/wp\/v2\/types\/page"}],"author":[{"embeddable":true,"href":"https:\/\/aiartfree.online\/fi\/wp-json\/wp\/v2\/users\/1"}],"replies":[{"embeddable":true,"href":"https:\/\/aiartfree.online\/fi\/wp-json\/wp\/v2\/comments?post=3307"}],"version-history":[{"count":0,"href":"https:\/\/aiartfree.online\/fi\/wp-json\/wp\/v2\/pages\/3307\/revisions"}],"wp:featuredmedia":[{"embeddable":true,"href":"https:\/\/aiartfree.online\/fi\/wp-json\/wp\/v2\/media\/3309"}],"wp:attachment":[{"href":"https:\/\/aiartfree.online\/fi\/wp-json\/wp\/v2\/media?parent=3307"}],"curies":[{"name":"wp","href":"https:\/\/api.w.org\/{rel}","templated":true}]}}