{"id":3302,"date":"2024-07-29T14:27:33","date_gmt":"2024-07-29T14:27:33","guid":{"rendered":"https:\/\/aiartfree.online\/?page_id=3302"},"modified":"2024-07-31T13:42:45","modified_gmt":"2024-07-31T13:42:45","slug":"deepfake","status":"publish","type":"page","link":"https:\/\/aiartfree.online\/fi\/deepfake\/","title":{"rendered":"Deepfake"},"content":{"rendered":"<h2 class=\"wp-block-heading has-text-align-center\">Ennen vs. j\u00e4lkeen<\/h2>\n\n\n\n<figure class=\"gb-block-image gb-block-image-1822da1f\"><img data-recalc-dims=\"1\" decoding=\"async\" loading=\"lazy\" width=\"1200\" height=\"638\" class=\"gb-image gb-image-1822da1f\" src=\"https:\/\/i0.wp.com\/aiartfree.online\/wp-content\/uploads\/2024\/07\/421722273567_.pic_hd-copy-jpg.webp?resize=1200%2C638&#038;ssl=1\" alt=\"Tutustu siihen, miten deepfake-teknologia mullistaa digitaalisen median. Paras ilmainen ty\u00f6kalu deepfakesin luomiseen, kasvojen vaihtamiseen ja rajattomiin teko\u00e4lysovelluksiin.\" title=\"421722273567_.pic_hd kopioi\" srcset=\"https:\/\/i0.wp.com\/aiartfree.online\/wp-content\/uploads\/2024\/07\/421722273567_.pic_hd-copy-jpg.webp?w=1652&amp;ssl=1 1652w, https:\/\/i0.wp.com\/aiartfree.online\/wp-content\/uploads\/2024\/07\/421722273567_.pic_hd-copy-jpg.webp?resize=300%2C159&amp;ssl=1 300w, https:\/\/i0.wp.com\/aiartfree.online\/wp-content\/uploads\/2024\/07\/421722273567_.pic_hd-copy-jpg.webp?resize=1024%2C544&amp;ssl=1 1024w, https:\/\/i0.wp.com\/aiartfree.online\/wp-content\/uploads\/2024\/07\/421722273567_.pic_hd-copy-jpg.webp?resize=768%2C408&amp;ssl=1 768w, https:\/\/i0.wp.com\/aiartfree.online\/wp-content\/uploads\/2024\/07\/421722273567_.pic_hd-copy-jpg.webp?resize=1536%2C816&amp;ssl=1 1536w, https:\/\/i0.wp.com\/aiartfree.online\/wp-content\/uploads\/2024\/07\/421722273567_.pic_hd-copy-jpg.webp?resize=18%2C10&amp;ssl=1 18w, https:\/\/i0.wp.com\/aiartfree.online\/wp-content\/uploads\/2024\/07\/421722273567_.pic_hd-copy-jpg.webp?resize=600%2C319&amp;ssl=1 600w\" sizes=\"auto, (max-width: 1200px) 100vw, 1200px\" \/><\/figure>\n\n\n\n<h2 class=\"wp-block-heading\">Miten Deepfakea k\u00e4ytet\u00e4\u00e4n<\/h2>\n\n\n\n<ol class=\"wp-block-list\">\n<li class=\"\">Pudota tai lataa<strong> Kohdekuva<\/strong><\/li>\n\n\n\n<li class=\"\">Pudota tai lataa<strong> L\u00e4hde Kuva<\/strong><\/li>\n\n\n\n<li class=\"\">Klikkaa \"L\u00e4het\u00e4\"<\/li>\n\n\n\n<li class=\"\">Hetkinen, siin\u00e4 se on!<\/li>\n<\/ol>\n\n\n\n<p class=\"\"><em>* Internetin nopeudesta riippuen mallin lataaminen voi kest\u00e4\u00e4 muutaman sekunnin. \u2193<\/em><\/p>\n\n\n\n<div style=\"text-align: center; border: 2px solid; border-image-source: linear-gradient(to right, #16b86c, #912899); border-image-slice: 1; box-shadow: 0 0 10px rgba(0, 0, 0, 0.1); border-radius: 15px;\">\n  <iframe loading=\"lazy\"\n    src=\"https:\/\/bingbing520-Swap-Face-Model.hf.space\"\n    frameborder=\"0\"\n    width=\"100%\"\n    height=\"1000\"\n    style=\"display: inline-block; margin: 0 auto;\"\n  ><\/iframe>\n<\/div>\n\n\n\n<div style=\"height:50px\" aria-hidden=\"true\" class=\"wp-block-spacer\"><\/div>\n\n\n\n<h2 class=\"wp-block-heading\">Deepfakesin maailman tutkiminen: M\u00e4\u00e4ritelm\u00e4, k\u00e4ytt\u00f6tarkoitukset ja parhaat ty\u00f6kalut<\/h2>\n\n\n\n<p class=\"\">Deepfake-teknologia on mullistanut tapamme olla vuorovaikutuksessa digitaalisen median kanssa ja tarjoaa ennenn\u00e4kem\u00e4tt\u00f6mi\u00e4 mahdollisuuksia ja haasteita. T\u00e4ss\u00e4 artikkelissa perehdyt\u00e4\u00e4n deepfake-teknologian m\u00e4\u00e4ritelm\u00e4\u00e4n, sovelluksiin ja parhaisiin ty\u00f6kaluihin v\u00e4\u00e4renn\u00f6sten luomiseen ja havaitsemiseen.<\/p>\n\n\n\n<figure class=\"wp-block-image size-large is-resized\"><img data-recalc-dims=\"1\" data-dominant-color=\"75716f\" data-has-transparency=\"false\" decoding=\"async\" width=\"1024\" height=\"544\"   loading=\"lazy\" src=\"https:\/\/i0.wp.com\/aiartfree.online\/wp-content\/uploads\/2024\/07\/421722273567_.pic_hd-copy-1024x544.webp?resize=1024%2C544&#038;ssl=1\" alt=\"Tutustu siihen, miten deepfake-teknologia mullistaa digitaalisen median. Paras ilmainen ty\u00f6kalu deepfakesin luomiseen, kasvojen vaihtamiseen ja rajattomiin teko\u00e4lysovelluksiin.\" class=\"wp-image-3313 not-transparent\" style=\"--dominant-color: #75716f; width:990px;height:auto\" srcset=\"https:\/\/i0.wp.com\/aiartfree.online\/wp-content\/uploads\/2024\/07\/421722273567_.pic_hd-copy-jpg.webp?resize=1024%2C544&amp;ssl=1 1024w, https:\/\/i0.wp.com\/aiartfree.online\/wp-content\/uploads\/2024\/07\/421722273567_.pic_hd-copy-jpg.webp?resize=300%2C159&amp;ssl=1 300w, https:\/\/i0.wp.com\/aiartfree.online\/wp-content\/uploads\/2024\/07\/421722273567_.pic_hd-copy-jpg.webp?resize=768%2C408&amp;ssl=1 768w, https:\/\/i0.wp.com\/aiartfree.online\/wp-content\/uploads\/2024\/07\/421722273567_.pic_hd-copy-jpg.webp?resize=1536%2C816&amp;ssl=1 1536w, https:\/\/i0.wp.com\/aiartfree.online\/wp-content\/uploads\/2024\/07\/421722273567_.pic_hd-copy-jpg.webp?resize=18%2C10&amp;ssl=1 18w, https:\/\/i0.wp.com\/aiartfree.online\/wp-content\/uploads\/2024\/07\/421722273567_.pic_hd-copy-jpg.webp?resize=600%2C319&amp;ssl=1 600w, https:\/\/i0.wp.com\/aiartfree.online\/wp-content\/uploads\/2024\/07\/421722273567_.pic_hd-copy-jpg.webp?w=1652&amp;ssl=1 1652w\" sizes=\"auto, (max-width: 1024px) 100vw, 1024px\" \/><\/figure>\n\n\n\n<h3 class=\"wp-block-heading\">Sis\u00e4llysluettelo<\/h3>\n\n\n\n<ol class=\"wp-block-list\">\n<li class=\"\"><a href=\"#what-is-deepfake\">Mik\u00e4 on Deepfake?<\/a><\/li>\n\n\n\n<li class=\"\"><a href=\"#why-use-deepfake\">Miksi k\u00e4ytt\u00e4\u00e4 Deepfakea?<\/a><\/li>\n\n\n\n<li class=\"\"><a href=\"#who-can-benefit-from-deepfake-technology\">Kuka voi hy\u00f6ty\u00e4 Deepfake-teknologiasta?<\/a><\/li>\n\n\n\n<li class=\"\"><a href=\"#top-10-deepfake-tools\">Top 10 Deepfake-ty\u00f6kalua<\/a><\/li>\n\n\n\n<li class=\"\"><a href=\"#faq\">FAQ<\/a><\/li>\n\n\n\n<li class=\"\"><a href=\"#other-relevant-information\">Muut asiaankuuluvat tiedot<\/a><\/li>\n<\/ol>\n\n\n\n<h3 class=\"wp-block-heading\">Mik\u00e4 on Deepfake?<\/h3>\n\n\n\n<p class=\"\">Deepfake-teknologialla tarkoitetaan synteettist\u00e4 mediaa, jossa olemassa olevassa kuvassa tai videossa oleva henkil\u00f6 korvataan jonkun toisen henkil\u00f6n kuvalla. T\u00e4h\u00e4n k\u00e4ytet\u00e4\u00e4n teko\u00e4ly\u00e4 (AI), erityisesti Generative Adversarial Networks (GAN) ja neuroverkkoja. Termi \"deepfake\" yhdist\u00e4\u00e4 termit \"deep learning\" ja \"fake\" kuvaamaan t\u00e4m\u00e4n teknologian prosessia ja tulosta.<\/p>\n\n\n\n<h3 class=\"wp-block-heading\">Miksi k\u00e4ytt\u00e4\u00e4 Deepfakea?<\/h3>\n\n\n\n<p class=\"\">Deepfake-teknologia tarjoaa lukuisia sovelluksia:<\/p>\n\n\n\n<ul class=\"wp-block-list\">\n<li class=\"\"><strong>Viihde<\/strong>: Realististen erikoistehosteiden luominen ja historiallisten henkil\u00f6iden her\u00e4tt\u00e4minen henkiin elokuvissa.<\/li>\n\n\n\n<li class=\"\"><strong>Koulutus<\/strong>: Simuloida skenaarioita koulutustarkoituksiin tai luoda kiinnostavaa opetussis\u00e4lt\u00f6\u00e4.<\/li>\n\n\n\n<li class=\"\"><strong>Markkinointi<\/strong>: Henkil\u00f6kohtaiset mainokset, joissa katsoja n\u00e4kee itsens\u00e4 tai julkkiksen mainostavan tuotetta.<\/li>\n\n\n\n<li class=\"\"><strong>Sosiaalinen media<\/strong>: Houkuttelevan ja levi\u00e4v\u00e4n sis\u00e4ll\u00f6n tuottaminen.<\/li>\n<\/ul>\n\n\n\n<p class=\"\">On kuitenkin t\u00e4rke\u00e4\u00e4 tunnistaa v\u00e4\u00e4rink\u00e4yt\u00f6n mahdollisuudet, kuten v\u00e4\u00e4r\u00e4n tiedon levitt\u00e4minen tai deepfake-pornon luominen, mik\u00e4 her\u00e4tt\u00e4\u00e4 eettisi\u00e4 ja oikeudellisia kysymyksi\u00e4.<\/p>\n\n\n\n<h3 class=\"wp-block-heading\">Kuka voi hy\u00f6ty\u00e4 Deepfake-teknologiasta?<\/h3>\n\n\n\n<ul class=\"wp-block-list\">\n<li class=\"\"><strong>Elokuva- ja televisioteollisuus<\/strong>: Realististen efektien ja postuumistien esitysten luomiseen.<\/li>\n\n\n\n<li class=\"\"><strong>Oppilaitokset<\/strong>: Vuorovaikutteisten oppimateriaalien kehitt\u00e4miseen.<\/li>\n\n\n\n<li class=\"\"><strong>Markkinointitoimistot<\/strong>: Henkil\u00f6kohtaisten mainoskampanjoiden luominen.<\/li>\n\n\n\n<li class=\"\"><strong>Sosiaalisen median vaikuttajat<\/strong>: Tuottaa kiehtovaa sis\u00e4lt\u00f6\u00e4.<\/li>\n\n\n\n<li class=\"\"><strong>Turvallisuusvirastot<\/strong>: Koulutukseen ja havaintomekanismien kehitt\u00e4miseen.<\/li>\n<\/ul>\n\n\n\n<h3 class=\"wp-block-heading\">Top 10 Deepfake-ty\u00f6kalua<\/h3>\n\n\n\n<figure class=\"wp-block-table\"><table class=\"has-fixed-layout\"><thead><tr><th>Ty\u00f6kalu<\/th><th>Verkkosivusto<\/th><th>Edut<\/th><th>Haitat<\/th><th>Haasteet<\/th><th>Suositukset<\/th><\/tr><\/thead><tbody><tr><td>DeepFaceLab<\/td><td><a href=\"https:\/\/github.com\/iperov\/DeepFaceLab\" target=\"_blank\" rel=\"noopener\">https:\/\/github.com\/iperov\/DeepFaceLab<\/a><\/td><td>Avoimen l\u00e4hdekoodin j\u00e4rjestelm\u00e4, joka on hyvin muokattavissa<\/td><td>Jyrkk\u00e4 oppimisk\u00e4yr\u00e4<\/td><td>Vaatii tehokkaan laitteiston<\/td><td>Paras kokeneille k\u00e4ytt\u00e4jille<\/td><\/tr><tr><td>Deepfake | Ilmainen online<\/td><td><a href=\"https:\/\/aiartfree.online\/fi\/deepfake\/\" target=\"_blank\" rel=\"noreferrer noopener\">https:\/\/faceswap.dev\/<\/a><\/td><td>Helppok\u00e4ytt\u00f6inen, nopeat tulokset<\/td><td>Ei mobiilisovellusta<\/td><td>Rajoitettu r\u00e4\u00e4t\u00e4l\u00f6inti<\/td><td>Hyv\u00e4 aloittelijoille, jotka ovat teknisesti kiinnostuneita<\/td><\/tr><tr><td>Zao<\/td><td><a href=\"https:\/\/apps.apple.com\/cn\/app\/zao\/id1465199127\" target=\"_blank\" rel=\"noopener\">https:\/\/apps.apple.com\/cn\/app\/zao\/id1465199127<\/a><\/td><td>Helppok\u00e4ytt\u00f6inen, nopeat tulokset<\/td><td>Yksityisyyden suojaan liittyv\u00e4t huolenaiheet<\/td><td>Rajoitettu r\u00e4\u00e4t\u00e4l\u00f6inti<\/td><td>Ihanteellinen satunnaisille k\u00e4ytt\u00e4jille<\/td><\/tr><tr><td>Reface<\/td><td><a href=\"https:\/\/reface.app\/\" target=\"_blank\" rel=\"noopener\">https:\/\/reface.app\/<\/a><\/td><td>K\u00e4ytt\u00e4j\u00e4yst\u00e4v\u00e4llinen mobiilisovellus<\/td><td>Vesileimatut tulokset<\/td><td>Rajoitettu lyhyisiin klippeihin<\/td><td>Suuri sosiaalisen median k\u00e4ytt\u00e4jille<\/td><\/tr><tr><td>MyHeritage Syv\u00e4 nostalgia<\/td><td><a>https:\/\/www.myheritage.com\/deep-nostalgia<\/a><\/td><td>Animoi valokuvia, helppok\u00e4ytt\u00f6inen<\/td><td>Rajoitettu historiallisiin valokuviin<\/td><td>Tilauspohjainen<\/td><td>T\u00e4ydellinen sukututkimuksen harrastajille<\/td><\/tr><tr><td>AvengeThem<\/td><td><a href=\"https:\/\/aveng-them.com\/\" target=\"_blank\" rel=\"noopener\">https:\/\/aveng-them.com\/<\/a><\/td><td>Hauska ja viihdytt\u00e4v\u00e4, supersankariteemat<\/td><td>Rajoitettu soveltaminen<\/td><td>Ei realistinen<\/td><td>Hyv\u00e4 viihde<\/td><\/tr><tr><td>Deep Art Effects<\/td><td><a href=\"https:\/\/www.deeparteffects.com\/\" target=\"_blank\" rel=\"noopener\">https:\/\/www.deeparteffects.com\/<\/a><\/td><td>Taiteelliset muodonmuutokset<\/td><td>Ei realistisia deepfakes<\/td><td>Tilauspohjainen<\/td><td>Ihanteellinen taiteilijoille<\/td><\/tr><tr><td>Deepfakes Web<\/td><td><a href=\"https:\/\/deepfakesweb.com\/\" target=\"_blank\" rel=\"noopener\">https:\/\/deepfakesweb.com\/<\/a><\/td><td>Verkkopohjainen, asennusta ei tarvita<\/td><td>Tarvitaan tilaus<\/td><td>Hidas k\u00e4sittely<\/td><td>K\u00e4tev\u00e4 satunnaiseen k\u00e4ytt\u00f6\u00f6n<\/td><\/tr><tr><td>Morphin<\/td><td><a href=\"https:\/\/morphinapp.com\/\" target=\"_blank\" rel=\"noopener\">https:\/\/morphinapp.com\/<\/a><\/td><td>Hauska, helppok\u00e4ytt\u00f6inen<\/td><td>Rajoitettu GIF-kuviin<\/td><td>Ei sovellu vakaviin sovelluksiin<\/td><td>Paras satunnaiseen k\u00e4ytt\u00f6\u00f6n<\/td><\/tr><\/tbody><\/table><\/figure>\n\n\n\n<h3 class=\"wp-block-heading\">FAQ<\/h3>\n\n\n\n<ol class=\"wp-block-list\">\n<li class=\"\"><strong>Mik\u00e4 on deepfake?<\/strong>\n<ul class=\"wp-block-list\">\n<li class=\"\">Deepfake on synteettinen media, jossa henkil\u00f6n kuva korvataan teko\u00e4lyn avulla jonkun toisen henkil\u00f6n kuvauksella.<\/li>\n<\/ul>\n<\/li>\n\n\n\n<li class=\"\"><strong>Miten deepfake-teknologia toimii?<\/strong>\n<ul class=\"wp-block-list\">\n<li class=\"\">Se k\u00e4ytt\u00e4\u00e4 syv\u00e4oppimisalgoritmeja ja GANeja realististen muutosten luomiseen videoihin tai kuviin.<\/li>\n<\/ul>\n<\/li>\n\n\n\n<li class=\"\"><strong>Ovatko deepfakes laillisia?<\/strong>\n<ul class=\"wp-block-list\">\n<li class=\"\">Deepfakesin laillisuus vaihtelee laink\u00e4ytt\u00f6alueen ja kontekstin mukaan, erityisesti suostumuksen ja kunnianloukkauksen kaltaisten kysymysten osalta.<\/li>\n<\/ul>\n<\/li>\n\n\n\n<li class=\"\"><strong>Miten voin luoda deepfakea?<\/strong>\n<ul class=\"wp-block-list\">\n<li class=\"\">DeepFaceLabin tai FaceSwapin kaltaisten ty\u00f6kalujen k\u00e4ytt\u00e4minen, mutta ole tietoinen eettisist\u00e4 ja oikeudellisista vaikutuksista.<\/li>\n<\/ul>\n<\/li>\n\n\n\n<li class=\"\"><strong>Mitk\u00e4 ovat deepfakesin vaarat?<\/strong>\n<ul class=\"wp-block-list\">\n<li class=\"\">Niit\u00e4 voidaan k\u00e4ytt\u00e4\u00e4 v\u00e4\u00e4r\u00e4nlaisen tiedon levitt\u00e4miseen, suostumuksettoman yksiselitteisen sis\u00e4ll\u00f6n luomiseen ja maineen vahingoittamiseen.<\/li>\n<\/ul>\n<\/li>\n\n\n\n<li class=\"\"><strong>Voidaanko v\u00e4\u00e4renn\u00f6kset havaita?<\/strong>\n<ul class=\"wp-block-list\">\n<li class=\"\">Kyll\u00e4, synteettisen median tunnistamiseen kehitettyjen erilaisten tunnistustekniikoiden ja -v\u00e4lineiden avulla.<\/li>\n<\/ul>\n<\/li>\n\n\n\n<li class=\"\"><strong>Mik\u00e4 on deepfake-teknologian tulevaisuus?<\/strong>\n<ul class=\"wp-block-list\">\n<li class=\"\">Se kehittyy edelleen sek\u00e4 luomisen ett\u00e4 havaitsemistekniikoiden kehittyess\u00e4.<\/li>\n<\/ul>\n<\/li>\n\n\n\n<li class=\"\"><strong>Voidaanko deepfakeja k\u00e4ytt\u00e4\u00e4 hyv\u00e4\u00e4n tarkoitukseen?<\/strong>\n<ul class=\"wp-block-list\">\n<li class=\"\">Kyll\u00e4, muun muassa viihteess\u00e4, koulutuksessa ja markkinoinnissa.<\/li>\n<\/ul>\n<\/li>\n\n\n\n<li class=\"\"><strong>Kuinka tarkkoja deepfakes ovat?<\/strong>\n<ul class=\"wp-block-list\">\n<li class=\"\">Tarkkuus riippuu sy\u00f6tt\u00f6tietojen laadusta ja k\u00e4ytettyjen ty\u00f6kalujen kehittyneisyydest\u00e4.<\/li>\n<\/ul>\n<\/li>\n\n\n\n<li class=\"\"><strong>Mik\u00e4 on paras deepfake-ty\u00f6kalu?<\/strong>\n<ul class=\"wp-block-list\">\n<li class=\"\">T\u00e4m\u00e4 riippuu tarpeistasi; edistyneemmille k\u00e4ytt\u00e4jille DeepFaceLab on suositeltava, kun taas Reface on hyv\u00e4 satunnaisille k\u00e4ytt\u00e4jille.<\/li>\n<\/ul>\n<\/li>\n<\/ol>\n\n\n\n<h3 class=\"wp-block-heading\">Muut asiaankuuluvat tiedot<\/h3>\n\n\n\n<p class=\"\">Teko\u00e4lyyn ja koneoppimiseen perustuva Deepfake-teknologia jatkaa digitaalisen median mahdollisuuksien rajojen ylitt\u00e4mist\u00e4. Elokuvissa n\u00e4ht\u00e4vist\u00e4 vaikuttavista visuaalisista efekteist\u00e4 aina v\u00e4\u00e4r\u00e4n tiedon eettisiin haasteisiin, deepfakes ovat kaksiter\u00e4inen miekka, jota yhteiskunnan on k\u00e4sitelt\u00e4v\u00e4 huolellisesti. Facebookin perustajan Mark Zuckerbergin kaltaiset avainhenkil\u00f6t ja tapaukset, joihin liittyy valeuutisia ja videoita Donald Trumpin kaltaisista poliittisista henkil\u00f6ist\u00e4, korostavat t\u00e4m\u00e4n teknologian jatkuvaa merkityst\u00e4 ja vaikutusta.<\/p>\n\n\n\n<p class=\"\">Yhteenvetona voidaan todeta, ett\u00e4 vaikka deepfake-teknologia tarjoaa j\u00e4nnitt\u00e4vi\u00e4 mahdollisuuksia, siihen liittyy my\u00f6s merkitt\u00e4vi\u00e4 vastuita ja haasteita. Teknologian kehittyess\u00e4 my\u00f6s l\u00e4hestymistapojemme sen k\u00e4ytt\u00f6\u00f6n ja s\u00e4\u00e4ntelyyn on kehitytt\u00e4v\u00e4.<\/p>","protected":false},"excerpt":{"rendered":"<p>Before vs After How to use Deepfake *&nbsp;Depending on your internet speed, loading the model may take a few seconds. \u2193 Exploring the World of Deepfakes: Definition, Uses, and Top Tools Deepfake technology has revolutionized the way we interact with digital media, offering unprecedented possibilities and challenges. This article will delve into the definition, applications, &#8230; <a title=\"Deepfake\" class=\"read-more\" href=\"https:\/\/aiartfree.online\/fi\/deepfake\/\" aria-label=\"Lue lis\u00e4\u00e4 aiheesta Deepfake\">Lue lis\u00e4\u00e4<\/a><\/p>","protected":false},"author":1,"featured_media":3313,"parent":0,"menu_order":0,"comment_status":"open","ping_status":"closed","template":"","meta":{"nf_dc_page":"","footnotes":""},"class_list":["post-3302","page","type-page","status-publish","has-post-thumbnail"],"jetpack_sharing_enabled":true,"_links":{"self":[{"href":"https:\/\/aiartfree.online\/fi\/wp-json\/wp\/v2\/pages\/3302","targetHints":{"allow":["GET"]}}],"collection":[{"href":"https:\/\/aiartfree.online\/fi\/wp-json\/wp\/v2\/pages"}],"about":[{"href":"https:\/\/aiartfree.online\/fi\/wp-json\/wp\/v2\/types\/page"}],"author":[{"embeddable":true,"href":"https:\/\/aiartfree.online\/fi\/wp-json\/wp\/v2\/users\/1"}],"replies":[{"embeddable":true,"href":"https:\/\/aiartfree.online\/fi\/wp-json\/wp\/v2\/comments?post=3302"}],"version-history":[{"count":0,"href":"https:\/\/aiartfree.online\/fi\/wp-json\/wp\/v2\/pages\/3302\/revisions"}],"wp:featuredmedia":[{"embeddable":true,"href":"https:\/\/aiartfree.online\/fi\/wp-json\/wp\/v2\/media\/3313"}],"wp:attachment":[{"href":"https:\/\/aiartfree.online\/fi\/wp-json\/wp\/v2\/media?parent=3302"}],"curies":[{"name":"wp","href":"https:\/\/api.w.org\/{rel}","templated":true}]}}