{"id":3292,"date":"2024-07-29T12:48:46","date_gmt":"2024-07-29T12:48:46","guid":{"rendered":"https:\/\/aiartfree.online\/?page_id=3292"},"modified":"2024-08-02T10:03:15","modified_gmt":"2024-08-02T10:03:15","slug":"vocal-remover","status":"publish","type":"page","link":"https:\/\/aiartfree.online\/fi\/aanenpoistolaite\/","title":{"rendered":"Vocal Remover"},"content":{"rendered":"<h2 class=\"wp-block-heading\" id=\"how-to-use-vocal-remover\">Kuinka k\u00e4ytt\u00e4\u00e4 Vocal Removeria<\/h2>\n\n\n\n<ol class=\"wp-block-list\">\n<li class=\"\">Valitse prosessimenetelm\u00e4<\/li>\n\n\n\n<li class=\"\">Valitse VR-malli<\/li>\n\n\n\n<li class=\"\">Valitse ikkunan koko<\/li>\n\n\n\n<li class=\"\">Lataa tai pudota \u00e4\u00e4nitiedosto<\/li>\n\n\n\n<li class=\"\">Napsauta \"Aloita k\u00e4sittely\"<\/li>\n\n\n\n<li class=\"\">Hetkinen, siin\u00e4 se on!<\/li>\n<\/ol>\n\n\n\n<p class=\"\"><em>* Internetin nopeudesta riippuen mallin lataaminen voi kest\u00e4\u00e4 muutaman sekunnin.<br>* Jatkuvan luomisen aikana tapahtuu v\u00e4limuistitallennusta, ja uusi kuva tulee n\u00e4kyviin noin 3 sekunnin kuluttua.<\/em><\/p>\n\n\n\n<div class=\"iframe-wrapper\" style=\"position: relative; width: 100%; height: 1300px;\">\n  <div class=\"loading\" style=\"position: absolute; top: 50px; left: 50%; transform: translate(-50%, -50%); width: 40px; height: 40px; border: 3px solid #f0f0f0; border-top: 3px solid #db7093; border-radius: 50%; animation: spin 1s linear infinite;\"><\/div>\n  <iframe loading=\"lazy\" src=\"https:\/\/r3gm-ultimate-vocal-remover-webui.hf.space\" frameborder=\"0\" width=\"100%\" height=\"100%\" style=\"position: absolute; top: 0; left: 0; opacity: 0; transition: opacity 0.3s;\" onload=\"this.style.opacity=1;this.previousElementSibling.style.display='none';\"><\/iframe>\n<\/div>\n\n<style>\n@keyframes spin {\n  0% { transform: translate(-50%, -50%) rotate(0deg); }\n  100% { transform: translate(-50%, -50%) rotate(360deg); }\n}\n<\/style>\n\n\n\n<div style=\"height:50px\" aria-hidden=\"true\" class=\"wp-block-spacer\"><\/div>\n\n\n\n<h2 class=\"wp-block-heading\" id=\"vocal-remover-the-ultimate-guide-to-removing-vocals-from-songs\">Vocal Remover: Vocals from Songs: The Ultimate Guide to Removing Vocals from Songs: The Ultimate Guide to Removing Vocals from Songs<\/h2>\n\n\n\n<div class=\"wp-block-rank-math-toc-block\" id=\"rank-math-toc\"><h3>Sis\u00e4llysluettelo<\/h3><nav><ul><li><a href=\"#introduction\">Johdanto<\/a><\/li><li><a href=\"#what-is-a-vocal-remover\">Mik\u00e4 on Vocal Remover?<\/a><\/li><li><a href=\"#why-use-a-vocal-remover\">Miksi k\u00e4ytt\u00e4\u00e4 \u00e4\u00e4nenpoistolaitetta?<\/a><\/li><li><a href=\"#who-can-benefit-from-using-a-vocal-remover\">Kuka voi hy\u00f6ty\u00e4 \u00e4\u00e4nenpoistolaitteen k\u00e4yt\u00f6st\u00e4?<\/a><\/li><li><a href=\"#top-10-vocal-remover-tools-pros-cons-advantages-challenges-and-recommendations\">Top 10 Vocal Remover Tools: Suositukset: Hy\u00f6dyt, haitat, edut, haasteet ja suositukset: Hy\u00f6dyt, haitat, edut, haasteet ja suositukset<\/a><\/li><li><a href=\"#faq-frequently-asked-questions-about-vocal-removers\">FAQ: Vocal Removers: Usein kysytyt kysymykset Vocal Removersista<\/a><\/li><li><a href=\"#conclusion\">P\u00e4\u00e4telm\u00e4<\/a><\/li><\/ul><\/nav><\/div>\n\n\n\n<h3 class=\"wp-block-heading\" id=\"introduction\">Johdanto<\/h3>\n\n\n\n<p class=\"\">Laulujen poistaminen kappaleista voi olla k\u00e4\u00e4nteentekev\u00e4 ratkaisu muusikoille, tuottajille ja harrastajille. Olitpa sitten luomassa karaokekappaleita, tekem\u00e4ss\u00e4 kappaleita uudelleen tai poistamassa laulu\u00e4\u00e4ni\u00e4 opetustarkoituksiin, laulunpoistolaitteet voivat tehd\u00e4 prosessista yksinkertaisen ja tehokkaan. T\u00e4ss\u00e4 artikkelissa tutustutaan laulunpoistolaitteiden ominaisuuksiin, k\u00e4sitell\u00e4\u00e4n parhaita saatavilla olevia ty\u00f6kaluja ja annetaan yksityiskohtainen UKK-osio, jossa vastataan yleisimpiin kysymyksiin.<\/p>\n\n\n\n<figure class=\"wp-block-image size-full is-resized\"><img data-recalc-dims=\"1\" data-dominant-color=\"58514d\" data-has-transparency=\"false\" decoding=\"async\" width=\"1024\" height=\"1024\"   loading=\"lazy\" src=\"https:\/\/i0.wp.com\/aiartfree.online\/wp-content\/uploads\/2024\/07\/image-31-2.webp?resize=1024%2C1024&#038;ssl=1\" alt=\"Tutustu parhaisiin laulunpoistoty\u00f6kaluihin, joilla voit poistaa lauluja kappaleesta. Tutustu ilmaisiin, rajoittamattomiin, ilman rekister\u00f6itymist\u00e4 toimiviin vaihtoehtoihin ja teko\u00e4lyavusteiseen AI Vocal Removeriin.\" class=\"wp-image-3297 not-transparent\" style=\"--dominant-color: #58514d; width:536px;height:auto\" srcset=\"https:\/\/i0.wp.com\/aiartfree.online\/wp-content\/uploads\/2024\/07\/image-31-2.webp?w=1024&amp;ssl=1 1024w, https:\/\/i0.wp.com\/aiartfree.online\/wp-content\/uploads\/2024\/07\/image-31-2.webp?resize=300%2C300&amp;ssl=1 300w, https:\/\/i0.wp.com\/aiartfree.online\/wp-content\/uploads\/2024\/07\/image-31-2.webp?resize=150%2C150&amp;ssl=1 150w, https:\/\/i0.wp.com\/aiartfree.online\/wp-content\/uploads\/2024\/07\/image-31-2.webp?resize=768%2C768&amp;ssl=1 768w, https:\/\/i0.wp.com\/aiartfree.online\/wp-content\/uploads\/2024\/07\/image-31-2.webp?resize=12%2C12&amp;ssl=1 12w, https:\/\/i0.wp.com\/aiartfree.online\/wp-content\/uploads\/2024\/07\/image-31-2.webp?resize=600%2C600&amp;ssl=1 600w, https:\/\/i0.wp.com\/aiartfree.online\/wp-content\/uploads\/2024\/07\/image-31-2.webp?resize=100%2C100&amp;ssl=1 100w\" sizes=\"auto, (max-width: 1024px) 100vw, 1024px\" \/><\/figure>\n\n\n\n<h3 class=\"wp-block-heading\" id=\"what-is-a-vocal-remover\">Mik\u00e4 on Vocal Remover?<\/h3>\n\n\n\n<p class=\"\">Laulunpoistolaite on ohjelmisto tai ty\u00f6kalu, joka k\u00e4ytt\u00e4\u00e4 \u00e4\u00e4nenk\u00e4sittelyalgoritmeja laulu\u00e4\u00e4nen erist\u00e4miseen ja poistamiseen musiikkiraidasta. T\u00e4h\u00e4n prosessiin kuuluu tyypillisesti vaiheen mit\u00e4t\u00f6inti- ja taajuussuodatustekniikoita, joilla erotetaan kappaleen laulu ja instrumentaaliset osat toisistaan.<\/p>\n\n\n\n<h3 class=\"wp-block-heading\" id=\"why-use-a-vocal-remover\">Miksi k\u00e4ytt\u00e4\u00e4 \u00e4\u00e4nenpoistolaitetta?<\/h3>\n\n\n\n<p class=\"\">\u00c4\u00e4nenpoistolaitteen k\u00e4ytt\u00e4minen tarjoaa useita etuja:<\/p>\n\n\n\n<ul class=\"wp-block-list\">\n<li class=\"\"><strong>Luova vapaus:<\/strong> Muusikot ja tuottajat voivat luoda instrumentaaliversioita tai remixej\u00e4 kappaleista.<\/li>\n\n\n\n<li class=\"\"><strong>Karaoke-kappaleet:<\/strong> Mahdollistaa karaokekappaleiden luomisen poistamalla alkuper\u00e4iset laulu\u00e4\u00e4net.<\/li>\n\n\n\n<li class=\"\"><strong>Oppimisv\u00e4line:<\/strong> Auttaa musiikinopiskelijoita ja laulajia harjoittelemaan laulamalla yhdess\u00e4 instrumentaalikappaleiden kanssa.<\/li>\n\n\n\n<li class=\"\"><strong>Sis\u00e4ll\u00f6n luominen:<\/strong> Hy\u00f6dyllinen sis\u00e4ll\u00f6ntuottajille, jotka tarvitsevat taustamusiikkia ilman laulua.<\/li>\n<\/ul>\n\n\n\n<h3 class=\"wp-block-heading\" id=\"who-can-benefit-from-using-a-vocal-remover\">Kuka voi hy\u00f6ty\u00e4 \u00e4\u00e4nenpoistolaitteen k\u00e4yt\u00f6st\u00e4?<\/h3>\n\n\n\n<p class=\"\">\u00c4\u00e4nenpoistoaineista on hy\u00f6ty\u00e4 eri ryhmille, kuten:<\/p>\n\n\n\n<ul class=\"wp-block-list\">\n<li class=\"\"><strong>Muusikot ja tuottajat:<\/strong> Remixien ja instrumentaalien luomiseen.<\/li>\n\n\n\n<li class=\"\"><strong>Karaoken harrastajat:<\/strong> Luoda karaokekappaleita laulamista varten.<\/li>\n\n\n\n<li class=\"\"><strong>Musiikin opiskelijat ja opettajat:<\/strong> Koulutustarkoituksiin.<\/li>\n\n\n\n<li class=\"\"><strong>Sis\u00e4ll\u00f6ntuottajat:<\/strong> Taustamusiikin k\u00e4ytt\u00e4minen videoissa tai esityksiss\u00e4.<\/li>\n\n\n\n<li class=\"\"><strong>DJ:t:<\/strong> Luoda ainutlaatuisia miksauksia ja sekoituksia.<\/li>\n<\/ul>\n\n\n\n<h3 class=\"wp-block-heading\" id=\"top-10-vocal-remover-tools-pros-cons-advantages-challenges-and-recommendations\">Top 10 Vocal Remover Tools: Suositukset: Hy\u00f6dyt, haitat, edut, haasteet ja suositukset: Hy\u00f6dyt, haitat, edut, haasteet ja suositukset<\/h3>\n\n\n\n<figure class=\"wp-block-table\"><table class=\"has-fixed-layout\"><thead><tr><th>Ty\u00f6kalu\/verkkosivusto<\/th><th>Plussaa<\/th><th>Miinukset<\/th><th>Edut<\/th><th>Haasteet<\/th><th>Suositukset<\/th><\/tr><\/thead><tbody><tr><td><a href=\"https:\/\/aiartfree.online\/fi\/aanenpoistolaite\/\">AI Art Free Vocal Remover<\/a><\/td><td>Ilmainen, Rajoittamaton, Ei rekister\u00f6itymist\u00e4, Korkea \u00e4\u00e4nen laatu<\/td><td>Rajoitetut r\u00e4\u00e4t\u00e4l\u00f6intimahdollisuudet<\/td><td>Helppok\u00e4ytt\u00f6inen, teko\u00e4lyavusteinen<\/td><td>Ei ehk\u00e4 k\u00e4sittele kaikkia \u00e4\u00e4niformaatteja<\/td><td>Sopii erinomaisesti nopeaan ja laadukkaaseen laulunpoistoon<\/td><\/tr><tr><td>Noteburner AI Vocal Remover<\/td><td>Laadukas \u00e4\u00e4nenpoisto, k\u00e4ytt\u00e4j\u00e4yst\u00e4v\u00e4llinen k\u00e4ytt\u00f6liittym\u00e4<\/td><td>Edellytt\u00e4\u00e4 ostamista kokeilujakson j\u00e4lkeen<\/td><td>Kehittyneet teko\u00e4lyalgoritmit, hyv\u00e4 asiakastuki<\/td><td>Korkeammat kustannukset muihin v\u00e4lineisiin verrattuna<\/td><td>Ihanteellinen ammattilaisille, jotka etsiv\u00e4t tarkkaa \u00e4\u00e4nenpoistoa<\/td><\/tr><tr><td>PhonicMind<\/td><td>Tukee eri formaatteja, Er\u00e4k\u00e4sittelyominaisuudet<\/td><td>Maksullinen palvelu<\/td><td>Tarkka laulun ja instrumenttien erottelu<\/td><td>Vaatii vahvan internetyhteyden<\/td><td>Paras er\u00e4k\u00e4sittelyyn ja suureen tarkkuuteen<\/td><\/tr><tr><td>Lalal.ai<\/td><td>Yksinkertaiset vaiheet, ohjelmistojen asennusta ei tarvita<\/td><td>Rajoitettu vapaa k\u00e4ytt\u00f6<\/td><td>Nopea k\u00e4sittely, tukee sek\u00e4 \u00e4\u00e4ni- ett\u00e4 videotiedostoja<\/td><td>Rajoitettu lyhyisiin kappaleisiin ilmaisversiossa<\/td><td>Soveltuu k\u00e4ytt\u00e4jille, jotka tarvitsevat nopeaa ja suoraviivaista \u00e4\u00e4nten poistoa.<\/td><\/tr><tr><td>Audacity<\/td><td>Ilmainen ja avoin l\u00e4hdekoodi, Laajat \u00e4\u00e4nenmuokkausominaisuudet<\/td><td>Jyrkempi oppimisk\u00e4yr\u00e4, manuaalinen prosessi<\/td><td>Mukautettavissa, tukee useita formaatteja<\/td><td>Vaatii jonkin verran teknist\u00e4 osaamista<\/td><td>Soveltuu erinomaisesti k\u00e4ytt\u00e4jille, jotka tarvitsevat edistyneempi\u00e4 \u00e4\u00e4nenmuokkausominaisuuksia.<\/td><\/tr><tr><td>Spleeter<\/td><td>Avoimen l\u00e4hdekoodin, Python-pohjainen, hyvin muokattavissa<\/td><td>Vaatii teknist\u00e4 asiantuntemusta, komentorivity\u00f6kalu<\/td><td>Tehokkaat teko\u00e4lyalgoritmit, Ilmainen<\/td><td>Asennus ja asennus voi olla monimutkaista<\/td><td>Parhaiten soveltuu teknisesti taitaville k\u00e4ytt\u00e4jille ja kehitt\u00e4jille<\/td><\/tr><tr><td>VocalRemover.org<\/td><td>Ilmainen online-ty\u00f6kalu, k\u00e4ytt\u00e4j\u00e4yst\u00e4v\u00e4llinen k\u00e4ytt\u00f6liittym\u00e4<\/td><td>Rajoitettu verkkok\u00e4ytt\u00f6\u00f6n, mainokset voivat olla tungettelevia<\/td><td>Nopea ja helppok\u00e4ytt\u00f6inen, ohjelmistojen lataamista ei tarvita.<\/td><td>\u00c4\u00e4nenlaatu voi vaihdella kappaleesta riippuen<\/td><td>T\u00e4ydellinen satunnaisille k\u00e4ytt\u00e4jille ja nopeisiin teht\u00e4viin<\/td><\/tr><tr><td><a href=\"http:\/\/X-Minus.pro\" target=\"_blank\" data-type=\"link\" data-id=\"X-Minus.pro\" rel=\"noreferrer noopener\">X-Minus.pro<\/a><\/td><td>Laadukas tulostus, tukee useita kieli\u00e4<\/td><td>Tilauspohjainen<\/td><td>Korkea tarkkuus, Er\u00e4k\u00e4sittely<\/td><td>Vaatii tilauksen saadakseen kaikki ominaisuudet<\/td><td>Ihanteellinen usein k\u00e4ytt\u00e4ville k\u00e4ytt\u00e4jille, jotka tarvitsevat tasaista laatua<\/td><\/tr><tr><td>Karaoke Anything<\/td><td>Ilmainen ohjelmisto, yksinkertainen k\u00e4ytt\u00f6liittym\u00e4<\/td><td>Rajoitetut ominaisuudet, vain Windows<\/td><td>Helppok\u00e4ytt\u00f6inen, Tehokas perus\u00e4\u00e4nten poistoon.<\/td><td>Saatavilla vain Windowsissa<\/td><td>Hyv\u00e4 aloittelijoille<\/td><\/tr><tr><td>WavePad Audio Editor<\/td><td>Kattava audioeditointipaketti, tukee useita formaatteja<\/td><td>Maksullinen ohjelmisto<\/td><td>Monipuolinen, sis\u00e4lt\u00e4\u00e4 monia \u00e4\u00e4nitehosteita<\/td><td>Voi olla ylivoimainen uusille k\u00e4ytt\u00e4jille<\/td><td>Erinomainen k\u00e4ytt\u00e4jille, jotka tarvitsevat monipuolisen audioeditointipaketin.<\/td><\/tr><\/tbody><\/table><\/figure>\n\n\n\n<h3 class=\"wp-block-heading\" id=\"faq-frequently-asked-questions-about-vocal-removers\">FAQ: Vocal Removers: Usein kysytyt kysymykset Vocal Removersista<\/h3>\n\n\n\n<ol class=\"wp-block-list\">\n<li class=\"\"><strong>Miten poistaa laulu\u00e4\u00e4net kappaleesta?<\/strong>\n<ul class=\"wp-block-list\">\n<li class=\"\">Voit k\u00e4ytt\u00e4\u00e4 laulunpoistoty\u00f6kaluja, kuten AI Art Free Vocal Removeria tai Audacitya, \u00e4\u00e4nten erist\u00e4miseen ja poistamiseen raidasta.<\/li>\n<\/ul>\n<\/li>\n\n\n\n<li class=\"\"><strong>Miten laulu\u00e4\u00e4net poistetaan kappaleesta?<\/strong>\n<ul class=\"wp-block-list\">\n<li class=\"\">Useimmat ty\u00f6kalut k\u00e4ytt\u00e4v\u00e4t vaiheiden kumoamista ja taajuuden suodatusta \u00e4\u00e4nten poistamiseen. Lataa kappaleesi ja noudata ty\u00f6kalun ohjeita.<\/li>\n<\/ul>\n<\/li>\n\n\n\n<li class=\"\"><strong>Miten voin poistaa laulu\u00e4\u00e4net kappaleesta?<\/strong>\n<ul class=\"wp-block-list\">\n<li class=\"\">Valitse \u00e4\u00e4ntenpoistoty\u00f6kalu, lataa \u00e4\u00e4nitiedostosi ja anna ty\u00f6kalun k\u00e4sitell\u00e4 tiedostoa \u00e4\u00e4nten poistamiseksi.<\/li>\n<\/ul>\n<\/li>\n\n\n\n<li class=\"\"><strong>Miten poistaa laulu\u00e4\u00e4net kappaleesta?<\/strong>\n<ul class=\"wp-block-list\">\n<li class=\"\">K\u00e4yt\u00e4 ohjelmistoja, kuten Noteburner AI Vocal Remover, tai online-ty\u00f6kaluja, kuten Lalal.ai, k\u00e4sittelem\u00e4\u00e4n ja poistamaan laulu\u00e4\u00e4net kappaleestasi.<\/li>\n<\/ul>\n<\/li>\n\n\n\n<li class=\"\"><strong>Miten poistaa laulu\u00e4\u00e4net musiikista?<\/strong>\n<ul class=\"wp-block-list\">\n<li class=\"\">PhonicMindin ja VocalRemover.orgin kaltaiset ty\u00f6kalut tarjoavat helppoja tapoja poistaa laulu\u00e4\u00e4net musiikkikappaleista verkossa.<\/li>\n<\/ul>\n<\/li>\n\n\n\n<li class=\"\"><strong>Onko mahdollista poistaa laulu\u00e4\u00e4net kappaleesta kokonaan?<\/strong>\n<ul class=\"wp-block-list\">\n<li class=\"\">Vaikka on haastavaa poistaa laulu\u00e4\u00e4ni kokonaan \u00e4\u00e4nenlaatua heikent\u00e4m\u00e4tt\u00e4, kehittyneill\u00e4 ty\u00f6kaluilla voidaan saavuttaa suuri tarkkuus.<\/li>\n<\/ul>\n<\/li>\n\n\n\n<li class=\"\"><strong>Mik\u00e4 on paras \u00e4\u00e4nenpoistoaine?<\/strong>\n<ul class=\"wp-block-list\">\n<li class=\"\">Paras \u00e4\u00e4nenpoistoaine riippuu tarpeistasi. AI Art Free Vocal Remover sopii hyvin nopeaan k\u00e4ytt\u00f6\u00f6n, kun taas Noteburner AI Vocal Remover on erinomainen ammattilaisille.<\/li>\n<\/ul>\n<\/li>\n\n\n\n<li class=\"\"><strong>Voiko laulunpoistolaitteilla erottaa laulu\u00e4\u00e4net taustamusiikista tarkasti?<\/strong>\n<ul class=\"wp-block-list\">\n<li class=\"\">Kyll\u00e4, monet laulu\u00e4\u00e4nten poistoohjelmat, erityisesti teko\u00e4lyalgoritmeja k\u00e4ytt\u00e4v\u00e4t, pystyv\u00e4t erottamaan laulu\u00e4\u00e4net tarkasti taustamusiikista.<\/li>\n<\/ul>\n<\/li>\n\n\n\n<li class=\"\"><strong>Onko olemassa ilmaisia laulunpoistoty\u00f6kaluja?<\/strong>\n<ul class=\"wp-block-list\">\n<li class=\"\">VocalRemover.orgin ja Audacityn kaltaiset ty\u00f6kalut tarjoavat ilmaisia vaihtoehtoja laulujen laulunpoistoon.<\/li>\n<\/ul>\n<\/li>\n\n\n\n<li class=\"\"><strong>Toimivatko \u00e4\u00e4ntenpoistajat kaikissa \u00e4\u00e4nitiedostoissa?<\/strong>\n<ul class=\"wp-block-list\">\n<li class=\"\">Useimmat \u00e4\u00e4nenpoistolaitteet tukevat yleisi\u00e4 \u00e4\u00e4niformaatteja, mutta niiden tehokkuus voi vaihdella raidan laadun ja monimutkaisuuden mukaan.<\/li>\n<\/ul>\n<\/li>\n<\/ol>\n\n\n\n<h3 class=\"wp-block-heading\" id=\"conclusion\">P\u00e4\u00e4telm\u00e4<\/h3>\n\n\n\n<p class=\"\">\u00c4\u00e4nenpoistolaitteet ovat korvaamattomia ty\u00f6kaluja muusikoille, tuottajille ja sis\u00e4ll\u00f6ntuottajille. Oikealla ty\u00f6kalulla voit helposti luoda instrumentaaliversioita, remixej\u00e4 ja karaokekappaleita. T\u00e4ss\u00e4 oppaassa on esitetty katsaus parhaisiin saatavilla oleviin laulunpoistoty\u00f6kaluihin sek\u00e4 niiden hyv\u00e4t ja huonot puolet ja suositukset, jotta voit tehd\u00e4 tietoon perustuvan valinnan.<\/p>","protected":false},"excerpt":{"rendered":"<p>How to use Vocal Remover *&nbsp;Depending on your internet speed, loading the model may take a few seconds.* There will be caching during continuous generation, and the new image will appear after about 3 seconds. Vocal Remover: The Ultimate Guide to Removing Vocals from Songs Introduction Removing vocals from songs can be a game-changer for &#8230; <a title=\"Vocal Remover\" class=\"read-more\" href=\"https:\/\/aiartfree.online\/fi\/aanenpoistolaite\/\" aria-label=\"Lue lis\u00e4\u00e4 aiheesta Vocal Remover\">Lue lis\u00e4\u00e4<\/a><\/p>","protected":false},"author":1,"featured_media":3297,"parent":0,"menu_order":0,"comment_status":"closed","ping_status":"closed","template":"","meta":{"nf_dc_page":"","footnotes":""},"class_list":["post-3292","page","type-page","status-publish","has-post-thumbnail"],"jetpack_sharing_enabled":true,"_links":{"self":[{"href":"https:\/\/aiartfree.online\/fi\/wp-json\/wp\/v2\/pages\/3292","targetHints":{"allow":["GET"]}}],"collection":[{"href":"https:\/\/aiartfree.online\/fi\/wp-json\/wp\/v2\/pages"}],"about":[{"href":"https:\/\/aiartfree.online\/fi\/wp-json\/wp\/v2\/types\/page"}],"author":[{"embeddable":true,"href":"https:\/\/aiartfree.online\/fi\/wp-json\/wp\/v2\/users\/1"}],"replies":[{"embeddable":true,"href":"https:\/\/aiartfree.online\/fi\/wp-json\/wp\/v2\/comments?post=3292"}],"version-history":[{"count":0,"href":"https:\/\/aiartfree.online\/fi\/wp-json\/wp\/v2\/pages\/3292\/revisions"}],"wp:featuredmedia":[{"embeddable":true,"href":"https:\/\/aiartfree.online\/fi\/wp-json\/wp\/v2\/media\/3297"}],"wp:attachment":[{"href":"https:\/\/aiartfree.online\/fi\/wp-json\/wp\/v2\/media?parent=3292"}],"curies":[{"name":"wp","href":"https:\/\/api.w.org\/{rel}","templated":true}]}}