{"id":3281,"date":"2024-07-28T12:00:16","date_gmt":"2024-07-28T12:00:16","guid":{"rendered":"https:\/\/aiartfree.online\/?page_id=3281"},"modified":"2024-08-02T11:09:05","modified_gmt":"2024-08-02T11:09:05","slug":"watermark-remover","status":"publish","type":"page","link":"https:\/\/aiartfree.online\/fi\/vesileiman-poisto\/","title":{"rendered":"Vesileiman poisto"},"content":{"rendered":"<h2 class=\"wp-block-heading has-text-align-center\" id=\"before-vs-after\">Ennen vs. j\u00e4lkeen<\/h2>\n\n\n\n<figure class=\"gb-block-image gb-block-image-1822da1f\"><img data-recalc-dims=\"1\" decoding=\"async\" loading=\"lazy\" width=\"1024\" height=\"518\" class=\"gb-image gb-image-1822da1f\" src=\"https:\/\/i0.wp.com\/aiartfree.online\/wp-content\/uploads\/2024\/07\/WX20240729-171649%402x-1024x518.webp?resize=1024%2C518&#038;ssl=1\" alt=\"Vesileiman poisto poistaa teko\u00e4lyn avulla valokuvien tai videoiden p\u00e4\u00e4lle asetetut logot, tekstit tai grafiikat ja palauttaa alkuper\u00e4isen median poistamalla omistusmerkit.\" title=\"WX20240729-171649@2x\" srcset=\"https:\/\/i0.wp.com\/aiartfree.online\/wp-content\/uploads\/2024\/07\/WX20240729-171649%402x-scaled.webp?resize=1024%2C518&amp;ssl=1 1024w, https:\/\/i0.wp.com\/aiartfree.online\/wp-content\/uploads\/2024\/07\/WX20240729-171649%402x-scaled.webp?resize=300%2C152&amp;ssl=1 300w, https:\/\/i0.wp.com\/aiartfree.online\/wp-content\/uploads\/2024\/07\/WX20240729-171649%402x-scaled.webp?resize=768%2C388&amp;ssl=1 768w, https:\/\/i0.wp.com\/aiartfree.online\/wp-content\/uploads\/2024\/07\/WX20240729-171649%402x-scaled.webp?resize=1536%2C777&amp;ssl=1 1536w, https:\/\/i0.wp.com\/aiartfree.online\/wp-content\/uploads\/2024\/07\/WX20240729-171649%402x-scaled.webp?resize=2048%2C1036&amp;ssl=1 2048w, https:\/\/i0.wp.com\/aiartfree.online\/wp-content\/uploads\/2024\/07\/WX20240729-171649%402x-scaled.webp?resize=18%2C9&amp;ssl=1 18w, https:\/\/i0.wp.com\/aiartfree.online\/wp-content\/uploads\/2024\/07\/WX20240729-171649%402x-scaled.webp?resize=600%2C303&amp;ssl=1 600w, https:\/\/i0.wp.com\/aiartfree.online\/wp-content\/uploads\/2024\/07\/WX20240729-171649%402x-scaled.webp?w=2400&amp;ssl=1 2400w\" sizes=\"auto, (max-width: 1024px) 100vw, 1024px\" \/><\/figure>\n\n\n\n<h2 class=\"wp-block-heading\" id=\"how-to-use-watermark-remover\">Vesileiman poistajan k\u00e4ytt\u00f6<\/h2>\n\n\n\n<ol class=\"wp-block-list\">\n<li class=\"\">Pudota tai lataa kuva<\/li>\n\n\n\n<li class=\"\"><strong>Piirr\u00e4 (sivele) kuvan osa, jonka haluat poistaa.<\/strong><\/li>\n\n\n\n<li class=\"\">Klikkaa \"L\u00e4het\u00e4\"<\/li>\n\n\n\n<li class=\"\">Hetkinen, siin\u00e4 se on!<\/li>\n<\/ol>\n\n\n\n<p class=\"\"><em>* Internetin nopeudesta riippuen mallin lataaminen voi kest\u00e4\u00e4 muutaman sekunnin.<br>* Jatkuvan luomisen aikana tapahtuu v\u00e4limuistitallennusta, ja uusi kuva tulee n\u00e4kyviin noin 3 sekunnin kuluttua.<\/em><\/p>\n\n\n\n<div style=\"text-align: center; border: 2px solid; border-image-source: linear-gradient(to right, #16b86c, #912899); border-image-slice: 1; box-shadow: 0 0 10px rgba(0, 0, 0, 0.1); border-radius: 15px; position: relative;\">\n  <div id=\"loading\" style=\"position: absolute; top: 100px; left: 50%; transform: translate(-50%, -50%); z-index: 1000;\">\n    <div style=\"width: 50px; height: 50px; border: 5px solid #f3f3f3; border-top: 5px solid #16b86c; border-radius: 50%; animation: spin 1s linear infinite;\"><\/div>\n  <\/div>\n  <iframe loading=\"lazy\"\n    src=\"https:\/\/rooc-remove-photo-object.hf.space\"\n    frameborder=\"0\"\n    width=\"100%\"\n    height=\"2500\"\n    style=\"display: inline-block; margin: 0 auto;\"\n    onload=\"document.getElementById('loading').style.display='none';\"\n  ><\/iframe>\n<\/div>\n\n<style>\n  @keyframes spin {\n    0% { transform: rotate(0deg); }\n    100% { transform: rotate(360deg); }\n  }\n<\/style>\n\n\n\n<div style=\"height:50px\" aria-hidden=\"true\" class=\"wp-block-spacer\"><\/div>\n\n\n\n<h2 class=\"wp-block-heading\" id=\"introduction-of-watermark-remover\">Vesileiman poiston k\u00e4ytt\u00f6\u00f6notto<\/h2>\n\n\n\n<div class=\"wp-block-rank-math-toc-block\" id=\"rank-math-toc\"><h3>Sis\u00e4llysluettelo<\/h3><nav><ul><li><a href=\"#what-is-a-watermark-remover\">Mik\u00e4 on vesileiman poisto?<\/a><\/li><li><a href=\"#why-use-a-watermark-remover\">Miksi k\u00e4ytt\u00e4\u00e4 vesileiman poistoohjelmaa?<\/a><\/li><li><a href=\"#who-can-benefit-from-using-a-watermark-remover\">Kuka voi hy\u00f6ty\u00e4 vesileiman poiston k\u00e4yt\u00f6st\u00e4?<\/a><\/li><li><a href=\"#top-10-watermark-remover-tools-features-pros-cons-advantages-challenges-and-suggestions\">Top 10 vesileiman poistoty\u00f6kalua: Ominaisuudet, hyv\u00e4t puolet, huonot puolet, edut, haasteet ja ehdotukset.<\/a><\/li><li><a href=\"#frequently-asked-questions-faq\">Usein kysytyt kysymykset (FAQ)<\/a><\/li><\/ul><\/nav><\/div>\n\n\n\n<h3 class=\"wp-block-heading\" id=\"what-is-a-watermark-remover\">Mik\u00e4 on vesileiman poisto?<\/h3>\n\n\n\n<p class=\"\">Vesileiman poisto on ty\u00f6kalu tai ohjelmisto, joka on suunniteltu poistamaan vesileimat valokuvista tai videoista. Vesileimat ovat yleens\u00e4 logoja, teksti\u00e4 tai muuta grafiikkaa, jotka on sijoitettu kuvien tai videoiden p\u00e4\u00e4lle osoittamaan omistajuutta tai tekij\u00e4noikeutta. Vesileiman poisto k\u00e4ytt\u00e4\u00e4 kehittyneit\u00e4 algoritmeja, jotka usein perustuvat teko\u00e4lyyn, tunnistamaan ja poistamaan vesileimat ja j\u00e4tt\u00e4m\u00e4\u00e4n alkuper\u00e4isen kuvan tai videon koskemattomaksi.<\/p>\n\n\n\n<h3 class=\"wp-block-heading\" id=\"why-use-a-watermark-remover\">Miksi k\u00e4ytt\u00e4\u00e4 vesileiman poistoohjelmaa?<\/h3>\n\n\n\n<p class=\"\">Vesileiman poistajan k\u00e4ytt\u00e4minen voi olla t\u00e4rke\u00e4\u00e4 useista syist\u00e4:<\/p>\n\n\n\n<ul class=\"wp-block-list\">\n<li class=\"\"><strong>Restaurointi<\/strong>: Auttaa palauttamaan alkuper\u00e4isen median ilman esteit\u00e4.<\/li>\n\n\n\n<li class=\"\"><strong>Ammattik\u00e4ytt\u00f6<\/strong>: V\u00e4ltt\u00e4m\u00e4t\u00f6n valokuvaajille, videokuvaajille ja suunnittelijoille, jotka tarvitsevat puhtaita kuvia ja videoita ty\u00f6h\u00f6ns\u00e4.<\/li>\n\n\n\n<li class=\"\"><strong>Sis\u00e4ll\u00f6n muokkaus<\/strong>: Mahdollistaa k\u00e4ytt\u00e4jien muokata ja k\u00e4ytt\u00e4\u00e4 mediaa uudelleen ilman vesileimojen h\u00e4iritsev\u00e4\u00e4 vaikutusta.<\/li>\n\n\n\n<li class=\"\"><strong>Laillinen k\u00e4ytt\u00f6<\/strong>: T\u00e4rke\u00e4\u00e4 on poistaa vesileimat mediasta, johon sinulla on oikeudet, mutta joka on vesileimattu aiemman k\u00e4yt\u00f6n tai jakelun vuoksi.<\/li>\n<\/ul>\n\n\n\n<h3 class=\"wp-block-heading\" id=\"who-can-benefit-from-using-a-watermark-remover\">Kuka voi hy\u00f6ty\u00e4 vesileiman poiston k\u00e4yt\u00f6st\u00e4?<\/h3>\n\n\n\n<p class=\"\">Vesileiman poistosta voivat hy\u00f6ty\u00e4 monet eri henkil\u00f6t ja toimialat, kuten:<\/p>\n\n\n\n<ul class=\"wp-block-list\">\n<li class=\"\"><strong>Valokuvaajat<\/strong>: Puhdistaa kuvat portfolion esittely\u00e4 varten.<\/li>\n\n\n\n<li class=\"\"><strong>Sis\u00e4ll\u00f6ntuottajat<\/strong>: Vesileimattoman sis\u00e4ll\u00f6n luomiseen sosiaaliseen mediaan ja verkkosivuille.<\/li>\n\n\n\n<li class=\"\"><strong>Markkinoinnin ammattilaiset<\/strong>: Varmistaa, ett\u00e4 mainosmateriaalit ovat siistej\u00e4 ja ammattimaisen n\u00e4k\u00f6isi\u00e4.<\/li>\n\n\n\n<li class=\"\"><strong>Kouluttajat<\/strong>: Kuvien ja videoiden k\u00e4ytt\u00f6 esityksiss\u00e4 ja opetusmateriaaleissa ilman h\u00e4iri\u00f6tekij\u00f6it\u00e4.<\/li>\n\n\n\n<li class=\"\"><strong>Yritykset<\/strong>: Ammattimaisen imagon yll\u00e4pit\u00e4minen markkinointi- ja br\u00e4ndimateriaaleissa.<\/li>\n<\/ul>\n\n\n\n<h3 class=\"wp-block-heading\" id=\"top-10-watermark-remover-tools-features-pros-cons-advantages-challenges-and-suggestions\">Top 10 vesileiman poistoty\u00f6kalua: Ominaisuudet, hyv\u00e4t puolet, huonot puolet, edut, haasteet ja ehdotukset.<\/h3>\n\n\n\n<figure class=\"wp-block-table\"><table class=\"has-fixed-layout\"><thead><tr><th>Ty\u00f6kalun nimi<\/th><th>URL<\/th><th>Ominaisuudet<\/th><th>Plussaa<\/th><th>Miinukset<\/th><th>Edut<\/th><th>Haasteet<\/th><th>Ehdotukset<\/th><\/tr><\/thead><tbody><tr><td>AI Art Ilmainen vesileiman poisto<\/td><td><a href=\"https:\/\/aiartfree.online\/fi\/vesileiman-poisto\/\">AI Art Free<\/a><\/td><td>Ilmainen, rajoittamaton, ei rekister\u00f6inti\u00e4, teko\u00e4lyk\u00e4ytt\u00f6inen, k\u00e4ytt\u00e4j\u00e4yst\u00e4v\u00e4llinen.<\/td><td>Helppok\u00e4ytt\u00f6inen, ilmainen, rekister\u00f6itymist\u00e4 ei tarvita, laadukas tulostusj\u00e4lki.<\/td><td>Rajoitetut lis\u00e4ominaisuudet<\/td><td>Erinomainen nopeaan ja helppoon poistamiseen<\/td><td>Ei ehk\u00e4 toimi hyvin monimutkaisilla taustoilla<\/td><td>Ihanteellinen satunnaisille k\u00e4ytt\u00e4jille, jotka tarvitsevat nopeaa vesileiman poistoa.<\/td><\/tr><tr><td>Poista.bg<\/td><td>Poista.bg<\/td><td>Teko\u00e4lyavusteinen, tukee valokuvia<\/td><td>Korkea tarkkuus, k\u00e4ytt\u00e4j\u00e4yst\u00e4v\u00e4llinen<\/td><td>Rajoitettu valokuviin, Ei ilmainen<\/td><td>Suuri valokuvaajille<\/td><td>Premium-ominaisuudet edellytt\u00e4v\u00e4t tilausta<\/td><td>T\u00e4ydellinen valokuviin keskittyville k\u00e4ytt\u00e4jille<\/td><\/tr><tr><td>Inpaint<\/td><td>Inpaint<\/td><td>Manuaalinen valinta, Tukee eri formaatteja<\/td><td>Korkea valvonta, monipuolinen<\/td><td>Manuaalinen prosessi voi olla aikaa viev\u00e4<\/td><td>Ihanteellinen yksityiskohtaiseen ty\u00f6h\u00f6n<\/td><td>Jyrkk\u00e4 oppimisk\u00e4yr\u00e4<\/td><td>Suositellaan edistyneille k\u00e4ytt\u00e4jille<\/td><\/tr><tr><td>Apowersoft vesileiman poisto<\/td><td>Apowersoft<\/td><td>Er\u00e4k\u00e4sittely, Tukee valokuvia ja videoita<\/td><td>Tehokas, monipuolinen<\/td><td>T\u00e4ydelliset ominaisuudet edellytt\u00e4v\u00e4t tilausta<\/td><td>Hyv\u00e4 irtotavarana suoritettaviin teht\u00e4viin<\/td><td>Voi olla kallista<\/td><td>Paras usein k\u00e4ytt\u00e4ville k\u00e4ytt\u00e4jille, joilla on irtotavaratarpeita<\/td><\/tr><tr><td>HitPaw vesileiman poisto<\/td><td>HitPaw<\/td><td>Tukee valokuvia ja videoita, teko\u00e4lyavusteinen toiminto<\/td><td>Korkealaatuinen, monipuolinen<\/td><td>T\u00e4ydelliset ominaisuudet edellytt\u00e4v\u00e4t tilausta<\/td><td>Sopii sek\u00e4 valokuville ett\u00e4 videoille<\/td><td>Voi olla kallista<\/td><td>Suuri ammattilaisille<\/td><\/tr><tr><td>SoftOrbits Photo Stamp Remover -valokuvaleimasimen poisto<\/td><td>SoftOrbits<\/td><td>Teko\u00e4lyavusteinen, Tukee er\u00e4k\u00e4sittely\u00e4<\/td><td>Tehokas, tarkka<\/td><td>Premium-ominaisuudet edellytt\u00e4v\u00e4t tilausta<\/td><td>Ihanteellinen irtotavarana suoritettaviin teht\u00e4viin<\/td><td>Kallista satunnaisille k\u00e4ytt\u00e4jille<\/td><td>Suositellaan usein k\u00e4ytt\u00e4ville k\u00e4ytt\u00e4jille<\/td><\/tr><tr><td>Wondershare Fotophire<\/td><td>Fotophire<\/td><td>Tukee eri formaatteja, helppok\u00e4ytt\u00f6inen<\/td><td>Monipuolinen, k\u00e4ytt\u00e4j\u00e4yst\u00e4v\u00e4llinen<\/td><td>T\u00e4ydelliset ominaisuudet edellytt\u00e4v\u00e4t tilausta<\/td><td>Suuri aloittelijoille<\/td><td>Kallis<\/td><td>Ihanteellinen uusille k\u00e4ytt\u00e4jille<\/td><\/tr><tr><td>GIMP<\/td><td>GIMP<\/td><td>Ilmainen, Avoin l\u00e4hdekoodi, Manuaalinen muokkaus<\/td><td>Eritt\u00e4in muokattavissa, Ilmainen<\/td><td>Jyrkk\u00e4 oppimisk\u00e4yr\u00e4<\/td><td>Ihanteellinen yksityiskohtaiseen muokkaukseen<\/td><td>Monimutkainen k\u00e4ytt\u00f6liittym\u00e4<\/td><td>Paras edistyneille k\u00e4ytt\u00e4jille<\/td><\/tr><tr><td>PhotoWorks<\/td><td>PhotoWorks<\/td><td>Teko\u00e4lyk\u00e4ytt\u00f6inen, tukee eri formaatteja<\/td><td>Tarkka, helppok\u00e4ytt\u00f6inen<\/td><td>T\u00e4ydelliset ominaisuudet edellytt\u00e4v\u00e4t tilausta<\/td><td>Sopii erinomaisesti rentoon ja ammattik\u00e4ytt\u00f6\u00f6n<\/td><td>Voi olla kallista<\/td><td>T\u00e4ydellinen kaikille k\u00e4ytt\u00e4j\u00e4tasoille<\/td><\/tr><tr><td>Pixlr<\/td><td><a href=\"https:\/\/bingimagecreator.online\/\" target=\"_blank\" data-type=\"link\" data-id=\"https:\/\/bingimagecreator.online\/\" rel=\"noreferrer noopener\">Pixlr<\/a><\/td><td>Ilmainen, Online-ty\u00f6kalu, Manuaalinen muokkaus<\/td><td>Esteet\u00f6n, ilmainen<\/td><td>Rajoitetut lis\u00e4ominaisuudet<\/td><td>Hyv\u00e4 nopeisiin muokkauksiin<\/td><td>Rajoitetut toiminnot<\/td><td>Paras nopeisiin ja yksinkertaisiin teht\u00e4viin<\/td><\/tr><\/tbody><\/table><\/figure>\n\n\n\n<h3 class=\"wp-block-heading\" id=\"frequently-asked-questions-faq\">Usein kysytyt kysymykset (FAQ)<\/h3>\n\n\n\n<ol class=\"wp-block-list\">\n<li class=\"\"><strong>Miten poistaa vesileima valokuvasta?<\/strong>\n<ul class=\"wp-block-list\">\n<li class=\"\">Voit poistaa vesileiman valokuvasta k\u00e4ytt\u00e4m\u00e4ll\u00e4 online-ty\u00f6kaluja, kuten AI Art Free Watermark Remover. Lataa valokuva, valitse vesileima-alue, ja ty\u00f6kalu poistaa sen automaattisesti puolestasi.<\/li>\n<\/ul>\n<\/li>\n\n\n\n<li class=\"\"><strong>Miten poistaa vesileima videosta?<\/strong>\n<ul class=\"wp-block-list\">\n<li class=\"\">K\u00e4yt\u00e4 Apowersoft Watermark Removerin kaltaisia ty\u00f6kaluja, jotka tukevat videoformaatteja. Lataa video, valitse vesileima-alue, ja ty\u00f6kalu k\u00e4sittelee videon vesileiman poistamiseksi.<\/li>\n<\/ul>\n<\/li>\n\n\n\n<li class=\"\"><strong>Onko olemassa ilmaista vesileiman poistoohjelmaa?<\/strong>\n<ul class=\"wp-block-list\">\n<li class=\"\">Kyll\u00e4, AI Art Free Watermark Remover on ilmainen ty\u00f6kalu, joka mahdollistaa rajoittamattoman k\u00e4yt\u00f6n ilman rekister\u00f6itymist\u00e4.<\/li>\n<\/ul>\n<\/li>\n\n\n\n<li class=\"\"><strong>Voiko teko\u00e4ly poistaa vesileimat?<\/strong>\n<ul class=\"wp-block-list\">\n<li class=\"\">Kyll\u00e4, teko\u00e4lyk\u00e4ytt\u00f6iset ty\u00f6kalut, kuten AI Art Free Watermark Remover ja Remove.bg, voivat poistaa vesileimat kuvista tehokkaasti kehittyneiden algoritmien avulla.<\/li>\n<\/ul>\n<\/li>\n\n\n\n<li class=\"\"><strong>Mik\u00e4 on paras vesileiman poisto valokuville?<\/strong>\n<ul class=\"wp-block-list\">\n<li class=\"\">AI Art Free Watermark Remover ja Remove.bg ovat parhaita ty\u00f6kaluja vesileimojen poistamiseen valokuvista niiden suuren tarkkuuden ja helppok\u00e4ytt\u00f6isyyden ansiosta.<\/li>\n<\/ul>\n<\/li>\n\n\n\n<li class=\"\"><strong>Mik\u00e4 on paras vesileiman poisto videoille?<\/strong>\n<ul class=\"wp-block-list\">\n<li class=\"\">Apowersoft Watermark Remover ja HitPaw Watermark Remover ovat erinomaisia vaihtoehtoja vesileimojen poistamiseen videoista.<\/li>\n<\/ul>\n<\/li>\n\n\n\n<li class=\"\"><strong>Onko olemassa rajoittamattoman k\u00e4yt\u00f6n vesileiman poistajia?<\/strong>\n<ul class=\"wp-block-list\">\n<li class=\"\">Kyll\u00e4, AI Art Free Watermark Remover tarjoaa rajoittamattoman k\u00e4yt\u00f6n ilman rekister\u00f6itymist\u00e4 tai tilausta.<\/li>\n<\/ul>\n<\/li>\n\n\n\n<li class=\"\"><strong>Miten poistaa ei-toivottuja kohteita kuvista?<\/strong>\n<ul class=\"wp-block-list\">\n<li class=\"\">Ty\u00f6kalut, kuten Inpaint, mahdollistavat ei-toivottujen kohteiden manuaalisen valinnan ja poistamisen kuvista, jolloin muokkausprosessi on tarkasti hallittavissa.<\/li>\n<\/ul>\n<\/li>\n\n\n\n<li class=\"\"><strong>Onko olemassa k\u00e4ytt\u00e4j\u00e4yst\u00e4v\u00e4llisi\u00e4 vesileimojen poistoohjelmia?<\/strong>\n<ul class=\"wp-block-list\">\n<li class=\"\">Kyll\u00e4, ty\u00f6kalut kuten AI Art Free Watermark Remover ja Wondershare Fotophire ovat tunnettuja k\u00e4ytt\u00e4j\u00e4yst\u00e4v\u00e4llisist\u00e4 k\u00e4ytt\u00f6liittymist\u00e4.<\/li>\n<\/ul>\n<\/li>\n\n\n\n<li class=\"\"><strong>Voivatko vesileiman poistajat s\u00e4ilytt\u00e4\u00e4 alkuper\u00e4isen laadun?<\/strong>\n<ul class=\"wp-block-list\">\n<li class=\"\">Laadukkaat ty\u00f6kalut, kuten AI Art Free Watermark Remover ja HitPaw Watermark Remover, on suunniteltu s\u00e4ilytt\u00e4m\u00e4\u00e4n kuvien ja videoiden alkuper\u00e4inen laatu vesileimojen poistamisen j\u00e4lkeen.<\/li>\n<\/ul>\n<\/li>\n<\/ol>","protected":false},"excerpt":{"rendered":"<p>Before vs After How to use Watermark Remover *&nbsp;Depending on your internet speed, loading the model may take a few seconds.* There will be caching during continuous generation, and the new image will appear after about 3 seconds. Introduction of Watermark Remover What is a Watermark Remover? A watermark remover is a tool or software &#8230; <a title=\"Vesileiman poisto\" class=\"read-more\" href=\"https:\/\/aiartfree.online\/fi\/vesileiman-poisto\/\" aria-label=\"Lue lis\u00e4\u00e4 aiheesta Watermark Remover\">Lue lis\u00e4\u00e4<\/a><\/p>","protected":false},"author":1,"featured_media":3304,"parent":0,"menu_order":0,"comment_status":"open","ping_status":"closed","template":"","meta":{"nf_dc_page":"","footnotes":""},"class_list":["post-3281","page","type-page","status-publish","has-post-thumbnail"],"jetpack_sharing_enabled":true,"_links":{"self":[{"href":"https:\/\/aiartfree.online\/fi\/wp-json\/wp\/v2\/pages\/3281","targetHints":{"allow":["GET"]}}],"collection":[{"href":"https:\/\/aiartfree.online\/fi\/wp-json\/wp\/v2\/pages"}],"about":[{"href":"https:\/\/aiartfree.online\/fi\/wp-json\/wp\/v2\/types\/page"}],"author":[{"embeddable":true,"href":"https:\/\/aiartfree.online\/fi\/wp-json\/wp\/v2\/users\/1"}],"replies":[{"embeddable":true,"href":"https:\/\/aiartfree.online\/fi\/wp-json\/wp\/v2\/comments?post=3281"}],"version-history":[{"count":0,"href":"https:\/\/aiartfree.online\/fi\/wp-json\/wp\/v2\/pages\/3281\/revisions"}],"wp:featuredmedia":[{"embeddable":true,"href":"https:\/\/aiartfree.online\/fi\/wp-json\/wp\/v2\/media\/3304"}],"wp:attachment":[{"href":"https:\/\/aiartfree.online\/fi\/wp-json\/wp\/v2\/media?parent=3281"}],"curies":[{"name":"wp","href":"https:\/\/api.w.org\/{rel}","templated":true}]}}