{"id":3270,"date":"2024-07-28T10:35:14","date_gmt":"2024-07-28T10:35:14","guid":{"rendered":"https:\/\/aiartfree.online\/?page_id=3270"},"modified":"2024-07-31T13:03:11","modified_gmt":"2024-07-31T13:03:11","slug":"ai-photo-generator","status":"publish","type":"page","link":"https:\/\/aiartfree.online\/fi\/ai-valokuvageneraattori\/","title":{"rendered":"AI Photo Generator"},"content":{"rendered":"<h2 class=\"wp-block-heading has-text-align-center\">Mit\u00e4 k\u00e4ytt\u00e4j\u00e4t loivat<\/h2>\n\n\n\n<figure class=\"gb-block-image gb-block-image-1822da1f\"><img data-recalc-dims=\"1\" decoding=\"async\" loading=\"lazy\" width=\"1200\" height=\"823\" class=\"gb-image gb-image-1822da1f\" src=\"https:\/\/i0.wp.com\/aiartfree.online\/wp-content\/uploads\/2024\/07\/WX20240731-165815%402x.jpg?resize=1200%2C823&#038;ssl=1\" alt=\"AI Photo Generator\" title=\"WX20240731-165815@2x\" srcset=\"https:\/\/i0.wp.com\/aiartfree.online\/wp-content\/uploads\/2024\/07\/WX20240731-165815%402x.jpg?w=1630&amp;ssl=1 1630w, https:\/\/i0.wp.com\/aiartfree.online\/wp-content\/uploads\/2024\/07\/WX20240731-165815%402x.jpg?resize=300%2C206&amp;ssl=1 300w, https:\/\/i0.wp.com\/aiartfree.online\/wp-content\/uploads\/2024\/07\/WX20240731-165815%402x.jpg?resize=1024%2C702&amp;ssl=1 1024w, https:\/\/i0.wp.com\/aiartfree.online\/wp-content\/uploads\/2024\/07\/WX20240731-165815%402x.jpg?resize=768%2C527&amp;ssl=1 768w, https:\/\/i0.wp.com\/aiartfree.online\/wp-content\/uploads\/2024\/07\/WX20240731-165815%402x.jpg?resize=1536%2C1054&amp;ssl=1 1536w, https:\/\/i0.wp.com\/aiartfree.online\/wp-content\/uploads\/2024\/07\/WX20240731-165815%402x.jpg?resize=18%2C12&amp;ssl=1 18w, https:\/\/i0.wp.com\/aiartfree.online\/wp-content\/uploads\/2024\/07\/WX20240731-165815%402x.jpg?resize=600%2C412&amp;ssl=1 600w\" sizes=\"auto, (max-width: 1200px) 100vw, 1200px\" \/><\/figure>\n\n\n\n<h2 class=\"wp-block-heading\">Kuinka k\u00e4ytt\u00e4\u00e4 AI Photo Generatoria<\/h2>\n\n\n\n<ol class=\"wp-block-list\">\n<li class=\"\">Kirjoita oma kehote tai valitse jokin kehote-esimerkeist\u00e4.<\/li>\n\n\n\n<li class=\"\">Napsauta \"Generate\" (Luo)<\/li>\n\n\n\n<li class=\"\">Hetkinen, siin\u00e4 se on!<\/li>\n<\/ol>\n\n\n\n<h3 class=\"wp-block-heading has-medium-font-size\">Esimerkkej\u00e4 kehotuksista<\/h3>\n\n\n\n<ul class=\"wp-block-list has-small-font-size\">\n<li class=\"\">kaunis nainen, y\u00f6, t\u00e4hdet, monimutkainen, tyylik\u00e4s, eritt\u00e4in yksityiskohtainen, sile\u00e4, ter\u00e4v\u00e4 tarkennus<\/li>\n\n\n\n<li class=\"\">kaunis nainen, y\u00f6, sci-fi, fantasia, monimutkainen, elegantti, sininen mekko, maaginen, eritt\u00e4in yksityiskohtainen, sile\u00e4, ter\u00e4v\u00e4 fokus, kuvitus, kuvitus<\/li>\n\n\n\n<li class=\"\">kaunis nainen rannalla, rentouttava, eteerinen, unenomainen, taustavalo, eritt\u00e4in yksityiskohtainen, realistinen valaistus, ter\u00e4v\u00e4 tarkennus, kolmanneksen s\u00e4\u00e4nt\u00f6, hd, oktaani, 4k<\/li>\n\n\n\n<li class=\"\">kaunis nainen, isot tissit, domme rakastajatar, steampunk, ujo hymyilev\u00e4, 4k, v\u00e4h\u00e4n yksityiskohtia<\/li>\n\n\n\n<li class=\"\">kaunis nainen, y\u00f6, t\u00e4hdet, monimutkainen, tyylik\u00e4s, eritt\u00e4in yksityiskohtainen, sile\u00e4, ter\u00e4v\u00e4 tarkennus<\/li>\n<\/ul>\n\n\n\n<p class=\"\">K\u00e4yt\u00e4&nbsp;<a href=\"https:\/\/aiartfree.online\/fi\/kehotteen-generaattori\/\" target=\"_blank\" data-type=\"page\" data-id=\"3164\" rel=\"noreferrer noopener\">Kehotusgeneraattori<\/a>&nbsp;laajentamaan mielikuvituksesi rajoja<\/p>\n\n\n\n<p class=\"\"><em>* Internetin nopeudesta riippuen mallin lataaminen voi kest\u00e4\u00e4 muutaman sekunnin.<br>* Jatkuvan luomisen aikana tapahtuu v\u00e4limuistitallennusta, ja uusi kuva tulee n\u00e4kyviin noin 3 sekunnin kuluttua.<\/em><\/p>\n\n\n\n<div class=\"iframe-wrapper\" style=\"position: relative; width: 100%; height: 950px;\">\n  <div class=\"loading\" style=\"position: absolute; top: 50px; left: 50%; transform: translate(-50%, -50%); width: 40px; height: 40px; border: 3px solid #f0f0f0; border-top: 3px solid #db7093; border-radius: 50%; animation: spin 1s linear infinite;\"><\/div>\n  <iframe loading=\"lazy\" src=\"https:\/\/playgroundai-playground-v2-5.hf.space\" frameborder=\"0\" width=\"100%\" height=\"100%\" style=\"position: absolute; top: 0; left: 0; opacity: 0; transition: opacity 0.3s;\" onload=\"this.style.opacity=1;this.previousElementSibling.style.display='none';\"><\/iframe>\n<\/div>\n\n<style>\n@keyframes spin {\n  0% { transform: translate(-50%, -50%) rotate(0deg); }\n  100% { transform: translate(-50%, -50%) rotate(360deg); }\n}\n<\/style>\n\n\n\n<div style=\"height:50px\" aria-hidden=\"true\" class=\"wp-block-spacer\"><\/div>\n\n\n\n<h2 class=\"wp-block-heading\">AI Photo Generatorin k\u00e4ytt\u00f6\u00f6notto<\/h2>\n\n\n\n<p class=\"\">Nopeatempoisessa digitaalisessa maailmassa teko\u00e4lykuvageneraattoreista on tullut olennaisia ty\u00f6kaluja taiteilijoille, markkinoijille ja sis\u00e4ll\u00f6ntuottajille. T\u00e4ss\u00e4 artikkelissa perehdyt\u00e4\u00e4n siihen, mit\u00e4 teko\u00e4lykuvageneraattorit ovat, niiden merkitykseen ja siihen, miten niit\u00e4 voidaan hy\u00f6dynt\u00e4\u00e4 eri toimialoilla. Lis\u00e4ksi tutkimme parhaita nykyisin saatavilla olevia teko\u00e4lykuvageneraattoreita, mukaan lukien eritt\u00e4in suositeltava ty\u00f6kalu osoitteesta <a href=\"https:\/\/aiartfree.online\/fi\/ai-valokuvageneraattori\/\">AI Art Free<\/a>.<\/p>\n\n\n\n<figure class=\"wp-block-image size-full is-resized\"><img data-recalc-dims=\"1\" data-dominant-color=\"70574e\" data-has-transparency=\"false\" decoding=\"async\" width=\"1024\" height=\"1024\"   loading=\"lazy\" src=\"https:\/\/i0.wp.com\/aiartfree.online\/wp-content\/uploads\/2024\/07\/image-30.webp?resize=1024%2C1024&#038;ssl=1\" alt=\"Nopeatempoisessa digitaalisessa maailmassa teko\u00e4lykuvageneraattoreista on tullut olennaisia ty\u00f6kaluja taiteilijoille, markkinoijille ja sis\u00e4ll\u00f6ntuottajille. T\u00e4ss\u00e4 artikkelissa perehdyt\u00e4\u00e4n siihen, mit\u00e4 teko\u00e4lykuvageneraattorit ovat, niiden merkitykseen ja siihen, miten niit\u00e4 voidaan hy\u00f6dynt\u00e4\u00e4 eri toimialoilla. Lis\u00e4ksi tutkimme parhaita nykyisin saatavilla olevia teko\u00e4lyvalokuvageneraattoreita, mukaan lukien eritt\u00e4in suositeltava ty\u00f6kalu AI Art Freelta.\" class=\"wp-image-3278 not-transparent\" style=\"--dominant-color: #70574e; width:436px;height:auto\" srcset=\"https:\/\/i0.wp.com\/aiartfree.online\/wp-content\/uploads\/2024\/07\/image-30.webp?w=1024&amp;ssl=1 1024w, https:\/\/i0.wp.com\/aiartfree.online\/wp-content\/uploads\/2024\/07\/image-30.webp?resize=300%2C300&amp;ssl=1 300w, https:\/\/i0.wp.com\/aiartfree.online\/wp-content\/uploads\/2024\/07\/image-30.webp?resize=150%2C150&amp;ssl=1 150w, https:\/\/i0.wp.com\/aiartfree.online\/wp-content\/uploads\/2024\/07\/image-30.webp?resize=768%2C768&amp;ssl=1 768w, https:\/\/i0.wp.com\/aiartfree.online\/wp-content\/uploads\/2024\/07\/image-30.webp?resize=12%2C12&amp;ssl=1 12w, https:\/\/i0.wp.com\/aiartfree.online\/wp-content\/uploads\/2024\/07\/image-30.webp?resize=600%2C600&amp;ssl=1 600w, https:\/\/i0.wp.com\/aiartfree.online\/wp-content\/uploads\/2024\/07\/image-30.webp?resize=100%2C100&amp;ssl=1 100w\" sizes=\"auto, (max-width: 1024px) 100vw, 1024px\" \/><\/figure>\n\n\n\n<h3 class=\"wp-block-heading\">Sis\u00e4llysluettelo<\/h3>\n\n\n\n<ol class=\"wp-block-list\">\n<li class=\"\"><a href=\"#what-is-an-ai-photo-generator\">Mik\u00e4 on AI Photo Generator?<\/a><\/li>\n\n\n\n<li class=\"\"><a href=\"#why-use-an-ai-photo-generator\">Miksi k\u00e4ytt\u00e4\u00e4 AI Photo Generatoria?<\/a><\/li>\n\n\n\n<li class=\"\"><a href=\"#who-can-benefit-from-ai-photo-generators\">Kuka voi hy\u00f6ty\u00e4 teko\u00e4lyvalokuvageneraattoreista?<\/a><\/li>\n\n\n\n<li class=\"\"><a href=\"#top-10-ai-photo-generators\">Top 10 AI-valokuvageneraattoria<\/a><\/li>\n\n\n\n<li class=\"\"><a href=\"#faq\">FAQ<\/a><\/li>\n<\/ol>\n\n\n\n<h3 class=\"wp-block-heading\">Mik\u00e4 on AI Photo Generator?<\/h3>\n\n\n\n<p class=\"\">Teko\u00e4lykuvageneraattori, joka tunnetaan my\u00f6s nimell\u00e4 teko\u00e4lykuvageneraattori, on teko\u00e4lyyn ja koneoppimiseen perustuva ty\u00f6kalu, joka muuntaa tekstikehotteita ainutlaatuisiksi kuviksi. N\u00e4m\u00e4 ty\u00f6kalut hy\u00f6dynt\u00e4v\u00e4t generatiivista teko\u00e4ly\u00e4 luodakseen eloisia ja monipuolisia kuvia k\u00e4ytt\u00e4j\u00e4n antamien tekstikuvausten perusteella.<\/p>\n\n\n\n<h3 class=\"wp-block-heading\">Miksi k\u00e4ytt\u00e4\u00e4 AI Photo Generatoria?<\/h3>\n\n\n\n<p class=\"\">Teko\u00e4lykuvageneraattorit ovat ratkaisevan t\u00e4rkeit\u00e4 ainutlaatuisten kuvien luomisessa nopeasti ja tehokkaasti. Ne tarjoavat lukuisia etuja:<\/p>\n\n\n\n<ul class=\"wp-block-list\">\n<li class=\"\"><strong>Luovuus:<\/strong> Ne auttavat luomaan ainutlaatuisia ja luovia kuvia, jotka erottuvat edukseen.<\/li>\n\n\n\n<li class=\"\"><strong>Tehokkuus:<\/strong> Ne s\u00e4\u00e4st\u00e4v\u00e4t aikaa tuottamalla v\u00e4litt\u00f6m\u00e4sti korkealaatuisia kuvia.<\/li>\n\n\n\n<li class=\"\"><strong>Monipuolisuus:<\/strong> Niit\u00e4 voidaan k\u00e4ytt\u00e4\u00e4 erilaisiin tarkoituksiin sosiaalisen median viesteist\u00e4 markkinointimateriaaleihin.<\/li>\n<\/ul>\n\n\n\n<h3 class=\"wp-block-heading\">Kuka voi hy\u00f6ty\u00e4 teko\u00e4lyvalokuvageneraattoreista?<\/h3>\n\n\n\n<ul class=\"wp-block-list\">\n<li class=\"\"><strong>Taiteilijat:<\/strong> Ainutlaatuisten digitaalisten taideteosten luomiseen.<\/li>\n\n\n\n<li class=\"\"><strong>Markkinoijat:<\/strong> Laadukkaiden kuvien tuottamiseen kampanjoita varten.<\/li>\n\n\n\n<li class=\"\"><strong>Sis\u00e4ll\u00f6ntuottajat:<\/strong> Blogikirjoitusten, sosiaalisen median sis\u00e4ll\u00f6n ja muun sis\u00e4ll\u00f6n parantamiseen.<\/li>\n\n\n\n<li class=\"\"><strong>Yritykset:<\/strong> Markkinointimateriaalien, verkkosivustojen ja mainosten suunnitteluun.<\/li>\n<\/ul>\n\n\n\n<h3 class=\"wp-block-heading\">Top 10 AI-valokuvageneraattoria<\/h3>\n\n\n\n<figure class=\"wp-block-table\"><table class=\"has-fixed-layout\"><thead><tr><th><strong>Ty\u00f6kalu<\/strong><\/th><th><strong>Verkkosivusto<\/strong><\/th><th><strong>Edut<\/strong><\/th><th><strong>Haitat<\/strong><\/th><th><strong>Haasteet<\/strong><\/th><th><strong>Ehdotukset<\/strong><\/th><\/tr><\/thead><tbody><tr><td><strong>AI Art Free<\/strong><\/td><td><a href=\"https:\/\/aiartfree.online\/fi\/ai-valokuvageneraattori\/\">aiartfree.online<\/a><\/td><td>Ilmainen, helppok\u00e4ytt\u00f6inen, tuottaa korkealaatuisia kuvia<\/td><td>Rajoitettu r\u00e4\u00e4t\u00e4l\u00f6inti<\/td><td>Tarvitsee jatkuvan internetyhteyden<\/td><td>S\u00e4\u00e4nn\u00f6lliset p\u00e4ivitykset ominaisuuksien parantamiseksi<\/td><\/tr><tr><td><strong>DeepArt<\/strong><\/td><td><a href=\"https:\/\/deepart.io\" target=\"_blank\" rel=\"noopener\">deepart.io<\/a><\/td><td>Suuret taiteelliset suodattimet<\/td><td>Hidas k\u00e4sittely<\/td><td>Ei aina tarkka<\/td><td>Parantaa k\u00e4sittelynopeutta<\/td><\/tr><tr><td><strong>Kiitotie ML<\/strong><\/td><td><a href=\"https:\/\/runwayml.com\" target=\"_blank\" rel=\"noopener\">runwayml.com<\/a><\/td><td>Monipuolinen, ammattik\u00e4ytt\u00f6\u00f6n soveltuva<\/td><td>Kallis<\/td><td>Jyrkk\u00e4 oppimisk\u00e4yr\u00e4<\/td><td>Tarjoa opetusohjelmia<\/td><\/tr><tr><td><strong>Artbreeder<\/strong><\/td><td><a href=\"https:\/\/artbreeder.com\" target=\"_blank\" rel=\"noopener\">artbreeder.com<\/a><\/td><td>Yhteisty\u00f6h\u00f6n perustuvat, ainutlaatuiset tuotokset<\/td><td>Rajoitettu ilmainen versio<\/td><td>K\u00e4ytt\u00f6liittym\u00e4 voi olla monimutkainen<\/td><td>Yksinkertaistaa k\u00e4ytt\u00f6liittym\u00e4\u00e4<\/td><\/tr><tr><td><strong>DALL-E<\/strong><\/td><td><a href=\"https:\/\/aiartfree.online\/fi\/vapaa-dalle-3\/\" data-type=\"page\" data-id=\"2889\">openai.com\/dall-e<\/a><\/td><td>Laadukkaat kuvat, innovatiiviset<\/td><td>Rajoitettu p\u00e4\u00e4sy<\/td><td>Suuri kysynt\u00e4<\/td><td>Saavutettavuuden parantaminen<\/td><\/tr><tr><td><strong>Deep Dream Generator<\/strong><\/td><td><a href=\"https:\/\/deepdreamgenerator.com\" target=\"_blank\" rel=\"noopener\">deepdreamgenerator.com<\/a><\/td><td>Surrealistisia, taiteellisia kuvia<\/td><td>Voi olla abstrakti<\/td><td>Ei sovellu kaikkiin tarkoituksiin<\/td><td>Tarjoa enemm\u00e4n tyylej\u00e4<\/td><\/tr><tr><td><strong>NightCafe<\/strong><\/td><td><a href=\"https:\/\/nightcafe.studio\" target=\"_blank\" rel=\"noopener\">nightcafe.studio<\/a><\/td><td>Helppok\u00e4ytt\u00f6inen, yhteis\u00f6lliset ominaisuudet<\/td><td>Rajoitetut ilmaiset vaihtoehdot<\/td><td>Voi olla kallista<\/td><td>Lis\u00e4\u00e4 ilmaisia ominaisuuksia<\/td><\/tr><tr><td><strong>Iso uni<\/strong><\/td><td><a href=\"https:\/\/bigsleep.dev\" target=\"_blank\" rel=\"noopener\">bigsleep.dev<\/a><\/td><td>Avoin l\u00e4hdekoodi, muokattavissa<\/td><td>Vaatii teknist\u00e4 tiet\u00e4myst\u00e4<\/td><td>Monimutkainen asennus<\/td><td>Tarjota lis\u00e4\u00e4 oppaita<\/td><\/tr><tr><td><strong>Ganbreeder<\/strong><\/td><td><a href=\"https:\/\/ganbreeder.app\" target=\"_blank\" rel=\"noopener\">ganbreeder.app<\/a><\/td><td>Yhteisty\u00f6kykyinen, luova<\/td><td>Voi olla arvaamaton<\/td><td>K\u00e4ytt\u00f6liittym\u00e4 voisi olla parempi<\/td><td>Parantaa ennustettavuutta<\/td><\/tr><tr><td><strong>TyyliGAN2<\/strong><\/td><td><a href=\"https:\/\/github.com\/NVlabs\/stylegan2\" target=\"_blank\" rel=\"noopener\">github.com\/NVlabs\/stylegan2<\/a><\/td><td>Laadukkaat tulokset<\/td><td>Vaatii teknisi\u00e4 taitoja<\/td><td>Vaikea asentaa<\/td><td>K\u00e4ytt\u00e4j\u00e4yst\u00e4v\u00e4llisemm\u00e4t opetusohjelmat<\/td><\/tr><\/tbody><\/table><\/figure>\n\n\n\n<h3 class=\"wp-block-heading\">FAQ<\/h3>\n\n\n\n<h4 class=\"wp-block-heading\">Mist\u00e4 tiet\u00e4\u00e4, onko kuva teko\u00e4lyn tuottama?<\/h4>\n\n\n\n<p class=\"\">Jos haluat m\u00e4\u00e4ritt\u00e4\u00e4, onko kuva teko\u00e4lyn luoma, etsi hienovaraisia poikkeamia, luonnottomia kuvioita ja hienojen yksityiskohtien puutetta, jotka ovat yleisi\u00e4 teko\u00e4lyn luomissa kuvissa.<\/p>\n\n\n\n<h4 class=\"wp-block-heading\">Miten luoda teko\u00e4lykuvia?<\/h4>\n\n\n\n<p class=\"\">Voit luoda teko\u00e4lykuvia k\u00e4ytt\u00e4m\u00e4ll\u00e4 teko\u00e4lykuvageneraattoria, kuten esim. <a href=\"https:\/\/aiartfree.online\/fi\/ai-valokuvageneraattori\/\">AI Art Free<\/a>. Sy\u00f6t\u00e4 vain tekstikehote ja anna teko\u00e4lyn luoda kuva.<\/p>\n\n\n\n<h4 class=\"wp-block-heading\">Onko t\u00e4m\u00e4 kuva teko\u00e4lyn luoma?<\/h4>\n\n\n\n<p class=\"\">Voit tarkistaa, onko kuva teko\u00e4lyn tuottama, k\u00e4ytt\u00e4m\u00e4ll\u00e4 ty\u00f6kaluja, jotka on suunniteltu havaitsemaan teko\u00e4lyn tuottamaa sis\u00e4lt\u00f6\u00e4, tai analysoimalla kuvaa ep\u00e4johdonmukaisuuksien varalta.<\/p>\n\n\n\n<h4 class=\"wp-block-heading\">Mik\u00e4 on paras AI-valokuvageneraattori?<\/h4>\n\n\n\n<p class=\"\">Paras AI-valokuvageneraattori vaihtelee tarpeidesi mukaan, mutta <a href=\"https:\/\/aiartfree.online\/fi\/ai-valokuvageneraattori\/\">AI Art Free<\/a> on eritt\u00e4in suositeltava helppok\u00e4ytt\u00f6isyytens\u00e4 ja laadukkaan tuotoksensa vuoksi.<\/p>\n\n\n\n<h4 class=\"wp-block-heading\">Miten tehd\u00e4 teko\u00e4lyn tuottamia valokuvia?<\/h4>\n\n\n\n<p class=\"\">Voit tehd\u00e4 teko\u00e4lyn tuottamia kuvia sy\u00f6tt\u00e4m\u00e4ll\u00e4 kuvailevia tekstikehotteita teko\u00e4lykuvageneraattoriin, joka luo kuvia kuvaustesi perusteella.<\/p>\n\n\n\n<h3 class=\"wp-block-heading\">Lis\u00e4moduulit<\/h3>\n\n\n\n<h4 class=\"wp-block-heading\">Generatiivisen teko\u00e4lyn ja sen vaikutusten ymm\u00e4rt\u00e4minen<\/h4>\n\n\n\n<p class=\"\">Generatiivinen teko\u00e4ly, joka toimii teko\u00e4lykuvageneraattoreilla, on er\u00e4\u00e4nlainen teko\u00e4ly, joka voi luoda uutta sis\u00e4lt\u00f6\u00e4 olemassa olevasta datasta. T\u00e4m\u00e4 teknologia mullistaa luovan alan teollisuuden mahdollistamalla ainutlaatuisten kuvien, musiikin ja tekstin luomisen.<\/p>\n\n\n\n<h4 class=\"wp-block-heading\">Teko\u00e4lyn valokuvageneraattoreiden k\u00e4yt\u00f6n edut sosiaalisessa mediassa<\/h4>\n\n\n\n<p class=\"\">Teko\u00e4lykuvageneraattorit ovat korvaamattomia sosiaalisessa mediassa, sill\u00e4 niiden avulla voidaan luoda kiinnostavia ja ainutlaatuisia visuaalisia kuvia, jotka kiinnitt\u00e4v\u00e4t yleis\u00f6n huomion ja edist\u00e4v\u00e4t sitoutumista.<\/p>\n\n\n\n<h4 class=\"wp-block-heading\">Koneoppimisen rooli teko\u00e4lyn valokuvageneraattoreissa<\/h4>\n\n\n\n<p class=\"\">Koneoppiminen on teko\u00e4lykuvageneraattoreiden selk\u00e4ranka. Sen avulla n\u00e4m\u00e4 ty\u00f6kalut voivat oppia laajoista tietokokonaisuuksista ja parantaa tuottamiensa kuvien laatua ja relevanssia ajan my\u00f6t\u00e4.<\/p>\n\n\n\n<h3 class=\"wp-block-heading\">P\u00e4\u00e4telm\u00e4<\/h3>\n\n\n\n<p class=\"\">Teko\u00e4lykuvageneraattorit ovat tehokkaita ty\u00f6kaluja, jotka hy\u00f6dynt\u00e4v\u00e4t teko\u00e4lyn ja koneoppimisen ominaisuuksia ainutlaatuisten ja korkealaatuisten kuvien luomiseksi. Olitpa sitten taiteilija, markkinoija tai sis\u00e4ll\u00f6ntuottaja, n\u00e4m\u00e4 ty\u00f6kalut voivat parantaa merkitt\u00e4v\u00e4sti luovaa prosessiasi ja tuotostasi. Kun ymm\u00e4rr\u00e4t niiden edut ja haasteet, voit hy\u00f6dynt\u00e4\u00e4 n\u00e4it\u00e4 innovatiivisia ty\u00f6kaluja parhaalla mahdollisella tavalla tuottaaksesi upeita visuaalisia kuvia, jotka erottuvat miss\u00e4 tahansa mediassa.<\/p>\n\n\n\n<p class=\"\">Parhaan kokemuksen saat aloittamalla <a href=\"https:\/\/aiartfree.online\/fi\/ai-valokuvageneraattori\/\">AI Art Free<\/a> ty\u00f6kalu, joka tarjoaa helpon ja ilmaisen tavan luoda korkealaatuisia teko\u00e4lykuvia.<\/p>","protected":false},"excerpt":{"rendered":"<p>What our users created How to use AI Photo Generator Prompt Examples Use&nbsp;Prompt Generator&nbsp;to Expand the Boundaries of Your Imagination *&nbsp;Depending on your internet speed, loading the model may take a few seconds.* There will be caching during continuous generation, and the new image will appear after about 3 seconds. Introduction of AI Photo Generator &#8230; <a title=\"AI Photo Generator\" class=\"read-more\" href=\"https:\/\/aiartfree.online\/fi\/ai-valokuvageneraattori\/\" aria-label=\"Lue lis\u00e4\u00e4 aiheesta AI Photo Generator\">Lue lis\u00e4\u00e4<\/a><\/p>","protected":false},"author":1,"featured_media":3392,"parent":0,"menu_order":0,"comment_status":"open","ping_status":"closed","template":"","meta":{"nf_dc_page":"","footnotes":""},"class_list":["post-3270","page","type-page","status-publish","has-post-thumbnail"],"jetpack_sharing_enabled":true,"_links":{"self":[{"href":"https:\/\/aiartfree.online\/fi\/wp-json\/wp\/v2\/pages\/3270","targetHints":{"allow":["GET"]}}],"collection":[{"href":"https:\/\/aiartfree.online\/fi\/wp-json\/wp\/v2\/pages"}],"about":[{"href":"https:\/\/aiartfree.online\/fi\/wp-json\/wp\/v2\/types\/page"}],"author":[{"embeddable":true,"href":"https:\/\/aiartfree.online\/fi\/wp-json\/wp\/v2\/users\/1"}],"replies":[{"embeddable":true,"href":"https:\/\/aiartfree.online\/fi\/wp-json\/wp\/v2\/comments?post=3270"}],"version-history":[{"count":0,"href":"https:\/\/aiartfree.online\/fi\/wp-json\/wp\/v2\/pages\/3270\/revisions"}],"wp:featuredmedia":[{"embeddable":true,"href":"https:\/\/aiartfree.online\/fi\/wp-json\/wp\/v2\/media\/3392"}],"wp:attachment":[{"href":"https:\/\/aiartfree.online\/fi\/wp-json\/wp\/v2\/media?parent=3270"}],"curies":[{"name":"wp","href":"https:\/\/api.w.org\/{rel}","templated":true}]}}