{"id":3117,"date":"2024-07-21T07:42:10","date_gmt":"2024-07-21T07:42:10","guid":{"rendered":"https:\/\/aiartfree.online\/?page_id=3117"},"modified":"2024-07-21T07:47:21","modified_gmt":"2024-07-21T07:47:21","slug":"free-ai-art-generator","status":"publish","type":"page","link":"https:\/\/aiartfree.online\/fi\/ilmainen-ai-art-generaattori\/","title":{"rendered":"Ilmainen AI Art Generator"},"content":{"rendered":"<p class=\"has-text-align-center\">Luo upeita teko\u00e4lyn luomia taideteoksia huippuluokan ilmaisilla teko\u00e4lyty\u00f6kaluilla.<\/p>\n\n\n<div class=\"gb-grid-wrapper gb-grid-wrapper-cd9cd360\">\n<div class=\"gb-grid-column gb-grid-column-11112ac1\"><div class=\"gb-container gb-container-11112ac1\">\n\n<figure class=\"gb-block-image gb-block-image-3cedc626\"><a href=\"https:\/\/aiartfree.online\/fi\/ai-merkki-generaattori\/\" target=\"_blank\" rel=\"noopener noreferrer\"><img data-recalc-dims=\"1\" decoding=\"async\" loading=\"lazy\" width=\"1200\" height=\"1190\" class=\"gb-image gb-image-3cedc626\" src=\"https:\/\/i0.wp.com\/aiartfree.online\/wp-content\/uploads\/2024\/07\/WX20240719-144752%402x.jpg?resize=1200%2C1190&#038;ssl=1\" alt=\"AI Character Generator\" title=\"WX20240719-144752@2x\" srcset=\"https:\/\/i0.wp.com\/aiartfree.online\/wp-content\/uploads\/2024\/07\/WX20240719-144752%402x.jpg?w=1632&amp;ssl=1 1632w, https:\/\/i0.wp.com\/aiartfree.online\/wp-content\/uploads\/2024\/07\/WX20240719-144752%402x.jpg?resize=300%2C297&amp;ssl=1 300w, https:\/\/i0.wp.com\/aiartfree.online\/wp-content\/uploads\/2024\/07\/WX20240719-144752%402x.jpg?resize=1024%2C1015&amp;ssl=1 1024w, https:\/\/i0.wp.com\/aiartfree.online\/wp-content\/uploads\/2024\/07\/WX20240719-144752%402x.jpg?resize=150%2C150&amp;ssl=1 150w, https:\/\/i0.wp.com\/aiartfree.online\/wp-content\/uploads\/2024\/07\/WX20240719-144752%402x.jpg?resize=768%2C761&amp;ssl=1 768w, https:\/\/i0.wp.com\/aiartfree.online\/wp-content\/uploads\/2024\/07\/WX20240719-144752%402x.jpg?resize=1536%2C1523&amp;ssl=1 1536w, https:\/\/i0.wp.com\/aiartfree.online\/wp-content\/uploads\/2024\/07\/WX20240719-144752%402x.jpg?resize=12%2C12&amp;ssl=1 12w, https:\/\/i0.wp.com\/aiartfree.online\/wp-content\/uploads\/2024\/07\/WX20240719-144752%402x.jpg?resize=600%2C595&amp;ssl=1 600w, https:\/\/i0.wp.com\/aiartfree.online\/wp-content\/uploads\/2024\/07\/WX20240719-144752%402x.jpg?resize=100%2C100&amp;ssl=1 100w\" sizes=\"auto, (max-width: 1200px) 100vw, 1200px\" \/><\/a><\/figure>\n\n\n\n<h3 class=\"gb-headline gb-headline-efcb9b85 gb-headline-text\">AI Character Generator<\/h3>\n\n\n\n<p class=\"gb-headline gb-headline-f3afe0a5 gb-headline-text\">AI Character Generatorin avulla voit suunnitella ainutlaatuisia hahmoja teko\u00e4lyalgoritmien ja generatiivisen teko\u00e4lyteknologian avulla.<\/p>\n\n<\/div><\/div>\n\n<div class=\"gb-grid-column gb-grid-column-d5a6cb82\"><div class=\"gb-container gb-container-d5a6cb82\">\n\n<figure class=\"gb-block-image gb-block-image-b9b8fce6\"><a href=\"https:\/\/aiartfree.online\/fi\/ilmainen-pixar-ai-generaattori\/\" target=\"_blank\" rel=\"noopener noreferrer\"><img data-recalc-dims=\"1\" decoding=\"async\" loading=\"lazy\" width=\"938\" height=\"626\" class=\"gb-image gb-image-b9b8fce6\" src=\"https:\/\/i0.wp.com\/aiartfree.online\/wp-content\/uploads\/2024\/07\/WX20240717-174206%402x.jpg?resize=938%2C626&#038;ssl=1\" alt=\"pixar ai generaattori\" title=\"WX20240717-174206@2x\" srcset=\"https:\/\/i0.wp.com\/aiartfree.online\/wp-content\/uploads\/2024\/07\/WX20240717-174206%402x.jpg?w=938&amp;ssl=1 938w, https:\/\/i0.wp.com\/aiartfree.online\/wp-content\/uploads\/2024\/07\/WX20240717-174206%402x.jpg?resize=300%2C200&amp;ssl=1 300w, https:\/\/i0.wp.com\/aiartfree.online\/wp-content\/uploads\/2024\/07\/WX20240717-174206%402x.jpg?resize=768%2C513&amp;ssl=1 768w, https:\/\/i0.wp.com\/aiartfree.online\/wp-content\/uploads\/2024\/07\/WX20240717-174206%402x.jpg?resize=18%2C12&amp;ssl=1 18w, https:\/\/i0.wp.com\/aiartfree.online\/wp-content\/uploads\/2024\/07\/WX20240717-174206%402x.jpg?resize=600%2C400&amp;ssl=1 600w\" sizes=\"auto, (max-width: 938px) 100vw, 938px\" \/><\/a><\/figure>\n\n\n\n<h3 class=\"gb-headline gb-headline-0c51996c gb-headline-text\">Pixar AI Generator<\/h3>\n\n\n\n<p class=\"gb-headline gb-headline-83bb38c0 gb-headline-text\">Muunna ideasi Pixar-tyyliseksi teko\u00e4lyn tuottamaksi taiteeksi ilmaisella verkossa toimivalla huippuluokan generatiivisella teko\u00e4lyll\u00e4.<\/p>\n\n<\/div><\/div>\n\n<div class=\"gb-grid-column gb-grid-column-bdb1b3f6\"><div class=\"gb-container gb-container-bdb1b3f6\">\n\n<figure class=\"gb-block-image gb-block-image-129ad6ad\"><a href=\"https:\/\/aiartfree.online\/fi\/anime-ai-generaattori\/\" target=\"_blank\" rel=\"noopener noreferrer\"><img data-recalc-dims=\"1\" decoding=\"async\" loading=\"lazy\" width=\"1200\" height=\"718\" class=\"gb-image gb-image-129ad6ad\" src=\"https:\/\/i0.wp.com\/aiartfree.online\/wp-content\/uploads\/2024\/07\/WX20240719-123748%402x.jpg?resize=1200%2C718&#038;ssl=1\" alt=\"anime-ai-generator\/\" title=\"WX20240719-123748@2x\" srcset=\"https:\/\/i0.wp.com\/aiartfree.online\/wp-content\/uploads\/2024\/07\/WX20240719-123748%402x.jpg?w=1314&amp;ssl=1 1314w, https:\/\/i0.wp.com\/aiartfree.online\/wp-content\/uploads\/2024\/07\/WX20240719-123748%402x.jpg?resize=300%2C179&amp;ssl=1 300w, https:\/\/i0.wp.com\/aiartfree.online\/wp-content\/uploads\/2024\/07\/WX20240719-123748%402x.jpg?resize=1024%2C613&amp;ssl=1 1024w, https:\/\/i0.wp.com\/aiartfree.online\/wp-content\/uploads\/2024\/07\/WX20240719-123748%402x.jpg?resize=768%2C459&amp;ssl=1 768w, https:\/\/i0.wp.com\/aiartfree.online\/wp-content\/uploads\/2024\/07\/WX20240719-123748%402x.jpg?resize=18%2C12&amp;ssl=1 18w, https:\/\/i0.wp.com\/aiartfree.online\/wp-content\/uploads\/2024\/07\/WX20240719-123748%402x.jpg?resize=600%2C359&amp;ssl=1 600w\" sizes=\"auto, (max-width: 1200px) 100vw, 1200px\" \/><\/a><\/figure>\n\n\n\n<h3 class=\"gb-headline gb-headline-3dd3b4a8 gb-headline-text\">Anime AI Generator<\/h3>\n\n\n\n<p class=\"gb-headline gb-headline-9bb27b5a gb-headline-text\">Luo elinvoimaista anime-taidetta kehittyneiden teko\u00e4lyalgoritmien k\u00e4ytt\u00e4m\u00e4n Anime AI Generatorin avulla.<\/p>\n\n<\/div><\/div>\n\n<div class=\"gb-grid-column gb-grid-column-cd81c4c8\"><div class=\"gb-container gb-container-cd81c4c8\">\n\n<figure class=\"gb-block-image gb-block-image-420788f4\"><a href=\"https:\/\/aiartfree.online\/fi\/ai-sarjakuva-generaattori\/\" target=\"_blank\" rel=\"noopener noreferrer\"><img data-recalc-dims=\"1\" decoding=\"async\" loading=\"lazy\" width=\"1200\" height=\"596\" class=\"gb-image gb-image-420788f4\" src=\"https:\/\/i0.wp.com\/aiartfree.online\/wp-content\/uploads\/2024\/07\/WX20240717-175407%402x-1-1-1-scaled.jpg?resize=1200%2C596&#038;ssl=1\" alt=\"AI Cartoon Generator\" title=\"WX20240717-175407@2x (1) (1) (1) (1) (1)\" srcset=\"https:\/\/i0.wp.com\/aiartfree.online\/wp-content\/uploads\/2024\/07\/WX20240717-175407%402x-1-1-1-scaled.jpg?w=2560&amp;ssl=1 2560w, https:\/\/i0.wp.com\/aiartfree.online\/wp-content\/uploads\/2024\/07\/WX20240717-175407%402x-1-1-1-scaled.jpg?resize=300%2C149&amp;ssl=1 300w, https:\/\/i0.wp.com\/aiartfree.online\/wp-content\/uploads\/2024\/07\/WX20240717-175407%402x-1-1-1-scaled.jpg?resize=1024%2C508&amp;ssl=1 1024w, https:\/\/i0.wp.com\/aiartfree.online\/wp-content\/uploads\/2024\/07\/WX20240717-175407%402x-1-1-1-scaled.jpg?resize=768%2C381&amp;ssl=1 768w, https:\/\/i0.wp.com\/aiartfree.online\/wp-content\/uploads\/2024\/07\/WX20240717-175407%402x-1-1-1-scaled.jpg?resize=1536%2C763&amp;ssl=1 1536w, https:\/\/i0.wp.com\/aiartfree.online\/wp-content\/uploads\/2024\/07\/WX20240717-175407%402x-1-1-1-scaled.jpg?resize=2048%2C1017&amp;ssl=1 2048w, https:\/\/i0.wp.com\/aiartfree.online\/wp-content\/uploads\/2024\/07\/WX20240717-175407%402x-1-1-1-scaled.jpg?resize=18%2C9&amp;ssl=1 18w, https:\/\/i0.wp.com\/aiartfree.online\/wp-content\/uploads\/2024\/07\/WX20240717-175407%402x-1-1-1-scaled.jpg?resize=600%2C298&amp;ssl=1 600w, https:\/\/i0.wp.com\/aiartfree.online\/wp-content\/uploads\/2024\/07\/WX20240717-175407%402x-1-1-1-scaled.jpg?w=2400&amp;ssl=1 2400w\" sizes=\"auto, (max-width: 1200px) 100vw, 1200px\" \/><\/a><\/figure>\n\n\n\n<h3 class=\"gb-headline gb-headline-3b87d18c gb-headline-text\">AI Cartoon Generator<\/h3>\n\n\n\n<p class=\"gb-headline gb-headline-51b4b755 gb-headline-text\">Muunna valokuvat anime-tyylisiksi kuviksi kehittyneiden teko\u00e4lyll\u00e4 toimivien algoritmien avulla ja nauti ainutlaatuisen teko\u00e4lyn luoman taiteen luomisesta.<\/p>\n\n<\/div><\/div>\n\n<div class=\"gb-grid-column gb-grid-column-b86d2319\"><div class=\"gb-container gb-container-b86d2319\">\n\n<figure class=\"gb-block-image gb-block-image-5898855b\"><a href=\"https:\/\/aiartfree.online\/fi\/ai-3d-mallin-generaattori\/\" target=\"_blank\" rel=\"noopener noreferrer\"><img data-recalc-dims=\"1\" decoding=\"async\" loading=\"lazy\" width=\"1200\" height=\"787\" class=\"gb-image gb-image-5898855b\" src=\"https:\/\/i0.wp.com\/aiartfree.online\/wp-content\/uploads\/2024\/07\/WX20240719-153337%402x-1-1.jpg?resize=1200%2C787&#038;ssl=1\" alt=\"2D-3D-mallin generaattori\" title=\"WX20240719-153337@2x (1) (1) (1)\" srcset=\"https:\/\/i0.wp.com\/aiartfree.online\/wp-content\/uploads\/2024\/07\/WX20240719-153337%402x-1-1.jpg?w=1768&amp;ssl=1 1768w, https:\/\/i0.wp.com\/aiartfree.online\/wp-content\/uploads\/2024\/07\/WX20240719-153337%402x-1-1.jpg?resize=300%2C197&amp;ssl=1 300w, https:\/\/i0.wp.com\/aiartfree.online\/wp-content\/uploads\/2024\/07\/WX20240719-153337%402x-1-1.jpg?resize=1024%2C672&amp;ssl=1 1024w, https:\/\/i0.wp.com\/aiartfree.online\/wp-content\/uploads\/2024\/07\/WX20240719-153337%402x-1-1.jpg?resize=768%2C504&amp;ssl=1 768w, https:\/\/i0.wp.com\/aiartfree.online\/wp-content\/uploads\/2024\/07\/WX20240719-153337%402x-1-1.jpg?resize=1536%2C1008&amp;ssl=1 1536w, https:\/\/i0.wp.com\/aiartfree.online\/wp-content\/uploads\/2024\/07\/WX20240719-153337%402x-1-1.jpg?resize=18%2C12&amp;ssl=1 18w, https:\/\/i0.wp.com\/aiartfree.online\/wp-content\/uploads\/2024\/07\/WX20240719-153337%402x-1-1.jpg?resize=600%2C394&amp;ssl=1 600w\" sizes=\"auto, (max-width: 1200px) 100vw, 1200px\" \/><\/a><\/figure>\n\n\n\n<h3 class=\"gb-headline gb-headline-d9fff2b4 gb-headline-text\">AI 3d Model Generator<\/h3>\n\n\n\n<p class=\"gb-headline gb-headline-0faba709 gb-headline-text\">AI 3D Model Generator auttaa sinua luomaan huippuluokan 3D-malleja teko\u00e4lyavusteisen hienos\u00e4\u00e4d\u00f6n avulla.<\/p>\n\n<\/div><\/div>\n\n<div class=\"gb-grid-column gb-grid-column-bb7fbb28\"><div class=\"gb-container gb-container-bb7fbb28\">\n\n<figure class=\"gb-block-image gb-block-image-b44f128d\"><a href=\"https:\/\/aiartfree.online\/fi\/ai-piirustus-generaattori\/\" target=\"_blank\" rel=\"noopener noreferrer\"><img data-recalc-dims=\"1\" decoding=\"async\" loading=\"lazy\" width=\"1200\" height=\"1200\" class=\"gb-image gb-image-b44f128d\" src=\"https:\/\/i0.wp.com\/aiartfree.online\/wp-content\/uploads\/2024\/07\/WX20240719-141958%402x.jpg?resize=1200%2C1200&#038;ssl=1\" alt=\"ai-drawing-generator\" title=\"WX20240719-141958@2x\" srcset=\"https:\/\/i0.wp.com\/aiartfree.online\/wp-content\/uploads\/2024\/07\/WX20240719-141958%402x.jpg?w=1414&amp;ssl=1 1414w, https:\/\/i0.wp.com\/aiartfree.online\/wp-content\/uploads\/2024\/07\/WX20240719-141958%402x.jpg?resize=300%2C300&amp;ssl=1 300w, https:\/\/i0.wp.com\/aiartfree.online\/wp-content\/uploads\/2024\/07\/WX20240719-141958%402x.jpg?resize=1024%2C1024&amp;ssl=1 1024w, https:\/\/i0.wp.com\/aiartfree.online\/wp-content\/uploads\/2024\/07\/WX20240719-141958%402x.jpg?resize=150%2C150&amp;ssl=1 150w, https:\/\/i0.wp.com\/aiartfree.online\/wp-content\/uploads\/2024\/07\/WX20240719-141958%402x.jpg?resize=768%2C768&amp;ssl=1 768w, https:\/\/i0.wp.com\/aiartfree.online\/wp-content\/uploads\/2024\/07\/WX20240719-141958%402x.jpg?resize=12%2C12&amp;ssl=1 12w, https:\/\/i0.wp.com\/aiartfree.online\/wp-content\/uploads\/2024\/07\/WX20240719-141958%402x.jpg?resize=600%2C600&amp;ssl=1 600w, https:\/\/i0.wp.com\/aiartfree.online\/wp-content\/uploads\/2024\/07\/WX20240719-141958%402x.jpg?resize=100%2C100&amp;ssl=1 100w\" sizes=\"auto, (max-width: 1200px) 100vw, 1200px\" \/><\/a><\/figure>\n\n\n\n<h3 class=\"gb-headline gb-headline-fc2626d2 gb-headline-text\">AI piirustus generaattori<\/h3>\n\n\n\n<p class=\"gb-headline gb-headline-83918771 gb-headline-text\">AI Drawing Generator muuntaa tekstikehotteet teko\u00e4lyn tuottamiksi taideteoksiksi koneoppimisen avulla.<\/p>\n\n<\/div><\/div>\n<\/div>\n\n\n<div style=\"height:100px\" aria-hidden=\"true\" class=\"wp-block-spacer\"><\/div>\n\n\n\n<h2 class=\"wp-block-heading\" id=\"free-ai-art-generator-unlocking-the-power-of-artificial-intelligence-in-art\"><strong>Ilmainen AI Art Generator: Art Generator: Unlocking the Power of Artificial Intelligence in Art (Teko\u00e4lyn voiman vapauttaminen taiteessa)<\/strong><\/h2>\n\n\n\n<h3 class=\"wp-block-heading\" id=\"outline\"><a href=\"https:\/\/dromerosm-groq-llama3.hf.space\/#outline\" target=\"_blank\" rel=\"noopener\"><\/a>Hahmotelma:<\/h3>\n\n\n\n<ul class=\"wp-block-list\">\n<li class=\"\">Mik\u00e4 on ilmainen AI Art Generator?<\/li>\n\n\n\n<li class=\"\">Ilmaisten AI Art generaattoreiden merkitys<\/li>\n\n\n\n<li class=\"\">Ilmaisen AI Art Generatorin k\u00e4yt\u00f6n edut<\/li>\n\n\n\n<li class=\"\">Sopivat skenaariot ilmaisen AI Art Generatorin k\u00e4ytt\u00e4miseen<\/li>\n\n\n\n<li class=\"\">Kuka voi k\u00e4ytt\u00e4\u00e4 ilmaista AI Art Generatoria?<\/li>\n\n\n\n<li class=\"\">Top 10 asiaan liittyv\u00e4\u00e4 ty\u00f6kalua ja edut ja haitat<\/li>\n\n\n\n<li class=\"\">10 usein kysytty\u00e4 kysymyst\u00e4<\/li>\n<\/ul>\n\n\n\n<h3 class=\"wp-block-heading\" id=\"what-is-a-free-ai-art-generator\"><a href=\"https:\/\/dromerosm-groq-llama3.hf.space\/#what-is-a-free-ai-art-generator\" target=\"_blank\" rel=\"noopener\"><\/a><strong>Mik\u00e4 on ilmainen AI Art Generator?<\/strong><\/h3>\n\n\n\n<p class=\"\">Ilmainen teko\u00e4lytaidegeneraattori on verkkoty\u00f6kalu, joka k\u00e4ytt\u00e4\u00e4 teko\u00e4ly\u00e4 (AI) luomaan taideteoksia k\u00e4ytt\u00e4j\u00e4n sy\u00f6tteiden, kuten tekstikehotteiden tai kuvien, perusteella. N\u00e4m\u00e4 ty\u00f6kalut hy\u00f6dynt\u00e4v\u00e4t koneoppimisalgoritmeja ja generatiivisia teko\u00e4lytekniikoita, kuten vakaata diffuusiota, luodakseen ainutlaatuisia ja el\u00e4vi\u00e4 taideteoksia.<\/p>\n\n\n\n<p class=\"\">Ilmaisten teko\u00e4lytaidegeneraattoreiden yleistyminen on demokratisoinut taidemaailmaa, ja sen ansiosta kuka tahansa voi luoda upeita taideteoksia tarvitsematta laajoja taiteellisia taitoja tai kokemusta.<\/p>\n\n\n\n<h3 class=\"wp-block-heading\" id=\"importance-of-free-ai-art-generators\"><a href=\"https:\/\/dromerosm-groq-llama3.hf.space\/#importance-of-free-ai-art-generators\" target=\"_blank\" rel=\"noopener\"><\/a><strong>Ilmaisten AI Art generaattoreiden merkitys<\/strong><\/h3>\n\n\n\n<p class=\"\">Ilmaisista teko\u00e4lytaidegeneraattoreista on tullut v\u00e4ltt\u00e4m\u00e4tt\u00f6mi\u00e4 eri teollisuudenaloilla, kuten sosiaalisessa mediassa, mainonnassa ja suunnittelussa. Ne tarjoavat monia etuja, kuten:<\/p>\n\n\n\n<ul class=\"wp-block-list\">\n<li class=\"\"><strong>Ajan s\u00e4\u00e4st\u00f6<\/strong>: Ilmaiset AI-taidegeneraattorit voivat tuottaa korkealaatuisia taideteoksia muutamassa minuutissa, mik\u00e4 s\u00e4\u00e4st\u00e4\u00e4 k\u00e4ytt\u00e4jilt\u00e4 tuntikausien manuaalisen ty\u00f6n.<\/li>\n\n\n\n<li class=\"\"><strong>Kustannustehokas<\/strong>: N\u00e4iden ty\u00f6kalujen avulla ei tarvitse palkata ammattitaiteilijoita tai hankkia kalliita suunnitteluohjelmia.<\/li>\n\n\n\n<li class=\"\"><strong>Luova vapaus<\/strong>: Ilmaiset teko\u00e4lytaidegeneraattorit tarjoavat k\u00e4ytt\u00e4jille mahdollisuuden kokeilla erilaisia tyylej\u00e4, teemoja ja ideoita, mik\u00e4 edist\u00e4\u00e4 luovuutta ja innovointia.<\/li>\n<\/ul>\n\n\n\n<h3 class=\"wp-block-heading\" id=\"benefits-of-using-a-free-ai-art-generator\"><a href=\"https:\/\/dromerosm-groq-llama3.hf.space\/#benefits-of-using-a-free-ai-art-generator\" target=\"_blank\" rel=\"noopener\"><\/a><strong>Ilmaisen AI Art Generatorin k\u00e4yt\u00f6n edut<\/strong><\/h3>\n\n\n\n<p class=\"\">Ilmaisen AI-taidegeneraattorin k\u00e4ytt\u00e4minen voi tuoda lukuisia etuja, kuten:<\/p>\n\n\n\n<ul class=\"wp-block-list\">\n<li class=\"\"><strong>Ammattilaistason taideteos<\/strong>: Ilmaiset teko\u00e4lytaidegeneraattorit voivat tuottaa taideteoksia, jotka kilpailevat ihmistaiteilijoiden taideteosten kanssa, ja antaa k\u00e4ytt\u00e4jille ammattilaistasoisen tuotoksen ilman kallista hintaa.<\/li>\n\n\n\n<li class=\"\"><strong>Lis\u00e4\u00e4ntynyt tuottavuus<\/strong>: Kun taideteokset voidaan luoda nopeasti ja tehokkaasti, k\u00e4ytt\u00e4j\u00e4t voivat keskitty\u00e4 muihin projektiensa osa-alueisiin, mik\u00e4 parantaa yleist\u00e4 tuottavuutta.<\/li>\n\n\n\n<li class=\"\"><strong>Rajoittamaton luovuus<\/strong>: Ilmaiset teko\u00e4lytaidegeneraattorit tarjoavat laajan valikoiman luovia mahdollisuuksia, joiden avulla k\u00e4ytt\u00e4j\u00e4t voivat kokeilla erilaisia tyylej\u00e4, teemoja ja ideoita.<\/li>\n<\/ul>\n\n\n\n<h3 class=\"wp-block-heading\" id=\"suitable-scenarios-for-using-a-free-ai-art-generator\"><a href=\"https:\/\/dromerosm-groq-llama3.hf.space\/#suitable-scenarios-for-using-a-free-ai-art-generator\" target=\"_blank\" rel=\"noopener\"><\/a><strong>Sopivat skenaariot ilmaisen AI Art Generatorin k\u00e4ytt\u00e4miseen<\/strong><\/h3>\n\n\n\n<p class=\"\">Ilmaiset AI-taidegeneraattorit soveltuvat erilaisiin skenaarioihin, kuten:<\/p>\n\n\n\n<ul class=\"wp-block-list\">\n<li class=\"\"><strong>Sosiaalisen median sis\u00e4ll\u00f6n luominen<\/strong>: Luo helposti huomiota her\u00e4tt\u00e4vi\u00e4 sosiaalisen median viestej\u00e4, bannereita ja mainoksia.<\/li>\n\n\n\n<li class=\"\"><strong>Mainonta ja markkinointi<\/strong>: K\u00e4yt\u00e4 ilmaisia AI-taidegeneraattoreita luodaksesi upeita mainoksia, esitteit\u00e4 ja mainosmateriaaleja.<\/li>\n\n\n\n<li class=\"\"><strong>Suunnittelu- ja taidehankkeet<\/strong>: Kokeile eri tyylej\u00e4 ja teemoja luodaksesi ainutlaatuisia taideteoksia, kuvituksia ja malleja.<\/li>\n<\/ul>\n\n\n\n<h3 class=\"wp-block-heading\" id=\"who-can-use-a-free-ai-art-generator\"><a href=\"https:\/\/dromerosm-groq-llama3.hf.space\/#who-can-use-a-free-ai-art-generator\" target=\"_blank\" rel=\"noopener\"><\/a><strong>Kuka voi k\u00e4ytt\u00e4\u00e4 ilmaista AI Art Generatoria?<\/strong><\/h3>\n\n\n\n<p class=\"\">Kuka tahansa voi k\u00e4ytt\u00e4\u00e4 ilmaista teko\u00e4lytaidegeneraattoria taiteellisista taidoista tai kokemuksesta riippumatta. N\u00e4m\u00e4 ty\u00f6kalut ovat t\u00e4ydellisi\u00e4:<\/p>\n\n\n\n<ul class=\"wp-block-list\">\n<li class=\"\"><strong>Markkinoinnin ammattilaiset<\/strong>: Luo helposti kiinnostavaa sosiaalisen median sis\u00e4lt\u00f6\u00e4 ja mainoksia.<\/li>\n\n\n\n<li class=\"\"><strong>Suunnittelijat ja taiteilijat<\/strong>: Kokeile uusia tyylej\u00e4 ja teemoja tai k\u00e4yt\u00e4 ilmaisia AI-taidegeneraattoreita l\u00e4ht\u00f6kohtana projekteilleen.<\/li>\n\n\n\n<li class=\"\"><strong>Pienyritysten omistajat<\/strong>: Tuottaa ammattilaistasoisia taideteoksia rikkomatta pankkia.<\/li>\n<\/ul>\n\n\n\n<h3 class=\"wp-block-heading\" id=\"top-10-related-tools-and-pros-cons\"><a href=\"https:\/\/dromerosm-groq-llama3.hf.space\/#top-10-related-tools-and-pros-cons\" target=\"_blank\" rel=\"noopener\"><\/a><strong>Top 10 asiaan liittyv\u00e4\u00e4 ty\u00f6kalua ja edut ja haitat<\/strong><\/h3>\n\n\n\n<p class=\"\">T\u00e4ss\u00e4 on 10 t\u00e4rkeint\u00e4 ilmaisiin teko\u00e4lytaidegeneraattoreihin liittyv\u00e4\u00e4 ty\u00f6kalua sek\u00e4 niiden hyv\u00e4t ja huonot puolet:<\/p>\n\n\n\n<figure class=\"wp-block-table\"><table class=\"has-fixed-layout\"><thead><tr><th>Ty\u00f6kalu<\/th><th>Plussaa<\/th><th>Miinukset<\/th><\/tr><\/thead><tbody><tr><td><a href=\"https:\/\/aiartfree.online\/fi\/ilmainen-ai-art-generaattori\/\" target=\"_blank\" rel=\"noreferrer noopener\">AI Art ilmaiseksi verkossa<\/a><\/td><td>K\u00e4ytt\u00e4j\u00e4yst\u00e4v\u00e4llinen k\u00e4ytt\u00f6liittym\u00e4, laadukas tulostus<\/td><td>Rajoitetut r\u00e4\u00e4t\u00e4l\u00f6intimahdollisuudet<\/td><\/tr><tr><td>Deep Dream Generator<\/td><td>Ainutlaatuinen, unenomainen taideteos<\/td><td>Rajoitettu tuotoksen hallinta<\/td><\/tr><tr><td>Prisma<\/td><td>Muuntaa valokuvia taideteoksiksi eri tyyleill\u00e4<\/td><td>Rajoitetut r\u00e4\u00e4t\u00e4l\u00f6intimahdollisuudet<\/td><\/tr><tr><td>Artbreeder<\/td><td>Vuorovaikutteinen, k\u00e4ytt\u00e4j\u00e4l\u00e4ht\u00f6inen taideteosten luominen<\/td><td>Jyrkk\u00e4 oppimisk\u00e4yr\u00e4<\/td><\/tr><tr><td>Dreamscope<\/td><td>Teko\u00e4lyavusteinen taideteosgeneraattori, jossa on erilaisia tyylej\u00e4<\/td><td>Rajoitettu tuotoksen hallinta<\/td><\/tr><tr><td>AI Painter<\/td><td>Luo realistisen \u00f6ljymaalaustyylisen taideteoksen<\/td><td>Rajoitetut r\u00e4\u00e4t\u00e4l\u00f6intimahdollisuudet<\/td><\/tr><tr><td>AI-muotokuvat<\/td><td>Muuntaa valokuvat teko\u00e4lyn luomiksi muotokuviksi<\/td><td>Rajoitettu tuotoksen hallinta<\/td><\/tr><tr><td>MyDeepArt<\/td><td>K\u00e4ytt\u00e4j\u00e4yst\u00e4v\u00e4llinen k\u00e4ytt\u00f6liittym\u00e4, laadukas tulostus<\/td><td>Rajoitetut r\u00e4\u00e4t\u00e4l\u00f6intimahdollisuudet<\/td><\/tr><tr><td>AI Art Maker<\/td><td>Luo ainutlaatuisia, abstrakteja taideteoksia<\/td><td>Rajoitettu tuotoksen hallinta<\/td><\/tr><tr><td>MaalitKetju<\/td><td>Teko\u00e4lyavusteinen maalausgeneraattori, jossa on erilaisia tyylej\u00e4<\/td><td>Jyrkk\u00e4 oppimisk\u00e4yr\u00e4<\/td><\/tr><\/tbody><\/table><\/figure>\n\n\n\n<h3 class=\"wp-block-heading\" id=\"10-faqs\"><a href=\"https:\/\/dromerosm-groq-llama3.hf.space\/#10-faqs\" target=\"_blank\" rel=\"noopener\"><\/a><strong>10 usein kysytty\u00e4 kysymyst\u00e4<\/strong><\/h3>\n\n\n\n<p class=\"\">T\u00e4ss\u00e4 on 10 usein kysytty\u00e4 kysymyst\u00e4 ilmaisista teko\u00e4lytaidegeneraattoreista:<\/p>\n\n\n\n<ol class=\"wp-block-list\">\n<li class=\"\"><strong>Mik\u00e4 on ilmainen AI-taidegeneraattori?<\/strong>\u00a0Ilmainen teko\u00e4lytaidegeneraattori on verkkoty\u00f6kalu, joka k\u00e4ytt\u00e4\u00e4 teko\u00e4ly\u00e4 luomaan taideteoksia k\u00e4ytt\u00e4j\u00e4n sy\u00f6tteiden perusteella.<\/li>\n\n\n\n<li class=\"\"><strong>Miten ilmaiset teko\u00e4lygeneraattorit toimivat?<\/strong>\u00a0Ilmaiset teko\u00e4lytaidegeneraattorit k\u00e4ytt\u00e4v\u00e4t koneoppimisalgoritmeja ja generatiivisia teko\u00e4lytekniikoita luodakseen ainutlaatuisia taideteoksia k\u00e4ytt\u00e4j\u00e4n sy\u00f6tteiden perusteella.<\/li>\n\n\n\n<li class=\"\"><strong>Mit\u00e4 etuja ilmaisen AI-taidegeneraattorin k\u00e4yt\u00f6st\u00e4 on?<\/strong>\u00a0Ilmaiset AI-taidegeneraattorit tarjoavat aikaa s\u00e4\u00e4st\u00e4vi\u00e4, kustannustehokkaita ja luovan vapauden etuja.<\/li>\n\n\n\n<li class=\"\"><strong>Voiko kukaan k\u00e4ytt\u00e4\u00e4 ilmaista AI-taidegeneraattoria?<\/strong>\u00a0Kyll\u00e4, kuka tahansa voi k\u00e4ytt\u00e4\u00e4 ilmaista teko\u00e4lytaidegeneraattoria riippumatta taiteellisista taidoista tai kokemuksesta.<\/li>\n\n\n\n<li class=\"\"><strong>Mitk\u00e4 ovat sopivia skenaarioita ilmaisen AI-taidegeneraattorin k\u00e4ytt\u00e4miseen?<\/strong>\u00a0Ilmaiset AI-taidegeneraattorit soveltuvat sosiaalisen median sis\u00e4ll\u00f6n luomiseen, mainontaan, suunnitteluun ja taideprojekteihin.<\/li>\n\n\n\n<li class=\"\"><strong>Miten k\u00e4yt\u00e4n ilmaista AI-taidegeneraattoria?<\/strong>\u00a0Sy\u00f6t\u00e4 vain teksti tai kuva, ja ty\u00f6kalu luo ainutlaatuisen taideteoksen.<\/li>\n\n\n\n<li class=\"\"><strong>Millainen on ilmaisten teko\u00e4lygeneraattoreiden tuottamien taideteosten laatu?<\/strong>\u00a0Ilmaiset teko\u00e4lytaidegeneraattorit voivat tuottaa ammattilaistasoisia taideteoksia, jotka kilpailevat ihmistaiteilijoiden taideteosten kanssa.<\/li>\n\n\n\n<li class=\"\"><strong>Voinko muokata ilmaisen AI-taidegeneraattorin tuotosta?<\/strong>\u00a0Jotkin ilmaiset teko\u00e4lytaidegeneraattorit tarjoavat rajoitettuja muokkausmahdollisuuksia, kun taas toiset tarjoavat kehittyneempi\u00e4 ohjaimia.<\/li>\n\n\n\n<li class=\"\"><strong>Ovatko ilmaiset AI-taidegeneraattorit helppok\u00e4ytt\u00f6isi\u00e4?<\/strong>\u00a0Kyll\u00e4, useimmissa ilmaisissa AI-taidegraafereissa on k\u00e4ytt\u00e4j\u00e4yst\u00e4v\u00e4lliset k\u00e4ytt\u00f6liittym\u00e4t, joiden avulla taideteosten luominen on helppoa.<\/li>\n\n\n\n<li class=\"\"><strong>Voiko ilmaisia AI-taidegeneraattoreita k\u00e4ytt\u00e4\u00e4 ilmaiseksi?<\/strong>\u00a0Kyll\u00e4, useimmat ilmaiset AI-taidegeneraattorit ovat ilmaisia k\u00e4ytt\u00e4\u00e4, ja jotkut tarjoavat maksullisia ominaisuuksia tai tilauksia.<\/li>\n<\/ol>","protected":false},"excerpt":{"rendered":"<p>Generate stunning AI-generated artwork with state-of-the-art, free AI art tools. Free AI Art Generator: Unlocking the Power of Artificial Intelligence in Art Outline: What is a Free AI Art Generator? A free AI art generator is an online tool that uses artificial intelligence (AI) to generate artwork based on user input, such as text prompts &#8230; <a title=\"Ilmainen AI Art Generator\" class=\"read-more\" href=\"https:\/\/aiartfree.online\/fi\/ilmainen-ai-art-generaattori\/\" aria-label=\"Lue lis\u00e4\u00e4 aiheesta Free AI Art Generator\">Lue lis\u00e4\u00e4<\/a><\/p>","protected":false},"author":1,"featured_media":0,"parent":0,"menu_order":0,"comment_status":"closed","ping_status":"closed","template":"","meta":{"nf_dc_page":"","footnotes":""},"class_list":["post-3117","page","type-page","status-publish"],"jetpack_sharing_enabled":true,"_links":{"self":[{"href":"https:\/\/aiartfree.online\/fi\/wp-json\/wp\/v2\/pages\/3117","targetHints":{"allow":["GET"]}}],"collection":[{"href":"https:\/\/aiartfree.online\/fi\/wp-json\/wp\/v2\/pages"}],"about":[{"href":"https:\/\/aiartfree.online\/fi\/wp-json\/wp\/v2\/types\/page"}],"author":[{"embeddable":true,"href":"https:\/\/aiartfree.online\/fi\/wp-json\/wp\/v2\/users\/1"}],"replies":[{"embeddable":true,"href":"https:\/\/aiartfree.online\/fi\/wp-json\/wp\/v2\/comments?post=3117"}],"version-history":[{"count":0,"href":"https:\/\/aiartfree.online\/fi\/wp-json\/wp\/v2\/pages\/3117\/revisions"}],"wp:attachment":[{"href":"https:\/\/aiartfree.online\/fi\/wp-json\/wp\/v2\/media?parent=3117"}],"curies":[{"name":"wp","href":"https:\/\/api.w.org\/{rel}","templated":true}]}}