{"id":3116,"date":"2024-07-21T07:42:22","date_gmt":"2024-07-21T07:42:22","guid":{"rendered":"https:\/\/aiartfree.online\/?page_id=3116"},"modified":"2024-07-21T07:51:46","modified_gmt":"2024-07-21T07:51:46","slug":"free-ai-image-generator","status":"publish","type":"page","link":"https:\/\/aiartfree.online\/fi\/ilmainen-ai-kuvageneraattori\/","title":{"rendered":"Ilmainen AI Image Generator"},"content":{"rendered":"<p class=\"has-text-align-center\">Luo elinvoimaisia teko\u00e4lyn luomia kuvia k\u00e4ytt\u00e4m\u00e4ll\u00e4 kehittyneit\u00e4 teko\u00e4lyalgoritmeja ja tekstikehotteita.<\/p>\n\n\n<div class=\"gb-grid-wrapper gb-grid-wrapper-060dec2f\">\n<div class=\"gb-grid-column gb-grid-column-04dcb2bb\"><div class=\"gb-container gb-container-04dcb2bb\">\n\n<figure class=\"gb-block-image gb-block-image-2373db5f\"><a href=\"https:\/\/aiartfree.online\/fi\/ilmainen-online-midjourney\/\" target=\"_blank\" rel=\"noopener noreferrer\"><img data-recalc-dims=\"1\" decoding=\"async\" loading=\"lazy\" width=\"1024\" height=\"768\" class=\"gb-image gb-image-2373db5f\" src=\"https:\/\/i0.wp.com\/aiartfree.online\/wp-content\/uploads\/2024\/07\/What-Is-Midjourney-AI-and-How-Does-It-Work-1.jpg?resize=1024%2C768&#038;ssl=1\" alt=\"Ilmainen Online Midjourney\" title=\"Mik\u00e4 on keskipitk\u00e4n matkan teko\u00e4ly ja miten se toimii-1\" srcset=\"https:\/\/i0.wp.com\/aiartfree.online\/wp-content\/uploads\/2024\/07\/What-Is-Midjourney-AI-and-How-Does-It-Work-1.jpg?w=1024&amp;ssl=1 1024w, https:\/\/i0.wp.com\/aiartfree.online\/wp-content\/uploads\/2024\/07\/What-Is-Midjourney-AI-and-How-Does-It-Work-1.jpg?resize=600%2C450&amp;ssl=1 600w, https:\/\/i0.wp.com\/aiartfree.online\/wp-content\/uploads\/2024\/07\/What-Is-Midjourney-AI-and-How-Does-It-Work-1.jpg?resize=300%2C225&amp;ssl=1 300w, https:\/\/i0.wp.com\/aiartfree.online\/wp-content\/uploads\/2024\/07\/What-Is-Midjourney-AI-and-How-Does-It-Work-1.jpg?resize=768%2C576&amp;ssl=1 768w, https:\/\/i0.wp.com\/aiartfree.online\/wp-content\/uploads\/2024\/07\/What-Is-Midjourney-AI-and-How-Does-It-Work-1.jpg?resize=16%2C12&amp;ssl=1 16w\" sizes=\"auto, (max-width: 1024px) 100vw, 1024px\" \/><\/a><\/figure>\n\n\n\n<h3 class=\"gb-headline gb-headline-b94667ce gb-headline-text\">Ilmainen Online Midjourney<\/h3>\n\n\n\n<p class=\"gb-headline gb-headline-a433ec01 gb-headline-text\">Luo upeita teko\u00e4lyn luomia taideteoksia vaivattomasti Midjourneyn avulla.<\/p>\n\n<\/div><\/div>\n\n<div class=\"gb-grid-column gb-grid-column-d389befc\"><div class=\"gb-container gb-container-d389befc\">\n\n<figure class=\"gb-block-image gb-block-image-e89bda53\"><a href=\"https:\/\/aiartfree.online\/fi\/ilmainen-online-vakaa-diffuusio-3\/\" target=\"_blank\" rel=\"noopener noreferrer\"><img data-recalc-dims=\"1\" decoding=\"async\" loading=\"lazy\" width=\"1200\" height=\"686\" class=\"gb-image gb-image-e89bda53\" src=\"https:\/\/i0.wp.com\/aiartfree.online\/wp-content\/uploads\/2024\/07\/image-90.jpg?resize=1200%2C686&#038;ssl=1\" alt=\"Ilmainen online stabiili diffuusio 3\" title=\"image-90\" srcset=\"https:\/\/i0.wp.com\/aiartfree.online\/wp-content\/uploads\/2024\/07\/image-90.jpg?w=1344&amp;ssl=1 1344w, https:\/\/i0.wp.com\/aiartfree.online\/wp-content\/uploads\/2024\/07\/image-90.jpg?resize=600%2C343&amp;ssl=1 600w, https:\/\/i0.wp.com\/aiartfree.online\/wp-content\/uploads\/2024\/07\/image-90.jpg?resize=300%2C171&amp;ssl=1 300w, https:\/\/i0.wp.com\/aiartfree.online\/wp-content\/uploads\/2024\/07\/image-90.jpg?resize=1024%2C585&amp;ssl=1 1024w, https:\/\/i0.wp.com\/aiartfree.online\/wp-content\/uploads\/2024\/07\/image-90.jpg?resize=768%2C439&amp;ssl=1 768w, https:\/\/i0.wp.com\/aiartfree.online\/wp-content\/uploads\/2024\/07\/image-90.jpg?resize=18%2C10&amp;ssl=1 18w\" sizes=\"auto, (max-width: 1200px) 100vw, 1200px\" \/><\/a><\/figure>\n\n\n\n<h3 class=\"gb-headline gb-headline-adce07b4 gb-headline-text\">Vakaa diffuusio 3<\/h3>\n\n\n\n<p class=\"gb-headline gb-headline-499da18c gb-headline-text\">Stable Diffusion 3:n avulla voit luoda kuvia huippuluokan teko\u00e4lyalgoritmeilla.<\/p>\n\n<\/div><\/div>\n\n<div class=\"gb-grid-column gb-grid-column-5c592b98\"><div class=\"gb-container gb-container-5c592b98\">\n\n<figure class=\".wp-block-image {  position: relative; overflow: hidden; } img max-width: 100%; transition: transform 0.3s; .wp-block-image:hover transform: scale(1.2); gb-block-image gb-block-image-357d3677\"><a href=\"https:\/\/aiartfree.online\/fi\/vapaa-dalle-3\/\" target=\"_blank\" rel=\"noopener noreferrer\"><img data-recalc-dims=\"1\" decoding=\"async\" loading=\"lazy\" width=\"1200\" height=\"1200\" class=\"gb-image gb-image-357d3677 .wp-block-image {     position: relative;     overflow: hidden; } .wp-block-image img {     max-width: 100%;     transition: transform 0.3s; } .wp-block-image:hover img {     transform: scale(1.2); }\" src=\"https:\/\/i0.wp.com\/aiartfree.online\/wp-content\/uploads\/2024\/07\/avocado-square-1-1-1-1-1-1-1-1-1-1-1-1-1.jpg?resize=1200%2C1200&#038;ssl=1\" alt=\"Ilmainen online DALL-E 3\" title=\"avokado-neli\u00f6 (1) (1) (1) (1) (1) (1) (1) (1) (1) (1) (1) (1) (1) (1) (1) (1) (1) (1) (1) (1)\" srcset=\"https:\/\/i0.wp.com\/aiartfree.online\/wp-content\/uploads\/2024\/07\/avocado-square-1-1-1-1-1-1-1-1-1-1-1-1-1.jpg?w=1792&amp;ssl=1 1792w, https:\/\/i0.wp.com\/aiartfree.online\/wp-content\/uploads\/2024\/07\/avocado-square-1-1-1-1-1-1-1-1-1-1-1-1-1.jpg?resize=300%2C300&amp;ssl=1 300w, https:\/\/i0.wp.com\/aiartfree.online\/wp-content\/uploads\/2024\/07\/avocado-square-1-1-1-1-1-1-1-1-1-1-1-1-1.jpg?resize=100%2C100&amp;ssl=1 100w, https:\/\/i0.wp.com\/aiartfree.online\/wp-content\/uploads\/2024\/07\/avocado-square-1-1-1-1-1-1-1-1-1-1-1-1-1.jpg?resize=600%2C600&amp;ssl=1 600w, https:\/\/i0.wp.com\/aiartfree.online\/wp-content\/uploads\/2024\/07\/avocado-square-1-1-1-1-1-1-1-1-1-1-1-1-1.jpg?resize=1024%2C1024&amp;ssl=1 1024w, https:\/\/i0.wp.com\/aiartfree.online\/wp-content\/uploads\/2024\/07\/avocado-square-1-1-1-1-1-1-1-1-1-1-1-1-1.jpg?resize=150%2C150&amp;ssl=1 150w, https:\/\/i0.wp.com\/aiartfree.online\/wp-content\/uploads\/2024\/07\/avocado-square-1-1-1-1-1-1-1-1-1-1-1-1-1.jpg?resize=768%2C768&amp;ssl=1 768w, https:\/\/i0.wp.com\/aiartfree.online\/wp-content\/uploads\/2024\/07\/avocado-square-1-1-1-1-1-1-1-1-1-1-1-1-1.jpg?resize=1536%2C1536&amp;ssl=1 1536w, https:\/\/i0.wp.com\/aiartfree.online\/wp-content\/uploads\/2024\/07\/avocado-square-1-1-1-1-1-1-1-1-1-1-1-1-1.jpg?resize=12%2C12&amp;ssl=1 12w\" sizes=\"auto, (max-width: 1200px) 100vw, 1200px\" \/><\/a><\/figure>\n\n\n\n<h3 class=\"gb-headline gb-headline-757b1ea4 gb-headline-text\">DALL-E 3<\/h3>\n\n\n\n<p class=\"gb-headline gb-headline-fe2eab63 gb-headline-text\">Tutustu luoviin mahdollisuuksiin ilmaisen DALL-E 3 -videokuvan avulla ilmaiseksi.<\/p>\n\n<\/div><\/div>\n\n<div class=\"gb-grid-column gb-grid-column-f814b0e2\"><div class=\"gb-container gb-container-f814b0e2\">\n\n<figure class=\".wp-block-image {  position: relative; overflow: hidden; } img max-width: 100%; transition: transform 0.3s; .wp-block-image:hover transform: scale(1.2); gb-block-image gb-block-image-c52efc8e\"><a href=\"https:\/\/aiartfree.online\/fi\/bing-ai-kuvageneraattori\/\" target=\"_blank\" rel=\"noopener noreferrer\"><img data-recalc-dims=\"1\" decoding=\"async\" loading=\"lazy\" width=\"1024\" height=\"1024\" class=\"gb-image gb-image-c52efc8e .wp-block-image {     position: relative;     overflow: hidden; } .wp-block-image img {     max-width: 100%;     transition: transform 0.3s; } .wp-block-image:hover img {     transform: scale(1.2); }\" src=\"https:\/\/i0.wp.com\/aiartfree.online\/wp-content\/uploads\/2024\/07\/b9cb406d-bffd-446e-9f65-c20776dc6cda.jpg?resize=1024%2C1024&#038;ssl=1\" alt=\"\" title=\"b9cb406d-bffd-446e-9f65-c20776dc6cda\" srcset=\"https:\/\/i0.wp.com\/aiartfree.online\/wp-content\/uploads\/2024\/07\/b9cb406d-bffd-446e-9f65-c20776dc6cda.jpg?w=1024&amp;ssl=1 1024w, https:\/\/i0.wp.com\/aiartfree.online\/wp-content\/uploads\/2024\/07\/b9cb406d-bffd-446e-9f65-c20776dc6cda.jpg?resize=300%2C300&amp;ssl=1 300w, https:\/\/i0.wp.com\/aiartfree.online\/wp-content\/uploads\/2024\/07\/b9cb406d-bffd-446e-9f65-c20776dc6cda.jpg?resize=150%2C150&amp;ssl=1 150w, https:\/\/i0.wp.com\/aiartfree.online\/wp-content\/uploads\/2024\/07\/b9cb406d-bffd-446e-9f65-c20776dc6cda.jpg?resize=768%2C768&amp;ssl=1 768w, https:\/\/i0.wp.com\/aiartfree.online\/wp-content\/uploads\/2024\/07\/b9cb406d-bffd-446e-9f65-c20776dc6cda.jpg?resize=12%2C12&amp;ssl=1 12w, https:\/\/i0.wp.com\/aiartfree.online\/wp-content\/uploads\/2024\/07\/b9cb406d-bffd-446e-9f65-c20776dc6cda.jpg?resize=600%2C600&amp;ssl=1 600w, https:\/\/i0.wp.com\/aiartfree.online\/wp-content\/uploads\/2024\/07\/b9cb406d-bffd-446e-9f65-c20776dc6cda.jpg?resize=100%2C100&amp;ssl=1 100w\" sizes=\"auto, (max-width: 1024px) 100vw, 1024px\" \/><\/a><\/figure>\n\n\n\n<h3 class=\"gb-headline gb-headline-44aa6af8 gb-headline-text\">Bing AI Image Generator<\/h3>\n\n\n\n<p class=\"gb-headline gb-headline-27d06265 gb-headline-text\">Bing AI Image Generatorin avulla voit luoda upeita teko\u00e4lyn luomia kuvia yksinkertaisella tekstikehotteella.<\/p>\n\n<\/div><\/div>\n<\/div>\n\n\n<div style=\"height:100px\" aria-hidden=\"true\" class=\"wp-block-spacer\"><\/div>\n\n\n\n<h2 class=\"wp-block-heading has-text-align-center\" id=\"what-is-a-free-ai-image-generator\"><strong>Ilmainen AI Image Generator: Visuaalisen sis\u00e4ll\u00f6n luomisen mullistaminen<\/strong><a href=\"https:\/\/dromerosm-groq-llama3.hf.space\/#what-is-a-free-ai-image-generator\" target=\"_blank\" rel=\"noopener\"><\/a><\/h2>\n\n\n\n<h3 class=\"wp-block-heading\" id=\"outline\"><a href=\"https:\/\/dromerosm-groq-llama3.hf.space\/#outline\" target=\"_blank\" rel=\"noopener\"><\/a>Hahmotelma:<\/h3>\n\n\n\n<ul class=\"wp-block-list\">\n<li class=\"\">Mik\u00e4 on ilmainen AI-kuvageneraattori?<\/li>\n\n\n\n<li class=\"\">Ilmaisten AI-kuvageneraattoreiden merkitys<\/li>\n\n\n\n<li class=\"\">Ilmaisen AI-kuvageneraattorin k\u00e4yt\u00f6n edut<\/li>\n\n\n\n<li class=\"\">Sopivat skenaariot ilmaisen AI Image Generatorin k\u00e4ytt\u00e4miseen<\/li>\n\n\n\n<li class=\"\">Kuka voi k\u00e4ytt\u00e4\u00e4 ilmaista AI-kuvageneraattoria?<\/li>\n\n\n\n<li class=\"\">Top 10 asiaan liittyv\u00e4\u00e4 ty\u00f6kalua ja edut ja haitat<\/li>\n\n\n\n<li class=\"\">10 usein kysytty\u00e4 kysymyst\u00e4<\/li>\n<\/ul>\n\n\n\n<h3 class=\"wp-block-heading\" id=\"what-is-a-free-ai-image-generator\"><a href=\"https:\/\/dromerosm-groq-llama3.hf.space\/#what-is-a-free-ai-image-generator\" target=\"_blank\" rel=\"noopener\"><\/a><strong>Mik\u00e4 on ilmainen AI-kuvageneraattori?<\/strong><\/h3>\n\n\n\n<p class=\"\">Ilmainen teko\u00e4lykuvageneraattori on online-ty\u00f6kalu, joka k\u00e4ytt\u00e4\u00e4 teko\u00e4ly\u00e4 (AI) tuottamaan korkealaatuisia kuvia k\u00e4ytt\u00e4j\u00e4n sy\u00f6tteiden, kuten tekstikehotteiden tai yksinkertaisten luonnosten, perusteella. N\u00e4m\u00e4 ty\u00f6kalut hy\u00f6dynt\u00e4v\u00e4t koneoppimisalgoritmeja ja generatiivisia teko\u00e4lytekniikoita, kuten vakaata diffuusiota, luodakseen ainutlaatuisia ja realistisia kuvia.<\/p>\n\n\n\n<p class=\"\">Ilmaisten teko\u00e4lykuvageneraattoreiden yleistyminen on demokratisoinut visuaalisen sis\u00e4ll\u00f6n luomisen, ja sen ansiosta kuka tahansa voi tuottaa ammattilaistasoisia kuvia ilman laajoja taiteellisia taitoja tai kokemusta.<\/p>\n\n\n\n<h3 class=\"wp-block-heading\" id=\"importance-of-free-ai-image-generators\"><a href=\"https:\/\/dromerosm-groq-llama3.hf.space\/#importance-of-free-ai-image-generators\" target=\"_blank\" rel=\"noopener\"><\/a><strong>Ilmaisten AI-kuvageneraattoreiden merkitys<\/strong><\/h3>\n\n\n\n<p class=\"\">Ilmaisista teko\u00e4lykuvageneraattoreista on tullut v\u00e4ltt\u00e4m\u00e4tt\u00f6mi\u00e4 eri aloilla, kuten sosiaalisessa mediassa, mainonnassa ja suunnittelussa. Ne tarjoavat monia etuja, kuten:<\/p>\n\n\n\n<ul class=\"wp-block-list\">\n<li class=\"\"><strong>Ajan s\u00e4\u00e4st\u00f6<\/strong>: Ilmaiset AI-kuvageneraattorit voivat tuottaa korkealaatuisia kuvia muutamassa minuutissa, mik\u00e4 s\u00e4\u00e4st\u00e4\u00e4 k\u00e4ytt\u00e4jilt\u00e4 tuntikausien manuaalisen ty\u00f6n.<\/li>\n\n\n\n<li class=\"\"><strong>Kustannustehokas<\/strong>: N\u00e4iden ty\u00f6kalujen avulla ei tarvitse palkata suunnittelijoita tai ostaa kalliita ohjelmistoja.<\/li>\n\n\n\n<li class=\"\"><strong>Luova vapaus<\/strong>: Ilmaiset teko\u00e4lykuvageneraattorit tarjoavat k\u00e4ytt\u00e4jille mahdollisuuden kokeilla erilaisia tyylej\u00e4, teemoja ja ideoita, mik\u00e4 edist\u00e4\u00e4 luovuutta ja innovointia.<\/li>\n<\/ul>\n\n\n\n<h3 class=\"wp-block-heading\" id=\"benefits-of-using-a-free-ai-image-generator\"><a href=\"https:\/\/dromerosm-groq-llama3.hf.space\/#benefits-of-using-a-free-ai-image-generator\" target=\"_blank\" rel=\"noopener\"><\/a><strong>Ilmaisen AI-kuvageneraattorin k\u00e4yt\u00f6n edut<\/strong><\/h3>\n\n\n\n<p class=\"\">Ilmaisen AI-kuvageneraattorin k\u00e4ytt\u00e4minen voi tuoda lukuisia etuja, kuten:<\/p>\n\n\n\n<ul class=\"wp-block-list\">\n<li class=\"\"><strong>Ammattilaistason kuvat<\/strong>: Ilmaiset teko\u00e4lykuvageneraattorit voivat tuottaa kuvia, jotka kilpailevat ihmissuunnittelijoiden tuottamien kuvien kanssa, ja antaa k\u00e4ytt\u00e4jille ammattilaistasoisen tuloksen ilman kallista hintalappua.<\/li>\n\n\n\n<li class=\"\"><strong>Lis\u00e4\u00e4ntynyt tuottavuus<\/strong>: Kyky tuottaa kuvia nopeasti ja tehokkaasti antaa k\u00e4ytt\u00e4jille mahdollisuuden keskitty\u00e4 muihin projektinsa osa-alueisiin, mik\u00e4 parantaa yleist\u00e4 tuottavuutta.<\/li>\n\n\n\n<li class=\"\"><strong>Rajoittamaton luovuus<\/strong>: Ilmaiset AI-kuvageneraattorit tarjoavat laajan valikoiman luovia mahdollisuuksia, joiden avulla k\u00e4ytt\u00e4j\u00e4t voivat kokeilla erilaisia tyylej\u00e4, teemoja ja ideoita.<\/li>\n<\/ul>\n\n\n\n<h3 class=\"wp-block-heading\" id=\"suitable-scenarios-for-using-a-free-ai-image-generator\"><a href=\"https:\/\/dromerosm-groq-llama3.hf.space\/#suitable-scenarios-for-using-a-free-ai-image-generator\" target=\"_blank\" rel=\"noopener\"><\/a><strong>Sopivat skenaariot ilmaisen AI Image Generatorin k\u00e4ytt\u00e4miseen<\/strong><\/h3>\n\n\n\n<p class=\"\">Ilmaiset AI-kuvageneraattorit soveltuvat erilaisiin tilanteisiin, kuten:<\/p>\n\n\n\n<ul class=\"wp-block-list\">\n<li class=\"\"><strong>Sosiaalisen median sis\u00e4ll\u00f6n luominen<\/strong>: Luo helposti huomiota her\u00e4tt\u00e4vi\u00e4 sosiaalisen median viestej\u00e4, bannereita ja mainoksia.<\/li>\n\n\n\n<li class=\"\"><strong>Mainonta ja markkinointi<\/strong>: K\u00e4yt\u00e4 ilmaisia AI-kuvageneraattoreita luodaksesi upeita mainoksia, esitteit\u00e4 ja mainosmateriaaleja.<\/li>\n\n\n\n<li class=\"\"><strong>Suunnittelu- ja taidehankkeet<\/strong>: Kokeile eri tyylej\u00e4 ja teemoja luodaksesi ainutlaatuisia taideteoksia, kuvituksia ja malleja.<\/li>\n<\/ul>\n\n\n\n<h3 class=\"wp-block-heading\" id=\"who-can-use-a-free-ai-image-generator\"><a href=\"https:\/\/dromerosm-groq-llama3.hf.space\/#who-can-use-a-free-ai-image-generator\" target=\"_blank\" rel=\"noopener\"><\/a><strong>Kuka voi k\u00e4ytt\u00e4\u00e4 ilmaista AI-kuvageneraattoria?<\/strong><\/h3>\n\n\n\n<p class=\"\">Kuka tahansa voi k\u00e4ytt\u00e4\u00e4 ilmaista AI-kuvageneraattoria taiteellisista taidoista tai kokemuksesta riippumatta. N\u00e4m\u00e4 ty\u00f6kalut sopivat erinomaisesti:<\/p>\n\n\n\n<ul class=\"wp-block-list\">\n<li class=\"\"><strong>Markkinoinnin ammattilaiset<\/strong>: Luo helposti kiinnostavaa sosiaalisen median sis\u00e4lt\u00f6\u00e4 ja mainoksia.<\/li>\n\n\n\n<li class=\"\"><strong>Suunnittelijat ja taiteilijat<\/strong>: Kokeile uusia tyylej\u00e4 ja teemoja tai k\u00e4yt\u00e4 ilmaisia AI-kuvageneraattoreita projektiensa l\u00e4ht\u00f6kohtana.<\/li>\n\n\n\n<li class=\"\"><strong>Pienyritysten omistajat<\/strong>: Tuottaa ammattilaistasoisia kuvia rikkomatta pankkia.<\/li>\n<\/ul>\n\n\n\n<h3 class=\"wp-block-heading\" id=\"top-10-related-tools-and-pros-cons\"><a href=\"https:\/\/dromerosm-groq-llama3.hf.space\/#top-10-related-tools-and-pros-cons\" target=\"_blank\" rel=\"noopener\"><\/a><strong>Top 10 asiaan liittyv\u00e4\u00e4 ty\u00f6kalua ja edut ja haitat<\/strong><\/h3>\n\n\n\n<p class=\"\">T\u00e4ss\u00e4 on 10 parasta ilmaisiin teko\u00e4lykuvageneraattoreihin liittyv\u00e4\u00e4 ty\u00f6kalua sek\u00e4 niiden hyv\u00e4t ja huonot puolet:<\/p>\n\n\n\n<figure class=\"wp-block-table\"><table class=\"has-fixed-layout\"><thead><tr><th>Ty\u00f6kalu<\/th><th>Plussaa<\/th><th>Miinukset<\/th><\/tr><\/thead><tbody><tr><td><a href=\"https:\/\/aiartfree.online\/fi\/ilmainen-ai-kuvageneraattori\/\" target=\"_blank\" rel=\"noreferrer noopener\">AI Art ilmaiseksi verkossa<\/a><\/td><td>K\u00e4ytt\u00e4j\u00e4yst\u00e4v\u00e4llinen k\u00e4ytt\u00f6liittym\u00e4, laadukas tulostus<\/td><td>Rajoitetut r\u00e4\u00e4t\u00e4l\u00f6intimahdollisuudet<\/td><\/tr><tr><td>Deep Dream Generator<\/td><td>Ainutlaatuiset, unenomaiset kuvat<\/td><td>Rajoitettu tuotoksen hallinta<\/td><\/tr><tr><td>Prisma<\/td><td>Muuntaa valokuvia taideteoksiksi eri tyyleill\u00e4<\/td><td>Rajoitetut r\u00e4\u00e4t\u00e4l\u00f6intimahdollisuudet<\/td><\/tr><tr><td>Artbreeder<\/td><td>Vuorovaikutteinen, k\u00e4ytt\u00e4j\u00e4l\u00e4ht\u00f6inen kuvien luominen<\/td><td>Jyrkk\u00e4 oppimisk\u00e4yr\u00e4<\/td><\/tr><tr><td>Dreamscope<\/td><td>Teko\u00e4lyavusteinen kuvageneraattori, jossa on erilaisia tyylej\u00e4<\/td><td>Rajoitettu tuotoksen hallinta<\/td><\/tr><tr><td>AI Painter<\/td><td>Luo realistisia \u00f6ljyv\u00e4rimaalaustyylisi\u00e4 kuvia<\/td><td>Rajoitetut r\u00e4\u00e4t\u00e4l\u00f6intimahdollisuudet<\/td><\/tr><tr><td>AI-muotokuvat<\/td><td>Muuntaa valokuvat teko\u00e4lyn luomiksi muotokuviksi<\/td><td>Rajoitettu tuotoksen hallinta<\/td><\/tr><tr><td>MyDeepArt<\/td><td>K\u00e4ytt\u00e4j\u00e4yst\u00e4v\u00e4llinen k\u00e4ytt\u00f6liittym\u00e4, laadukas tulostus<\/td><td>Rajoitetut r\u00e4\u00e4t\u00e4l\u00f6intimahdollisuudet<\/td><\/tr><tr><td>AI Art Maker<\/td><td>Luo ainutlaatuisia, abstrakteja kuvia<\/td><td>Rajoitettu tuotoksen hallinta<\/td><\/tr><tr><td>MaalitKetju<\/td><td>Teko\u00e4lyavusteinen maalausgeneraattori, jossa on erilaisia tyylej\u00e4<\/td><td>Jyrkk\u00e4 oppimisk\u00e4yr\u00e4<\/td><\/tr><\/tbody><\/table><\/figure>\n\n\n\n<h3 class=\"wp-block-heading\" id=\"10-faqs\"><a href=\"https:\/\/dromerosm-groq-llama3.hf.space\/#10-faqs\" target=\"_blank\" rel=\"noopener\"><\/a><strong>10 usein kysytty\u00e4 kysymyst\u00e4<\/strong><\/h3>\n\n\n\n<p class=\"\">T\u00e4ss\u00e4 on 10 usein kysytty\u00e4 kysymyst\u00e4 ilmaisista AI-kuvageneraattoreista:<\/p>\n\n\n\n<ol class=\"wp-block-list\">\n<li class=\"\"><strong>Mik\u00e4 on ilmainen AI-kuvageneraattori?<\/strong>\u00a0Ilmainen teko\u00e4lykuvageneraattori on online-ty\u00f6kalu, joka k\u00e4ytt\u00e4\u00e4 teko\u00e4ly\u00e4 korkealaatuisten kuvien tuottamiseen k\u00e4ytt\u00e4j\u00e4n sy\u00f6tteiden perusteella.<\/li>\n\n\n\n<li class=\"\"><strong>Miten ilmaiset AI-kuvageneraattorit toimivat?<\/strong>\u00a0Ilmaiset teko\u00e4lykuvageneraattorit k\u00e4ytt\u00e4v\u00e4t koneoppimisalgoritmeja ja generatiivisia teko\u00e4lytekniikoita ainutlaatuisten ja realististen kuvien luomiseen.<\/li>\n\n\n\n<li class=\"\"><strong>Mit\u00e4 etuja ilmaisen AI-kuvageneraattorin k\u00e4yt\u00f6st\u00e4 on?<\/strong>\u00a0Ilmaiset AI-kuvageneraattorit s\u00e4\u00e4st\u00e4v\u00e4t aikaa, ovat kustannustehokkaita ja tarjoavat luovaa vapautta.<\/li>\n\n\n\n<li class=\"\"><strong>Voiko kukaan k\u00e4ytt\u00e4\u00e4 ilmaista AI-kuvageneraattoria?<\/strong>\u00a0Kyll\u00e4, kuka tahansa voi k\u00e4ytt\u00e4\u00e4 ilmaista AI-kuvageneraattoria riippumatta taiteellisista taidoista tai kokemuksesta.<\/li>\n\n\n\n<li class=\"\"><strong>Mitk\u00e4 ovat sopivia skenaarioita ilmaisen AI-kuvageneraattorin k\u00e4ytt\u00e4miseen?<\/strong>\u00a0Ilmaiset AI-kuvageneraattorit soveltuvat sosiaalisen median sis\u00e4ll\u00f6n luomiseen, mainontaan, suunnitteluun ja taideprojekteihin.<\/li>\n\n\n\n<li class=\"\"><strong>Miten k\u00e4yt\u00e4n ilmaista AI-kuvageneraattoria?<\/strong>\u00a0Sy\u00f6t\u00e4 vain tekstikehote tai yksinkertainen luonnos, ja ty\u00f6kalu luo ainutlaatuisen kuvan.<\/li>\n\n\n\n<li class=\"\"><strong>Millainen on ilmaisilla teko\u00e4lykuvageneraattoreilla tuotettujen kuvien laatu?<\/strong>\u00a0Ilmaiset AI-kuvageneraattorit voivat tuottaa ammattimaisia kuvia, jotka kilpailevat ihmissuunnittelijoiden kuvien kanssa.<\/li>\n\n\n\n<li class=\"\"><strong>Voinko muokata ilmaisen AI-kuvageneraattorin tulostetta?<\/strong>\u00a0Jotkin ilmaiset teko\u00e4lykuvageneraattorit tarjoavat rajoitettuja muokkausmahdollisuuksia, kun taas toiset tarjoavat kehittyneempi\u00e4 s\u00e4\u00e4t\u00f6mahdollisuuksia.<\/li>\n\n\n\n<li class=\"\"><strong>Ovatko ilmaiset AI-kuvageneraattorit helppok\u00e4ytt\u00f6isi\u00e4?<\/strong>\u00a0Kyll\u00e4, useimmissa ilmaisissa AI-kuvageneraattoreissa on k\u00e4ytt\u00e4j\u00e4yst\u00e4v\u00e4lliset k\u00e4ytt\u00f6liittym\u00e4t, joiden avulla kuvien luominen on helppoa.<\/li>\n\n\n\n<li class=\"\"><strong>Voiko ilmaisia AI-kuvageneraattoreita k\u00e4ytt\u00e4\u00e4 ilmaiseksi?<\/strong>\u00a0Kyll\u00e4, useimmat ilmaiset AI-kuvageneraattorit ovat ilmaisia k\u00e4ytt\u00e4\u00e4, ja jotkut tarjoavat maksullisia ominaisuuksia tai tilauksia.<\/li>\n<\/ol>","protected":false},"excerpt":{"rendered":"<p>Create vibrant AI-generated images using advanced AI algorithms and text prompts. Free AI Image Generator: Revolutionizing Visual Content Creation Outline: What is a Free AI Image Generator? A free AI image generator is an online tool that uses artificial intelligence (AI) to generate high-quality images based on user input, such as text prompts or simple &#8230; <a title=\"Ilmainen AI Image Generator\" class=\"read-more\" href=\"https:\/\/aiartfree.online\/fi\/ilmainen-ai-kuvageneraattori\/\" aria-label=\"Lue lis\u00e4\u00e4 aiheesta Free AI Image Generator\">Lue lis\u00e4\u00e4<\/a><\/p>","protected":false},"author":1,"featured_media":0,"parent":0,"menu_order":0,"comment_status":"closed","ping_status":"closed","template":"","meta":{"nf_dc_page":"","footnotes":""},"class_list":["post-3116","page","type-page","status-publish"],"jetpack_sharing_enabled":true,"_links":{"self":[{"href":"https:\/\/aiartfree.online\/fi\/wp-json\/wp\/v2\/pages\/3116","targetHints":{"allow":["GET"]}}],"collection":[{"href":"https:\/\/aiartfree.online\/fi\/wp-json\/wp\/v2\/pages"}],"about":[{"href":"https:\/\/aiartfree.online\/fi\/wp-json\/wp\/v2\/types\/page"}],"author":[{"embeddable":true,"href":"https:\/\/aiartfree.online\/fi\/wp-json\/wp\/v2\/users\/1"}],"replies":[{"embeddable":true,"href":"https:\/\/aiartfree.online\/fi\/wp-json\/wp\/v2\/comments?post=3116"}],"version-history":[{"count":0,"href":"https:\/\/aiartfree.online\/fi\/wp-json\/wp\/v2\/pages\/3116\/revisions"}],"wp:attachment":[{"href":"https:\/\/aiartfree.online\/fi\/wp-json\/wp\/v2\/media?parent=3116"}],"curies":[{"name":"wp","href":"https:\/\/api.w.org\/{rel}","templated":true}]}}