{"id":2993,"date":"2024-07-19T18:13:29","date_gmt":"2024-07-19T18:13:29","guid":{"rendered":"https:\/\/aiartfree.online\/?page_id=2993"},"modified":"2025-03-07T08:22:54","modified_gmt":"2025-03-07T08:22:54","slug":"ai-video-generator","status":"publish","type":"page","link":"https:\/\/aiartfree.online\/fi\/ai-video-generaattori\/","title":{"rendered":"AI Video Generator"},"content":{"rendered":"<h2 class=\"wp-block-heading has-text-align-center\">Mit\u00e4 muut k\u00e4ytt\u00e4j\u00e4t tekiv\u00e4t AI Video Generatorilla<\/h2>\n\n\n\n<p class=\"has-text-align-center\">Kehotus: 1 tytt\u00f6, off-shoulder, kevyt hymy, kiilt\u00e4v\u00e4 iho paras laatu, mestariteos, fotorealistinen, k\u00e4\u00e4nny ymp\u00e4ri.<\/p>\n\n\n\n<figure class=\"gb-block-image gb-block-image-1822da1f\"><img data-recalc-dims=\"1\" decoding=\"async\" loading=\"lazy\" width=\"512\" height=\"512\" class=\"gb-image gb-image-1822da1f\" src=\"https:\/\/i0.wp.com\/aiartfree.online\/wp-content\/uploads\/2024\/08\/ezgif-3-82e27c0ca1.gif?resize=512%2C512&#038;ssl=1\" alt=\"Luo upeita videoita vaivattomasti AI-videogeneraattorillamme. Nauti 100%:n ilmaisesta, rajoittamattomasta k\u00e4yt\u00f6st\u00e4 ilman rekister\u00f6itymist\u00e4. T\u00e4ydellinen sis\u00e4ll\u00f6ntuottajille, markkinoijille ja kouluttajille, jotka etsiv\u00e4t laadukasta, teko\u00e4lyll\u00e4 toimivaa videotuotantoa.\" title=\"ezgif-3-82e27c0ca1\"\/><\/figure>\n\n\n\n<h2 class=\"wp-block-heading\">3 vaihetta AI-videogeneraattorin k\u00e4ytt\u00f6\u00f6n<\/h2>\n\n\n\n<ol class=\"wp-block-list\">\n<li class=\"\">Sy\u00f6t\u00e4 kehote<\/li>\n\n\n\n<li class=\"\">Napsauta \"Animate\"<\/li>\n\n\n\n<li class=\"\">Hetkinen, siin\u00e4 se on!<\/li>\n<\/ol>\n\n\n\n<figure class=\"gb-block-image gb-block-image-4dfafe81\"><a href=\"https:\/\/fas.st\/t\/XmtmoHSk\" target=\"_blank\" rel=\"noopener noreferrer\"><img data-recalc-dims=\"1\" decoding=\"async\" loading=\"lazy\" width=\"1200\" height=\"368\" class=\"gb-image gb-image-4dfafe81\" src=\"https:\/\/i0.wp.com\/aiartfree.online\/wp-content\/uploads\/2025\/03\/WX20250307-114300%402x.webp?resize=1200%2C368&#038;ssl=1\" alt=\"\" title=\"WX20250307-114300@2x\" srcset=\"https:\/\/i0.wp.com\/aiartfree.online\/wp-content\/uploads\/2025\/03\/WX20250307-114300%402x.webp?w=1900&amp;ssl=1 1900w, https:\/\/i0.wp.com\/aiartfree.online\/wp-content\/uploads\/2025\/03\/WX20250307-114300%402x.webp?resize=300%2C92&amp;ssl=1 300w, https:\/\/i0.wp.com\/aiartfree.online\/wp-content\/uploads\/2025\/03\/WX20250307-114300%402x.webp?resize=1024%2C314&amp;ssl=1 1024w, https:\/\/i0.wp.com\/aiartfree.online\/wp-content\/uploads\/2025\/03\/WX20250307-114300%402x.webp?resize=768%2C235&amp;ssl=1 768w, https:\/\/i0.wp.com\/aiartfree.online\/wp-content\/uploads\/2025\/03\/WX20250307-114300%402x.webp?resize=1536%2C471&amp;ssl=1 1536w, https:\/\/i0.wp.com\/aiartfree.online\/wp-content\/uploads\/2025\/03\/WX20250307-114300%402x.webp?resize=18%2C6&amp;ssl=1 18w, https:\/\/i0.wp.com\/aiartfree.online\/wp-content\/uploads\/2025\/03\/WX20250307-114300%402x.webp?resize=600%2C184&amp;ssl=1 600w\" sizes=\"auto, (max-width: 1200px) 100vw, 1200px\" \/><\/a><\/figure>\n\n\n\n<p class=\"\"><em>* Internetin nopeudesta riippuen mallin lataaminen voi kest\u00e4\u00e4... <\/em>enint\u00e4\u00e4n 10 sekuntia \u2193<\/p>\n\n\n\n<div class=\"iframe-wrapper\" style=\"position: relative; width: 100%; height: 2300px;\">\n  <div class=\"loading\" style=\"position: absolute; top: 50px; left: 50%; transform: translate(-50%, -50%); width: 40px; height: 40px; border: 3px solid #f0f0f0; border-top: 3px solid #db7093; border-radius: 50%; animation: spin 1s linear infinite;\"><\/div>\n  <iframe loading=\"lazy\" src=\"https:\/\/guoyww-animatediff.hf.space\" frameborder=\"0\" width=\"100%\" height=\"100%\" style=\"position: absolute; top: 0; left: 0; opacity: 0; transition: opacity 0.3s;\" onload=\"this.style.opacity=1;this.previousElementSibling.style.display='none';\"><\/iframe>\n<\/div>\n\n<style>\n@keyframes spin {\n  0% { transform: translate(-50%, -50%) rotate(0deg); }\n  100% { transform: translate(-50%, -50%) rotate(360deg); }\n}\n<\/style>\n\n\n\n<div style=\"height:50px\" aria-hidden=\"true\" class=\"wp-block-spacer\"><\/div>\n\n\n\n<h2 class=\"wp-block-heading\">AI-videogeneraattorin k\u00e4ytt\u00f6\u00f6notto<\/h2>\n\n\n\n<p class=\"\">Nykyaikaisessa digitaalisessa ymp\u00e4rist\u00f6ss\u00e4 teko\u00e4lyvideogeneraattorit mullistavat sis\u00e4ll\u00f6n luomisen. N\u00e4m\u00e4 edistykselliset ty\u00f6kalut hy\u00f6dynt\u00e4v\u00e4t teko\u00e4lyn voimaa tehostaakseen ja parantaakseen videotuotantoa ja tuodakseen sen laajemman yleis\u00f6n ulottuville. T\u00e4ss\u00e4 artikkelissa tutustumme teko\u00e4lyvideogeneraattoreiden k\u00e4sitteeseen, niiden merkitykseen ja sovelluksiin eri toimialoilla. Annamme my\u00f6s kattavan yleiskatsauksen parhaista saatavilla olevista ty\u00f6kaluista ja keskitymme erityisesti parhaaksi arvioituun teko\u00e4lyvideogeneraattoriin, <a href=\"https:\/\/aiartfree.online\/fi\/ai-video-generaattori\/\">AI Art Free<\/a>.<\/p>\n\n\n\n<figure class=\"gb-block-image gb-block-image-94da07aa\"><img data-recalc-dims=\"1\" decoding=\"async\" loading=\"lazy\" width=\"300\" height=\"170\" class=\"gb-image gb-image-94da07aa\" src=\"https:\/\/i0.wp.com\/aiartfree.online\/wp-content\/uploads\/2024\/07\/WX20240720-101347%402x.jpg?resize=300%2C170&#038;ssl=1\" alt=\"AI-videogeneraattori on kehittynyt ohjelmistosovellus, joka k\u00e4ytt\u00e4\u00e4 teko\u00e4ly\u00e4 videoiden automaattiseen luomiseen. N\u00e4m\u00e4 ty\u00f6kalut voivat muuntaa tekstikehotteita, kuvia tai jopa raakaa videomateriaalia hiotuiksi, ammattilaatuisiksi videoiksi. Ne sis\u00e4lt\u00e4v\u00e4t erilaisia teko\u00e4lytekniikoita, kuten luonnollisen kielen k\u00e4sittely\u00e4 (NLP), tietokonen\u00e4k\u00f6\u00e4 ja koneoppimista, analysoidakseen ja tulkitakseen sy\u00f6tt\u00f6tietoja ja tuottaakseen sis\u00e4lt\u00f6\u00e4, joka on sek\u00e4 mukaansatempaavaa ett\u00e4 visuaalisesti houkuttelevaa.\" title=\"WX20240720-101347@2x\" srcset=\"https:\/\/i0.wp.com\/aiartfree.online\/wp-content\/uploads\/2024\/07\/WX20240720-101347%402x.jpg?resize=300%2C170&amp;ssl=1 300w, https:\/\/i0.wp.com\/aiartfree.online\/wp-content\/uploads\/2024\/07\/WX20240720-101347%402x.jpg?resize=1024%2C579&amp;ssl=1 1024w, https:\/\/i0.wp.com\/aiartfree.online\/wp-content\/uploads\/2024\/07\/WX20240720-101347%402x.jpg?resize=768%2C434&amp;ssl=1 768w, https:\/\/i0.wp.com\/aiartfree.online\/wp-content\/uploads\/2024\/07\/WX20240720-101347%402x.jpg?resize=18%2C10&amp;ssl=1 18w, https:\/\/i0.wp.com\/aiartfree.online\/wp-content\/uploads\/2024\/07\/WX20240720-101347%402x.jpg?resize=600%2C339&amp;ssl=1 600w, https:\/\/i0.wp.com\/aiartfree.online\/wp-content\/uploads\/2024\/07\/WX20240720-101347%402x.jpg?w=1030&amp;ssl=1 1030w\" sizes=\"auto, (max-width: 300px) 100vw, 300px\" \/><\/figure>\n\n\n\n<h3 class=\"wp-block-heading\">Sis\u00e4llysluettelo<\/h3>\n\n\n\n<ol class=\"wp-block-list\">\n<li class=\"\"><a href=\"#what-is-an-ai-video-generator\">Mik\u00e4 on teko\u00e4lyvideogeneraattori?<\/a><\/li>\n\n\n\n<li class=\"\"><a href=\"#why-use-an-ai-video-generator\">Miksi k\u00e4ytt\u00e4\u00e4 teko\u00e4lyvideogeneraattoria?<\/a><\/li>\n\n\n\n<li class=\"\"><a href=\"#suitable-industries-and-people\">Sopivat toimialat ja ihmiset<\/a><\/li>\n\n\n\n<li class=\"\"><a href=\"#related-tools-and-information\">Aiheeseen liittyv\u00e4t ty\u00f6kalut ja tiedot<\/a><\/li>\n\n\n\n<li class=\"\"><a href=\"#frequently-asked-questions-faq\">Usein kysytyt kysymykset (FAQ)<\/a><\/li>\n<\/ol>\n\n\n\n<h3 class=\"wp-block-heading\">Mik\u00e4 on teko\u00e4lyvideogeneraattori?<\/h3>\n\n\n\n<p class=\"\">AI-videogeneraattori on kehittynyt ohjelmistosovellus, joka k\u00e4ytt\u00e4\u00e4 teko\u00e4ly\u00e4 videoiden automaattiseen luomiseen. N\u00e4m\u00e4 ty\u00f6kalut voivat muuntaa tekstikehotteita, kuvia tai jopa raakaa videomateriaalia hiotuiksi, ammattilaatuisiksi videoiksi. Ne sis\u00e4lt\u00e4v\u00e4t erilaisia teko\u00e4lytekniikoita, kuten luonnollisen kielen k\u00e4sittely\u00e4 (NLP), tietokonen\u00e4k\u00f6\u00e4 ja koneoppimista, analysoidakseen ja tulkitakseen sy\u00f6tt\u00f6tietoja ja tuottaakseen sis\u00e4lt\u00f6\u00e4, joka on sek\u00e4 mukaansatempaavaa ett\u00e4 visuaalisesti houkuttelevaa.<\/p>\n\n\n\n<h3 class=\"wp-block-heading\">Miksi k\u00e4ytt\u00e4\u00e4 teko\u00e4lyvideogeneraattoria?<\/h3>\n\n\n\n<p class=\"\">Teko\u00e4lyvideogeneraattorit tarjoavat lukuisia etuja, jotka tekev\u00e4t niist\u00e4 korvaamattomia videotuotannon alalla:<\/p>\n\n\n\n<ul class=\"wp-block-list\">\n<li class=\"\"><strong>Tehokkuus<\/strong>: N\u00e4m\u00e4 ty\u00f6kalut v\u00e4hent\u00e4v\u00e4t merkitt\u00e4v\u00e4sti videoiden luomiseen tarvittavaa aikaa ja vaivaa ja mahdollistavat nopeat tuotantosyklit.<\/li>\n\n\n\n<li class=\"\"><strong>Kustannustehokas<\/strong>: Teko\u00e4lyvideogeneraattorit automatisoivat monia videon luomiseen liittyvi\u00e4 osa-alueita ja voivat alentaa tuotantokustannuksia, mik\u00e4 mahdollistaa laadukkaan videosis\u00e4ll\u00f6n tuottamisen yrityksille ja yksityishenkil\u00f6ille, joiden budjetti on rajallinen.<\/li>\n\n\n\n<li class=\"\"><strong>Johdonmukaisuus<\/strong>: Teko\u00e4ly varmistaa tyylin ja laadun yhdenmukaisuuden ja s\u00e4ilytt\u00e4\u00e4 br\u00e4ndin johdonmukaisuuden kaikessa videosis\u00e4ll\u00f6ss\u00e4.<\/li>\n\n\n\n<li class=\"\"><strong>Saavutettavuus<\/strong>: Jopa ne, joilla ei ole juuri lainkaan kokemusta videoeditoinnista, voivat tuottaa ammattilaistasoisia videoita, mik\u00e4 demokratisoi sis\u00e4ll\u00f6n luomisen.<\/li>\n\n\n\n<li class=\"\"><strong>Mukauttaminen<\/strong>: Teko\u00e4lyvideogeneraattorit mahdollistavat helpon personoinnin, jolloin tekij\u00e4t voivat r\u00e4\u00e4t\u00e4l\u00f6id\u00e4 videoita tietyille yleis\u00f6ille tai markkinointikampanjoille.<\/li>\n<\/ul>\n\n\n\n<h3 class=\"wp-block-heading\">Sopivat toimialat ja ihmiset<\/h3>\n\n\n\n<p class=\"\">Teko\u00e4lyvideogeneraattorit ovat monipuolisia ty\u00f6kaluja, joista on hy\u00f6ty\u00e4 monille k\u00e4ytt\u00e4jille eri toimialoilla:<\/p>\n\n\n\n<ul class=\"wp-block-list\">\n<li class=\"\"><strong>Markkinoinnin ammattilaiset<\/strong>: Mukaansatempaavien mainosvideoiden, mainosten ja sosiaalisen median sis\u00e4ll\u00f6n luomiseen.<\/li>\n\n\n\n<li class=\"\"><strong>Kouluttajat ja kouluttajat<\/strong>: Opetusvideoiden, opetusohjelmien ja verkko-oppimissis\u00e4ll\u00f6n kehitt\u00e4miseen.<\/li>\n\n\n\n<li class=\"\"><strong>Sis\u00e4ll\u00f6ntuottajat ja vaikuttajat<\/strong>: Laadukkaiden YouTube-videoiden, vlogien ja muun sosiaalisen median sis\u00e4ll\u00f6n tuottamiseen.<\/li>\n\n\n\n<li class=\"\"><strong>Yritykset<\/strong>: Yritysviestint\u00e4\u00e4n, tuote-esittelyihin ja sis\u00e4isiin koulutusvideoihin.<\/li>\n\n\n\n<li class=\"\"><strong>Elokuva- ja mediatuotanto<\/strong>: J\u00e4lkituotantoprosessin tehostamiseen ja erikoistehosteiden tai animaatioiden tuottamiseen.<\/li>\n<\/ul>\n\n\n\n<h3 class=\"wp-block-heading\">Aiheeseen liittyv\u00e4t ty\u00f6kalut ja tiedot<\/h3>\n\n\n\n<p class=\"\">Seuraavassa taulukossa on yhteenveto 10:st\u00e4 teko\u00e4lyyn liittyv\u00e4st\u00e4 videon tuottamiseen tarkoitetusta ty\u00f6kalusta ja lyhyt katsaus kuhunkin niist\u00e4 sek\u00e4 niiden hyv\u00e4t ja huonot puolet, edut, haasteet ja suositukset.<\/p>\n\n\n\n<figure class=\"wp-block-table\"><table class=\"has-fixed-layout\"><thead><tr><th>Ty\u00f6kalun nimi<\/th><th>URL<\/th><th>Yhteenveto<\/th><th>Plussaa<\/th><th>Miinukset<\/th><th>Edut<\/th><th>Haasteet<\/th><th>Suositukset<\/th><\/tr><\/thead><tbody><tr><td><strong>Kuva<\/strong><\/td><td><a href=\"https:\/\/pictory.ai\" target=\"_blank\" rel=\"noopener\">Kuva<\/a><\/td><td>Teko\u00e4lyohjattu videon luominen tekstist\u00e4<\/td><td>K\u00e4ytt\u00e4j\u00e4yst\u00e4v\u00e4llinen, nopea<\/td><td>Rajoitettu r\u00e4\u00e4t\u00e4l\u00f6inti<\/td><td>Nopea videon luominen<\/td><td>Oppimisk\u00e4yr\u00e4<\/td><td>Paras aloittelijoille<\/td><\/tr><tr><td><strong>Animoto<\/strong><\/td><td><a href=\"https:\/\/animoto.com\" target=\"_blank\" rel=\"noopener\">Animoto<\/a><\/td><td>Yksinkertainen ved\u00e4-ja-pudota-video maker<\/td><td>Helppok\u00e4ytt\u00f6inen, Mallit<\/td><td>V\u00e4hemm\u00e4n valvontaa yksityiskohtiin<\/td><td>Aikaa s\u00e4\u00e4st\u00e4v\u00e4t mallit<\/td><td>Perusominaisuudet<\/td><td>Suuri yksinkertaisiin projekteihin<\/td><\/tr><tr><td><strong>Synthesia<\/strong><\/td><td><a href=\"https:\/\/synthesia.io\" target=\"_blank\" rel=\"noopener\">Synthesia<\/a><\/td><td>Teko\u00e4lyvideoiden luominen avatareilla<\/td><td>Realistiset avatarit, Monikielinen<\/td><td>Korkeammat kustannukset<\/td><td>Mukautettavat avatarit<\/td><td>Edellytt\u00e4\u00e4 skriptausta<\/td><td>Ihanteellinen yritysvideoihin<\/td><\/tr><tr><td><strong>Lumen5<\/strong><\/td><td><a href=\"https:\/\/lumen5.com\" target=\"_blank\" rel=\"noopener\">Lumen5<\/a><\/td><td>Teko\u00e4lyavusteinen videoiden luominen artikkeleista<\/td><td>Integroituu blogien kanssa, Nopea<\/td><td>Vesileima ilmaisessa versiossa<\/td><td>Automatisoitu sis\u00e4ll\u00f6n luominen<\/td><td>Rajoitetut ilmaiset vaihtoehdot<\/td><td>Paras bloggaajille<\/td><\/tr><tr><td><strong>Magisto<\/strong><\/td><td><a href=\"https:\/\/magisto.com\" target=\"_blank\" rel=\"noopener\">Magisto<\/a><\/td><td>\u00c4lyk\u00e4s videoeditori teko\u00e4lyll\u00e4<\/td><td>\u00c4lyk\u00e4s muokkaus, musiikkikirjasto<\/td><td>Tarvitaan tilaus<\/td><td>Automaattinen muokkaus<\/td><td>Rajoitettu k\u00e4sis\u00e4\u00e4t\u00f6<\/td><td>Suuri sosiaaliseen mediaan<\/td><\/tr><tr><td><strong>Wibbitz<\/strong><\/td><td><a href=\"https:\/\/wibbitz.com\" target=\"_blank\" rel=\"noopener\">Wibbitz<\/a><\/td><td>Videoiden luomisalusta tiimeille<\/td><td>Yhteisty\u00f6h\u00f6n perustuva, nopea<\/td><td>Kallis<\/td><td>Tiimiyhteisty\u00f6<\/td><td>Jyrkk\u00e4 oppimisk\u00e4yr\u00e4<\/td><td>Paras markkinointitiimeille<\/td><\/tr><tr><td><strong>FlexClip<\/strong><\/td><td><a href=\"https:\/\/flexclip.com\" target=\"_blank\" rel=\"noopener\">FlexClip<\/a><\/td><td>Online video maker malleja<\/td><td>Helppok\u00e4ytt\u00f6inen, Mallit<\/td><td>Rajoitetut lis\u00e4ominaisuudet<\/td><td>K\u00e4ytt\u00e4j\u00e4yst\u00e4v\u00e4llinen<\/td><td>Perusominaisuudet<\/td><td>Hyv\u00e4 nopeisiin muokkauksiin<\/td><\/tr><tr><td><strong>InVideo<\/strong><\/td><td><a href=\"https:\/\/invideo.io\" target=\"_blank\" rel=\"noopener\">InVideo<\/a><\/td><td>Online videoeditori teko\u00e4lyll\u00e4<\/td><td>Laaja mediakirjasto, mallit<\/td><td>Vesileima ilmaisessa versiossa<\/td><td>Rich media -vaihtoehdot<\/td><td>Tilauskustannukset<\/td><td>Paras markkinoijille<\/td><\/tr><tr><td><strong>Designs.ai<\/strong><\/td><td><a href=\"https:\/\/designs.ai\" target=\"_blank\" rel=\"noopener\">Designs.ai<\/a><\/td><td>Teko\u00e4lyavusteiset luovat ty\u00f6kalut<\/td><td>Monipuolinen, nopea<\/td><td>Tarvitaan tilaus<\/td><td>Useita luovia ty\u00f6kaluja<\/td><td>Vaatii internetin<\/td><td>Ihanteellinen sis\u00e4ll\u00f6ntuottajille<\/td><\/tr><tr><td><strong>DeepBrain<\/strong><\/td><td><a href=\"https:\/\/deepbrain.io\" target=\"_blank\" rel=\"noopener\">DeepBrain<\/a><\/td><td>AI-videogeneraattori syv\u00e4oppimisella<\/td><td>Laadukas, muokattavissa<\/td><td>Monimutkainen k\u00e4ytt\u00f6liittym\u00e4<\/td><td>Korkealaatuinen tuotos<\/td><td>Vaatii koulutusta<\/td><td>Paras edistyneille k\u00e4ytt\u00e4jille<\/td><\/tr><\/tbody><\/table><\/figure>\n\n\n\n<h3 class=\"wp-block-heading\">Usein kysytyt kysymykset (FAQ)<\/h3>\n\n\n\n<ol class=\"wp-block-list\">\n<li class=\"\"><strong>Mik\u00e4 on teko\u00e4lyvideogeneraattori?<\/strong>\n<ul class=\"wp-block-list\">\n<li class=\"\">Teko\u00e4lyvideogeneraattori on ty\u00f6kalu, joka k\u00e4ytt\u00e4\u00e4 teko\u00e4ly\u00e4 luomaan videoita automaattisesti erilaisista sy\u00f6tteist\u00e4, kuten tekstist\u00e4, kuvista tai raakamateriaalista.<\/li>\n<\/ul>\n<\/li>\n\n\n\n<li class=\"\"><strong>Miten teko\u00e4lyvideogeneraattori toimii?<\/strong>\n<ul class=\"wp-block-list\">\n<li class=\"\">Se k\u00e4ytt\u00e4\u00e4 teko\u00e4lytekniikoita, kuten luonnollisen kielen k\u00e4sittely\u00e4 ja tietokonen\u00e4k\u00f6\u00e4, tulkitessaan sy\u00f6tettyj\u00e4 tietoja ja luodessaan videosis\u00e4lt\u00f6\u00e4.<\/li>\n<\/ul>\n<\/li>\n\n\n\n<li class=\"\"><strong>Mit\u00e4 hy\u00f6ty\u00e4 teko\u00e4lyvideogeneraattorin k\u00e4yt\u00f6st\u00e4 on?<\/strong>\n<ul class=\"wp-block-list\">\n<li class=\"\">Hy\u00f6dyt ovat lis\u00e4\u00e4ntynyt tehokkuus, kustannuss\u00e4\u00e4st\u00f6t, tasainen laatu, saavutettavuus ja helppo r\u00e4\u00e4t\u00e4l\u00f6inti.<\/li>\n<\/ul>\n<\/li>\n\n\n\n<li class=\"\"><strong>Kuka voi hy\u00f6ty\u00e4 teko\u00e4lyvideogeneraattoreista?<\/strong>\n<ul class=\"wp-block-list\">\n<li class=\"\">Markkinoinnin ammattilaiset, kouluttajat, sis\u00e4ll\u00f6ntuottajat, yritykset ja mediatuotantotiimit voivat kaikki hy\u00f6ty\u00e4 siit\u00e4.<\/li>\n<\/ul>\n<\/li>\n\n\n\n<li class=\"\"><strong>Ovatko teko\u00e4lyvideogeneraattorit kalliita?<\/strong>\n<ul class=\"wp-block-list\">\n<li class=\"\">Hinnat vaihtelevat, mutta monet ty\u00f6kalut tarjoavat kustannustehokkaita vaihtoehtoja, jotka ovat halvempia kuin perinteiset videotuotantomenetelm\u00e4t.<\/li>\n<\/ul>\n<\/li>\n\n\n\n<li class=\"\"><strong>Voivatko aloittelijat k\u00e4ytt\u00e4\u00e4 teko\u00e4lyvideogeneraattoreita?<\/strong>\n<ul class=\"wp-block-list\">\n<li class=\"\">Kyll\u00e4, monet teko\u00e4lyvideogeneraattorit on suunniteltu k\u00e4ytt\u00e4j\u00e4yst\u00e4v\u00e4llisiksi, joten ne ovat aloittelijoidenkin k\u00e4ytett\u00e4viss\u00e4.<\/li>\n<\/ul>\n<\/li>\n\n\n\n<li class=\"\"><strong>Mik\u00e4 on paras AI-videogeneraattori?<\/strong>\n<ul class=\"wp-block-list\">\n<li class=\"\">Paras ty\u00f6kalu voi vaihdella tarpeiden mukaan, mutta <a href=\"https:\/\/aiartfree.online\/fi\/ai-video-generaattori\/\">AI Art Free<\/a> on eritt\u00e4in suositeltava ominaisuuksiensa ja helppok\u00e4ytt\u00f6isyytens\u00e4 vuoksi.<\/li>\n<\/ul>\n<\/li>\n\n\n\n<li class=\"\"><strong>Vaaditaanko teko\u00e4lyvideogeneraattoreilta erityisi\u00e4 taitoja?<\/strong>\n<ul class=\"wp-block-list\">\n<li class=\"\">Useimmat niist\u00e4 eiv\u00e4t vaadi erityisi\u00e4 taitoja, ja ne on suunniteltu intuitiivisiksi, vaikka videoeditoinnin tuntemus voi olla hy\u00f6dyksi.<\/li>\n<\/ul>\n<\/li>\n\n\n\n<li class=\"\"><strong>Miten valitsen oikean teko\u00e4lyvideogeneraattorin?<\/strong>\n<ul class=\"wp-block-list\">\n<li class=\"\">Ota huomioon tekij\u00e4t, kuten helppok\u00e4ytt\u00f6isyys, mukautusmahdollisuudet, kustannukset ja projektisi erityistarpeet.<\/li>\n<\/ul>\n<\/li>\n\n\n\n<li class=\"\"><strong>Voivatko teko\u00e4lyvideogeneraattorit luoda laadukkaita videoita?<\/strong>\n<ul class=\"wp-block-list\">\n<li class=\"\">Kyll\u00e4, monet teko\u00e4lyvideogeneraattorit tuottavat ammattilaistasoisia videoita, jotka soveltuvat erilaisiin sovelluksiin markkinoinnista koulutukseen.<\/li>\n<\/ul>\n<\/li>\n<\/ol>\n\n\n\n<p class=\"\">Lopuksi voidaan todeta, ett\u00e4 teko\u00e4lyvideogeneraattorit muuttavat tapaa, jolla videoita luodaan, tarjoavat lukuisia etuja ja tekev\u00e4t videotuotannosta helpommin kaikkien ulottuvilla olevaa. Niille, jotka haluavat tutustua n\u00e4ihin ty\u00f6kaluihin, <a href=\"https:\/\/aiartfree.online\/fi\/ai-video-generaattori\/\">AI Art Free<\/a> erottuu parhaaksi vaihtoehdoksi, sill\u00e4 se tarjoaa vankan valikoiman ominaisuuksia ja helppok\u00e4ytt\u00f6isyytt\u00e4.<\/p>","protected":false},"excerpt":{"rendered":"<p>What other users made with AI Video Generator Prompt: 1 girl, off-shoulder, light smile, shiny skin best quality, masterpiece, photorealistic, turn around 3 Steps to Use AI Video Generator *&nbsp;Depending on your internet speed, loading the model may take up to 10 seconds \u2193 Introduction of AI Video Generator In the modern digital landscape, AI &#8230; <a title=\"AI Video Generator\" class=\"read-more\" href=\"https:\/\/aiartfree.online\/fi\/ai-video-generaattori\/\" aria-label=\"Lue lis\u00e4\u00e4 aiheesta AI Video Generator\">Lue lis\u00e4\u00e4<\/a><\/p>","protected":false},"author":1,"featured_media":3463,"parent":0,"menu_order":0,"comment_status":"open","ping_status":"closed","template":"","meta":{"nf_dc_page":"","footnotes":""},"class_list":["post-2993","page","type-page","status-publish","has-post-thumbnail"],"jetpack_sharing_enabled":true,"_links":{"self":[{"href":"https:\/\/aiartfree.online\/fi\/wp-json\/wp\/v2\/pages\/2993","targetHints":{"allow":["GET"]}}],"collection":[{"href":"https:\/\/aiartfree.online\/fi\/wp-json\/wp\/v2\/pages"}],"about":[{"href":"https:\/\/aiartfree.online\/fi\/wp-json\/wp\/v2\/types\/page"}],"author":[{"embeddable":true,"href":"https:\/\/aiartfree.online\/fi\/wp-json\/wp\/v2\/users\/1"}],"replies":[{"embeddable":true,"href":"https:\/\/aiartfree.online\/fi\/wp-json\/wp\/v2\/comments?post=2993"}],"version-history":[{"count":1,"href":"https:\/\/aiartfree.online\/fi\/wp-json\/wp\/v2\/pages\/2993\/revisions"}],"predecessor-version":[{"id":3601,"href":"https:\/\/aiartfree.online\/fi\/wp-json\/wp\/v2\/pages\/2993\/revisions\/3601"}],"wp:featuredmedia":[{"embeddable":true,"href":"https:\/\/aiartfree.online\/fi\/wp-json\/wp\/v2\/media\/3463"}],"wp:attachment":[{"href":"https:\/\/aiartfree.online\/fi\/wp-json\/wp\/v2\/media?parent=2993"}],"curies":[{"name":"wp","href":"https:\/\/api.w.org\/{rel}","templated":true}]}}