{"id":2986,"date":"2024-07-19T17:43:48","date_gmt":"2024-07-19T17:43:48","guid":{"rendered":"https:\/\/aiartfree.online\/?page_id=2986"},"modified":"2025-03-07T08:22:52","modified_gmt":"2025-03-07T08:22:52","slug":"video-to-gif","status":"publish","type":"page","link":"https:\/\/aiartfree.online\/fi\/video-gifksi\/","title":{"rendered":"Ilmainen video GIF:ksi"},"content":{"rendered":"<h2 class=\"wp-block-heading\">Kuinka k\u00e4ytt\u00e4\u00e4 Video to GIF -videota<\/h2>\n\n\n\n<ol class=\"wp-block-list\">\n<li class=\"\">Pudota tai lataa suosikkivideosi<\/li>\n\n\n\n<li class=\"\">Vierit\u00e4 alasp\u00e4in ja valitse \"Generate Animated GIF\".<\/li>\n\n\n\n<li class=\"\">Odota noin 9-14 sekuntia, siin\u00e4 kaikki!<\/li>\n\n\n\n<li class=\"\">Lataa se jaettavaksi yst\u00e4vien kanssa<\/li>\n<\/ol>\n\n\n\n<figure class=\"gb-block-image gb-block-image-4dfafe81\"><a href=\"https:\/\/fas.st\/t\/XmtmoHSk\" target=\"_blank\" rel=\"noopener noreferrer\"><img data-recalc-dims=\"1\" decoding=\"async\" loading=\"lazy\" width=\"1200\" height=\"368\" class=\"gb-image gb-image-4dfafe81\" src=\"https:\/\/i0.wp.com\/aiartfree.online\/wp-content\/uploads\/2025\/03\/WX20250307-114300%402x.webp?resize=1200%2C368&#038;ssl=1\" alt=\"\" title=\"WX20250307-114300@2x\" srcset=\"https:\/\/i0.wp.com\/aiartfree.online\/wp-content\/uploads\/2025\/03\/WX20250307-114300%402x.webp?w=1900&amp;ssl=1 1900w, https:\/\/i0.wp.com\/aiartfree.online\/wp-content\/uploads\/2025\/03\/WX20250307-114300%402x.webp?resize=300%2C92&amp;ssl=1 300w, https:\/\/i0.wp.com\/aiartfree.online\/wp-content\/uploads\/2025\/03\/WX20250307-114300%402x.webp?resize=1024%2C314&amp;ssl=1 1024w, https:\/\/i0.wp.com\/aiartfree.online\/wp-content\/uploads\/2025\/03\/WX20250307-114300%402x.webp?resize=768%2C235&amp;ssl=1 768w, https:\/\/i0.wp.com\/aiartfree.online\/wp-content\/uploads\/2025\/03\/WX20250307-114300%402x.webp?resize=1536%2C471&amp;ssl=1 1536w, https:\/\/i0.wp.com\/aiartfree.online\/wp-content\/uploads\/2025\/03\/WX20250307-114300%402x.webp?resize=18%2C6&amp;ssl=1 18w, https:\/\/i0.wp.com\/aiartfree.online\/wp-content\/uploads\/2025\/03\/WX20250307-114300%402x.webp?resize=600%2C184&amp;ssl=1 600w\" sizes=\"auto, (max-width: 1200px) 100vw, 1200px\" \/><\/a><\/figure>\n\n\n\n<p class=\"\"><em>* Internetin nopeudesta riippuen mallin lataaminen voi kest\u00e4\u00e4 muutaman sekunnin.<br>* Jatkuvan luomisen aikana tapahtuu v\u00e4limuistitallennusta, ja uusi kuva tulee n\u00e4kyviin noin 3 sekunnin kuluttua.<\/em><\/p>\n\n\n\n<div style=\"text-align: center;\">\n  <iframe loading=\"lazy\"\n    src=\"https:\/\/fariyan-gif-studio.hf.space\"\n    frameborder=\"0\"\n    width=\"1200\"\n    height=\"2500\"\n    style=\"display: inline-block; margin: 0 auto;\"\n  ><\/iframe>\n<\/div>\n\n\n\n<div style=\"height:50px\" aria-hidden=\"true\" class=\"wp-block-spacer\"><\/div>\n\n\n\n<h2 class=\"wp-block-heading\">Video GIF:iin -videon k\u00e4ytt\u00f6\u00f6notto<\/h2>\n\n\n\n<p class=\"\">Digitaalisen sis\u00e4ll\u00f6n luomisen aikakaudella videoiden muuntamisesta GIF-kuviksi on tullut suosittu tapa jakaa hetki\u00e4 dynaamisessa mutta kompaktissa muodossa. T\u00e4ss\u00e4 oppaassa tutustutaan videoiden muuntamiseen GIF-kuviksi, prosessin t\u00e4rkeyteen, parhaisiin saatavilla oleviin ty\u00f6kaluihin ja vastataan usein kysyttyihin kysymyksiin.<\/p>\n\n\n\n<h3 class=\"wp-block-heading\">Sis\u00e4llysluettelo<\/h3>\n\n\n\n<ol class=\"wp-block-list\">\n<li class=\"\">Mik\u00e4 on Video GIF:ksi?<\/li>\n\n\n\n<li class=\"\">Miksi k\u00e4ytt\u00e4\u00e4 videota GIF:ksi?<\/li>\n\n\n\n<li class=\"\">Sopivat k\u00e4ytt\u00e4j\u00e4t tai toimialat<\/li>\n\n\n\n<li class=\"\">Top 10 ty\u00f6kalut ja tiedot<\/li>\n\n\n\n<li class=\"\">Usein kysytyt kysymykset<\/li>\n<\/ol>\n\n\n\n<h3 class=\"wp-block-heading\">Mik\u00e4 on Video GIF:ksi?<\/h3>\n\n\n\n<p class=\"\">Videon muuntaminen GIF-muotoon tarkoittaa videotiedoston muuttamista GIF-kuvaksi. GIF-kuvia eli Graphics Interchange Format -kuvia k\u00e4ytet\u00e4\u00e4n laajalti sosiaalisessa mediassa ja verkkosivustoilla, koska niiden avulla voidaan tehd\u00e4 animaatioita silmukassa ja koska niiden tiedostokoko on suhteellisen pieni. T\u00e4m\u00e4n prosessin avulla k\u00e4ytt\u00e4j\u00e4t voivat ottaa videon osan ja muuntaa sen animaatiokuvaksi, jota voidaan helposti jakaa ja katsella eri alustoilla.<\/p>\n\n\n\n<h3 class=\"wp-block-heading\">Miksi k\u00e4ytt\u00e4\u00e4 videota GIF:ksi?<\/h3>\n\n\n\n<p class=\"\">Videon muuntaminen GIF-muotoon tarjoaa useita etuja:<\/p>\n\n\n\n<ul class=\"wp-block-list\">\n<li class=\"\"><strong>Kihlaus<\/strong>: GIF-kuvat ovat silm\u00e4\u00e4npist\u00e4vi\u00e4 ja her\u00e4tt\u00e4v\u00e4t nopeasti katsojien huomion.<\/li>\n\n\n\n<li class=\"\"><strong>Yhteensopivuus<\/strong>: Useimmat sosiaalisen median alustat ja viestisovellukset tukevat GIF-tiedostoja.<\/li>\n\n\n\n<li class=\"\"><strong>Tiedoston koko<\/strong>: GIF-kuvat ovat pienempi\u00e4 kuin videot, joten niit\u00e4 on helpompi ladata ja jakaa.<\/li>\n\n\n\n<li class=\"\"><strong>Luovuus<\/strong>: GIF:t mahdollistavat luovan ilmaisun korostamalla tiettyj\u00e4 hetki\u00e4 tai lis\u00e4\u00e4m\u00e4ll\u00e4 huumoria loop-animaatioiden avulla.<\/li>\n<\/ul>\n\n\n\n<h3 class=\"wp-block-heading\">Sopivat k\u00e4ytt\u00e4j\u00e4t tai toimialat<\/h3>\n\n\n\n<p class=\"\">Videon muuntaminen GIF-muotoon on hy\u00f6dyllist\u00e4 eri k\u00e4ytt\u00e4jille ja toimialoille, kuten:<\/p>\n\n\n\n<ul class=\"wp-block-list\">\n<li class=\"\"><strong>Sosiaalisen median vaikuttajat<\/strong>: Luoda kiinnostavaa sis\u00e4lt\u00f6\u00e4, joka erottuu edukseen.<\/li>\n\n\n\n<li class=\"\"><strong>Markkinoijat<\/strong>: Parantaa mainoksia ja mainosmateriaaleja.<\/li>\n\n\n\n<li class=\"\"><strong>Kouluttajat<\/strong>: Luoda yksinkertaisia, silmukoituja opetusanimaatioita.<\/li>\n\n\n\n<li class=\"\"><strong>Sis\u00e4ll\u00f6ntuottajat<\/strong>: Voit jakaa kohokohtia tai hauskoja hetki\u00e4 pidemmist\u00e4 videoista.<\/li>\n\n\n\n<li class=\"\"><strong>Yritykset<\/strong>: Luoda mukaansatempaavaa visuaalista materiaalia verkkosivuille ja esityksiin.<\/li>\n<\/ul>\n\n\n\n<h3 class=\"wp-block-heading\">Top 10 ty\u00f6kalut ja tiedot<\/h3>\n\n\n\n<p class=\"\">Alla on taulukko, jossa on yhteenveto 10 parhaasta ty\u00f6kalusta videoiden muuntamiseen GIF-kuviksi, mukaan lukien niiden URL-osoitteet, edut, haitat, edut, haasteet ja suositukset.<\/p>\n\n\n\n<figure class=\"wp-block-table\"><table class=\"has-fixed-layout\"><thead><tr><th>Ty\u00f6kalun nimi<\/th><th>URL<\/th><th>Plussaa<\/th><th>Miinukset<\/th><th>Edut<\/th><th>Haasteet<\/th><th>Suositukset<\/th><\/tr><\/thead><tbody><tr><td><strong>Ilmainen video GIF:ksi<\/strong><\/td><td><a href=\"https:\/\/aiartfree.online\/fi\/video-gifksi\/\" data-type=\"link\" data-id=\"https:\/\/aiartfree.online\/video-to-gif\/\">aiartfree.online<\/a><\/td><td>Helppok\u00e4ytt\u00f6inen, laadukas tulostus<\/td><td>Rajoitetut lis\u00e4ominaisuudet<\/td><td>Paras nopeisiin konversioihin<\/td><td>Ei ehk\u00e4 sovi ammattimaisille toimittajille<\/td><td>Paras ty\u00f6kalu yleisk\u00e4ytt\u00e4jille<\/td><\/tr><tr><td><strong>Giphy<\/strong><\/td><td><a href=\"https:\/\/giphy.com\" rel=\"nofollow noopener\" target=\"_blank\">giphy.com<\/a><\/td><td>Laaja kirjasto, helppo jakaminen<\/td><td>Vesileima ilmaisessa versiossa<\/td><td>Suuri sosiaaliseen mediaan<\/td><td>Vaatii rekister\u00f6itymisen<\/td><td>Ihanteellinen sosiaalisen median k\u00e4ytt\u00f6\u00f6n<\/td><\/tr><tr><td><strong>Imgur<\/strong><\/td><td><a href=\"https:\/\/imgur.com\" rel=\"nofollow noopener\" target=\"_blank\">imgur.com<\/a><\/td><td>Ilmainen, yksinkertainen k\u00e4ytt\u00f6liittym\u00e4<\/td><td>Rajoitetut muokkausmahdollisuudet<\/td><td>Hyv\u00e4 nopeisiin muokkauksiin<\/td><td>Ei lis\u00e4ominaisuuksia<\/td><td>Hyv\u00e4 satunnaisille k\u00e4ytt\u00e4jille<\/td><\/tr><tr><td><strong>EZGIF<\/strong><\/td><td><a href=\"https:\/\/ezgif.com\" rel=\"nofollow noopener\" target=\"_blank\">ezgif.com<\/a><\/td><td>Kattavat ominaisuudet, ilmainen<\/td><td>K\u00e4ytt\u00f6liittym\u00e4 voi olla ylivoimainen<\/td><td>Soveltuu yksityiskohtaiseen muokkaukseen<\/td><td>Saattaa olla monimutkainen aloittelijoille<\/td><td>Suositellaan yksityiskohtaiseen muokkaukseen<\/td><\/tr><tr><td><strong>Convertio<\/strong><\/td><td><a href=\"https:\/\/convertio.co\" rel=\"nofollow noopener\" target=\"_blank\">convertio.c<\/a><a href=\"https:\/\/convertio.co\" target=\"_blank\" rel=\"noopener\">o<\/a><\/td><td>Tukee useita formaatteja<\/td><td>Ilmaisversiossa on rajoituksia<\/td><td>Monipuolinen ja joustava<\/td><td>Kokorajoitukset ilmaisversiossa<\/td><td>Hyv\u00e4 eri tiedostotyypeille<\/td><\/tr><tr><td><strong>Online-muunnos<\/strong><\/td><td><a href=\"https:\/\/online-convert.com\" rel=\"nofollow noopener\" target=\"_blank\">online-convert.com<\/a><\/td><td>Ei ohjelmiston asennusta<\/td><td>Mainokset ilmaisessa versiossa<\/td><td>K\u00e4tev\u00e4 ja nopea<\/td><td>Internet-yhteys vaaditaan<\/td><td>Paras nopeaan online-muuntamiseen<\/td><\/tr><tr><td><strong>MakeAGIF<\/strong><\/td><td><a href=\"https:\/\/makeagif.com\" rel=\"nofollow noopener\" target=\"_blank\">makeagif.com<\/a><\/td><td>Helppok\u00e4ytt\u00f6inen, sosiaalinen integraatio<\/td><td>Vesileima ilmaisessa versiossa<\/td><td>K\u00e4ytt\u00e4j\u00e4yst\u00e4v\u00e4llinen k\u00e4ytt\u00f6liittym\u00e4<\/td><td>Rajoitetut muokkausmahdollisuudet<\/td><td>Sopii erinomaisesti nopeisiin sosiaalisen median viesteihin<\/td><\/tr><tr><td><strong>GIFMaker<\/strong><\/td><td><a href=\"https:\/\/gifmaker.me\" rel=\"nofollow noopener\" target=\"_blank\">gifmaker.me<\/a><\/td><td>Rekister\u00f6itymist\u00e4 ei tarvita, ilmainen<\/td><td>Rajoitetut ominaisuudet<\/td><td>Nopea ja helppo<\/td><td>Ei sovellu monimutkaisiin muokkauksiin<\/td><td>Ihanteellinen rentoon k\u00e4ytt\u00f6\u00f6n<\/td><\/tr><tr><td><strong>CloudConvert<\/strong><\/td><td><a href=\"https:\/\/cloudconvert.com\" rel=\"nofollow noopener\" target=\"_blank\">cloudconvert.com<\/a><\/td><td>Laadukkaat konversiot<\/td><td>Ilmaisen version rajoitukset<\/td><td>Korkea r\u00e4\u00e4t\u00e4l\u00f6inti<\/td><td>Vaatii rekister\u00f6itymisen kaikkia ominaisuuksia varten<\/td><td>Paras korkealaatuisiin tuotoksiin<\/td><\/tr><tr><td><strong>Kapwing<\/strong><\/td><td><a href=\"https:\/\/kapwing.com\" rel=\"nofollow noopener\" target=\"_blank\">kapwing.com<\/a><\/td><td>Nykyaikainen k\u00e4ytt\u00f6liittym\u00e4, yhteistoiminnallinen<\/td><td>Vaatii tilin<\/td><td>Hyv\u00e4 tiimity\u00f6lle<\/td><td>Joitakin ominaisuuksia maksumuurin takana<\/td><td>Erinomainen tiimiprojekteihin<\/td><\/tr><\/tbody><\/table><\/figure>\n\n\n\n<h3 class=\"wp-block-heading\">Usein kysytyt kysymykset<\/h3>\n\n\n\n<ol class=\"wp-block-list\">\n<li class=\"\"><strong>Mik\u00e4 on paras ty\u00f6kalu videon muuntamiseen GIF:ksi?<\/strong>\n<ul class=\"wp-block-list\">\n<li class=\"\">Paras ty\u00f6kalu on Free Online Auto Draft. Se on k\u00e4ytt\u00e4j\u00e4yst\u00e4v\u00e4llinen ja tuottaa laadukkaita GIF-kuvia.<\/li>\n<\/ul>\n<\/li>\n\n\n\n<li class=\"\"><strong>Miten muuntaa MP4 GIF?<\/strong>\n<ul class=\"wp-block-list\">\n<li class=\"\">Voit k\u00e4ytt\u00e4\u00e4 online-muunninta, kuten EZGIF tai Giphy. Lataa vain MP4-tiedostosi ja seuraa ohjeita sen muuntamiseksi GIF-muotoon.<\/li>\n<\/ul>\n<\/li>\n\n\n\n<li class=\"\"><strong>Voinko luoda laadukkaita GIF-kuvia videoista?<\/strong>\n<ul class=\"wp-block-list\">\n<li class=\"\">Kyll\u00e4, ty\u00f6kalut, kuten Free Online Auto Draft ja CloudConvert, tarjoavat korkealaatuisia muunnoksia.<\/li>\n<\/ul>\n<\/li>\n\n\n\n<li class=\"\"><strong>Mit\u00e4 ovat animoidut GIF-tekij\u00e4t?<\/strong>\n<ul class=\"wp-block-list\">\n<li class=\"\">N\u00e4m\u00e4 ovat ty\u00f6kaluja, joiden avulla voit luoda GIF-kuvia videoista tai kuvasarjoista, ja niiss\u00e4 on usein muokkausominaisuuksia.<\/li>\n<\/ul>\n<\/li>\n\n\n\n<li class=\"\"><strong>Onko olemassa ilmaista GIF-tekij\u00e4\u00e4 laadukkaiden GIF-kuvien luomiseen?<\/strong>\n<ul class=\"wp-block-list\">\n<li class=\"\">Kyll\u00e4, Giphyn ja EZGIF:n kaltaiset ty\u00f6kalut tarjoavat ilmaisia versioita, joilla voi luoda laadukkaita GIF-kuvia.<\/li>\n<\/ul>\n<\/li>\n\n\n\n<li class=\"\"><strong>Miten voin tehd\u00e4 GIF:n videoleikkeest\u00e4?<\/strong>\n<ul class=\"wp-block-list\">\n<li class=\"\">K\u00e4yt\u00e4 ty\u00f6kalua, kuten Free Online Auto Draft, lataa videoleikkeesi, valitse haluamasi segmentti ja muunna se GIF-muotoon.<\/li>\n<\/ul>\n<\/li>\n\n\n\n<li class=\"\"><strong>Mit\u00e4 videotiedostomuotoja voidaan muuntaa GIF-muotoon?<\/strong>\n<ul class=\"wp-block-list\">\n<li class=\"\">Useimmat ty\u00f6kalut tukevat formaatteja, kuten MP4, AVI ja MOV, GIF-muunnosta varten.<\/li>\n<\/ul>\n<\/li>\n\n\n\n<li class=\"\"><strong>Voinko muokata GIF-tiedostoa muuntamisen j\u00e4lkeen?<\/strong>\n<ul class=\"wp-block-list\">\n<li class=\"\">Kyll\u00e4, monet ty\u00f6kalut, kuten EZGIF, tarjoavat muokkausominaisuuksia GIF:n muokkaamiseen muuntamisen j\u00e4lkeen.<\/li>\n<\/ul>\n<\/li>\n\n\n\n<li class=\"\"><strong>Mik\u00e4 on videon enimm\u00e4ispituus, jonka voin muuntaa GIF-muotoon?<\/strong>\n<ul class=\"wp-block-list\">\n<li class=\"\">T\u00e4m\u00e4 riippuu ty\u00f6kalusta. Free Online Auto Draft tukee tavallisia videon pituuksia, jotka soveltuvat useimpiin k\u00e4ytt\u00f6tarkoituksiin.<\/li>\n<\/ul>\n<\/li>\n\n\n\n<li class=\"\"><strong>Tarvitsenko tilin muuntaa videoita GIF-kuviksi?<\/strong>\n<ul class=\"wp-block-list\">\n<li class=\"\">Jotkin ty\u00f6kalut vaativat tilin, jotta voit k\u00e4ytt\u00e4\u00e4 kaikkia ominaisuuksia, mutta monet, kuten Free Online Auto Draft ja GIFMaker, eiv\u00e4t vaadi tili\u00e4 perusk\u00e4ytt\u00f6\u00f6n.<\/li>\n<\/ul>\n<\/li>\n<\/ol>\n\n\n\n<p class=\"\">K\u00e4ytt\u00e4m\u00e4ll\u00e4 annettuja tietoja voit muuntaa videoita tehokkaasti GIF-kuviksi ja parantaa sis\u00e4lt\u00f6\u00e4si ja sitoutumistasi eri alustoilla.<\/p>\n\n\n\n<p class=\"\"><\/p>","protected":false},"excerpt":{"rendered":"<p>How to use Video to GIF *&nbsp;Depending on your internet speed, loading the model may take a few seconds.* There will be caching during continuous generation, and the new image will appear after about 3 seconds. Introduction of Video to GIF In the age of digital content creation, transforming videos into GIFs has become a &#8230; <a title=\"Ilmainen video GIF:ksi\" class=\"read-more\" href=\"https:\/\/aiartfree.online\/fi\/video-gifksi\/\" aria-label=\"Lue lis\u00e4\u00e4 aiheesta Free Video to GIF\">Lue lis\u00e4\u00e4<\/a><\/p>","protected":false},"author":1,"featured_media":0,"parent":0,"menu_order":0,"comment_status":"open","ping_status":"closed","template":"","meta":{"nf_dc_page":"","footnotes":""},"class_list":["post-2986","page","type-page","status-publish"],"jetpack_sharing_enabled":true,"_links":{"self":[{"href":"https:\/\/aiartfree.online\/fi\/wp-json\/wp\/v2\/pages\/2986","targetHints":{"allow":["GET"]}}],"collection":[{"href":"https:\/\/aiartfree.online\/fi\/wp-json\/wp\/v2\/pages"}],"about":[{"href":"https:\/\/aiartfree.online\/fi\/wp-json\/wp\/v2\/types\/page"}],"author":[{"embeddable":true,"href":"https:\/\/aiartfree.online\/fi\/wp-json\/wp\/v2\/users\/1"}],"replies":[{"embeddable":true,"href":"https:\/\/aiartfree.online\/fi\/wp-json\/wp\/v2\/comments?post=2986"}],"version-history":[{"count":1,"href":"https:\/\/aiartfree.online\/fi\/wp-json\/wp\/v2\/pages\/2986\/revisions"}],"predecessor-version":[{"id":3600,"href":"https:\/\/aiartfree.online\/fi\/wp-json\/wp\/v2\/pages\/2986\/revisions\/3600"}],"wp:attachment":[{"href":"https:\/\/aiartfree.online\/fi\/wp-json\/wp\/v2\/media?parent=2986"}],"curies":[{"name":"wp","href":"https:\/\/api.w.org\/{rel}","templated":true}]}}