{"id":2983,"date":"2024-07-19T13:17:41","date_gmt":"2024-07-19T13:17:41","guid":{"rendered":"https:\/\/aiartfree.online\/?page_id=2983"},"modified":"2025-03-07T08:28:23","modified_gmt":"2025-03-07T08:28:23","slug":"free-ai-logo-generator","status":"publish","type":"page","link":"https:\/\/aiartfree.online\/fi\/ilmainen-ai-logo-generaattori\/","title":{"rendered":"Ilmainen AI-logogeneraattori"},"content":{"rendered":"<h2 class=\"wp-block-heading\">Kuinka k\u00e4ytt\u00e4\u00e4 ilmaista AI-logogeneraattoria<\/h2>\n\n\n\n<ol class=\"wp-block-list\">\n<li class=\"\">Pudota tai lataa kuva<\/li>\n\n\n\n<li class=\"\">Klikkaa \"L\u00e4het\u00e4\"<\/li>\n\n\n\n<li class=\"\">Hetkinen, siin\u00e4 se on! <\/li>\n<\/ol>\n\n\n\n<figure class=\"gb-block-image gb-block-image-032aac41\"><a href=\"https:\/\/fas.st\/t\/9U4PYbm7\" target=\"_blank\" rel=\"noopener noreferrer\"><img data-recalc-dims=\"1\" decoding=\"async\" loading=\"lazy\" width=\"1200\" height=\"365\" class=\"gb-image gb-image-032aac41\" src=\"https:\/\/i0.wp.com\/aiartfree.online\/wp-content\/uploads\/2025\/03\/WX20250307-115412%402x.webp?resize=1200%2C365&#038;ssl=1\" alt=\"\" title=\"WX20250307-115412@2x\" srcset=\"https:\/\/i0.wp.com\/aiartfree.online\/wp-content\/uploads\/2025\/03\/WX20250307-115412%402x.webp?w=1942&amp;ssl=1 1942w, https:\/\/i0.wp.com\/aiartfree.online\/wp-content\/uploads\/2025\/03\/WX20250307-115412%402x.webp?resize=300%2C91&amp;ssl=1 300w, https:\/\/i0.wp.com\/aiartfree.online\/wp-content\/uploads\/2025\/03\/WX20250307-115412%402x.webp?resize=1024%2C312&amp;ssl=1 1024w, https:\/\/i0.wp.com\/aiartfree.online\/wp-content\/uploads\/2025\/03\/WX20250307-115412%402x.webp?resize=768%2C234&amp;ssl=1 768w, https:\/\/i0.wp.com\/aiartfree.online\/wp-content\/uploads\/2025\/03\/WX20250307-115412%402x.webp?resize=1536%2C467&amp;ssl=1 1536w, https:\/\/i0.wp.com\/aiartfree.online\/wp-content\/uploads\/2025\/03\/WX20250307-115412%402x.webp?resize=18%2C5&amp;ssl=1 18w, https:\/\/i0.wp.com\/aiartfree.online\/wp-content\/uploads\/2025\/03\/WX20250307-115412%402x.webp?resize=600%2C183&amp;ssl=1 600w\" sizes=\"auto, (max-width: 1200px) 100vw, 1200px\" \/><\/a><\/figure>\n\n\n\n<p class=\"\"><em>* Internetin nopeudesta riippuen mallin lataaminen voi kest\u00e4\u00e4 muutaman sekunnin.<br>* Jatkuvan luomisen aikana tapahtuu v\u00e4limuistitallennusta, ja uusi kuva tulee n\u00e4kyviin noin 3 sekunnin kuluttua.<\/em><\/p>\n\n\n\n<div style=\"text-align: center; border: 2px solid; border-image-source: linear-gradient(to right, #16b86c, #912899); border-image-slice: 1; box-shadow: 0 0 10px rgba(0, 0, 0, 0.1); border-radius: 15px;\">\n  <iframe loading=\"lazy\"\n    src=\"https:\/\/artificialguybr-logo-sdxl-lora-free-demo.hf.space\"\n    frameborder=\"0\"\n    width=\"1100\"\n    height=\"800\"\n    style=\"display: inline-block; margin: 0 auto;\"\n  ><\/iframe>\n<\/div>\n\n\n\n<div style=\"height:49px\" aria-hidden=\"true\" class=\"wp-block-spacer\"><\/div>\n\n\n\n<h2 class=\"wp-block-heading\" id=\"introduction-of-free-ai-logo-generator\">Ilmaisen AI-logogeneraattorin k\u00e4ytt\u00f6\u00f6notto<\/h2>\n\n\n\n<p class=\"\">Yrityksen omistajana ammattimaisen logon luominen on olennaisen t\u00e4rke\u00e4\u00e4 br\u00e4ndisi identiteetin luomiseksi. Teko\u00e4lyn yleistymisen my\u00f6t\u00e4 logon luomisesta on tullut helpompaa ja tehokkaampaa. T\u00e4ss\u00e4 artikkelissa tutustumme ilmaisen teko\u00e4lylogogeneraattorin ihmeisiin ja siihen, miten se voi hy\u00f6dytt\u00e4\u00e4 yrityst\u00e4si.<\/p>\n\n\n\n<figure class=\"wp-block-image size-large is-resized\"><img data-recalc-dims=\"1\" decoding=\"async\" width=\"1024\" height=\"562\"   loading=\"lazy\" src=\"https:\/\/i0.wp.com\/aiartfree.online\/wp-content\/uploads\/2024\/07\/1_mL5ZQFtjfXkQdHh6qz_13w.jpg?resize=1024%2C562&#038;ssl=1\" alt=\"Ilmainen AI-logogeneraattori\" class=\"wp-image-2987\" style=\"width:585px;height:auto\" srcset=\"https:\/\/i0.wp.com\/aiartfree.online\/wp-content\/uploads\/2024\/07\/1_mL5ZQFtjfXkQdHh6qz_13w.jpg?resize=1024%2C562&amp;ssl=1 1024w, https:\/\/i0.wp.com\/aiartfree.online\/wp-content\/uploads\/2024\/07\/1_mL5ZQFtjfXkQdHh6qz_13w.jpg?resize=300%2C165&amp;ssl=1 300w, https:\/\/i0.wp.com\/aiartfree.online\/wp-content\/uploads\/2024\/07\/1_mL5ZQFtjfXkQdHh6qz_13w.jpg?resize=768%2C421&amp;ssl=1 768w, https:\/\/i0.wp.com\/aiartfree.online\/wp-content\/uploads\/2024\/07\/1_mL5ZQFtjfXkQdHh6qz_13w.jpg?resize=18%2C10&amp;ssl=1 18w, https:\/\/i0.wp.com\/aiartfree.online\/wp-content\/uploads\/2024\/07\/1_mL5ZQFtjfXkQdHh6qz_13w.jpg?resize=600%2C329&amp;ssl=1 600w, https:\/\/i0.wp.com\/aiartfree.online\/wp-content\/uploads\/2024\/07\/1_mL5ZQFtjfXkQdHh6qz_13w.jpg?w=1400&amp;ssl=1 1400w\" sizes=\"auto, (max-width: 1024px) 100vw, 1024px\" \/><\/figure>\n\n\n\n<p class=\"\"><strong>Sis\u00e4llysluettelo<\/strong><\/p>\n\n\n\n<ul class=\"wp-block-list\">\n<li class=\"\">Ilmaisen AI-logogeneraattorin k\u00e4ytt\u00f6\u00f6notto<\/li>\n\n\n\n<li class=\"\">Miksi k\u00e4ytt\u00e4\u00e4 ilmaista AI-logogeneraattoria?<\/li>\n\n\n\n<li class=\"\">Ilmaisen AI-logogeneraattorin k\u00e4yt\u00f6n edut<\/li>\n\n\n\n<li class=\"\">Milloin kannattaa k\u00e4ytt\u00e4\u00e4 ilmaista AI-logogeneraattoria<\/li>\n\n\n\n<li class=\"\">Kuka voi k\u00e4ytt\u00e4\u00e4 ilmaista AI-logogeneraattoria?<\/li>\n\n\n\n<li class=\"\">Ilmaisten AI-logogeneraattoreiden vertailu<\/li>\n\n\n\n<li class=\"\">FAQ<\/li>\n<\/ul>\n\n\n\n<h3 class=\"wp-block-heading\" id=\"what-is-a-free-ai-logo-generator\"><a href=\"https:\/\/dromerosm-groq-llama3.hf.space\/#what-is-a-free-ai-logo-generator\" target=\"_blank\" rel=\"noopener\"><\/a>Mik\u00e4 on ilmainen AI-logogeneraattori?<\/h3>\n\n\n\n<p class=\"\">Ilmainen teko\u00e4lylogogeneraattori on online-ty\u00f6kalu, joka k\u00e4ytt\u00e4\u00e4 teko\u00e4ly\u00e4 luodakseen yrityksellesi mukautetun logon. N\u00e4m\u00e4 ty\u00f6kalut k\u00e4ytt\u00e4v\u00e4t koneoppimisalgoritmeja luodakseen ainutlaatuisia logoja sy\u00f6tt\u00e4miesi tietojen, kuten toiminimen, tunnuslauseen sek\u00e4 haluamiesi v\u00e4rien ja fonttien perusteella. Muutamalla napsautuksella voit luoda ammattimaisen n\u00e4k\u00f6isen logon muutamassa minuutissa.<\/p>\n\n\n\n<h3 class=\"wp-block-heading\" id=\"why-use-a-free-ai-logo-generator\"><a href=\"https:\/\/dromerosm-groq-llama3.hf.space\/#why-use-a-free-ai-logo-generator\" target=\"_blank\" rel=\"noopener\"><\/a>Miksi k\u00e4ytt\u00e4\u00e4 ilmaista AI-logogeneraattoria?<\/h3>\n\n\n\n<p class=\"\">Ilmaisen AI-logogeneraattorin k\u00e4ytt\u00f6 voi s\u00e4\u00e4st\u00e4\u00e4 aikaa ja rahaa verrattuna ammattimaisen logosuunnittelijan palkkaamiseen. Teko\u00e4lyll\u00e4 toimivassa logosuunnittelussa voit yksinkertaisesti sy\u00f6tt\u00e4\u00e4 yritystietosi ja mieltymyksesi, ja ty\u00f6kalu luo tarpeidesi mukaisen logon.<\/p>\n\n\n\n<h3 class=\"wp-block-heading\" id=\"benefits-of-using-a-free-ai-logo-generator\"><a href=\"https:\/\/dromerosm-groq-llama3.hf.space\/#benefits-of-using-a-free-ai-logo-generator\" target=\"_blank\" rel=\"noopener\"><\/a>Ilmaisen AI-logogeneraattorin k\u00e4yt\u00f6n edut<\/h3>\n\n\n\n<p class=\"\">Seuraavassa on joitakin ilmaisen AI-logogeneraattorin k\u00e4yt\u00f6n etuja:<\/p>\n\n\n\n<p class=\"\">Nopea ja tehokas Luo logo muutamassa minuutissa teko\u00e4lylogogeneraattorilla.<\/p>\n\n\n\n<p class=\"\">Kustannustehokas S\u00e4\u00e4st\u00e4 rahaa, kun et palkkaa ammattimaista logosuunnittelijaa.<\/p>\n\n\n\n<p class=\"\">Ainutlaatuiset mallit Hanki teko\u00e4lyn luomat ainutlaatuiset logot.<\/p>\n\n\n\n<p class=\"\">Korkea resoluutio Lataa korkearesoluutioisia logotiedostoja eri k\u00e4ytt\u00f6tarkoituksiin.<\/p>\n\n\n\n<p class=\"\">Helppok\u00e4ytt\u00f6isyys Sy\u00f6t\u00e4 vain yrityksesi tiedot ja asetukset, ja ty\u00f6kalu hoitaa loput.<\/p>\n\n\n\n<h3 class=\"wp-block-heading\" id=\"when-to-use-a-free-ai-logo-generator\"><a href=\"https:\/\/dromerosm-groq-llama3.hf.space\/#when-to-use-a-free-ai-logo-generator\" target=\"_blank\" rel=\"noopener\"><\/a>Milloin kannattaa k\u00e4ytt\u00e4\u00e4 ilmaista AI-logogeneraattoria<\/h3>\n\n\n\n<p class=\"\">Ilmainen AI-logogeneraattori on t\u00e4ydellinen:<\/p>\n\n\n\n<p class=\"\">Aloittavat yritykset tai pienyritykset, joilla on tiukka budjetti Yritt\u00e4j\u00e4t, jotka haluavat luoda ammattimaisen logon nopeasti Yritykset, jotka haluavat uudistaa br\u00e4ndins\u00e4 tai p\u00e4ivitt\u00e4\u00e4 logonsa.<\/p>\n\n\n\n<h3 class=\"wp-block-heading\" id=\"who-can-use-a-free-ai-logo-generator\"><a href=\"https:\/\/dromerosm-groq-llama3.hf.space\/#who-can-use-a-free-ai-logo-generator\" target=\"_blank\" rel=\"noopener\"><\/a>Kuka voi k\u00e4ytt\u00e4\u00e4 ilmaista AI-logogeneraattoria?<\/h3>\n\n\n\n<p class=\"\">Kuka tahansa voi k\u00e4ytt\u00e4\u00e4 ilmaista AI-logogeneraattoria, mukaan lukien:<\/p>\n\n\n\n<p class=\"\">Yritt\u00e4j\u00e4t Pienyritysten omistajat Markkinoinnin ammattilaiset Graafiset suunnittelijat<\/p>\n\n\n\n<h3 class=\"wp-block-heading\" id=\"comparison-of-free-ai-logo-generators\"><a href=\"https:\/\/dromerosm-groq-llama3.hf.space\/#comparison-of-free-ai-logo-generators\" target=\"_blank\" rel=\"noopener\"><\/a>Ilmaisten AI-logogeneraattoreiden vertailu<\/h3>\n\n\n\n<p class=\"\">T\u00e4ss\u00e4 on muutamia suosittuja ilmaisia AI-logogeneraattoreita sek\u00e4 niiden ominaisuuksia ja etuja:<\/p>\n\n\n\n<figure class=\"wp-block-table\"><table class=\"has-fixed-layout\"><thead><tr><th>Ty\u00f6kalu<\/th><th>Ominaisuudet<\/th><th>Edut<\/th><th>Verkkosivusto<\/th><\/tr><\/thead><tbody><tr><td>AI Art ilmaiseksi verkossa<\/td><td>Teko\u00e4lyk\u00e4ytt\u00f6inen logosuunnittelu, 100+ mallia, elinvoimaiset v\u00e4rit<\/td><td>Nopea ja tehokas, kustannustehokas<\/td><td><a href=\"https:\/\/aiartfree.online\/fi\/ilmainen-ai-logo-generaattori\/\" target=\"_blank\" rel=\"noreferrer noopener\">https:\/\/aiartfree.online\/free-ai-logo-generator<\/a><\/td><\/tr><tr><td>Logojoy<\/td><td>Teko\u00e4lyavusteinen logosuunnittelu, yli 10 000 mallia, v\u00e4ripalettigeneraattori.<\/td><td>Ainutlaatuiset mallit, korkearesoluutioiset tiedostot<\/td><td><a href=\"https:\/\/logojoy.com\/\" target=\"_blank\" rel=\"noreferrer noopener\">https:\/\/logojoy.com<\/a><\/td><\/tr><tr><td>Tailor Brands<\/td><td>Teko\u00e4lyavusteinen logosuunnittelu, yli 10 000 mallia, sosiaalisen median paketti.<\/td><td>Ammattimaiset mallit, helppok\u00e4ytt\u00f6inen<\/td><td><a href=\"https:\/\/tailorbrands.com\/\" target=\"_blank\" rel=\"noreferrer noopener\">https:\/\/tailorbrands.com<\/a><\/td><\/tr><\/tbody><\/table><\/figure>\n\n\n\n<h3 class=\"wp-block-heading\" id=\"advantages-and-disadvantages-of-free-ai-logo-generators\"><a href=\"https:\/\/dromerosm-groq-llama3.hf.space\/#advantages-and-disadvantages-of-free-ai-logo-generators\" target=\"_blank\" rel=\"noopener\"><\/a>Ilmaisten AI-logogeneraattoreiden edut ja haitat<\/h3>\n\n\n\n<p class=\"\">Seuraavassa on joitakin etuja ja haittoja ilmaisten AI-logogeneraattoreiden k\u00e4yt\u00f6st\u00e4:<\/p>\n\n\n\n<p class=\"\"><strong>Edut<\/strong>:<\/p>\n\n\n\n<p class=\"\">Nopea ja tehokas Kustannustehokas Ainutlaatuiset mallit Korkean resoluution tiedostot<\/p>\n\n\n\n<p class=\"\"><strong>Haitat<\/strong>:<\/p>\n\n\n\n<p class=\"\">Rajoitetut r\u00e4\u00e4t\u00e4l\u00f6intimahdollisuudet Rajoitetut suunnittelumallit Eiv\u00e4t ehk\u00e4 t\u00e4yt\u00e4 monimutkaisia suunnitteluvaatimuksia.<\/p>\n\n\n\n<h3 class=\"wp-block-heading\" id=\"best-free-ai-logo-generator\"><a href=\"https:\/\/dromerosm-groq-llama3.hf.space\/#best-free-ai-logo-generator\" target=\"_blank\" rel=\"noopener\"><\/a>Paras ilmainen AI-logogeneraattori<\/h3>\n\n\n\n<p class=\"\">Tutkittuamme ja vertailtuamme erilaisia ilmaisia AI-logogeneraattoreita suosittelemme l\u00e4mpim\u00e4sti AI Art Free Onlinea. Se on teko\u00e4lyll\u00e4 toimivan logosuunnittelun, yli 100 mallin ja eloisien v\u00e4rien ansiosta t\u00e4ydellinen ty\u00f6kalu ammattimaisen logon luomiseen nopeasti ja tehokkaasti.<\/p>\n\n\n\n<h3 class=\"wp-block-heading\" id=\"faq\"><a href=\"https:\/\/dromerosm-groq-llama3.hf.space\/#faq\" target=\"_blank\" rel=\"noopener\"><\/a>FAQ<\/h3>\n\n\n<div id=\"rank-math-faq\" class=\"rank-math-block\">\n<div class=\"rank-math-list\">\n<div id=\"faq-question-1721394932020\" class=\"rank-math-list-item\">\n<h3 class=\"rank-math-question\">Voinko k\u00e4ytt\u00e4\u00e4 ilmaista AI-logogeneraattoria kaupalliseen k\u00e4ytt\u00f6\u00f6n?<\/h3>\n<div class=\"rank-math-answer\">\n\n<p>Kyll\u00e4, useimmat ilmaiset AI-logogeneraattorit sallivat tuotettujen logojen kaupallisen k\u00e4yt\u00f6n.<\/p>\n\n<\/div>\n<\/div>\n<div id=\"faq-question-1721394940919\" class=\"rank-math-list-item\">\n<h3 class=\"rank-math-question\">Ovatko teko\u00e4lyn luomat logot ainutlaatuisia?<\/h3>\n<div class=\"rank-math-answer\">\n\n<p>Kyll\u00e4, teko\u00e4lyn luomat logot ovat ainutlaatuisia ja r\u00e4\u00e4t\u00e4l\u00f6ityj\u00e4 sy\u00f6tt\u00f6si perusteella.<\/p>\n\n<\/div>\n<\/div>\n<div id=\"faq-question-1721394949679\" class=\"rank-math-list-item\">\n<h3 class=\"rank-math-question\">Voinko muokata luotua logoa?<\/h3>\n<div class=\"rank-math-answer\">\n\n<p>Kyll\u00e4, useimmissa ilmaisissa AI-logogeneraattoreissa voit muokata luotua logoa.<\/p>\n\n<\/div>\n<\/div>\n<div id=\"faq-question-1721394962503\" class=\"rank-math-list-item\">\n<h3 class=\"rank-math-question\">Ovatko logotiedostot korkearesoluutioisia?<\/h3>\n<div class=\"rank-math-answer\">\n\n<p>Kyll\u00e4, useimmat ilmaiset AI-logogeneraattorit tarjoavat korkearesoluutioisia logotiedostoja eri k\u00e4ytt\u00f6tarkoituksiin.<\/p>\n\n<\/div>\n<\/div>\n<\/div>\n<\/div>","protected":false},"excerpt":{"rendered":"<p>How to use Free AI Logo Generator *&nbsp;Depending on your internet speed, loading the model may take a few seconds.* There will be caching during continuous generation, and the new image will appear after about 3 seconds. Introduction of Free AI Logo Generator As a business owner, creating a professional logo is essential to establish &#8230; <a title=\"Ilmainen AI-logogeneraattori\" class=\"read-more\" href=\"https:\/\/aiartfree.online\/fi\/ilmainen-ai-logo-generaattori\/\" aria-label=\"Lue lis\u00e4\u00e4 aiheesta Free AI Logo Generator\">Lue lis\u00e4\u00e4<\/a><\/p>","protected":false},"author":1,"featured_media":0,"parent":0,"menu_order":0,"comment_status":"open","ping_status":"closed","template":"","meta":{"nf_dc_page":"","footnotes":""},"class_list":["post-2983","page","type-page","status-publish"],"jetpack_sharing_enabled":true,"_links":{"self":[{"href":"https:\/\/aiartfree.online\/fi\/wp-json\/wp\/v2\/pages\/2983","targetHints":{"allow":["GET"]}}],"collection":[{"href":"https:\/\/aiartfree.online\/fi\/wp-json\/wp\/v2\/pages"}],"about":[{"href":"https:\/\/aiartfree.online\/fi\/wp-json\/wp\/v2\/types\/page"}],"author":[{"embeddable":true,"href":"https:\/\/aiartfree.online\/fi\/wp-json\/wp\/v2\/users\/1"}],"replies":[{"embeddable":true,"href":"https:\/\/aiartfree.online\/fi\/wp-json\/wp\/v2\/comments?post=2983"}],"version-history":[{"count":1,"href":"https:\/\/aiartfree.online\/fi\/wp-json\/wp\/v2\/pages\/2983\/revisions"}],"predecessor-version":[{"id":3605,"href":"https:\/\/aiartfree.online\/fi\/wp-json\/wp\/v2\/pages\/2983\/revisions\/3605"}],"wp:attachment":[{"href":"https:\/\/aiartfree.online\/fi\/wp-json\/wp\/v2\/media?parent=2983"}],"curies":[{"name":"wp","href":"https:\/\/api.w.org\/{rel}","templated":true}]}}