{"id":2974,"date":"2024-07-19T12:49:16","date_gmt":"2024-07-19T12:49:16","guid":{"rendered":"https:\/\/aiartfree.online\/?page_id=2974"},"modified":"2025-03-07T08:02:23","modified_gmt":"2025-03-07T08:02:23","slug":"bing-ai-image-generator","status":"publish","type":"page","link":"https:\/\/aiartfree.online\/fi\/bing-ai-kuvageneraattori\/","title":{"rendered":"Bing AI Image Generator"},"content":{"rendered":"<h2 class=\"wp-block-heading\">Bing AI Image Generatorin k\u00e4ytt\u00e4minen<\/h2>\n\n\n\n<ol class=\"wp-block-list\">\n<li class=\"\">Kirjoita kehote<\/li>\n\n\n\n<li class=\"\">Napsauta \"Suorita\"<\/li>\n\n\n\n<li class=\"\">Hetkinen, siin\u00e4 se on! <\/li>\n<\/ol>\n\n\n\n<figure class=\"gb-block-image gb-block-image-032aac41\"><a href=\"https:\/\/fas.st\/t\/9U4PYbm7\" target=\"_blank\" rel=\"noopener noreferrer\"><img data-recalc-dims=\"1\" decoding=\"async\" loading=\"lazy\" width=\"1200\" height=\"365\" class=\"gb-image gb-image-032aac41\" src=\"https:\/\/i0.wp.com\/aiartfree.online\/wp-content\/uploads\/2025\/03\/WX20250307-115412%402x.webp?resize=1200%2C365&#038;ssl=1\" alt=\"\" title=\"WX20250307-115412@2x\" srcset=\"https:\/\/i0.wp.com\/aiartfree.online\/wp-content\/uploads\/2025\/03\/WX20250307-115412%402x.webp?w=1942&amp;ssl=1 1942w, https:\/\/i0.wp.com\/aiartfree.online\/wp-content\/uploads\/2025\/03\/WX20250307-115412%402x.webp?resize=300%2C91&amp;ssl=1 300w, https:\/\/i0.wp.com\/aiartfree.online\/wp-content\/uploads\/2025\/03\/WX20250307-115412%402x.webp?resize=1024%2C312&amp;ssl=1 1024w, https:\/\/i0.wp.com\/aiartfree.online\/wp-content\/uploads\/2025\/03\/WX20250307-115412%402x.webp?resize=768%2C234&amp;ssl=1 768w, https:\/\/i0.wp.com\/aiartfree.online\/wp-content\/uploads\/2025\/03\/WX20250307-115412%402x.webp?resize=1536%2C467&amp;ssl=1 1536w, https:\/\/i0.wp.com\/aiartfree.online\/wp-content\/uploads\/2025\/03\/WX20250307-115412%402x.webp?resize=18%2C5&amp;ssl=1 18w, https:\/\/i0.wp.com\/aiartfree.online\/wp-content\/uploads\/2025\/03\/WX20250307-115412%402x.webp?resize=600%2C183&amp;ssl=1 600w\" sizes=\"auto, (max-width: 1200px) 100vw, 1200px\" \/><\/a><\/figure>\n\n\n\n<p class=\"\"><em>* Internetin nopeudesta riippuen mallin lataaminen voi kest\u00e4\u00e4 muutaman sekunnin.<br>* Jatkuvan luomisen aikana tapahtuu v\u00e4limuistitallennusta, ja uusi kuva tulee n\u00e4kyviin noin 3 sekunnin kuluttua.<\/em><\/p>\n\n\n\n<div style=\"text-align: center; border: 2px solid; border-image-source: linear-gradient(to right, #16b86c, #912899); border-image-slice: 1; box-shadow: 0 0 10px rgba(0, 0, 0, 0.1); border-radius: 15px;\">\n  <iframe loading=\"lazy\"\n    src=\"https:\/\/mexicanamerican-dalle-3-xl-lora-v2.hf.space\"\n    frameborder=\"0\"\n    width=\"800\"\n    height=\"1050\"\n    style=\"display: inline-block; margin: 0 auto;\"\n  ><\/iframe>\n<\/div>\n\n\n\n<div style=\"height:50px\" aria-hidden=\"true\" class=\"wp-block-spacer\"><\/div>\n\n\n\n<h1 class=\"wp-block-heading\">Bing AI Image Generatorin k\u00e4ytt\u00f6\u00f6notto<\/h1>\n\n\n\n<p class=\"\">Nykyp\u00e4iv\u00e4n digitaaliaikana visuaalisesti upeiden kuvien luominen on t\u00e4rke\u00e4mp\u00e4\u00e4 kuin koskaan. Olitpa sitten sis\u00e4ll\u00f6ntuottaja, markkinoija tai vain taiteen yst\u00e4v\u00e4, Bing AI Image Generator auttaa sinua tuottamaan laadukkaita kuvia vaivattomasti. T\u00e4ss\u00e4 artikkelissa esitell\u00e4\u00e4n Bing AI Image Generator, tutustutaan sen hy\u00f6tyihin ja opastetaan, miten saat kaiken irti t\u00e4st\u00e4 tehokkaasta ty\u00f6kalusta.<\/p>\n\n\n\n<figure class=\"wp-block-image size-full is-resized\"><img data-recalc-dims=\"1\" decoding=\"async\" width=\"1024\" height=\"1024\"   loading=\"lazy\" src=\"https:\/\/i0.wp.com\/aiartfree.online\/wp-content\/uploads\/2024\/07\/b9cb406d-bffd-446e-9f65-c20776dc6cda.jpg?resize=1024%2C1024&#038;ssl=1\" alt=\"Bing AI Image Generator\" class=\"wp-image-2980\" style=\"width:359px;height:auto\" srcset=\"https:\/\/i0.wp.com\/aiartfree.online\/wp-content\/uploads\/2024\/07\/b9cb406d-bffd-446e-9f65-c20776dc6cda.jpg?w=1024&amp;ssl=1 1024w, https:\/\/i0.wp.com\/aiartfree.online\/wp-content\/uploads\/2024\/07\/b9cb406d-bffd-446e-9f65-c20776dc6cda.jpg?resize=300%2C300&amp;ssl=1 300w, https:\/\/i0.wp.com\/aiartfree.online\/wp-content\/uploads\/2024\/07\/b9cb406d-bffd-446e-9f65-c20776dc6cda.jpg?resize=150%2C150&amp;ssl=1 150w, https:\/\/i0.wp.com\/aiartfree.online\/wp-content\/uploads\/2024\/07\/b9cb406d-bffd-446e-9f65-c20776dc6cda.jpg?resize=768%2C768&amp;ssl=1 768w, https:\/\/i0.wp.com\/aiartfree.online\/wp-content\/uploads\/2024\/07\/b9cb406d-bffd-446e-9f65-c20776dc6cda.jpg?resize=12%2C12&amp;ssl=1 12w, https:\/\/i0.wp.com\/aiartfree.online\/wp-content\/uploads\/2024\/07\/b9cb406d-bffd-446e-9f65-c20776dc6cda.jpg?resize=600%2C600&amp;ssl=1 600w, https:\/\/i0.wp.com\/aiartfree.online\/wp-content\/uploads\/2024\/07\/b9cb406d-bffd-446e-9f65-c20776dc6cda.jpg?resize=100%2C100&amp;ssl=1 100w\" sizes=\"auto, (max-width: 1024px) 100vw, 1024px\" \/><\/figure>\n\n\n\n<h2 class=\"wp-block-heading\">Sis\u00e4llysluettelo<\/h2>\n\n\n\n<ol class=\"wp-block-list\">\n<li class=\"\"><a href=\"#what-is-bing-ai-image-generator\">Mik\u00e4 on Bing AI Image Generator?<\/a><\/li>\n\n\n\n<li class=\"\"><a href=\"#why-use-bing-ai-image-generator\">Miksi k\u00e4ytt\u00e4\u00e4 Bing AI Image Generatoria?<\/a><\/li>\n\n\n\n<li class=\"\"><a href=\"#benefits-of-using-bing-ai-image-generator\">Bing AI Image Generatorin k\u00e4yt\u00f6n edut<\/a><\/li>\n\n\n\n<li class=\"\"><a href=\"#when-to-use-bing-ai-image-generator\">Milloin kannattaa k\u00e4ytt\u00e4\u00e4 Bing AI Image Generatoria<\/a><\/li>\n\n\n\n<li class=\"\"><a href=\"#who-should-use-bing-ai-image-generator\">Kenen pit\u00e4isi k\u00e4ytt\u00e4\u00e4 Bing AI Image Generatoria?<\/a><\/li>\n\n\n\n<li class=\"\"><a href=\"#comparison-of-bing-ai-image-generator-with-other-tools\">Bing AI Image Generatorin ja muiden ty\u00f6kalujen vertailu<\/a><\/li>\n\n\n\n<li class=\"\"><a href=\"#frequently-asked-questions\">Usein kysytyt kysymykset<\/a><\/li>\n<\/ol>\n\n\n\n<h2 class=\"wp-block-heading\">Mik\u00e4 on Bing AI Image Generator?<\/h2>\n\n\n\n<p class=\"\">Bing AI Image Generator on Microsoftin kehitt\u00e4m\u00e4 innovatiivinen ty\u00f6kalu, joka hy\u00f6dynt\u00e4\u00e4 generatiivista teko\u00e4lyteknologiaa luodakseen kuvia tekstikehotteista. T\u00e4m\u00e4n teko\u00e4lykuvageneraattorin avulla k\u00e4ytt\u00e4j\u00e4t voivat sy\u00f6tt\u00e4\u00e4 kuvailevaa teksti\u00e4 ja saada vastineeksi korkealaatuisia, ainutlaatuisia kuvia. Sen taustalla oleva teknologia hy\u00f6dynt\u00e4\u00e4 kehittyneit\u00e4 teko\u00e4lyalgoritmeja, jotka ymm\u00e4rt\u00e4v\u00e4t ja visualisoivat sy\u00f6tetyn tekstin ja tuottavat kuvia, jotka vastaavat k\u00e4ytt\u00e4j\u00e4n kuvausta tarkasti.<\/p>\n\n\n\n<h2 class=\"wp-block-heading\">Miksi<\/h2>\n\n\n\n<p class=\"\">Bing AI Image Generatorin k\u00e4ytt\u00f6 voi parantaa luovia projektejasi merkitt\u00e4v\u00e4sti. Olipa kyseess\u00e4 markkinointikampanjan suunnittelu, sis\u00e4ll\u00f6n luominen sosiaaliseen mediaan tai verkkosivuston kehitt\u00e4minen, on korvaamatonta, ett\u00e4 k\u00e4yt\u00f6ss\u00e4si on ty\u00f6kalu, jolla voit luoda kuvia erityistarpeidesi mukaan. Kyky luoda kuvia nopeasti ilman laajoja graafisen suunnittelun taitoja s\u00e4\u00e4st\u00e4\u00e4 aikaa ja resursseja, jolloin voit keskitty\u00e4 projektin muihin t\u00e4rkeisiin osa-alueisiin.<\/p>\n\n\n\n<h2 class=\"wp-block-heading\">Edut<\/h2>\n\n\n\n<ol class=\"wp-block-list\">\n<li class=\"\"><strong>Korkealaatuiset kuvat<\/strong>: Bing AI Image Generator tuottaa korkearesoluutioisia kuvia, joita voidaan k\u00e4ytt\u00e4\u00e4 erilaisiin ammatillisiin tarkoituksiin.<\/li>\n\n\n\n<li class=\"\"><strong>Mukautettavuus<\/strong>: Antamalla yksityiskohtaisia tekstikehotteita voit luoda juuri sinun tarpeisiisi r\u00e4\u00e4t\u00e4l\u00f6ityj\u00e4 kuvia.<\/li>\n\n\n\n<li class=\"\"><strong>Ajallinen tehokkuus<\/strong>: Luo nopeasti kuvia ilman manuaalista graafista suunnittelua.<\/li>\n\n\n\n<li class=\"\"><strong>Kustannustehokas<\/strong>: V\u00e4henn\u00e4 kalliiden graafisen suunnittelun ohjelmistojen tai ammattitaitoisten suunnittelijoiden palkkaamisen tarvetta.<\/li>\n\n\n\n<li class=\"\"><strong>Saavutettavuus<\/strong>: Helppo k\u00e4ytt\u00e4\u00e4, my\u00f6s niille, joilla ei ole teknisi\u00e4 taitoja.<\/li>\n<\/ol>\n\n\n\n<h2 class=\"wp-block-heading\">Milloin k\u00e4ytt\u00e4\u00e4<\/h2>\n\n\n\n<p class=\"\">Bing AI Image Generator sopii k\u00e4ytett\u00e4v\u00e4ksi monissa eri tilanteissa, kuten:<\/p>\n\n\n\n<ul class=\"wp-block-list\">\n<li class=\"\"><strong>Markkinointikampanjat<\/strong>: Luo visuaalisesti houkuttelevia kuvia mainoksiin ja sosiaalisen median viesteihin.<\/li>\n\n\n\n<li class=\"\"><strong>Sis\u00e4ll\u00f6n luominen<\/strong>: Luo ainutlaatuisia kuvia blogikirjoitusten, artikkelien ja verkkosivujen sis\u00e4ll\u00f6n parantamiseksi.<\/li>\n\n\n\n<li class=\"\"><strong>Opetusmateriaalit<\/strong>: Tuottaa havainnollistavia kuvia esityksi\u00e4, raportteja ja opetusmateriaaleja varten.<\/li>\n\n\n\n<li class=\"\"><strong>Taide- ja muotoiluprojektit<\/strong>: Kokeile luovia konsepteja ja visuaalisia tyylej\u00e4.<\/li>\n<\/ul>\n\n\n\n<h2 class=\"wp-block-heading\">Kenen pit\u00e4isi k\u00e4ytt\u00e4\u00e4?<\/h2>\n\n\n\n<p class=\"\">Bing AI Image Generator sopii monenlaisille k\u00e4ytt\u00e4jille, kuten:<\/p>\n\n\n\n<ul class=\"wp-block-list\">\n<li class=\"\"><strong>Sis\u00e4ll\u00f6ntuottajat<\/strong>: Bloggaajat, vloggaajat ja sosiaalisen median vaikuttajat.<\/li>\n\n\n\n<li class=\"\"><strong>Markkinoijat<\/strong>: Digitaaliset markkinoijat, mainostajat ja br\u00e4ndijohtajat.<\/li>\n\n\n\n<li class=\"\"><strong>Kouluttajat<\/strong>: Opettajat, kouluttajat ja opetussuunnittelijat.<\/li>\n\n\n\n<li class=\"\"><strong>Taiteilijat ja suunnittelijat<\/strong>: Graafiset suunnittelijat, kuvittajat ja kuvataiteilijat.<\/li>\n\n\n\n<li class=\"\"><strong>Yritykset<\/strong>: Pienyritt\u00e4j\u00e4t, startup-yritykset ja suuryritykset.<\/li>\n<\/ul>\n\n\n\n<h2 class=\"wp-block-heading\">Bing AI Image Generatorin ja muiden ty\u00f6kalujen vertailu<\/h2>\n\n\n\n<p class=\"\">Teko\u00e4lykuvien tuottamiseen on markkinoilla saatavilla useita ty\u00f6kaluja. T\u00e4ss\u00e4 vertaamme Bing AI Image Generatoria muihin suosittuihin vaihtoehtoihin:<\/p>\n\n\n\n<figure class=\"wp-block-table\"><table class=\"has-fixed-layout\"><thead><tr><th>Ty\u00f6kalu<\/th><th>Plussaa<\/th><th>Miinukset<\/th><th>Edut<\/th><th>Haasteet<\/th><th>Suositus<\/th><\/tr><\/thead><tbody><tr><td><a href=\"https:\/\/aiartfree.online\/fi\/\" data-type=\"link\" data-id=\"https:\/\/aiartfree.online\/\">Ilmainen AI Art Generator<\/a><\/td><td>K\u00e4ytt\u00e4j\u00e4yst\u00e4v\u00e4llinen, ilmainen k\u00e4ytt\u00f6<\/td><td>Rajoitetut lis\u00e4ominaisuudet<\/td><td>Helppo aloittelijoille<\/td><td>Perustulos<\/td><td>Suuri rentoon k\u00e4ytt\u00f6\u00f6n<\/td><\/tr><tr><td><a href=\"https:\/\/midjourney.com\" rel=\"nofollow noopener\" target=\"_blank\">Matkan puoliv\u00e4liss\u00e4<\/a><\/td><td>Laadukkaat tuotokset, luovat tyylit<\/td><td>Tarvitaan tilaus<\/td><td>Ammattilaistason kuvat<\/td><td>Kallis<\/td><td>Ihanteellinen ammattik\u00e4ytt\u00f6\u00f6n<\/td><\/tr><tr><td><a href=\"https:\/\/stablediffusion.com\" rel=\"nofollow noopener\" target=\"_blank\">Vakaa diffuusio<\/a><\/td><td>Yksityiskohtaiset kuvat, muokattavissa<\/td><td>Vaatii teknist\u00e4 tiet\u00e4myst\u00e4<\/td><td>Monipuoliset l\u00e4hd\u00f6t<\/td><td>Jyrkk\u00e4 oppimisk\u00e4yr\u00e4<\/td><td>Paras tekniikkaan perehtyneille k\u00e4ytt\u00e4jille<\/td><\/tr><tr><td><a href=\"https:\/\/aiartfree.online\/fi\/free-online-dall\u00b7e-3\/\" data-type=\"link\" data-id=\"https:\/\/aiartfree.online\/free-online-dall%c2%b7e-3\/\">DALL-E 3<\/a><\/td><td>Innovatiivinen, huippuluokan<\/td><td>P\u00e4\u00e4sy rajoitettu<\/td><td>Huippuluokan teko\u00e4ly<\/td><td>Rajoitettu saatavuus<\/td><td>T\u00e4ydellinen varhaisten omaksujien kannalta<\/td><\/tr><tr><td><a href=\"https:\/\/deepart.io\" rel=\"nofollow noopener\" target=\"_blank\">DeepArt.io<\/a><\/td><td>Taiteelliset tyylit, helppok\u00e4ytt\u00f6inen<\/td><td>K\u00e4sittelyaika voi olla pitk\u00e4<\/td><td>Ainutlaatuiset taiteelliset tuotokset<\/td><td>Hidas sukupolven aika<\/td><td>Sopii taideprojekteihin<\/td><\/tr><tr><td><a href=\"https:\/\/artbreeder.com\" rel=\"nofollow noopener\" target=\"_blank\">Artbreeder<\/a><\/td><td>Yhteisty\u00f6h\u00f6n perustuvat, erilaiset tyylit<\/td><td>Joitakin ominaisuuksia maksumuurin takana<\/td><td>Luova vapaus<\/td><td>Voi olla monimutkainen<\/td><td>Sopii erinomaisesti yhteisty\u00f6hankkeisiin<\/td><\/tr><tr><td><a href=\"https:\/\/runwayml.com\" rel=\"nofollow noopener\" target=\"_blank\">Kiitotie ML<\/a><\/td><td>Laaja valikoima teko\u00e4lyty\u00f6kaluja<\/td><td>Kalliita t\u00e4ydelle k\u00e4ytt\u00f6oikeudelle<\/td><td>Monik\u00e4ytt\u00f6inen<\/td><td>Korkeat kustannukset<\/td><td>Erinomainen kattavaan teko\u00e4lyn k\u00e4ytt\u00f6\u00f6n<\/td><\/tr><tr><td><a href=\"https:\/\/deepdreamgenerator.com\" rel=\"nofollow noopener\" target=\"_blank\">Deep Dream Generator<\/a><\/td><td>Surrealistiset ja ainutlaatuiset tuotokset<\/td><td>Tulosten hallinta on v\u00e4h\u00e4isemp\u00e4\u00e4<\/td><td>Hauska ja kokeellinen<\/td><td>Arvaamattomat tulokset<\/td><td>Ihanteellinen kokeelliseen taiteeseen<\/td><\/tr><tr><td><a href=\"https:\/\/nightcafe.studio\" rel=\"nofollow noopener\" target=\"_blank\">NightCafe<\/a><\/td><td>Monenlaisia tyylej\u00e4, yhteis\u00f6l\u00e4ht\u00f6inen<\/td><td>Rajoitettu vapaa k\u00e4ytt\u00f6<\/td><td>Yhteis\u00f6n ominaisuudet<\/td><td>K\u00e4ytt\u00f6rajoitukset<\/td><td>Hyv\u00e4 yhteis\u00f6n vuorovaikutukselle<\/td><\/tr><tr><td><a href=\"https:\/\/artisto.com\" rel=\"nofollow noopener\" target=\"_blank\">Artisto<\/a><\/td><td>Mobiiliyst\u00e4v\u00e4llinen, helppok\u00e4ytt\u00f6inen<\/td><td>Rajoitettu mobiilialustaan<\/td><td>K\u00e4tev\u00e4<\/td><td>Alustarajoitukset<\/td><td>Paras mobiilik\u00e4ytt\u00e4jille<\/td><\/tr><\/tbody><\/table><\/figure>\n\n\n\n<p class=\"\">Vertailtuamme n\u00e4it\u00e4 ty\u00f6kaluja suosittelemme <a href=\"https:\/\/aiartfree.online\/fi\/bing-ai-kuvageneraattori\/\"><strong>Bing AI Image Generator<\/strong><\/a> parhaana vaihtoehtona laadun, helppok\u00e4ytt\u00f6isyyden ja saavutettavuuden tasapainon vuoksi. Lis\u00e4tietoja saat osoitteesta <a href=\"https:\/\/aiartfree.online\/fi\/bing-ai-kuvageneraattori\/\">Bing AI Image Generator<\/a>.<\/p>\n\n\n\n<h2 class=\"wp-block-heading\">Usein kysytyt kysymykset<\/h2>\n\n\n\n<ol class=\"wp-block-list\">\n<li class=\"\"><strong>Mik\u00e4 on Bing AI Image Generator?<\/strong> Bing AI Image Generator on ty\u00f6kalu, joka luo teko\u00e4lyn avulla kuvia tekstikuvausten perusteella.<\/li>\n\n\n\n<li class=\"\"><strong>Miten Bing AI Image Generator toimii?<\/strong> Se k\u00e4ytt\u00e4\u00e4 generatiivisia teko\u00e4lyalgoritmeja tekstikehotteiden tulkitsemiseen ja vastaavien kuvien luomiseen.<\/li>\n\n\n\n<li class=\"\"><strong>Onko Bing AI Image Generatorin k\u00e4ytt\u00f6 ilmaista?<\/strong> Kyll\u00e4, se on saatavilla ilmaiseksi tietyin rajoituksin.<\/li>\n\n\n\n<li class=\"\"><strong>Voinko k\u00e4ytt\u00e4\u00e4 Bing AI Image Generatoria kaupallisiin tarkoituksiin?<\/strong> Kyll\u00e4, tuotettuja kuvia voidaan k\u00e4ytt\u00e4\u00e4 kaupallisissa projekteissa.<\/li>\n\n\n\n<li class=\"\"><strong>Mit\u00e4 hy\u00f6ty\u00e4 Bing AI Image Generatorin k\u00e4yt\u00f6st\u00e4 on?<\/strong> Se tarjoaa korkealaatuisia kuvia, on mukautettavissa, ajallisesti tehokas, kustannustehokas ja helppok\u00e4ytt\u00f6inen.<\/li>\n\n\n\n<li class=\"\"><strong>Tarvitsenko teknisi\u00e4 taitoja Bing AI Image Generatorin k\u00e4ytt\u00f6\u00f6n?<\/strong> Ei, se on suunniteltu k\u00e4ytt\u00e4j\u00e4yst\u00e4v\u00e4lliseksi my\u00f6s niille, joilla ei ole teknist\u00e4 asiantuntemusta.<\/li>\n\n\n\n<li class=\"\"><strong>Mink\u00e4laiset projektit voivat hy\u00f6ty\u00e4 Bing AI Image Generatorista?<\/strong> Markkinointikampanjat, sis\u00e4ll\u00f6n luominen, koulutusmateriaalit, taide ja suunnitteluprojektit.<\/li>\n\n\n\n<li class=\"\"><strong>Miten voin antaa palautetta luoduista kuvista?<\/strong> L\u00f6yd\u00e4t yleens\u00e4 palautevaihtoehdon ty\u00f6kalun k\u00e4ytt\u00f6liittym\u00e4st\u00e4.<\/li>\n\n\n\n<li class=\"\"><strong>Onko Bing AI Image Generatorissa rajoituksia?<\/strong> Vaikka se on tehokas, se ei ehk\u00e4 viel\u00e4 vastaa ammattimaisen suunnittelijan luovuutta.<\/li>\n\n\n\n<li class=\"\"><strong>Mist\u00e4 voin k\u00e4ytt\u00e4\u00e4 Bing AI Image Generatoria?<\/strong> Voit tutustua siihen osoitteessa <a href=\"https:\/\/aiartfree.online\/fi\/bing-ai-kuvageneraattori\/\">Bing AI Image Generator<\/a>.<\/li>\n<\/ol>\n\n\n\n<p class=\"\">Yhteenvetona voidaan todeta, ett\u00e4 Bing AI Image Generator on monipuolinen ja tehokas ty\u00f6kalu, joka voi parantaa luovia projektejasi tuottamalla korkealaatuisia kuvia, jotka on luotu tekstikuvauksista. Olitpa sitten sis\u00e4ll\u00f6ntuottaja, markkinoija, kouluttaja tai taiteilija, t\u00e4m\u00e4 ty\u00f6kalu voi s\u00e4\u00e4st\u00e4\u00e4 aikaa ja resursseja ja tuottaa samalla vaikuttavia tuloksia.<\/p>","protected":false},"excerpt":{"rendered":"<p>How to use Bing AI Image Generator *&nbsp;Depending on your internet speed, loading the model may take a few seconds.* There will be caching during continuous generation, and the new image will appear after about 3 seconds. Introduction of Bing AI Image Generator In today&#8217;s digital age, creating visually stunning images is more important than &#8230; <a title=\"Bing AI Image Generator\" class=\"read-more\" href=\"https:\/\/aiartfree.online\/fi\/bing-ai-kuvageneraattori\/\" aria-label=\"Lue lis\u00e4\u00e4 aiheesta Bing AI Image Generator\">Lue lis\u00e4\u00e4<\/a><\/p>","protected":false},"author":1,"featured_media":0,"parent":0,"menu_order":0,"comment_status":"open","ping_status":"closed","template":"","meta":{"nf_dc_page":"","footnotes":""},"class_list":["post-2974","page","type-page","status-publish"],"jetpack_sharing_enabled":true,"_links":{"self":[{"href":"https:\/\/aiartfree.online\/fi\/wp-json\/wp\/v2\/pages\/2974","targetHints":{"allow":["GET"]}}],"collection":[{"href":"https:\/\/aiartfree.online\/fi\/wp-json\/wp\/v2\/pages"}],"about":[{"href":"https:\/\/aiartfree.online\/fi\/wp-json\/wp\/v2\/types\/page"}],"author":[{"embeddable":true,"href":"https:\/\/aiartfree.online\/fi\/wp-json\/wp\/v2\/users\/1"}],"replies":[{"embeddable":true,"href":"https:\/\/aiartfree.online\/fi\/wp-json\/wp\/v2\/comments?post=2974"}],"version-history":[{"count":1,"href":"https:\/\/aiartfree.online\/fi\/wp-json\/wp\/v2\/pages\/2974\/revisions"}],"predecessor-version":[{"id":3593,"href":"https:\/\/aiartfree.online\/fi\/wp-json\/wp\/v2\/pages\/2974\/revisions\/3593"}],"wp:attachment":[{"href":"https:\/\/aiartfree.online\/fi\/wp-json\/wp\/v2\/media?parent=2974"}],"curies":[{"name":"wp","href":"https:\/\/api.w.org\/{rel}","templated":true}]}}