{"id":2968,"date":"2024-07-19T12:42:38","date_gmt":"2024-07-19T12:42:38","guid":{"rendered":"https:\/\/aiartfree.online\/?page_id=2968"},"modified":"2024-08-02T12:10:12","modified_gmt":"2024-08-02T12:10:12","slug":"ai-3d-model-generator","status":"publish","type":"page","link":"https:\/\/aiartfree.online\/fi\/ai-3d-mallin-generaattori\/","title":{"rendered":"AI 3d Model Generator"},"content":{"rendered":"<h2 class=\"wp-block-heading has-text-align-center\" id=\"what-our-users-made\">Mit\u00e4 k\u00e4ytt\u00e4j\u00e4t tekiv\u00e4t<\/h2>\n\n\n\n<figure class=\"gb-block-image gb-block-image-1822da1f\"><img data-recalc-dims=\"1\" decoding=\"async\" loading=\"lazy\" width=\"1024\" height=\"672\" class=\"gb-image gb-image-1822da1f\" src=\"https:\/\/i0.wp.com\/aiartfree.online\/wp-content\/uploads\/2024\/07\/WX20240719-153337%402x-1-1.jpg?resize=1024%2C672&#038;ssl=1\" alt=\"AI 3D-mallin generaattori\" title=\"WX20240719-153337@2x (1) (1) (1)\" srcset=\"https:\/\/i0.wp.com\/aiartfree.online\/wp-content\/uploads\/2024\/07\/WX20240719-153337%402x-1-1.jpg?resize=1024%2C672&amp;ssl=1 1024w, https:\/\/i0.wp.com\/aiartfree.online\/wp-content\/uploads\/2024\/07\/WX20240719-153337%402x-1-1.jpg?resize=300%2C197&amp;ssl=1 300w, https:\/\/i0.wp.com\/aiartfree.online\/wp-content\/uploads\/2024\/07\/WX20240719-153337%402x-1-1.jpg?resize=768%2C504&amp;ssl=1 768w, https:\/\/i0.wp.com\/aiartfree.online\/wp-content\/uploads\/2024\/07\/WX20240719-153337%402x-1-1.jpg?resize=1536%2C1008&amp;ssl=1 1536w, https:\/\/i0.wp.com\/aiartfree.online\/wp-content\/uploads\/2024\/07\/WX20240719-153337%402x-1-1.jpg?resize=18%2C12&amp;ssl=1 18w, https:\/\/i0.wp.com\/aiartfree.online\/wp-content\/uploads\/2024\/07\/WX20240719-153337%402x-1-1.jpg?resize=600%2C394&amp;ssl=1 600w, https:\/\/i0.wp.com\/aiartfree.online\/wp-content\/uploads\/2024\/07\/WX20240719-153337%402x-1-1.jpg?w=1768&amp;ssl=1 1768w\" sizes=\"auto, (max-width: 1024px) 100vw, 1024px\" \/><\/figure>\n\n\n\n<h2 class=\"wp-block-heading\" id=\"how-to-use-ai-3-d-model-generator\">Kuinka k\u00e4ytt\u00e4\u00e4 AI 3d Model Generatoria<\/h2>\n\n\n\n<ol class=\"wp-block-list\">\n<li class=\"\">Pudota \/ Lataa kuva tai valitse yksi esimerkkikuvista.<\/li>\n\n\n\n<li class=\"\">Napsauta \"Generate 4 Views\" (Luo 4 n\u00e4kym\u00e4\u00e4)<\/li>\n\n\n\n<li class=\"\">Napsauta alla olevaa \"Generate 3D Mesh\" (Luo 3D-verkko) -painiketta<\/li>\n\n\n\n<li class=\"\">Hetkinen, siin\u00e4 se on! 3D-mallisi on melkein valmis!<\/li>\n<\/ol>\n\n\n\n<p class=\"\"><em>* Internetin nopeudesta riippuen mallin lataaminen voi kest\u00e4\u00e4 muutaman sekunnin.<br>* Jatkuvan luomisen aikana tapahtuu v\u00e4limuistitallennusta, ja uusi kuva tulee n\u00e4kyviin noin 3 sekunnin kuluttua.<\/em><\/p>\n\n\n\n<div class=\"iframe-wrapper\" style=\"position: relative; width: 100%; height: 2050px;\">\n  <div class=\"loading\" style=\"position: absolute; top: 50px; left: 50%; transform: translate(-50%, -50%); width: 40px; height: 40px; border: 3px solid #f0f0f0; border-top: 3px solid #db7093; border-radius: 50%; animation: spin 1s linear infinite;\"><\/div>\n  <iframe loading=\"lazy\" src=\"https:\/\/vast-ai-charactergen.hf.space\" frameborder=\"0\" width=\"100%\" height=\"100%\" style=\"position: absolute; top: 0; left: 0; opacity: 0; transition: opacity 0.3s;\" onload=\"this.style.opacity=1;this.previousElementSibling.style.display='none';\"><\/iframe>\n<\/div>\n\n<style>\n@keyframes spin {\n  0% { transform: translate(-50%, -50%) rotate(0deg); }\n  100% { transform: translate(-50%, -50%) rotate(360deg); }\n}\n<\/style>\n\n\n\n<div style=\"height:50px\" aria-hidden=\"true\" class=\"wp-block-spacer\"><\/div>\n\n\n\n<h2 class=\"wp-block-heading\" id=\"introduction-of-ai-3-d-model-generator\">AI 3D Model Generatorin k\u00e4ytt\u00f6\u00f6notto<\/h2>\n\n\n\n<p class=\"\">3D-mallien luominen ei ole koskaan ollut helpompaa teko\u00e4lyn 3D-malligeneraattoreiden my\u00f6t\u00e4. T\u00e4ss\u00e4 artikkelissa annetaan kattava opas AI 3D-malligeneraattoreista, niiden k\u00e4ytt\u00f6tarkoituksista, hy\u00f6dyist\u00e4 ja parhaista markkinoilla saatavilla olevista ty\u00f6kaluista. Olipa kyse sitten 2D-kuvien muuntamisesta 3D-malleiksi tai 3D-mallien luomisesta tekstikehotteista, meilt\u00e4 saat kaiken irti.<\/p>\n\n\n\n<div class=\"wp-block-rank-math-toc-block\" id=\"rank-math-toc\"><h3>Sis\u00e4llysluettelo<\/h3><nav><ul><li><a href=\"#what-is-an-ai-3-d-model-generator\">Mik\u00e4 on AI 3D Model Generator?<\/a><\/li><li><a href=\"#why-use-an-ai-3-d-model-generator\">Miksi k\u00e4ytt\u00e4\u00e4 AI 3D-mallien generaattoria?<\/a><\/li><li><a href=\"#benefits-of-using-an-ai-3-d-model-generator\">AI 3D Model Generatorin k\u00e4yt\u00f6n edut<\/a><\/li><li><a href=\"#when-to-use-an-ai-3-d-model-generator\">Milloin k\u00e4ytt\u00e4\u00e4 AI 3D-malligeneraattoria<\/a><\/li><li><a href=\"#who-should-use-an-ai-3-d-model-generator\">Kenen pit\u00e4isi k\u00e4ytt\u00e4\u00e4 AI 3D-mallien generaattoria?<\/a><\/li><li><a href=\"#comparison-of-ai-3-d-model-generators\">Teko\u00e4lyn 3D-mallien generaattoreiden vertailu<\/a><\/li><li><a href=\"#faq\">FAQ<\/a><\/li><\/ul><\/nav><\/div>\n\n\n\n<h3 class=\"wp-block-heading\" id=\"what-is-an-ai-3-d-model-generator\">Mik\u00e4 on AI 3D Model Generator?<\/h3>\n\n\n\n<p class=\"\">Teko\u00e4lyn 3D-malligeneraattori on ohjelmistoty\u00f6kalu, joka k\u00e4ytt\u00e4\u00e4 teko\u00e4lyalgoritmeja luomaan kolmiulotteisia malleja erilaisista sy\u00f6tteist\u00e4, kuten 2D-kuvista, tekstikehotteista tai valokuvista. N\u00e4m\u00e4 ty\u00f6kalut hy\u00f6dynt\u00e4v\u00e4t kehittyneit\u00e4 koneoppimistekniikoita tuottaakseen yksityiskohtaisia ja tarkkoja 3D-esityksi\u00e4.<\/p>\n\n\n\n<h3 class=\"wp-block-heading\" id=\"why-use-an-ai-3-d-model-generator\">Miksi k\u00e4ytt\u00e4\u00e4 AI 3D-mallien generaattoria?<\/h3>\n\n\n\n<p class=\"\">Teko\u00e4lyn 3D-malligeneraattorin k\u00e4ytt\u00e4minen voi tehostaa 3D-mallien luomista merkitt\u00e4v\u00e4sti. N\u00e4m\u00e4 ty\u00f6kalut voivat:<\/p>\n\n\n\n<ul class=\"wp-block-list\">\n<li class=\"\">S\u00e4\u00e4st\u00e4\u00e4 aikaa ja vaivaa verrattuna perinteisiin 3D-mallinnustekniikoihin.<\/li>\n\n\n\n<li class=\"\">Laadukkaiden ja tarkkojen mallien tarjoaminen.<\/li>\n\n\n\n<li class=\"\">Antaa k\u00e4ytt\u00e4jille, joilla ei ole juurikaan kokemusta 3D-mallinnuksesta, mahdollisuuden luoda monimutkaisia malleja.<\/li>\n<\/ul>\n\n\n\n<h3 class=\"wp-block-heading\" id=\"benefits-of-using-an-ai-3-d-model-generator\">AI 3D Model Generatorin k\u00e4yt\u00f6n edut<\/h3>\n\n\n\n<ul class=\"wp-block-list\">\n<li class=\"\"><strong>Tehokkuus<\/strong>: Muunna 2D-kuvat nopeasti 3D-malleiksi tai luo 3D-malleja tekstikuvauksista.<\/li>\n\n\n\n<li class=\"\"><strong>Saavutettavuus<\/strong>: Tee 3D-mallinnus helpommin l\u00e4hestytt\u00e4v\u00e4ksi muillekin kuin asiantuntijoille.<\/li>\n\n\n\n<li class=\"\"><strong>Kustannustehokas<\/strong>: V\u00e4henn\u00e4 kalliiden 3D-mallinnusohjelmistojen ja ammattitaitoisen ty\u00f6voiman tarvetta.<\/li>\n\n\n\n<li class=\"\"><strong>Monipuolisuus<\/strong>: Luo malleja erilaisiin sovelluksiin videopeleist\u00e4 arkkitehtuurisuunnitelmiin.<\/li>\n<\/ul>\n\n\n\n<h3 class=\"wp-block-heading\" id=\"when-to-use-an-ai-3-d-model-generator\">Milloin k\u00e4ytt\u00e4\u00e4 AI 3D-malligeneraattoria<\/h3>\n\n\n\n<p class=\"\">AI 3D-malligeneraattorit ovat ihanteellisia:<\/p>\n\n\n\n<ul class=\"wp-block-list\">\n<li class=\"\">Nopeat prototyypit suunnittelussa ja valmistuksessa.<\/li>\n\n\n\n<li class=\"\">Videopelien ja virtuaalitodellisuuskokemusten luominen.<\/li>\n\n\n\n<li class=\"\">Visuaalisen sis\u00e4ll\u00f6n parantaminen markkinointia ja sosiaalista mediaa varten.<\/li>\n\n\n\n<li class=\"\">Koulutustarkoituksiin, kuten monimutkaisten k\u00e4sitteiden visualisointiin.<\/li>\n<\/ul>\n\n\n\n<h3 class=\"wp-block-heading\" id=\"who-should-use-an-ai-3-d-model-generator\">Kenen pit\u00e4isi k\u00e4ytt\u00e4\u00e4 AI 3D-mallien generaattoria?<\/h3>\n\n\n\n<p class=\"\">N\u00e4ist\u00e4 v\u00e4lineist\u00e4 on hy\u00f6ty\u00e4:<\/p>\n\n\n\n<ul class=\"wp-block-list\">\n<li class=\"\">Suunnittelijat ja taiteilijat, jotka haluavat virtaviivaistaa ty\u00f6nkulkuaan.<\/li>\n\n\n\n<li class=\"\">Kouluttajat ja opiskelijat esimerkiksi tekniikan ja arkkitehtuurin aloilla.<\/li>\n\n\n\n<li class=\"\">Markkinoinnin ammattilaiset, jotka haluavat luoda kiinnostavaa visuaalista sis\u00e4lt\u00f6\u00e4.<\/li>\n\n\n\n<li class=\"\">3D-mallinnusta tutkivat harrastajat ja harrastajat.<\/li>\n<\/ul>\n\n\n\n<h3 class=\"wp-block-heading\" id=\"comparison-of-ai-3-d-model-generators\">Teko\u00e4lyn 3D-mallien generaattoreiden vertailu<\/h3>\n\n\n\n<p class=\"\">Alla on vertailtu suosittuja teko\u00e4lyn 3D-mallien generaattoreita eri l\u00e4hteist\u00e4 saatujen viimeaikaisten havaintojen perusteella:<\/p>\n\n\n\n<figure class=\"wp-block-table\"><table class=\"has-fixed-layout\"><thead><tr><th>Ty\u00f6kalu<\/th><th>Plussaa<\/th><th>Miinukset<\/th><th>Edut<\/th><th>Haasteet<\/th><th>Suositukset<\/th><\/tr><\/thead><tbody><tr><td><a href=\"https:\/\/aiartfree.online\/fi\/ai-3d-mallin-generaattori\/\">AI 3D-malli Generator by Free AI Art Generator<\/a><\/td><td>Korkealaatuiset mallit<\/td><td>Rajoitettu r\u00e4\u00e4t\u00e4l\u00f6inti<\/td><td>Helppo k\u00e4ytt\u00e4\u00e4<\/td><td>Vaatii internetyhteyden<\/td><td>Paras aloittelijoille<\/td><\/tr><tr><td><a href=\"https:\/\/www.openai.com\/dall-e-3\" target=\"_blank\" rel=\"noopener\">DALL-E 3<\/a><\/td><td>Korkealaatuiset mallit<\/td><td>Rajoitettu r\u00e4\u00e4t\u00e4l\u00f6inti<\/td><td>Helppo k\u00e4ytt\u00e4\u00e4<\/td><td>Vaatii internetyhteyden<\/td><td>Paras aloittelijoille<\/td><\/tr><tr><td><a href=\"https:\/\/www.nvidia.com\/en-us\/research\/ai-playground\/\" target=\"_blank\" rel=\"noopener\">NVIDIA GauGAN<\/a><\/td><td>Nopea k\u00e4sittely<\/td><td>Kallis<\/td><td>Lis\u00e4ominaisuudet<\/td><td>Jyrkk\u00e4 oppimisk\u00e4yr\u00e4<\/td><td>Ihanteellinen ammattilaisille<\/td><\/tr><tr><td><a href=\"https:\/\/deepart.io\/\" target=\"_blank\" rel=\"noopener\">DeepArt.io<\/a><\/td><td>Ilmainen versio saatavilla<\/td><td>Mainokset ilmaisessa versiossa<\/td><td>Suuri yhteis\u00f6n tuki<\/td><td>Rajoitetut vientivaihtoehdot<\/td><td>Hyv\u00e4 harrastajille<\/td><\/tr><tr><td><a href=\"https:\/\/www.artbreeder.com\/\" target=\"_blank\" rel=\"noopener\">Artbreeder<\/a><\/td><td>Tarkat mallit<\/td><td>Tarvittava tilaus<\/td><td>K\u00e4ytt\u00e4j\u00e4yst\u00e4v\u00e4llinen k\u00e4ytt\u00f6liittym\u00e4<\/td><td>Rajoittuu tiettyihin k\u00e4ytt\u00f6tapauksiin<\/td><td>Soveltuu tietyille teollisuudenaloille<\/td><\/tr><tr><td><a href=\"https:\/\/spline.design\/\" target=\"_blank\" rel=\"noopener\">Spline<\/a><\/td><td>Kest\u00e4v\u00e4t ominaisuudet<\/td><td>Korkeat kustannukset<\/td><td>Laaja kirjasto<\/td><td>Vaatii tehokkaan laitteiston<\/td><td>Paras suuriin projekteihin<\/td><\/tr><tr><td><a href=\"https:\/\/www.blender.org\/\" target=\"_blank\" rel=\"noopener\">Blender<\/a><\/td><td>Ilmainen ja avoin l\u00e4hdekoodi<\/td><td>Jyrkk\u00e4 oppimisk\u00e4yr\u00e4<\/td><td>Eritt\u00e4in monipuolinen<\/td><td>Monimutkainen aloittelijoille<\/td><td>Ihanteellinen edistyneille k\u00e4ytt\u00e4jille<\/td><\/tr><tr><td><a>Meshroom<\/a><\/td><td>Ilmainen ja avoin l\u00e4hdekoodi<\/td><td>Vaatii tehokkaan laitteiston<\/td><td>Fotogrammetriaan perustuva<\/td><td>Voi olla hidas<\/td><td>Paras fotogrammetriahankkeisiin<\/td><\/tr><tr><td><a href=\"https:\/\/pixologic.com\/\" target=\"_blank\" rel=\"noopener\">ZBrush<\/a><\/td><td>Teollisuuden standardi<\/td><td>Korkeat kustannukset<\/td><td>Ammattilaistason ty\u00f6kalut<\/td><td>Vaatii koulutusta<\/td><td>Paras ammattilaisille<\/td><\/tr><tr><td><a href=\"https:\/\/www.tinkercad.com\/\" target=\"_blank\" rel=\"noopener\">Tinkercad<\/a><\/td><td>Helppo k\u00e4ytt\u00e4\u00e4<\/td><td>Rajoitetut lis\u00e4ominaisuudet<\/td><td>Verkkopohjainen<\/td><td>Perustoiminnot<\/td><td>Sopii erinomaisesti aloittelijoille ja kouluttajille<\/td><\/tr><\/tbody><\/table><\/figure>\n\n\n\n<p class=\"\"><strong>Paras ty\u00f6kalu Suositus<\/strong>: Paras ty\u00f6kalu teko\u00e4lyn 3D-mallien luomiseen on <a href=\"https:\/\/aiartfree.online\/fi\/ai-3d-mallin-generaattori\/\">AI 3D-malli Generator by Free AI Art Generator<\/a>. Se tarjoaa tasapainoisesti helppok\u00e4ytt\u00f6isyytt\u00e4, korkealaatuista tulostusta ja vankkoja ominaisuuksia, joten se sopii sek\u00e4 aloittelijoille ett\u00e4 ammattilaisille.<\/p>\n\n\n\n<h3 class=\"wp-block-heading\" id=\"faq\">FAQ<\/h3>\n\n\n\n<ol class=\"wp-block-list\">\n<li class=\"\"><strong>Mik\u00e4 on paras AI 3D-mallin generaattori?<\/strong> Paras AI 3D-mallien generaattori on Free AI Art Generatorin tarjoama, joka on saatavana osoitteessa <a href=\"https:\/\/aiartfree.online\/fi\/ai-3d-mallin-generaattori\/\">t\u00e4\u00e4ll\u00e4<\/a>.<\/li>\n\n\n\n<li class=\"\"><strong>Miten teko\u00e4lyn 3D-mallien generaattorit toimivat?<\/strong> Ne k\u00e4ytt\u00e4v\u00e4t teko\u00e4lyalgoritmeja k\u00e4sittelem\u00e4\u00e4n sy\u00f6tettyj\u00e4 tietoja (kuten 2D-kuvia tai teksti\u00e4) ja luomaan 3D-malleja opittujen mallien perusteella.<\/li>\n\n\n\n<li class=\"\"><strong>Voinko muuntaa 2D-kuvan 3D-malliksi?<\/strong> Kyll\u00e4, monet teko\u00e4lyn 3D-mallien generaattorit voivat muuntaa 2D-kuvia 3D-malleiksi.<\/li>\n\n\n\n<li class=\"\"><strong>Onko olemassa ilmaista AI 3D-mallien generaattoria?<\/strong> Kyll\u00e4, jotkut ty\u00f6kalut tarjoavat ilmaisia versioita, joissa on rajoitetut ominaisuudet.<\/li>\n\n\n\n<li class=\"\"><strong>Mit\u00e4 hy\u00f6ty\u00e4 on teko\u00e4lyn 3D-malligeneraattorin k\u00e4yt\u00f6st\u00e4?<\/strong> Hy\u00f6tyj\u00e4 ovat tehokkuus, saavutettavuus, kustannustehokkuus ja monipuolisuus.<\/li>\n\n\n\n<li class=\"\"><strong>Voiko teko\u00e4ly luoda 3D-malleja tekstikuvauksista?<\/strong> Kyll\u00e4, jotkin kehittyneet teko\u00e4lyty\u00f6kalut voivat luoda 3D-malleja tekstikehotuksista.<\/li>\n\n\n\n<li class=\"\"><strong>Mitk\u00e4 teollisuudenalat k\u00e4ytt\u00e4v\u00e4t AI 3D-mallien generaattoreita?<\/strong> Toimialoja ovat muun muassa pelaaminen, arkkitehtuuri, valmistus ja koulutus.<\/li>\n\n\n\n<li class=\"\"><strong>Ovatko teko\u00e4lyn 3D-mallien generaattorit tarkkoja?<\/strong> Niill\u00e4 voidaan tuottaa eritt\u00e4in tarkkoja malleja, joskin laatu voi vaihdella ty\u00f6kaluittain.<\/li>\n\n\n\n<li class=\"\"><strong>Tarvitsenko kehittyneit\u00e4 taitoja AI 3D-malligeneraattoreiden k\u00e4ytt\u00f6\u00f6n?<\/strong> Ei, monet ty\u00f6kalut on suunniteltu helppok\u00e4ytt\u00f6isiksi, my\u00f6s muille kuin asiantuntijoille.<\/li>\n\n\n\n<li class=\"\"><strong>Mist\u00e4 l\u00f6yd\u00e4n lis\u00e4tietoa teko\u00e4lyn 3D-malligeneraattoreista?<\/strong> Lis\u00e4tietoja ja parhaat ty\u00f6kalut l\u00f6yd\u00e4t osoitteesta <a href=\"https:\/\/aiartfree.online\/fi\/ai-3d-mallin-generaattori\/\">AI Art Free<\/a>.<\/li>\n<\/ol>","protected":false},"excerpt":{"rendered":"<p>What our users made How to use AI 3d Model Generator *&nbsp;Depending on your internet speed, loading the model may take a few seconds.* There will be caching during continuous generation, and the new image will appear after about 3 seconds. Introduction of AI 3D Model Generator Creating 3D models has never been easier with &#8230; <a title=\"AI 3d Model Generator\" class=\"read-more\" href=\"https:\/\/aiartfree.online\/fi\/ai-3d-mallin-generaattori\/\" aria-label=\"Lue lis\u00e4\u00e4 aiheesta AI 3d Model Generator\">Lue lis\u00e4\u00e4<\/a><\/p>","protected":false},"author":1,"featured_media":0,"parent":0,"menu_order":0,"comment_status":"open","ping_status":"closed","template":"","meta":{"nf_dc_page":"","footnotes":""},"class_list":["post-2968","page","type-page","status-publish"],"jetpack_sharing_enabled":true,"_links":{"self":[{"href":"https:\/\/aiartfree.online\/fi\/wp-json\/wp\/v2\/pages\/2968","targetHints":{"allow":["GET"]}}],"collection":[{"href":"https:\/\/aiartfree.online\/fi\/wp-json\/wp\/v2\/pages"}],"about":[{"href":"https:\/\/aiartfree.online\/fi\/wp-json\/wp\/v2\/types\/page"}],"author":[{"embeddable":true,"href":"https:\/\/aiartfree.online\/fi\/wp-json\/wp\/v2\/users\/1"}],"replies":[{"embeddable":true,"href":"https:\/\/aiartfree.online\/fi\/wp-json\/wp\/v2\/comments?post=2968"}],"version-history":[{"count":0,"href":"https:\/\/aiartfree.online\/fi\/wp-json\/wp\/v2\/pages\/2968\/revisions"}],"wp:attachment":[{"href":"https:\/\/aiartfree.online\/fi\/wp-json\/wp\/v2\/media?parent=2968"}],"curies":[{"name":"wp","href":"https:\/\/api.w.org\/{rel}","templated":true}]}}