{"id":2964,"date":"2024-07-19T11:19:39","date_gmt":"2024-07-19T11:19:39","guid":{"rendered":"https:\/\/aiartfree.online\/?page_id=2964"},"modified":"2024-08-02T11:27:30","modified_gmt":"2024-08-02T11:27:30","slug":"ai-drawing-generator","status":"publish","type":"page","link":"https:\/\/aiartfree.online\/fi\/ai-piirustus-generaattori\/","title":{"rendered":"AI piirustus generaattori"},"content":{"rendered":"<h2 class=\"wp-block-heading has-text-align-center\" id=\"before-vs-after\">Ennen vs. j\u00e4lkeen<\/h2>\n\n\n\n<figure class=\"gb-block-image gb-block-image-1822da1f\"><img data-recalc-dims=\"1\" decoding=\"async\" loading=\"lazy\" width=\"1200\" height=\"273\" class=\"gb-image gb-image-1822da1f\" src=\"https:\/\/i0.wp.com\/aiartfree.online\/wp-content\/uploads\/2024\/07\/WX20240731-180407%402x-scaled.webp?resize=1200%2C273&#038;ssl=1\" alt=\"AI piirustus generaattori\" title=\"WX20240731-180407@2x\" srcset=\"https:\/\/i0.wp.com\/aiartfree.online\/wp-content\/uploads\/2024\/07\/WX20240731-180407%402x-scaled.webp?w=2560&amp;ssl=1 2560w, https:\/\/i0.wp.com\/aiartfree.online\/wp-content\/uploads\/2024\/07\/WX20240731-180407%402x-scaled.webp?resize=300%2C68&amp;ssl=1 300w, https:\/\/i0.wp.com\/aiartfree.online\/wp-content\/uploads\/2024\/07\/WX20240731-180407%402x-scaled.webp?resize=1024%2C233&amp;ssl=1 1024w, https:\/\/i0.wp.com\/aiartfree.online\/wp-content\/uploads\/2024\/07\/WX20240731-180407%402x-scaled.webp?resize=768%2C175&amp;ssl=1 768w, https:\/\/i0.wp.com\/aiartfree.online\/wp-content\/uploads\/2024\/07\/WX20240731-180407%402x-scaled.webp?resize=1536%2C349&amp;ssl=1 1536w, https:\/\/i0.wp.com\/aiartfree.online\/wp-content\/uploads\/2024\/07\/WX20240731-180407%402x-scaled.webp?resize=2048%2C465&amp;ssl=1 2048w, https:\/\/i0.wp.com\/aiartfree.online\/wp-content\/uploads\/2024\/07\/WX20240731-180407%402x-scaled.webp?resize=18%2C4&amp;ssl=1 18w, https:\/\/i0.wp.com\/aiartfree.online\/wp-content\/uploads\/2024\/07\/WX20240731-180407%402x-scaled.webp?resize=600%2C136&amp;ssl=1 600w, https:\/\/i0.wp.com\/aiartfree.online\/wp-content\/uploads\/2024\/07\/WX20240731-180407%402x-scaled.webp?w=2400&amp;ssl=1 2400w\" sizes=\"auto, (max-width: 1200px) 100vw, 1200px\" \/><\/figure>\n\n\n\n<h2 class=\"wp-block-heading\" id=\"how-to-use-ai-drawing-generator\">Kuinka k\u00e4ytt\u00e4\u00e4 AI Drawing Generatoria<\/h2>\n\n\n\n<ol class=\"wp-block-list\">\n<li class=\"\">Tee yksinkertainen viivapiirros<\/li>\n\n\n\n<li class=\"\">Napsauta \"hajota loput\"<\/li>\n\n\n\n<li class=\"\">Odota ja valitse sitten yksi, joka sopii makuusi.<\/li>\n\n\n\n<li class=\"\">Napsauta \"hajota loput\" uudelleen!<\/li>\n\n\n\n<li class=\"\">Toista 3&amp;4, kunnes olet tyytyv\u00e4inen tulokseen.<\/li>\n<\/ol>\n\n\n\n<p class=\"\"><em>* Internetin nopeudesta riippuen mallin lataaminen voi kest\u00e4\u00e4 muutaman sekunnin.<\/em><\/p>\n\n\n\n<div class=\"iframe-wrapper\" style=\"position: relative; width: 100%; height: 1200px;\">\n  <div class=\"loading\" style=\"position: absolute; top: 50px; left: 50%; transform: translate(-50%, -50%); width: 40px; height: 40px; border: 3px solid #f0f0f0; border-top: 3px solid #db7093; border-radius: 50%; animation: spin 1s linear infinite;\"><\/div>\n  <iframe loading=\"lazy\" src=\"https:\/\/huggingface-projects-diffuse-the-rest.static.hf.space\" frameborder=\"0\" width=\"100%\" height=\"100%\" style=\"position: absolute; top: 0; left: 0; opacity: 0; transition: opacity 0.3s;\" onload=\"this.style.opacity=1;this.previousElementSibling.style.display='none';\"><\/iframe>\n<\/div>\n\n<style>\n@keyframes spin {\n  0% { transform: translate(-50%, -50%) rotate(0deg); }\n  100% { transform: translate(-50%, -50%) rotate(360deg); }\n}\n<\/style>\n\n\n\n<div style=\"height:50px\" aria-hidden=\"true\" class=\"wp-block-spacer\"><\/div>\n\n\n\n<h2 class=\"wp-block-heading\" id=\"introduction-of-ai-drawing-generator\">AI Drawing Generatorin k\u00e4ytt\u00f6\u00f6notto<\/h2>\n\n\n\n<p class=\"\">AI Drawing Generators on mullistanut taiteen luomisprosessin hy\u00f6dynt\u00e4m\u00e4ll\u00e4 teko\u00e4ly\u00e4 ja luomalla upeita kuvia k\u00e4ytt\u00e4j\u00e4n sy\u00f6tteiden perusteella. T\u00e4m\u00e4 teknologia on avannut uusia mahdollisuuksia taiteilijoille, suunnittelijoille ja luovuuden harrastajille.<\/p>\n\n\n\n<div class=\"wp-block-rank-math-toc-block\" id=\"rank-math-toc\"><h3>Sis\u00e4llysluettelo<\/h3><nav><ul><li><a href=\"#what-is-an-ai-drawing-generator\">Mik\u00e4 on teko\u00e4lypiirustusgeneraattori?<\/a><\/li><li><a href=\"#why-use-an-ai-drawing-generator\">Miksi k\u00e4ytt\u00e4\u00e4 teko\u00e4lypiirustusgeneraattoria?<\/a><\/li><li><a href=\"#benefits-of-using-an-ai-drawing-generator\">AI-piirustusgeneraattorin k\u00e4yt\u00f6n edut<\/a><\/li><li><a href=\"#when-to-use-an-ai-drawing-generator\">Milloin k\u00e4ytt\u00e4\u00e4 AI-piirustusgeneraattoria<\/a><\/li><li><a href=\"#who-should-use-an-ai-drawing-generator\">Kenen tulisi k\u00e4ytt\u00e4\u00e4 AI-piirustusgeneraattoria<\/a><\/li><li><a href=\"#tools-and-resources-for-ai-drawing-generators\">Ty\u00f6kalut ja resurssit teko\u00e4lypiirustusten luojille<\/a><\/li><li><a href=\"#frequently-asked-questions-faq\">Usein kysytyt kysymykset (FAQ)<\/a><\/li><\/ul><\/nav><\/div>\n\n\n\n<h3 class=\"wp-block-heading\" id=\"what-is-an-ai-drawing-generator\">Mik\u00e4 on teko\u00e4lypiirustusgeneraattori?<\/h3>\n\n\n\n<p class=\"\">AI Drawing Generator on ty\u00f6kalu, joka k\u00e4ytt\u00e4\u00e4 teko\u00e4lyalgoritmeja luomaan kuvia tekstikehotteiden tai muiden sy\u00f6tteiden perusteella. N\u00e4m\u00e4 generaattorit voivat tuottaa monenlaisia taidetyylej\u00e4 abstrakteista kuvista realistisiin kuviin k\u00e4sittelem\u00e4ll\u00e4 suuria tietokokonaisuuksia olemassa olevista taideteoksista ja oppimalla malleja ja tyylej\u00e4.<\/p>\n\n\n\n<h3 class=\"wp-block-heading\" id=\"why-use-an-ai-drawing-generator\">Miksi k\u00e4ytt\u00e4\u00e4 teko\u00e4lypiirustusgeneraattoria?<\/h3>\n\n\n\n<p class=\"\">AI Drawing Generators tarjoaa ainutlaatuisen ja tehokkaan tavan luoda taideteoksia. Niiden avulla k\u00e4ytt\u00e4j\u00e4t voivat kokeilla erilaisia tyylej\u00e4 ja ideoita ilman kehittyneit\u00e4 teknisi\u00e4 taitoja. Lis\u00e4ksi ne voivat s\u00e4\u00e4st\u00e4\u00e4 aikaa ja resursseja automatisoimalla taiteen luomisprosessin.<\/p>\n\n\n\n<h3 class=\"wp-block-heading\" id=\"benefits-of-using-an-ai-drawing-generator\">AI-piirustusgeneraattorin k\u00e4yt\u00f6n edut<\/h3>\n\n\n\n<ol class=\"wp-block-list\">\n<li class=\"\"><strong>Luovuuden lis\u00e4\u00e4minen<\/strong>: Teko\u00e4lygeneraattorit tarjoavat uusia n\u00e4k\u00f6kulmia ja ideoita, mik\u00e4 edist\u00e4\u00e4 luovuutta.<\/li>\n\n\n\n<li class=\"\"><strong>Ajallinen tehokkuus<\/strong>: Luo nopeasti useita malleja ja konsepteja.<\/li>\n\n\n\n<li class=\"\"><strong>Kustannustehokas<\/strong>: V\u00e4hent\u00e4\u00e4 tarvetta kalliisiin taidetarvikkeisiin tai ammattitaiteilijoiden palkkaamiseen.<\/li>\n\n\n\n<li class=\"\"><strong>Monipuolisuus<\/strong>: Kykenee tuottamaan erilaisia tyylej\u00e4 ja taideteoksia.<\/li>\n\n\n\n<li class=\"\"><strong>Saavutettavuus<\/strong>: Tekee taiteen luomisen kaikkien ulottuville taitotasosta riippumatta.<\/li>\n<\/ol>\n\n\n\n<h3 class=\"wp-block-heading\" id=\"when-to-use-an-ai-drawing-generator\">Milloin k\u00e4ytt\u00e4\u00e4 AI-piirustusgeneraattoria<\/h3>\n\n\n\n<p class=\"\">AI Drawing Generators soveltuu erilaisiin skenaarioihin:<\/p>\n\n\n\n<ul class=\"wp-block-list\">\n<li class=\"\"><strong>Luovat projektit<\/strong>: Ainutlaatuisten taideteosten luomiseen henkil\u00f6kohtaisiin tai ammatillisiin projekteihin.<\/li>\n\n\n\n<li class=\"\"><strong>Markkinointi ja mainonta<\/strong>: Silm\u00e4\u00e4npist\u00e4v\u00e4n visuaalisen ilmeen luominen kampanjoihin.<\/li>\n\n\n\n<li class=\"\"><strong>Sosiaalisen median sis\u00e4lt\u00f6<\/strong>: Houkuttelevien ja jaettavien kuvien tuottaminen.<\/li>\n\n\n\n<li class=\"\"><strong>Koulutustarkoitukset<\/strong>: Teko\u00e4lyn ja taidek\u00e4sitteiden opettaminen ja esittely.<\/li>\n\n\n\n<li class=\"\"><strong>Prototyypin suunnittelu<\/strong>: K\u00e4sitteiden ja ideoiden nopea visualisointi.<\/li>\n<\/ul>\n\n\n\n<h3 class=\"wp-block-heading\" id=\"who-should-use-an-ai-drawing-generator\">Kenen tulisi k\u00e4ytt\u00e4\u00e4 AI-piirustusgeneraattoria<\/h3>\n\n\n\n<ul class=\"wp-block-list\">\n<li class=\"\"><strong>Taiteilijat<\/strong>: Uusien tyylien ja ideoiden tutkimiseen.<\/li>\n\n\n\n<li class=\"\"><strong>Suunnittelijat<\/strong>: Suunnitteluprosessin virtaviivaistaminen.<\/li>\n\n\n\n<li class=\"\"><strong>Markkinoijat<\/strong>: Mukaansatempaavan visuaalisen ilmeen luomiseen.<\/li>\n\n\n\n<li class=\"\"><strong>Kouluttajat<\/strong>: Havainnollistaa teko\u00e4ly- ja taideaiheita.<\/li>\n\n\n\n<li class=\"\"><strong>Harrastajat<\/strong>: Kuka tahansa, joka on kiinnostunut taiteen tekemisest\u00e4 ilman kehittyneit\u00e4 taitoja.<\/li>\n<\/ul>\n\n\n\n<h3 class=\"wp-block-heading\" id=\"tools-and-resources-for-ai-drawing-generators\">Ty\u00f6kalut ja resurssit teko\u00e4lypiirustusten luojille<\/h3>\n\n\n\n<p class=\"\">Jotta voisimme tarjota kattavaa tietoa, tutkimme uusimpia verkossa saatavilla olevia AI Drawing Generators -ohjelmia. Alla on 10 parasta ty\u00f6kalua sek\u00e4 yhteenveto niiden vahvuuksista ja heikkouksista:<\/p>\n\n\n\n<figure class=\"wp-block-table\"><table class=\"has-fixed-layout\"><thead><tr><th>Ty\u00f6kalu<\/th><th>URL<\/th><th>Edut<\/th><th>Haitat<\/th><\/tr><\/thead><tbody><tr><td>DeepArt<\/td><td><a href=\"https:\/\/deepart.io\" target=\"_blank\" rel=\"noopener\">deepart.io<\/a><\/td><td>Laadukkaat tulokset, monipuoliset tyylit<\/td><td>K\u00e4sittelyaika voi olla hidas<\/td><\/tr><tr><td>Artbreeder<\/td><td><a href=\"https:\/\/artbreeder.com\" target=\"_blank\" rel=\"noopener\">artbreeder.com<\/a><\/td><td>Yhteisty\u00f6alusta, helppok\u00e4ytt\u00f6inen<\/td><td>Rajoitetut r\u00e4\u00e4t\u00e4l\u00f6intimahdollisuudet<\/td><\/tr><tr><td>RunwayML<\/td><td><a href=\"https:\/\/runwayml.com\" target=\"_blank\" rel=\"noopener\">runwayml.com<\/a><\/td><td>Integrointi eri teko\u00e4lymalleihin, k\u00e4ytt\u00e4j\u00e4yst\u00e4v\u00e4llinen<\/td><td>Vaatii tilauksen saadakseen kaikki ominaisuudet<\/td><\/tr><tr><td>DALL-E 2<\/td><td><a href=\"https:\/\/openai.com\/dall-e-2\" target=\"_blank\" rel=\"noopener\">openai.com\/dall-e-2<\/a><\/td><td>Tuottaa korkearesoluutioisia kuvia<\/td><td>Rajoitettu saatavuus, korkeat kustannukset<\/td><\/tr><tr><td>Deep Dream Generator<\/td><td><a href=\"https:\/\/deepdreamgenerator.com\" target=\"_blank\" rel=\"noopener\">deepdreamgenerator.com<\/a><\/td><td>Luovat ja surrealistiset tehosteet<\/td><td>Tulokset voivat olla arvaamattomia<\/td><\/tr><tr><td>MaalitKetju<\/td><td><a>paintschainer.preferred.tech<\/a><\/td><td>Helppok\u00e4ytt\u00f6inen, automaattinen v\u00e4ritys<\/td><td>Rajoitettu anime-tyyliseen taiteeseen<\/td><\/tr><tr><td>NightCafe Studio<\/td><td><a href=\"https:\/\/nightcafe.studio\" target=\"_blank\" rel=\"noopener\">nightcafe.studio<\/a><\/td><td>K\u00e4ytt\u00e4j\u00e4yst\u00e4v\u00e4lliset, yhteis\u00f6lliset ominaisuudet<\/td><td>Jotkin ominaisuudet edellytt\u00e4v\u00e4t maksua<\/td><\/tr><tr><td>VQ-VAE-2<\/td><td><a href=\"https:\/\/github.com\/deepmind\/vq-vae-2\" target=\"_blank\" rel=\"noopener\">github.com\/deepmind\/vq-vae-2<\/a><\/td><td>Laadukas generatiivinen malli<\/td><td>Vaatii teknist\u00e4 tiet\u00e4myst\u00e4 k\u00e4ytt\u00e4\u00e4kseen<\/td><\/tr><tr><td>GANPaint Studio<\/td><td><a href=\"https:\/\/ganpaint.io\" target=\"_blank\" rel=\"noopener\">ganpaint.io<\/a><\/td><td>Interaktiivinen muokkaus, realistiset kuvat<\/td><td>Rajoitettu tietyntyyppisiin kuviin<\/td><\/tr><tr><td><a href=\"https:\/\/aiartfree.online\/fi\/ai-piirustus-generaattori\/\">https:\/\/aiartfree.online\/ai-drawing-generator<\/a><\/td><td><a href=\"https:\/\/aiartfree.online\/fi\/ai-piirustus-generaattori\/\">aiartfree.online<\/a><\/td><td>Ilmainen, helppok\u00e4ytt\u00f6inen, monipuolinen<\/td><td>Rajoitetut lis\u00e4ominaisuudet<\/td><\/tr><\/tbody><\/table><\/figure>\n\n\n\n<p class=\"\"><strong>Paras ty\u00f6kalu Suositus<\/strong>: Paras ty\u00f6kalu useimmille k\u00e4ytt\u00e4jille on <a href=\"https:\/\/aiartfree.online\/fi\/ai-piirustus-generaattori\/\">AI Art Freen AI-piirustusgeneraattori<\/a> sen saavutettavuuden, helppok\u00e4ytt\u00f6isyyden ja monipuolisten ominaisuuksien yhdistelm\u00e4n ansiosta.<\/p>\n\n\n\n<h3 class=\"wp-block-heading\" id=\"frequently-asked-questions-faq\">Usein kysytyt kysymykset (FAQ)<\/h3>\n\n\n\n<ol class=\"wp-block-list\">\n<li class=\"\"><strong>Mik\u00e4 on teko\u00e4lypiirustusgeneraattori?<\/strong> AI Drawing Generator on ty\u00f6kalu, joka luo kuvia k\u00e4ytt\u00e4j\u00e4n sy\u00f6tteiden perusteella teko\u00e4lyalgoritmien avulla.<\/li>\n\n\n\n<li class=\"\"><strong>Miten AI Drawing Generator toimii?<\/strong> Se k\u00e4sittelee suuria tietokokonaisuuksia olemassa olevista taideteoksista oppiakseen kuvioita ja tyylej\u00e4 ja k\u00e4ytt\u00e4\u00e4 sitten t\u00e4t\u00e4 tietoa uusien kuvien luomiseen.<\/li>\n\n\n\n<li class=\"\"><strong>Onko teko\u00e4lypiirustusten generaattoreiden k\u00e4ytt\u00f6 ilmaista?<\/strong> Jotkut ovat ilmaisia, kuten <a href=\"https:\/\/aiartfree.online\/fi\/ai-piirustus-generaattori\/\">AI Art Freen AI-piirustusgeneraattori<\/a>, kun taas toiset saattavat vaatia tilauksen tai kertamaksun.<\/li>\n\n\n\n<li class=\"\"><strong>Voivatko teko\u00e4lypiirrosgeneraattorit tuottaa realistisia kuvia?<\/strong> Kyll\u00e4, monet teko\u00e4lypiirustusgeneraattorit voivat tuottaa eritt\u00e4in realistisia kuvia riippuen mallista ja sy\u00f6tteest\u00e4.<\/li>\n\n\n\n<li class=\"\"><strong>Pit\u00e4\u00e4k\u00f6 minun osata piirt\u00e4\u00e4, jotta voin k\u00e4ytt\u00e4\u00e4 AI Drawing Generatoria?<\/strong> Ei, n\u00e4m\u00e4 ty\u00f6kalut on suunniteltu k\u00e4ytt\u00e4j\u00e4yst\u00e4v\u00e4llisiksi ja kaikkien ulottuvilla oleviksi taiteellisista taidoista riippumatta.<\/li>\n\n\n\n<li class=\"\"><strong>Millaisia kuvia voin luoda AI Drawing Generatorilla?<\/strong> Voit luoda monenlaisia kuvia, kuten abstraktia taidetta, muotokuvia, maisemia ja paljon muuta.<\/li>\n\n\n\n<li class=\"\"><strong>Miten teko\u00e4lypiirustusgeneraattorit voivat hy\u00f6dytt\u00e4\u00e4 yrityst\u00e4ni?<\/strong> Ne voivat s\u00e4\u00e4st\u00e4\u00e4 aikaa ja resursseja visuaalisen sis\u00e4ll\u00f6n luomisessa, lis\u00e4t\u00e4 luovuutta ja tarjota ainutlaatuista markkinointimateriaalia.<\/li>\n\n\n\n<li class=\"\"><strong>Ovatko AI Drawing Generatorsin tuottamat kuvat tekij\u00e4noikeudella suojattuja?<\/strong> T\u00e4m\u00e4 riippuu ty\u00f6kalun k\u00e4ytt\u00f6ehdoista. Jotkin sallivat luotujen kuvien vapaan k\u00e4yt\u00f6n, kun taas toisissa voi olla rajoituksia.<\/li>\n\n\n\n<li class=\"\"><strong>Mitk\u00e4 ovat teko\u00e4lypiirustusgeneraattoreiden rajoitukset?<\/strong> Rajoituksia voivat olla k\u00e4sittelyaika, r\u00e4\u00e4t\u00e4l\u00f6intimahdollisuuksien puute ja tulostuslaadun vaihtelu.<\/li>\n\n\n\n<li class=\"\"><strong>Mik\u00e4 AI Drawing Generator on paras?<\/strong> Tutkimuksemme perusteella, <a href=\"https:\/\/aiartfree.online\/fi\/ai-piirustus-generaattori\/\">AI Art Freen AI-piirustusgeneraattori<\/a> tarjoaa parhaan yhdistelm\u00e4n ominaisuuksia, saavutettavuutta ja helppok\u00e4ytt\u00f6isyytt\u00e4.<\/li>\n<\/ol>\n\n\n\n<p class=\"\">Hy\u00f6dynt\u00e4m\u00e4ll\u00e4 AI-piirustusgeneraattoreita voit luoda upeita taideteoksia minimaalisella vaivalla, mik\u00e4 tekee n\u00e4ist\u00e4 ty\u00f6kaluista korvaamattomia monenlaisissa sovelluksissa.<\/p>","protected":false},"excerpt":{"rendered":"<p>Before vs After How to use AI Drawing Generator *&nbsp;Depending on your internet speed, loading the model may take a few seconds. Introduction of AI Drawing Generator AI Drawing Generators have revolutionized the art creation process by leveraging artificial intelligence to generate stunning images based on user inputs. This technology has opened new possibilities for &#8230; <a title=\"AI piirustus generaattori\" class=\"read-more\" href=\"https:\/\/aiartfree.online\/fi\/ai-piirustus-generaattori\/\" aria-label=\"Lue lis\u00e4\u00e4 aiheesta AI Drawing Generator\">Lue lis\u00e4\u00e4<\/a><\/p>","protected":false},"author":1,"featured_media":3408,"parent":0,"menu_order":0,"comment_status":"open","ping_status":"closed","template":"","meta":{"nf_dc_page":"","footnotes":""},"class_list":["post-2964","page","type-page","status-publish","has-post-thumbnail"],"jetpack_sharing_enabled":true,"_links":{"self":[{"href":"https:\/\/aiartfree.online\/fi\/wp-json\/wp\/v2\/pages\/2964","targetHints":{"allow":["GET"]}}],"collection":[{"href":"https:\/\/aiartfree.online\/fi\/wp-json\/wp\/v2\/pages"}],"about":[{"href":"https:\/\/aiartfree.online\/fi\/wp-json\/wp\/v2\/types\/page"}],"author":[{"embeddable":true,"href":"https:\/\/aiartfree.online\/fi\/wp-json\/wp\/v2\/users\/1"}],"replies":[{"embeddable":true,"href":"https:\/\/aiartfree.online\/fi\/wp-json\/wp\/v2\/comments?post=2964"}],"version-history":[{"count":0,"href":"https:\/\/aiartfree.online\/fi\/wp-json\/wp\/v2\/pages\/2964\/revisions"}],"wp:featuredmedia":[{"embeddable":true,"href":"https:\/\/aiartfree.online\/fi\/wp-json\/wp\/v2\/media\/3408"}],"wp:attachment":[{"href":"https:\/\/aiartfree.online\/fi\/wp-json\/wp\/v2\/media?parent=2964"}],"curies":[{"name":"wp","href":"https:\/\/api.w.org\/{rel}","templated":true}]}}