{"id":2958,"date":"2024-07-19T10:33:37","date_gmt":"2024-07-19T10:33:37","guid":{"rendered":"https:\/\/aiartfree.online\/?page_id=2958"},"modified":"2025-03-07T08:07:42","modified_gmt":"2025-03-07T08:07:42","slug":"ai-character-generator","status":"publish","type":"page","link":"https:\/\/aiartfree.online\/fi\/ai-merkki-generaattori\/","title":{"rendered":"AI Character Generator"},"content":{"rendered":"<h2 class=\"wp-block-heading has-text-align-center\" id=\"what-our-users-made\">Mit\u00e4 k\u00e4ytt\u00e4j\u00e4t tekiv\u00e4t<\/h2>\n\n\n\n<figure class=\"gb-block-image gb-block-image-1822da1f\"><img data-recalc-dims=\"1\" decoding=\"async\" loading=\"lazy\" width=\"1200\" height=\"1190\" class=\"gb-image gb-image-1822da1f\" src=\"https:\/\/i0.wp.com\/aiartfree.online\/wp-content\/uploads\/2024\/07\/WX20240719-144752%402x.jpg?resize=1200%2C1190&#038;ssl=1\" alt=\"Teko\u00e4lyhahmogeneraattorit k\u00e4ytt\u00e4v\u00e4t kehittyneit\u00e4 algoritmeja her\u00e4tt\u00e4\u00e4kseen mielikuvituksesi henkiin ja tarjoten loputtomia mahdollisuuksia hahmojen luomiseen.\" title=\"WX20240719-144752@2x\" srcset=\"https:\/\/i0.wp.com\/aiartfree.online\/wp-content\/uploads\/2024\/07\/WX20240719-144752%402x.jpg?w=1632&amp;ssl=1 1632w, https:\/\/i0.wp.com\/aiartfree.online\/wp-content\/uploads\/2024\/07\/WX20240719-144752%402x.jpg?resize=300%2C297&amp;ssl=1 300w, https:\/\/i0.wp.com\/aiartfree.online\/wp-content\/uploads\/2024\/07\/WX20240719-144752%402x.jpg?resize=1024%2C1015&amp;ssl=1 1024w, https:\/\/i0.wp.com\/aiartfree.online\/wp-content\/uploads\/2024\/07\/WX20240719-144752%402x.jpg?resize=150%2C150&amp;ssl=1 150w, https:\/\/i0.wp.com\/aiartfree.online\/wp-content\/uploads\/2024\/07\/WX20240719-144752%402x.jpg?resize=768%2C761&amp;ssl=1 768w, https:\/\/i0.wp.com\/aiartfree.online\/wp-content\/uploads\/2024\/07\/WX20240719-144752%402x.jpg?resize=1536%2C1523&amp;ssl=1 1536w, https:\/\/i0.wp.com\/aiartfree.online\/wp-content\/uploads\/2024\/07\/WX20240719-144752%402x.jpg?resize=12%2C12&amp;ssl=1 12w, https:\/\/i0.wp.com\/aiartfree.online\/wp-content\/uploads\/2024\/07\/WX20240719-144752%402x.jpg?resize=600%2C595&amp;ssl=1 600w, https:\/\/i0.wp.com\/aiartfree.online\/wp-content\/uploads\/2024\/07\/WX20240719-144752%402x.jpg?resize=100%2C100&amp;ssl=1 100w\" sizes=\"auto, (max-width: 1200px) 100vw, 1200px\" \/><\/figure>\n\n\n\n<h2 class=\"wp-block-heading\" id=\"3-steps-to-use\">3 vaihetta AI Character Generatorin k\u00e4ytt\u00f6\u00f6n<\/h2>\n\n\n\n<ol class=\"wp-block-list\">\n<li class=\"\">Kirjoita kehote<\/li>\n\n\n\n<li class=\"\">Napsauta \"Generate\" (Luo)<\/li>\n\n\n\n<li class=\"\">Hetkinen, siin\u00e4 se on!<\/li>\n<\/ol>\n\n\n\n<figure class=\"gb-block-image gb-block-image-032aac41\"><a href=\"https:\/\/fas.st\/t\/9U4PYbm7\" target=\"_blank\" rel=\"noopener noreferrer\"><img data-recalc-dims=\"1\" decoding=\"async\" loading=\"lazy\" width=\"1200\" height=\"365\" class=\"gb-image gb-image-032aac41\" src=\"https:\/\/i0.wp.com\/aiartfree.online\/wp-content\/uploads\/2025\/03\/WX20250307-115412%402x.webp?resize=1200%2C365&#038;ssl=1\" alt=\"\" title=\"WX20250307-115412@2x\" srcset=\"https:\/\/i0.wp.com\/aiartfree.online\/wp-content\/uploads\/2025\/03\/WX20250307-115412%402x.webp?w=1942&amp;ssl=1 1942w, https:\/\/i0.wp.com\/aiartfree.online\/wp-content\/uploads\/2025\/03\/WX20250307-115412%402x.webp?resize=300%2C91&amp;ssl=1 300w, https:\/\/i0.wp.com\/aiartfree.online\/wp-content\/uploads\/2025\/03\/WX20250307-115412%402x.webp?resize=1024%2C312&amp;ssl=1 1024w, https:\/\/i0.wp.com\/aiartfree.online\/wp-content\/uploads\/2025\/03\/WX20250307-115412%402x.webp?resize=768%2C234&amp;ssl=1 768w, https:\/\/i0.wp.com\/aiartfree.online\/wp-content\/uploads\/2025\/03\/WX20250307-115412%402x.webp?resize=1536%2C467&amp;ssl=1 1536w, https:\/\/i0.wp.com\/aiartfree.online\/wp-content\/uploads\/2025\/03\/WX20250307-115412%402x.webp?resize=18%2C5&amp;ssl=1 18w, https:\/\/i0.wp.com\/aiartfree.online\/wp-content\/uploads\/2025\/03\/WX20250307-115412%402x.webp?resize=600%2C183&amp;ssl=1 600w\" sizes=\"auto, (max-width: 1200px) 100vw, 1200px\" \/><\/a><\/figure>\n\n\n\n<p class=\"\"><em>* Internetin nopeudesta riippuen mallin lataaminen voi kest\u00e4\u00e4 muutaman sekunnin.<br>* Jatkuvan luomisen aikana tapahtuu v\u00e4limuistitallennusta, ja uusi kuva tulee n\u00e4kyviin noin 3 sekunnin kuluttua.<\/em><\/p>\n\n\n\n<div style=\"text-align: center; border: 2px solid; border-image-source: linear-gradient(to right, #16b86c, #912899); border-image-slice: 1; box-shadow: 0 0 10px rgba(0, 0, 0, 0.1); border-radius: 15px; position: relative;\">\n  <div id=\"loading\" style=\"position: absolute; top: 100px; left: 50%; transform: translate(-50%, -50%); z-index: 1000;\">\n    <div style=\"width: 50px; height: 50px; border: 5px solid #f3f3f3; border-top: 5px solid #16b86c; border-radius: 50%; animation: spin 1s linear infinite;\"><\/div>\n  <\/div>\n  <iframe loading=\"lazy\"\n    src=\"https:\/\/cagliostrolab-animagine-xl-3-1.hf.space\"\n    frameborder=\"0\"\n    width=\"100%\"\n    height=\"1600\"\n    style=\"display: inline-block; margin: 0 auto;\"\n    onload=\"document.getElementById('loading').style.display='none';\"\n  ><\/iframe>\n<\/div>\n\n<style>\n  @keyframes spin {\n    0% { transform: rotate(0deg); }\n    100% { transform: rotate(360deg); }\n  }\n<\/style>\n\n\n\n<div style=\"height:50px\" aria-hidden=\"true\" class=\"wp-block-spacer\"><\/div>\n\n\n\n<h2 class=\"wp-block-heading\">Esimerkkej\u00e4 kehotuksista<\/h2>\n\n\n\n<ol style=\"font-size:16px\" class=\"wp-block-list\">\n<li class=\"\">henke\u00e4salpaava eritt\u00e4in yksityiskohtainen graafisen romaanin kuvitus Morgan Freeman ratsastaa Harley Davidson moottoripy\u00f6r\u00e4 , tumma ja synkk\u00e4<\/li>\n\n\n\n<li class=\"\">henke\u00e4salpaava kuvitus keskell\u00e4 t\u00e4htisumun valtavaa avaruutta leijuu yksin\u00e4inen astronautti, joka on kiinnitetty valovoimaiseen t\u00e4htialukseen. Sumun s\u00e4teilev\u00e4t kaasut tanssivat ymp\u00e4riins\u00e4 heijastaen pukuun v\u00e4rikk\u00e4it\u00e4 v\u00e4rej\u00e4 ja luoden valon ja liikkeen baletin.<\/li>\n\n\n\n<li class=\"\">henke\u00e4salpaava graafisen romaanin kuvitus Risteyksess\u00e4 maailmanlopun j\u00e4lkeisess\u00e4 autiomaassa vaeltaja, jolla on metalliromusta tehty kitara, laulaa tarinoita vanhasta maailmasta. Mutanttiolennot ker\u00e4\u00e4ntyv\u00e4t leirinuotion ymp\u00e4rille, heid\u00e4n silm\u00e4ns\u00e4 ovat t\u00e4ynn\u00e4 kaipausta.<\/li>\n\n\n\n<li class=\"\">henke\u00e4salpaava kuvitus, jossa lapsi jahtaa v\u00e4rikk\u00e4it\u00e4 perhosia eloisalla niityll\u00e4.<\/li>\n\n\n\n<li class=\"\">henke\u00e4salpaava graafisen romaanin kuvitus Rannalla, jossa aallot kutovat tarinoita, tarinankertoja, jolla on kuunvalon kangaspuita, valmistaa tarinoita vuorovesi-ilmi\u00f6ist\u00e4. Kuoret kuiskaavat tarinoita, ja horisontti on seikkailujen kudos, jota ei ole viel\u00e4 kerrottu.<\/li>\n\n\n\n<li class=\"\">henke\u00e4salpaava graafisen romaanin kuvitus haukasta, joka leijailee aavikon yll\u00e4 saalista etsien.<\/li>\n\n\n\n<li class=\"\">henke\u00e4salpaava kuvitus Syv\u00e4ll\u00e4 napapiirill\u00e4 revontuli maalaa taivaan vihre\u00e4n, vaaleanpunaisen ja violetin v\u00e4ris\u00e4vyill\u00e4. Alla oleva lumi heijastelee t\u00e4t\u00e4 valojen tanssia, ja maailma peittyy kiehtovaan v\u00e4rien sinfoniaan.<\/li>\n\n\n\n<li class=\"\">henke\u00e4salpaava graafisen romaanin kuvitus, jossa tatuoija tekee yksityiskohtaisesti monimutkaista kuviota asiakkaan selk\u00e4\u00e4n.<\/li>\n\n\n\n<li class=\"\">henke\u00e4salpaava graafisen romaanin kuvitus V\u00e4rikk\u00e4isiin silkkeihin verhoutunut nainen lukee tarot-kortteja kynttil\u00e4nvalossa olevassa teltassa.<\/li>\n\n\n\n<li class=\"\">henke\u00e4salpaava graafinen kuvitus, jossa kaksi luolastolaista kartoittaa syv\u00e4n luolan, taskulamput valaisevat tiet\u00e4.<\/li>\n<\/ol>\n\n\n\n<div style=\"height:50px\" aria-hidden=\"true\" class=\"wp-block-spacer\"><\/div>\n\n\n\n<h2 class=\"wp-block-heading\" id=\"introduction-to-ai-character-generator\">Johdanto AI Character Generatoriin<\/h2>\n\n\n\n<p class=\"\">Digitaalisella aikakaudella ainutlaatuisten ja kiinnostavien hahmojen luominen tarinoita, pelej\u00e4 tai henkil\u00f6kohtaisia projekteja varten on helpottunut teko\u00e4lyhahmogeneraattoreiden ansiosta. N\u00e4m\u00e4 ty\u00f6kalut k\u00e4ytt\u00e4v\u00e4t kehittyneit\u00e4 algoritmeja her\u00e4tt\u00e4\u00e4kseen mielikuvituksesi henkiin ja tarjoavat loputtomasti mahdollisuuksia hahmojen luomiseen. T\u00e4ss\u00e4 artikkelissa tutustutaan teko\u00e4lyhahmogeneraattoreiden maailmaan, niiden hy\u00f6tyihin ja siihen, miten niit\u00e4 voi hy\u00f6dynt\u00e4\u00e4.<\/p>\n\n\n\n<div class=\"wp-block-rank-math-toc-block\" id=\"rank-math-toc\"><h3>Sis\u00e4llysluettelo<\/h3><nav><ul><li><a href=\"#what-is-an-ai-character-generator\">Mik\u00e4 on teko\u00e4lyhahmogeneraattori?<\/a><\/li><li><a href=\"#why-use-an-ai-character-generator\">Miksi k\u00e4ytt\u00e4\u00e4 teko\u00e4lyhahmogeneraattoria?<\/a><\/li><li><a href=\"#benefits-of-using-ai-character-generators\">Teko\u00e4lyhahmogeneraattoreiden k\u00e4yt\u00f6n edut<\/a><\/li><li><a href=\"#when-to-use-it\">Milloin sit\u00e4 k\u00e4ytet\u00e4\u00e4n<\/a><\/li><li><a href=\"#who-should-use-it\">Kenen pit\u00e4isi k\u00e4ytt\u00e4\u00e4 sit\u00e4?<\/a><\/li><li><a href=\"#comparison-of-ai-character-generators\">Teko\u00e4lyn hahmogeneraattoreiden vertailu<\/a><\/li><li><a href=\"#faq\">FAQ<\/a><\/li><\/ul><\/nav><\/div>\n\n\n\n<h3 class=\"wp-block-heading\" id=\"what-is-an-ai-character-generator\">Mik\u00e4 on teko\u00e4lyhahmogeneraattori?<\/h3>\n\n\n\n<p class=\"\">Teko\u00e4lyhahmogeneraattori on digitaalinen ty\u00f6kalu, joka k\u00e4ytt\u00e4\u00e4 teko\u00e4ly\u00e4 hahmojen luomiseen k\u00e4ytt\u00e4j\u00e4n sy\u00f6tteiden perusteella. N\u00e4m\u00e4 generaattorit voivat tuottaa yksityiskohtaisia hahmosuunnitelmia, taustatarinoita ja persoonallisuuden piirteit\u00e4, mik\u00e4 tekee niist\u00e4 arvokkaita kirjailijoille, pelinkehitt\u00e4jille ja taiteilijoille.<\/p>\n\n\n\n<h3 class=\"wp-block-heading\" id=\"why-use-an-ai-character-generator\">Miksi k\u00e4ytt\u00e4\u00e4 teko\u00e4lyhahmogeneraattoria?<\/h3>\n\n\n\n<p class=\"\">Teko\u00e4lyhahmogeneraattorit tarjoavat useita etuja, kuten:<\/p>\n\n\n\n<ul class=\"wp-block-list\">\n<li class=\"\"><strong>Tehokkuus<\/strong>: Luo nopeasti merkkej\u00e4 ilman laajaa manuaalista ty\u00f6t\u00e4.<\/li>\n\n\n\n<li class=\"\"><strong>Luovuus Boost<\/strong>: Tutustu uusiin hahmoideoihin ja -malleihin, joita et ehk\u00e4 ole ajatellut.<\/li>\n\n\n\n<li class=\"\"><strong>Johdonmukaisuus<\/strong>: S\u00e4ilyt\u00e4 johdonmukaisuus hahmojen ominaisuuksissa ja taustatarinoissa eri projekteissa.<\/li>\n\n\n\n<li class=\"\"><strong>Inspiraatio<\/strong>: Selvit\u00e4 luovuuden esteet teko\u00e4lyn ehdotusten tuoreilla ideoilla.<\/li>\n<\/ul>\n\n\n\n<h3 class=\"wp-block-heading\" id=\"benefits-of-using-ai-character-generators\">Teko\u00e4lyhahmogeneraattoreiden k\u00e4yt\u00f6n edut<\/h3>\n\n\n\n<p class=\"\">Teko\u00e4lyhahmogeneraattoreiden k\u00e4ytt\u00e4minen tarjoaa lukuisia etuja:<\/p>\n\n\n\n<ul class=\"wp-block-list\">\n<li class=\"\"><strong>Hahmon luoja ilmaiseksi<\/strong>: Monet teko\u00e4lyhahmogeneraattorit ovat saatavilla ilmaiseksi, joten ne ovat kaikkien saatavilla.<\/li>\n\n\n\n<li class=\"\"><strong>Hahmon teko\u00e4lygeneraattori<\/strong>: N\u00e4m\u00e4 ty\u00f6kalut k\u00e4ytt\u00e4v\u00e4t kehittyneit\u00e4 teko\u00e4lyalgoritmeja realististen ja erilaisten hahmojen luomiseen.<\/li>\n\n\n\n<li class=\"\"><strong>Tee hahmo<\/strong>: Luo helposti hahmoja eri v\u00e4lineisiin, kuten tarinoihin, peleihin ja taideteoksiin.<\/li>\n\n\n\n<li class=\"\"><strong>Hahmon taustatarinan generaattori<\/strong>: Luo kiehtovia taustatarinoita, jotka lis\u00e4\u00e4v\u00e4t hahmojesi syvyytt\u00e4.<\/li>\n\n\n\n<li class=\"\"><strong>Satunnainen hahmon suunnittelugeneraattori<\/strong>: Hanki satunnaisia hahmomalleja luovuuden her\u00e4tt\u00e4miseksi ja uusien mahdollisuuksien l\u00f6yt\u00e4miseksi.<\/li>\n<\/ul>\n\n\n\n<h3 class=\"wp-block-heading\" id=\"when-to-use-it\">Milloin sit\u00e4 k\u00e4ytet\u00e4\u00e4n<\/h3>\n\n\n\n<p class=\"\">Teko\u00e4lyhahmogeneraattorit ovat ihanteellisia seuraavissa skenaarioissa:<\/p>\n\n\n\n<ul class=\"wp-block-list\">\n<li class=\"\"><strong>Pelikehitys<\/strong>: Luo nopeasti NPC:t\u00e4 tai p\u00e4\u00e4henkil\u00f6it\u00e4, joilla on ainutlaatuisia piirteit\u00e4.<\/li>\n\n\n\n<li class=\"\"><strong>Tarinan kirjoittaminen<\/strong>: Kehit\u00e4 yksityiskohtaisia hahmoja, joilla on rikas taustatarina tarinoita varten.<\/li>\n\n\n\n<li class=\"\"><strong>Taideprojektit<\/strong>: Luo hahmomalleja kuvituksia tai sarjakuvia varten.<\/li>\n\n\n\n<li class=\"\"><strong>Roolipelit<\/strong>: Luo hahmoja, joilla on monimutkaiset persoonallisuudet p\u00f6yt\u00e4- tai nettiroolipelej\u00e4 varten.<\/li>\n<\/ul>\n\n\n\n<h3 class=\"wp-block-heading\" id=\"who-should-use-it\">Kenen pit\u00e4isi k\u00e4ytt\u00e4\u00e4 sit\u00e4?<\/h3>\n\n\n\n<p class=\"\">Teko\u00e4lymerkkigeneraattorit soveltuvat monenlaisille k\u00e4ytt\u00e4jille, kuten:<\/p>\n\n\n\n<ul class=\"wp-block-list\">\n<li class=\"\"><strong>Kirjailijat<\/strong>: Paranna tarinoita hyvin kehitetyill\u00e4 hahmoilla.<\/li>\n\n\n\n<li class=\"\"><strong>Pelinkehitt\u00e4j\u00e4t<\/strong>: S\u00e4\u00e4st\u00e4 aikaa hahmojen luomisessa pelej\u00e4si varten.<\/li>\n\n\n\n<li class=\"\"><strong>Taiteilijat<\/strong>: Tutustu uusiin hahmomalleihin ja tyyleihin.<\/li>\n\n\n\n<li class=\"\"><strong>Roolipelien harrastajat<\/strong>: Kehit\u00e4 monimutkaisia hahmoja peleihisi.<\/li>\n\n\n\n<li class=\"\"><strong>Kouluttajat<\/strong>: K\u00e4yt\u00e4 hahmogeneraattoreita luovien kirjoitusharjoitusten v\u00e4lineen\u00e4.<\/li>\n<\/ul>\n\n\n\n<h3 class=\"wp-block-heading\" id=\"comparison-of-ai-character-generators\">Teko\u00e4lyn hahmogeneraattoreiden vertailu<\/h3>\n\n\n\n<p class=\"\">Seuraavassa vertaillaan eri teko\u00e4lyhahmogeneraattoreita, niiden hyvi\u00e4 ja huonoja puolia, etuja, haasteita ja suosituksia.<\/p>\n\n\n\n<figure class=\"wp-block-table\"><table class=\"has-fixed-layout\"><thead><tr><th>Ty\u00f6kalun nimi<\/th><th>Plussaa<\/th><th>Miinukset<\/th><th>Edut<\/th><th>Haasteet<\/th><th>Suositukset<\/th><\/tr><\/thead><tbody><tr><td><a href=\"https:\/\/aiartfree.online\/fi\/ai-merkki-generaattori\/\" data-type=\"link\" data-id=\"https:\/\/aiartfree.online\/ai-character-generator\">AI Character Generator<\/a><\/td><td>Helppok\u00e4ytt\u00f6inen, ilmainen<\/td><td>Rajoitettu r\u00e4\u00e4t\u00e4l\u00f6inti<\/td><td>Nopea hahmon luominen<\/td><td>Saattaa vaatia internetyhteyden<\/td><td>Paras aloittelijoille<\/td><\/tr><tr><td>Hahmon luoja<\/td><td>Eritt\u00e4in muokattavissa<\/td><td>Jyrkempi oppimisk\u00e4yr\u00e4<\/td><td>Yksityiskohtaiset suunnitelmat<\/td><td>Voi olla aikaa viev\u00e4\u00e4<\/td><td>Ihanteellinen kokeneille k\u00e4ytt\u00e4jille<\/td><\/tr><tr><td>Satunnainen hahmogeneraattori<\/td><td>Hauska ja luova<\/td><td>Satunnaisuus ei ehk\u00e4 sovi kaikille<\/td><td>Suuri inspiraatiota varten<\/td><td>V\u00e4hemm\u00e4n valvontaa tuotoksen suhteen<\/td><td>K\u00e4yt\u00e4 aivoriihess\u00e4<\/td><\/tr><tr><td>Backstory Generator<\/td><td>Rikkaat taustatarinat<\/td><td>Rajoitettu visuaalinen suunnittelu<\/td><td>Parantaa hahmon syvyytt\u00e4<\/td><td>Voi puuttua visuaalisia elementtej\u00e4<\/td><td>Yhdist\u00e4 visuaalisten ty\u00f6kalujen kanssa<\/td><\/tr><tr><td>Vakaa diffuusio<\/td><td>Laadukkaat kuvat<\/td><td>Vaatii teknisi\u00e4 taitoja<\/td><td>Huippuluokan teko\u00e4ly<\/td><td>Voi olla monimutkainen<\/td><td>Paras edistyneille k\u00e4ytt\u00e4jille<\/td><\/tr><tr><td>Art Tools Online<\/td><td>Monipuoliset ty\u00f6kalut<\/td><td>Voi olla ylivoimainen<\/td><td>Laaja valikoima ominaisuuksia<\/td><td>Voi vaatia oppimista<\/td><td>Paras kattaviin hankkeisiin<\/td><\/tr><tr><td>AI Powered Character Design<\/td><td>Nopea ja tehokas<\/td><td>Voi puuttua ainutlaatuisuus<\/td><td>Ihanteellinen nopeisiin projekteihin<\/td><td>Rajoitettu personointi<\/td><td>K\u00e4ytt\u00f6 nopeaan prototyyppien rakentamiseen<\/td><\/tr><tr><td>Luo teko\u00e4lyn tuottamaa taidetta<\/td><td>Luovat tuotokset<\/td><td>Vaatii kehotteita<\/td><td>Mukaansatempaava ja vuorovaikutteinen<\/td><td>Saattaa vaatia kokeilua ja erehdyst\u00e4<\/td><td>Paras luovaan tutkimiseen<\/td><\/tr><tr><td>AI generoitu taideteos<\/td><td>Korkea realismi<\/td><td>Voi olla resurssi-intensiivinen<\/td><td>Fotorealistiset hahmot<\/td><td>Vaatii tehokkaan laitteiston<\/td><td>Paras huippuluokan projekteihin<\/td><\/tr><tr><td>AI Art Generator<\/td><td>Helppo p\u00e4\u00e4sy<\/td><td>Rajoitetut ilmaiset vaihtoehdot<\/td><td>Suuri aloittelijoille<\/td><td>Saattaa tarvita tilauksia<\/td><td>Paras aloitteleville<\/td><\/tr><\/tbody><\/table><\/figure>\n\n\n\n<p class=\"\">Paras teko\u00e4lyhahmogeneraattori on <a href=\"https:\/\/aiartfree.online\/fi\/ai-merkki-generaattori\/\">AI Character Generator<\/a>, joka tarjoaa k\u00e4ytt\u00e4j\u00e4yst\u00e4v\u00e4llisen k\u00e4ytt\u00f6liittym\u00e4n ja vankat ominaisuudet yksityiskohtaisten ja ainutlaatuisten hahmojen luomiseen.<\/p>\n\n\n\n<h3 class=\"wp-block-heading\" id=\"faq\">FAQ<\/h3>\n\n\n\n<p class=\"\"><strong>Q1: Mik\u00e4 on teko\u00e4lyhahmogeneraattori?<\/strong> Teko\u00e4lyhahmogeneraattori on ty\u00f6kalu, joka k\u00e4ytt\u00e4\u00e4 teko\u00e4ly\u00e4 hahmojen luomiseen k\u00e4ytt\u00e4j\u00e4n sy\u00f6tteiden perusteella, mukaan lukien muotoilu, ominaisuudet ja taustatarinat.<\/p>\n\n\n\n<p class=\"\"><strong>Q2: Miten teko\u00e4lyhahmogeneraattorit toimivat?<\/strong> N\u00e4m\u00e4 generaattorit k\u00e4ytt\u00e4v\u00e4t koneoppimisalgoritmeja analysoidakseen k\u00e4ytt\u00e4j\u00e4n sy\u00f6tteit\u00e4 ja luodakseen hahmoja, joilla on m\u00e4\u00e4ritellyt piirteet ja mallit.<\/p>\n\n\n\n<p class=\"\"><strong>Q3: Ovatko teko\u00e4lyhahmogeneraattorit ilmaisia?<\/strong> Monet teko\u00e4lyhahmogeneraattorit tarjoavat ilmaisia versioita, mutta joissakin voi olla maksullisia lis\u00e4ominaisuuksia.<\/p>\n\n\n\n<p class=\"\"><strong>Q4: Voinko muokata hahmoja teko\u00e4lyn hahmogeneraattoreissa?<\/strong> Kyll\u00e4, useimmat teko\u00e4lyhahmogeneraattorit mahdollistavat eritasoisia mukautuksia tarpeidesi mukaan.<\/p>\n\n\n\n<p class=\"\"><strong>Q5: Mitk\u00e4 ovat parhaat teko\u00e4lyhahmogeneraattorit?<\/strong> Joitakin parhaita teko\u00e4lyhahmogeneraattoreita ovat <a href=\"https:\/\/aiartfree.online\/fi\/ai-merkki-generaattori\/\">AI Character Generator<\/a>, Character Creator ja Random Character Generator.<\/p>\n\n\n\n<p class=\"\"><strong>K6: Miten voin k\u00e4ytt\u00e4\u00e4 teko\u00e4lymerkkigeneraattoreita kirjoittamisessa?<\/strong> Kirjailijat voivat k\u00e4ytt\u00e4\u00e4 n\u00e4it\u00e4 ty\u00f6kaluja kehitt\u00e4\u00e4kseen yksityiskohtaisia hahmoja ja taustatarinoita ja tehostaakseen tarinankerrontaa.<\/p>\n\n\n\n<p class=\"\"><strong>Kysymys 7: Ovatko teko\u00e4lyhahmogeneraattorit hy\u00f6dyllisi\u00e4 pelinkehityksess\u00e4?<\/strong> Ehdottomasti. N\u00e4ill\u00e4 ty\u00f6kaluilla voidaan luoda nopeasti erilaisia ja monimutkaisia hahmoja peleihin, mik\u00e4 s\u00e4\u00e4st\u00e4\u00e4 aikaa ja resursseja.<\/p>\n\n\n\n<p class=\"\"><strong>Kysymys 8: Voivatko teko\u00e4lyhahmogeneraattorit luoda realistisia hahmoja?<\/strong> Kyll\u00e4, jotkut kehittyneet generaattorit, kuten Stable Diffusion ja AI Generated Artwork, tuottavat eritt\u00e4in realistisia hahmoja.<\/p>\n\n\n\n<p class=\"\"><strong>K9: Mit\u00e4 minun pit\u00e4isi ottaa huomioon, kun valitsen teko\u00e4lyhahmogeneraattoria?<\/strong> Huomioi tekij\u00e4t, kuten helppok\u00e4ytt\u00f6isyys, r\u00e4\u00e4t\u00e4l\u00f6intimahdollisuudet, tulostuslaatu ja se, t\u00e4ytt\u00e4\u00e4k\u00f6 se erityistarpeesi.<\/p>\n\n\n\n<p class=\"\"><strong>Q10: Mist\u00e4 l\u00f6yd\u00e4n parhaan AI-hahmogeneraattorin?<\/strong> Paras teko\u00e4lyhahmogeneraattori l\u00f6ytyy osoitteesta <a href=\"https:\/\/aiartfree.online\/fi\/ai-merkki-generaattori\/\">AI Character Generator<\/a>, joka tarjoaa kattavan valikoiman ominaisuuksia hahmojen luomiseen.<\/p>\n\n\n\n<p class=\"\">Hy\u00f6dynt\u00e4m\u00e4ll\u00e4 teko\u00e4lyhahmogeneraattoreiden voimaa voit virtaviivaistaa hahmojen luomisprosessia, lis\u00e4t\u00e4 luovuutta ja her\u00e4tt\u00e4\u00e4 hahmot henkiin helposti.<\/p>\n\n\n\n<p class=\"\">Jos sinulla on lis\u00e4kysymyksi\u00e4, kysy <a href=\"https:\/\/chatgpt4o.space\/\" target=\"_blank\" data-type=\"link\" data-id=\"https:\/\/chatgpt4o.space\/\" rel=\"noreferrer noopener\">ilmainen online ChatGPT 4o mini<\/a><\/p>","protected":false},"excerpt":{"rendered":"<p>What our users made 3 Steps to Use AI Character Generator *&nbsp;Depending on your internet speed, loading the model may take a few seconds.* There will be caching during continuous generation, and the new image will appear after about 3 seconds. Prompt Examples Introduction to AI Character Generator In the digital age, creating unique and &#8230; <a title=\"AI Character Generator\" class=\"read-more\" href=\"https:\/\/aiartfree.online\/fi\/ai-merkki-generaattori\/\" aria-label=\"Lue lis\u00e4\u00e4 aiheesta AI Character Generator\">Lue lis\u00e4\u00e4<\/a><\/p>","protected":false},"author":1,"featured_media":2961,"parent":0,"menu_order":0,"comment_status":"open","ping_status":"closed","template":"","meta":{"nf_dc_page":"","footnotes":""},"class_list":["post-2958","page","type-page","status-publish","has-post-thumbnail"],"jetpack_sharing_enabled":true,"_links":{"self":[{"href":"https:\/\/aiartfree.online\/fi\/wp-json\/wp\/v2\/pages\/2958","targetHints":{"allow":["GET"]}}],"collection":[{"href":"https:\/\/aiartfree.online\/fi\/wp-json\/wp\/v2\/pages"}],"about":[{"href":"https:\/\/aiartfree.online\/fi\/wp-json\/wp\/v2\/types\/page"}],"author":[{"embeddable":true,"href":"https:\/\/aiartfree.online\/fi\/wp-json\/wp\/v2\/users\/1"}],"replies":[{"embeddable":true,"href":"https:\/\/aiartfree.online\/fi\/wp-json\/wp\/v2\/comments?post=2958"}],"version-history":[{"count":1,"href":"https:\/\/aiartfree.online\/fi\/wp-json\/wp\/v2\/pages\/2958\/revisions"}],"predecessor-version":[{"id":3596,"href":"https:\/\/aiartfree.online\/fi\/wp-json\/wp\/v2\/pages\/2958\/revisions\/3596"}],"wp:featuredmedia":[{"embeddable":true,"href":"https:\/\/aiartfree.online\/fi\/wp-json\/wp\/v2\/media\/2961"}],"wp:attachment":[{"href":"https:\/\/aiartfree.online\/fi\/wp-json\/wp\/v2\/media?parent=2958"}],"curies":[{"name":"wp","href":"https:\/\/api.w.org\/{rel}","templated":true}]}}