{"id":2889,"date":"2024-07-18T12:53:54","date_gmt":"2024-07-18T12:53:54","guid":{"rendered":"https:\/\/aiartfree.online\/?page_id=2889"},"modified":"2024-07-20T06:31:00","modified_gmt":"2024-07-20T06:31:00","slug":"free-dalle-3","status":"publish","type":"page","link":"https:\/\/aiartfree.online\/fi\/vapaa-dalle-3\/","title":{"rendered":"Ilmainen DALL-E 3"},"content":{"rendered":"<h2 class=\"wp-block-heading\">Kuinka k\u00e4ytt\u00e4\u00e4 ilmaista DALL-E 3<\/h2>\n\n\n\n<ol class=\"wp-block-list\">\n<li class=\"\">Sy\u00f6t\u00e4 kehotteet<\/li>\n\n\n\n<li class=\"\">Napsauta \"Suorita\"<\/li>\n\n\n\n<li class=\"\">Hetkinen, siin\u00e4 se on!<\/li>\n<\/ol>\n\n\n\n<p class=\"\"><em>* Internetin nopeudesta riippuen mallin lataaminen voi kest\u00e4\u00e4 muutaman sekunnin.<br>* Jatkuvan luomisen aikana tapahtuu v\u00e4limuistitallennusta, ja uusi kuva tulee n\u00e4kyviin noin 3 sekunnin kuluttua.<\/em><\/p>\n\n\n\n<div style=\"text-align: center; border: 2px solid; border-image-source: linear-gradient(to right, #16b86c, #912899); border-image-slice: 1; box-shadow: 0 0 10px rgba(0, 0, 0, 0.1); border-radius: 15px;\">\n  <iframe loading=\"lazy\"\n    src=\"https:\/\/ehristoforu-dalle-3-xl-lora-v2.hf.space\"\n    frameborder=\"0\"\n    width=\"600\"\n    height=\"950\"\n    style=\"display: inline-block; margin: 0 auto;\"\n  ><\/iframe>\n<\/div>\n\n\n\n<div style=\"height:100px\" aria-hidden=\"true\" class=\"wp-block-spacer\"><\/div>\n\n\n\n<h1 class=\"gb-headline gb-headline-b91c046b gb-headline-text\"><strong>Free DALL-E 3:n esittely<\/strong><\/h1>\n\n\n\n<figure class=\"wp-block-image size-large is-resized\"><img data-recalc-dims=\"1\" decoding=\"async\" width=\"1024\" height=\"1024\"   loading=\"lazy\" src=\"https:\/\/i0.wp.com\/aiartfree.online\/wp-content\/uploads\/2024\/07\/avocado-square-1-1-1-1-1-1-1-1-1-1-1-1-1.jpg?resize=1024%2C1024&#038;ssl=1\" alt=\"Free Online DALL-E 3: Teko\u00e4lymalli, joka tuottaa korkealaatuisia kuvia\/videoita tekstikehotuksista, mullistaa teko\u00e4lyn tuottaman sis\u00e4ll\u00f6n luomisen ilman taiteellisia taitoja.\" class=\"wp-image-2825\" style=\"width:416px;height:auto\" srcset=\"https:\/\/i0.wp.com\/aiartfree.online\/wp-content\/uploads\/2024\/07\/avocado-square-1-1-1-1-1-1-1-1-1-1-1-1-1.jpg?resize=1024%2C1024&amp;ssl=1 1024w, https:\/\/i0.wp.com\/aiartfree.online\/wp-content\/uploads\/2024\/07\/avocado-square-1-1-1-1-1-1-1-1-1-1-1-1-1.jpg?resize=300%2C300&amp;ssl=1 300w, https:\/\/i0.wp.com\/aiartfree.online\/wp-content\/uploads\/2024\/07\/avocado-square-1-1-1-1-1-1-1-1-1-1-1-1-1.jpg?resize=100%2C100&amp;ssl=1 100w, https:\/\/i0.wp.com\/aiartfree.online\/wp-content\/uploads\/2024\/07\/avocado-square-1-1-1-1-1-1-1-1-1-1-1-1-1.jpg?resize=600%2C600&amp;ssl=1 600w, https:\/\/i0.wp.com\/aiartfree.online\/wp-content\/uploads\/2024\/07\/avocado-square-1-1-1-1-1-1-1-1-1-1-1-1-1.jpg?resize=150%2C150&amp;ssl=1 150w, https:\/\/i0.wp.com\/aiartfree.online\/wp-content\/uploads\/2024\/07\/avocado-square-1-1-1-1-1-1-1-1-1-1-1-1-1.jpg?resize=768%2C768&amp;ssl=1 768w, https:\/\/i0.wp.com\/aiartfree.online\/wp-content\/uploads\/2024\/07\/avocado-square-1-1-1-1-1-1-1-1-1-1-1-1-1.jpg?resize=1536%2C1536&amp;ssl=1 1536w, https:\/\/i0.wp.com\/aiartfree.online\/wp-content\/uploads\/2024\/07\/avocado-square-1-1-1-1-1-1-1-1-1-1-1-1-1.jpg?resize=12%2C12&amp;ssl=1 12w, https:\/\/i0.wp.com\/aiartfree.online\/wp-content\/uploads\/2024\/07\/avocado-square-1-1-1-1-1-1-1-1-1-1-1-1-1.jpg?w=1792&amp;ssl=1 1792w\" sizes=\"auto, (max-width: 1024px) 100vw, 1024px\" \/><\/figure>\n\n\n\n<h2 class=\"wp-block-heading\"><strong>Hahmotelma:<\/strong><\/h2>\n\n\n\n<ul class=\"wp-block-list\">\n<li class=\"\">Mik\u00e4 on ilmainen online DALL-E 3?<\/li>\n\n\n\n<li class=\"\">Miksi k\u00e4ytt\u00e4\u00e4 ilmaista online DALL-E 3?<\/li>\n\n\n\n<li class=\"\">Ilmaisen online DALL-E 3 -palvelun k\u00e4yt\u00f6n edut<\/li>\n\n\n\n<li class=\"\">Milloin k\u00e4ytt\u00e4\u00e4 ilmaista online DALL-E 3<\/li>\n\n\n\n<li class=\"\">Kuka voi hy\u00f6ty\u00e4 ilmaisesta DALL-E 3 -elokuvasta netiss\u00e4<\/li>\n\n\n\n<li class=\"\">Ilmaisia DALL-E 3 -ty\u00f6kaluja ja resursseja verkossa<\/li>\n\n\n\n<li class=\"\">FAQ: DALL-E 3: Usein kysytyt kysymykset: Usein kysytyt kysymykset koskien DALL-E 3:sta<\/li>\n<\/ul>\n\n\n\n<h3 class=\"wp-block-heading\" id=\"6b4aa913\"><a href=\"https:\/\/dromerosm-groq-llama3.hf.space\/#6b4aa913\" target=\"_blank\" rel=\"noopener\"><\/a>Mik\u00e4 on ilmainen DALL-E 3?<\/h3>\n\n\n\n<p class=\"\">Free Online DALL-E 3 on er\u00e4\u00e4nlainen teko\u00e4lymalli, jonka avulla k\u00e4ytt\u00e4j\u00e4t voivat luoda korkealaatuisia kuvia ja videoita tekstikehotteiden avulla. T\u00e4m\u00e4 innovatiivinen teknologia on mullistanut teko\u00e4lyn tuottaman sis\u00e4ll\u00f6n alan, sill\u00e4 sen avulla k\u00e4ytt\u00e4j\u00e4t voivat luoda upeita visuaalisia kuvia ilman laajoja taiteellisia taitoja.<\/p>\n\n\n\n<h3 class=\"wp-block-heading\" id=\"1403ba15\"><a href=\"https:\/\/dromerosm-groq-llama3.hf.space\/#1403ba15\" target=\"_blank\" rel=\"noopener\"><\/a>Miksi k\u00e4ytt\u00e4\u00e4 ilmaista DALL-E 3?<\/h3>\n\n\n\n<p class=\"\">Ilmainen DALL-E 3 -verkkopalvelu tarjoaa lukuisia etuja sek\u00e4 yksityishenkil\u00f6ille ett\u00e4 yrityksille. T\u00e4t\u00e4 tekniikkaa voidaan k\u00e4ytt\u00e4\u00e4 n\u00e4ytt\u00e4vien mainosten, sosiaalisen median sis\u00e4ll\u00f6n ja jopa kokonaisten tarinoiden luomiseen. Sen k\u00e4ytt\u00f6kohteet ovat rajattomat, ja sen kyky tuottaa korkealaatuista visuaalista materiaalia on tehnyt siit\u00e4 v\u00e4ltt\u00e4m\u00e4tt\u00f6m\u00e4n ty\u00f6kalun monilla aloilla, kuten markkinoinnissa, viihteess\u00e4 ja koulutuksessa.<\/p>\n\n\n\n<h3 class=\"wp-block-heading\" id=\"6a9ba0cf\"><a href=\"https:\/\/dromerosm-groq-llama3.hf.space\/#6a9ba0cf\" target=\"_blank\" rel=\"noopener\"><\/a>Ilmaisen DALL-E 3:n k\u00e4yt\u00f6n edut<\/h3>\n\n\n\n<p class=\"\">T\u00e4ss\u00e4 muutamia etuja, joita ilmaisen DALL-E 3 -elokuvan k\u00e4ytt\u00e4minen tarjoaa:<\/p>\n\n\n\n<ul class=\"wp-block-list\">\n<li class=\"\"><strong>Verraton kuvanlaatu<\/strong>: Free Online DALL-E 3 tuottaa kuvia, jotka ovat verrattavissa ammattitaiteilijoiden luomiin kuviin.<\/li>\n\n\n\n<li class=\"\"><strong>Aikatehokas<\/strong>: T\u00e4m\u00e4n tekniikan avulla k\u00e4ytt\u00e4j\u00e4t voivat luoda korkealaatuista visuaalista materiaalia muutamassa minuutissa, mik\u00e4 s\u00e4\u00e4st\u00e4\u00e4 aikaa ja vaivaa.<\/li>\n\n\n\n<li class=\"\"><strong>Kustannustehokas<\/strong>: Free Online DALL-E 3 poistaa tarpeen palkata ammattitaiteilijoita tai ostaa kalliita ohjelmistoja.<\/li>\n<\/ul>\n\n\n\n<h3 class=\"wp-block-heading\" id=\"5ca44098\"><a href=\"https:\/\/dromerosm-groq-llama3.hf.space\/#5ca44098\" target=\"_blank\" rel=\"noopener\"><\/a>Milloin k\u00e4ytt\u00e4\u00e4 ilmaista DALL-E 3<\/h3>\n\n\n\n<p class=\"\">Free Online DALL-E 3 sopii erilaisiin skenaarioihin, kuten:<\/p>\n\n\n\n<ul class=\"wp-block-list\">\n<li class=\"\"><strong>Markkinointikampanjat<\/strong>: Luo huomiota her\u00e4tt\u00e4vi\u00e4 mainoksia ja sosiaalisen median sis\u00e4lt\u00f6j\u00e4, jotka her\u00e4tt\u00e4v\u00e4t kohdeyleis\u00f6n huomion.<\/li>\n\n\n\n<li class=\"\"><strong>Tarinankerronta<\/strong>: Free Online DALL-E 3:n avulla voit luoda kokonaisia tarinoita hahmoineen, taustoineen ja rekvisiittoineen.<\/li>\n\n\n\n<li class=\"\"><strong>Koulutus<\/strong>: Hy\u00f6dynn\u00e4 t\u00e4t\u00e4 teknologiaa interaktiivisen ja kiinnostavan opetussis\u00e4ll\u00f6n luomiseen.<\/li>\n<\/ul>\n\n\n\n<h3 class=\"wp-block-heading\" id=\"a38adbc\"><a href=\"https:\/\/dromerosm-groq-llama3.hf.space\/#a38adbc\" target=\"_blank\" rel=\"noopener\"><\/a>Kuka voi hy\u00f6ty\u00e4 ilmaisesta DALL-E 3:sta?<\/h3>\n\n\n\n<p class=\"\">Ilmainen online DALL-E 3 voi hy\u00f6dytt\u00e4\u00e4 eri henkil\u00f6it\u00e4 ja toimialoja, kuten:<\/p>\n\n\n\n<ul class=\"wp-block-list\">\n<li class=\"\"><strong>Markkinoijat<\/strong>: Luo korkealaatuista visuaalista materiaalia markkinointikampanjoihin.<\/li>\n\n\n\n<li class=\"\"><strong>Taiteilijat<\/strong>: Luoda inspiraatiota taideteoksiinsa tai k\u00e4ytt\u00e4\u00e4 sit\u00e4 v\u00e4lineen\u00e4 uusien teosten luomiseen.<\/li>\n\n\n\n<li class=\"\"><strong>Kouluttajat<\/strong>: Luo interaktiivista ja kiinnostavaa opetussis\u00e4lt\u00f6\u00e4.<\/li>\n<\/ul>\n\n\n\n<h3 class=\"wp-block-heading\" id=\"5e6df429\"><a href=\"https:\/\/dromerosm-groq-llama3.hf.space\/#5e6df429\" target=\"_blank\" rel=\"noopener\"><\/a>Ilmaisia DALL-E 3 -ty\u00f6kaluja ja resursseja verkossa<\/h3>\n\n\n\n<p class=\"\">Seuraavassa on joitakin online-resursseja ja ty\u00f6kaluja, jotka voivat auttaa sinua p\u00e4\u00e4sem\u00e4\u00e4n alkuun ilmaisen online DALL-E 3:n parissa:<\/p>\n\n\n\n<figure class=\"wp-block-table\"><table class=\"has-fixed-layout\"><thead><tr><th>Resurssit<\/th><th>Kuvaus<\/th><th>Verkkosivusto<\/th><\/tr><\/thead><tbody><tr><td>AI Art ilmaiseksi verkossa<\/td><td>Alusta, joka tarjoaa ilmaisen DALL-E 3 -mallin verkossa.<\/td><td><a href=\"https:\/\/aiartfree.online\/fi\/free-online-dalle-3\/\" target=\"_blank\" rel=\"noreferrer noopener\">https:\/\/aiartfree.online\/free-online-dall%c2%b7e-3\/<\/a><\/td><\/tr><tr><td>DALL-E 3 GitHub<\/td><td>DALL-E 3:n virallinen GitHub-arkisto<\/td><td><a href=\"https:\/\/github.com\/dalle\/dalle-3\" target=\"_blank\" rel=\"noreferrer noopener\">https:\/\/github.com\/dalle\/dalle-3<\/a><\/td><\/tr><tr><td>Teko\u00e4lyn luoma taideyhteis\u00f6<\/td><td>Yhteis\u00f6, jossa keskustellaan teko\u00e4lyn luoman taiteen ja DALL-E 3:n parissa.<\/td><td><a href=\"https:\/\/www.ai-generated-art.com\/\" target=\"_blank\" rel=\"noreferrer noopener\">https:\/\/www.ai-generated-art.com\/<\/a><\/td><\/tr><tr><td>&#8230;<\/td><td>&#8230;<\/td><td>&#8230;<\/td><\/tr><\/tbody><\/table><\/figure>\n\n\n\n<p class=\"\"><strong>Edut:<\/strong><\/p>\n\n\n\n<ul class=\"wp-block-list\">\n<li class=\"\">K\u00e4ytt\u00e4j\u00e4yst\u00e4v\u00e4llinen k\u00e4ytt\u00f6liittym\u00e4<\/li>\n\n\n\n<li class=\"\">Laadukkaiden kuvien tuottaminen<\/li>\n\n\n\n<li class=\"\">Kustannustehokas<\/li>\n<\/ul>\n\n\n\n<p class=\"\"><strong>Haitat:<\/strong><\/p>\n\n\n\n<ul class=\"wp-block-list\">\n<li class=\"\">Rajoitetut r\u00e4\u00e4t\u00e4l\u00f6intimahdollisuudet<\/li>\n\n\n\n<li class=\"\">Vaatii teknist\u00e4 tiet\u00e4myst\u00e4<\/li>\n<\/ul>\n\n\n\n<p class=\"\"><strong>Haasteet:<\/strong><\/p>\n\n\n\n<ul class=\"wp-block-list\">\n<li class=\"\">Varmistetaan, ett\u00e4 tuotetut kuvat eiv\u00e4t ole v\u00e4\u00e4ristyneit\u00e4<\/li>\n\n\n\n<li class=\"\">Tekij\u00e4noikeus- ja omistajuuskysymysten k\u00e4sittely<\/li>\n<\/ul>\n\n\n\n<p class=\"\"><strong>Suositus:<\/strong><\/p>\n\n\n\n<p class=\"\">Tutkimustemme perusteella suosittelemme k\u00e4ytt\u00e4m\u00e4\u00e4n&nbsp;<a href=\"https:\/\/aiartfree.online\/fi\/free-online-dall\u00b7e-3\/\" target=\"_blank\" rel=\"noreferrer noopener\">AI Art ilmaiseksi verkossa<\/a>&nbsp;sen k\u00e4ytt\u00e4j\u00e4yst\u00e4v\u00e4llisen k\u00e4ytt\u00f6liittym\u00e4n ja laadukkaan kuvantuotannon ansiosta.<\/p>\n\n\n\n<h3 class=\"wp-block-heading\" id=\"b571c93a\"><a href=\"https:\/\/dromerosm-groq-llama3.hf.space\/#b571c93a\" target=\"_blank\" rel=\"noopener\"><\/a>FAQ: DALL-E 3: Usein kysytyt kysymykset: Usein kysytyt kysymykset koskien DALL-E 3:sta<\/h3>\n\n\n\n<p class=\"\">Seuraavassa on muutamia usein kysyttyj\u00e4 kysymyksi\u00e4 Free Online DALL-E 3:<\/p>\n\n\n\n<p class=\"\"><strong>Q1: Onko Free DALL-E 3:n k\u00e4ytt\u00f6 ilmaista?<\/strong>\u00a0A1: Kyll\u00e4, Free Online DALL-E 3:n k\u00e4ytt\u00f6 on ilmaista, ja siihen on saatavilla maksullisia p\u00e4ivityksi\u00e4.<\/p>\n\n\n\n<p class=\"\"><strong>Q2: Voinko k\u00e4ytt\u00e4\u00e4 Free DALL-E 3:a kaupallisiin tarkoituksiin?<\/strong>\u00a0A2: Kyll\u00e4, voit k\u00e4ytt\u00e4\u00e4 Free Online DALL-E 3 -peli\u00e4 kaupallisiin tarkoituksiin, mutta varmista, ett\u00e4 noudatat k\u00e4ytt\u00f6ehtoja.<\/p>\n\n\n\n<p class=\"\"><strong>Kysymys 3: Kuinka kauan kest\u00e4\u00e4 luoda kuva Free Online DALL-E 3:lla?<\/strong>&nbsp;A3: Generointiaika riippuu kuvan monimutkaisuudesta ja k\u00e4ytetyist\u00e4 laskentaresursseista. Kuvan luominen kest\u00e4\u00e4 keskim\u00e4\u00e4rin noin 1-5 minuuttia.<\/p>\n\n\n\n<p class=\"\"><strong>Q4: Voinko muokata luotuja kuvia?<\/strong>&nbsp;A4: Kyll\u00e4, voit muokata luotuja kuvia k\u00e4ytt\u00e4m\u00e4ll\u00e4 erilaisia ty\u00f6kaluja ja tekniikoita, kuten muokkausohjelmia ja tyylinsiirtoalgoritmeja.<\/p>\n\n\n\n<p class=\"\"><strong>Q5: Sopiiko ilmainen online DALL-E 3 aloittelijoille?<\/strong>&nbsp;A5: Kyll\u00e4, Free Online DALL-E 3 sopii aloittelijoille, sill\u00e4 sen k\u00e4ytt\u00f6liittym\u00e4 on intuitiivinen ja ty\u00f6kaluvihjeet opastavat sinua prosessin aikana.<\/p>\n\n\n\n<p class=\"\"><strong>Q6: Voinko k\u00e4ytt\u00e4\u00e4 Free Online DALL-E 3:a videon tuottamiseen?<\/strong>&nbsp;A6: Kyll\u00e4, Free Online DALL-E 3:a voidaan k\u00e4ytt\u00e4\u00e4 videoiden luomiseen, ja voit luoda upeita videoita pienell\u00e4 vaivalla.<\/p>\n\n\n\n<p class=\"\"><strong>Q7: Onko Free Online DALL-E 3:n k\u00e4yt\u00f6ss\u00e4 rajoituksia?<\/strong>&nbsp;A7: Kyll\u00e4, Free Online DALL-E 3:n k\u00e4yt\u00f6ss\u00e4 on rajoituksia, kuten rajalliset mukautusmahdollisuudet ja luoduissa kuvissa mahdollisesti esiintyv\u00e4t v\u00e4\u00e4ristym\u00e4t.<\/p>\n\n\n\n<p class=\"\"><strong>Q8: Voinko k\u00e4ytt\u00e4\u00e4 Free Online DALL-E 3:a tarinankerrontaan?<\/strong>&nbsp;A8: Kyll\u00e4, Free Online DALL-E 3:sta voi k\u00e4ytt\u00e4\u00e4 tarinankerrontaan, sill\u00e4 sen avulla voit luoda kokonaisia tarinoita hahmojen, taustojen ja rekvisiitan avulla.<\/p>\n\n\n\n<p class=\"\"><strong>Q9: Onko ilmainen online DALL-E 3 sopiva opetukseen?<\/strong>&nbsp;A9: Kyll\u00e4, Free Online DALL-E 3 soveltuu opetukseen, ja sen avulla opettajat voivat luoda interaktiivista ja kiinnostavaa opetussis\u00e4lt\u00f6\u00e4.<\/p>\n\n\n\n<p class=\"\"><strong>Q10: Miten p\u00e4\u00e4sen alkuun ilmaisen DALL-E 3 -verkkopelin kanssa?<\/strong>&nbsp;A10: Voit aloittaa ilmaisen DALL-E 3 -verkkopelin, kun vierailet verkkosivustolla, rekister\u00f6idyt tilille ja seuraat annettuja ohjeita ja opastusta.<\/p>","protected":false},"excerpt":{"rendered":"<p>How to use the Free DALL\u00b7E 3 *&nbsp;Depending on your internet speed, loading the model may take a few seconds.* There will be caching during continuous generation, and the new image will appear after about 3 seconds. Introduction of Free DALL\u00b7E 3 Outline: What is Free DALL\u00b7E 3? Free Online DALL\u00b7E 3 is a type &#8230; <a title=\"Ilmainen DALL-E 3\" class=\"read-more\" href=\"https:\/\/aiartfree.online\/fi\/vapaa-dalle-3\/\" aria-label=\"Lue lis\u00e4\u00e4 aiheesta Free DALL\u00b7E 3\">Lue lis\u00e4\u00e4<\/a><\/p>","protected":false},"author":1,"featured_media":0,"parent":0,"menu_order":0,"comment_status":"open","ping_status":"closed","template":"","meta":{"nf_dc_page":"","footnotes":""},"class_list":["post-2889","page","type-page","status-publish"],"jetpack_sharing_enabled":true,"_links":{"self":[{"href":"https:\/\/aiartfree.online\/fi\/wp-json\/wp\/v2\/pages\/2889","targetHints":{"allow":["GET"]}}],"collection":[{"href":"https:\/\/aiartfree.online\/fi\/wp-json\/wp\/v2\/pages"}],"about":[{"href":"https:\/\/aiartfree.online\/fi\/wp-json\/wp\/v2\/types\/page"}],"author":[{"embeddable":true,"href":"https:\/\/aiartfree.online\/fi\/wp-json\/wp\/v2\/users\/1"}],"replies":[{"embeddable":true,"href":"https:\/\/aiartfree.online\/fi\/wp-json\/wp\/v2\/comments?post=2889"}],"version-history":[{"count":0,"href":"https:\/\/aiartfree.online\/fi\/wp-json\/wp\/v2\/pages\/2889\/revisions"}],"wp:attachment":[{"href":"https:\/\/aiartfree.online\/fi\/wp-json\/wp\/v2\/media?parent=2889"}],"curies":[{"name":"wp","href":"https:\/\/api.w.org\/{rel}","templated":true}]}}