{"id":2888,"date":"2024-07-18T11:45:49","date_gmt":"2024-07-18T11:45:49","guid":{"rendered":"https:\/\/aiartfree.online\/?page_id=2888"},"modified":"2025-03-07T08:01:42","modified_gmt":"2025-03-07T08:01:42","slug":"free-online-stable-diffusion-3","status":"publish","type":"page","link":"https:\/\/aiartfree.online\/fi\/ilmainen-online-vakaa-diffuusio-3\/","title":{"rendered":"Ilmainen online stabiili diffuusio 3"},"content":{"rendered":"<h2 class=\"wp-block-heading has-text-align-center\" id=\"what-our-users-made\">Mit\u00e4 k\u00e4ytt\u00e4j\u00e4t tekiv\u00e4t<\/h2>\n\n\n\n<figure class=\"gb-block-image gb-block-image-1822da1f\"><img data-recalc-dims=\"1\" decoding=\"async\" loading=\"lazy\" width=\"1200\" height=\"199\" class=\"gb-image gb-image-1822da1f\" src=\"https:\/\/i0.wp.com\/aiartfree.online\/wp-content\/uploads\/2024\/08\/WX20240802-163255%402x-scaled.webp?resize=1200%2C199&#038;ssl=1\" alt=\"Stable Diffusion 3 on teko\u00e4lymalli, jonka avulla k\u00e4ytt\u00e4j\u00e4t voivat luoda korkealaatuisia kuvia tekstikehotteiden avulla, jolloin k\u00e4ytt\u00e4j\u00e4t voivat luoda visuaalisia kuvia ilman taiteellisia taitoja.\" title=\"WX20240802-163255@2x\" srcset=\"https:\/\/i0.wp.com\/aiartfree.online\/wp-content\/uploads\/2024\/08\/WX20240802-163255%402x-scaled.webp?w=2560&amp;ssl=1 2560w, https:\/\/i0.wp.com\/aiartfree.online\/wp-content\/uploads\/2024\/08\/WX20240802-163255%402x-scaled.webp?resize=300%2C50&amp;ssl=1 300w, https:\/\/i0.wp.com\/aiartfree.online\/wp-content\/uploads\/2024\/08\/WX20240802-163255%402x-scaled.webp?resize=1024%2C170&amp;ssl=1 1024w, https:\/\/i0.wp.com\/aiartfree.online\/wp-content\/uploads\/2024\/08\/WX20240802-163255%402x-scaled.webp?resize=768%2C127&amp;ssl=1 768w, https:\/\/i0.wp.com\/aiartfree.online\/wp-content\/uploads\/2024\/08\/WX20240802-163255%402x-scaled.webp?resize=1536%2C254&amp;ssl=1 1536w, https:\/\/i0.wp.com\/aiartfree.online\/wp-content\/uploads\/2024\/08\/WX20240802-163255%402x-scaled.webp?resize=2048%2C339&amp;ssl=1 2048w, https:\/\/i0.wp.com\/aiartfree.online\/wp-content\/uploads\/2024\/08\/WX20240802-163255%402x-scaled.webp?resize=18%2C3&amp;ssl=1 18w, https:\/\/i0.wp.com\/aiartfree.online\/wp-content\/uploads\/2024\/08\/WX20240802-163255%402x-scaled.webp?resize=600%2C99&amp;ssl=1 600w, https:\/\/i0.wp.com\/aiartfree.online\/wp-content\/uploads\/2024\/08\/WX20240802-163255%402x-scaled.webp?w=2400&amp;ssl=1 2400w\" sizes=\"auto, (max-width: 1200px) 100vw, 1200px\" \/><\/figure>\n\n\n\n<h2 class=\"wp-block-heading\" id=\"how-to-use-the-free-free-online-stable-diffusion-3\">Kuinka k\u00e4ytt\u00e4\u00e4 ilmaista ilmaista online Stable Diffusion 3 -ohjelmaa<\/h2>\n\n\n\n<ol class=\"wp-block-list\">\n<li class=\"\">Sy\u00f6t\u00e4 kehotteet<\/li>\n\n\n\n<li class=\"\">Napsauta \"Suorita\"<\/li>\n\n\n\n<li class=\"\">Hetkinen, siin\u00e4 se on!<\/li>\n\n\n\n<li class=\"\">Etk\u00f6 ole tyytyv\u00e4inen lopputulokseen? <br>Ei ongelmaa! k\u00e4yt\u00e4 alla olevaa kehotusgeneraattoria saadaksesi mullistavia kehotuksia\uff5e<\/li>\n\n\n\n<li class=\"\">Eik\u00f6 mieless\u00e4si ole mit\u00e4\u00e4n ajatuksia?<br>Ei h\u00e4t\u00e4\u00e4! <a href=\"#maodian\" data-type=\"internal\" data-id=\"#maodian\">Klikkaa tarkistaaksesi Prompt-galleriamme<\/a><\/li>\n<\/ol>\n\n\n\n<p class=\"\">* Voit vapaasti kokeilla alla olevia esimerkkej\u00e4, jos sinulla ei ole mit\u00e4\u00e4n ajatuksia mieless\u00e4si.<\/p>\n\n\n\n<h3 class=\"wp-block-heading\" id=\"prompt-examples\">Esimerkkej\u00e4 kehotuksista<\/h3>\n\n\n\n<ol style=\"font-size:16px\" class=\"wp-block-list\">\n<li class=\"\">henke\u00e4salpaava eritt\u00e4in yksityiskohtainen graafisen romaanin kuvitus Morgan Freeman ratsastaa Harley Davidson moottoripy\u00f6r\u00e4 , tumma ja synkk\u00e4<\/li>\n\n\n\n<li class=\"\">henke\u00e4salpaava kuvitus keskell\u00e4 t\u00e4htisumun valtavaa avaruutta leijuu yksin\u00e4inen astronautti, joka on kiinnitetty valovoimaiseen t\u00e4htialukseen. Sumun s\u00e4teilev\u00e4t kaasut tanssivat ymp\u00e4riins\u00e4 heijastaen pukuun v\u00e4rikk\u00e4it\u00e4 v\u00e4rej\u00e4 ja luoden valon ja liikkeen baletin.<\/li>\n\n\n\n<li class=\"\">henke\u00e4salpaava graafisen romaanin kuvitus Risteyksess\u00e4 maailmanlopun j\u00e4lkeisess\u00e4 autiomaassa vaeltaja, jolla on metalliromusta tehty kitara, laulaa tarinoita vanhasta maailmasta. Mutanttiolennot ker\u00e4\u00e4ntyv\u00e4t leirinuotion ymp\u00e4rille, heid\u00e4n silm\u00e4ns\u00e4 ovat t\u00e4ynn\u00e4 kaipausta.<\/li>\n\n\n\n<li class=\"\">henke\u00e4salpaava kuvitus, jossa lapsi jahtaa v\u00e4rikk\u00e4it\u00e4 perhosia eloisalla niityll\u00e4.<\/li>\n\n\n\n<li class=\"\">henke\u00e4salpaava graafisen romaanin kuvitus Rannalla, jossa aallot kutovat tarinoita, tarinankertoja, jolla on kuunvalon kangaspuita, valmistaa tarinoita vuorovesi-ilmi\u00f6ist\u00e4. Kuoret kuiskaavat tarinoita, ja horisontti on seikkailujen kudos, jota ei ole viel\u00e4 kerrottu.<\/li>\n\n\n\n<li class=\"\">henke\u00e4salpaava graafisen romaanin kuvitus haukasta, joka leijailee aavikon yll\u00e4 saalista etsien.<\/li>\n\n\n\n<li class=\"\">henke\u00e4salpaava kuvitus Syv\u00e4ll\u00e4 napapiirill\u00e4 revontuli maalaa taivaan vihre\u00e4n, vaaleanpunaisen ja violetin v\u00e4ris\u00e4vyill\u00e4. Alla oleva lumi heijastelee t\u00e4t\u00e4 valojen tanssia, ja maailma peittyy kiehtovaan v\u00e4rien sinfoniaan.<\/li>\n\n\n\n<li class=\"\">henke\u00e4salpaava graafisen romaanin kuvitus, jossa tatuoija tekee yksityiskohtaisesti monimutkaista kuviota asiakkaan selk\u00e4\u00e4n.<\/li>\n\n\n\n<li class=\"\">henke\u00e4salpaava graafisen romaanin kuvitus V\u00e4rikk\u00e4isiin silkkeihin verhoutunut nainen lukee tarot-kortteja kynttil\u00e4nvalossa olevassa teltassa.<\/li>\n\n\n\n<li class=\"\">henke\u00e4salpaava graafinen kuvitus, jossa kaksi luolastolaista kartoittaa syv\u00e4n luolan, taskulamput valaisevat tiet\u00e4.<\/li>\n<\/ol>\n\n\n\n<figure class=\"gb-block-image gb-block-image-032aac41\"><a href=\"https:\/\/fas.st\/t\/9U4PYbm7\" target=\"_blank\" rel=\"noopener noreferrer\"><img data-recalc-dims=\"1\" decoding=\"async\" loading=\"lazy\" width=\"1200\" height=\"365\" class=\"gb-image gb-image-032aac41\" src=\"https:\/\/i0.wp.com\/aiartfree.online\/wp-content\/uploads\/2025\/03\/WX20250307-115412%402x.webp?resize=1200%2C365&#038;ssl=1\" alt=\"\" title=\"WX20250307-115412@2x\" srcset=\"https:\/\/i0.wp.com\/aiartfree.online\/wp-content\/uploads\/2025\/03\/WX20250307-115412%402x.webp?w=1942&amp;ssl=1 1942w, https:\/\/i0.wp.com\/aiartfree.online\/wp-content\/uploads\/2025\/03\/WX20250307-115412%402x.webp?resize=300%2C91&amp;ssl=1 300w, https:\/\/i0.wp.com\/aiartfree.online\/wp-content\/uploads\/2025\/03\/WX20250307-115412%402x.webp?resize=1024%2C312&amp;ssl=1 1024w, https:\/\/i0.wp.com\/aiartfree.online\/wp-content\/uploads\/2025\/03\/WX20250307-115412%402x.webp?resize=768%2C234&amp;ssl=1 768w, https:\/\/i0.wp.com\/aiartfree.online\/wp-content\/uploads\/2025\/03\/WX20250307-115412%402x.webp?resize=1536%2C467&amp;ssl=1 1536w, https:\/\/i0.wp.com\/aiartfree.online\/wp-content\/uploads\/2025\/03\/WX20250307-115412%402x.webp?resize=18%2C5&amp;ssl=1 18w, https:\/\/i0.wp.com\/aiartfree.online\/wp-content\/uploads\/2025\/03\/WX20250307-115412%402x.webp?resize=600%2C183&amp;ssl=1 600w\" sizes=\"auto, (max-width: 1200px) 100vw, 1200px\" \/><\/a><\/figure>\n\n\n\n<p class=\"\"><em>* Internetin nopeudesta riippuen mallin lataaminen voi kest\u00e4\u00e4 muutaman sekunnin.<br>* Jatkuvan luomisen aikana tapahtuu v\u00e4limuistitallennusta, ja uusi kuva tulee n\u00e4kyviin noin 3 sekunnin kuluttua.<\/em><\/p>\n\n\n\n<div class=\"iframe-wrapper\" style=\"position: relative; width: 100%; height: 1260px;\">\n  <div class=\"loading\" style=\"position: absolute; top: 50px; left: 50%; transform: translate(-50%, -50%); width: 40px; height: 40px; border: 3px solid #f0f0f0; border-top: 3px solid #db7093; border-radius: 50%; animation: spin 1s linear infinite;\"><\/div>\n  <iframe loading=\"lazy\" src=\"https:\/\/prodia-fast-stable-diffusion.hf.space\" frameborder=\"0\" width=\"100%\" height=\"100%\" style=\"position: absolute; top: 0; left: 0; opacity: 0; transition: opacity 0.3s;\" onload=\"this.style.opacity=1;this.previousElementSibling.style.display='none';\"><\/iframe>\n<\/div>\n\n<style>\n@keyframes spin {\n  0% { transform: translate(-50%, -50%) rotate(0deg); }\n  100% { transform: translate(-50%, -50%) rotate(360deg); }\n}\n<\/style>\n\n\n\n<div style=\"text-align: center; border: 2px solid; border-image-source: linear-gradient(to right, #16b86c, #912899); border-image-slice: 1; box-shadow: 0 0 10px rgba(0, 0, 0, 0.1); border-radius: 15px;\">\n  <iframe loading=\"lazy\"\n    src=\"https:\/\/doevent-stable-diffusion-prompt-generator.hf.space\"\n    frameborder=\"0\"\n    width=\"100%\"\n    height=\"900\"\n    style=\"display: inline-block; margin: 0 auto;\"\n  ><\/iframe>\n<\/div>\n\n\n\n<div style=\"height:50px\" aria-hidden=\"true\" class=\"wp-block-spacer\"><\/div>\n\n\n\n<h2 class=\"wp-block-heading has-text-align-center\" id=\"drawing-prompts-gallery-of-stable-diffusion\">Piirustus Kehotuksia Galleria Stabiili Diffuusio<\/h2>\n\n\n\n<h3 class=\"wp-block-heading\" id=\"how-to-use-it\">Miten sit\u00e4 k\u00e4ytet\u00e4\u00e4n?<\/h3>\n\n\n\n<ol class=\"wp-block-list\">\n<li class=\"\">Monista kehote napsauttamalla kuvan oikeaa yl\u00e4kuvaketta.<\/li>\n\n\n\n<li class=\"\">Selaa yl\u00f6sp\u00e4in ja liit\u00e4 mullistava kehotuksesi sukupolvea varten.<\/li>\n<\/ol>\n\n\n\n<div style=\"text-align: center; border: 2px solid; border-image-source: linear-gradient(to right, #16b86c, #912899); border-image-slice: 1; box-shadow: 0 0 10px rgba(0, 0, 0, 0.1); border-radius: 15px; position: relative;\">\n  <div id=\"loading\" style=\"position: absolute; top: 100px; left: 50%; transform: translate(-50%, -50%); z-index: 1000;\">\n    <div style=\"width: 50px; height: 50px; border: 5px solid #f3f3f3; border-top: 5px solid #16b86c; border-radius: 50%; animation: spin 1s linear infinite;\"><\/div>\n  <\/div>\n  <iframe loading=\"lazy\"\n    src=\"https:\/\/prithivmlmods-top-prompt-collection.static.hf.space\"\n    frameborder=\"0\"\n    width=\"100%\"\n    height=\"2600\"\n    style=\"display: inline-block; margin: 0 auto;\"\n    onload=\"document.getElementById('loading').style.display='none';\"\n  ><\/iframe>\n<\/div>\n\n<style>\n  @keyframes spin {\n    0% { transform: rotate(0deg); }\n    100% { transform: rotate(360deg); }\n  }\n<\/style>\n\n\n\n<div style=\"height:50px\" aria-hidden=\"true\" class=\"wp-block-spacer\"><\/div>\n\n\n\n<h2 class=\"wp-block-heading\" id=\"introduction-of-free-online-stable-diffusion-3\">Vapaan ja vakaan verkkodiffuusion k\u00e4ytt\u00f6\u00f6notto 3<\/h2>\n\n\n\n<p class=\"\">Tutustu siihen, miten Free Online Stable Diffusion 3 mullistaa teko\u00e4lyn luoman taiteen maailman. T\u00e4m\u00e4 opas kattaa kaiken, mit\u00e4 sinun on tiedett\u00e4v\u00e4 t\u00e4st\u00e4 tehokkaasta ty\u00f6kalusta, sen m\u00e4\u00e4ritelm\u00e4st\u00e4 ja hy\u00f6dyist\u00e4 sen ihanteellisiin k\u00e4ytt\u00e4jiin ja usein kysyttyihin kysymyksiin.<\/p>\n\n\n\n<div class=\"wp-block-rank-math-toc-block\" id=\"rank-math-toc\"><h3>Sis\u00e4llysluettelo<\/h3><nav><ul><li><a href=\"#how-to-use-it\">Miten sit\u00e4 k\u00e4ytet\u00e4\u00e4n?<\/a><\/li><li><a href=\"#\ufffc-what-is-free-online-stable-diffusion-3\">\ufffcMik\u00e4 on ilmainen Online Stable Diffusion 3?<\/a><\/li><li><a href=\"#\ufffc-why-use-free-online-stable-diffusion-3\">\ufffcMiksi k\u00e4ytt\u00e4\u00e4 ilmaista online-stabiilia diffuusiota 3?<\/a><\/li><li><a href=\"#\ufffc-benefits-of-using-free-online-stable-diffusion-3\">\ufffcVapaan online-stabiilin diffuusion k\u00e4yt\u00f6n edut 3<\/a><\/li><li><a href=\"#\ufffc-when-to-use-free-online-stable-diffusion-3\">\ufffc Milloin k\u00e4ytt\u00e4\u00e4 ilmaista online-stabiilia diffuusiota 3<\/a><\/li><li><a href=\"#\ufffc-who-can-benefit-from-free-online-stable-diffusion-3\">\ufffcKuka voi hy\u00f6ty\u00e4 ilmaisesta stabiilista verkkodiffuusiosta 3<\/a><\/li><li><a href=\"#\ufffc-free-online-stable-diffusion-3-tools-and-resources\">\ufffcFree Online Stable Diffusion 3 -ty\u00f6kalut ja resurssit<\/a><\/li><li><a href=\"#\ufffcfaq-frequently-asked-questions-about-free-online-stable-diffusion-3\">\ufffcFAQ: Stable Diffusion 3: Usein kysytyt kysymykset Free Online Stable Diffusion 3:sta<\/a><\/li><\/ul><\/nav><\/div>\n\n\n\n<h3 class=\"wp-block-heading\" id=\"\ufffc-what-is-free-online-stable-diffusion-3\"><a href=\"https:\/\/dromerosm-groq-llama3.hf.space\/#57aaf246\" target=\"_blank\" rel=\"noopener\"><\/a>Mik\u00e4 on Free Online Stable Diffusion 3?<\/h3>\n\n\n\n<p class=\"\">Free Online Stable Diffusion 3 on er\u00e4\u00e4nlainen teko\u00e4lymalli, jonka avulla k\u00e4ytt\u00e4j\u00e4t voivat luoda korkealaatuisia kuvia ja videoita tekstikehotteiden avulla. T\u00e4m\u00e4 innovatiivinen teknologia on mullistanut teko\u00e4lyn tuottaman sis\u00e4ll\u00f6n alan, sill\u00e4 sen avulla k\u00e4ytt\u00e4j\u00e4t voivat luoda upeita visuaalisia kuvia ilman laajoja taiteellisia taitoja.<\/p>\n\n\n\n<h3 class=\"wp-block-heading\" id=\"\ufffc-why-use-free-online-stable-diffusion-3\"><a href=\"https:\/\/dromerosm-groq-llama3.hf.space\/#1b6e5ba1\" target=\"_blank\" rel=\"noopener\"><\/a>Miksi k\u00e4ytt\u00e4\u00e4 ilmaista Online Stable Diffusion 3 -verkkopalvelua?<\/h3>\n\n\n\n<p class=\"\">Free Online Stable Diffusion 3 tarjoaa lukuisia etuja sek\u00e4 yksityishenkil\u00f6ille ett\u00e4 yrityksille. T\u00e4ll\u00e4 tekniikalla voidaan luoda huomiota her\u00e4tt\u00e4vi\u00e4 mainoksia, sosiaalisen median sis\u00e4lt\u00f6\u00e4 ja jopa kokonaisia tarinoita. Sen k\u00e4ytt\u00f6kohteet ovat rajattomat, ja sen kyky tuottaa korkealaatuista visuaalista materiaalia on tehnyt siit\u00e4 v\u00e4ltt\u00e4m\u00e4tt\u00f6m\u00e4n ty\u00f6kalun monilla aloilla, kuten markkinoinnissa, viihteess\u00e4 ja koulutuksessa.<\/p>\n\n\n\n<h3 class=\"wp-block-heading\" id=\"\ufffc-benefits-of-using-free-online-stable-diffusion-3\"><a href=\"https:\/\/dromerosm-groq-llama3.hf.space\/#10ad74a\" target=\"_blank\" rel=\"noopener\"><\/a>Ilmaisen online-stabiilin diffuusion k\u00e4yt\u00f6n edut 3<\/h3>\n\n\n\n<p class=\"\">Seuraavassa on muutamia etuja, joita saat k\u00e4ytt\u00e4m\u00e4ll\u00e4 Free Online Stable Diffusion 3:a:<\/p>\n\n\n\n<ul class=\"wp-block-list\">\n<li class=\"\"><strong>Verraton kuvanlaatu<\/strong>: Free Online Stable Diffusion 3 tuottaa kuvia, jotka ovat verrattavissa ammattitaiteilijoiden luomiin kuviin.<\/li>\n\n\n\n<li class=\"\"><strong>Aikatehokas<\/strong>: T\u00e4m\u00e4n tekniikan avulla k\u00e4ytt\u00e4j\u00e4t voivat luoda korkealaatuista visuaalista materiaalia muutamassa minuutissa, mik\u00e4 s\u00e4\u00e4st\u00e4\u00e4 aikaa ja vaivaa.<\/li>\n\n\n\n<li class=\"\"><strong>Kustannustehokas<\/strong>: Free Online Stable Diffusion 3 poistaa tarpeen palkata ammattitaiteilijoita tai ostaa kalliita ohjelmistoja.<\/li>\n<\/ul>\n\n\n\n<h3 class=\"wp-block-heading\" id=\"\ufffc-when-to-use-free-online-stable-diffusion-3\"><a href=\"https:\/\/dromerosm-groq-llama3.hf.space\/#fa570b08\" target=\"_blank\" rel=\"noopener\"><\/a>Milloin kannattaa k\u00e4ytt\u00e4\u00e4 ilmaista stabiilia diffuusiota verkossa 3<\/h3>\n\n\n\n<p class=\"\">Free Online Stable Diffusion 3 soveltuu erilaisiin skenaarioihin, kuten:<\/p>\n\n\n\n<ul class=\"wp-block-list\">\n<li class=\"\"><strong>Markkinointikampanjat<\/strong>: Luo huomiota her\u00e4tt\u00e4vi\u00e4 mainoksia ja sosiaalisen median sis\u00e4lt\u00f6j\u00e4, jotka her\u00e4tt\u00e4v\u00e4t kohdeyleis\u00f6n huomion.<\/li>\n\n\n\n<li class=\"\"><strong>Tarinankerronta<\/strong>: Free Online Stable Diffusion 3:n avulla voit luoda kokonaisia tarinoita hahmoineen, taustoineen ja rekvisiittoineen.<\/li>\n\n\n\n<li class=\"\"><strong>Koulutus<\/strong>: Hy\u00f6dynn\u00e4 t\u00e4t\u00e4 teknologiaa interaktiivisen ja kiinnostavan opetussis\u00e4ll\u00f6n luomiseen.<\/li>\n<\/ul>\n\n\n\n<h3 class=\"wp-block-heading\" id=\"\ufffc-who-can-benefit-from-free-online-stable-diffusion-3\"><a href=\"https:\/\/dromerosm-groq-llama3.hf.space\/#8a0a08f4\" target=\"_blank\" rel=\"noopener\"><\/a>Kuka voi hy\u00f6ty\u00e4 maksuttomasta stabiilista verkkodiffuusiosta 3<\/h3>\n\n\n\n<p class=\"\">Ilmaisesta Online Stable Diffusion 3 -ohjelmasta voivat hy\u00f6ty\u00e4 useat henkil\u00f6t ja toimialat, kuten:<\/p>\n\n\n\n<ul class=\"wp-block-list\">\n<li class=\"\"><strong>Markkinoijat<\/strong>: Luo korkealaatuista visuaalista materiaalia markkinointikampanjoihin.<\/li>\n\n\n\n<li class=\"\"><strong>Taiteilijat<\/strong>: Luoda inspiraatiota taideteoksiinsa tai k\u00e4ytt\u00e4\u00e4 sit\u00e4 v\u00e4lineen\u00e4 uusien teosten luomiseen.<\/li>\n\n\n\n<li class=\"\"><strong>Kouluttajat<\/strong>: Luo interaktiivista ja kiinnostavaa opetussis\u00e4lt\u00f6\u00e4.<\/li>\n<\/ul>\n\n\n\n<h3 class=\"wp-block-heading\" id=\"\ufffc-free-online-stable-diffusion-3-tools-and-resources\"><a href=\"https:\/\/dromerosm-groq-llama3.hf.space\/#d1f9532f\" target=\"_blank\" rel=\"noopener\"><\/a>Ilmaiset online-ty\u00f6kalut ja resurssit Stabiili diffuusio 3<\/h3>\n\n\n\n<p class=\"\">Seuraavassa on joitakin online-resursseja ja ty\u00f6kaluja, jotka voivat auttaa sinua p\u00e4\u00e4sem\u00e4\u00e4n alkuun Free Online Stable Diffusion 3:n kanssa:<\/p>\n\n\n\n<figure class=\"wp-block-table\"><table class=\"has-fixed-layout\"><thead><tr><th>Resurssit<\/th><th>Kuvaus<\/th><th>Verkkosivusto<\/th><\/tr><\/thead><tbody><tr><td>AI Art ilmaiseksi verkossa<\/td><td>Alusta, joka tarjoaa ilmaisen verkossa toimivan vakaan diffuusiomallin 3<\/td><td><a href=\"https:\/\/aiartfree.online\/fi\/ilmainen-online-vakaa-diffuusio-3\/\" target=\"_blank\" rel=\"noreferrer noopener\">https:\/\/aiartfree.online\/free-online-stable-diffusion-3<\/a><\/td><\/tr><tr><td>Vakaa diffuusio 3 GitHub<\/td><td>Stable Diffusion 3:n virallinen GitHub-tietovaranto<\/td><td><a href=\"https:\/\/github.com\/stablediffusion\/stablediffusion-3\" target=\"_blank\" rel=\"noreferrer noopener\">https:\/\/github.com\/stablediffusion\/stablediffusion-3<\/a><\/td><\/tr><tr><td>Teko\u00e4lyn luoma taideyhteis\u00f6<\/td><td>Yhteis\u00f6, jossa keskustellaan teko\u00e4lyn tuottamasta taiteesta ja Stable Diffusion 3:sta<\/td><td><a href=\"https:\/\/www.ai-generated-art.com\/\" target=\"_blank\" rel=\"noreferrer noopener\">https:\/\/www.ai-generated-art.com\/<\/a><\/td><\/tr><tr><td>&#8230;<\/td><td>&#8230;<\/td><td>&#8230;<\/td><\/tr><\/tbody><\/table><\/figure>\n\n\n\n<p class=\"\"><strong>Edut:<\/strong><\/p>\n\n\n\n<ul class=\"wp-block-list\">\n<li class=\"\">K\u00e4ytt\u00e4j\u00e4yst\u00e4v\u00e4llinen k\u00e4ytt\u00f6liittym\u00e4<\/li>\n\n\n\n<li class=\"\">Laadukkaiden kuvien tuottaminen<\/li>\n\n\n\n<li class=\"\">Kustannustehokas<\/li>\n<\/ul>\n\n\n\n<p class=\"\"><strong>Haitat:<\/strong><\/p>\n\n\n\n<ul class=\"wp-block-list\">\n<li class=\"\">Rajoitetut r\u00e4\u00e4t\u00e4l\u00f6intimahdollisuudet<\/li>\n\n\n\n<li class=\"\">Vaatii teknist\u00e4 tiet\u00e4myst\u00e4<\/li>\n<\/ul>\n\n\n\n<p class=\"\"><strong>Haasteet:<\/strong><\/p>\n\n\n\n<ul class=\"wp-block-list\">\n<li class=\"\">Varmistetaan, ett\u00e4 tuotetut kuvat eiv\u00e4t ole v\u00e4\u00e4ristyneit\u00e4<\/li>\n\n\n\n<li class=\"\">Tekij\u00e4noikeus- ja omistajuuskysymysten k\u00e4sittely<\/li>\n<\/ul>\n\n\n\n<p class=\"\"><strong>Suositus:<\/strong><\/p>\n\n\n\n<p class=\"\">Tutkimustemme perusteella suosittelemme k\u00e4ytt\u00e4m\u00e4\u00e4n&nbsp;<a href=\"https:\/\/aiartfree.online\/fi\/ilmainen-online-vakaa-diffuusio-3\/\" target=\"_blank\" rel=\"noreferrer noopener\">AI Art ilmaiseksi verkossa<\/a>&nbsp;sen k\u00e4ytt\u00e4j\u00e4yst\u00e4v\u00e4llisen k\u00e4ytt\u00f6liittym\u00e4n ja laadukkaan kuvantuotannon ansiosta.<\/p>\n\n\n\n<h3 class=\"wp-block-heading\" id=\"\ufffcfaq-frequently-asked-questions-about-free-online-stable-diffusion-3\"><a href=\"https:\/\/dromerosm-groq-llama3.hf.space\/#5a006b1f\" target=\"_blank\" rel=\"noopener\"><\/a>FAQ: Stable Diffusion 3: Usein kysytyt kysymykset Free Online Stable Diffusion 3<\/h3>\n\n\n\n<p class=\"\">Seuraavassa on muutamia usein kysyttyj\u00e4 kysymyksi\u00e4 Free Online Stable Diffusion 3 -ohjelmasta:<\/p>\n\n\n\n<p class=\"\"><strong>Q1: Onko Free Online Stable Diffusion 3:n k\u00e4ytt\u00f6 ilmaista?<\/strong>&nbsp;A1: Kyll\u00e4, Free Online Stable Diffusion 3:n k\u00e4ytt\u00f6 on ilmaista, ja siihen on saatavilla maksullisia p\u00e4ivityksi\u00e4.<\/p>\n\n\n\n<p class=\"\"><strong>Q2: Voinko k\u00e4ytt\u00e4\u00e4 Free Online Stable Diffusion 3:a kaupallisiin tarkoituksiin?<\/strong>&nbsp;A2: Kyll\u00e4, voit k\u00e4ytt\u00e4\u00e4 Free Online Stable Diffusion 3:a kaupallisiin tarkoituksiin, mutta varmista, ett\u00e4 noudatat k\u00e4ytt\u00f6ehtoja.<\/p>\n\n\n\n<p class=\"\"><strong>Kysymys 3: Kuinka kauan kest\u00e4\u00e4 luoda kuva Free Online Stable Diffusion 3:lla?<\/strong>&nbsp;A3: Generointiaika riippuu kuvan monimutkaisuudesta ja k\u00e4ytetyist\u00e4 laskentaresursseista. Kuvan luominen kest\u00e4\u00e4 keskim\u00e4\u00e4rin noin 1-5 minuuttia.<\/p>\n\n\n\n<p class=\"\"><strong>Q4: Voinko muokata luotuja kuvia?<\/strong>&nbsp;A4: Kyll\u00e4, voit muokata luotuja kuvia k\u00e4ytt\u00e4m\u00e4ll\u00e4 erilaisia ty\u00f6kaluja ja tekniikoita, kuten muokkausohjelmia ja tyylinsiirtoalgoritmeja.<\/p>\n\n\n\n<p class=\"\"><strong>Q5: Sopiiko Free Online Stable Diffusion 3 aloittelijoille?<\/strong>&nbsp;A5: Kyll\u00e4, Free Online Stable Diffusion 3 sopii aloittelijoille, sill\u00e4 sen k\u00e4ytt\u00f6liittym\u00e4 on intuitiivinen ja ty\u00f6kaluvihjeet opastavat sinua prosessin aikana.<\/p>\n\n\n\n<p class=\"\"><strong>Q6: Voinko k\u00e4ytt\u00e4\u00e4 Free Online Stable Diffusion 3:a videon tuottamiseen?<\/strong>&nbsp;A6: Kyll\u00e4, Free Online Stable Diffusion 3:a voidaan k\u00e4ytt\u00e4\u00e4 videoiden tuottamiseen, ja sen avulla voit luoda upeita videoita pienell\u00e4 vaivalla.<\/p>\n\n\n\n<p class=\"\"><strong>Q7: Onko Free Online Stable Diffusion 3:n k\u00e4yt\u00f6ss\u00e4 rajoituksia?<\/strong>&nbsp;A7: Kyll\u00e4, Free Online Stable Diffusion 3:n k\u00e4yt\u00f6ss\u00e4 on rajoituksia, kuten rajalliset mukautusmahdollisuudet ja luoduissa kuvissa mahdollisesti esiintyv\u00e4t v\u00e4\u00e4ristym\u00e4t.<\/p>\n\n\n\n<p class=\"\"><strong>K8: Voinko k\u00e4ytt\u00e4\u00e4 Free Online Stable Diffusion 3:a tarinankerrontaan?<\/strong>&nbsp;A8: Kyll\u00e4, Free Online Stable Diffusion 3:a voidaan k\u00e4ytt\u00e4\u00e4 tarinankerrontaan, ja sen avulla voit luoda kokonaisia tarinoita hahmoineen, taustoineen ja rekvisiittoineen.<\/p>\n\n\n\n<p class=\"\"><strong>Kysymys 9: Soveltuuko Free Online Stable Diffusion 3 koulutukseen?<\/strong>&nbsp;A9: Kyll\u00e4, Free Online Stable Diffusion 3 soveltuu koulutukseen, ja sen avulla opettajat voivat luoda interaktiivista ja kiinnostavaa opetussis\u00e4lt\u00f6\u00e4.<\/p>\n\n\n\n<p class=\"\"><strong>Q10: Miten p\u00e4\u00e4sen alkuun Free Online Stable Diffusion 3 -ohjelmalla?<\/strong>&nbsp;A10: Jos haluat aloittaa Free Online Stable Diffusion 3 -ohjelman k\u00e4yt\u00f6n, k\u00e4y sivustolla, rekister\u00f6i tili ja noudata annettuja ohjeita ja ohjeita.<\/p>","protected":false},"excerpt":{"rendered":"<p>What our users made How to use the Free Free Online Stable Diffusion 3 * Feel free to try our examples below if you don&#8217;t have any thoughts in your mind Prompt Examples *&nbsp;Depending on your internet speed, loading the model may take a few seconds.* There will be caching during continuous generation, and the &#8230; <a title=\"Ilmainen online stabiili diffuusio 3\" class=\"read-more\" href=\"https:\/\/aiartfree.online\/fi\/ilmainen-online-vakaa-diffuusio-3\/\" aria-label=\"Lue lis\u00e4\u00e4 aiheesta Free Online Stable Diffusion 3\">Lue lis\u00e4\u00e4<\/a><\/p>","protected":false},"author":1,"featured_media":0,"parent":0,"menu_order":0,"comment_status":"open","ping_status":"closed","template":"","meta":{"nf_dc_page":"","footnotes":""},"class_list":["post-2888","page","type-page","status-publish"],"jetpack_sharing_enabled":true,"_links":{"self":[{"href":"https:\/\/aiartfree.online\/fi\/wp-json\/wp\/v2\/pages\/2888","targetHints":{"allow":["GET"]}}],"collection":[{"href":"https:\/\/aiartfree.online\/fi\/wp-json\/wp\/v2\/pages"}],"about":[{"href":"https:\/\/aiartfree.online\/fi\/wp-json\/wp\/v2\/types\/page"}],"author":[{"embeddable":true,"href":"https:\/\/aiartfree.online\/fi\/wp-json\/wp\/v2\/users\/1"}],"replies":[{"embeddable":true,"href":"https:\/\/aiartfree.online\/fi\/wp-json\/wp\/v2\/comments?post=2888"}],"version-history":[{"count":1,"href":"https:\/\/aiartfree.online\/fi\/wp-json\/wp\/v2\/pages\/2888\/revisions"}],"predecessor-version":[{"id":3592,"href":"https:\/\/aiartfree.online\/fi\/wp-json\/wp\/v2\/pages\/2888\/revisions\/3592"}],"wp:attachment":[{"href":"https:\/\/aiartfree.online\/fi\/wp-json\/wp\/v2\/media?parent=2888"}],"curies":[{"name":"wp","href":"https:\/\/api.w.org\/{rel}","templated":true}]}}