{"id":2887,"date":"2024-07-18T11:05:14","date_gmt":"2024-07-18T11:05:14","guid":{"rendered":"https:\/\/aiartfree.online\/?page_id=2887"},"modified":"2025-03-07T08:20:04","modified_gmt":"2025-03-07T08:20:04","slug":"free-online-midjourney","status":"publish","type":"page","link":"https:\/\/aiartfree.online\/fi\/ilmainen-online-midjourney\/","title":{"rendered":"Ilmainen Online Midjourney"},"content":{"rendered":"<h2 class=\"wp-block-heading has-text-align-center\" id=\"what-our-users-made\">Mit\u00e4 k\u00e4ytt\u00e4j\u00e4t tekiv\u00e4t<\/h2>\n\n\n\n<figure class=\"gb-block-image gb-block-image-1822da1f\"><img data-recalc-dims=\"1\" decoding=\"async\" loading=\"lazy\" width=\"1200\" height=\"763\" class=\"gb-image gb-image-1822da1f\" src=\"https:\/\/i0.wp.com\/aiartfree.online\/wp-content\/uploads\/2024\/08\/WX20240802-170918%402x.jpg?resize=1200%2C763&#038;ssl=1\" alt=\"Midjourney on teko\u00e4lyll\u00e4 toimiva ty\u00f6kalu, jonka avulla k\u00e4ytt\u00e4j\u00e4t voivat luoda kuvia tekstikehotteiden perusteella. T\u00e4ss\u00e4 kohtaa ilmainen online Midjourney tulee kuvaan. Ei rajoituksia, ei rekister\u00f6itymist\u00e4\" title=\"WX20240802-170918@2x\" srcset=\"https:\/\/i0.wp.com\/aiartfree.online\/wp-content\/uploads\/2024\/08\/WX20240802-170918%402x.jpg?w=1918&amp;ssl=1 1918w, https:\/\/i0.wp.com\/aiartfree.online\/wp-content\/uploads\/2024\/08\/WX20240802-170918%402x.jpg?resize=300%2C191&amp;ssl=1 300w, https:\/\/i0.wp.com\/aiartfree.online\/wp-content\/uploads\/2024\/08\/WX20240802-170918%402x.jpg?resize=1024%2C651&amp;ssl=1 1024w, https:\/\/i0.wp.com\/aiartfree.online\/wp-content\/uploads\/2024\/08\/WX20240802-170918%402x.jpg?resize=768%2C489&amp;ssl=1 768w, https:\/\/i0.wp.com\/aiartfree.online\/wp-content\/uploads\/2024\/08\/WX20240802-170918%402x.jpg?resize=1536%2C977&amp;ssl=1 1536w, https:\/\/i0.wp.com\/aiartfree.online\/wp-content\/uploads\/2024\/08\/WX20240802-170918%402x.jpg?resize=18%2C12&amp;ssl=1 18w, https:\/\/i0.wp.com\/aiartfree.online\/wp-content\/uploads\/2024\/08\/WX20240802-170918%402x.jpg?resize=600%2C382&amp;ssl=1 600w\" sizes=\"auto, (max-width: 1200px) 100vw, 1200px\" \/><\/figure>\n\n\n\n<h2 class=\"wp-block-heading\" id=\"how-to-use-the-free-online-midjourney\">Kuinka k\u00e4ytt\u00e4\u00e4 ilmaista Online Midjourney -palvelua<\/h2>\n\n\n\n<ol class=\"wp-block-list\">\n<li class=\"\">Sy\u00f6t\u00e4 kehotteet<\/li>\n\n\n\n<li class=\"\">Napsauta \"Generate\" (Luo)<\/li>\n\n\n\n<li class=\"\">Hetkinen, siin\u00e4 se on!<\/li>\n<\/ol>\n\n\n\n<p class=\"\">* Voit vapaasti kokeilla alla olevia esimerkkej\u00e4, jos sinulla ei ole mit\u00e4\u00e4n ajatuksia mieless\u00e4si.<\/p>\n\n\n\n<h3 class=\"wp-block-heading\" id=\"prompt-examples\">Esimerkkej\u00e4 kehotuksista<\/h3>\n\n\n\n<ol style=\"font-size:16px\" class=\"wp-block-list\">\n<li class=\"\">henke\u00e4salpaava eritt\u00e4in yksityiskohtainen graafisen romaanin kuvitus Morgan Freeman ratsastaa Harley Davidson moottoripy\u00f6r\u00e4 , tumma ja synkk\u00e4<\/li>\n\n\n\n<li class=\"\">henke\u00e4salpaava kuvitus keskell\u00e4 t\u00e4htisumun valtavaa avaruutta leijuu yksin\u00e4inen astronautti, joka on kiinnitetty valovoimaiseen t\u00e4htialukseen. Sumun s\u00e4teilev\u00e4t kaasut tanssivat ymp\u00e4riins\u00e4 heijastaen pukuun v\u00e4rikk\u00e4it\u00e4 v\u00e4rej\u00e4 ja luoden valon ja liikkeen baletin.<\/li>\n\n\n\n<li class=\"\">henke\u00e4salpaava graafisen romaanin kuvitus Risteyksess\u00e4 maailmanlopun j\u00e4lkeisess\u00e4 autiomaassa vaeltaja, jolla on metalliromusta tehty kitara, laulaa tarinoita vanhasta maailmasta. Mutanttiolennot ker\u00e4\u00e4ntyv\u00e4t leirinuotion ymp\u00e4rille, heid\u00e4n silm\u00e4ns\u00e4 ovat t\u00e4ynn\u00e4 kaipausta.<\/li>\n\n\n\n<li class=\"\">henke\u00e4salpaava kuvitus, jossa lapsi jahtaa v\u00e4rikk\u00e4it\u00e4 perhosia eloisalla niityll\u00e4.<\/li>\n\n\n\n<li class=\"\">henke\u00e4salpaava graafisen romaanin kuvitus Rannalla, jossa aallot kutovat tarinoita, tarinankertoja, jolla on kuunvalon kangaspuita, valmistaa tarinoita vuorovesi-ilmi\u00f6ist\u00e4. Kuoret kuiskaavat tarinoita, ja horisontti on seikkailujen kudos, jota ei ole viel\u00e4 kerrottu.<\/li>\n\n\n\n<li class=\"\">henke\u00e4salpaava graafisen romaanin kuvitus haukasta, joka leijailee aavikon yll\u00e4 saalista etsien.<\/li>\n\n\n\n<li class=\"\">henke\u00e4salpaava kuvitus Syv\u00e4ll\u00e4 napapiirill\u00e4 revontuli maalaa taivaan vihre\u00e4n, vaaleanpunaisen ja violetin v\u00e4ris\u00e4vyill\u00e4. Alla oleva lumi heijastelee t\u00e4t\u00e4 valojen tanssia, ja maailma peittyy kiehtovaan v\u00e4rien sinfoniaan.<\/li>\n\n\n\n<li class=\"\">henke\u00e4salpaava graafisen romaanin kuvitus, jossa tatuoija tekee yksityiskohtaisesti monimutkaista kuviota asiakkaan selk\u00e4\u00e4n.<\/li>\n\n\n\n<li class=\"\">henke\u00e4salpaava graafisen romaanin kuvitus V\u00e4rikk\u00e4isiin silkkeihin verhoutunut nainen lukee tarot-kortteja kynttil\u00e4nvalossa olevassa teltassa.<\/li>\n\n\n\n<li class=\"\">henke\u00e4salpaava graafinen kuvitus, jossa kaksi luolastolaista kartoittaa syv\u00e4n luolan, taskulamput valaisevat tiet\u00e4.<\/li>\n<\/ol>\n\n\n\n<figure class=\"gb-block-image gb-block-image-032aac41\"><a href=\"https:\/\/fas.st\/t\/9U4PYbm7\" target=\"_blank\" rel=\"noopener noreferrer\"><img data-recalc-dims=\"1\" decoding=\"async\" loading=\"lazy\" width=\"1200\" height=\"365\" class=\"gb-image gb-image-032aac41\" src=\"https:\/\/i0.wp.com\/aiartfree.online\/wp-content\/uploads\/2025\/03\/WX20250307-115412%402x.webp?resize=1200%2C365&#038;ssl=1\" alt=\"\" title=\"WX20250307-115412@2x\" srcset=\"https:\/\/i0.wp.com\/aiartfree.online\/wp-content\/uploads\/2025\/03\/WX20250307-115412%402x.webp?w=1942&amp;ssl=1 1942w, https:\/\/i0.wp.com\/aiartfree.online\/wp-content\/uploads\/2025\/03\/WX20250307-115412%402x.webp?resize=300%2C91&amp;ssl=1 300w, https:\/\/i0.wp.com\/aiartfree.online\/wp-content\/uploads\/2025\/03\/WX20250307-115412%402x.webp?resize=1024%2C312&amp;ssl=1 1024w, https:\/\/i0.wp.com\/aiartfree.online\/wp-content\/uploads\/2025\/03\/WX20250307-115412%402x.webp?resize=768%2C234&amp;ssl=1 768w, https:\/\/i0.wp.com\/aiartfree.online\/wp-content\/uploads\/2025\/03\/WX20250307-115412%402x.webp?resize=1536%2C467&amp;ssl=1 1536w, https:\/\/i0.wp.com\/aiartfree.online\/wp-content\/uploads\/2025\/03\/WX20250307-115412%402x.webp?resize=18%2C5&amp;ssl=1 18w, https:\/\/i0.wp.com\/aiartfree.online\/wp-content\/uploads\/2025\/03\/WX20250307-115412%402x.webp?resize=600%2C183&amp;ssl=1 600w\" sizes=\"auto, (max-width: 1200px) 100vw, 1200px\" \/><\/a><\/figure>\n\n\n\n<p class=\"\"><em>* Internetin nopeudesta riippuen mallin lataaminen voi kest\u00e4\u00e4 muutaman sekunnin.<br>* Jatkuvan luomisen aikana tapahtuu v\u00e4limuistitallennusta, ja uusi kuva tulee n\u00e4kyviin noin 3 sekunnin kuluttua.<\/em><\/p>\n\n\n\n<div class=\"iframe-wrapper\" style=\"position: relative; width: 100%; height: 1230px;\">\n  <div class=\"loading\" style=\"position: absolute; top: 50px; left: 50%; transform: translate(-50%, -50%); width: 40px; height: 40px; border: 3px solid #f0f0f0; border-top: 3px solid #db7093; border-radius: 50%; animation: spin 1s linear infinite;\"><\/div>\n  <iframe loading=\"lazy\" src=\"https:\/\/predatortoabuse-realistic-image-generator-model.static.hf.space\" frameborder=\"0\" width=\"100%\" height=\"100%\" style=\"position: absolute; top: 0; left: 0; opacity: 0; transition: opacity 0.3s;\" onload=\"this.style.opacity=1;this.previousElementSibling.style.display='none';\"><\/iframe>\n<\/div>\n\n<style>\n@keyframes spin {\n  0% { transform: translate(-50%, -50%) rotate(0deg); }\n  100% { transform: translate(-50%, -50%) rotate(360deg); }\n}\n<\/style>\n\n\n\n<div style=\"height:100px\" aria-hidden=\"true\" class=\"wp-block-spacer\"><\/div>\n\n\n\n<h2 class=\"wp-block-heading\" id=\"introduction-of-free-online-midjourney\"><strong>Ilmaisen Online Midjourney -palvelun k\u00e4ytt\u00f6\u00f6notto<\/strong><\/h2>\n\n\n\n<p class=\"\">Midjourney on teko\u00e4lyll\u00e4 toimiva ty\u00f6kalu, jonka avulla k\u00e4ytt\u00e4j\u00e4t voivat luoda kuvia tekstikehotteiden perusteella. Teko\u00e4lyn luoman taiteen yleistymisen my\u00f6t\u00e4 Midjourneysta on tullut suosittu ty\u00f6kalu luovien taiteilijoiden ja taiteen harrastajien keskuudessa. Kaikilla ei kuitenkaan ole varaa maksaa palvelusta. T\u00e4ss\u00e4 kohtaa ilmainen online-Midjourney tulee kuvaan mukaan. T\u00e4ss\u00e4 artikkelissa selvit\u00e4mme, mit\u00e4 ilmainen online Midjourney on, miksi sit\u00e4 kannattaa k\u00e4ytt\u00e4\u00e4, mit\u00e4 hy\u00f6ty\u00e4 siit\u00e4 on, milloin sit\u00e4 kannattaa k\u00e4ytt\u00e4\u00e4 ja kuka siit\u00e4 voi hy\u00f6ty\u00e4. Tarkastelemme my\u00f6s joitakin parhaita ilmaisia online Midjourney-ty\u00f6kaluja ja -sivustoja, niiden hyvi\u00e4 ja huonoja puolia sek\u00e4 vastaamme usein kysyttyihin kysymyksiin.<\/p>\n\n\n\n<div class=\"wp-block-rank-math-toc-block\" id=\"rank-math-toc\"><h3>Sis\u00e4llysluettelo<\/h3><nav><ul><li><a href=\"#prompt-examples\">Esimerkkej\u00e4 kehotuksista<\/a><\/li><li><a href=\"#\ufffc-what-is-free-online-midjourney\">\ufffcMik\u00e4 on ilmainen online-v\u00e4limatka?<\/a><\/li><li><a href=\"#\ufffc-why-use-free-online-midjourney\">\ufffcMiksi k\u00e4ytt\u00e4\u00e4 ilmaista Online Midjourney?<\/a><\/li><li><a href=\"#\ufffc-benefits-of-using-free-online-midjourney\">\ufffcVapaan online-v\u00e4limatkan k\u00e4yt\u00f6n edut<\/a><ul><li><a href=\"#\ufffc-1-cost-effective\">\ufffc1. Kustannustehokas<\/a><\/li><li><a href=\"#\ufffc-2-experimentation\">\ufffc2. Kokeilu<\/a><\/li><li><a href=\"#\ufffc-3-accessibility\">\ufffc3. Saavutettavuus<\/a><\/li><\/ul><\/li><li><a href=\"#\ufffc-when-to-use-free-online-midjourney\">\ufffc Milloin k\u00e4ytt\u00e4\u00e4 ilmaista Online Midjourney -palvelua?<\/a><\/li><li><a href=\"#\ufffc-who-can-benefit-from-free-online-midjourney\">\ufffc Kuka voi hy\u00f6ty\u00e4 ilmaisesta online-v\u00e4livuorosta?<\/a><ul><li><a href=\"#\ufffc-1-creatives\">\ufffc1. Creatives<\/a><\/li><li><a href=\"#\ufffc-2-students\">\ufffc2. Opiskelijat<\/a><\/li><li><a href=\"#\ufffc-3-hobbyists\">\ufffc3. Harrastajat<\/a><\/li><\/ul><\/li><li><a href=\"#\ufffc-free-online-midjourney-tools-and-websites\">\ufffcFree Online Midjourney Ty\u00f6kalut ja sivustot verkossa<\/a><\/li><li><a href=\"#\ufffc-pros-and-cons-of-free-online-midjourney-tools-and-websites\">\ufffc Ilmaisten online-v\u00e4limatkaty\u00f6kalujen ja -sivustojen hyv\u00e4t ja huonot puolet<\/a><\/li><li><a href=\"#\ufffc-top-recommendation\">\ufffcTop-suositus<\/a><\/li><li><a href=\"#\ufffcfaq\">\ufffcFAQ<\/a><ul><li><a href=\"#\ufffc-1-is-free-online-midjourney-safe-to-use\">\ufffc1. Onko ilmainen online Midjourney turvallista k\u00e4ytt\u00e4\u00e4?<\/a><\/li><li><a href=\"#\ufffc-2-can-i-use-free-online-midjourney-for-commercial-purposes\">\ufffc2. Voinko k\u00e4ytt\u00e4\u00e4 ilmaista verkossa olevaa Midjourneyt\u00e4 kaupallisiin tarkoituksiin?<\/a><\/li><\/ul><\/li><li><a href=\"#\ufffc-3-how-do-i-use-free-online-midjourney\">\ufffc3. Miten k\u00e4yt\u00e4n ilmaista online Midjourneya?<\/a><\/li><\/ul><\/nav><\/div>\n\n\n\n<h3 class=\"wp-block-heading\" id=\"\ufffc-what-is-free-online-midjourney\"><a href=\"https:\/\/dromerosm-groq-llama3.hf.space\/#what-is-free-online-midjourney\" target=\"_blank\" rel=\"noopener\"><\/a><strong>Mik\u00e4 on ilmainen Online Midjourney?<\/strong><\/h3>\n\n\n\n<p class=\"\">Ilmainen online Midjourney on verkkopohjainen alusta, jonka avulla k\u00e4ytt\u00e4j\u00e4t voivat k\u00e4ytt\u00e4\u00e4 Midjourneyn teko\u00e4lypohjaisia kuvantuotanto-ominaisuuksia ilmaiseksi. N\u00e4m\u00e4 alustat eiv\u00e4t vaadi k\u00e4ytt\u00e4ji\u00e4 maksamaan tilausmaksua tai muuta maksua palvelun k\u00e4yt\u00f6st\u00e4.<\/p>\n\n\n\n<h3 class=\"wp-block-heading\" id=\"\ufffc-why-use-free-online-midjourney\"><a href=\"https:\/\/dromerosm-groq-llama3.hf.space\/#why-use-free-online-midjourney\" target=\"_blank\" rel=\"noopener\"><\/a><strong>Miksi k\u00e4ytt\u00e4\u00e4 ilmaista online-v\u00e4limatkaa?<\/strong><\/h3>\n\n\n\n<p class=\"\">Ilmainen online Midjourney on loistava vaihtoehto niille, jotka haluavat kokeilla teko\u00e4lyn luomaa taidetta ilman, ett\u00e4 pankki menee rikki. Sen avulla k\u00e4ytt\u00e4j\u00e4t voivat kokeilla erilaisia tekstikehotteita, kokeilla eri tyylej\u00e4 ja luoda ainutlaatuisia kuvia ilman kustannuksia.<\/p>\n\n\n\n<h3 class=\"wp-block-heading\" id=\"\ufffc-benefits-of-using-free-online-midjourney\"><a href=\"https:\/\/dromerosm-groq-llama3.hf.space\/#benefits-of-using-free-online-midjourney\" target=\"_blank\" rel=\"noopener\"><\/a><strong>Ilmaisen Online Midjourney -palvelun k\u00e4yt\u00f6n edut<\/strong><\/h3>\n\n\n\n<h4 class=\"wp-block-heading\" id=\"\ufffc-1-cost-effective\"><a href=\"https:\/\/dromerosm-groq-llama3.hf.space\/#1-cost-effective\" target=\"_blank\" rel=\"noopener\"><\/a>1. Kustannustehokas<\/h4>\n\n\n\n<p class=\"\">Ilmainen online Midjourney on kustannustehokas vaihtoehto niille, jotka haluavat k\u00e4ytt\u00e4\u00e4 Midjourneyn teko\u00e4lypohjaisia kuvantuotanto-ominaisuuksia maksamatta tilausmaksua.<\/p>\n\n\n\n<h4 class=\"wp-block-heading\" id=\"\ufffc-2-experimentation\"><a href=\"https:\/\/dromerosm-groq-llama3.hf.space\/#c8062562\" target=\"_blank\" rel=\"noopener\"><\/a>2. Kokeilu<\/h4>\n\n\n\n<p class=\"\">Ilmaisen verkossa toimivan Midjourneyn avulla k\u00e4ytt\u00e4j\u00e4t voivat kokeilla erilaisia tekstikehotteita, tyylej\u00e4 ja kuvia ilman kustannuksia.<\/p>\n\n\n\n<h4 class=\"wp-block-heading\" id=\"\ufffc-3-accessibility\"><a href=\"https:\/\/dromerosm-groq-llama3.hf.space\/#3-accessibility\" target=\"_blank\" rel=\"noopener\"><\/a>3. Saavutettavuus<\/h4>\n\n\n\n<p class=\"\">Ilmaisen verkossa toimivan Midjourneyn avulla teko\u00e4lyn luoma taide on kaikkien saatavilla tulotasosta tai sijainnista riippumatta.<\/p>\n\n\n\n<h3 class=\"wp-block-heading\" id=\"\ufffc-when-to-use-free-online-midjourney\"><a href=\"https:\/\/dromerosm-groq-llama3.hf.space\/#when-to-use-free-online-midjourney\" target=\"_blank\" rel=\"noopener\"><\/a><strong>Milloin k\u00e4ytt\u00e4\u00e4 ilmaista online-v\u00e4limatkaa<\/strong><\/h3>\n\n\n\n<p class=\"\">Ilmainen online Midjourney sopii kaikille, jotka haluavat kokeilla teko\u00e4lyll\u00e4 luotua taidetta, luoville ihmisille, jotka haluavat kokeilla uusia ideoita, ja opiskelijoille, jotka haluavat oppia teko\u00e4lyll\u00e4 toimivasta kuvien luomisesta.<\/p>\n\n\n\n<h3 class=\"wp-block-heading\" id=\"\ufffc-who-can-benefit-from-free-online-midjourney\"><a href=\"https:\/\/dromerosm-groq-llama3.hf.space\/#who-can-benefit-from-free-online-midjourney\" target=\"_blank\" rel=\"noopener\"><\/a><strong>Kuka voi hy\u00f6ty\u00e4 ilmaisesta Online Midjourney -palvelusta?<\/strong><\/h3>\n\n\n\n<p class=\"\">Ilmainen online Midjourney sopii:<\/p>\n\n\n\n<h4 class=\"wp-block-heading\" id=\"\ufffc-1-creatives\"><a href=\"https:\/\/dromerosm-groq-llama3.hf.space\/#765b3dbc\" target=\"_blank\" rel=\"noopener\"><\/a>1. Luovat<\/h4>\n\n\n\n<p class=\"\">Ilmainen online Midjourney on loistava vaihtoehto luoville ihmisille, jotka haluavat kokeilla uusia ideoita ja luoda ainutlaatuisia kuvia.<\/p>\n\n\n\n<h4 class=\"wp-block-heading\" id=\"\ufffc-2-students\"><a href=\"https:\/\/dromerosm-groq-llama3.hf.space\/#c65bfb05\" target=\"_blank\" rel=\"noopener\"><\/a>2. Opiskelijat<\/h4>\n\n\n\n<p class=\"\">Opiskelijat, jotka haluavat oppia teko\u00e4lyn avulla tapahtuvasta kuvien luomisesta, voivat hy\u00f6dynt\u00e4\u00e4 ilmaista verkossa olevaa Midjourney-ohjelmaa.<\/p>\n\n\n\n<h4 class=\"wp-block-heading\" id=\"\ufffc-3-hobbyists\"><a href=\"https:\/\/dromerosm-groq-llama3.hf.space\/#147c273b\" target=\"_blank\" rel=\"noopener\"><\/a>3. Harrastajat<\/h4>\n\n\n\n<p class=\"\">Harrastajat, jotka haluavat kokeilla teko\u00e4lyn tuottamaa taidetta ilman kustannuksia, voivat hy\u00f6ty\u00e4 ilmaisen online Midjourneyn k\u00e4yt\u00f6st\u00e4.<\/p>\n\n\n\n<h3 class=\"wp-block-heading\" id=\"\ufffc-free-online-midjourney-tools-and-websites\"><a href=\"https:\/\/dromerosm-groq-llama3.hf.space\/#free-online-midjourney-tools-and-websites\" target=\"_blank\" rel=\"noopener\"><\/a><strong>Ilmaiset online-ty\u00f6kalut ja verkkosivustot matkan puoliv\u00e4liss\u00e4<\/strong><\/h3>\n\n\n\n<p class=\"\">T\u00e4ss\u00e4 on joitakin parhaita ilmaisia online Midjourney-ty\u00f6kaluja ja -sivustoja:<\/p>\n\n\n\n<figure class=\"wp-block-table\"><table class=\"has-fixed-layout\"><thead><tr><th>Verkkosivusto<\/th><th>Kuvaus<\/th><\/tr><\/thead><tbody><tr><td><a href=\"https:\/\/aiartfree.online\/fi\/ilmainen-online-midjourney\/\" target=\"_blank\" rel=\"noreferrer noopener\">AI Art ilmaiseksi verkossa<\/a><\/td><td>AI Art Free Online on ilmainen Midjourney-ty\u00f6kalu, jonka avulla k\u00e4ytt\u00e4j\u00e4t voivat luoda kuvia tekstikehotteiden perusteella.<\/td><\/tr><tr><td><a href=\"https:\/\/deepdreamgenerator.com\/\" target=\"_blank\" rel=\"noreferrer noopener\">Deep Dream Generator<\/a><\/td><td>Deep Dream Generator on ilmainen online Midjourney-ty\u00f6kalu, joka k\u00e4ytt\u00e4\u00e4 neuroverkkoa luomaan kuvia tekstikehotuksista.<\/td><\/tr><tr><td><a href=\"https:\/\/www.artbreeder.com\/\" target=\"_blank\" rel=\"noreferrer noopener\">Artbreeder<\/a><\/td><td>Artbreeder on ilmainen verkkoalusta, jonka avulla k\u00e4ytt\u00e4j\u00e4t voivat luoda alkuper\u00e4isi\u00e4 taideteoksia k\u00e4ytt\u00e4m\u00e4ll\u00e4 teko\u00e4lyn ja k\u00e4ytt\u00e4j\u00e4n sy\u00f6tteiden yhdistelm\u00e4\u00e4.<\/td><\/tr><tr><td><a href=\"https:\/\/prism.app\/\" target=\"_blank\" rel=\"noreferrer noopener\">Prisma<\/a><\/td><td>Prism on ilmainen Midjourney-ty\u00f6kalu, joka luo teko\u00e4lyn avulla kuvia tekstikehotuksista.<\/td><\/tr><tr><td><a href=\"https:\/\/mydeepart.com\/\" target=\"_blank\" rel=\"noreferrer noopener\">MyDeepArt<\/a><\/td><td>MyDeepArt on ilmainen Midjourney-ty\u00f6kalu, jonka avulla k\u00e4ytt\u00e4j\u00e4t voivat luoda kuvia tekstikehotteiden pohjalta.<\/td><\/tr><\/tbody><\/table><\/figure>\n\n\n\n<h3 class=\"wp-block-heading\" id=\"\ufffc-pros-and-cons-of-free-online-midjourney-tools-and-websites\"><a href=\"https:\/\/dromerosm-groq-llama3.hf.space\/#pros-and-cons-of-free-online-midjourney-tools-and-websites\" target=\"_blank\" rel=\"noopener\"><\/a><strong>Ilmaisten Online Midjourney-ty\u00f6kalujen ja -sivustojen hyv\u00e4t ja huonot puolet<\/strong><\/h3>\n\n\n\n<figure class=\"wp-block-table\"><table class=\"has-fixed-layout\"><thead><tr><th>Verkkosivusto<\/th><th>Plussaa<\/th><th>Miinukset<\/th><\/tr><\/thead><tbody><tr><td>AI Art ilmaiseksi verkossa<\/td><td>Kustannustehokas, helppok\u00e4ytt\u00f6inen<\/td><td>Rajoitetut ominaisuudet<\/td><\/tr><tr><td>Deep Dream Generator<\/td><td>Tuottaa korkealaatuisia kuvia, helppok\u00e4ytt\u00f6inen<\/td><td>Rajoitetut r\u00e4\u00e4t\u00e4l\u00f6intimahdollisuudet<\/td><\/tr><tr><td>Artbreeder<\/td><td>Mahdollistaa korkean r\u00e4\u00e4t\u00e4l\u00f6innin tason, tuottaa ainutlaatuisia kuvia.<\/td><td>Jyrkk\u00e4 oppimisk\u00e4yr\u00e4<\/td><\/tr><tr><td>Prisma<\/td><td>Nopea k\u00e4sittelyaika, korkealaatuiset kuvat<\/td><td>Rajoitetut ominaisuudet<\/td><\/tr><tr><td>MyDeepArt<\/td><td>Tuottaa korkealaatuisia kuvia, helppok\u00e4ytt\u00f6inen<\/td><td>Rajoitetut r\u00e4\u00e4t\u00e4l\u00f6intimahdollisuudet<\/td><\/tr><\/tbody><\/table><\/figure>\n\n\n\n<h3 class=\"wp-block-heading\" id=\"\ufffc-top-recommendation\"><a href=\"https:\/\/dromerosm-groq-llama3.hf.space\/#top-recommendation\" target=\"_blank\" rel=\"noopener\"><\/a><strong>Suositus<\/strong><\/h3>\n\n\n\n<p class=\"\">Tutkimustemme perusteella suosittelemme l\u00e4mpim\u00e4sti&nbsp;<a href=\"https:\/\/aiartfree.online\/fi\/ilmainen-online-midjourney\/\" target=\"_blank\" rel=\"noreferrer noopener\">AI Art ilmaiseksi verkossa<\/a>&nbsp;sen helppok\u00e4ytt\u00f6isyyden, kustannustehokkuuden ja korkealaatuisten kuvien vuoksi.<\/p>\n\n\n\n<h3 class=\"wp-block-heading\" id=\"\ufffcfaq\"><a href=\"https:\/\/dromerosm-groq-llama3.hf.space\/#faq\" target=\"_blank\" rel=\"noopener\"><\/a><strong>FAQ<\/strong><\/h3>\n\n\n\n<p class=\"\">Seuraavassa on muutamia usein kysyttyj\u00e4 kysymyksi\u00e4 ilmaisesta online Midjourney-pelist\u00e4:<\/p>\n\n\n\n<h4 class=\"wp-block-heading\" id=\"\ufffc-1-is-free-online-midjourney-safe-to-use\"><a href=\"https:\/\/dromerosm-groq-llama3.hf.space\/#f3b6b435\" target=\"_blank\" rel=\"noopener\"><\/a>1. Onko ilmainen online Midjourney turvallinen k\u00e4ytt\u00e4\u00e4?<\/h4>\n\n\n\n<p class=\"\">Kyll\u00e4, ilmainen online Midjourney on turvallinen k\u00e4ytt\u00e4\u00e4. On kuitenkin aina hyv\u00e4 lukea kunkin verkkosivuston k\u00e4ytt\u00f6ehdot ennen palvelujen k\u00e4ytt\u00e4mist\u00e4.<\/p>\n\n\n\n<h4 class=\"wp-block-heading\" id=\"\ufffc-2-can-i-use-free-online-midjourney-for-commercial-purposes\"><a href=\"https:\/\/dromerosm-groq-llama3.hf.space\/#a6471d09\" target=\"_blank\" rel=\"noopener\"><\/a>2. Voinko k\u00e4ytt\u00e4\u00e4 ilmaista online Midjourneya kaupallisiin tarkoituksiin?<\/h4>\n\n\n\n<p class=\"\">Jotkin ilmaiset online Midjourney-ty\u00f6kalut ja -sivustot sallivat kaupallisen k\u00e4yt\u00f6n, toiset taas eiv\u00e4t. Muista tarkistaa kunkin verkkosivuston ehdot, ennen kuin k\u00e4yt\u00e4t niiden palveluja kaupallisiin tarkoituksiin.<\/p>\n\n\n\n<h3 class=\"wp-block-heading\" id=\"\ufffc-3-how-do-i-use-free-online-midjourney\"><a href=\"https:\/\/dromerosm-groq-llama3.hf.space\/#e4d0e51e\" target=\"_blank\" rel=\"noopener\"><\/a>3. Miten k\u00e4yt\u00e4n ilmaista online Midjourneya?<\/h3>\n\n\n\n<p class=\"\">Ilmaisen online Midjourneyn k\u00e4ytt\u00e4minen on yksinkertaista. Mene vain verkkosivulle, kirjoita tekstikehote ja napsauta generate. Voit sitten ladata luodun kuvan tai k\u00e4ytt\u00e4\u00e4 sit\u00e4 haluamaasi tarkoitukseen.<\/p>\n\n\n\n<p class=\"\">Seuraavassa on 10 verkkosivustoa, jotka tarjoavat uusimmat tiedot ilmaisesta online Midjourneyst\u00e4:<\/p>\n\n\n\n<ol class=\"wp-block-list\">\n<li class=\"\"><a href=\"https:\/\/aiartfree.online\/fi\/ilmainen-online-midjourney\/\" target=\"_blank\" rel=\"noreferrer noopener\">AI Art ilmaiseksi verkossa<\/a>&nbsp;- AI Art Free Online tarjoaa ilmaisen online Midjourney-ty\u00f6kalun, joka luo kuvia tekstikehotuksista.<\/li>\n\n\n\n<li class=\"\"><a href=\"https:\/\/deepdreamgenerator.com\/\" target=\"_blank\" rel=\"noreferrer noopener\">Deep Dream Generator<\/a>&nbsp;- Deep Dream Generator k\u00e4ytt\u00e4\u00e4 neuroverkkoa luomaan kuvia tekstikehotuksista.<\/li>\n\n\n\n<li class=\"\"><a href=\"https:\/\/www.artbreeder.com\/\" target=\"_blank\" rel=\"noreferrer noopener\">Artbreeder<\/a>&nbsp;- Artbreeder on ilmainen verkkoalusta, jonka avulla k\u00e4ytt\u00e4j\u00e4t voivat luoda alkuper\u00e4isi\u00e4 taideteoksia k\u00e4ytt\u00e4m\u00e4ll\u00e4 teko\u00e4lyn ja k\u00e4ytt\u00e4j\u00e4n sy\u00f6tteiden yhdistelm\u00e4\u00e4.<\/li>\n\n\n\n<li class=\"\"><a href=\"https:\/\/prism.app\/\" target=\"_blank\" rel=\"noreferrer noopener\">Prisma<\/a>&nbsp;- Prism on ilmainen Midjourney-ty\u00f6kalu, joka luo teko\u00e4lyn avulla kuvia tekstikehotuksista.<\/li>\n\n\n\n<li class=\"\"><a href=\"https:\/\/mydeepart.com\/\" target=\"_blank\" rel=\"noreferrer noopener\">MyDeepArt<\/a>&nbsp;- MyDeepArt on ilmainen Midjourney-ty\u00f6kalu, jonka avulla k\u00e4ytt\u00e4j\u00e4t voivat luoda kuvia tekstikehotteiden pohjalta.<\/li>\n\n\n\n<li class=\"\"><a href=\"https:\/\/midjourney.com\/\" target=\"_blank\" rel=\"noreferrer noopener\">Matkan puoliv\u00e4liss\u00e4<\/a>&nbsp;- Midjourney on teko\u00e4lypohjainen kuvantuotantoalusta, joka tarjoaa ilmaisen kokeilujakson.<\/li>\n\n\n\n<li class=\"\"><a href=\"https:\/\/techcrunch.com\/\" target=\"_blank\" rel=\"noreferrer noopener\">TechCrunch<\/a>&nbsp;- TechCrunch tarjoaa viimeisimm\u00e4t uutiset ja p\u00e4ivitykset teko\u00e4lyn tuottamasta taiteesta ja ilmaisista Midjourney-ty\u00f6kaluista.<\/li>\n\n\n\n<li class=\"\"><a href=\"https:\/\/www.theverge.com\/\" target=\"_blank\" rel=\"noreferrer noopener\">The Verge<\/a>&nbsp;- The Verge tarjoaa viimeisimm\u00e4t uutiset ja p\u00e4ivitykset teko\u00e4lyn luomasta taiteesta ja ilmaisista Midjourney-ty\u00f6kaluista.<\/li>\n\n\n\n<li class=\"\"><a href=\"https:\/\/news.artnet.com\/\" target=\"_blank\" rel=\"noreferrer noopener\">Artnet<\/a>&nbsp;- Artnet tarjoaa viimeisimm\u00e4t uutiset ja p\u00e4ivitykset teko\u00e4lyn tuottamasta taiteesta ja ilmaisista Midjourney-ty\u00f6kaluista.<\/li>\n\n\n\n<li class=\"\"><a href=\"https:\/\/aitimejournal.com\/\" target=\"_blank\" rel=\"noreferrer noopener\">AI Time Journal<\/a>&nbsp;- AI Time Journal tarjoaa viimeisimm\u00e4t uutiset ja p\u00e4ivitykset teko\u00e4lyn tuottamasta taiteesta ja ilmaisista online Midjourney-ty\u00f6kaluista.<\/li>\n<\/ol>","protected":false},"excerpt":{"rendered":"<p>What our users made How to use the Free Online Midjourney * Feel free to try our examples below if you don&#8217;t have any thoughts in your mind Prompt Examples *&nbsp;Depending on your internet speed, loading the model may take a few seconds.* There will be caching during continuous generation, and the new image will &#8230; <a title=\"Ilmainen Online Midjourney\" class=\"read-more\" href=\"https:\/\/aiartfree.online\/fi\/ilmainen-online-midjourney\/\" aria-label=\"Lue lis\u00e4\u00e4 aiheesta Free Online Midjourney\">Lue lis\u00e4\u00e4<\/a><\/p>","protected":false},"author":1,"featured_media":3528,"parent":0,"menu_order":0,"comment_status":"open","ping_status":"closed","template":"","meta":{"nf_dc_page":"","footnotes":""},"class_list":["post-2887","page","type-page","status-publish","has-post-thumbnail"],"jetpack_sharing_enabled":true,"_links":{"self":[{"href":"https:\/\/aiartfree.online\/fi\/wp-json\/wp\/v2\/pages\/2887","targetHints":{"allow":["GET"]}}],"collection":[{"href":"https:\/\/aiartfree.online\/fi\/wp-json\/wp\/v2\/pages"}],"about":[{"href":"https:\/\/aiartfree.online\/fi\/wp-json\/wp\/v2\/types\/page"}],"author":[{"embeddable":true,"href":"https:\/\/aiartfree.online\/fi\/wp-json\/wp\/v2\/users\/1"}],"replies":[{"embeddable":true,"href":"https:\/\/aiartfree.online\/fi\/wp-json\/wp\/v2\/comments?post=2887"}],"version-history":[{"count":2,"href":"https:\/\/aiartfree.online\/fi\/wp-json\/wp\/v2\/pages\/2887\/revisions"}],"predecessor-version":[{"id":3599,"href":"https:\/\/aiartfree.online\/fi\/wp-json\/wp\/v2\/pages\/2887\/revisions\/3599"}],"wp:featuredmedia":[{"embeddable":true,"href":"https:\/\/aiartfree.online\/fi\/wp-json\/wp\/v2\/media\/3528"}],"wp:attachment":[{"href":"https:\/\/aiartfree.online\/fi\/wp-json\/wp\/v2\/media?parent=2887"}],"curies":[{"name":"wp","href":"https:\/\/api.w.org\/{rel}","templated":true}]}}