{"id":2880,"date":"2024-07-17T14:18:31","date_gmt":"2024-07-17T14:18:31","guid":{"rendered":"https:\/\/aiartfree.online\/?page_id=2880"},"modified":"2024-07-20T10:51:32","modified_gmt":"2024-07-20T10:51:32","slug":"ai-image-enhancer","status":"publish","type":"page","link":"https:\/\/aiartfree.online\/fi\/ai-kuvanparannusohjelma\/","title":{"rendered":"AI Image Enhancer"},"content":{"rendered":"<h2 class=\"wp-block-heading\">Kuinka k\u00e4ytt\u00e4\u00e4 AI Image Enhanceria<\/h2>\n\n\n\n<ol class=\"wp-block-list\">\n<li class=\"\">Pudota tai lataa kuva<\/li>\n\n\n\n<li class=\"\">Klikkaa \"L\u00e4het\u00e4\"<\/li>\n\n\n\n<li class=\"\">Hetkinen, siin\u00e4 se on!<\/li>\n<\/ol>\n\n\n\n<p class=\"\"><em>* Internetin nopeudesta riippuen mallin lataaminen voi kest\u00e4\u00e4 muutaman sekunnin.<br>* Jatkuvan luomisen aikana tapahtuu v\u00e4limuistitallennusta, ja uusi kuva tulee n\u00e4kyviin noin 3 sekunnin kuluttua.<\/em><\/p>\n\n\n\n<div style=\"text-align: center;\">\n  <iframe loading=\"lazy\"\n    src=\"https:\/\/sczhou-codeformer.hf.space\"\n    frameborder=\"0\"\n    width=\"1200\"\n    height=\"2500\"\n    style=\"display: inline-block; margin: 0 auto;\"\n  ><\/iframe>\n<\/div>\n\n\n\n<div style=\"height:50px\" aria-hidden=\"true\" class=\"wp-block-spacer\"><\/div>\n\n\n\n<h2 class=\"wp-block-heading\">AI Image Enhancerin k\u00e4ytt\u00f6\u00f6notto<\/h2>\n\n\n\n<p class=\"\">Kuvanlaadun parantaminen on ratkaisevan t\u00e4rke\u00e4\u00e4 eri toimialoilla kiinteist\u00f6alalta sosiaalisen median markkinointiin. Teko\u00e4lyn yleistymisen my\u00f6t\u00e4 AI Image Enhancerin kaltaiset ty\u00f6kalut ovat mullistaneet tavan lis\u00e4t\u00e4 valokuvien resoluutiota ja parantaa yleist\u00e4 kuvanlaatua. T\u00e4ss\u00e4 artikkelissa tarkastelemme teko\u00e4lykuvanparannusohjelmien hy\u00f6tyj\u00e4, parhaita skenaarioita niiden k\u00e4ytt\u00f6\u00f6n ja tarjoamme kattavan oppaan nykyisin saatavilla olevista huipputy\u00f6kaluista.<\/p>\n\n\n\n<figure class=\"wp-block-image size-large is-resized\"><img data-recalc-dims=\"1\" decoding=\"async\" width=\"1024\" height=\"568\"   loading=\"lazy\" src=\"https:\/\/i0.wp.com\/aiartfree.online\/wp-content\/uploads\/2024\/07\/WX20240717-181127%402x-1-1-1-1-1-1.jpg?resize=1024%2C568&#038;ssl=1\" alt=\"AI Image Enhancer\" class=\"wp-image-2881\" style=\"width:591px;height:auto\" srcset=\"https:\/\/i0.wp.com\/aiartfree.online\/wp-content\/uploads\/2024\/07\/WX20240717-181127%402x-1-1-1-1-1-1.jpg?resize=1024%2C568&amp;ssl=1 1024w, https:\/\/i0.wp.com\/aiartfree.online\/wp-content\/uploads\/2024\/07\/WX20240717-181127%402x-1-1-1-1-1-1.jpg?resize=300%2C166&amp;ssl=1 300w, https:\/\/i0.wp.com\/aiartfree.online\/wp-content\/uploads\/2024\/07\/WX20240717-181127%402x-1-1-1-1-1-1.jpg?resize=768%2C426&amp;ssl=1 768w, https:\/\/i0.wp.com\/aiartfree.online\/wp-content\/uploads\/2024\/07\/WX20240717-181127%402x-1-1-1-1-1-1.jpg?resize=1536%2C852&amp;ssl=1 1536w, https:\/\/i0.wp.com\/aiartfree.online\/wp-content\/uploads\/2024\/07\/WX20240717-181127%402x-1-1-1-1-1-1.jpg?resize=2048%2C1136&amp;ssl=1 2048w, https:\/\/i0.wp.com\/aiartfree.online\/wp-content\/uploads\/2024\/07\/WX20240717-181127%402x-1-1-1-1-1-1.jpg?resize=18%2C10&amp;ssl=1 18w, https:\/\/i0.wp.com\/aiartfree.online\/wp-content\/uploads\/2024\/07\/WX20240717-181127%402x-1-1-1-1-1-1.jpg?resize=600%2C333&amp;ssl=1 600w\" sizes=\"auto, (max-width: 1024px) 100vw, 1024px\" \/><\/figure>\n\n\n\n<h2 class=\"wp-block-heading\">Sis\u00e4llysluettelo<\/h2>\n\n\n\n<ol class=\"wp-block-list\">\n<li class=\"\">Mik\u00e4 on teko\u00e4lyn kuvanparannusohjelma?<\/li>\n\n\n\n<li class=\"\">Miksi k\u00e4ytt\u00e4\u00e4 teko\u00e4lyn kuvanparannusohjelmaa?<\/li>\n\n\n\n<li class=\"\">Teko\u00e4lyn kuvanparannusohjelman k\u00e4yt\u00f6n edut<\/li>\n\n\n\n<li class=\"\">Milloin kannattaa k\u00e4ytt\u00e4\u00e4 teko\u00e4lyn kuvanparannusohjelmaa<\/li>\n\n\n\n<li class=\"\">Kenen pit\u00e4isi k\u00e4ytt\u00e4\u00e4 teko\u00e4lyn kuvanparannusohjelmaa?<\/li>\n\n\n\n<li class=\"\">Top 10 AI Image Enhancer -ty\u00f6kalua<\/li>\n\n\n\n<li class=\"\">Paras AI Image Enhancer -ty\u00f6kalu<\/li>\n\n\n\n<li class=\"\">FAQ<\/li>\n<\/ol>\n\n\n\n<h3 class=\"wp-block-heading\">Mik\u00e4 on teko\u00e4lyn kuvanparannusohjelma?<\/h3>\n\n\n\n<p class=\"\">AI Image Enhancer on teko\u00e4lyn avulla toimiva ty\u00f6kalu, joka on suunniteltu parantamaan kuvien laatua. N\u00e4m\u00e4 ty\u00f6kalut voivat lis\u00e4t\u00e4 valokuvien resoluutiota, parantaa valokuvien selkeytt\u00e4 ja suurentaa kuvia ter\u00e4v\u00e4mmiksi ja yksityiskohtaisemmiksi. Kehittyneiden algoritmien avulla teko\u00e4lykuvanparannusohjelmat voivat havaita ja korjata puutteita, jolloin valokuvat n\u00e4ytt\u00e4v\u00e4t ammattimaisemmilta ja visuaalisesti houkuttelevammilta.<\/p>\n\n\n\n<h3 class=\"wp-block-heading\">Miksi k\u00e4ytt\u00e4\u00e4 teko\u00e4lyn kuvanparannusohjelmaa?<\/h3>\n\n\n\n<p class=\"\">AI Image Enhancerin k\u00e4ytt\u00f6 on v\u00e4ltt\u00e4m\u00e4t\u00f6nt\u00e4 kaikille, jotka haluavat parantaa kuviensa laatua nopeasti ja tehokkaasti. Olitpa sitten graafinen suunnittelija, kiinteist\u00f6nv\u00e4litt\u00e4j\u00e4 tai sosiaalisen median yll\u00e4pit\u00e4j\u00e4, kuvanlaadun parantaminen voi vaikuttaa merkitt\u00e4v\u00e4sti siihen, miten ty\u00f6si koetaan. Teko\u00e4lykuvanparannusohjelmat s\u00e4\u00e4st\u00e4v\u00e4t aikaa automatisoimalla resoluution ja laadun parantamisprosessin, jolloin voit keskitty\u00e4 muihin t\u00e4rkeisiin teht\u00e4viin.<\/p>\n\n\n\n<h3 class=\"wp-block-heading\">Teko\u00e4lyn kuvanparannusohjelman k\u00e4yt\u00f6n edut<\/h3>\n\n\n\n<ol class=\"wp-block-list\">\n<li class=\"\"><strong>Lis\u00e4\u00e4 valokuvan resoluutiota<\/strong>: Teko\u00e4lyn kuvanparannusohjelmat voivat suurentaa kuvia, jolloin ne soveltuvat korkealaatuisiin tulosteisiin ja suuriin n\u00e4ytt\u00f6ihin.<\/li>\n\n\n\n<li class=\"\"><strong>Paranna valokuvan selkeytt\u00e4<\/strong>: N\u00e4m\u00e4 ty\u00f6kalut parantavat kuvan ter\u00e4vyytt\u00e4, poistavat ep\u00e4tarkkuutta ja tekev\u00e4t yksityiskohdista n\u00e4kyv\u00e4mpi\u00e4.<\/li>\n\n\n\n<li class=\"\"><strong>Parantaa yleist\u00e4 laatua<\/strong>: Teko\u00e4lyn kuvanparannusohjelmat voivat s\u00e4\u00e4t\u00e4\u00e4 v\u00e4rej\u00e4, kontrastia ja kirkkautta korkealaatuisten kuvien tuottamiseksi.<\/li>\n\n\n\n<li class=\"\"><strong>S\u00e4\u00e4st\u00e4 aikaa<\/strong>: Parannusprosessin automatisointi v\u00e4hent\u00e4\u00e4 kuvien manuaaliseen muokkaamiseen kuluvaa aikaa.<\/li>\n\n\n\n<li class=\"\"><strong>Kustannustehokas<\/strong>: Teko\u00e4lyn kuvanparannusohjelmiin investoiminen voi s\u00e4\u00e4st\u00e4\u00e4 rahaa verrattuna ammattimaisten kuvank\u00e4sittelij\u00f6iden palkkaamiseen.<\/li>\n<\/ol>\n\n\n\n<h3 class=\"wp-block-heading\">Milloin kannattaa k\u00e4ytt\u00e4\u00e4 teko\u00e4lyn kuvanparannusohjelmaa<\/h3>\n\n\n\n<p class=\"\">AI Image Enhancers soveltuu erilaisiin tilanteisiin, kuten:<\/p>\n\n\n\n<ul class=\"wp-block-list\">\n<li class=\"\"><strong>Kiinteist\u00f6t<\/strong>: Kiinteist\u00f6kuvien parantaminen potentiaalisten ostajien houkuttelemiseksi.<\/li>\n\n\n\n<li class=\"\"><strong>Sosiaalinen media<\/strong>: Laadukkaiden kuvien luominen viestej\u00e4 ja mainoksia varten.<\/li>\n\n\n\n<li class=\"\"><strong>Graafinen suunnittelu<\/strong>: Kuvien parantaminen digitaalisessa ja painetussa mediassa k\u00e4ytett\u00e4v\u00e4ksi.<\/li>\n\n\n\n<li class=\"\"><strong>S\u00e4hk\u00f6inen kaupank\u00e4ynti<\/strong>: Tuotekuvien parantaminen myynnin lis\u00e4\u00e4miseksi.<\/li>\n\n\n\n<li class=\"\"><strong>Valokuvaus<\/strong>: Kuvien suurentaminen tulosteita ja portfolioita varten.<\/li>\n<\/ul>\n\n\n\n<h3 class=\"wp-block-heading\">Kenen pit\u00e4isi k\u00e4ytt\u00e4\u00e4 teko\u00e4lyn kuvanparannusohjelmaa?<\/h3>\n\n\n\n<p class=\"\">AI Image Enhancers on hy\u00f6dyllinen:<\/p>\n\n\n\n<ul class=\"wp-block-list\">\n<li class=\"\"><strong>Valokuvaajat<\/strong>: Parantaa ja kohottaa kuviaan.<\/li>\n\n\n\n<li class=\"\"><strong>Kiinteist\u00f6nv\u00e4litt\u00e4j\u00e4t<\/strong>: Parantaa kiinteist\u00f6kuvia listauksia varten.<\/li>\n\n\n\n<li class=\"\"><strong>Graafiset suunnittelijat<\/strong>: Varmistaakseen laadukkaat kuvat projektejaan varten.<\/li>\n\n\n\n<li class=\"\"><strong>Sosiaalisen median johtajat<\/strong>: Luoda visuaalisesti houkuttelevia viestej\u00e4.<\/li>\n\n\n\n<li class=\"\"><strong>S\u00e4hk\u00f6isen kaupank\u00e4ynnin yritykset<\/strong>: Parantaa tuotekuvia ja houkutella asiakkaita.<\/li>\n<\/ul>\n\n\n\n<h3 class=\"wp-block-heading\">Top 10 AI Image Enhancer -ty\u00f6kalua<\/h3>\n\n\n\n<p class=\"\">Seuraavassa on yhteenveto 10 t\u00e4rkeimm\u00e4st\u00e4 teko\u00e4lyn kuvanparannusty\u00f6kalusta sek\u00e4 niiden eduista ja haasteista:<\/p>\n\n\n\n<figure class=\"wp-block-table\"><table class=\"has-fixed-layout\"><thead><tr><th>Ty\u00f6kalun nimi<\/th><th>Yhteenveto<\/th><th>Plussaa<\/th><th>Miinukset<\/th><th>Edut<\/th><th>Haasteet<\/th><th>Suositukset<\/th><\/tr><\/thead><tbody><tr><td><strong><a href=\"https:\/\/aiartfree.online\/fi\/ai-kuvanparannusohjelma\/\" target=\"_blank\" data-type=\"link\" data-id=\"https:\/\/aiartfree.online\/ai-image-enhancer\" rel=\"noreferrer noopener\">AI Image Enhancer<\/a><\/strong><\/td><td>Parantaa kuvanlaatua nopeasti ja helposti<\/td><td>Helppok\u00e4ytt\u00f6inen, ilmainen<\/td><td>Rajoitetut ominaisuudet<\/td><td>Suuri aloittelijoille<\/td><td>Rajoitetut lis\u00e4asetukset<\/td><td>Ihanteellinen nopeisiin korjauksiin<\/td><\/tr><tr><td><strong>Parannetaan<\/strong><\/td><td>Suurentaa kuvia jopa 16-kertaiseksi<\/td><td>Laadukkaat tulokset<\/td><td>Tilauspohjainen<\/td><td>Ammattilaistason laatu<\/td><td>Vaatii maksun<\/td><td>Paras ammattik\u00e4ytt\u00f6\u00f6n<\/td><\/tr><tr><td><strong>Vance AI<\/strong><\/td><td>Teko\u00e4lyk\u00e4ytt\u00f6inen kuvanparannusohjelma<\/td><td>Useita parannusvaihtoehtoja<\/td><td>Jotkin ominaisuudet ovat maksullisia<\/td><td>Monipuolinen ty\u00f6kalupakki<\/td><td>Vaatii premium-tilauksen<\/td><td>Hyv\u00e4 monipuoliseen k\u00e4ytt\u00f6\u00f6n<\/td><\/tr><tr><td><strong>Deep Image<\/strong><\/td><td>Er\u00e4k\u00e4sittelyvalmius<\/td><td>K\u00e4sittelee useita kuvia kerralla<\/td><td>Vaatii tilin k\u00e4ytt\u00f6\u00f6noton<\/td><td>Aikatehokas<\/td><td>Tarvittavat alkuasetukset<\/td><td>Paras irtotavarana tapahtuviin parannuksiin<\/td><\/tr><tr><td><strong>Waifu2x<\/strong><\/td><td>Anime-painotteinen kuvanparannusohjelma<\/td><td>Erikoistunut taideteoksiin<\/td><td>Rajoitettu anime-tyyliin<\/td><td>Suuri anime-kuville<\/td><td>Rajoitettu soveltaminen<\/td><td>Paras anime-taiteilijoille<\/td><\/tr><tr><td><strong><a href=\"https:\/\/www.fotor.com\/\" data-type=\"link\" data-id=\"https:\/\/www.fotor.com\/\" rel=\"nofollow noopener\" target=\"_blank\">Fotor<\/a><\/strong><\/td><td>Online-valokuvank\u00e4sittelyohjelma, jossa on parannusominaisuuksia<\/td><td>Kattavat muokkausty\u00f6kalut<\/td><td>Mainokset ilmaisessa versiossa<\/td><td>All-in-one-ratkaisu<\/td><td>Mainosrahoitteinen ilmainen versio<\/td><td>Hyv\u00e4 satunnaiseen k\u00e4ytt\u00f6\u00f6n<\/td><\/tr><tr><td><strong>ImgLarger<\/strong><\/td><td>Teko\u00e4lyn skaalauttamisty\u00f6kalu<\/td><td>Hyv\u00e4t upscaling-tulokset<\/td><td>Vaatii internetyhteyden<\/td><td>Laadukas upscaling<\/td><td>Riippuu internetin nopeudesta<\/td><td>Paras verkkok\u00e4ytt\u00f6\u00f6n<\/td><\/tr><tr><td><strong>Upscale Pics<\/strong><\/td><td>Online kuvanparannusohjelma<\/td><td>K\u00e4ytt\u00e4j\u00e4yst\u00e4v\u00e4llinen k\u00e4ytt\u00f6liittym\u00e4<\/td><td>Rajoitettu vapaa k\u00e4ytt\u00f6<\/td><td>Helppo k\u00e4ytt\u00e4\u00e4<\/td><td>Rajoitettu verkkok\u00e4ytt\u00f6\u00f6n<\/td><td>Paras satunnaiseen k\u00e4ytt\u00f6\u00f6n<\/td><\/tr><tr><td><strong>Image Upscaler<\/strong><\/td><td>Teko\u00e4lyyn perustuva parannus<\/td><td>Tehokas k\u00e4sittely<\/td><td>Maksulliset ominaisuudet<\/td><td>Nopea ja tehokas<\/td><td>Tilauspohjainen<\/td><td>Paras s\u00e4\u00e4nn\u00f6lliseen k\u00e4ytt\u00f6\u00f6n<\/td><\/tr><tr><td><strong>AI Image Enlarger<\/strong><\/td><td>Erikoistunut kuvan suurentamiseen<\/td><td>Laadukas laajentuminen<\/td><td>Ilmaisen version rajoitukset<\/td><td>Korkea laajentumisen laatu<\/td><td>Rajoitetut ilmaiset vaihtoehdot<\/td><td>Paras korkealaatuiseen laajentumiseen<\/td><\/tr><\/tbody><\/table><\/figure>\n\n\n\n<h3 class=\"wp-block-heading\">Paras AI Image Enhancer -ty\u00f6kalu<\/h3>\n\n\n\n<p class=\"\">Saatavilla olevista ty\u00f6kaluista paras teko\u00e4lyn kuvanparannusohjelma on seuraava <a href=\"https:\/\/aiartfree.online\/fi\/ai-kuvanparannusohjelma\/\">AI Image Enhancer<\/a>. Se tarjoaa t\u00e4ydellisen yhdistelm\u00e4n kehittyneit\u00e4 ominaisuuksia, helppok\u00e4ytt\u00f6isyytt\u00e4 ja korkealaatuisia tuloksia, joten se sopii erinomaisesti sek\u00e4 ammattilaisille ett\u00e4 satunnaisille k\u00e4ytt\u00e4jille.<\/p>\n\n\n\n<h3 class=\"wp-block-heading\">FAQ<\/h3>\n\n\n\n<ol class=\"wp-block-list\">\n<li class=\"\"><strong>Mik\u00e4 on teko\u00e4lyn kuvanparannusohjelma?<\/strong> AI Image Enhancer on ty\u00f6kalu, joka k\u00e4ytt\u00e4\u00e4 teko\u00e4ly\u00e4 kuvien laadun ja resoluution parantamiseen.<\/li>\n\n\n\n<li class=\"\"><strong>Miten teko\u00e4ly parantaa kuvanlaatua?<\/strong> Teko\u00e4lyalgoritmit analysoivat ja parantavat kuvan yksityiskohtia, korjaavat puutteita ja lis\u00e4\u00e4v\u00e4t resoluutiota.<\/li>\n\n\n\n<li class=\"\"><strong>Kannattaako investoida teko\u00e4lyn kuvanparannusohjelmaan?<\/strong> Kyll\u00e4, se s\u00e4\u00e4st\u00e4\u00e4 aikaa ja tuottaa laadukkaita tuloksia, mik\u00e4 tekee siit\u00e4 arvokkaan ty\u00f6kalun monille k\u00e4ytt\u00e4jille.<\/li>\n\n\n\n<li class=\"\"><strong>Pystyv\u00e4tk\u00f6 teko\u00e4lyn kuvanparannusohjelmat k\u00e4sittelem\u00e4\u00e4n eri\u00e4?<\/strong> Jotkin ty\u00f6kalut, kuten Deep Image, tarjoavat er\u00e4k\u00e4sittelyominaisuuksia.<\/li>\n\n\n\n<li class=\"\"><strong>Onko saatavilla ilmaisia teko\u00e4lyn kuvanparannusty\u00f6kaluja?<\/strong> Kyll\u00e4, Enhance.Pho.to:n kaltaiset ty\u00f6kalut tarjoavat ilmaisia perusparannusominaisuuksia.<\/li>\n\n\n\n<li class=\"\"><strong>Mik\u00e4 on paras ammattik\u00e4ytt\u00f6\u00f6n soveltuva teko\u00e4lykuvausohjelma?<\/strong> AI Image Enhanceria suositellaan sen kehittyneiden ominaisuuksien ja laadukkaiden tulosten vuoksi.<\/li>\n\n\n\n<li class=\"\"><strong>Voidaanko teko\u00e4lyn kuvanparannusohjelmia k\u00e4ytt\u00e4\u00e4 sosiaalisen median kuvissa?<\/strong> Kyll\u00e4, ne ovat ihanteellisia korkealaatuisten kuvien luomiseen sosiaalisen median viestej\u00e4 varten.<\/li>\n\n\n\n<li class=\"\"><strong>Tukevatko teko\u00e4lyn kuvanparannusohjelmat skaalausta?<\/strong> Kyll\u00e4, monet teko\u00e4lyn kuvanparannusohjelmat voivat suurentaa kuvia korkeampaan resoluutioon.<\/li>\n\n\n\n<li class=\"\"><strong>Ovatko teko\u00e4lyn kuvanparannusohjelmat helppok\u00e4ytt\u00f6isi\u00e4?<\/strong> Useimmat teko\u00e4lyn kuvanparannusohjelmat ovat k\u00e4ytt\u00e4j\u00e4yst\u00e4v\u00e4llisi\u00e4 ja helppok\u00e4ytt\u00f6isi\u00e4.<\/li>\n\n\n\n<li class=\"\"><strong>Mitk\u00e4 toimialat hy\u00f6tyv\u00e4t teko\u00e4lyn kuvanparannusohjelmista?<\/strong> Toimialat, kuten kiinteist\u00f6ala, s\u00e4hk\u00f6inen kaupank\u00e4ynti, graafinen suunnittelu ja sosiaalinen media, voivat hy\u00f6ty\u00e4 suuresti teko\u00e4lyn kuvanparannusohjelmien k\u00e4yt\u00f6st\u00e4.<\/li>\n<\/ol>","protected":false},"excerpt":{"rendered":"<p>How to use AI Image Enhancer *&nbsp;Depending on your internet speed, loading the model may take a few seconds.* There will be caching during continuous generation, and the new image will appear after about 3 seconds. Introduction of AI Image Enhancer Enhancing image quality is crucial for various industries, from real estate to social media &#8230; <a title=\"AI Image Enhancer\" class=\"read-more\" href=\"https:\/\/aiartfree.online\/fi\/ai-kuvanparannusohjelma\/\" aria-label=\"Lue lis\u00e4\u00e4 aiheesta AI Image Enhancer\">Lue lis\u00e4\u00e4<\/a><\/p>","protected":false},"author":1,"featured_media":0,"parent":0,"menu_order":0,"comment_status":"open","ping_status":"closed","template":"","meta":{"nf_dc_page":"","footnotes":""},"class_list":["post-2880","page","type-page","status-publish"],"jetpack_sharing_enabled":true,"_links":{"self":[{"href":"https:\/\/aiartfree.online\/fi\/wp-json\/wp\/v2\/pages\/2880","targetHints":{"allow":["GET"]}}],"collection":[{"href":"https:\/\/aiartfree.online\/fi\/wp-json\/wp\/v2\/pages"}],"about":[{"href":"https:\/\/aiartfree.online\/fi\/wp-json\/wp\/v2\/types\/page"}],"author":[{"embeddable":true,"href":"https:\/\/aiartfree.online\/fi\/wp-json\/wp\/v2\/users\/1"}],"replies":[{"embeddable":true,"href":"https:\/\/aiartfree.online\/fi\/wp-json\/wp\/v2\/comments?post=2880"}],"version-history":[{"count":0,"href":"https:\/\/aiartfree.online\/fi\/wp-json\/wp\/v2\/pages\/2880\/revisions"}],"wp:attachment":[{"href":"https:\/\/aiartfree.online\/fi\/wp-json\/wp\/v2\/media?parent=2880"}],"curies":[{"name":"wp","href":"https:\/\/api.w.org\/{rel}","templated":true}]}}