{"id":2876,"date":"2024-07-17T14:02:17","date_gmt":"2024-07-17T14:02:17","guid":{"rendered":"https:\/\/aiartfree.online\/?page_id=2876"},"modified":"2025-03-07T08:07:03","modified_gmt":"2025-03-07T08:07:03","slug":"anime-ai-generator","status":"publish","type":"page","link":"https:\/\/aiartfree.online\/fi\/anime-ai-generaattori\/","title":{"rendered":"Anime AI Generator"},"content":{"rendered":"<h2 class=\"wp-block-heading has-text-align-center\">Ennen vs. j\u00e4lkeen<\/h2>\n\n\n\n<figure class=\"gb-block-image gb-block-image-1822da1f\"><img data-recalc-dims=\"1\" decoding=\"async\" loading=\"lazy\" width=\"300\" height=\"179\" class=\"gb-image gb-image-1822da1f\" src=\"https:\/\/i0.wp.com\/aiartfree.online\/wp-content\/uploads\/2024\/07\/WX20240719-123748%402x.jpg?resize=300%2C179&#038;ssl=1\" alt=\"anime-ai-generator\/\" title=\"WX20240719-123748@2x\" srcset=\"https:\/\/i0.wp.com\/aiartfree.online\/wp-content\/uploads\/2024\/07\/WX20240719-123748%402x.jpg?resize=300%2C179&amp;ssl=1 300w, https:\/\/i0.wp.com\/aiartfree.online\/wp-content\/uploads\/2024\/07\/WX20240719-123748%402x.jpg?resize=1024%2C613&amp;ssl=1 1024w, https:\/\/i0.wp.com\/aiartfree.online\/wp-content\/uploads\/2024\/07\/WX20240719-123748%402x.jpg?resize=768%2C459&amp;ssl=1 768w, https:\/\/i0.wp.com\/aiartfree.online\/wp-content\/uploads\/2024\/07\/WX20240719-123748%402x.jpg?resize=18%2C12&amp;ssl=1 18w, https:\/\/i0.wp.com\/aiartfree.online\/wp-content\/uploads\/2024\/07\/WX20240719-123748%402x.jpg?resize=600%2C359&amp;ssl=1 600w, https:\/\/i0.wp.com\/aiartfree.online\/wp-content\/uploads\/2024\/07\/WX20240719-123748%402x.jpg?w=1314&amp;ssl=1 1314w\" sizes=\"auto, (max-width: 300px) 100vw, 300px\" \/><\/figure>\n\n\n\n<h2 class=\"wp-block-heading\">Kuinka k\u00e4ytt\u00e4\u00e4 Anime AI Generatoria<\/h2>\n\n\n\n<ol class=\"wp-block-list\">\n<li class=\"\">Kirjoita oma kehote tai valitse jokin kehote-esimerkeist\u00e4.<\/li>\n\n\n\n<li class=\"\">Napsauta \"Generate\" (Luo)<\/li>\n\n\n\n<li class=\"\">Hetkinen, siin\u00e4 se on!<\/li>\n<\/ol>\n\n\n\n<h3 class=\"wp-block-heading\">Esimerkkej\u00e4 kehotuksista<\/h3>\n\n\n\n<ul class=\"wp-block-list has-small-font-size\">\n<li class=\"\">kaunis nainen, y\u00f6, t\u00e4hdet, monimutkainen, tyylik\u00e4s, eritt\u00e4in yksityiskohtainen, digitaalinen maalaus, artstation, konseptitaide, sile\u00e4, ter\u00e4v\u00e4 fokus, kuvitus, taide ( ( ( ( artgerm ) ) ) ) ja greg rutkowski! ja ( ( ( ( alphonse mucha ) ), vahvasti vaikuttanut frank frazetta ja boris vallejo, miekka ja<\/li>\n\n\n\n<li class=\"\">kaunis nainen, y\u00f6, sci - fi, fantasia, monimutkainen, elegantti, takato yamamoto, sininen mekko, maaginen, eritt\u00e4in yksityiskohtainen, digitaalinen maalaus, artstation, konseptitaide, sile\u00e4,b ter\u00e4v\u00e4 fokus, kuvitus, artgerm ja greg rutkowski ja alphonse mucha<\/li>\n\n\n\n<li class=\"\">kaunis nainen\uff0csuuret tissit rannalla, rentouttava, eteerinen, unenomainen, taustavalo, eritt\u00e4in yksityiskohtainen, realistinen valaistus, ter\u00e4v\u00e4 tarkennus, kolmanneksen s\u00e4\u00e4nt\u00f6, artgerm, wlop, arney freytag, rossdraws, frank frazetta, andrei riabovitchev, hd, octane, 4 k,<\/li>\n\n\n\n<li class=\"\">kaunis nainen\uff0csuuret tissit, domme rakastajatar, steampunk, ujo hymyilev\u00e4, 4k, upea 3d render innoittamana taidetta Prenz Cushart ja WLOP\uff0cMatti maalaus, mestariteos | Alphonse Mucha\uff0ctrending on artstation ja pixiv\uff0cLittle detail<\/li>\n\n\n\n<li class=\"\">kaunis nainen, y\u00f6, t\u00e4hdet, monimutkainen, tyylik\u00e4s, eritt\u00e4in yksityiskohtainen, digitaalinen maalaus, artstation, konseptitaide, sile\u00e4, ter\u00e4v\u00e4 fokus, kuvitus, taide ( ( ( ( artgerm ) ) ) ) ja greg rutkowski! ja ( ( ( ( alphonse mucha ) ) ), vahvasti vaikuttanut frank frazetta ja boris vallejo, miekka<\/li>\n<\/ul>\n\n\n\n<figure class=\"gb-block-image gb-block-image-032aac41\"><a href=\"https:\/\/fas.st\/t\/9U4PYbm7\" target=\"_blank\" rel=\"noopener noreferrer\"><img data-recalc-dims=\"1\" decoding=\"async\" loading=\"lazy\" width=\"1200\" height=\"365\" class=\"gb-image gb-image-032aac41\" src=\"https:\/\/i0.wp.com\/aiartfree.online\/wp-content\/uploads\/2025\/03\/WX20250307-115412%402x.webp?resize=1200%2C365&#038;ssl=1\" alt=\"\" title=\"WX20250307-115412@2x\" srcset=\"https:\/\/i0.wp.com\/aiartfree.online\/wp-content\/uploads\/2025\/03\/WX20250307-115412%402x.webp?w=1942&amp;ssl=1 1942w, https:\/\/i0.wp.com\/aiartfree.online\/wp-content\/uploads\/2025\/03\/WX20250307-115412%402x.webp?resize=300%2C91&amp;ssl=1 300w, https:\/\/i0.wp.com\/aiartfree.online\/wp-content\/uploads\/2025\/03\/WX20250307-115412%402x.webp?resize=1024%2C312&amp;ssl=1 1024w, https:\/\/i0.wp.com\/aiartfree.online\/wp-content\/uploads\/2025\/03\/WX20250307-115412%402x.webp?resize=768%2C234&amp;ssl=1 768w, https:\/\/i0.wp.com\/aiartfree.online\/wp-content\/uploads\/2025\/03\/WX20250307-115412%402x.webp?resize=1536%2C467&amp;ssl=1 1536w, https:\/\/i0.wp.com\/aiartfree.online\/wp-content\/uploads\/2025\/03\/WX20250307-115412%402x.webp?resize=18%2C5&amp;ssl=1 18w, https:\/\/i0.wp.com\/aiartfree.online\/wp-content\/uploads\/2025\/03\/WX20250307-115412%402x.webp?resize=600%2C183&amp;ssl=1 600w\" sizes=\"auto, (max-width: 1200px) 100vw, 1200px\" \/><\/a><\/figure>\n\n\n\n<p class=\"\"><em>* Internetin nopeudesta riippuen mallin lataaminen voi kest\u00e4\u00e4 muutaman sekunnin.<br>* Jatkuvan luomisen aikana tapahtuu v\u00e4limuistitallennusta, ja uusi kuva tulee n\u00e4kyviin noin 3 sekunnin kuluttua.<\/em><\/p>\n\n\n\n<div class=\"iframe-wrapper\" style=\"position: relative; width: 100%; height: 1600px;\">\n  <div class=\"loading\" style=\"position: absolute; top: 50px; left: 50%; transform: translate(-50%, -50%); width: 40px; height: 40px; border: 3px solid #f0f0f0; border-top: 3px solid #db7093; border-radius: 50%; animation: spin 1s linear infinite;\"><\/div>\n  <iframe loading=\"lazy\" src=\"https:\/\/cagliostrolab-animagine-xl-3-1.hf.space\" frameborder=\"0\" width=\"100%\" height=\"100%\" style=\"position: absolute; top: 0; left: 0; opacity: 0; transition: opacity 0.3s;\" onload=\"this.style.opacity=1;this.previousElementSibling.style.display='none';\"><\/iframe>\n<\/div>\n\n<style>\n@keyframes spin {\n  0% { transform: translate(-50%, -50%) rotate(0deg); }\n  100% { transform: translate(-50%, -50%) rotate(360deg); }\n}\n<\/style>\n\n\n\n<div style=\"height:50px\" aria-hidden=\"true\" class=\"wp-block-spacer\"><\/div>\n\n\n\n<h2 class=\"wp-block-heading\">Anime AI Generatorin esittely<\/h2>\n\n\n\n<p class=\"\">Anime AI Generators mullistaa tavan luoda anime-tyylist\u00e4 taidetta k\u00e4ytt\u00e4m\u00e4ll\u00e4 kehittyneit\u00e4 teko\u00e4lyalgoritmeja. N\u00e4m\u00e4 ty\u00f6kalut voivat muuntaa valokuvia anime-kuviksi, luoda ainutlaatuisia anime-hahmoja ja paljon muuta. T\u00e4ss\u00e4 artikkelissa perehdyt\u00e4\u00e4n siihen, mit\u00e4 Anime AI Generators -ohjelmat ovat, niiden hy\u00f6tyihin ja siihen, miten niit\u00e4 voi k\u00e4ytt\u00e4\u00e4 tehokkaasti.<\/p>\n\n\n\n<figure class=\"wp-block-image size-large is-resized\"><img data-recalc-dims=\"1\" decoding=\"async\" width=\"1024\" height=\"829\"   loading=\"lazy\" src=\"https:\/\/i0.wp.com\/aiartfree.online\/wp-content\/uploads\/2024\/07\/WX120240719-122659%402x-1-1-1.jpg?resize=1024%2C829&#038;ssl=1\" alt=\"Anime AI Generator\" class=\"wp-image-2952\" style=\"width:630px;height:auto\" srcset=\"https:\/\/i0.wp.com\/aiartfree.online\/wp-content\/uploads\/2024\/07\/WX120240719-122659%402x-1-1-1.jpg?resize=1024%2C829&amp;ssl=1 1024w, https:\/\/i0.wp.com\/aiartfree.online\/wp-content\/uploads\/2024\/07\/WX120240719-122659%402x-1-1-1.jpg?resize=300%2C243&amp;ssl=1 300w, https:\/\/i0.wp.com\/aiartfree.online\/wp-content\/uploads\/2024\/07\/WX120240719-122659%402x-1-1-1.jpg?resize=768%2C622&amp;ssl=1 768w, https:\/\/i0.wp.com\/aiartfree.online\/wp-content\/uploads\/2024\/07\/WX120240719-122659%402x-1-1-1.jpg?resize=1536%2C1244&amp;ssl=1 1536w, https:\/\/i0.wp.com\/aiartfree.online\/wp-content\/uploads\/2024\/07\/WX120240719-122659%402x-1-1-1.jpg?resize=2048%2C1659&amp;ssl=1 2048w, https:\/\/i0.wp.com\/aiartfree.online\/wp-content\/uploads\/2024\/07\/WX120240719-122659%402x-1-1-1.jpg?resize=15%2C12&amp;ssl=1 15w, https:\/\/i0.wp.com\/aiartfree.online\/wp-content\/uploads\/2024\/07\/WX120240719-122659%402x-1-1-1.jpg?resize=600%2C486&amp;ssl=1 600w\" sizes=\"auto, (max-width: 1024px) 100vw, 1024px\" \/><\/figure>\n\n\n\n<h3 class=\"wp-block-heading\">Sis\u00e4llysluettelo<\/h3>\n\n\n\n<ol class=\"wp-block-list\">\n<li class=\"\"><a href=\"#what-is-an-anime-ai-generator\">Mik\u00e4 on Anime AI Generator?<\/a><\/li>\n\n\n\n<li class=\"\"><a href=\"#why-use-an-anime-ai-generator\">Miksi k\u00e4ytt\u00e4\u00e4 Anime AI Generatoria?<\/a><\/li>\n\n\n\n<li class=\"\"><a href=\"#benefits-of-using-an-anime-ai-generator\">Anime AI Generatorin k\u00e4yt\u00f6n edut<\/a><\/li>\n\n\n\n<li class=\"\"><a href=\"#when-to-use-an-anime-ai-generator\">Milloin k\u00e4ytt\u00e4\u00e4 Anime AI generaattoria<\/a><\/li>\n\n\n\n<li class=\"\"><a href=\"#who-should-use-an-anime-ai-generator\">Kenen pit\u00e4isi k\u00e4ytt\u00e4\u00e4 Anime AI Generatoria?<\/a><\/li>\n\n\n\n<li class=\"\"><a href=\"#anime-ai-generator-tools-and-information\">Anime AI Generator Ty\u00f6kalut ja tiedot<\/a><\/li>\n\n\n\n<li class=\"\"><a href=\"#frequently-asked-questions\">Usein kysytyt kysymykset<\/a><\/li>\n\n\n\n<li class=\"\"><a href=\"#conclusion\">P\u00e4\u00e4telm\u00e4<\/a><\/li>\n<\/ol>\n\n\n\n<h3 class=\"wp-block-heading\">Mik\u00e4 on Anime AI Generator?<\/h3>\n\n\n\n<p class=\"\">Anime AI Generator on ty\u00f6kalu, joka k\u00e4ytt\u00e4\u00e4 kehittyneit\u00e4 teko\u00e4lyalgoritmeja luomaan anime-tyylisi\u00e4 kuvia erilaisista sy\u00f6tteist\u00e4, kuten valokuvista tai tekstikehotteista. Koneoppimistekniikoita hy\u00f6dynt\u00e4m\u00e4ll\u00e4 n\u00e4m\u00e4 generaattorit voivat tuottaa korkealaatuista, tyylitelty\u00e4 anime-taidetta nopeasti ja tehokkaasti.<\/p>\n\n\n\n<h3 class=\"wp-block-heading\">Miksi k\u00e4ytt\u00e4\u00e4 Anime AI Generatoria?<\/h3>\n\n\n\n<p class=\"\">Anime AI Generators ovat v\u00e4ltt\u00e4m\u00e4tt\u00f6mi\u00e4 kaikille, jotka haluavat luoda anime-tyylisi\u00e4 taideteoksia tarvitsematta kehittyneit\u00e4 taiteellisia taitoja. N\u00e4it\u00e4 ty\u00f6kaluja voidaan k\u00e4ytt\u00e4\u00e4 henkil\u00f6kohtaisiin teko\u00e4lyprojekteihin, teko\u00e4lytaiteen tuottamiseen sosiaaliseen mediaan tai jopa ammattik\u00e4ytt\u00f6\u00f6n pelisuunnittelussa ja animaatiossa.<\/p>\n\n\n\n<h3 class=\"wp-block-heading\">Anime AI Generatorin k\u00e4yt\u00f6n edut<\/h3>\n\n\n\n<ul class=\"wp-block-list\">\n<li class=\"\"><strong>Tehokkuus<\/strong>: Tuottaa nopeasti korkealaatuisia anime-kuvia.<\/li>\n\n\n\n<li class=\"\"><strong>Luovuus<\/strong>: Mahdollistaa ainutlaatuisen ja yksil\u00f6llisen anime-taiteen.<\/li>\n\n\n\n<li class=\"\"><strong>Saavutettavuus<\/strong>: Tekee anime-taiteen luomisesta helposti l\u00e4hestytt\u00e4v\u00e4\u00e4 muillekin kuin taiteilijoille.<\/li>\n\n\n\n<li class=\"\"><strong>Kustannustehokas<\/strong>: V\u00e4hent\u00e4\u00e4 tarvetta kalliisiin taideohjelmistoihin tai taiteilijoiden palkkaamiseen.<\/li>\n\n\n\n<li class=\"\"><strong>Monipuolisuus<\/strong>: Voidaan k\u00e4ytt\u00e4\u00e4 erilaisiin tarkoituksiin, henkil\u00f6kohtaisista projekteista ammattik\u00e4ytt\u00f6\u00f6n.<\/li>\n<\/ul>\n\n\n\n<h3 class=\"wp-block-heading\">Milloin k\u00e4ytt\u00e4\u00e4 Anime AI generaattoria<\/h3>\n\n\n\n<p class=\"\">Anime AI generaattorit ovat ihanteellisia useissa skenaarioissa:<\/p>\n\n\n\n<ul class=\"wp-block-list\">\n<li class=\"\"><strong>Henkil\u00f6kohtaisen taiteen luominen<\/strong>: Huvin vuoksi tai harrastuksena.<\/li>\n\n\n\n<li class=\"\"><strong>Sosiaalisen median sis\u00e4lt\u00f6<\/strong>: Ainutlaatuisen sis\u00e4ll\u00f6n tuottaminen sosiaalisen median alustoille.<\/li>\n\n\n\n<li class=\"\"><strong>Pelisuunnittelu<\/strong>: Hahmojen ja kohtausten luominen videopelej\u00e4 varten.<\/li>\n\n\n\n<li class=\"\"><strong>Animaatioprojektit<\/strong>: Elementtien tuottaminen animaatioprojekteihin.<\/li>\n\n\n\n<li class=\"\"><strong>Markkinointi<\/strong>: Mainosmateriaalien ja houkuttelevan visuaalisen materiaalin luominen.<\/li>\n<\/ul>\n\n\n\n<h3 class=\"wp-block-heading\">Kenen pit\u00e4isi k\u00e4ytt\u00e4\u00e4 sit\u00e4?<\/h3>\n\n\n\n<p class=\"\">Sopii:<\/p>\n\n\n\n<ul class=\"wp-block-list\">\n<li class=\"\"><strong>Taiteilijat<\/strong>: Haluavat laajentaa ty\u00f6kalupakkiaan.<\/li>\n\n\n\n<li class=\"\"><strong>Muut kuin taiteilijat<\/strong>: Haluat luoda anime-taidetta ilman laajaa koulutusta.<\/li>\n\n\n\n<li class=\"\"><strong>Pelinkehitt\u00e4j\u00e4t<\/strong>: Tarvitaan varoja pelej\u00e4 varten.<\/li>\n\n\n\n<li class=\"\"><strong>Sis\u00e4ll\u00f6ntuottajat<\/strong>: Etsiv\u00e4t houkuttelevaa visuaalista materiaalia alustoilleen.<\/li>\n\n\n\n<li class=\"\"><strong>Markkinoinnin ammattilaiset<\/strong>: Houkuttelevan myynninedist\u00e4missis\u00e4ll\u00f6n laatiminen.<\/li>\n<\/ul>\n\n\n\n<h3 class=\"wp-block-heading\">Anime AI Generator Ty\u00f6kalut ja tiedot<\/h3>\n\n\n\n<p class=\"\">Alla on taulukko, jossa on yhteenveto parhaista Anime AI Generator -ty\u00f6kaluista, niiden eduista, haitoista ja muusta:<\/p>\n\n\n\n<figure class=\"wp-block-table\"><table class=\"has-fixed-layout\"><thead><tr><th>Ty\u00f6kalu\/verkkosivusto<\/th><th>Plussaa<\/th><th>Miinukset<\/th><th>Edut<\/th><th>Haasteet<\/th><th>Suositukset<\/th><\/tr><\/thead><tbody><tr><td><a href=\"https:\/\/aiartfree.online\/fi\/anime-ai-generaattori\/\" target=\"_blank\" rel=\"noreferrer noopener\">AIArtFree<\/a><\/td><td>Ilmainen, helppok\u00e4ytt\u00f6inen<\/td><td>Rajoitetut ominaisuudet<\/td><td>Suuri aloittelijoille<\/td><td>Vaatii internetin<\/td><td>Paras nopeisiin projekteihin<\/td><\/tr><tr><td><a href=\"https:\/\/deepart.io\" rel=\"nofollow noopener\" target=\"_blank\">DeepArt<\/a><\/td><td>Korkealaatuinen tuotos<\/td><td>Vaatii tilauksen<\/td><td>Ammattimaiset tulokset<\/td><td>Kallis<\/td><td>Paras vakaviin projekteihin<\/td><\/tr><tr><td><a href=\"https:\/\/artbreeder.com\" rel=\"nofollow noopener\" target=\"_blank\">Artbreeder<\/a><\/td><td>Yhteisty\u00f6kykyinen, monipuolinen<\/td><td>Oppimisk\u00e4yr\u00e4<\/td><td>Luova joustavuus<\/td><td>Monimutkainen k\u00e4ytt\u00f6liittym\u00e4<\/td><td>Paras yhteistoiminnalliselle taiteelle<\/td><\/tr><tr><td><a href=\"https:\/\/toonme.com\" rel=\"nofollow noopener\" target=\"_blank\">ToonMe<\/a><\/td><td>Yksinkertainen, hauska<\/td><td>Mainokset ilmaisessa versiossa<\/td><td>Suuri sosiaaliseen mediaan<\/td><td>Rajoitetut mallit<\/td><td>Paras satunnaiseen k\u00e4ytt\u00f6\u00f6n<\/td><\/tr><tr><td><a href=\"https:\/\/nudeai.beauty\/en\/nude-anime\/\" data-type=\"link\" data-id=\"https:\/\/nudeai.beauty\/en\/nude-anime\/\" target=\"_blank\" rel=\"noreferrer noopener\">Anime Labs<\/a><\/td><td>Mukautettavat hahmot<\/td><td>Rajoitettu anime-tytt\u00f6ihin<\/td><td>Eritt\u00e4in yksityiskohtainen<\/td><td>Niche-kohde<\/td><td>Paras hahmon luomiseen<\/td><\/tr><tr><td><a>MaalitKetju<\/a><\/td><td>Ilmainen, monipuolinen<\/td><td>Japanilainen k\u00e4ytt\u00f6liittym\u00e4<\/td><td>Automaattinen v\u00e4ritys<\/td><td>Kielimuuri<\/td><td>Paras automaattiseen v\u00e4rj\u00e4ykseen<\/td><\/tr><tr><td><a href=\"https:\/\/crypko.ai\" rel=\"nofollow noopener\" target=\"_blank\">Crypko<\/a><\/td><td>Ammattimainen anime kasvot<\/td><td>Vaatii poletteja<\/td><td>Yksityiskohtaiset tulokset<\/td><td>Merkkij\u00e4rjestelm\u00e4<\/td><td>Paras kasvonpiirteille<\/td><\/tr><tr><td><a href=\"https:\/\/pixiv.net\" rel=\"nofollow noopener\" target=\"_blank\">Pixiv<\/a><\/td><td>Suuri yhteis\u00f6<\/td><td>Edellytt\u00e4\u00e4 j\u00e4senyytt\u00e4<\/td><td>Laajat resurssit<\/td><td>Ylivoimainen<\/td><td>Paras yhteis\u00f6taiteelle<\/td><\/tr><tr><td><a href=\"https:\/\/www.thiswaifudoesnotexist.net\" rel=\"nofollow noopener\" target=\"_blank\">T\u00e4t\u00e4 Waifua ei ole olemassa<\/a><\/td><td>Ainutlaatuiset waifut<\/td><td>Rajoitettu r\u00e4\u00e4t\u00e4l\u00f6inti<\/td><td>Loputon valikoima<\/td><td>Erityinen painopiste<\/td><td>Paras ainutlaatuisille kasvoille<\/td><\/tr><tr><td><a href=\"https:\/\/gansketch.com\" rel=\"nofollow noopener\" target=\"_blank\">GanSketch<\/a><\/td><td>Reaaliaikainen sukupolvi<\/td><td>Beta-versio<\/td><td>Nopeat tulokset<\/td><td>Kehitysvaihe<\/td><td>Paras kokeiluun<\/td><\/tr><\/tbody><\/table><\/figure>\n\n\n\n<p class=\"\"><strong>Paras ty\u00f6kalu: <a href=\"https:\/\/aiartfree.online\/fi\/anime-ai-generaattori\/\">AIArtFree<\/a><\/strong><\/p>\n\n\n\n<h3 class=\"wp-block-heading\">Usein kysytyt kysymykset<\/h3>\n\n\n\n<p class=\"\"><strong>K: Mik\u00e4 on paras Anime AI Generator aloittelijoille?<\/strong> V: AIArtFree on suositeltavaa aloittelijoille helppok\u00e4ytt\u00f6isyytens\u00e4 ja ilmaisen k\u00e4ytt\u00f6mahdollisuutensa vuoksi.<\/p>\n\n\n\n<p class=\"\"><strong>K: Voinko k\u00e4ytt\u00e4\u00e4 Anime AI Generatoria kaupallisiin tarkoituksiin?<\/strong> V: Kyll\u00e4, monia Anime AI Generators -ohjelmia voi k\u00e4ytt\u00e4\u00e4 kaupallisissa projekteissa, mutta on t\u00e4rke\u00e4\u00e4 tarkistaa kunkin ty\u00f6kalun k\u00e4ytt\u00f6ehdot.<\/p>\n\n\n\n<p class=\"\"><strong>K: Miten Anime AI generaattorit toimivat?<\/strong> V: Ne k\u00e4ytt\u00e4v\u00e4t koneoppimisalgoritmeja, jotka on koulutettu suurilla anime-taidetta sis\u00e4lt\u00e4vill\u00e4 tietokannoilla, luodakseen uusia kuvia k\u00e4ytt\u00e4j\u00e4n sy\u00f6tteiden perusteella.<\/p>\n\n\n\n<p class=\"\"><strong>K: Onko Anime AI Generatorsin k\u00e4ytt\u00f6 ilmaista?<\/strong> V: Jotkin ty\u00f6kalut ovat ilmaisia, kuten AIArtFree, kun taas toiset saattavat vaatia tilauksen tai ostamisen.<\/p>\n\n\n\n<p class=\"\"><strong>K: Mink\u00e4laisia sy\u00f6tteit\u00e4 voin k\u00e4ytt\u00e4\u00e4 Anime AI Generatorin kanssa?<\/strong> V: Yleisi\u00e4 sy\u00f6tteit\u00e4 ovat valokuvat, luonnokset ja tekstikehotteet.<\/p>\n\n\n\n<p class=\"\"><strong>K: Voinko muokata luotuja anime-kuvia?<\/strong> V: Kyll\u00e4, useimmat generaattorit tarjoavat mukautusvaihtoehtoja, joiden avulla voit s\u00e4\u00e4t\u00e4\u00e4 tuotetun taiteen tyyli\u00e4 ja ominaisuuksia.<\/p>\n\n\n\n<p class=\"\"><strong>K: Mit\u00e4 eroa on teko\u00e4lykuvageneraattorilla ja Anime AI Generatorilla?<\/strong> V: Anime AI Generator on suunniteltu erityisesti anime-tyylisten kuvien luomiseen, kun taas yleinen AI-kuvageneraattori voi tuottaa erilaisia tyylej\u00e4.<\/p>\n\n\n\n<p class=\"\"><strong>K: Tarvitsenko mit\u00e4\u00e4n erityisi\u00e4 taitoja Anime AI Generatorin k\u00e4ytt\u00f6\u00f6n?<\/strong> V: Ei, n\u00e4m\u00e4 ty\u00f6kalut on suunniteltu k\u00e4ytt\u00e4j\u00e4yst\u00e4v\u00e4llisiksi ja kaikkien saatavilla oleviksi.<\/p>\n\n\n\n<p class=\"\"><strong>K: Kuinka kauan kest\u00e4\u00e4 luoda animen kuva?<\/strong> V: Generointiaika vaihtelee ty\u00f6kaluittain, mutta yleens\u00e4 se on muutamasta sekunnista muutamaan minuuttiin.<\/p>\n\n\n\n<p class=\"\"><strong>K: Voinko luoda anime-hahmoja peliini k\u00e4ytt\u00e4m\u00e4ll\u00e4 Anime AI Generatoria?<\/strong> V: Kyll\u00e4, n\u00e4m\u00e4 ty\u00f6kalut ovat erinomaisia hahmojen ja muiden videopelien resurssien luomiseen.<\/p>\n\n\n\n<h3 class=\"wp-block-heading\">P\u00e4\u00e4telm\u00e4<\/h3>\n\n\n\n<p class=\"\">Anime AI Generators ovat tehokkaita ty\u00f6kaluja, joilla voit luoda anime-tyylist\u00e4 taidetta vaivattomasti. Olitpa sitten ammattitaiteilija tai harrastaja, n\u00e4m\u00e4 generaattorit voivat auttaa sinua toteuttamaan luovia visioitasi. Parhaan kokemuksen saat k\u00e4ytt\u00e4m\u00e4ll\u00e4 <a href=\"https:\/\/aiartfree.online\/fi\/anime-ai-generaattori\/\">AIArtFree<\/a> tutustumaan teko\u00e4lyn luoman animetaiteen maailmaan.<\/p>","protected":false},"excerpt":{"rendered":"<p>Before vs After How to use Anime AI Generator Prompt Examples *&nbsp;Depending on your internet speed, loading the model may take a few seconds.* There will be caching during continuous generation, and the new image will appear after about 3 seconds. Introduction of Anime AI Generator Anime AI Generators are revolutionizing the way we create &#8230; <a title=\"Anime AI Generator\" class=\"read-more\" href=\"https:\/\/aiartfree.online\/fi\/anime-ai-generaattori\/\" aria-label=\"Lue lis\u00e4\u00e4 aiheesta Anime AI Generator\">Lue lis\u00e4\u00e4<\/a><\/p>","protected":false},"author":1,"featured_media":0,"parent":0,"menu_order":0,"comment_status":"open","ping_status":"closed","template":"","meta":{"nf_dc_page":"","footnotes":""},"class_list":["post-2876","page","type-page","status-publish"],"jetpack_sharing_enabled":true,"_links":{"self":[{"href":"https:\/\/aiartfree.online\/fi\/wp-json\/wp\/v2\/pages\/2876","targetHints":{"allow":["GET"]}}],"collection":[{"href":"https:\/\/aiartfree.online\/fi\/wp-json\/wp\/v2\/pages"}],"about":[{"href":"https:\/\/aiartfree.online\/fi\/wp-json\/wp\/v2\/types\/page"}],"author":[{"embeddable":true,"href":"https:\/\/aiartfree.online\/fi\/wp-json\/wp\/v2\/users\/1"}],"replies":[{"embeddable":true,"href":"https:\/\/aiartfree.online\/fi\/wp-json\/wp\/v2\/comments?post=2876"}],"version-history":[{"count":1,"href":"https:\/\/aiartfree.online\/fi\/wp-json\/wp\/v2\/pages\/2876\/revisions"}],"predecessor-version":[{"id":3595,"href":"https:\/\/aiartfree.online\/fi\/wp-json\/wp\/v2\/pages\/2876\/revisions\/3595"}],"wp:attachment":[{"href":"https:\/\/aiartfree.online\/fi\/wp-json\/wp\/v2\/media?parent=2876"}],"curies":[{"name":"wp","href":"https:\/\/api.w.org\/{rel}","templated":true}]}}