{"id":2853,"date":"2024-07-17T13:47:43","date_gmt":"2024-07-17T13:47:43","guid":{"rendered":"https:\/\/aiartfree.online\/?page_id=2853"},"modified":"2024-07-20T09:39:23","modified_gmt":"2024-07-20T09:39:23","slug":"free-pixar-ai-generator","status":"publish","type":"page","link":"https:\/\/aiartfree.online\/fi\/ilmainen-pixar-ai-generaattori\/","title":{"rendered":"Ilmainen Pixar AI Generator"},"content":{"rendered":"<h2 class=\"wp-block-heading\">Kuinka k\u00e4ytt\u00e4\u00e4 ilmaista Pixar AI Generatoria<\/h2>\n\n\n\n<ol class=\"wp-block-list\">\n<li class=\"\">Sy\u00f6t\u00e4 kehotteet<\/li>\n\n\n\n<li class=\"\">Napsauta \"Suorita\"<\/li>\n\n\n\n<li class=\"\">Hetkinen, siin\u00e4 se on!<\/li>\n<\/ol>\n\n\n\n<p class=\"\"><em>* Internetin nopeudesta riippuen mallin lataaminen voi kest\u00e4\u00e4 muutaman sekunnin.<br>* Jatkuvan luomisen aikana tapahtuu v\u00e4limuistitallennusta, ja uusi kuva tulee n\u00e4kyviin noin 3 sekunnin kuluttua.<\/em><\/p>\n\n\n\n<h3 class=\"wp-block-heading\">Esimerkki Sy\u00f6tt\u00f6<\/h3>\n\n\n\n<ul class=\"wp-block-list\">\n<li class=\"\">Nuori mies, jolla on vaaleanruskeat aaltoilevat hiukset ja vaaleanruskeat silm\u00e4t, istuu nojatuolissa ja katsoo suoraan kameraan, pixar-tyyli, disney pixar, toimistotausta, eritt\u00e4in yksityiskohtainen, 1 mies<\/li>\n\n\n\n<li class=\"\">Sarjakuva 3D aurinkoinen kirkas Pixar-tyylinen kuva : supersankari : t\u00e4ysi puku : elokuvamainen -ar 68:128 -stylize 750 -v 5.2<\/li>\n\n\n\n<li class=\"\">3d kuva, s\u00f6p\u00f6 tytt\u00f6, Pixarin tyyliin, -ar 1:2 ,-stylize 750.<\/li>\n<\/ul>\n\n\n\n<div style=\"text-align: center; border: 2px solid; border-image-source: linear-gradient(to right, #16b86c, #912899); border-image-slice: 1; box-shadow: 0 0 10px rgba(0, 0, 0, 0.1); border-radius: 15px;\">\n  <iframe loading=\"lazy\"\n    src=\"https:\/\/ucanbaklava-stablediffusionapi-disney-pixar-cartoon.hf.space\"\n    frameborder=\"0\"\n    width=\"800\"\n    height=\"500\"\n    style=\"display: inline-block; margin: 0 auto;\"\n  ><\/iframe>\n<\/div>\n\n\n\n<div style=\"height:50px\" aria-hidden=\"true\" class=\"wp-block-spacer\"><\/div>\n\n\n\n<h2 class=\"wp-block-heading\" id=\"introduction-of-free-online-pixar-ai-generator\"><strong>Ilmaisen Pixar AI generaattorin k\u00e4ytt\u00f6\u00f6notto<\/strong><\/h2>\n\n\n\n<figure class=\"wp-block-image size-full is-resized\"><img data-recalc-dims=\"1\" decoding=\"async\" width=\"938\" height=\"626\"   loading=\"lazy\" src=\"https:\/\/i0.wp.com\/aiartfree.online\/wp-content\/uploads\/2024\/07\/WX20240717-174206%402x.jpg?resize=938%2C626&#038;ssl=1\" alt=\"Ilmainen online Pixar AI Generator\" class=\"wp-image-2852\" style=\"width:530px;height:auto\" srcset=\"https:\/\/i0.wp.com\/aiartfree.online\/wp-content\/uploads\/2024\/07\/WX20240717-174206%402x.jpg?w=938&amp;ssl=1 938w, https:\/\/i0.wp.com\/aiartfree.online\/wp-content\/uploads\/2024\/07\/WX20240717-174206%402x.jpg?resize=300%2C200&amp;ssl=1 300w, https:\/\/i0.wp.com\/aiartfree.online\/wp-content\/uploads\/2024\/07\/WX20240717-174206%402x.jpg?resize=768%2C513&amp;ssl=1 768w, https:\/\/i0.wp.com\/aiartfree.online\/wp-content\/uploads\/2024\/07\/WX20240717-174206%402x.jpg?resize=18%2C12&amp;ssl=1 18w, https:\/\/i0.wp.com\/aiartfree.online\/wp-content\/uploads\/2024\/07\/WX20240717-174206%402x.jpg?resize=600%2C400&amp;ssl=1 600w\" sizes=\"auto, (max-width: 938px) 100vw, 938px\" \/><\/figure>\n\n\n\n<h3 class=\"wp-block-heading\" id=\"what-is-a-free-online-pixar-ai-generator\"><a href=\"https:\/\/dromerosm-groq-llama3.hf.space\/#what-is-a-free-online-pixar-ai-generator\" target=\"_blank\" rel=\"noopener\"><\/a><strong>Mik\u00e4 on ilmainen Pixar AI Generator?<\/strong><\/h3>\n\n\n\n<p class=\"\">Ilmainen online Pixar AI Generator on ty\u00f6kalu, jonka avulla k\u00e4ytt\u00e4j\u00e4t voivat luoda Pixar-tyylisi\u00e4 taideteoksia teko\u00e4lyn avulla ilman taloudellisia kustannuksia. T\u00e4m\u00e4 innovatiivinen teknologia hy\u00f6dynt\u00e4\u00e4 koneoppimisalgoritmeja luodakseen upeita animaatioita ja kuvia, jotka muistuttavat Pixarin rakastettuja elokuvia.<\/p>\n\n\n\n<p class=\"\"><strong>Sis\u00e4llysluettelo<\/strong><\/p>\n\n\n\n<ol class=\"wp-block-list\">\n<li class=\"\"><a href=\"https:\/\/dromerosm-groq-llama3.hf.space\/#what-is-a-free-online-pixar-ai-generator\" target=\"_blank\" rel=\"noopener\">Mik\u00e4 on ilmainen online Pixar AI Generator?<\/a><\/li>\n\n\n\n<li class=\"\"><a href=\"https:\/\/dromerosm-groq-llama3.hf.space\/#why-use-a-free-online-pixar-ai-generator\" target=\"_blank\" rel=\"noopener\">Miksi k\u00e4ytt\u00e4\u00e4 ilmaista Pixar AI Generatoria?<\/a><\/li>\n\n\n\n<li class=\"\"><a href=\"https:\/\/dromerosm-groq-llama3.hf.space\/#benefits-of-using-a-free-online-pixar-ai-generator\" target=\"_blank\" rel=\"noopener\">Ilmaisen Pixar AI Generator -ohjelman k\u00e4yt\u00f6n hy\u00f6dyt<\/a><\/li>\n\n\n\n<li class=\"\"><a href=\"https:\/\/dromerosm-groq-llama3.hf.space\/#when-to-use-a-free-online-pixar-ai-generator\" target=\"_blank\" rel=\"noopener\">Milloin kannattaa k\u00e4ytt\u00e4\u00e4 ilmaista Pixar AI -generaattoria netiss\u00e4<\/a><\/li>\n\n\n\n<li class=\"\"><a href=\"https:\/\/dromerosm-groq-llama3.hf.space\/#who-can-benefit-from-a-free-online-pixar-ai-generator\" target=\"_blank\" rel=\"noopener\">Kuka voi hy\u00f6ty\u00e4 ilmaisesta Pixar AI Generatorista?<\/a><\/li>\n\n\n\n<li class=\"\"><a href=\"https:\/\/dromerosm-groq-llama3.hf.space\/#related-information-and-tools\" target=\"_blank\" rel=\"noopener\">Aiheeseen liittyv\u00e4\u00e4 tietoa ja ty\u00f6kaluja<\/a><\/li>\n\n\n\n<li class=\"\"><a href=\"https:\/\/dromerosm-groq-llama3.hf.space\/#faqs\" target=\"_blank\" rel=\"noopener\">UKK<\/a><\/li>\n<\/ol>\n\n\n\n<h3 class=\"wp-block-heading\" id=\"why-use-a-free-online-pixar-ai-generator\"><a href=\"https:\/\/dromerosm-groq-llama3.hf.space\/#why-use-a-free-online-pixar-ai-generator\" target=\"_blank\" rel=\"noopener\"><\/a><strong>Miksi k\u00e4ytt\u00e4\u00e4 ilmaista Pixar AI Generatoria?<\/strong><\/h3>\n\n\n\n<p class=\"\">Kun korkealaatuisen visuaalisen materiaalin kysynt\u00e4 eri teollisuudenaloilla kasvaa, ilmainen Pixar AI Generator voi olla ratkaiseva tekij\u00e4. T\u00e4m\u00e4n ty\u00f6kalun avulla yksityishenkil\u00f6t voivat luoda upeita animaatioita ja kuvia ilman, ett\u00e4 he tarvitsevat laajaa kokemusta graafisesta suunnittelusta. Lis\u00e4ksi se s\u00e4\u00e4st\u00e4\u00e4 aikaa ja resursseja, mik\u00e4 tekee siit\u00e4 houkuttelevan vaihtoehdon kiireisille ammattilaisille ja yritt\u00e4jille.<\/p>\n\n\n\n<h3 class=\"wp-block-heading\" id=\"benefits-of-using-a-free-online-pixar-ai-generator\"><a href=\"https:\/\/dromerosm-groq-llama3.hf.space\/#benefits-of-using-a-free-online-pixar-ai-generator\" target=\"_blank\" rel=\"noopener\"><\/a><strong>Ilmaisen Pixar AI Generatorin k\u00e4yt\u00f6n edut<\/strong><\/h3>\n\n\n\n<p class=\"\">Joitakin ilmaisen Pixar AI Generatorin k\u00e4yt\u00f6n etuja ovat:<\/p>\n\n\n\n<ul class=\"wp-block-list\">\n<li class=\"\"><strong>Kustannustehokas<\/strong>: Ei tarvitse k\u00e4ytt\u00e4\u00e4 rahaa kalliisiin graafisiin ohjelmiin tai palkata ammattitaitoista suunnittelijaa.<\/li>\n\n\n\n<li class=\"\"><strong>Ajan s\u00e4\u00e4st\u00f6<\/strong>: Luo nopeasti korkealaatuista visuaalista materiaalia pienell\u00e4 vaivalla.<\/li>\n\n\n\n<li class=\"\"><strong>Saavutettavuus<\/strong>: Ty\u00f6kalun k\u00e4ytt\u00e4minen ei edellyt\u00e4 aiempaa kokemusta graafisesta suunnittelusta.<\/li>\n\n\n\n<li class=\"\"><strong>Joustavuus<\/strong>: Voidaan k\u00e4ytt\u00e4\u00e4 eri tarkoituksiin, kuten sosiaaliseen mediaan, mainontaan ja koulutukseen.<\/li>\n<\/ul>\n\n\n\n<h3 class=\"wp-block-heading\" id=\"when-to-use-a-free-online-pixar-ai-generator\"><a href=\"https:\/\/dromerosm-groq-llama3.hf.space\/#when-to-use-a-free-online-pixar-ai-generator\" target=\"_blank\" rel=\"noopener\"><\/a><strong>Milloin kannattaa k\u00e4ytt\u00e4\u00e4 ilmaista Pixar AI -generaattoria<\/strong><\/h3>\n\n\n\n<p class=\"\">Ilmaista online Pixar AI Generatoria voidaan k\u00e4ytt\u00e4\u00e4 erilaisissa tilanteissa, kuten:<\/p>\n\n\n\n<ul class=\"wp-block-list\">\n<li class=\"\"><strong>Sosiaalisen median markkinointi<\/strong>: Luo houkuttelevaa visuaalista materiaalia sosiaalisen median kampanjoihin.<\/li>\n\n\n\n<li class=\"\"><strong>Mainonta<\/strong>: Kehit\u00e4 huomiota her\u00e4tt\u00e4vi\u00e4 mainoksia online- ja offline-promootioita varten.<\/li>\n\n\n\n<li class=\"\"><strong>Koulutus<\/strong>: Hy\u00f6dynn\u00e4 ty\u00f6kalua opetusmateriaalien, kuten videoiden ja infografiikoiden, luomiseen.<\/li>\n\n\n\n<li class=\"\"><strong>Sis\u00e4ll\u00f6n luominen<\/strong>: Luo visuaalista materiaalia blogikirjoituksiin, videoihin ja muuhun verkkosis\u00e4lt\u00f6\u00f6n.<\/li>\n<\/ul>\n\n\n\n<h3 class=\"wp-block-heading\" id=\"who-can-benefit-from-a-free-online-pixar-ai-generator\"><a href=\"https:\/\/dromerosm-groq-llama3.hf.space\/#who-can-benefit-from-a-free-online-pixar-ai-generator\" target=\"_blank\" rel=\"noopener\"><\/a><strong>Kuka voi hy\u00f6ty\u00e4 ilmaisesta Pixar AI Generatorista?<\/strong><\/h3>\n\n\n\n<p class=\"\">Eri toimialojen ja ammattien edustajat voivat hy\u00f6ty\u00e4 ilmaisen Pixar AI Generatorin k\u00e4yt\u00f6st\u00e4, mukaan lukien:<\/p>\n\n\n\n<ul class=\"wp-block-list\">\n<li class=\"\"><strong>Markkinoijat<\/strong>: Luo houkuttelevaa visuaalista materiaalia sosiaaliseen mediaan ja mainoskampanjoihin.<\/li>\n\n\n\n<li class=\"\"><strong>Kouluttajat<\/strong>: Kehit\u00e4 vuorovaikutteista ja mukaansatempaavaa opetusmateriaalia.<\/li>\n\n\n\n<li class=\"\"><strong>Sis\u00e4ll\u00f6ntuottajat<\/strong>: Luo korkealaatuista visuaalista materiaalia blogikirjoituksiin, videoihin ja muuhun verkkosis\u00e4lt\u00f6\u00f6n.<\/li>\n\n\n\n<li class=\"\"><strong>Yritt\u00e4j\u00e4t<\/strong>: Ty\u00f6kalun avulla voit luoda upeaa visuaalista materiaalia yritysten mainontaan ja myynninedist\u00e4miseen.<\/li>\n<\/ul>\n\n\n\n<h3 class=\"wp-block-heading\" id=\"related-information-and-tools\"><a href=\"https:\/\/dromerosm-groq-llama3.hf.space\/#related-information-and-tools\" target=\"_blank\" rel=\"noopener\"><\/a><strong>Aiheeseen liittyv\u00e4\u00e4 tietoa ja ty\u00f6kaluja<\/strong><\/h3>\n\n\n\n<p class=\"\">T\u00e4ss\u00e4 on 10 verkkosivustoa, jotka tarjoavat tietoa ja ty\u00f6kaluja, jotka liittyv\u00e4t ilmaisiin Pixar AI -generaattoreihin:<\/p>\n\n\n\n<figure class=\"wp-block-table\"><table class=\"has-fixed-layout\"><thead><tr><th>Verkkosivusto<\/th><th>Kuvaus<\/th><\/tr><\/thead><tbody><tr><td><a href=\"https:\/\/aiartfree.online\/fi\/free-online-pixar-ai-generator\/\" target=\"_blank\" rel=\"noreferrer noopener\">aiartfree.online<\/a><\/td><td>Tarjoaa ilmaisen online Pixar AI -generaattorin, jossa on erilaisia malleja ja malleja.<\/td><\/tr><tr><td><a href=\"https:\/\/pix2pix.io\/\" target=\"_blank\" rel=\"noreferrer noopener nofollow\">pix2pix.io<\/a><\/td><td>Alusta, joka k\u00e4ytt\u00e4\u00e4 teko\u00e4ly\u00e4 luodakseen kuvia luonnoksista.<\/td><\/tr><tr><td><a href=\"https:\/\/deepdreamgenerator.com\/\" target=\"_blank\" rel=\"noreferrer noopener nofollow\">deepdreamgenerator.com<\/a><\/td><td>Verkkopohjainen ty\u00f6kalu, joka k\u00e4ytt\u00e4\u00e4 teko\u00e4ly\u00e4 surrealististen kuvien luomiseen.<\/td><\/tr><tr><td><a href=\"https:\/\/www.artbreeder.com\/\" target=\"_blank\" rel=\"noreferrer noopener nofollow\">artbreeder.com<\/a><\/td><td>Alusta, jonka avulla k\u00e4ytt\u00e4j\u00e4t voivat luoda ja kehitt\u00e4\u00e4 alkuper\u00e4isi\u00e4 taideteoksia teko\u00e4lyn avulla.<\/td><\/tr><tr><td><a href=\"https:\/\/ganbreeder.app\/\" target=\"_blank\" rel=\"noreferrer noopener nofollow\">ganbreeder.app<\/a><\/td><td>Verkkopohjainen ty\u00f6kalu, joka k\u00e4ytt\u00e4\u00e4 teko\u00e4ly\u00e4 taideteosten luomiseen.<\/td><\/tr><tr><td><a href=\"https:\/\/prism.app\/\" target=\"_blank\" rel=\"noreferrer noopener nofollow\">prism.app<\/a><\/td><td>Alusta, joka tarjoaa teko\u00e4lyk\u00e4ytt\u00f6isi\u00e4 suunnitteluty\u00f6kaluja, kuten Pixar-tyylisen generaattorin.<\/td><\/tr><tr><td><a href=\"https:\/\/adicraft.org\/\" target=\"_blank\" rel=\"noreferrer noopener nofollow\">adicraft.org<\/a><\/td><td>Voittoa tavoittelematon j\u00e4rjest\u00f6, joka tarjoaa teko\u00e4lyll\u00e4 toimivia suunnitteluty\u00f6kaluja, kuten Pixar-tyylisen generaattorin.<\/td><\/tr><tr><td><a href=\"https:\/\/aiartist.io\/\" target=\"_blank\" rel=\"noreferrer noopener nofollow\">aiartist.io<\/a><\/td><td>Alusta, joka tarjoaa teko\u00e4lyk\u00e4ytt\u00f6isi\u00e4 suunnitteluty\u00f6kaluja, kuten Pixar-tyylisen generaattorin.<\/td><\/tr><tr><td><a href=\"https:\/\/ai-generated-art.org\/\" target=\"_blank\" rel=\"noreferrer noopener nofollow\">_AI-generated-art.org<\/a><\/td><td>Sivusto, joka tarjoaa tietoa ja resursseja teko\u00e4lyn tuottamasta taiteesta.<\/td><\/tr><tr><td><a href=\"https:\/\/generative-art.org\/\" target=\"_blank\" rel=\"noreferrer noopener nofollow\">generative-art.org<\/a><\/td><td>Verkkosivusto, joka tarjoaa tietoa ja resursseja generatiivisesta taiteesta.<\/td><\/tr><\/tbody><\/table><\/figure>\n\n\n\n<p class=\"\"><strong>Edut, haitat, vahvuudet, heikkoudet ja suositukset<\/strong><\/p>\n\n\n\n<ul class=\"wp-block-list\">\n<li class=\"\"><strong>Edut<\/strong>: Kustannustehokas, aikaa s\u00e4\u00e4st\u00e4v\u00e4, helppok\u00e4ytt\u00f6inen ja joustava.<\/li>\n\n\n\n<li class=\"\"><strong>Haitat<\/strong>: Rajalliset r\u00e4\u00e4t\u00e4l\u00f6intimahdollisuudet, riippuvuus teko\u00e4lyalgoritmeista ja mahdolliset laatuongelmat.<\/li>\n\n\n\n<li class=\"\"><strong>Vahvuudet<\/strong>: Voi tuottaa korkealaatuista visuaalista materiaalia, ihanteellinen kiireisille ammattilaisille ja yritt\u00e4jille.<\/li>\n\n\n\n<li class=\"\"><strong>Heikkoudet<\/strong>: Voi edellytt\u00e4\u00e4 jonkin verran graafisen suunnittelun tuntemusta, rajoitettu tuotoksen hallinta.<\/li>\n\n\n\n<li class=\"\"><strong>Suositus<\/strong>: K\u00e4yt\u00e4 hyv\u00e4maineista verkkoalustaa, kuten aiartfree.online, laadukkaan Pixar-tyylisen visuaalisen materiaalin tuottamiseen.<\/li>\n<\/ul>\n\n\n\n<h3 class=\"wp-block-heading\" id=\"faqs\"><a href=\"https:\/\/dromerosm-groq-llama3.hf.space\/#faqs\" target=\"_blank\" rel=\"noopener\"><\/a><strong>UKK<\/strong><\/h3>\n\n\n\n<ol class=\"wp-block-list\">\n<li class=\"\"><strong>K: Onko ilmaista Pixar AI Generatoria helppo k\u00e4ytt\u00e4\u00e4?<\/strong>&nbsp;V: Kyll\u00e4, useimmat verkkoalustat tarjoavat k\u00e4ytt\u00e4j\u00e4yst\u00e4v\u00e4llisi\u00e4 k\u00e4ytt\u00f6liittymi\u00e4, jotka vaativat vain v\u00e4h\u00e4n kokemusta graafisesta suunnittelusta.<\/li>\n\n\n\n<li class=\"\"><strong>K: Voinko muokata ilmaisen Pixar AI Generatorin tulostetta?<\/strong>&nbsp;V: Kyll\u00e4, useimmat alustat tarjoavat mukautusvaihtoehtoja, kuten v\u00e4rimaailmoja ja malleja.<\/li>\n\n\n\n<li class=\"\"><strong>K: Ovatko ilmaiset Pixarin teko\u00e4lygeneraattorit vain ammattilaisille?<\/strong>&nbsp;V: Ei, kuka tahansa voi k\u00e4ytt\u00e4\u00e4 n\u00e4it\u00e4 ty\u00f6kaluja, my\u00f6s yksityishenkil\u00f6t, yritt\u00e4j\u00e4t ja opettajat.<\/li>\n\n\n\n<li class=\"\"><strong>K: Voinko k\u00e4ytt\u00e4\u00e4 ilmaista Pixar AI Generatoria kaupallisiin tarkoituksiin?<\/strong>&nbsp;V: Kyll\u00e4, useimmat alustat sallivat kaupallisen k\u00e4yt\u00f6n, mutta muista tarkistaa k\u00e4ytt\u00f6ehdot.<\/li>\n\n\n\n<li class=\"\"><strong>K: Kuinka kauan kest\u00e4\u00e4 luoda kuva ilmaisella Pixar AI Generatorilla?<\/strong>&nbsp;V: K\u00e4sittelyaika vaihtelee alustasta ja suunnittelun monimutkaisuudesta riippuen.<\/li>\n\n\n\n<li class=\"\"><strong>K: Voinko ladata omia kuvia ilmaiseen Pixar AI Generatoriin?<\/strong>&nbsp;V: Kyll\u00e4, joillakin alustoilla k\u00e4ytt\u00e4j\u00e4t voivat ladata omia kuviaan muokattavaksi ja parannettavaksi.<\/li>\n\n\n\n<li class=\"\"><strong>K: Ovatko ilmaiset Pixar AI -generaattorit kalliita?<\/strong>&nbsp;V: Ei, useimmat alustat tarjoavat ilmaisia tai edullisia palveluja, ja jotkut tarjoavat maksullisia lis\u00e4ominaisuuksia.<\/li>\n\n\n\n<li class=\"\"><strong>K: Voinko k\u00e4ytt\u00e4\u00e4 ilmaista Pixar AI Generatoria koulutustarkoituksiin?<\/strong>&nbsp;V: Kyll\u00e4, monet alustat tarjoavat oppilaille ja opettajille opetusresursseja ja -ty\u00f6kaluja.<\/li>\n\n\n\n<li class=\"\"><strong>K: Miten ilmainen Pixar AI Generator toimii?<\/strong>&nbsp;V: N\u00e4m\u00e4 ty\u00f6kalut k\u00e4ytt\u00e4v\u00e4t koneoppimisalgoritmeja luodakseen kuvia k\u00e4ytt\u00e4j\u00e4n sy\u00f6tteiden ja suunnittelumallien perusteella.<\/li>\n\n\n\n<li class=\"\"><strong>Kysymys: Soveltuuko ilmainen Pixar AI Generator sosiaalisen median markkinointiin?<\/strong>&nbsp;V: Kyll\u00e4, n\u00e4it\u00e4 ty\u00f6kaluja voi k\u00e4ytt\u00e4\u00e4 luomaan kiinnostavaa visuaalista materiaalia sosiaalisen median kampanjoihin.<\/li>\n<\/ol>","protected":false},"excerpt":{"rendered":"<p>How to use the Free Pixar AI Generator *&nbsp;Depending on your internet speed, loading the model may take a few seconds.* There will be caching during continuous generation, and the new image will appear after about 3 seconds. Example Input Introduction of Free Pixar AI Generator What is a Free Pixar AI Generator? A Free &#8230; <a title=\"Ilmainen Pixar AI Generator\" class=\"read-more\" href=\"https:\/\/aiartfree.online\/fi\/ilmainen-pixar-ai-generaattori\/\" aria-label=\"Lue lis\u00e4\u00e4 aiheesta Free Pixar AI Generator\">Lue lis\u00e4\u00e4<\/a><\/p>","protected":false},"author":1,"featured_media":0,"parent":0,"menu_order":0,"comment_status":"open","ping_status":"closed","template":"","meta":{"nf_dc_page":"","footnotes":""},"class_list":["post-2853","page","type-page","status-publish"],"jetpack_sharing_enabled":true,"_links":{"self":[{"href":"https:\/\/aiartfree.online\/fi\/wp-json\/wp\/v2\/pages\/2853","targetHints":{"allow":["GET"]}}],"collection":[{"href":"https:\/\/aiartfree.online\/fi\/wp-json\/wp\/v2\/pages"}],"about":[{"href":"https:\/\/aiartfree.online\/fi\/wp-json\/wp\/v2\/types\/page"}],"author":[{"embeddable":true,"href":"https:\/\/aiartfree.online\/fi\/wp-json\/wp\/v2\/users\/1"}],"replies":[{"embeddable":true,"href":"https:\/\/aiartfree.online\/fi\/wp-json\/wp\/v2\/comments?post=2853"}],"version-history":[{"count":0,"href":"https:\/\/aiartfree.online\/fi\/wp-json\/wp\/v2\/pages\/2853\/revisions"}],"wp:attachment":[{"href":"https:\/\/aiartfree.online\/fi\/wp-json\/wp\/v2\/media?parent=2853"}],"curies":[{"name":"wp","href":"https:\/\/api.w.org\/{rel}","templated":true}]}}