{"id":2807,"date":"2022-05-10T20:36:42","date_gmt":"2022-05-10T19:36:42","guid":{"rendered":"https:\/\/gp-inbound.wordifysites.com\/?page_id=82"},"modified":"2024-07-18T10:49:06","modified_gmt":"2024-07-18T10:49:06","slug":"contact-free-ai-art-generator","status":"publish","type":"page","link":"https:\/\/aiartfree.online\/fi\/yhteydenotto-ilmainen-ai-art-generaattori\/","title":{"rendered":"Ota yhteytt\u00e4"},"content":{"rendered":"<figure class=\"gb-block-image gb-block-image-6abc9adb\"><img data-recalc-dims=\"1\" decoding=\"async\" loading=\"lazy\" width=\"1200\" height=\"675\" class=\"gb-image gb-image-6abc9adb\" src=\"https:\/\/i0.wp.com\/aiartfree.online\/wp-content\/uploads\/2023\/03\/map.jpg?resize=1200%2C675&#038;ssl=1\" alt=\"\" title=\"kartta\" srcset=\"https:\/\/i0.wp.com\/aiartfree.online\/wp-content\/uploads\/2023\/03\/map.jpg?w=1980&amp;ssl=1 1980w, https:\/\/i0.wp.com\/aiartfree.online\/wp-content\/uploads\/2023\/03\/map.jpg?resize=600%2C338&amp;ssl=1 600w, https:\/\/i0.wp.com\/aiartfree.online\/wp-content\/uploads\/2023\/03\/map.jpg?resize=300%2C169&amp;ssl=1 300w, https:\/\/i0.wp.com\/aiartfree.online\/wp-content\/uploads\/2023\/03\/map.jpg?resize=1024%2C576&amp;ssl=1 1024w, https:\/\/i0.wp.com\/aiartfree.online\/wp-content\/uploads\/2023\/03\/map.jpg?resize=768%2C432&amp;ssl=1 768w, https:\/\/i0.wp.com\/aiartfree.online\/wp-content\/uploads\/2023\/03\/map.jpg?resize=1536%2C864&amp;ssl=1 1536w, https:\/\/i0.wp.com\/aiartfree.online\/wp-content\/uploads\/2023\/03\/map.jpg?resize=18%2C10&amp;ssl=1 18w\" sizes=\"auto, (max-width: 1200px) 100vw, 1200px\" \/><\/figure>\n\n\n<section class=\"gb-container gb-container-efcc007f\">\n\n<h2 class=\"gb-headline gb-headline-887ae2d8 gb-headline-text\">Ota yhteytt\u00e4<\/h2>\n\n\n\n<p class=\"gb-headline gb-headline-c307d429 gb-headline-text\">Tervetuloa Free AI Art Generatoriin, jossa luovuuden rajat kohtaavat teko\u00e4lyn voiman! \ud83e\udd16<br>Haluamme intohimoisesti tuoda kehittyneet teko\u00e4lyalgoritmit ja -ty\u00f6kalut kaikkien saataville ja antaa taiteilijoille ja luovan ty\u00f6n tekij\u00f6ille mahdollisuuden luoda upeita teko\u00e4lyn luomia kuvia ja taideteoksia ilmaiseksi. Huipputeknologiamme avulla voit tutustua muun muassa generatiivisen teko\u00e4lyn ja stabiilin diffuusion maailmaan ja p\u00e4\u00e4st\u00e4\u00e4 mielikuvituksesi valloilleen ennenn\u00e4kem\u00e4tt\u00f6m\u00e4ll\u00e4 tavalla.<\/p>\n\n\n<div class=\"gb-container gb-container-93e859dc\">\n<div class=\"gb-container gb-container-16e44cdc\">\n\n<h2 class=\"gb-headline gb-headline-387184d6 gb-headline-text\">Ota yhteytt\u00e4 meihin<\/h2>\n\n\n\n<ul class=\"wp-block-list\">\n<li class=\"\">Yleiset tiedustelut tai palaute teko\u00e4lyk\u00e4ytt\u00f6isist\u00e4 taidety\u00f6kaluistamme ja -generaattoreistamme.<\/li>\n\n\n\n<li class=\"\">Kumppanuus- tai yhteisty\u00f6mahdollisuudet<\/li>\n\n\n\n<li class=\"\">Tekninen tuki tai apu teko\u00e4lyn tuottaman taiteen luomisessa<\/li>\n\n\n\n<li class=\"\">Ehdotukset uusista ominaisuuksista tai integroitavista teko\u00e4lyalgoritmeista.<\/li>\n\n\n\n<li class=\"\">Mahdolliset muut kysymykset tai kommentit<\/li>\n<\/ul>\n\n\n\n<p class=\"gb-headline gb-headline-5b255efd\"><span class=\"gb-icon\"><svg viewbox=\"0 0 368.666 368.666\" xmlns=\"http:\/\/www.w3.org\/2000\/svg\"><path d=\"M184.333 0C102.011 0 35.037 66.974 35.037 149.297c0 33.968 11.132 65.959 32.193 92.515C94.5 276.195 173.8 357.833 177.164 361.291l7.169 7.375 7.17-7.374c3.363-3.459 82.688-85.116 109.963-119.51 21.042-26.534 32.164-58.515 32.164-92.485C333.63 66.974 266.656 0 184.333 0zm101.464 229.355c-21.957 27.687-80.921 89.278-101.463 110.581-20.54-21.302-79.482-82.875-101.434-110.552-18.23-22.984-27.863-50.677-27.863-80.087C55.037 78.002 113.039 20 184.333 20S313.63 78.002 313.63 149.297c0 29.411-9.625 57.095-27.833 80.058z\"><\/path><path d=\"M184.333 59.265c-48.729 0-88.374 39.645-88.374 88.374s39.644 88.374 88.374 88.374 88.374-39.644 88.374-88.374c.001-48.73-39.644-88.374-88.374-88.374zm0 156.748c-37.701 0-68.374-30.672-68.374-68.374s30.672-68.374 68.374-68.374 68.374 30.672 68.374 68.374c.001 37.701-30.673 68.374-68.374 68.374z\"><\/path><path d=\"m180.672 154.314-25.112-19.98-12.453 15.652 40.69 32.371 43.333-53.934-15.593-12.526z\"><\/path><\/svg><\/span><span class=\"gb-headline-text\">12 Princes Street, Edinburgh, EH6 1AL, Yhdistynyt kuningaskunta<\/span><\/p>\n\n<\/div>\n\n<div class=\"gb-container gb-container-d4701180\">\n\n<h3 class=\"gb-headline gb-headline-8c73a68a gb-headline-text\">Pudota meille Mail<\/h3>\n\n\n\n<p class=\"gb-headline gb-headline-b1839c0f gb-headline-text\">Haluaisimme kuulla sinusta! Olitpa sitten taiteilija, joka etsii inspiraatiota, yritys, joka etsii innovatiivisia ratkaisuja, tai yksinkertaisesti joku, jota taiteen ja teknologian risteys kiehtoo, me olemme t\u00e4\u00e4ll\u00e4 kuuntelemassa ja auttamassa.<\/p>\n\n\n<div class=\"wpforms-container wpforms-container-full wpforms-block wpforms-block-f9bd5ff9-c080-4a61-b9d1-8c53773b3bdc wpforms-render-modern\" id=\"wpforms-2489\"><form id=\"wpforms-form-2489\" class=\"wpforms-validate wpforms-form\" data-formid=\"2489\" method=\"post\" enctype=\"multipart\/form-data\" action=\"\/fi\/wp-json\/wp\/v2\/pages\/2807\" data-token=\"5297f783885c807ff9921114f96bfa8a\" data-token-time=\"1776973627\" data-trp-original-action=\"\/fi\/wp-json\/wp\/v2\/pages\/2807\"><noscript class=\"wpforms-error-noscript\">Please enable JavaScript in your browser to complete this form.<\/noscript><div id=\"wpforms-error-noscript\" style=\"display: none;\">Please enable JavaScript in your browser to complete this form.<\/div><div class=\"wpforms-field-container\"><div id=\"wpforms-2489-field_0-container\" class=\"wpforms-field wpforms-field-name\" data-field-id=\"0\"><label class=\"wpforms-field-label\" for=\"wpforms-2489-field_0\">Nimi <span class=\"wpforms-required-label\" aria-hidden=\"true\">*<\/span><\/label><input type=\"text\" id=\"wpforms-2489-field_0\" class=\"wpforms-field-medium wpforms-field-required\" name=\"wpforms[fields][0]\" aria-errormessage=\"wpforms-2489-field_0-error\" required><\/div><div id=\"wpforms-2489-field_1-container\" class=\"wpforms-field wpforms-field-email\" data-field-id=\"1\"><label class=\"wpforms-field-label\" for=\"wpforms-2489-field_1\">S\u00e4hk\u00f6posti <span class=\"wpforms-required-label\" aria-hidden=\"true\">*<\/span><\/label><input type=\"email\" id=\"wpforms-2489-field_1\" class=\"wpforms-field-medium wpforms-field-required\" name=\"wpforms[fields][1]\" spellcheck=\"false\" aria-errormessage=\"wpforms-2489-field_1-error\" required><\/div><div id=\"wpforms-2489-field_2-container\" class=\"wpforms-field wpforms-field-textarea\" data-field-id=\"2\"><label class=\"wpforms-field-label\" for=\"wpforms-2489-field_2\">Kommentti tai viesti <span class=\"wpforms-required-label\" aria-hidden=\"true\">*<\/span><\/label><textarea id=\"wpforms-2489-field_2\" class=\"wpforms-field-medium wpforms-field-required\" name=\"wpforms[fields][2]\" aria-errormessage=\"wpforms-2489-field_2-error\" required><\/textarea><\/div><\/div><!-- .wpforms-field-container --><div class=\"wpforms-submit-container\" ><input type=\"hidden\" name=\"wpforms[id]\" value=\"2489\"><input type=\"hidden\" name=\"page_title\" value=\"\"><input type=\"hidden\" name=\"page_url\" value=\"https:\/\/aiartfree.online\/fi\/wp-json\/wp\/v2\/pages\/2807\"><input type=\"hidden\" name=\"url_referer\" value=\"\"><button type=\"submit\" name=\"wpforms[submit]\" id=\"wpforms-submit-2489\" class=\"wpforms-submit\" data-alt-text=\"Sending...\" data-submit-text=\"Submit\" aria-live=\"assertive\" value=\"wpforms-submit\">L\u00e4het\u00e4<\/button><\/div><input type=\"hidden\" name=\"trp-form-language\" value=\"fi\"\/><\/form><\/div>  <!-- .wpforms-container -->\n<\/div>\n<\/div>\n\n\n<div style=\"height:40px\" aria-hidden=\"true\" class=\"wp-block-spacer\"><\/div>\n\n\n\n<h2 class=\"gb-headline gb-headline-f952b484 gb-headline-text\"><strong>Miksi valita ilmainen AI Art Generator?<\/strong><\/h2>\n\n\n\n<p class=\"has-text-align-center\">Sitoutumisemme ilmaisten teko\u00e4lyty\u00f6kalujen ja -generaattoreiden tarjoamiseen yhdistettyn\u00e4 intohimoon innovaatioita ja k\u00e4ytt\u00e4j\u00e4kokemusta kohtaan erottaa meid\u00e4t muista. Huippuluokan teko\u00e4lyalgoritmiemme ja intuitiivisen k\u00e4ytt\u00f6liittym\u00e4mme avulla voit luoda upeita teko\u00e4lyll\u00e4 tuotettuja taideteoksia helposti ja tutkia tekstikehotteiden, kuvan suurennuksen ja muiden mahdollisuuksien kaikkia mahdollisuuksia.<br><\/p>\n\n\n\n<div style=\"height:40px\" aria-hidden=\"true\" class=\"wp-block-spacer\"><\/div>\n\n\n\n<h2 class=\"gb-headline gb-headline-04a855f0 gb-headline-text\"><strong>Aloita luominen ilmaisella AI Art Generatorilla t\u00e4n\u00e4\u00e4n!<\/strong><\/h2>\n\n\n\n<p class=\"has-text-align-center\">K\u00e4y meid\u00e4n <a href=\"https:\/\/aiartfree.online\/fi\/\" target=\"_blank\" data-type=\"page\" data-id=\"2853\" rel=\"noreferrer noopener\">kotisivu<\/a> tutustumaan ilmaisen teko\u00e4lytaiteen luomisen maailmaan ja l\u00f6yt\u00e4m\u00e4\u00e4n teko\u00e4lyn luomien kuvien, el\u00e4vien v\u00e4rien ja taiteellisen ilmaisun loputtomat mahdollisuudet!<\/p>\n\n\n\n<p class=\"has-text-align-center\">Muista, ett\u00e4 Free AI Art Generator on omistautunut luovuuden vahvistamiselle ja teko\u00e4lyk\u00e4ytt\u00f6isten taidety\u00f6kalujen mahdollisuuksien rajojen laajentamiselle. Ota yhteytt\u00e4, niin luodaan yhdess\u00e4 jotain upeaa! \ud83c\udfa8<\/p>\n\n\n\n<p class=\"has-text-align-center\">T\u00e4m\u00e4 luonnos sis\u00e4lt\u00e4\u00e4 vaaditut avainsanat s\u00e4ilytt\u00e4en samalla luonnollisen virtauksen ja s\u00e4vyn. Voit vapaasti muokata sit\u00e4 tarpeen mukaan, jotta se sopii br\u00e4ndisi \u00e4\u00e4nenk\u00e4yt\u00f6n ja tyylin mukaisesti. Onnea verkkosivustosi kanssa \ud83d\ude0a.<\/p>\n\n<\/section>\n\n\n<p class=\"\"><\/p>","protected":false},"excerpt":{"rendered":"<p>Get in touch Welcome to Free AI Art Generator, where the boundaries of creativity meet the power of artificial intelligence! \ud83e\udd16We&#8217;re passionate about making advanced AI algorithms and tools accessible to everyone, empowering artists and creatives to generate stunning AI-generated images and artwork for free. With our cutting-edge technology, you can explore the world of &#8230; <a title=\"Ota yhteytt\u00e4\" class=\"read-more\" href=\"https:\/\/aiartfree.online\/fi\/yhteydenotto-ilmainen-ai-art-generaattori\/\" aria-label=\"Lue lis\u00e4\u00e4 aiheesta Contact Us\">Lue lis\u00e4\u00e4<\/a><\/p>","protected":false},"author":1,"featured_media":0,"parent":0,"menu_order":0,"comment_status":"closed","ping_status":"closed","template":"","meta":{"nf_dc_page":"","footnotes":""},"class_list":["post-2807","page","type-page","status-publish"],"jetpack_sharing_enabled":true,"_links":{"self":[{"href":"https:\/\/aiartfree.online\/fi\/wp-json\/wp\/v2\/pages\/2807","targetHints":{"allow":["GET"]}}],"collection":[{"href":"https:\/\/aiartfree.online\/fi\/wp-json\/wp\/v2\/pages"}],"about":[{"href":"https:\/\/aiartfree.online\/fi\/wp-json\/wp\/v2\/types\/page"}],"author":[{"embeddable":true,"href":"https:\/\/aiartfree.online\/fi\/wp-json\/wp\/v2\/users\/1"}],"replies":[{"embeddable":true,"href":"https:\/\/aiartfree.online\/fi\/wp-json\/wp\/v2\/comments?post=2807"}],"version-history":[{"count":0,"href":"https:\/\/aiartfree.online\/fi\/wp-json\/wp\/v2\/pages\/2807\/revisions"}],"wp:attachment":[{"href":"https:\/\/aiartfree.online\/fi\/wp-json\/wp\/v2\/media?parent=2807"}],"curies":[{"name":"wp","href":"https:\/\/api.w.org\/{rel}","templated":true}]}}