{"id":3558,"date":"2024-08-05T07:35:25","date_gmt":"2024-08-05T07:35:25","guid":{"rendered":"https:\/\/aiartfree.online\/?page_id=3558"},"modified":"2024-08-16T10:09:07","modified_gmt":"2024-08-16T10:09:07","slug":"flux-ai-image-generator-flux1","status":"publish","type":"page","link":"https:\/\/aiartfree.online\/es\/flux-ai-generador-de-imagenes-flux1\/","title":{"rendered":"Flux AI Generador de im\u00e1genes | Powered by Flux.1"},"content":{"rendered":"<h2 class=\"wp-block-heading has-text-align-center\">Galer\u00eda de Flux.1<\/h2>\n\n\n\n<figure class=\"gb-block-image gb-block-image-1822da1f\"><img data-recalc-dims=\"1\" decoding=\"async\" loading=\"lazy\" width=\"1024\" height=\"725\" class=\"gb-image gb-image-1822da1f\" src=\"https:\/\/i0.wp.com\/aiartfree.online\/wp-content\/uploads\/2024\/08\/WX20240803-154751%402x-1024x725.webp?resize=1024%2C725&#038;ssl=1\" alt=\"Flux AI Image Generator de Black Forest Labs, con los modelos Flux.1, Flux.1 Pro, Flux.1 Dev y Flux.1 Schnell. Ilimitado, de alta calidad, gratis, sin registro.\" title=\"WX20240803-154751@2x\" srcset=\"https:\/\/i0.wp.com\/aiartfree.online\/wp-content\/uploads\/2024\/08\/WX20240803-154751%402x.jpg?resize=1024%2C725&amp;ssl=1 1024w, https:\/\/i0.wp.com\/aiartfree.online\/wp-content\/uploads\/2024\/08\/WX20240803-154751%402x.jpg?resize=300%2C212&amp;ssl=1 300w, https:\/\/i0.wp.com\/aiartfree.online\/wp-content\/uploads\/2024\/08\/WX20240803-154751%402x.jpg?resize=768%2C544&amp;ssl=1 768w, https:\/\/i0.wp.com\/aiartfree.online\/wp-content\/uploads\/2024\/08\/WX20240803-154751%402x.jpg?resize=1536%2C1087&amp;ssl=1 1536w, https:\/\/i0.wp.com\/aiartfree.online\/wp-content\/uploads\/2024\/08\/WX20240803-154751%402x.jpg?resize=18%2C12&amp;ssl=1 18w, https:\/\/i0.wp.com\/aiartfree.online\/wp-content\/uploads\/2024\/08\/WX20240803-154751%402x.jpg?resize=600%2C425&amp;ssl=1 600w, https:\/\/i0.wp.com\/aiartfree.online\/wp-content\/uploads\/2024\/08\/WX20240803-154751%402x.jpg?w=2046&amp;ssl=1 2046w\" sizes=\"auto, (max-width: 1024px) 100vw, 1024px\" \/><\/figure>\n\n\n\n<h2 class=\"wp-block-heading\">C\u00f3mo utilizar el generador de im\u00e1genes Flux AI<\/h2>\n\n\n\n<ol class=\"wp-block-list\">\n<li class=\"\">Introduzca su mensaje<\/li>\n\n\n\n<li class=\"\">Haga clic en \"Enviar\".<\/li>\n\n\n\n<li class=\"\">\u00a1Espera, eso es!<\/li>\n<\/ol>\n\n\n\n<p class=\"\">* Despl\u00e1cese hacia abajo para ver nuestros ejemplos de preguntas si no tiene ninguna idea en mente.<\/p>\n\n\n\n<p class=\"\"><em>* Si utiliza este modelo de forma intensiva durante un corto periodo de tiempo, puede provocar escasez de recursos de la GPU. Por favor, espera unos minutos antes de reanudar su uso.<\/em><br>* Puede devolver un error cuando se trata de un pico de uso.&nbsp;<em>Espere unos minutos antes de reanudar el uso.<\/em><\/p>\n\n\n\n<p class=\"\"><em>* Dependiendo de su velocidad de Internet, la carga del modelo puede tardar&nbsp;<\/em>hasta 10 segundos \u2193<\/p>\n\n\n\n<div class=\"iframe-wrapper\" style=\"position: relative; width: 100%; height: 700px;\">\n  <div class=\"loading\" style=\"position: absolute; top: 50px; left: 50%; transform: translate(-50%, -50%); width: 40px; height: 40px; border: 3px solid #f0f0f0; border-top: 3px solid #db7093; border-radius: 50%; animation: spin 1s linear infinite;\"><\/div>\n  <iframe loading=\"lazy\" src=\"https:\/\/rooc-flux-1-dev.hf.space\" frameborder=\"0\" width=\"100%\" height=\"100%\" style=\"position: absolute; top: 0; left: 0; opacity: 0; transition: opacity 0.3s;\" onload=\"this.style.opacity=1;this.previousElementSibling.style.display='none';\"><\/iframe>\n<\/div>\n\n<style>\n@keyframes spin {\n  0% { transform: translate(-50%, -50%) rotate(0deg); }\n  100% { transform: translate(-50%, -50%) rotate(360deg); }\n}\n<\/style>\n\n\n\n<h2 class=\"wp-block-heading\" id=\"maodian\">Ejemplos de Flux.1<\/h2>\n\n\n\n<p class=\"\">Copie y pegue sobre la marcha<\/p>\n\n\n\n<ol style=\"font-size:15px\" class=\"wp-block-list\">\n<li class=\"\">un portal a un bosque m\u00edtico en la pared de mi peque\u00f1o dormitorio desordenado<\/li>\n\n\n\n<li class=\"\">representaci\u00f3n cinem\u00e1tica detallada de un monitor CRT viejo y polvoriento sobre un escritorio de madera en una habitaci\u00f3n oscura con objetos alrededor, una habitaci\u00f3n sucia y desordenada. En la pantalla aparecen las letras \"FLUX\" brillando suavemente. Render de superficie dura de alto detalle<\/li>\n\n\n\n<li class=\"\">Escena submarina de dos b\u00fahos sentados en una elegante mesa de comedor con una vela encendida en el centro, los dos b\u00fahos est\u00e1n teniendo una cena encantadora juntos. El b\u00faho de la izquierda lleva un esmoquin y el de la derecha un bonito vestido. Al fondo se ve pasar un submarino con las palabras \"What a Hoot\" pintadas en un lateral. Hay peque\u00f1as medusas nadando en la parte inferior de la imagen, debajo de la mesa, una bella obra de arte digital cinematogr\u00e1fica.<\/li>\n\n\n\n<li class=\"\">Una m\u00e1quina generando un sinf\u00edn de im\u00e1genes polaroid y lanz\u00e1ndolas por los aires. Foto realista de National geographic<\/li>\n\n\n\n<li class=\"\">Tipograf\u00eda, trazado l\u00e1ser fino futurista, naturaleza rural futurista japonesa turismo y cer\u00e1mica, steven meisel, kaws, rolf armstrong, mondrian, kandinsky, geometr\u00eda perfecta acr\u00edlico abstracto, hiperrealismo fotorealista pintura collage aerograf\u00eda, monocromo oscuro, colores fluorescentes, regla de los tercios minimalista, eros ochenteros<\/li>\n\n\n\n<li class=\"\">un viejo piano en mi sal\u00f3n<\/li>\n\n\n\n<li class=\"\">Fotograf\u00eda de un granero en un campo<\/li>\n\n\n\n<li class=\"\">hermosa obra de arte de anime, un lindo anime catgirl que parece deprimido sosteniendo un pedazo de papel con una sonrisa dibujada en ella sobre su boca, ella est\u00e1 a punto de llorar<\/li>\n\n\n\n<li class=\"\">hermosa obra de arte de anime, la silueta de una linda chica de anime, doble exposici\u00f3n, galaxia nebulosa iridiscente, fondo negro, resplandor et\u00e9reo, bloom, hdr<\/li>\n\n\n\n<li class=\"\">abstracto cromo 80s scifi aut\u00f3mata por hajime sorayama aer\u00f3grafo strage objeto, sola l\u00ednea verital, arte generativo, p5js, dithering<\/li>\n\n\n\n<li class=\"\">fotograf\u00eda de una bonita cafeter\u00eda en Friburgo<\/li>\n\n\n\n<li class=\"\">un cient\u00edfico loco que construye una enorme cola incre\u00edble que llega desde la mesa de la oficina hasta el espacio, donde toca la luna<\/li>\n\n\n\n<li class=\"\">foto filmica de un grupo de tres mujeres en una calle del centro, estan levantando las manos a la camara<\/li>\n\n\n\n<li class=\"\">Un cenote escondido en el coraz\u00f3n de una exuberante selva atrae con sus cristalinas aguas turquesas. Vibrantes enredaderas de color esmeralda caen en cascada por las erosionadas paredes de piedra caliza y sus zarcillos apenas besan la superficie del agua. Rayos de sol dorados atraviesan una claraboya natural, creando un m\u00edstico juego de luces y sombras en las paredes de la caverna. Mariposas iridiscentes revolotean entre ex\u00f3ticas orqu\u00eddeas que se aferran a afloramientos rocosos. Una ruina maya parcialmente sumergida, con sus intrincadas tallas suavizadas por el tiempo, se erige como centinela silencioso al borde del agua. Card\u00famenes de diminutos peces plateados se lanzan a trav\u00e9s de las cristalinas profundidades, con sus escamas brillando como estrellas submarinas. En el extremo m\u00e1s alejado del cenote, una peque\u00f1a cascada cae melodiosamente a la piscina, y su niebla crea ef\u00edmeros arco iris bajo la luz moteada.<\/li>\n\n\n\n<li class=\"\">un peque\u00f1o astronauta saliendo de un huevo en la luna<\/li>\n\n\n\n<li class=\"\">anciano con gafas retrato, foto, 50mm, f1.4, luz natural, Path\u00e9chrome<\/li>\n\n\n\n<li class=\"\">hermosa obra de arte de anime, una linda chica de anime de pie solo en la oscuridad de la noche vestido con un impermeable negro de gran tama\u00f1o con una peque\u00f1a bolsa. ella est\u00e1 sosteniendo un paraguas negro, el paraguas tiene LED multicolores ocultos en el interior que brillan hacia abajo sobre ella, peque\u00f1os p\u00e9talos de rosa revolotean por el aire a su alrededor, estilo screencap anime, ojos rojos, pelo medio<\/li>\n\n\n\n<li class=\"\">obra \u00e9pica cinematogr\u00e1fica de un centro comercial gal\u00e1ctico infinito<\/li>\n\n\n\n<li class=\"\">aut\u00f3mata abstracto cromo ciencia ficci\u00f3n a\u00f1os 80, aerograf\u00eda<\/li>\n\n\n\n<li class=\"\">pintura al \u00f3leo con gruesas manchas y pinceladas de una gran ballena flotando suavemente en el cielo nocturno por encima de una ciudad<\/li>\n<\/ol>\n\n\n\n<div style=\"height:100px\" aria-hidden=\"true\" class=\"wp-block-spacer\"><\/div>\n\n\n\n<h2 class=\"wp-block-heading\">Flux AI Generador de Im\u00e1genes: La Gu\u00eda Definitiva<\/h2>\n\n\n\n<p class=\"\">Flux AI Image Generator es un innovador modelo de generaci\u00f3n de texto a imagen de c\u00f3digo abierto dise\u00f1ado para crear im\u00e1genes de alta calidad a partir de descripciones textuales. Esta avanzada herramienta de IA es famosa por su flexibilidad y la variedad de estilos de salida que admite.<\/p>\n\n\n\n<h3 class=\"wp-block-heading\">Introducci\u00f3n<\/h3>\n\n\n\n<h4 class=\"wp-block-heading\">\u00bfQu\u00e9 es el generador de im\u00e1genes Flux AI?<\/h4>\n\n\n\n<p class=\"\">Flux AI Image Generator es un modelo de c\u00f3digo abierto dise\u00f1ado para transformar texto en im\u00e1genes. Esta herramienta es muy vers\u00e1til y es capaz de producir im\u00e1genes de alta calidad en una variedad de estilos. Como proyecto de c\u00f3digo abierto, permite a los usuarios modificar y adaptar el c\u00f3digo a sus necesidades, lo que lo convierte en un potente recurso tanto para desarrolladores como para artistas.<\/p>\n\n\n\n<h4 class=\"wp-block-heading\">Antecedentes y promotores<\/h4>\n\n\n\n<p class=\"\">Flux AI Image Generator ha sido desarrollado por Black Forest Labs, una entidad l\u00edder en el campo de la IA conocida por sus contribuciones a la inteligencia artificial y el aprendizaje autom\u00e1tico. El desarrollo de Flux AI Image Generator est\u00e1 estrechamente vinculado a otros proyectos destacados como Stable Diffusion, lo que refuerza a\u00fan m\u00e1s su credibilidad y sus capacidades.<\/p>\n\n\n\n<h3 class=\"wp-block-heading\">Caracter\u00edsticas y especificaciones<\/h3>\n\n\n\n<h4 class=\"wp-block-heading\">Especificaciones t\u00e9cnicas<\/h4>\n\n\n\n<p class=\"\">El modelo Flux dispone de 1.200 millones de par\u00e1metros, lo que lo convierte en una herramienta robusta para la generaci\u00f3n de im\u00e1genes. Est\u00e1 disponible en tres versiones: Flux Dev, Flux Schnell y Flux Pro, cada una de ellas adaptada a las distintas necesidades de los usuarios y requisitos de rendimiento.<\/p>\n\n\n\n<h4 class=\"wp-block-heading\">Caracter\u00edsticas principales<\/h4>\n\n\n\n<ul class=\"wp-block-list\">\n<li class=\"\"><strong>Generaci\u00f3n de im\u00e1genes de alta calidad<\/strong>: Flux AI Image Generator destaca en la producci\u00f3n de im\u00e1genes detalladas y est\u00e9ticamente agradables.<\/li>\n\n\n\n<li class=\"\"><strong>Versatilidad en los estilos de salida<\/strong>: Los usuarios pueden elegir entre una amplia gama de estilos, lo que garantiza la flexibilidad en los proyectos creativos.<\/li>\n\n\n\n<li class=\"\"><strong>Comparaci\u00f3n con la competencia<\/strong>: En comparaci\u00f3n con otros generadores de im\u00e1genes como Midjourney y DALL-E 3, Flux ofrece una flexibilidad y calidad superiores.<\/li>\n<\/ul>\n\n\n\n<h4 class=\"wp-block-heading\">Rendimiento y optimizaci\u00f3n<\/h4>\n\n\n\n<ul class=\"wp-block-list\">\n<li class=\"\"><strong>Generaci\u00f3n r\u00e1pida de im\u00e1genes<\/strong>: Flux est\u00e1 optimizado para la velocidad, capaz de generar im\u00e1genes r\u00e1pidamente sin comprometer la calidad.<\/li>\n\n\n\n<li class=\"\"><strong>Compatibilidad de hardware<\/strong>: Se adapta bien a distintos entornos de hardware, garantizando un funcionamiento sin problemas en diversas plataformas.<\/li>\n\n\n\n<li class=\"\"><strong>Integraci\u00f3n de plataformas<\/strong>: Flux puede integrarse con numerosas plataformas, lo que lo convierte en una herramienta vers\u00e1til para los desarrolladores.<\/li>\n<\/ul>\n\n\n\n<h3 class=\"wp-block-heading\">C\u00f3mo utilizar el generador de im\u00e1genes Flux AI<\/h3>\n\n\n\n<h4 class=\"wp-block-heading\">Primeros pasos<\/h4>\n\n\n\n<ul class=\"wp-block-list\">\n<li class=\"\"><strong>Instalaci\u00f3n y configuraci\u00f3n<\/strong>: La instalaci\u00f3n del generador de im\u00e1genes Flux AI requiere unos sencillos pasos de instalaci\u00f3n y configuraci\u00f3n.<\/li>\n\n\n\n<li class=\"\"><strong>Tutorial de uso b\u00e1sico<\/strong>: Los usuarios pueden seguir sencillos tutoriales para empezar a generar im\u00e1genes r\u00e1pidamente.<\/li>\n<\/ul>\n\n\n\n<h4 class=\"wp-block-heading\">Funciones avanzadas<\/h4>\n\n\n\n<ul class=\"wp-block-list\">\n<li class=\"\"><strong>T\u00e9cnicas avanzadas<\/strong>: Para los usuarios m\u00e1s experimentados, Flux ofrece funcionalidades avanzadas y las mejores pr\u00e1cticas para maximizar su potencial.<\/li>\n\n\n\n<li class=\"\"><strong>Integraci\u00f3n con otras herramientas<\/strong>: Flux puede combinarse con otras herramientas y plataformas, como ComfyUI, para mejorar sus capacidades.<\/li>\n<\/ul>\n\n\n\n<h3 class=\"wp-block-heading\">Aplicaciones pr\u00e1cticas<\/h3>\n\n\n\n<h4 class=\"wp-block-heading\">Casos pr\u00e1cticos<\/h4>\n\n\n\n<ul class=\"wp-block-list\">\n<li class=\"\"><strong>Dise\u00f1o y publicidad<\/strong>: Flux se utiliza ampliamente en dise\u00f1o y publicidad, ayudando a los profesionales a crear efectos visuales asombrosos.<\/li>\n\n\n\n<li class=\"\"><strong>Creaci\u00f3n art\u00edstica<\/strong>: Los artistas aprovechan Flux para dar vida a sus imaginativos conceptos.<\/li>\n\n\n\n<li class=\"\"><strong>Casos de \u00e9xito<\/strong>: Muchos usuarios han compartido sus historias de \u00e9xito, mostrando las diversas aplicaciones de Flux AI Image Generator.<\/li>\n<\/ul>\n\n\n\n<h4 class=\"wp-block-heading\">Comunidad y apoyo<\/h4>\n\n\n\n<ul class=\"wp-block-list\">\n<li class=\"\"><strong>Comunidad de usuarios<\/strong>: Una vibrante comunidad de usuarios contribuye al desarrollo y apoyo continuos de Flux.<\/li>\n\n\n\n<li class=\"\"><strong>Recursos de asistencia t\u00e9cnica<\/strong>: Existen numerosos recursos para ayudar a los usuarios a solucionar problemas y optimizar el uso de la herramienta.<\/li>\n<\/ul>\n\n\n\n<h3 class=\"wp-block-heading\">Desarrollo futuro<\/h3>\n\n\n\n<h4 class=\"wp-block-heading\">Actualizaciones y planes<\/h4>\n\n\n\n<ul class=\"wp-block-list\">\n<li class=\"\"><strong>Novedades<\/strong>: Las pr\u00f3ximas versiones de Flux introducir\u00e1n nuevas funcionalidades y mejoras.<\/li>\n\n\n\n<li class=\"\"><strong>Visi\u00f3n a largo plazo<\/strong>: Los desarrolladores tienen una hoja de ruta clara para el desarrollo a largo plazo de la herramienta.<\/li>\n<\/ul>\n\n\n\n<h4 class=\"wp-block-heading\">Expansi\u00f3n del ecosistema<\/h4>\n\n\n\n<ul class=\"wp-block-list\">\n<li class=\"\"><strong>Integraci\u00f3n con otras herramientas de IA<\/strong>: Hay planes para integrar Flux con otras herramientas y plataformas de IA.<\/li>\n\n\n\n<li class=\"\"><strong>Posibles colaboraciones<\/strong>: Se est\u00e1n explorando oportunidades de aplicaciones comerciales y colaboraciones.<\/li>\n<\/ul>\n\n\n\n<h3 class=\"wp-block-heading\">10 herramientas y recursos clave para el generador de im\u00e1genes Flux AI<\/h3>\n\n\n\n<figure class=\"wp-block-table\"><table class=\"has-fixed-layout\"><thead><tr><th>Herramienta\/Recurso<\/th><th>Descripci\u00f3n<\/th><th>Ventajas<\/th><th>Desventajas<\/th><\/tr><\/thead><tbody><tr><td><a href=\"https:\/\/flux-ai.online\/\" target=\"_blank\" data-type=\"link\" data-id=\"https:\/\/flux-ai.online\/\" rel=\"noreferrer noopener\">Sitio web de Flux AI<\/a><\/td><td>El mejor sitio para Flux AI.<\/td><td>Recursos completos.<\/td><td>Ninguna.<\/td><\/tr><tr><td>Flux GitHub<\/td><td>Repositorio con c\u00f3digo y actualizaciones.<\/td><td>Acceso al c\u00f3digo fuente.<\/td><td>Requiere conocimientos t\u00e9cnicos.<\/td><\/tr><tr><td><a href=\"https:\/\/aiartfree.online\/es\/flux-ai-generador-de-imagenes-flux1\/\" target=\"_blank\" data-type=\"link\" data-id=\"https:\/\/aiartfree.online\/flux-ai-image-generator-flux1\" rel=\"noreferrer noopener\">AI Art Gratis<\/a><\/td><td>Interfaz f\u00e1cil de usar para Flux AI.<\/td><td>F\u00e1cil de usar, no es necesario registrarse.<\/td><td>Funciones avanzadas limitadas.<\/td><\/tr><tr><td>ComfyUI<\/td><td>Herramienta de integraci\u00f3n para Flux.<\/td><td>Mejora la funcionalidad.<\/td><td>Configuraci\u00f3n compleja.<\/td><\/tr><tr><td>Difusi\u00f3n estable<\/td><td>Proyecto relacionado para la generaci\u00f3n de im\u00e1genes.<\/td><td>Salidas de alta calidad.<\/td><td>Requiere un hardware potente.<\/td><\/tr><tr><td>Tutoriales Flux<\/td><td>Gu\u00edas y tutoriales paso a paso.<\/td><td>F\u00e1cil curva de aprendizaje.<\/td><td>No siempre actualizada.<\/td><\/tr><tr><td>Descifrar<\/td><td>Noticias y actualizaciones sobre tecnolog\u00edas de IA.<\/td><td>Informaci\u00f3n actualizada.<\/td><td>Profundidad variable.<\/td><\/tr><tr><td>Noticias AI<\/td><td>\u00daltimas noticias sobre avances en IA.<\/td><td>Amplia cobertura.<\/td><td>Informaci\u00f3n generalizada.<\/td><\/tr><tr><td>Tech Crunch<\/td><td>Noticias y actualizaciones tecnol\u00f3gicas.<\/td><td>Art\u00edculos de fondo.<\/td><td>Puede ser t\u00e9cnico.<\/td><\/tr><tr><td>AI Weekly<\/td><td>Actualizaciones semanales sobre los avances de la IA.<\/td><td>Actualizaciones peri\u00f3dicas.<\/td><td>Es necesario suscribirse para tener acceso completo.<\/td><\/tr><\/tbody><\/table><\/figure>\n\n\n\n<h3 class=\"wp-block-heading\">10 preguntas frecuentes sobre el generador de im\u00e1genes Flux AI<\/h3>\n\n\n\n<ol class=\"wp-block-list\">\n<li class=\"\"><strong>\u00bfQu\u00e9 es el generador de im\u00e1genes Flux AI?<\/strong>\n<ul class=\"wp-block-list\">\n<li class=\"\">Flux AI Image Generator es un modelo de conversi\u00f3n de texto en imagen de c\u00f3digo abierto desarrollado por Black Forest Labs.<\/li>\n<\/ul>\n<\/li>\n\n\n\n<li class=\"\"><strong>\u00bfC\u00f3mo se instala el generador de im\u00e1genes Flux AI?<\/strong>\n<ul class=\"wp-block-list\">\n<li class=\"\">Las gu\u00edas de instalaci\u00f3n est\u00e1n disponibles en el repositorio oficial de GitHub.<\/li>\n<\/ul>\n<\/li>\n\n\n\n<li class=\"\"><strong>\u00bfCu\u00e1les son las diferentes versiones de Flux?<\/strong>\n<ul class=\"wp-block-list\">\n<li class=\"\">Flux Dev, Flux Schnell y Flux Pro.<\/li>\n<\/ul>\n<\/li>\n\n\n\n<li class=\"\"><strong>\u00bfPuedo utilizar Flux para proyectos comerciales?<\/strong>\n<ul class=\"wp-block-list\">\n<li class=\"\">S\u00ed, Flux puede utilizarse con fines comerciales.<\/li>\n<\/ul>\n<\/li>\n\n\n\n<li class=\"\"><strong>\u00bfQu\u00e9 hardware necesita Flux?<\/strong>\n<ul class=\"wp-block-list\">\n<li class=\"\">Flux es compatible con varias configuraciones de hardware, pero se recomiendan GPU potentes para un rendimiento \u00f3ptimo.<\/li>\n<\/ul>\n<\/li>\n\n\n\n<li class=\"\"><strong>\u00bfC\u00f3mo se compara Flux con otros generadores de im\u00e1genes?<\/strong>\n<ul class=\"wp-block-list\">\n<li class=\"\">Flux ofrece una flexibilidad y una calidad superiores a las de competidores como Midjourney y DALL-E 3.<\/li>\n<\/ul>\n<\/li>\n\n\n\n<li class=\"\"><strong>\u00bfD\u00f3nde puedo encontrar tutoriales para Flux?<\/strong>\n<ul class=\"wp-block-list\">\n<li class=\"\">Los tutoriales est\u00e1n disponibles en el sitio oficial Flux AI Tutorials.<\/li>\n<\/ul>\n<\/li>\n\n\n\n<li class=\"\"><strong>\u00bfDe qu\u00e9 tipo de asistencia disponen los usuarios de Flux?<\/strong>\n<ul class=\"wp-block-list\">\n<li class=\"\">Existe una comunidad de usuarios y recursos de asistencia t\u00e9cnica.<\/li>\n<\/ul>\n<\/li>\n\n\n\n<li class=\"\"><strong>\u00bfC\u00f3mo puedo contribuir al proyecto Flux?<\/strong>\n<ul class=\"wp-block-list\">\n<li class=\"\">Las contribuciones pueden realizarse a trav\u00e9s del repositorio GitHub.<\/li>\n<\/ul>\n<\/li>\n\n\n\n<li class=\"\"><strong>\u00bfCu\u00e1les son los planes de futuro de Flux?<\/strong>\n<ul class=\"wp-block-list\">\n<li class=\"\">Los desarrolladores han esbozado una hoja de ruta para nuevas funciones y ampliaciones del ecosistema.<\/li>\n<\/ul>\n<\/li>\n<\/ol>\n\n\n\n<h3 class=\"wp-block-heading\">Conclusi\u00f3n<\/h3>\n\n\n\n<h4 class=\"wp-block-heading\">Principales ventajas<\/h4>\n\n\n\n<p class=\"\">Flux AI Image Generator destaca por su generaci\u00f3n de im\u00e1genes de alta calidad, su versatilidad en los estilos de salida y su s\u00f3lido rendimiento. Es una herramienta l\u00edder en el campo de la generaci\u00f3n de im\u00e1genes AI, que ofrece ventajas \u00fanicas sobre sus competidores.<\/p>\n\n\n\n<h4 class=\"wp-block-heading\">Primeros pasos<\/h4>\n\n\n\n<p class=\"\">Para empezar a utilizar Flux, siga las gu\u00edas de instalaci\u00f3n y explore los tutoriales disponibles. Flux AI Image Generator es accesible tanto para principiantes como para usuarios avanzados, lo que lo convierte en una herramienta vers\u00e1til para diversas aplicaciones.<\/p>\n\n\n\n<p class=\"\">Para m\u00e1s informaci\u00f3n y recursos, visite <a href=\"https:\/\/blackforestlabs.ai\/\" target=\"_blank\" rel=\"noopener\">Sitio web oficial de Flux<\/a> y el <a href=\"https:\/\/github.com\/black-forest-labs\/flux\" target=\"_blank\" rel=\"noopener\">Repositorio GitHub<\/a>.<\/p>","protected":false},"excerpt":{"rendered":"<p>Gallery of Flux.1 How to use the Flux AI Image Generator * Scroll down to check our Prompt Examples below if you don\u2019t have any thoughts in your mind * If you use this model intensively over a short period, it may cause GPU resource shortages. Please wait a few minutes before resuming use.* It &#8230; <a title=\"Flux AI Generador de im\u00e1genes | Powered by Flux.1\" class=\"read-more\" href=\"https:\/\/aiartfree.online\/es\/flux-ai-generador-de-imagenes-flux1\/\" aria-label=\"Leer m\u00e1s sobre Flux AI Image Generator | Powered by Flux.1\">Leer m\u00e1s<\/a><\/p>","protected":false},"author":1,"featured_media":3559,"parent":0,"menu_order":0,"comment_status":"closed","ping_status":"closed","template":"","meta":{"nf_dc_page":"","footnotes":""},"class_list":["post-3558","page","type-page","status-publish","has-post-thumbnail"],"jetpack_sharing_enabled":true,"_links":{"self":[{"href":"https:\/\/aiartfree.online\/es\/wp-json\/wp\/v2\/pages\/3558","targetHints":{"allow":["GET"]}}],"collection":[{"href":"https:\/\/aiartfree.online\/es\/wp-json\/wp\/v2\/pages"}],"about":[{"href":"https:\/\/aiartfree.online\/es\/wp-json\/wp\/v2\/types\/page"}],"author":[{"embeddable":true,"href":"https:\/\/aiartfree.online\/es\/wp-json\/wp\/v2\/users\/1"}],"replies":[{"embeddable":true,"href":"https:\/\/aiartfree.online\/es\/wp-json\/wp\/v2\/comments?post=3558"}],"version-history":[{"count":0,"href":"https:\/\/aiartfree.online\/es\/wp-json\/wp\/v2\/pages\/3558\/revisions"}],"wp:featuredmedia":[{"embeddable":true,"href":"https:\/\/aiartfree.online\/es\/wp-json\/wp\/v2\/media\/3559"}],"wp:attachment":[{"href":"https:\/\/aiartfree.online\/es\/wp-json\/wp\/v2\/media?parent=3558"}],"curies":[{"name":"wp","href":"https:\/\/api.w.org\/{rel}","templated":true}]}}