{"id":3445,"date":"2024-08-01T18:39:36","date_gmt":"2024-08-01T18:39:36","guid":{"rendered":"https:\/\/aiartfree.online\/?page_id=3445"},"modified":"2025-03-07T08:17:45","modified_gmt":"2025-03-07T08:17:45","slug":"unblur-image","status":"publish","type":"page","link":"https:\/\/aiartfree.online\/es\/desenfocar-imagen\/","title":{"rendered":"Desenfocar imagen"},"content":{"rendered":"<h2 class=\"wp-block-heading has-text-align-center\" id=\"before-vs-after\">Antes y despu\u00e9s<\/h2>\n\n\n\n<figure class=\"gb-block-image gb-block-image-1822da1f\"><img data-recalc-dims=\"1\" decoding=\"async\" loading=\"lazy\" width=\"1200\" height=\"704\" class=\"gb-image gb-image-1822da1f\" src=\"https:\/\/i0.wp.com\/aiartfree.online\/wp-content\/uploads\/2024\/08\/WX20240801-215741%402x-scaled.webp?resize=1200%2C704&#038;ssl=1\" alt=\"Desenfoque la imagen en l\u00ednea con nuestra herramienta AI. 100% gratis, sin necesidad de registro y uso ilimitado. Mejorar la calidad de imagen, eliminar el desenfoque, y fijar las fotos borrosas para el amor.\" title=\"WX20240801-215741@2x\" srcset=\"https:\/\/i0.wp.com\/aiartfree.online\/wp-content\/uploads\/2024\/08\/WX20240801-215741%402x-scaled.webp?w=2560&amp;ssl=1 2560w, https:\/\/i0.wp.com\/aiartfree.online\/wp-content\/uploads\/2024\/08\/WX20240801-215741%402x-scaled.webp?resize=300%2C176&amp;ssl=1 300w, https:\/\/i0.wp.com\/aiartfree.online\/wp-content\/uploads\/2024\/08\/WX20240801-215741%402x-scaled.webp?resize=1024%2C601&amp;ssl=1 1024w, https:\/\/i0.wp.com\/aiartfree.online\/wp-content\/uploads\/2024\/08\/WX20240801-215741%402x-scaled.webp?resize=768%2C451&amp;ssl=1 768w, https:\/\/i0.wp.com\/aiartfree.online\/wp-content\/uploads\/2024\/08\/WX20240801-215741%402x-scaled.webp?resize=1536%2C901&amp;ssl=1 1536w, https:\/\/i0.wp.com\/aiartfree.online\/wp-content\/uploads\/2024\/08\/WX20240801-215741%402x-scaled.webp?resize=2048%2C1202&amp;ssl=1 2048w, https:\/\/i0.wp.com\/aiartfree.online\/wp-content\/uploads\/2024\/08\/WX20240801-215741%402x-scaled.webp?resize=18%2C12&amp;ssl=1 18w, https:\/\/i0.wp.com\/aiartfree.online\/wp-content\/uploads\/2024\/08\/WX20240801-215741%402x-scaled.webp?resize=600%2C352&amp;ssl=1 600w, https:\/\/i0.wp.com\/aiartfree.online\/wp-content\/uploads\/2024\/08\/WX20240801-215741%402x-scaled.webp?w=2400&amp;ssl=1 2400w\" sizes=\"auto, (max-width: 1200px) 100vw, 1200px\" \/><\/figure>\n\n\n\n<h2 class=\"wp-block-heading\" id=\"how-to-use-the-unblur-image\">C\u00f3mo utilizar la funci\u00f3n Desenfocar imagen<\/h2>\n\n\n\n<ol class=\"wp-block-list\">\n<li class=\"\">Cargue su imagen<\/li>\n\n\n\n<li class=\"\">Haga clic en \"Enviar\".<\/li>\n\n\n\n<li class=\"\">\u00a1Espera, eso es!<\/li>\n<\/ol>\n\n\n\n<a class=\"gb-button gb-button-113f8659 gb-button-text\" href=\"https:\/\/www.basedlabs.ai\/apps\/ai-image-upscaler?via=rocnubi\" target=\"_blank\" rel=\"noopener noreferrer\">Try Latest Upscaler AI Now <\/a>\n\n\n\n<p class=\"\"><em>* Dependiendo de su velocidad de Internet, la carga del modelo puede tardar <\/em>hasta 10 segundos \u2193<\/p>\n\n\n\n<div class=\"iframe-wrapper\" style=\"position: relative; width: 100%; height: 1700px;\">\n  <div class=\"loading\" style=\"position: absolute; top: 50px; left: 50%; transform: translate(-50%, -50%); width: 40px; height: 40px; border: 3px solid #f0f0f0; border-top: 3px solid #db7093; border-radius: 50%; animation: spin 1s linear infinite;\"><\/div>\n  <iframe loading=\"lazy\" src=\"https:\/\/algoworks-image-face-upscale-restoration-gfpgan-pub.hf.space\" frameborder=\"0\" width=\"100%\" height=\"100%\" style=\"position: absolute; top: 0; left: 0; opacity: 0; transition: opacity 0.3s;\" onload=\"this.style.opacity=1;this.previousElementSibling.style.display='none';\"><\/iframe>\n<\/div>\n\n<style>\n@keyframes spin {\n  0% { transform: translate(-50%, -50%) rotate(0deg); }\n  100% { transform: translate(-50%, -50%) rotate(360deg); }\n}\n<\/style>\n\n\n\n<div style=\"height:60px\" aria-hidden=\"true\" class=\"wp-block-spacer\"><\/div>\n\n\n\n<h2 class=\"wp-block-heading\" id=\"unblur-image-the-ultimate-guide-to-ai-powered-photo-blur-removal\">Desenfocar Imagen: La gu\u00eda definitiva para eliminar el desenfoque fotogr\u00e1fico con IA<\/h2>\n\n\n\n<div class=\"wp-block-rank-math-toc-block\" id=\"rank-math-toc\"><h3>\u00cdndice<\/h3><nav><ul><li><a href=\"#outline\">Esquema<\/a><\/li><li><a href=\"#what-is-unblur-image\">\u00bfQu\u00e9 es la imagen desenfocada?<\/a><\/li><li><a href=\"#why-use-unblur-image\">\u00bfPor qu\u00e9 utilizar Unblur Image?<\/a><\/li><li><a href=\"#main-features-of-unblur-image\">Caracter\u00edsticas principales de Unblur Image<\/a><ul><li><a href=\"#ai-powered-unblur-tool\">Herramienta de desenfoque basada en IA<\/a><\/li><li><a href=\"#photo-sharpener\">Sacapuntas<\/a><\/li><li><a href=\"#remove-motion-blur\">Eliminar el desenfoque de movimiento<\/a><\/li><li><a href=\"#unblur-text\">Desenfocar texto<\/a><\/li><li><a href=\"#online-accessibility\">Accesibilidad en l\u00ednea<\/a><\/li><\/ul><\/li><li><a href=\"#target-audience-and-uses\">P\u00fablico destinatario y usos<\/a><\/li><li><a href=\"#industry-applications-and-uses\">Aplicaciones y usos industriales<\/a><\/li><li><a href=\"#how-to-use-unblur-image\">C\u00f3mo usar Desenfocar imagen<\/a><\/li><li><a href=\"#unblur-image-usage-cases\">Casos de uso de im\u00e1genes desenfocadas<\/a><ul><li><a href=\"#enhance-portraits\">Mejorar los retratos<\/a><\/li><li><a href=\"#restore-old-photos\">Restaurar fotos antiguas<\/a><\/li><li><a href=\"#improve-product-photos\">Mejorar las fotos de productos<\/a><\/li><li><a href=\"#fix-blurry-text\">Corregir texto borroso<\/a><\/li><li><a href=\"#correct-camera-shake\">Corregir el movimiento de la c\u00e1mara<\/a><\/li><\/ul><\/li><li><a href=\"#comparison-table-of-unblur-image-tools\">Tabla comparativa de herramientas para desenfocar im\u00e1genes<\/a><\/li><li><a href=\"#advantages-disadvantages-and-challenges-of-the-industry\">Ventajas, desventajas y retos de la industria<\/a><ul><li><a href=\"#advantages\">Ventajas<\/a><\/li><li><a href=\"#disadvantages\">Desventajas<\/a><\/li><li><a href=\"#challenges\">Desaf\u00edos<\/a><\/li><\/ul><\/li><li><a href=\"#frequently-asked-questions\">Preguntas frecuentes<\/a><\/li><li><a href=\"#summary\">Resumen<\/a><\/li><\/ul><\/nav><\/div>\n\n\n\n<h3 class=\"wp-block-heading\" id=\"outline\">Esquema<\/h3>\n\n\n\n<p class=\"\">En esta completa gu\u00eda exploraremos el mundo del desenfoque de im\u00e1genes, sus ventajas, funciones, p\u00fablico objetivo y usos pr\u00e1cticos. Tambi\u00e9n ofreceremos instrucciones paso a paso, casos de uso y una tabla comparativa de las mejores herramientas disponibles. Por \u00faltimo, abordaremos las preguntas m\u00e1s frecuentes y ofreceremos un resumen con las principales ventajas y una llamada a la acci\u00f3n.<\/p>\n\n\n\n<h3 class=\"wp-block-heading\" id=\"what-is-unblur-image\">\u00bfQu\u00e9 es la imagen desenfocada?<\/h3>\n\n\n\n<p class=\"\">Desenfocar una imagen es el proceso de utilizar herramientas basadas en IA para eliminar el desenfoque y mejorar la nitidez de las im\u00e1genes. Estas herramientas pueden restaurar la calidad de la imagen y hacer que las fotos borrosas vuelvan a ser n\u00edtidas, ya sea a causa de las sacudidas de la c\u00e1mara, el desenfoque por movimiento o un enfoque deficiente.<\/p>\n\n\n\n<h3 class=\"wp-block-heading\" id=\"why-use-unblur-image\">\u00bfPor qu\u00e9 utilizar Unblur Image?<\/h3>\n\n\n\n<p class=\"\">Utilizar una herramienta para desenfocar im\u00e1genes ofrece varias ventajas:<\/p>\n\n\n\n<ul class=\"wp-block-list\">\n<li class=\"\"><strong>Mejora la calidad de la imagen:<\/strong> Mejora la claridad y el detalle de tus fotos.<\/li>\n\n\n\n<li class=\"\"><strong>Restaurar fotos antiguas:<\/strong> Da nueva vida a im\u00e1genes antiguas y borrosas.<\/li>\n\n\n\n<li class=\"\"><strong>Resultados profesionales:<\/strong> Consigue resultados de alta calidad sin necesidad de conocimientos avanzados de edici\u00f3n fotogr\u00e1fica.<\/li>\n\n\n\n<li class=\"\"><strong>Comodidad:<\/strong> Desenfoca f\u00e1cilmente im\u00e1genes en l\u00ednea sin descargar software.<\/li>\n\n\n\n<li class=\"\"><strong>Eficiencia:<\/strong> Arregla r\u00e1pidamente las fotos borrosas con s\u00f3lo unos clics.<\/li>\n<\/ul>\n\n\n\n<p class=\"\">La gente busca a menudo soluciones para aclarar una imagen borrosa, arreglar fotos borrosas y eliminar el desenfoque de las im\u00e1genes. Estas herramientas dan respuesta a esos problemas habituales.<\/p>\n\n\n\n<h3 class=\"wp-block-heading\" id=\"main-features-of-unblur-image\">Caracter\u00edsticas principales de Unblur Image<\/h3>\n\n\n\n<h4 class=\"wp-block-heading\" id=\"ai-powered-unblur-tool\">Herramienta de desenfoque basada en IA<\/h4>\n\n\n\n<p class=\"\">Aproveche el poder de la IA para eliminar con precisi\u00f3n el desenfoque y mejorar los detalles de la imagen.<\/p>\n\n\n\n<h4 class=\"wp-block-heading\" id=\"photo-sharpener\">Sacapuntas<\/h4>\n\n\n\n<p class=\"\">Enfoca las im\u00e1genes para recuperar los detalles perdidos por el desenfoque.<\/p>\n\n\n\n<h4 class=\"wp-block-heading\" id=\"remove-motion-blur\">Eliminar el desenfoque de movimiento<\/h4>\n\n\n\n<p class=\"\">Reduce espec\u00edficamente el desenfoque de movimiento causado por las sacudidas o el movimiento de la c\u00e1mara.<\/p>\n\n\n\n<h4 class=\"wp-block-heading\" id=\"unblur-text\">Desenfocar texto<\/h4>\n\n\n\n<p class=\"\">Mejore la legibilidad del texto borroso en las im\u00e1genes.<\/p>\n\n\n\n<h4 class=\"wp-block-heading\" id=\"online-accessibility\">Accesibilidad en l\u00ednea<\/h4>\n\n\n\n<p class=\"\">Desenfoque im\u00e1genes directamente desde su navegador sin necesidad de registrarse, ofreciendo 100% acceso gratuito e ilimitado.<\/p>\n\n\n\n<h3 class=\"wp-block-heading\" id=\"target-audience-and-uses\">P\u00fablico destinatario y usos<\/h3>\n\n\n\n<p class=\"\">El p\u00fablico objetivo de las herramientas para desenfocar im\u00e1genes incluye:<\/p>\n\n\n\n<ul class=\"wp-block-list\">\n<li class=\"\"><strong>Fot\u00f3grafos:<\/strong> Mejora la calidad de las fotos tomadas en condiciones no ideales.<\/li>\n\n\n\n<li class=\"\"><strong>Dise\u00f1adores gr\u00e1ficos:<\/strong> Mejore las im\u00e1genes para utilizarlas en diversos proyectos de dise\u00f1o.<\/li>\n\n\n\n<li class=\"\"><strong>Usuarios de las redes sociales:<\/strong> Aseg\u00farese de que las fotos compartidas en l\u00ednea sean claras y de alta calidad.<\/li>\n\n\n\n<li class=\"\"><strong>Familias:<\/strong> Restaure fotos familiares antiguas que se han vuelto borrosas con el paso del tiempo.<\/li>\n\n\n\n<li class=\"\"><strong>Estudiantes y profesionales:<\/strong> Desenfoque el texto de las im\u00e1genes para mejorar la legibilidad en presentaciones y documentos.<\/li>\n<\/ul>\n\n\n\n<h3 class=\"wp-block-heading\" id=\"industry-applications-and-uses\">Aplicaciones y usos industriales<\/h3>\n\n\n\n<p class=\"\">Las herramientas para desenfocar im\u00e1genes se utilizan ampliamente en varios sectores, entre ellos:<\/p>\n\n\n\n<ul class=\"wp-block-list\">\n<li class=\"\"><strong>Fotograf\u00eda:<\/strong> Aumente la nitidez de las fotos profesionales.<\/li>\n\n\n\n<li class=\"\"><strong>Comercio electr\u00f3nico:<\/strong> Mejore las fotos de los productos para atraer a los clientes.<\/li>\n\n\n\n<li class=\"\"><strong>Medios de comunicaci\u00f3n y publicidad:<\/strong> Garantice im\u00e1genes de alta calidad en los materiales de marketing.<\/li>\n\n\n\n<li class=\"\"><strong>Sanidad:<\/strong> Mejore la legibilidad de los documentos escaneados y las im\u00e1genes m\u00e9dicas.<\/li>\n\n\n\n<li class=\"\"><strong>Educaci\u00f3n:<\/strong> Mejorar la calidad de los materiales educativos y las presentaciones.<\/li>\n<\/ul>\n\n\n\n<h3 class=\"wp-block-heading\" id=\"how-to-use-unblur-image\">C\u00f3mo usar Desenfocar imagen<\/h3>\n\n\n\n<p class=\"\">Sigue estos pasos para desenfocar una imagen utilizando la herramienta recomendada:<\/p>\n\n\n\n<ol class=\"wp-block-list\">\n<li class=\"\"><strong>Abre la herramienta:<\/strong> Ir a <a href=\"https:\/\/aiartfree.online\/es\/desenfocar-imagen\/\">Herramienta para desenfocar im\u00e1genes<\/a>.<\/li>\n\n\n\n<li class=\"\"><strong>Cargue su imagen:<\/strong> Haga clic en el bot\u00f3n de carga y seleccione la imagen borrosa que desea corregir.<\/li>\n\n\n\n<li class=\"\"><strong>Ajusta la configuraci\u00f3n:<\/strong> Utilice los ajustes disponibles para afinar el proceso de desenfoque.<\/li>\n\n\n\n<li class=\"\"><strong>Aplicar cambios:<\/strong> Haga clic en el bot\u00f3n Desenfocar para procesar la imagen.<\/li>\n\n\n\n<li class=\"\"><strong>Descargue el resultado:<\/strong> Una vez finalizado el proceso, descargue la imagen mejorada.<\/li>\n<\/ol>\n\n\n\n<h3 class=\"wp-block-heading\" id=\"unblur-image-usage-cases\">Casos de uso de im\u00e1genes desenfocadas<\/h3>\n\n\n\n<h4 class=\"wp-block-heading\" id=\"enhance-portraits\">Mejorar los retratos<\/h4>\n\n\n\n<p class=\"\">Desenfoca las fotos de retratos para resaltar los rasgos faciales y mejorar la calidad general de la imagen.<\/p>\n\n\n\n<h4 class=\"wp-block-heading\" id=\"restore-old-photos\">Restaurar fotos antiguas<\/h4>\n\n\n\n<p class=\"\">Utiliza las herramientas de desenfoque para dar nitidez a las fotos familiares antiguas y borrosas, y conservar as\u00ed los recuerdos.<\/p>\n\n\n\n<h4 class=\"wp-block-heading\" id=\"improve-product-photos\">Mejorar las fotos de productos<\/h4>\n\n\n\n<p class=\"\">Mejore la calidad de las im\u00e1genes de productos para sitios web de comercio electr\u00f3nico, haci\u00e9ndolas m\u00e1s atractivas para los clientes.<\/p>\n\n\n\n<h4 class=\"wp-block-heading\" id=\"fix-blurry-text\">Corregir texto borroso<\/h4>\n\n\n\n<p class=\"\">Desenfoca el texto de documentos o im\u00e1genes escaneados para mejorar su legibilidad.<\/p>\n\n\n\n<h4 class=\"wp-block-heading\" id=\"correct-camera-shake\">Corregir el movimiento de la c\u00e1mara<\/h4>\n\n\n\n<p class=\"\">Elimina el desenfoque de movimiento causado por las sacudidas de la c\u00e1mara en las fotos tomadas sobre la marcha.<\/p>\n\n\n\n<h3 class=\"wp-block-heading\" id=\"comparison-table-of-unblur-image-tools\">Tabla comparativa de herramientas para desenfocar im\u00e1genes<\/h3>\n\n\n\n<figure class=\"wp-block-table\"><table class=\"has-fixed-layout\"><thead><tr><th>Nombre de la herramienta<\/th><th>URL del sitio web<\/th><th>Ventajas<\/th><th>Desventajas<\/th><\/tr><\/thead><tbody><tr><td>AI Art Herramienta gratuita para desenfocar im\u00e1genes<\/td><td><a href=\"https:\/\/aiartfree.online\/es\/desenfocar-imagen\/\">https:\/\/aiartfree.online\/Unblur-Image<\/a><\/td><td>100% Gratis, Sin registro, Ilimitado<\/td><td>Funciones avanzadas limitadas<\/td><\/tr><tr><td>Fotor<\/td><td>https:\/\/www.fotor.com<\/td><td>F\u00e1cil de usar, m\u00faltiples herramientas de edici\u00f3n<\/td><td>Requiere cuenta para acceso completo<\/td><\/tr><tr><td>Mejorar.Pho.to<\/td><td>https:\/\/enhance.pho.to<\/td><td>Interfaz sencilla y gratuita<\/td><td>Funciones limitadas<\/td><\/tr><tr><td>LunaPic<\/td><td>https:\/\/www.lunapic.com<\/td><td>Gratuito, Herramienta en l\u00ednea<\/td><td>Anuncios en el sitio web<\/td><\/tr><tr><td>PineTools<\/td><td>https:\/\/www.pinetools.com<\/td><td>Gratis, Variedad de herramientas<\/td><td>Interfaz b\u00e1sica<\/td><\/tr><tr><td>Photopea<\/td><td>https:\/\/www.photopea.com<\/td><td>Potente, gratuito<\/td><td>Puede ser complejo para principiantes<\/td><\/tr><tr><td>Adobe Photoshop Express<\/td><td>https:\/\/www.photoshop.com\/tools<\/td><td>Marca de confianza, resultados de alta calidad<\/td><td>Versi\u00f3n gratuita limitada<\/td><\/tr><tr><td>Snapseed<\/td><td>https:\/\/snapseed.online<\/td><td>F\u00e1cil de usar<\/td><td>Requiere descarga<\/td><\/tr><tr><td>GIMP<\/td><td>https:\/\/www.gimp.org<\/td><td>Gratuito, de c\u00f3digo abierto<\/td><td>Curva de aprendizaje pronunciada<\/td><\/tr><tr><td>VanceAI<\/td><td><a href=\"https:\/\/vanceai.com\" target=\"_blank\" rel=\"noopener\">https:\/\/vanceai.com<\/a><\/td><td>Resultados de alta calidad basados en IA<\/td><td>Suscripci\u00f3n de pago obligatoria<\/td><\/tr><\/tbody><\/table><\/figure>\n\n\n\n<h3 class=\"wp-block-heading\" id=\"advantages-disadvantages-and-challenges-of-the-industry\">Ventajas, desventajas y retos de la industria<\/h3>\n\n\n\n<h4 class=\"wp-block-heading\" id=\"advantages\">Ventajas<\/h4>\n\n\n\n<ul class=\"wp-block-list\">\n<li class=\"\"><strong>Accesibilidad:<\/strong> La mayor\u00eda de las herramientas est\u00e1n disponibles en l\u00ednea, lo que facilita el acceso.<\/li>\n\n\n\n<li class=\"\"><strong>Rentable:<\/strong> Muchas herramientas ofrecen versiones gratuitas con potentes funciones.<\/li>\n\n\n\n<li class=\"\"><strong>F\u00e1cil de usar:<\/strong> Dise\u00f1ado para usuarios con distintos niveles de experiencia.<\/li>\n<\/ul>\n\n\n\n<h4 class=\"wp-block-heading\" id=\"disadvantages\">Desventajas<\/h4>\n\n\n\n<ul class=\"wp-block-list\">\n<li class=\"\"><strong>Variaci\u00f3n de la calidad:<\/strong> Los resultados pueden variar en funci\u00f3n de la herramienta utilizada.<\/li>\n\n\n\n<li class=\"\"><strong>Curva de aprendizaje:<\/strong> Algunas herramientas requieren tiempo para aprenderlas y dominarlas.<\/li>\n\n\n\n<li class=\"\"><strong>Cuotas de suscripci\u00f3n:<\/strong> Las funciones avanzadas pueden requerir suscripciones de pago.<\/li>\n<\/ul>\n\n\n\n<h4 class=\"wp-block-heading\" id=\"challenges\">Desaf\u00edos<\/h4>\n\n\n\n<ul class=\"wp-block-list\">\n<li class=\"\"><strong>Mantener la calidad:<\/strong> Garantizar resultados de alta calidad en todas las im\u00e1genes.<\/li>\n\n\n\n<li class=\"\"><strong>Limitaciones tecnol\u00f3gicas:<\/strong> La tecnolog\u00eda de IA puede no manejar a la perfecci\u00f3n todos los tipos de desenfoque.<\/li>\n\n\n\n<li class=\"\"><strong>Expectativas de los usuarios:<\/strong> Satisfacer las diversas expectativas de los usuarios en distintos casos de uso.<\/li>\n<\/ul>\n\n\n\n<h3 class=\"wp-block-heading\" id=\"frequently-asked-questions\">Preguntas frecuentes<\/h3>\n\n\n\n<ol class=\"wp-block-list\">\n<li class=\"\"><strong>\u00bfC\u00f3mo desenfocar una imagen?<\/strong>\n<ul class=\"wp-block-list\">\n<li class=\"\">Utilice una herramienta en l\u00ednea como <a href=\"https:\/\/aiartfree.online\/es\/desenfocar-imagen\/\">AI Art Herramienta gratuita para desenfocar im\u00e1genes<\/a> para cargar y procesar su imagen.<\/li>\n<\/ul>\n<\/li>\n\n\n\n<li class=\"\"><strong>\u00bfC\u00f3mo desenfocar im\u00e1genes?<\/strong>\n<ul class=\"wp-block-list\">\n<li class=\"\">Selecciona una herramienta fiable, sube tu imagen, ajusta la configuraci\u00f3n y aplica el efecto de desenfoque.<\/li>\n<\/ul>\n<\/li>\n\n\n\n<li class=\"\"><strong>\u00bfC\u00f3mo desenfocar una imagen?<\/strong>\n<ul class=\"wp-block-list\">\n<li class=\"\">Siga la gu\u00eda paso a paso proporcionada anteriormente utilizando una herramienta basada en IA.<\/li>\n<\/ul>\n<\/li>\n\n\n\n<li class=\"\"><strong>\u00bfC\u00f3mo desenfocar una imagen en el iPhone?<\/strong>\n<ul class=\"wp-block-list\">\n<li class=\"\">Abra su navegador y visite <a href=\"https:\/\/aiartfree.online\/es\/desenfocar-imagen\/\">AI Art Herramienta gratuita para desenfocar im\u00e1genes<\/a> para desenfocar tu imagen.<\/li>\n<\/ul>\n<\/li>\n\n\n\n<li class=\"\"><strong>\u00bfC\u00f3mo desenfocar una imagen en Photoshop?<\/strong>\n<ul class=\"wp-block-list\">\n<li class=\"\">Abra su navegador y visite <a href=\"https:\/\/aiartfree.online\/es\/desenfocar-imagen\/\">AI Art Herramienta gratuita para desenfocar im\u00e1genes<\/a> para utilizar una alternativa m\u00e1s sencilla.<\/li>\n<\/ul>\n<\/li>\n\n\n\n<li class=\"\"><strong>\u00bfC\u00f3mo aclarar una imagen borrosa?<\/strong>\n<ul class=\"wp-block-list\">\n<li class=\"\">Utiliza una herramienta de enfoque fotogr\u00e1fico para mejorar la nitidez de la imagen.<\/li>\n<\/ul>\n<\/li>\n\n\n\n<li class=\"\"><strong>\u00bfC\u00f3mo desenfocar una foto?<\/strong>\n<ul class=\"wp-block-list\">\n<li class=\"\">Sigue los pasos de la secci\u00f3n \"C\u00f3mo utilizar Desenfoque de imagen\" para eliminar el desenfoque de tu foto.<\/li>\n<\/ul>\n<\/li>\n\n\n\n<li class=\"\"><strong>\u00bfC\u00f3mo corregir las fotos borrosas?<\/strong>\n<ul class=\"wp-block-list\">\n<li class=\"\">Utiliza una herramienta de desenfoque en l\u00ednea para restaurar la claridad de tus fotos borrosas.<\/li>\n<\/ul>\n<\/li>\n\n\n\n<li class=\"\"><strong>\u00bfCu\u00e1l es la mejor herramienta para desenfocar?<\/strong>\n<ul class=\"wp-block-list\">\n<li class=\"\">En <a href=\"https:\/\/aiartfree.online\/es\/desenfocar-imagen\/\">AI Art Herramienta gratuita para desenfocar im\u00e1genes<\/a> es muy recomendable por su facilidad de uso y sus potentes funciones.<\/li>\n<\/ul>\n<\/li>\n\n\n\n<li class=\"\"><strong>\u00bfC\u00f3mo desenfocar el texto de una imagen?<\/strong>\n<ul class=\"wp-block-list\">\n<li class=\"\">Utiliza una herramienta de desenfoque de texto para mejorar la legibilidad del texto borroso de tus im\u00e1genes.<\/li>\n<\/ul>\n<\/li>\n<\/ol>\n\n\n\n<h3 class=\"wp-block-heading\" id=\"summary\">Resumen<\/h3>\n\n\n\n<p class=\"\">Desenfocar im\u00e1genes nunca ha sido tan f\u00e1cil gracias a la disponibilidad de potentes herramientas basadas en IA. Tanto si quieres mejorar fotos de retratos, restaurar im\u00e1genes antiguas o corregir texto borroso, estas herramientas te ofrecen una soluci\u00f3n c\u00f3moda y eficaz. Visite <a href=\"https:\/\/aiartfree.online\/es\/desenfocar-imagen\/\">AI Art Herramienta gratuita para desenfocar im\u00e1genes<\/a> para experimentar la mejor herramienta de desenfoque disponible, 100% gratuita e ilimitada, sin necesidad de registrarse. \u00a1Transforma tus im\u00e1genes borrosas en fotos claras y de alta calidad hoy mismo!<\/p>","protected":false},"excerpt":{"rendered":"<p>Before vs After How to use the Unblur Image *&nbsp;Depending on your internet speed, loading the model may take up to 10 seconds \u2193 Unblur Image: The Ultimate Guide to AI-Powered Photo Blur Removal Outline In this comprehensive guide, we will explore the world of image unblurring, its advantages, functions, target audience, and practical uses. &#8230; <a title=\"Desenfocar imagen\" class=\"read-more\" href=\"https:\/\/aiartfree.online\/es\/desenfocar-imagen\/\" aria-label=\"Leer m\u00e1s sobre Unblur Image\">Leer m\u00e1s<\/a><\/p>","protected":false},"author":1,"featured_media":3450,"parent":0,"menu_order":0,"comment_status":"open","ping_status":"closed","template":"","meta":{"nf_dc_page":"","footnotes":""},"class_list":["post-3445","page","type-page","status-publish","has-post-thumbnail"],"jetpack_sharing_enabled":true,"_links":{"self":[{"href":"https:\/\/aiartfree.online\/es\/wp-json\/wp\/v2\/pages\/3445","targetHints":{"allow":["GET"]}}],"collection":[{"href":"https:\/\/aiartfree.online\/es\/wp-json\/wp\/v2\/pages"}],"about":[{"href":"https:\/\/aiartfree.online\/es\/wp-json\/wp\/v2\/types\/page"}],"author":[{"embeddable":true,"href":"https:\/\/aiartfree.online\/es\/wp-json\/wp\/v2\/users\/1"}],"replies":[{"embeddable":true,"href":"https:\/\/aiartfree.online\/es\/wp-json\/wp\/v2\/comments?post=3445"}],"version-history":[{"count":1,"href":"https:\/\/aiartfree.online\/es\/wp-json\/wp\/v2\/pages\/3445\/revisions"}],"predecessor-version":[{"id":3597,"href":"https:\/\/aiartfree.online\/es\/wp-json\/wp\/v2\/pages\/3445\/revisions\/3597"}],"wp:featuredmedia":[{"embeddable":true,"href":"https:\/\/aiartfree.online\/es\/wp-json\/wp\/v2\/media\/3450"}],"wp:attachment":[{"href":"https:\/\/aiartfree.online\/es\/wp-json\/wp\/v2\/media?parent=3445"}],"curies":[{"name":"wp","href":"https:\/\/api.w.org\/{rel}","templated":true}]}}