{"id":3435,"date":"2024-08-01T13:24:54","date_gmt":"2024-08-01T13:24:54","guid":{"rendered":"https:\/\/aiartfree.online\/?page_id=3435"},"modified":"2025-03-07T08:24:14","modified_gmt":"2025-03-07T08:24:14","slug":"audio-translator","status":"publish","type":"page","link":"https:\/\/aiartfree.online\/es\/traductor-de-audio\/","title":{"rendered":"Traductor de audio"},"content":{"rendered":"<h2 class=\"wp-block-heading\" id=\"how-to-use-the-audio-translator\">C\u00f3mo utilizar el traductor de audio<\/h2>\n\n\n\n<ol class=\"wp-block-list\">\n<li class=\"\">Seleccione la lengua de destino<\/li>\n\n\n\n<li class=\"\">Sube tu archivo de audio<\/li>\n\n\n\n<li class=\"\">Haga clic en \"Traducir\".<\/li>\n\n\n\n<li class=\"\">\u00a1Espera, eso es!<\/li>\n<\/ol>\n\n\n\n<figure class=\"gb-block-image gb-block-image-4dfafe81\"><a href=\"https:\/\/fas.st\/t\/XmtmoHSk\" target=\"_blank\" rel=\"noopener noreferrer\"><img data-recalc-dims=\"1\" decoding=\"async\" loading=\"lazy\" width=\"1200\" height=\"368\" class=\"gb-image gb-image-4dfafe81\" src=\"https:\/\/i0.wp.com\/aiartfree.online\/wp-content\/uploads\/2025\/03\/WX20250307-114300%402x.webp?resize=1200%2C368&#038;ssl=1\" alt=\"\" title=\"WX20250307-114300@2x\" srcset=\"https:\/\/i0.wp.com\/aiartfree.online\/wp-content\/uploads\/2025\/03\/WX20250307-114300%402x.webp?w=1900&amp;ssl=1 1900w, https:\/\/i0.wp.com\/aiartfree.online\/wp-content\/uploads\/2025\/03\/WX20250307-114300%402x.webp?resize=300%2C92&amp;ssl=1 300w, https:\/\/i0.wp.com\/aiartfree.online\/wp-content\/uploads\/2025\/03\/WX20250307-114300%402x.webp?resize=1024%2C314&amp;ssl=1 1024w, https:\/\/i0.wp.com\/aiartfree.online\/wp-content\/uploads\/2025\/03\/WX20250307-114300%402x.webp?resize=768%2C235&amp;ssl=1 768w, https:\/\/i0.wp.com\/aiartfree.online\/wp-content\/uploads\/2025\/03\/WX20250307-114300%402x.webp?resize=1536%2C471&amp;ssl=1 1536w, https:\/\/i0.wp.com\/aiartfree.online\/wp-content\/uploads\/2025\/03\/WX20250307-114300%402x.webp?resize=18%2C6&amp;ssl=1 18w, https:\/\/i0.wp.com\/aiartfree.online\/wp-content\/uploads\/2025\/03\/WX20250307-114300%402x.webp?resize=600%2C184&amp;ssl=1 600w\" sizes=\"auto, (max-width: 1200px) 100vw, 1200px\" \/><\/a><\/figure>\n\n\n\n<p class=\"\"><em>* Dependiendo de su velocidad de Internet, la carga del modelo puede tardar <\/em>hasta 10 segundos \u2193<\/p>\n\n\n\n<div class=\"iframe-wrapper\" style=\"position: relative; width: 100%; height: 1250px;\">\n  <div class=\"loading\" style=\"position: absolute; top: 50px; left: 50%; transform: translate(-50%, -50%); width: 40px; height: 40px; border: 3px solid #f0f0f0; border-top: 3px solid #db7093; border-radius: 50%; animation: spin 1s linear infinite;\"><\/div>\n  <iframe loading=\"lazy\" src=\"https:\/\/facebook-seamless-m4t.hf.space\" frameborder=\"0\" width=\"100%\" height=\"100%\" style=\"position: absolute; top: 0; left: 0; opacity: 0; transition: opacity 0.3s;\" onload=\"this.style.opacity=1;this.previousElementSibling.style.display='none';\"><\/iframe>\n<\/div>\n\n<style>\n@keyframes spin {\n  0% { transform: translate(-50%, -50%) rotate(0deg); }\n  100% { transform: translate(-50%, -50%) rotate(360deg); }\n}\n<\/style>\n\n\n\n<div style=\"height:80px\" aria-hidden=\"true\" class=\"wp-block-spacer\"><\/div>\n\n\n\n<h2 class=\"wp-block-heading\" id=\"audio-translator-the-ultimate-guide\">Traductor de audio: La gu\u00eda definitiva<\/h2>\n\n\n\n<div class=\"wp-block-rank-math-toc-block\" id=\"rank-math-toc\"><h3>\u00cdndice<\/h3><nav><ul><li><a href=\"#introduction\">Introducci\u00f3n<\/a><\/li><li><a href=\"#what-is-an-audio-translator\">\u00bfQu\u00e9 es un traductor de audio?<\/a><\/li><li><a href=\"#why-use-an-audio-translator\">\u00bfPor qu\u00e9 utilizar un traductor de audio?<\/a><ul><li><a href=\"#advantages\">Ventajas<\/a><\/li><\/ul><\/li><li><a href=\"#main-features-of-audio-translators\">Principales caracter\u00edsticas de los traductores de audio<\/a><ul><li><a href=\"#1-speech-recognition\">1. Reconocimiento del habla<\/a><\/li><li><a href=\"#2-multi-language-support\">2. Soporte multiling\u00fce<\/a><\/li><li><a href=\"#3-real-time-translation\">3. Traducci\u00f3n en tiempo real<\/a><\/li><li><a href=\"#4-text-to-speech\">4. Texto a voz<\/a><\/li><li><a href=\"#5-file-upload-and-conversion\">5. Carga y conversi\u00f3n de archivos<\/a><\/li><\/ul><\/li><li><a href=\"#who-should-use-audio-translators\">\u00bfQui\u00e9n debe recurrir a los traductores de audio?<\/a><ul><li><a href=\"#target-audience\">P\u00fablico destinatario<\/a><\/li><\/ul><\/li><li><a href=\"#how-to-use-an-audio-translator\">C\u00f3mo utilizar un traductor de audio<\/a><ul><li><a href=\"#step-by-step-instructions\">Instrucciones paso a paso<\/a><\/li><\/ul><\/li><li><a href=\"#usage-cases-of-audio-translators\">Casos de uso de los traductores de audio<\/a><ul><li><a href=\"#business-meetings\">Reuniones de trabajo<\/a><\/li><li><a href=\"#educational-content\">Contenidos educativos<\/a><\/li><li><a href=\"#customer-support\">Atenci\u00f3n al cliente<\/a><\/li><\/ul><\/li><li><a href=\"#top-10-tools-and-information\">Las 10 mejores herramientas e informaci\u00f3n<\/a><\/li><li><a href=\"#industry-pros-and-cons\">Pros y contras del sector<\/a><ul><li><a href=\"#pros\">Pros<\/a><\/li><li><a href=\"#cons\">Contras<\/a><\/li><\/ul><\/li><li><a href=\"#faq\">PREGUNTAS FRECUENTES<\/a><\/li><li><a href=\"#summary\">Resumen<\/a><\/li><\/ul><\/nav><\/div>\n\n\n\n<h3 class=\"wp-block-heading\" id=\"introduction\">Introducci\u00f3n<\/h3>\n\n\n\n<p class=\"\">En el mundo globalizado de hoy, superar las barreras ling\u00fc\u00edsticas es esencial para una comunicaci\u00f3n eficaz. Los traductores de audio han surgido como potentes herramientas para ayudar a salvar estas distancias, permitiendo la traducci\u00f3n en tiempo real de palabras habladas a diferentes idiomas. Este art\u00edculo se adentra en los entresijos de los traductores de audio, destacando sus ventajas, caracter\u00edsticas y usos, con especial atenci\u00f3n a las mejores herramientas disponibles, entre ellas la muy recomendable <a href=\"https:\/\/aiartfree.online\/es\/traductor-de-audio\/\">AI Art Traductor de audio gratuito<\/a>.<\/p>\n\n\n<div class=\"wp-block-image\">\n<figure class=\"aligncenter size-large is-resized\"><img data-recalc-dims=\"1\" data-dominant-color=\"f5f5f6\" data-has-transparency=\"false\" decoding=\"async\" width=\"1024\" height=\"546\"    loading=\"lazy\" src=\"https:\/\/i0.wp.com\/aiartfree.online\/wp-content\/uploads\/2024\/08\/WX20240801-160930%402x-1-1024x546.webp?resize=1024%2C546&#038;ssl=1\" alt=\"Un traductor de audio es una herramienta o programa inform\u00e1tico que convierte el lenguaje hablado en texto u otro idioma hablado. Estas herramientas utilizan algoritmos avanzados y tecnolog\u00eda de reconocimiento de voz para proporcionar traducciones precisas y en tiempo real, lo que las hace muy valiosas en diversos campos como los negocios, la educaci\u00f3n, los viajes, etc.\" class=\"wp-image-3437 not-transparent\" style=\"--dominant-color: #f5f5f6; width:724px;height:auto\" srcset=\"https:\/\/i0.wp.com\/aiartfree.online\/wp-content\/uploads\/2024\/08\/WX20240801-160930%402x-1-jpg.webp?resize=1024%2C546&amp;ssl=1 1024w, https:\/\/i0.wp.com\/aiartfree.online\/wp-content\/uploads\/2024\/08\/WX20240801-160930%402x-1-jpg.webp?resize=300%2C160&amp;ssl=1 300w, https:\/\/i0.wp.com\/aiartfree.online\/wp-content\/uploads\/2024\/08\/WX20240801-160930%402x-1-jpg.webp?resize=768%2C409&amp;ssl=1 768w, https:\/\/i0.wp.com\/aiartfree.online\/wp-content\/uploads\/2024\/08\/WX20240801-160930%402x-1-jpg.webp?resize=18%2C10&amp;ssl=1 18w, https:\/\/i0.wp.com\/aiartfree.online\/wp-content\/uploads\/2024\/08\/WX20240801-160930%402x-1-jpg.webp?resize=600%2C320&amp;ssl=1 600w, https:\/\/i0.wp.com\/aiartfree.online\/wp-content\/uploads\/2024\/08\/WX20240801-160930%402x-1-jpg.webp?w=1460&amp;ssl=1 1460w\" sizes=\"(max-width: 724px) 100vw, 724px\" \/><\/figure>\n<\/div>\n\n\n<h3 class=\"wp-block-heading\" id=\"what-is-an-audio-translator\">\u00bfQu\u00e9 es un traductor de audio?<\/h3>\n\n\n\n<p class=\"\">Un traductor de audio es una herramienta o programa inform\u00e1tico que convierte el lenguaje hablado en texto u otro idioma hablado. Estas herramientas utilizan algoritmos avanzados y tecnolog\u00eda de reconocimiento de voz para proporcionar traducciones precisas y en tiempo real, lo que las hace muy valiosas en diversos campos como los negocios, la educaci\u00f3n, los viajes, etc.<\/p>\n\n\n\n<h3 class=\"wp-block-heading\" id=\"why-use-an-audio-translator\">\u00bfPor qu\u00e9 utilizar un traductor de audio?<\/h3>\n\n\n\n<h4 class=\"wp-block-heading\" id=\"advantages\">Ventajas<\/h4>\n\n\n\n<ul class=\"wp-block-list\">\n<li class=\"\"><strong>Romper las barreras ling\u00fc\u00edsticas:<\/strong> Comun\u00edquese f\u00e1cilmente con personas que hablan idiomas distintos.<\/li>\n\n\n\n<li class=\"\"><strong>Traducci\u00f3n en tiempo real:<\/strong> Obtenga traducciones instant\u00e1neas, facilitando conversaciones m\u00e1s fluidas.<\/li>\n\n\n\n<li class=\"\"><strong>Accesibilidad:<\/strong> Hacer los contenidos accesibles a un p\u00fablico m\u00e1s amplio, incluidas las personas con deficiencias auditivas.<\/li>\n\n\n\n<li class=\"\"><strong>Eficiencia:<\/strong> Ahorre tiempo en comparaci\u00f3n con los m\u00e9todos tradicionales de traducci\u00f3n.<\/li>\n<\/ul>\n\n\n\n<h3 class=\"wp-block-heading\" id=\"main-features-of-audio-translators\">Principales caracter\u00edsticas de los traductores de audio<\/h3>\n\n\n\n<h4 class=\"wp-block-heading\" id=\"1-speech-recognition\">1. <strong>Reconocimiento de voz<\/strong><\/h4>\n\n\n\n<ul class=\"wp-block-list\">\n<li class=\"\">Traduce palabras habladas a texto.<\/li>\n\n\n\n<li class=\"\">Alta precisi\u00f3n incluso en entornos ruidosos.<\/li>\n<\/ul>\n\n\n\n<h4 class=\"wp-block-heading\" id=\"2-multi-language-support\">2. <strong>Soporte multiling\u00fce<\/strong><\/h4>\n\n\n\n<ul class=\"wp-block-list\">\n<li class=\"\">Admite varios idiomas para la traducci\u00f3n.<\/li>\n\n\n\n<li class=\"\">Por ejemplo: De espa\u00f1ol a ingl\u00e9s, de franc\u00e9s a alem\u00e1n.<\/li>\n<\/ul>\n\n\n\n<h4 class=\"wp-block-heading\" id=\"3-real-time-translation\">3. <strong>Traducci\u00f3n en tiempo real<\/strong><\/h4>\n\n\n\n<ul class=\"wp-block-list\">\n<li class=\"\">Traducci\u00f3n instant\u00e1nea para conversaciones fluidas.<\/li>\n<\/ul>\n\n\n\n<h4 class=\"wp-block-heading\" id=\"4-text-to-speech\">4. <strong>Texto a voz<\/strong><\/h4>\n\n\n\n<ul class=\"wp-block-list\">\n<li class=\"\">Convierte el texto traducido en palabras habladas.<\/li>\n<\/ul>\n\n\n\n<h4 class=\"wp-block-heading\" id=\"5-file-upload-and-conversion\">5. <strong>Carga y conversi\u00f3n de archivos<\/strong><\/h4>\n\n\n\n<ul class=\"wp-block-list\">\n<li class=\"\">Admite la carga de archivos de audio para su transcripci\u00f3n y traducci\u00f3n.<\/li>\n<\/ul>\n\n\n\n<h3 class=\"wp-block-heading\" id=\"who-should-use-audio-translators\">\u00bfQui\u00e9n debe recurrir a los traductores de audio?<\/h3>\n\n\n\n<h4 class=\"wp-block-heading\" id=\"target-audience\">P\u00fablico destinatario<\/h4>\n\n\n\n<ul class=\"wp-block-list\">\n<li class=\"\"><strong>Viajeros:<\/strong> Superar las barreras ling\u00fc\u00edsticas en los viajes.<\/li>\n\n\n\n<li class=\"\"><strong>Profesionales de empresa:<\/strong> Comunicarse con clientes y socios internacionales.<\/li>\n\n\n\n<li class=\"\"><strong>Educadores y estudiantes:<\/strong> Mejorar el aprendizaje y la comprensi\u00f3n de idiomas.<\/li>\n\n\n\n<li class=\"\"><strong>Creadores de contenidos:<\/strong> Haga accesibles los contenidos de audio y v\u00eddeo en varios idiomas.<\/li>\n<\/ul>\n\n\n\n<h3 class=\"wp-block-heading\" id=\"how-to-use-an-audio-translator\">C\u00f3mo utilizar un traductor de audio<\/h3>\n\n\n\n<h4 class=\"wp-block-heading\" id=\"step-by-step-instructions\">Instrucciones paso a paso<\/h4>\n\n\n\n<ol class=\"wp-block-list\">\n<li class=\"\"><strong>Abre la herramienta:<\/strong> Acceder a la herramienta de traducci\u00f3n de audio, como <a href=\"https:\/\/aiartfree.online\/es\/traductor-de-audio\/\">AI Art Traductor de audio gratuito<\/a>.<\/li>\n\n\n\n<li class=\"\"><strong>Sube tu audio:<\/strong> Seleccione y cargue el archivo de audio que desea traducir.<\/li>\n\n\n\n<li class=\"\"><strong>Seleccionar idiomas:<\/strong> Elija las lenguas de origen y destino de la traducci\u00f3n.<\/li>\n\n\n\n<li class=\"\"><strong>Iniciar traducci\u00f3n:<\/strong> Pulse el bot\u00f3n de traducci\u00f3n para iniciar el proceso.<\/li>\n\n\n\n<li class=\"\"><strong>Descargar texto traducido\/audio:<\/strong> Guarda el texto traducido o el archivo de audio para su uso posterior.<\/li>\n<\/ol>\n\n\n\n<h3 class=\"wp-block-heading\" id=\"usage-cases-of-audio-translators\">Casos de uso de los traductores de audio<\/h3>\n\n\n\n<h4 class=\"wp-block-heading\" id=\"business-meetings\">Reuniones de trabajo<\/h4>\n\n\n\n<ul class=\"wp-block-list\">\n<li class=\"\">Traduzca conversaciones en directo para reuniones internacionales.<\/li>\n<\/ul>\n\n\n\n<h4 class=\"wp-block-heading\" id=\"educational-content\">Contenidos educativos<\/h4>\n\n\n\n<ul class=\"wp-block-list\">\n<li class=\"\">Ofrecer conferencias traducidas para estudiantes de distintos or\u00edgenes ling\u00fc\u00edsticos.<\/li>\n<\/ul>\n\n\n\n<h4 class=\"wp-block-heading\" id=\"customer-support\">Atenci\u00f3n al cliente<\/h4>\n\n\n\n<ul class=\"wp-block-list\">\n<li class=\"\">Atienda a los clientes en su lengua materna mediante traducci\u00f3n de voz.<\/li>\n<\/ul>\n\n\n\n<h3 class=\"wp-block-heading\" id=\"top-10-tools-and-information\">Las 10 mejores herramientas e informaci\u00f3n<\/h3>\n\n\n\n<figure class=\"wp-block-table\"><table class=\"has-fixed-layout\"><thead><tr><th>Nombre de la herramienta<\/th><th>URL<\/th><th>Caracter\u00edsticas principales<\/th><th>Pros<\/th><th>Contras<\/th><\/tr><\/thead><tbody><tr><td>AI Art Traductor de audio gratuito<\/td><td><a href=\"https:\/\/aiartfree.online\/es\/traductor-de-audio\/\">https:\/\/aiartfree.online\/audio-translator<\/a><\/td><td>Traducci\u00f3n en tiempo real, multiling\u00fce<\/td><td>100% gratis, uso ilimitado<\/td><td>Soporte ling\u00fc\u00edstico limitado<\/td><\/tr><tr><td>Google Translate<\/td><td><a href=\"https:\/\/translate.google.com\" target=\"_blank\" rel=\"noreferrer noopener\">https:\/\/translate.google.com<\/a><\/td><td>Traducci\u00f3n de texto, voz e im\u00e1genes<\/td><td>Amplio soporte ling\u00fc\u00edstico<\/td><td>Requiere Internet<\/td><\/tr><tr><td>iTranslate<\/td><td>https:\/\/www.itranslate.com\/<\/td><td>Traducci\u00f3n de voz, modo sin conexi\u00f3n<\/td><td>Capacidades offline<\/td><td>Suscripci\u00f3n obligatoria<\/td><\/tr><tr><td>Traductor de Microsoft<\/td><td>https:\/\/translator.microsoft.com\/<\/td><td>Reconocimiento de voz, sincronizaci\u00f3n multidispositivo<\/td><td>Integraci\u00f3n con aplicaciones de MS<\/td><td>Versi\u00f3n gratuita limitada<\/td><\/tr><tr><td>Hablar y traducir<\/td><td>https:\/\/speakandtranslate.app\/<\/td><td>Traducci\u00f3n de voz en tiempo real<\/td><td>Interfaz f\u00e1cil de usar<\/td><td>Compras dentro de la aplicaci\u00f3n<\/td><\/tr><tr><td>SayHi Traducir<\/td><td>https:\/\/www.sayhi.com\/<\/td><td>Traducci\u00f3n de voz, alta precisi\u00f3n<\/td><td>F\u00e1cil de usar<\/td><td>Limitado s\u00f3lo a voz<\/td><\/tr><tr><td>Reverso<\/td><td>https:\/\/www.reverso.net\/<\/td><td>Traducci\u00f3n de texto y voz<\/td><td>Traducciones contextuales<\/td><td>Versi\u00f3n gratuita limitada<\/td><\/tr><tr><td>Papago<\/td><td>https:\/\/papago.naver.com\/<\/td><td>Traducci\u00f3n de voz y texto<\/td><td>Gran precisi\u00f3n para las lenguas asi\u00e1ticas<\/td><td>Lenguas menos conocidas<\/td><\/tr><tr><td>VoiceTra<\/td><td>http:\/\/voicetra.nict.go.jp\/en\/<\/td><td>Traducci\u00f3n de voz, modo offline<\/td><td>Alta precisi\u00f3n<\/td><td>La interfaz puede resultar confusa<\/td><\/tr><tr><td>Linguee<\/td><td>https:\/\/www.linguee.com\/<\/td><td>Traducci\u00f3n de textos, diccionario<\/td><td>Traducciones detalladas<\/td><td>Sin traducci\u00f3n de voz<\/td><\/tr><\/tbody><\/table><\/figure>\n\n\n\n<h3 class=\"wp-block-heading\" id=\"industry-pros-and-cons\">Pros y contras del sector<\/h3>\n\n\n\n<h4 class=\"wp-block-heading\" id=\"pros\">Pros<\/h4>\n\n\n\n<ul class=\"wp-block-list\">\n<li class=\"\"><strong>Eficiencia:<\/strong> Traducciones r\u00e1pidas y sencillas.<\/li>\n\n\n\n<li class=\"\"><strong>Rentable:<\/strong> Reduce la necesidad de traductores profesionales.<\/li>\n\n\n\n<li class=\"\"><strong>Accesibilidad:<\/strong> Pone los contenidos a disposici\u00f3n de los hablantes no nativos.<\/li>\n<\/ul>\n\n\n\n<h4 class=\"wp-block-heading\" id=\"cons\">Contras<\/h4>\n\n\n\n<ul class=\"wp-block-list\">\n<li class=\"\"><strong>Problemas de precisi\u00f3n:<\/strong> No siempre es 100% preciso, especialmente con idiomas complejos.<\/li>\n\n\n\n<li class=\"\"><strong>Dependencia de la tecnolog\u00eda:<\/strong> Requiere Internet y dispositivos fiables.<\/li>\n\n\n\n<li class=\"\"><strong>Comprensi\u00f3n limitada del contexto:<\/strong> Puede no comprender los matices o el contexto cultural.<\/li>\n<\/ul>\n\n\n\n<h3 class=\"wp-block-heading\" id=\"faq\">PREGUNTAS FRECUENTES<\/h3>\n\n\n\n<ol class=\"wp-block-list\">\n<li class=\"\"><strong>\u00bfC\u00f3mo traducir audio a texto?<\/strong>\n<ul class=\"wp-block-list\">\n<li class=\"\">Utiliza herramientas como <a href=\"https:\/\/aiartfree.online\/es\/traductor-de-audio\/\">AI Art Traductor de audio gratuito<\/a> para una conversi\u00f3n precisa de audio a texto.<\/li>\n<\/ul>\n<\/li>\n\n\n\n<li class=\"\"><strong>\u00bfC\u00f3mo traducir el audio de un v\u00eddeo?<\/strong>\n<ul class=\"wp-block-list\">\n<li class=\"\">Extrae el audio del v\u00eddeo y c\u00e1rgalo en una herramienta de traducci\u00f3n de audio.<\/li>\n<\/ul>\n<\/li>\n\n\n\n<li class=\"\"><strong>\u00bfC\u00f3mo traducir audio a texto?<\/strong>\n<ul class=\"wp-block-list\">\n<li class=\"\">Utiliza programas de reconocimiento de voz para convertir palabras habladas en texto.<\/li>\n<\/ul>\n<\/li>\n\n\n\n<li class=\"\"><strong>\u00bfPuede Google traducir audio?<\/strong>\n<ul class=\"wp-block-list\">\n<li class=\"\">S\u00ed, Google Translate puede traducir palabras habladas en tiempo real.<\/li>\n<\/ul>\n<\/li>\n\n\n\n<li class=\"\"><strong>\u00bfC\u00f3mo traducir audio?<\/strong>\n<ul class=\"wp-block-list\">\n<li class=\"\">Carga el archivo de audio en una herramienta de traducci\u00f3n y selecciona la lengua de destino.<\/li>\n<\/ul>\n<\/li>\n<\/ol>\n\n\n\n<h3 class=\"wp-block-heading\" id=\"summary\">Resumen<\/h3>\n\n\n\n<p class=\"\">Los traductores de audio son herramientas indispensables para romper las barreras ling\u00fc\u00edsticas y proporcionar traducciones precisas y en tiempo real de las palabras habladas. Ofrecen numerosas ventajas, como accesibilidad, eficacia y rentabilidad. Para experimentar de primera mano las ventajas de un traductor de audio, pruebe <a href=\"https:\/\/aiartfree.online\/es\/traductor-de-audio\/\">AI Art Traductor de audio gratuito<\/a> hoy. Adopte el futuro de la comunicaci\u00f3n y mejore su capacidad para conectar con personas de todo el mundo.<\/p>","protected":false},"excerpt":{"rendered":"<p>How to use the Audio Translator *&nbsp;Depending on your internet speed, loading the model may take up to 10 seconds \u2193 Audio Translator: The Ultimate Guide Introduction In today&#8217;s globalized world, overcoming language barriers is essential for effective communication. Audio translators have emerged as powerful tools to help bridge these gaps, enabling real-time translation of &#8230; <a title=\"Traductor de audio\" class=\"read-more\" href=\"https:\/\/aiartfree.online\/es\/traductor-de-audio\/\" aria-label=\"Leer m\u00e1s sobre Audio Translator\">Leer m\u00e1s<\/a><\/p>","protected":false},"author":1,"featured_media":3437,"parent":0,"menu_order":0,"comment_status":"open","ping_status":"closed","template":"","meta":{"nf_dc_page":"","footnotes":""},"class_list":["post-3435","page","type-page","status-publish","has-post-thumbnail"],"jetpack_sharing_enabled":true,"_links":{"self":[{"href":"https:\/\/aiartfree.online\/es\/wp-json\/wp\/v2\/pages\/3435","targetHints":{"allow":["GET"]}}],"collection":[{"href":"https:\/\/aiartfree.online\/es\/wp-json\/wp\/v2\/pages"}],"about":[{"href":"https:\/\/aiartfree.online\/es\/wp-json\/wp\/v2\/types\/page"}],"author":[{"embeddable":true,"href":"https:\/\/aiartfree.online\/es\/wp-json\/wp\/v2\/users\/1"}],"replies":[{"embeddable":true,"href":"https:\/\/aiartfree.online\/es\/wp-json\/wp\/v2\/comments?post=3435"}],"version-history":[{"count":1,"href":"https:\/\/aiartfree.online\/es\/wp-json\/wp\/v2\/pages\/3435\/revisions"}],"predecessor-version":[{"id":3602,"href":"https:\/\/aiartfree.online\/es\/wp-json\/wp\/v2\/pages\/3435\/revisions\/3602"}],"wp:featuredmedia":[{"embeddable":true,"href":"https:\/\/aiartfree.online\/es\/wp-json\/wp\/v2\/media\/3437"}],"wp:attachment":[{"href":"https:\/\/aiartfree.online\/es\/wp-json\/wp\/v2\/media?parent=3435"}],"curies":[{"name":"wp","href":"https:\/\/api.w.org\/{rel}","templated":true}]}}