{"id":3430,"date":"2024-08-01T13:11:52","date_gmt":"2024-08-01T13:11:52","guid":{"rendered":"https:\/\/aiartfree.online\/?page_id=3430"},"modified":"2024-08-02T11:23:09","modified_gmt":"2024-08-02T11:23:09","slug":"arcane-ai","status":"publish","type":"page","link":"https:\/\/aiartfree.online\/es\/arcano-ai\/","title":{"rendered":"IA Arcana"},"content":{"rendered":"<h2 class=\"wp-block-heading has-text-align-center\" id=\"before-vs-after\">Antes y despu\u00e9s<\/h2>\n\n\n\n<figure class=\"gb-block-image gb-block-image-1822da1f\"><img data-recalc-dims=\"1\" decoding=\"async\" loading=\"lazy\" width=\"1200\" height=\"586\" class=\"gb-image gb-image-1822da1f\" src=\"https:\/\/i0.wp.com\/aiartfree.online\/wp-content\/uploads\/2024\/08\/WX20240801-154423%402x-jpg.webp?resize=1200%2C586&#038;ssl=1\" alt=\"Transforma tus fotos en impresionantes obras de arte al estilo Arcano con Arcane AI. Disfruta de conversiones ilimitadas y gratuitas sin necesidad de registrarte. Perfecto para artistas y redes sociales.\" title=\"WX20240801-154423@2x\" srcset=\"https:\/\/i0.wp.com\/aiartfree.online\/wp-content\/uploads\/2024\/08\/WX20240801-154423%402x-jpg.webp?w=1478&amp;ssl=1 1478w, https:\/\/i0.wp.com\/aiartfree.online\/wp-content\/uploads\/2024\/08\/WX20240801-154423%402x-jpg.webp?resize=300%2C147&amp;ssl=1 300w, https:\/\/i0.wp.com\/aiartfree.online\/wp-content\/uploads\/2024\/08\/WX20240801-154423%402x-jpg.webp?resize=1024%2C500&amp;ssl=1 1024w, https:\/\/i0.wp.com\/aiartfree.online\/wp-content\/uploads\/2024\/08\/WX20240801-154423%402x-jpg.webp?resize=768%2C375&amp;ssl=1 768w, https:\/\/i0.wp.com\/aiartfree.online\/wp-content\/uploads\/2024\/08\/WX20240801-154423%402x-jpg.webp?resize=18%2C9&amp;ssl=1 18w, https:\/\/i0.wp.com\/aiartfree.online\/wp-content\/uploads\/2024\/08\/WX20240801-154423%402x-jpg.webp?resize=600%2C293&amp;ssl=1 600w\" sizes=\"auto, (max-width: 1200px) 100vw, 1200px\" \/><\/figure>\n\n\n\n<h2 class=\"wp-block-heading\" id=\"how-to-use-the-arcane-ai\">C\u00f3mo utilizar la IA Arcana<\/h2>\n\n\n\n<ol class=\"wp-block-list\">\n<li class=\"\">Suelte o cargue su imagen<\/li>\n\n\n\n<li class=\"\">Haga clic en \"Enviar\".<\/li>\n\n\n\n<li class=\"\">\u00a1Espera, eso es!<\/li>\n<\/ol>\n\n\n\n<p class=\"\">* No dudes en probar nuestros ejemplos a continuaci\u00f3n si no tienes ninguna idea en la cabeza<\/p>\n\n\n\n<p class=\"\"><em>* Dependiendo de su velocidad de Internet, la carga del modelo puede tardar <\/em>hasta 10 segundos \u2193<\/p>\n\n\n\n<div class=\"iframe-wrapper\" style=\"position: relative; width: 100%; height: 1200px;\">\n  <div class=\"loading\" style=\"position: absolute; top: 50px; left: 50%; transform: translate(-50%, -50%); width: 40px; height: 40px; border: 3px solid #f0f0f0; border-top: 3px solid #db7093; border-radius: 50%; animation: spin 1s linear infinite;\"><\/div>\n  <iframe loading=\"lazy\" src=\"https:\/\/akhaliq-arcanegan.hf.space\" frameborder=\"0\" width=\"100%\" height=\"100%\" style=\"position: absolute; top: 0; left: 0; opacity: 0; transition: opacity 0.3s;\" onload=\"this.style.opacity=1;this.previousElementSibling.style.display='none';\"><\/iframe>\n<\/div>\n\n<style>\n@keyframes spin {\n  0% { transform: translate(-50%, -50%) rotate(0deg); }\n  100% { transform: translate(-50%, -50%) rotate(360deg); }\n}\n<\/style>\n\n\n\n<div style=\"height:60px\" aria-hidden=\"true\" class=\"wp-block-spacer\"><\/div>\n\n\n\n<h2 class=\"wp-block-heading\" id=\"arcane-ai-transform-your-portraits-into-stunning-arcane-art\">Arcane AI: transforma tus retratos en asombrosas obras de arte arcano<\/h2>\n\n\n\n<div class=\"wp-block-rank-math-toc-block\" id=\"rank-math-toc\"><h3>\u00cdndice<\/h3><nav><ul><li><a href=\"#outline\">Esquema<\/a><\/li><li><a href=\"#what-is-arcane-ai\">\u00bfQu\u00e9 es la IA Arcana?<\/a><\/li><li><a href=\"#why-use-arcane-ai\">\u00bfPor qu\u00e9 utilizar la IA Arcana?<\/a><\/li><li><a href=\"#main-features-of-arcane-ai\">Principales caracter\u00edsticas de Arcane AI<\/a><ul><li><a href=\"#feature-1-high-quality-transformations\">Caracter\u00edstica 1: transformaciones de alta calidad<\/a><\/li><li><a href=\"#feature-2-user-friendly-interface\">Caracter\u00edstica 2: Interfaz f\u00e1cil de usar<\/a><\/li><\/ul><\/li><li><a href=\"#target-audience-and-uses\">P\u00fablico destinatario y usos<\/a><\/li><li><a href=\"#how-to-use-arcane-ai\">C\u00f3mo utilizar la IA Arcana<\/a><\/li><li><a href=\"#usage-cases\">Casos de uso<\/a><ul><li><a href=\"#social-media-content\">Contenido de las redes sociales<\/a><\/li><li><a href=\"#artistic-projects\">Proyectos art\u00edsticos<\/a><\/li><li><a href=\"#personal-use\">Uso personal<\/a><\/li><\/ul><\/li><li><a href=\"#industry-insights\">Perspectivas del sector<\/a><ul><li><a href=\"#advantages\">Ventajas<\/a><\/li><li><a href=\"#disadvantages\">Desventajas<\/a><\/li><li><a href=\"#challenges\">Desaf\u00edos<\/a><\/li><li><a href=\"#suggestions\">Sugerencias<\/a><\/li><\/ul><\/li><li><a href=\"#10-related-information-and-tools\">10 Informaci\u00f3n y herramientas relacionadas<\/a><\/li><li><a href=\"#faq\">PREGUNTAS FRECUENTES<\/a><ul><li><a href=\"#1-how-do-i-enhance-a-photo\">1. \u00bfC\u00f3mo puedo mejorar una foto?<\/a><\/li><li><a href=\"#2-can-i-use-arcane-ai-for-free\">2. \u00bfPuedo utilizar la IA Arcana de forma gratuita?<\/a><\/li><li><a href=\"#3-do-i-need-to-sign-up-to-use-arcane-ai\">3. \u00bfNecesito registrarme para utilizar la IA Arcana?<\/a><\/li><li><a href=\"#4-what-kind-of-photos-work-best-with-arcane-ai\">4. \u00bfQu\u00e9 tipo de fotos funcionan mejor con la IA Arcana?<\/a><\/li><li><a href=\"#5-is-there-a-limit-to-how-many-photos-i-can-convert\">5. \u00bfExiste un l\u00edmite en el n\u00famero de fotos que puedo convertir?<\/a><\/li><li><a href=\"#6-can-i-use-arcane-ai-on-my-phone\">6. \u00bfPuedo utilizar Arcane AI en mi tel\u00e9fono?<\/a><\/li><li><a href=\"#7-what-file-formats-are-supported-by-arcane-ai\">7. \u00bfQu\u00e9 formatos de archivo admite Arcane AI?<\/a><\/li><li><a href=\"#8-how-long-does-the-conversion-process-take\">8. \u00bfCu\u00e1nto dura el proceso de conversi\u00f3n?<\/a><\/li><li><a href=\"#9-can-i-edit-the-arcane-style-photo-after-conversion\">9. \u00bfPuedo editar la foto de estilo arcano despu\u00e9s de la conversi\u00f3n?<\/a><\/li><li><a href=\"#10-are-there-other-styles-available-besides-arcane\">10. \u00bfHay otros estilos disponibles adem\u00e1s de Arcano?<\/a><\/li><\/ul><\/li><li><a href=\"#summary\">Resumen<\/a><\/li><\/ul><\/nav><\/div>\n\n\n\n<h3 class=\"wp-block-heading\" id=\"outline\">Esquema<\/h3>\n\n\n\n<p class=\"\">Este art\u00edculo explora Arcane AI, una herramienta que transforma fotos en arte de estilo arcano. Hablaremos de su definici\u00f3n, ventajas, funciones principales, p\u00fablico objetivo, instrucciones de uso, aplicaciones reales y puntos de vista del sector, y responderemos a las preguntas m\u00e1s frecuentes.<\/p>\n\n\n\n<h3 class=\"wp-block-heading\" id=\"what-is-arcane-ai\">\u00bfQu\u00e9 es la IA Arcana?<\/h3>\n\n\n\n<p class=\"\">Arcane AI es una herramienta avanzada que permite a los usuarios convertir sus fotos en obras de arte al estilo Arcane. Aprovecha sofisticados algoritmos para transformar retratos normales en piezas \u00fanicas y visualmente cautivadoras que recuerdan a la est\u00e9tica Arcane.<\/p>\n\n\n\n<h3 class=\"wp-block-heading\" id=\"why-use-arcane-ai\">\u00bfPor qu\u00e9 utilizar la IA Arcana?<\/h3>\n\n\n\n<p class=\"\">Arcane AI ofrece varias razones de peso para utilizar sus servicios:<\/p>\n\n\n\n<ul class=\"wp-block-list\">\n<li class=\"\"><strong>100% Gratis<\/strong>: Sin coste de utilizaci\u00f3n.<\/li>\n\n\n\n<li class=\"\"><strong>Conversiones ilimitadas<\/strong>: Transforma tantas fotos como quieras.<\/li>\n\n\n\n<li class=\"\"><strong>N\u00ba 1 en calidad<\/strong>: L\u00edder del mercado en transformaciones de estilo arcano.<\/li>\n\n\n\n<li class=\"\"><strong>No es necesario inscribirse<\/strong>: Acceso instant\u00e1neo sin necesidad de registro.<\/li>\n<\/ul>\n\n\n\n<h3 class=\"wp-block-heading\" id=\"main-features-of-arcane-ai\">Principales caracter\u00edsticas de Arcane AI<\/h3>\n\n\n\n<h4 class=\"wp-block-heading\" id=\"feature-1-high-quality-transformations\">Caracter\u00edstica 1: transformaciones de alta calidad<\/h4>\n\n\n\n<p class=\"\">Arcane AI ofrece la m\u00e1xima calidad en la conversi\u00f3n de retratos al estilo Arcane. La herramienta garantiza que cada detalle se conserve meticulosamente y se mejore art\u00edsticamente.<\/p>\n\n\n\n<h4 class=\"wp-block-heading\" id=\"feature-2-user-friendly-interface\">Caracter\u00edstica 2: Interfaz f\u00e1cil de usar<\/h4>\n\n\n\n<p class=\"\">La interfaz est\u00e1 dise\u00f1ada para ser intuitiva, lo que facilita su uso a cualquier persona, independientemente de sus conocimientos t\u00e9cnicos.<\/p>\n\n\n\n<h3 class=\"wp-block-heading\" id=\"target-audience-and-uses\">P\u00fablico destinatario y usos<\/h3>\n\n\n\n<p class=\"\">Arcane AI es perfecto para:<\/p>\n\n\n\n<ul class=\"wp-block-list\">\n<li class=\"\"><strong>Artistas<\/strong>: Buscando explorar nuevos estilos e inspiraciones.<\/li>\n\n\n\n<li class=\"\"><strong>Entusiastas de las redes sociales<\/strong>: Buscando contenidos \u00fanicos para compartir.<\/li>\n\n\n\n<li class=\"\"><strong>Dise\u00f1adores gr\u00e1ficos<\/strong>: Necesidad de activos creativos para proyectos.<\/li>\n\n\n\n<li class=\"\"><strong>Usuarios en general<\/strong>: Interesado en transformar fotos personales.<\/li>\n<\/ul>\n\n\n\n<h3 class=\"wp-block-heading\" id=\"how-to-use-arcane-ai\">C\u00f3mo utilizar la IA Arcana<\/h3>\n\n\n\n<p class=\"\">Sigue estos sencillos pasos para utilizar la IA Arcana:<\/p>\n\n\n\n<ol class=\"wp-block-list\">\n<li class=\"\"><strong>Visite el sitio web<\/strong>: Ir a <a href=\"https:\/\/aiartfree.online\/es\/arcano-ai\/\">IA Arcana<\/a>.<\/li>\n\n\n\n<li class=\"\"><strong>Cargue su foto<\/strong>: Haga clic en el bot\u00f3n de carga y seleccione su retrato.<\/li>\n\n\n\n<li class=\"\"><strong>Aplicar Estilo Arcano<\/strong>: Pulse el bot\u00f3n del micr\u00f3fono para iniciar la conversi\u00f3n.<\/li>\n\n\n\n<li class=\"\"><strong>Descargar el material gr\u00e1fico<\/strong>: Guarda la imagen transformada en tu dispositivo.<\/li>\n<\/ol>\n\n\n\n<h3 class=\"wp-block-heading\" id=\"usage-cases\">Casos de uso<\/h3>\n\n\n\n<h4 class=\"wp-block-heading\" id=\"social-media-content\">Contenido de las redes sociales<\/h4>\n\n\n\n<p class=\"\">Mejora tu presencia en las redes sociales con retratos \u00fanicos y llamativos de estilo arcano.<\/p>\n\n\n\n<h4 class=\"wp-block-heading\" id=\"artistic-projects\">Proyectos art\u00edsticos<\/h4>\n\n\n\n<p class=\"\">Incorpore obras de arte de Arcane AI a sus proyectos art\u00edsticos para darles un toque distintivo.<\/p>\n\n\n\n<h4 class=\"wp-block-heading\" id=\"personal-use\">Uso personal<\/h4>\n\n\n\n<p class=\"\">Transforme fotos familiares o im\u00e1genes personales en bellas obras de arte.<\/p>\n\n\n\n<h3 class=\"wp-block-heading\" id=\"industry-insights\">Perspectivas del sector<\/h3>\n\n\n\n<h4 class=\"wp-block-heading\" id=\"advantages\">Ventajas<\/h4>\n\n\n\n<ul class=\"wp-block-list\">\n<li class=\"\"><strong>Resultados de alta calidad<\/strong>: Garantiza resultados de calidad profesional.<\/li>\n\n\n\n<li class=\"\"><strong>F\u00e1cil accesibilidad<\/strong>: Disponible en l\u00ednea sin descargas.<\/li>\n\n\n\n<li class=\"\"><strong>Amplia aplicaci\u00f3n<\/strong>: Adecuado para diversos campos creativos.<\/li>\n<\/ul>\n\n\n\n<h4 class=\"wp-block-heading\" id=\"disadvantages\">Desventajas<\/h4>\n\n\n\n<ul class=\"wp-block-list\">\n<li class=\"\"><strong>Opciones de estilo limitadas<\/strong>: Actualmente se centra s\u00f3lo en el estilo arcano.<\/li>\n<\/ul>\n\n\n\n<h4 class=\"wp-block-heading\" id=\"challenges\">Desaf\u00edos<\/h4>\n\n\n\n<ul class=\"wp-block-list\">\n<li class=\"\"><strong>Ruido de fondo<\/strong>: Garantizar transformaciones precisas a pesar de las distintas calidades de las fotos.<\/li>\n<\/ul>\n\n\n\n<h4 class=\"wp-block-heading\" id=\"suggestions\">Sugerencias<\/h4>\n\n\n\n<ul class=\"wp-block-list\">\n<li class=\"\"><strong>Expandir estilos<\/strong>: Introducir m\u00e1s estilos art\u00edsticos para un mayor atractivo.<\/li>\n\n\n\n<li class=\"\"><strong>Herramientas mejoradas<\/strong>: Desarrolle funciones adicionales para una mayor personalizaci\u00f3n.<\/li>\n<\/ul>\n\n\n\n<h3 class=\"wp-block-heading\" id=\"10-related-information-and-tools\">10 Informaci\u00f3n y herramientas relacionadas<\/h3>\n\n\n\n<figure class=\"wp-block-table\"><table class=\"has-fixed-layout\"><thead><tr><th>P\u00e1gina web<\/th><th>Caracter\u00edsticas<\/th><th>Ventajas<\/th><th>Desventajas<\/th><th>Sugerencias<\/th><\/tr><\/thead><tbody><tr><td><a href=\"https:\/\/aiartfree.online\/es\/arcano-ai\/\" data-type=\"link\" data-id=\"https:\/\/aiartfree.online\/auto-draft\/\">IA Arcana<\/a><\/td><td>Transformaciones al estilo arcano<\/td><td>Alta calidad, f\u00e1cil de usar<\/td><td>Limitado a un estilo<\/td><td>Ampliar estilos<\/td><\/tr><tr><td>DeepArt.io<\/td><td>Varios estilos art\u00edsticos<\/td><td>M\u00faltiples estilos, f\u00e1cil de usar<\/td><td>Funciones de pago<\/td><td>M\u00e1s opciones gratuitas<\/td><\/tr><tr><td>Prisma<\/td><td>Conversiones de fotos a pinturas<\/td><td>Muchos filtros, compartir en redes sociales<\/td><td>Requiere la instalaci\u00f3n de una aplicaci\u00f3n<\/td><td>Versi\u00f3n web<\/td><\/tr><tr><td>BeFunky<\/td><td>Herramientas de edici\u00f3n de fotos<\/td><td>Herramientas vers\u00e1tiles y f\u00e1ciles de usar<\/td><td>Algunas funciones son de pago<\/td><td>M\u00e1s herramientas gratuitas<\/td><\/tr><tr><td>GoArt<\/td><td>Generador de arte fotogr\u00e1fico AI<\/td><td>Diferentes estilos, interfaz de usuario sencilla<\/td><td>Versi\u00f3n gratuita limitada<\/td><td>Aumentar los l\u00edmites libres<\/td><\/tr><tr><td>Lunapic<\/td><td>Edici\u00f3n de fotos en l\u00ednea<\/td><td>Numerosas opciones de edici\u00f3n<\/td><td>Interfaz anticuada<\/td><td>Modernizar la interfaz de usuario<\/td><\/tr><tr><td>Fotor<\/td><td>Dise\u00f1o gr\u00e1fico y edici\u00f3n<\/td><td>Amplio conjunto de herramientas<\/td><td>Anuncios en la versi\u00f3n gratuita<\/td><td>Experiencia sin anuncios<\/td><\/tr><tr><td>Pikazo<\/td><td>Arte fotogr\u00e1fico basado en IA<\/td><td>Estilos \u00fanicos, f\u00e1ciles de usar<\/td><td>Requiere inscripci\u00f3n<\/td><td>Sin opci\u00f3n de inscripci\u00f3n<\/td><\/tr><tr><td>Pintor AI<\/td><td>Creaci\u00f3n art\u00edstica basada en IA<\/td><td>Resultados de alta calidad, sencillos<\/td><td>Pocos estilos<\/td><td>M\u00e1s opciones de estilo<\/td><\/tr><tr><td>Artisto<\/td><td>Transformaciones de v\u00eddeo a arte<\/td><td>Edici\u00f3n de v\u00eddeo, varios estilos<\/td><td>Limitado a v\u00eddeos<\/td><td>A\u00f1adir opciones de fotos<\/td><\/tr><\/tbody><\/table><\/figure>\n\n\n\n<h3 class=\"wp-block-heading\" id=\"faq\">PREGUNTAS FRECUENTES<\/h3>\n\n\n\n<h4 class=\"wp-block-heading\" id=\"1-how-do-i-enhance-a-photo\">1. \u00bfC\u00f3mo puedo mejorar una foto?<\/h4>\n\n\n\n<p class=\"\">Utilice herramientas basadas en IA, como Arcane AI, para facilitar las mejoras.<\/p>\n\n\n\n<h4 class=\"wp-block-heading\" id=\"2-can-i-use-arcane-ai-for-free\">2. \u00bfPuedo utilizar la IA Arcana de forma gratuita?<\/h4>\n\n\n\n<p class=\"\">S\u00ed, Arcane AI es 100% libre.<\/p>\n\n\n\n<h4 class=\"wp-block-heading\" id=\"3-do-i-need-to-sign-up-to-use-arcane-ai\">3. \u00bfNecesito registrarme para utilizar la IA Arcana?<\/h4>\n\n\n\n<p class=\"\">No, no es necesario inscribirse.<\/p>\n\n\n\n<h4 class=\"wp-block-heading\" id=\"4-what-kind-of-photos-work-best-with-arcane-ai\">4. \u00bfQu\u00e9 tipo de fotos funcionan mejor con la IA Arcana?<\/h4>\n\n\n\n<p class=\"\">Los mejores resultados se obtienen con retratos de alta calidad y bien iluminados.<\/p>\n\n\n\n<h4 class=\"wp-block-heading\" id=\"5-is-there-a-limit-to-how-many-photos-i-can-convert\">5. \u00bfExiste un l\u00edmite en el n\u00famero de fotos que puedo convertir?<\/h4>\n\n\n\n<p class=\"\">No, puedes convertir un n\u00famero ilimitado de fotos.<\/p>\n\n\n\n<h4 class=\"wp-block-heading\" id=\"6-can-i-use-arcane-ai-on-my-phone\">6. \u00bfPuedo utilizar Arcane AI en mi tel\u00e9fono?<\/h4>\n\n\n\n<p class=\"\">S\u00ed, la herramienta es accesible tanto en dispositivos m\u00f3viles como de sobremesa.<\/p>\n\n\n\n<h4 class=\"wp-block-heading\" id=\"7-what-file-formats-are-supported-by-arcane-ai\">7. \u00bfQu\u00e9 formatos de archivo admite Arcane AI?<\/h4>\n\n\n\n<p class=\"\">Se admiten formatos comunes como JPG y PNG.<\/p>\n\n\n\n<h4 class=\"wp-block-heading\" id=\"8-how-long-does-the-conversion-process-take\">8. \u00bfCu\u00e1nto dura el proceso de conversi\u00f3n?<\/h4>\n\n\n\n<p class=\"\">Suele tardar entre unos segundos y un minuto, dependiendo del tama\u00f1o de la foto.<\/p>\n\n\n\n<h4 class=\"wp-block-heading\" id=\"9-can-i-edit-the-arcane-style-photo-after-conversion\">9. \u00bfPuedo editar la foto de estilo arcano despu\u00e9s de la conversi\u00f3n?<\/h4>\n\n\n\n<p class=\"\">S\u00ed, puedes seguir editando la foto con otras herramientas.<\/p>\n\n\n\n<h4 class=\"wp-block-heading\" id=\"10-are-there-other-styles-available-besides-arcane\">10. \u00bfHay otros estilos disponibles adem\u00e1s de Arcano?<\/h4>\n\n\n\n<p class=\"\">Actualmente, la IA Arcana se centra en el estilo Arcano, pero es posible que se a\u00f1adan m\u00e1s estilos en el futuro.<\/p>\n\n\n\n<h3 class=\"wp-block-heading\" id=\"summary\">Resumen<\/h3>\n\n\n\n<p class=\"\">Arcane AI es una herramienta potente y f\u00e1cil de usar para transformar retratos en impresionantes obras de arte de estilo arcano. Su uso gratuito e ilimitado la hace accesible a todo el mundo. Empieza a usar Arcane AI hoy mismo para crear im\u00e1genes \u00fanicas y llamativas sin esfuerzo.<\/p>\n\n\n\n<p class=\"\">Prueba Arcane AI ahora y transforma tus fotos en incre\u00edbles obras de arte al estilo de Arcane en <a href=\"https:\/\/aiartfree.online\/es\/arcano-ai\/\">IA Arcana<\/a>.<\/p>\n\n\n\n<p class=\"\">Si tiene m\u00e1s preguntas, puede hacerlas aqu\u00ed <a href=\"https:\/\/chatgpt4o.space\/\" data-type=\"link\" data-id=\"https:\/\/chatgpt4o.space\/\" target=\"_blank\" rel=\"noreferrer noopener\">chat en l\u00ednea gratis GPT 4o<\/a>.<\/p>","protected":false},"excerpt":{"rendered":"<p>Before vs After How to use the Arcane AI * Feel free to try our examples below if you don&#8217;t have any thoughts in your mind *&nbsp;Depending on your internet speed, loading the model may take up to 10 seconds \u2193 Arcane AI: Transform Your Portraits into Stunning Arcane Art Outline This article explores Arcane &#8230; <a title=\"IA Arcana\" class=\"read-more\" href=\"https:\/\/aiartfree.online\/es\/arcano-ai\/\" aria-label=\"Leer m\u00e1s sobre Arcane AI\">Leer m\u00e1s<\/a><\/p>","protected":false},"author":1,"featured_media":3434,"parent":0,"menu_order":0,"comment_status":"open","ping_status":"closed","template":"","meta":{"nf_dc_page":"","footnotes":""},"class_list":["post-3430","page","type-page","status-publish","has-post-thumbnail"],"jetpack_sharing_enabled":true,"_links":{"self":[{"href":"https:\/\/aiartfree.online\/es\/wp-json\/wp\/v2\/pages\/3430","targetHints":{"allow":["GET"]}}],"collection":[{"href":"https:\/\/aiartfree.online\/es\/wp-json\/wp\/v2\/pages"}],"about":[{"href":"https:\/\/aiartfree.online\/es\/wp-json\/wp\/v2\/types\/page"}],"author":[{"embeddable":true,"href":"https:\/\/aiartfree.online\/es\/wp-json\/wp\/v2\/users\/1"}],"replies":[{"embeddable":true,"href":"https:\/\/aiartfree.online\/es\/wp-json\/wp\/v2\/comments?post=3430"}],"version-history":[{"count":0,"href":"https:\/\/aiartfree.online\/es\/wp-json\/wp\/v2\/pages\/3430\/revisions"}],"wp:featuredmedia":[{"embeddable":true,"href":"https:\/\/aiartfree.online\/es\/wp-json\/wp\/v2\/media\/3434"}],"wp:attachment":[{"href":"https:\/\/aiartfree.online\/es\/wp-json\/wp\/v2\/media?parent=3430"}],"curies":[{"name":"wp","href":"https:\/\/api.w.org\/{rel}","templated":true}]}}