{"id":3416,"date":"2024-08-01T09:41:23","date_gmt":"2024-08-01T09:41:23","guid":{"rendered":"https:\/\/aiartfree.online\/?page_id=3416"},"modified":"2024-08-02T11:15:00","modified_gmt":"2024-08-02T11:15:00","slug":"html-code-generator","status":"publish","type":"page","link":"https:\/\/aiartfree.online\/es\/generador-de-codigo-html\/","title":{"rendered":"Generador de c\u00f3digo HTML"},"content":{"rendered":"<h2 class=\"wp-block-heading has-text-align-center\">Antes y despu\u00e9s<\/h2>\n\n\n\n<figure class=\"gb-block-image gb-block-image-1822da1f\"><img data-recalc-dims=\"1\" decoding=\"async\" loading=\"lazy\" width=\"1200\" height=\"707\" class=\"gb-image gb-image-1822da1f\" src=\"https:\/\/i0.wp.com\/aiartfree.online\/wp-content\/uploads\/2024\/08\/WX20240801-145150%402x-jpg.webp?resize=1200%2C707&#038;ssl=1\" alt=\"Generador de c\u00f3digos HTML - Capturas de pantalla en l\u00ednea gratuitas a c\u00f3digos HTML\" title=\"WX20240801-145150@2x\" srcset=\"https:\/\/i0.wp.com\/aiartfree.online\/wp-content\/uploads\/2024\/08\/WX20240801-145150%402x-jpg.webp?w=1904&amp;ssl=1 1904w, https:\/\/i0.wp.com\/aiartfree.online\/wp-content\/uploads\/2024\/08\/WX20240801-145150%402x-jpg.webp?resize=300%2C177&amp;ssl=1 300w, https:\/\/i0.wp.com\/aiartfree.online\/wp-content\/uploads\/2024\/08\/WX20240801-145150%402x-jpg.webp?resize=1024%2C603&amp;ssl=1 1024w, https:\/\/i0.wp.com\/aiartfree.online\/wp-content\/uploads\/2024\/08\/WX20240801-145150%402x-jpg.webp?resize=768%2C453&amp;ssl=1 768w, https:\/\/i0.wp.com\/aiartfree.online\/wp-content\/uploads\/2024\/08\/WX20240801-145150%402x-jpg.webp?resize=1536%2C905&amp;ssl=1 1536w, https:\/\/i0.wp.com\/aiartfree.online\/wp-content\/uploads\/2024\/08\/WX20240801-145150%402x-jpg.webp?resize=18%2C12&amp;ssl=1 18w, https:\/\/i0.wp.com\/aiartfree.online\/wp-content\/uploads\/2024\/08\/WX20240801-145150%402x-jpg.webp?resize=600%2C354&amp;ssl=1 600w\" sizes=\"auto, (max-width: 1200px) 100vw, 1200px\" \/><\/figure>\n\n\n\n<h2 class=\"wp-block-heading\">C\u00f3mo utilizar el generador de c\u00f3digo HTML<\/h2>\n\n\n\n<ol class=\"wp-block-list\">\n<li class=\"\">Sube la captura de pantalla de tu sitio favorito<\/li>\n\n\n\n<li class=\"\">Haga clic en \"Enviar\".<\/li>\n\n\n\n<li class=\"\">\u00a1Espera, eso es!<\/li>\n<\/ol>\n\n\n\n<p class=\"\">* No dudes en probar nuestros ejemplos a continuaci\u00f3n si no tienes ninguna idea en la cabeza<\/p>\n\n\n\n<p class=\"\"><em>* Dependiendo de su velocidad de Internet, la carga del modelo puede tardar <\/em>hasta 10 segundos \u2193<\/p>\n\n\n\n<div class=\"iframe-wrapper\" style=\"position: relative; width: 100%; height: 1800px;\">\n  <div class=\"loading\" style=\"position: absolute; top: 50px; left: 50%; transform: translate(-50%, -50%); width: 40px; height: 40px; border: 3px solid #f0f0f0; border-top: 3px solid #db7093; border-radius: 50%; animation: spin 1s linear infinite;\"><\/div>\n  <iframe loading=\"lazy\" src=\"https:\/\/huggingfacem4-screenshot2html.hf.space\" frameborder=\"0\" width=\"100%\" height=\"100%\" style=\"position: absolute; top: 0; left: 0; opacity: 0; transition: opacity 0.3s;\" onload=\"this.style.opacity=1;this.previousElementSibling.style.display='none';\"><\/iframe>\n<\/div>\n\n<style>\n@keyframes spin {\n  0% { transform: translate(-50%, -50%) rotate(0deg); }\n  100% { transform: translate(-50%, -50%) rotate(360deg); }\n}\n<\/style>\n\n\n\n<div style=\"height:80px\" aria-hidden=\"true\" class=\"wp-block-spacer\"><\/div>\n\n\n\n<h2 class=\"wp-block-heading\">Generadores de c\u00f3digo HTML eficaces y f\u00e1ciles de usar: La herramienta definitiva para el desarrollo web<\/h2>\n\n\n\n<h3 class=\"wp-block-heading\">\u00bfQu\u00e9 es el generador de c\u00f3digo HTML?<\/h3>\n\n\n\n<p class=\"\">Un generador de c\u00f3digo HTML es una herramienta dise\u00f1ada para simplificar el proceso de creaci\u00f3n de c\u00f3digo HTML. Permite a los usuarios generar c\u00f3digo HTML de forma r\u00e1pida y eficaz sin necesidad de escribir el c\u00f3digo manualmente. Estas herramientas son especialmente \u00fatiles para quienes no tienen mucha experiencia en codificaci\u00f3n pero necesitan crear c\u00f3digo HTML para diversos fines, como desarrollo web, plantillas de correo electr\u00f3nico o incrustaci\u00f3n de medios.<\/p>\n\n\n\n<h3 class=\"wp-block-heading\">\u00bfPor qu\u00e9 utilizar un generador de c\u00f3digo HTML?<\/h3>\n\n\n\n<h4 class=\"wp-block-heading\">Principales ventajas<\/h4>\n\n\n\n<ul class=\"wp-block-list\">\n<li class=\"\"><strong>Eficacia<\/strong>: Acelera considerablemente el proceso de codificaci\u00f3n.<\/li>\n\n\n\n<li class=\"\"><strong>F\u00e1cil de usar<\/strong>: No requiere conocimientos previos de codificaci\u00f3n.<\/li>\n\n\n\n<li class=\"\"><strong>Reducci\u00f3n de errores<\/strong>: Minimiza los errores de codificaci\u00f3n y garantiza un c\u00f3digo m\u00e1s limpio.<\/li>\n\n\n\n<li class=\"\"><strong>Versatilidad<\/strong>: Puede generar una gran variedad de elementos HTML.<\/li>\n\n\n\n<li class=\"\"><strong>Personalizaci\u00f3n<\/strong>: Permite a los usuarios personalizar el c\u00f3digo generado seg\u00fan sus necesidades.<\/li>\n<\/ul>\n\n\n\n<h4 class=\"wp-block-heading\">Preguntas frecuentes de los usuarios<\/h4>\n\n\n\n<ol class=\"wp-block-list\">\n<li class=\"\"><strong>\u00bfC\u00f3mo generar c\u00f3digo HTML a partir de capturas de pantalla?<\/strong>\n<ul class=\"wp-block-list\">\n<li class=\"\">Utilizando nuestra herramienta recomendada: <a href=\"https:\/\/aiartfree.online\/es\/generador-de-codigo-html\/\">Generador de c\u00f3digo HTML<\/a><\/li>\n<\/ul>\n<\/li>\n\n\n\n<li class=\"\"><strong>\u00bfPuede Adobe XD generar c\u00f3digo HTML?<\/strong>\n<ul class=\"wp-block-list\">\n<li class=\"\">Adobe XD es principalmente una herramienta de dise\u00f1o y no genera directamente c\u00f3digo HTML.<\/li>\n<\/ul>\n<\/li>\n\n\n\n<li class=\"\"><strong>\u00bfC\u00f3mo autogenerar c\u00f3digo HTML en VSCode?<\/strong>\n<ul class=\"wp-block-list\">\n<li class=\"\">Utiliza extensiones como Emmet para autogenerar c\u00f3digo HTML en VSCode.<\/li>\n<\/ul>\n<\/li>\n<\/ol>\n\n\n\n<h3 class=\"wp-block-heading\">Principales caracter\u00edsticas de los generadores de c\u00f3digo HTML<\/h3>\n\n\n\n<h4 class=\"wp-block-heading\">Generador de texto HTML<\/h4>\n\n\n\n<p class=\"\">Permite a los usuarios introducir texto y recibir el c\u00f3digo HTML correspondiente.<\/p>\n\n\n\n<h4 class=\"wp-block-heading\">Creador de tablas HTML<\/h4>\n\n\n\n<p class=\"\">Genera c\u00f3digo HTML para tablas, facilitando la creaci\u00f3n de estructuras de tablas complejas.<\/p>\n\n\n\n<h4 class=\"wp-block-heading\">Generador AI HTML<\/h4>\n\n\n\n<p class=\"\">Utiliza inteligencia artificial para generar c\u00f3digo HTML, haciendo el proceso m\u00e1s r\u00e1pido e intuitivo.<\/p>\n\n\n\n<h4 class=\"wp-block-heading\">Creador de tablas HTML<\/h4>\n\n\n\n<p class=\"\">Simplifica la creaci\u00f3n de tablas HTML proporcionando una interfaz f\u00e1cil de usar.<\/p>\n\n\n\n<h4 class=\"wp-block-heading\">Generar c\u00f3digo HTML a partir de texto<\/h4>\n\n\n\n<p class=\"\">Transforma texto plano en c\u00f3digo HTML formateado.<\/p>\n\n\n\n<h4 class=\"wp-block-heading\">Generar c\u00f3digo HTML a partir de una imagen<\/h4>\n\n\n\n<p class=\"\">Convierte im\u00e1genes en c\u00f3digo HTML, \u00fatil para incrustar medios en p\u00e1ginas web.<\/p>\n\n\n\n<h4 class=\"wp-block-heading\">No es necesario inscribirse<\/h4>\n\n\n\n<p class=\"\">Los usuarios pueden generar c\u00f3digo HTML sin necesidad de crear una cuenta.<\/p>\n\n\n\n<h4 class=\"wp-block-heading\">100% Uso gratuito e ilimitado<\/h4>\n\n\n\n<p class=\"\">La herramienta es totalmente gratuita y no impone l\u00edmites al n\u00famero de c\u00f3digos que pueden generarse.<\/p>\n\n\n\n<h3 class=\"wp-block-heading\">P\u00fablico destinatario y usos<\/h3>\n\n\n\n<h4 class=\"wp-block-heading\">Adecuado para:<\/h4>\n\n\n\n<ul class=\"wp-block-list\">\n<li class=\"\"><strong>Desarrolladores web<\/strong>: Para crear y prototipar r\u00e1pidamente p\u00e1ginas web.<\/li>\n\n\n\n<li class=\"\"><strong>Dise\u00f1adores<\/strong>: Para incrustar elementos de dise\u00f1o en HTML.<\/li>\n\n\n\n<li class=\"\"><strong>Creadores de contenidos<\/strong>: Para dar formato al contenido de blogs, correos electr\u00f3nicos y sitios web.<\/li>\n\n\n\n<li class=\"\"><strong>Estudiantes y educadores<\/strong>: Para aprender y ense\u00f1ar HTML.<\/li>\n<\/ul>\n\n\n\n<h4 class=\"wp-block-heading\">Aplicaciones industriales:<\/h4>\n\n\n\n<ul class=\"wp-block-list\">\n<li class=\"\"><strong>Comercio electr\u00f3nico<\/strong>: Creaci\u00f3n de listados y descripciones de productos.<\/li>\n\n\n\n<li class=\"\"><strong>Marketing digital<\/strong>: Dise\u00f1o de plantillas de correo electr\u00f3nico y p\u00e1ginas de destino.<\/li>\n\n\n\n<li class=\"\"><strong>Educaci\u00f3n<\/strong>: Ense\u00f1anza de HTML y desarrollo web.<\/li>\n\n\n\n<li class=\"\"><strong>Medios de comunicaci\u00f3n y entretenimiento<\/strong>: Inserci\u00f3n de contenidos multimedia en sitios web.<\/li>\n<\/ul>\n\n\n\n<h3 class=\"wp-block-heading\">C\u00f3mo utilizar un generador de c\u00f3digo HTML<\/h3>\n\n\n\n<ol class=\"wp-block-list\">\n<li class=\"\"><strong>Acceder a la herramienta<\/strong>\n<ul class=\"wp-block-list\">\n<li class=\"\">Visite <a href=\"https:\/\/aiartfree.online\/es\/generador-de-codigo-html\/\">Generador de c\u00f3digo HTML<\/a>.<\/li>\n<\/ul>\n<\/li>\n\n\n\n<li class=\"\"><strong>Seleccione el tipo de c\u00f3digo<\/strong>\n<ul class=\"wp-block-list\">\n<li class=\"\">Elija entre opciones como texto, tabla o imagen a c\u00f3digo.<\/li>\n<\/ul>\n<\/li>\n\n\n\n<li class=\"\"><strong>Introduzca su contenido<\/strong>\n<ul class=\"wp-block-list\">\n<li class=\"\">Introduzca el texto o cargue la imagen que desea convertir.<\/li>\n<\/ul>\n<\/li>\n\n\n\n<li class=\"\"><strong>Generar el c\u00f3digo<\/strong>\n<ul class=\"wp-block-list\">\n<li class=\"\">Haga clic en el bot\u00f3n Generar para recibir su c\u00f3digo HTML.<\/li>\n<\/ul>\n<\/li>\n\n\n\n<li class=\"\"><strong>Copiar y utilizar<\/strong>\n<ul class=\"wp-block-list\">\n<li class=\"\">Copie el c\u00f3digo generado y p\u00e9guelo en su proyecto.<\/li>\n<\/ul>\n<\/li>\n<\/ol>\n\n\n\n<h3 class=\"wp-block-heading\">Casos pr\u00e1cticos de los generadores de c\u00f3digo HTML<\/h3>\n\n\n\n<h4 class=\"wp-block-heading\">Desarrollo web<\/h4>\n\n\n\n<p class=\"\">Creaci\u00f3n de p\u00e1ginas web estructuradas con el m\u00ednimo esfuerzo.<\/p>\n\n\n\n<h4 class=\"wp-block-heading\">Marketing por correo electr\u00f3nico<\/h4>\n\n\n\n<p class=\"\">Dise\u00f1o de plantillas de correo electr\u00f3nico con capacidad de respuesta.<\/p>\n\n\n\n<h4 class=\"wp-block-heading\">Bloguear<\/h4>\n\n\n\n<p class=\"\">Formateo de entradas de blog con HTML para una mejor presentaci\u00f3n.<\/p>\n\n\n\n<h4 class=\"wp-block-heading\">Educaci\u00f3n en l\u00ednea<\/h4>\n\n\n\n<p class=\"\">Ayudar a los estudiantes a practicar y comprender la codificaci\u00f3n HTML.<\/p>\n\n\n\n<h4 class=\"wp-block-heading\">Publicidad digital<\/h4>\n\n\n\n<p class=\"\">Creaci\u00f3n de banners publicitarios y p\u00e1ginas de destino.<\/p>\n\n\n\n<h3 class=\"wp-block-heading\">Informaci\u00f3n de 10 sitios web relacionados<\/h3>\n\n\n\n<figure class=\"wp-block-table\"><table class=\"has-fixed-layout\"><thead><tr><th>P\u00e1gina web<\/th><th>Caracter\u00edsticas<\/th><th>Ventajas<\/th><th>Desaf\u00edos<\/th><th>URL<\/th><\/tr><\/thead><tbody><tr><td><strong><a href=\"https:\/\/aiartfree.online\/es\/generador-de-codigo-html\/\" data-type=\"link\" data-id=\"https:\/\/aiartfree.online\/html-code-generator\">Generador de c\u00f3digo HTML a partir de capturas de pantalla<\/a><\/strong><\/td><td>Ejemplos de c\u00f3digo HTML, Tutoriales<\/td><td>Completo, gratuito<\/td><td>Caracter\u00edsticas b\u00e1sicas<\/td><td><a href=\"https:\/\/aiartfree.online\/es\/generador-de-codigo-html\/\">https:\/\/aiartfree.online\/html-code-generator<\/a><\/td><\/tr><tr><td>C\u00f3digo Embellecer<\/td><td>Visor HTML, Minificador<\/td><td>F\u00e1cil de usar, r\u00e1pido<\/td><td>Anuncios Presentes<\/td><td>codebeautify.org<\/td><\/tr><tr><td>HTML en l\u00ednea<\/td><td>Editor HTML, Limpiador<\/td><td>F\u00e1cil de usar, gratuito<\/td><td>Personalizaci\u00f3n limitada<\/td><td>html-cleaner.com<\/td><\/tr><tr><td>Generador de c\u00f3digo HTML<\/td><td>Texto a HTML, Generador de tablas<\/td><td>Eficaz, sin inscripci\u00f3n<\/td><td>Dise\u00f1o b\u00e1sico<\/td><td>generador-c\u00f3digo-html.com<\/td><\/tr><tr><td>Pinegrow<\/td><td>Editor Visual HTML<\/td><td>Caracter\u00edsticas profesionales<\/td><td>Caro<\/td><td>pinegrow.com<\/td><\/tr><tr><td>Editor HTML5<\/td><td>Editor HTML en l\u00ednea<\/td><td>Gratis, sin inscripci\u00f3n<\/td><td>Anuncios Presentes<\/td><td>html5-editor.net<\/td><\/tr><tr><td>Quackit<\/td><td>Tutoriales de c\u00f3digo HTML, Ejemplos<\/td><td>Educativo, Gratuito<\/td><td>Caracter\u00edsticas b\u00e1sicas<\/td><td>quackit.com<\/td><\/tr><tr><td>FreeFormatter<\/td><td>Formateador y embellecedor HTML<\/td><td>R\u00e1pido, gratuito<\/td><td>Anuncios Presentes<\/td><td>freeformatter.com<\/td><\/tr><tr><td>JSFiddle<\/td><td>Editor en l\u00ednea, HTML, CSS, JS<\/td><td>Colaboraci\u00f3n, versatilidad<\/td><td>Requiere inicio de sesi\u00f3n<\/td><td>jsfiddle.net<\/td><\/tr><tr><td>Generador de tablas HTML<\/td><td>Creador de mesas, personalizaci\u00f3n<\/td><td>F\u00e1cil de usar, gratuito<\/td><td>Caracter\u00edsticas limitadas<\/td><td>rapidtables.com<\/td><\/tr><\/tbody><\/table><\/figure>\n\n\n\n<h3 class=\"wp-block-heading\">Pros y contras de la industria de generaci\u00f3n de c\u00f3digo HTML<\/h3>\n\n\n\n<h4 class=\"wp-block-heading\">Pros:<\/h4>\n\n\n\n<ul class=\"wp-block-list\">\n<li class=\"\"><strong>Accesibilidad<\/strong>: Las herramientas est\u00e1n disponibles en l\u00ednea de forma gratuita.<\/li>\n\n\n\n<li class=\"\"><strong>Ahorro de tiempo<\/strong>: Acelera el proceso de codificaci\u00f3n.<\/li>\n\n\n\n<li class=\"\"><strong>F\u00e1cil de usar<\/strong>: Adecuado para principiantes y profesionales.<\/li>\n<\/ul>\n\n\n\n<h4 class=\"wp-block-heading\">Contras:<\/h4>\n\n\n\n<ul class=\"wp-block-list\">\n<li class=\"\"><strong>L\u00edmites de personalizaci\u00f3n<\/strong>: Algunas herramientas ofrecen una personalizaci\u00f3n limitada.<\/li>\n\n\n\n<li class=\"\"><strong>Dependencia de Internet<\/strong>: Requiere conexi\u00f3n a Internet.<\/li>\n\n\n\n<li class=\"\"><strong>Curva de aprendizaje<\/strong>: Algunas funciones avanzadas pueden requerir aprendizaje.<\/li>\n<\/ul>\n\n\n\n<h4 class=\"wp-block-heading\">Ventajas y retos:<\/h4>\n\n\n\n<ul class=\"wp-block-list\">\n<li class=\"\"><strong>Ventajas<\/strong>: Eficacia, precisi\u00f3n, versatilidad.<\/li>\n\n\n\n<li class=\"\"><strong>Desaf\u00edos<\/strong>: Personalizaci\u00f3n, dependencia de Internet, requisitos de aprendizaje.<\/li>\n<\/ul>\n\n\n\n<h4 class=\"wp-block-heading\">Recomendaciones:<\/h4>\n\n\n\n<ul class=\"wp-block-list\">\n<li class=\"\">Utiliza herramientas acreditadas con un s\u00f3lido respaldo.<\/li>\n\n\n\n<li class=\"\">Comb\u00ednelo con la codificaci\u00f3n manual para tareas m\u00e1s complejas.<\/li>\n\n\n\n<li class=\"\">Actualice peri\u00f3dicamente sus conocimientos sobre nuevas herramientas y funciones.<\/li>\n<\/ul>\n\n\n\n<h3 class=\"wp-block-heading\">PREGUNTAS FRECUENTES<\/h3>\n\n\n\n<ol class=\"wp-block-list\">\n<li class=\"\"><strong>\u00bfC\u00f3mo generar c\u00f3digo HTML a partir de capturas de pantalla?<\/strong>\n<ul class=\"wp-block-list\">\n<li class=\"\">Utilice nuestra herramienta recomendada: <a href=\"https:\/\/aiartfree.online\/es\/generador-de-codigo-html\/\">Generador de c\u00f3digo HTML<\/a><\/li>\n<\/ul>\n<\/li>\n\n\n\n<li class=\"\"><strong>\u00bfPuede Adobe XD generar c\u00f3digo HTML?<\/strong>\n<ul class=\"wp-block-list\">\n<li class=\"\">Adobe XD no genera directamente c\u00f3digo HTML.<\/li>\n<\/ul>\n<\/li>\n\n\n\n<li class=\"\"><strong>\u00bfC\u00f3mo autogenerar c\u00f3digo HTML en VSCode?<\/strong>\n<ul class=\"wp-block-list\">\n<li class=\"\">Utiliza extensiones como Emmet.<\/li>\n<\/ul>\n<\/li>\n\n\n\n<li class=\"\"><strong>\u00bfC\u00f3mo generar c\u00f3digo HTML?<\/strong>\n<ul class=\"wp-block-list\">\n<li class=\"\">Utilice nuestra herramienta recomendada: <a href=\"https:\/\/aiartfree.online\/es\/generador-de-codigo-html\/\">Generador de c\u00f3digo HTML<\/a><\/li>\n<\/ul>\n<\/li>\n\n\n\n<li class=\"\"><strong>\u00bfC\u00f3mo generar c\u00f3digo HTML a partir de una imagen?<\/strong>\n<ul class=\"wp-block-list\">\n<li class=\"\">Utilice nuestra herramienta recomendada: <a href=\"https:\/\/aiartfree.online\/es\/generador-de-codigo-html\/\">Generador de c\u00f3digo HTML<\/a><\/li>\n<\/ul>\n<\/li>\n\n\n\n<li class=\"\"><strong>\u00bfExiste un generador de c\u00f3digo HTML gratuito?<\/strong>\n<ul class=\"wp-block-list\">\n<li class=\"\">S\u00ed, muchas herramientas son 100% gratuitas e ilimitadas.<\/li>\n<\/ul>\n<\/li>\n\n\n\n<li class=\"\"><strong>\u00bfPuedo generar c\u00f3digo HTML sin registrarme?<\/strong>\n<ul class=\"wp-block-list\">\n<li class=\"\">S\u00ed, nuestra herramienta no requiere registro.<\/li>\n<\/ul>\n<\/li>\n\n\n\n<li class=\"\"><strong>\u00bfCu\u00e1l es el mejor generador de c\u00f3digo HTML?<\/strong>\n<ul class=\"wp-block-list\">\n<li class=\"\">Nuestra herramienta es muy recomendable por sus caracter\u00edsticas y facilidad de uso.<\/li>\n<\/ul>\n<\/li>\n\n\n\n<li class=\"\"><strong>\u00bfC\u00f3mo crear f\u00e1cilmente una tabla en HTML?<\/strong>\n<ul class=\"wp-block-list\">\n<li class=\"\">Utiliza una herramienta de creaci\u00f3n de tablas HTML.<\/li>\n<\/ul>\n<\/li>\n\n\n\n<li class=\"\"><strong>\u00bfPuedo generar c\u00f3digo HTML para un texto?<\/strong><\/li>\n<\/ol>\n\n\n\n<ul class=\"wp-block-list\">\n<li class=\"\">S\u00ed, utilice nuestro generador de texto HTML.<\/li>\n<\/ul>\n\n\n\n<h3 class=\"wp-block-heading\">Resumen<\/h3>\n\n\n\n<h4 class=\"wp-block-heading\">Principales ventajas:<\/h4>\n\n\n\n<ul class=\"wp-block-list\">\n<li class=\"\"><strong>Eficacia<\/strong>: Acelera el proceso de codificaci\u00f3n.<\/li>\n\n\n\n<li class=\"\"><strong>F\u00e1cil de usar<\/strong>: Apto para todos los niveles.<\/li>\n\n\n\n<li class=\"\"><strong>Versatilidad<\/strong>: Genera varios elementos HTML.<\/li>\n<\/ul>\n\n\n\n<p class=\"\">Empieza a utilizar nuestro <a href=\"https:\/\/aiartfree.online\/es\/generador-de-codigo-html\/\">Generador de c\u00f3digo HTML<\/a> hoy mismo para crear c\u00f3digo HTML sin esfuerzo y mejorar tus proyectos de desarrollo web.<\/p>\n\n\n\n<p class=\"\">Si tiene m\u00e1s preguntas, puede hacerlas aqu\u00ed <a href=\"https:\/\/chatgpt4o.space\/\" target=\"_blank\" data-type=\"link\" data-id=\"https:\/\/chatgpt4o.space\/\" rel=\"noreferrer noopener\">chat en l\u00ednea gratis GPT 4o<\/a>.<br><\/p>","protected":false},"excerpt":{"rendered":"<p>Before vs After How to use the HTML Code Generator * Feel free to try our examples below if you don&#8217;t have any thoughts in your mind *&nbsp;Depending on your internet speed, loading the model may take up to 10 seconds \u2193 Efficient and User-Friendly HTML Code Generators: The Ultimate Tool for Web Development What &#8230; <a title=\"Generador de c\u00f3digo HTML\" class=\"read-more\" href=\"https:\/\/aiartfree.online\/es\/generador-de-codigo-html\/\" aria-label=\"Leer m\u00e1s sobre HTML Code Generator\">Leer m\u00e1s<\/a><\/p>","protected":false},"author":1,"featured_media":3427,"parent":0,"menu_order":0,"comment_status":"open","ping_status":"closed","template":"","meta":{"nf_dc_page":"","footnotes":""},"class_list":["post-3416","page","type-page","status-publish","has-post-thumbnail"],"jetpack_sharing_enabled":true,"_links":{"self":[{"href":"https:\/\/aiartfree.online\/es\/wp-json\/wp\/v2\/pages\/3416","targetHints":{"allow":["GET"]}}],"collection":[{"href":"https:\/\/aiartfree.online\/es\/wp-json\/wp\/v2\/pages"}],"about":[{"href":"https:\/\/aiartfree.online\/es\/wp-json\/wp\/v2\/types\/page"}],"author":[{"embeddable":true,"href":"https:\/\/aiartfree.online\/es\/wp-json\/wp\/v2\/users\/1"}],"replies":[{"embeddable":true,"href":"https:\/\/aiartfree.online\/es\/wp-json\/wp\/v2\/comments?post=3416"}],"version-history":[{"count":0,"href":"https:\/\/aiartfree.online\/es\/wp-json\/wp\/v2\/pages\/3416\/revisions"}],"wp:featuredmedia":[{"embeddable":true,"href":"https:\/\/aiartfree.online\/es\/wp-json\/wp\/v2\/media\/3427"}],"wp:attachment":[{"href":"https:\/\/aiartfree.online\/es\/wp-json\/wp\/v2\/media?parent=3416"}],"curies":[{"name":"wp","href":"https:\/\/api.w.org\/{rel}","templated":true}]}}