{"id":3412,"date":"2024-08-01T08:56:22","date_gmt":"2024-08-01T08:56:22","guid":{"rendered":"https:\/\/aiartfree.online\/?page_id=3412"},"modified":"2024-08-01T09:11:21","modified_gmt":"2024-08-01T09:11:21","slug":"speech-to-text","status":"publish","type":"page","link":"https:\/\/aiartfree.online\/es\/voz-a-texto\/","title":{"rendered":"De voz a texto"},"content":{"rendered":"<h2 class=\"wp-block-heading\">C\u00f3mo utilizar la conversi\u00f3n de voz a texto<\/h2>\n\n\n\n<ol class=\"wp-block-list\">\n<li class=\"\">Sube tu archivo de audio, espera un segundo<\/li>\n\n\n\n<li class=\"\">Haz clic en \"Transcribir audio\".<\/li>\n\n\n\n<li class=\"\">\u00a1Espera, eso es!<\/li>\n<\/ol>\n\n\n\n<p class=\"\">* Record is currently not available<\/p>\n\n\n\n<p class=\"\"><em>* Dependiendo de su velocidad de Internet, la carga del modelo puede tardar <\/em>hasta 10 segundos \u2193<\/p>\n\n\n\n<div style=\"text-align: center; border: 2px solid; border-image-source: linear-gradient(to right, #16b86c, #912899); border-image-slice: 1; box-shadow: 0 0 10px rgba(0, 0, 0, 0.1); border-radius: 15px; position: relative;\">\n  <div class=\"loading\" style=\"position: absolute; top: 100px; left: 50%; transform: translate(-50%, -50%); width: 40px; height: 40px; border: 3px solid #f0f0f0; border-top: 3px solid #16b86c; border-radius: 50%; animation: spin 1s linear infinite;\"><\/div>\n  <iframe loading=\"lazy\"\n    src=\"https:\/\/xenova-whisper-web.static.hf.space\"\n    frameborder=\"0\"\n    width=\"100%\"\n    height=\"900\"\n    style=\"display: inline-block; margin: 0 auto; opacity: 0; transition: opacity 0.3s;\"\n    onload=\"this.style.opacity=1;this.previousElementSibling.style.display='none';\"\n  ><\/iframe>\n<\/div>\n<style>\n@keyframes spin {\n  0% { transform: translate(-50%, -50%) rotate(0deg); }\n  100% { transform: translate(-50%, -50%) rotate(360deg); }\n}\n<\/style>\n\n\n\n<div style=\"height:80px\" aria-hidden=\"true\" class=\"wp-block-spacer\"><\/div>\n\n\n\n<h2 class=\"wp-block-heading\">La gu\u00eda definitiva para convertir voz en texto<\/h2>\n\n\n\n<h3 class=\"wp-block-heading\">Resumen<\/h3>\n\n\n\n<p class=\"\">Este art\u00edculo ofrece una visi\u00f3n completa de la tecnolog\u00eda de voz a texto, incluyendo su definici\u00f3n, ventajas, caracter\u00edsticas principales, p\u00fablico objetivo e instrucciones de uso. Destaca varios casos de uso y ofrece una comparaci\u00f3n detallada de las principales herramientas e informaci\u00f3n de 10 sitios web relacionados. El art\u00edculo concluye con un an\u00e1lisis de los pros y los contras del sector y respuestas a las preguntas m\u00e1s frecuentes.<\/p>\n\n\n\n<figure class=\"wp-block-image size-large is-resized\"><img data-recalc-dims=\"1\" data-dominant-color=\"f3f5f6\" data-has-transparency=\"false\" decoding=\"async\" width=\"1024\" height=\"616\"   loading=\"lazy\" src=\"https:\/\/i0.wp.com\/aiartfree.online\/wp-content\/uploads\/2024\/08\/WX20240801-130434%402x-1-1024x616.webp?resize=1024%2C616&#038;ssl=1\" alt=\"La conversi\u00f3n de voz en texto, tambi\u00e9n conocida como reconocimiento de voz o reconocimiento del habla, es una tecnolog\u00eda que convierte las palabras habladas en texto escrito. Aprovecha sofisticados algoritmos e inteligencia artificial para comprender y transcribir el habla humana en tiempo real o a partir de archivos de audio grabados.\" class=\"wp-image-3418 not-transparent\" style=\"--dominant-color: #f3f5f6; width:691px;height:auto\" srcset=\"https:\/\/i0.wp.com\/aiartfree.online\/wp-content\/uploads\/2024\/08\/WX20240801-130434%402x-1-jpg.webp?resize=1024%2C616&amp;ssl=1 1024w, https:\/\/i0.wp.com\/aiartfree.online\/wp-content\/uploads\/2024\/08\/WX20240801-130434%402x-1-jpg.webp?resize=300%2C180&amp;ssl=1 300w, https:\/\/i0.wp.com\/aiartfree.online\/wp-content\/uploads\/2024\/08\/WX20240801-130434%402x-1-jpg.webp?resize=768%2C462&amp;ssl=1 768w, https:\/\/i0.wp.com\/aiartfree.online\/wp-content\/uploads\/2024\/08\/WX20240801-130434%402x-1-jpg.webp?resize=1536%2C923&amp;ssl=1 1536w, https:\/\/i0.wp.com\/aiartfree.online\/wp-content\/uploads\/2024\/08\/WX20240801-130434%402x-1-jpg.webp?resize=18%2C12&amp;ssl=1 18w, https:\/\/i0.wp.com\/aiartfree.online\/wp-content\/uploads\/2024\/08\/WX20240801-130434%402x-1-jpg.webp?resize=600%2C361&amp;ssl=1 600w, https:\/\/i0.wp.com\/aiartfree.online\/wp-content\/uploads\/2024\/08\/WX20240801-130434%402x-1-jpg.webp?w=1898&amp;ssl=1 1898w\" sizes=\"auto, (max-width: 1024px) 100vw, 1024px\" \/><\/figure>\n\n\n\n<h3 class=\"wp-block-heading\">\u00cdndice<\/h3>\n\n\n\n<ol class=\"wp-block-list\">\n<li class=\"\"><a href=\"#what-is-speech-to-text\">\u00bfQu\u00e9 es la conversi\u00f3n de voz a texto?<\/a><\/li>\n\n\n\n<li class=\"\"><a href=\"#why-use-speech-to-text\">\u00bfPor qu\u00e9 utilizar la conversi\u00f3n de voz a texto?<\/a><\/li>\n\n\n\n<li class=\"\"><a href=\"#main-features-of-speech-to-text\">Principales caracter\u00edsticas de la conversi\u00f3n de voz a texto<\/a><\/li>\n\n\n\n<li class=\"\"><a href=\"#who-should-use-speech-to-text\">\u00bfQui\u00e9n debe utilizar la conversi\u00f3n de voz a texto?<\/a><\/li>\n\n\n\n<li class=\"\"><a href=\"#how-to-use-speech-to-text\">C\u00f3mo utilizar la conversi\u00f3n de voz a texto<\/a><\/li>\n\n\n\n<li class=\"\"><a href=\"#speech-to-text-use-cases\">Casos pr\u00e1cticos de conversi\u00f3n de voz en texto<\/a><\/li>\n\n\n\n<li class=\"\"><a href=\"#top-10-tools-and-information\">Las 10 mejores herramientas e informaci\u00f3n<\/a><\/li>\n\n\n\n<li class=\"\"><a href=\"#industry-pros-and-cons\">Pros y contras del sector<\/a><\/li>\n\n\n\n<li class=\"\"><a href=\"#faq\">PREGUNTAS FRECUENTES<\/a><\/li>\n\n\n\n<li class=\"\"><a href=\"#summary\">Resumen<\/a><\/li>\n<\/ol>\n\n\n\n<h2 class=\"wp-block-heading\">\u00bfQu\u00e9 es la conversi\u00f3n de voz a texto?<\/h2>\n\n\n\n<p class=\"\">La conversi\u00f3n de voz en texto, tambi\u00e9n conocida como reconocimiento de voz o reconocimiento del habla, es una tecnolog\u00eda que convierte las palabras habladas en texto escrito. Aprovecha sofisticados algoritmos e inteligencia artificial para comprender y transcribir el habla humana en tiempo real o a partir de archivos de audio grabados.<\/p>\n\n\n\n<h2 class=\"wp-block-heading\">\u00bfPor qu\u00e9 utilizar la conversi\u00f3n de voz a texto?<\/h2>\n\n\n\n<p class=\"\">La tecnolog\u00eda de voz a texto ofrece numerosas ventajas, lo que la convierte en una herramienta esencial para diversos usuarios e industrias. Entre las principales ventajas se incluyen:<\/p>\n\n\n\n<ul class=\"wp-block-list\">\n<li class=\"\"><strong>Eficacia<\/strong>: Acelera el proceso de creaci\u00f3n de contenidos escritos.<\/li>\n\n\n\n<li class=\"\"><strong>Accesibilidad<\/strong>: Ayuda a las personas con discapacidad o a las que prefieren la entrada por voz.<\/li>\n\n\n\n<li class=\"\"><strong>Conveniencia<\/strong>: Permite trabajar con las manos libres y realizar varias tareas a la vez.<\/li>\n\n\n\n<li class=\"\"><strong>Precisi\u00f3n<\/strong>: Los algoritmos avanzados reducen los errores y mejoran la calidad de la transcripci\u00f3n.<\/li>\n\n\n\n<li class=\"\"><strong>Versatilidad<\/strong>: Admite varios idiomas y puede integrarse con otras herramientas como Google Docs y Google Drive.<\/li>\n<\/ul>\n\n\n\n<h2 class=\"wp-block-heading\">Principales caracter\u00edsticas de la conversi\u00f3n de voz a texto<\/h2>\n\n\n\n<h3 class=\"wp-block-heading\">Transcripci\u00f3n en tiempo real<\/h3>\n\n\n\n<p class=\"\">Convierte palabras habladas en texto al instante, proporcionando informaci\u00f3n inmediata y permitiendo una comunicaci\u00f3n y documentaci\u00f3n fluidas.<\/p>\n\n\n\n<h3 class=\"wp-block-heading\">Transcripci\u00f3n de archivos de audio<\/h3>\n\n\n\n<p class=\"\">Procesa archivos de audio pregrabados, lo que facilita la transcripci\u00f3n de reuniones, conferencias y entrevistas.<\/p>\n\n\n\n<h3 class=\"wp-block-heading\">Soporte multiling\u00fce<\/h3>\n\n\n\n<p class=\"\">Reconoce y transcribe el habla en varios idiomas, atendiendo a una audiencia global.<\/p>\n\n\n\n<h3 class=\"wp-block-heading\">Control y escritura por voz<\/h3>\n\n\n\n<p class=\"\">Permite a los usuarios escribir y controlar sus dispositivos mediante comandos de voz, mejorando la productividad y la accesibilidad.<\/p>\n\n\n\n<h3 class=\"wp-block-heading\">Gesti\u00f3n del ruido de fondo<\/h3>\n\n\n\n<p class=\"\">Filtra el ruido de fondo para mejorar la precisi\u00f3n de las transcripciones, garantizando una salida de texto clara y precisa.<\/p>\n\n\n\n<h2 class=\"wp-block-heading\">\u00bfQui\u00e9n debe utilizar la conversi\u00f3n de voz a texto?<\/h2>\n\n\n\n<h3 class=\"wp-block-heading\">Personas con discapacidad<\/h3>\n\n\n\n<p class=\"\">Proporciona una valiosa herramienta a las personas con limitaciones f\u00edsicas, permiti\u00e9ndoles interactuar con la tecnolog\u00eda mediante comandos de voz.<\/p>\n\n\n\n<h3 class=\"wp-block-heading\">Profesionales y estudiantes<\/h3>\n\n\n\n<p class=\"\">Ideal para crear documentos, tomar notas y transcribir reuniones o conferencias con rapidez y precisi\u00f3n.<\/p>\n\n\n\n<h3 class=\"wp-block-heading\">Creadores de contenidos<\/h3>\n\n\n\n<p class=\"\">Mejora la eficacia de la creaci\u00f3n de contenidos convirtiendo las ideas habladas en texto, lo que ahorra tiempo y esfuerzo.<\/p>\n\n\n\n<h3 class=\"wp-block-heading\">Usuarios multiling\u00fces<\/h3>\n\n\n\n<p class=\"\">Ayuda a los usuarios que necesitan transcribir voz en distintos idiomas, facilitando la comunicaci\u00f3n y la documentaci\u00f3n m\u00e1s all\u00e1 de las barreras ling\u00fc\u00edsticas.<\/p>\n\n\n\n<h2 class=\"wp-block-heading\">C\u00f3mo utilizar la conversi\u00f3n de voz a texto<\/h2>\n\n\n\n<h3 class=\"wp-block-heading\">Instrucciones paso a paso<\/h3>\n\n\n\n<ol class=\"wp-block-list\">\n<li class=\"\"><strong>Elija una herramienta<\/strong>: Seleccione una herramienta fiable de conversi\u00f3n de voz a texto como <a href=\"https:\/\/aiartfree.online\/es\/voz-a-texto\/\">aiartfree.online<\/a>.<\/li>\n\n\n\n<li class=\"\"><strong>Abrir la aplicaci\u00f3n<\/strong>: Accede a la aplicaci\u00f3n web en tu dispositivo.<\/li>\n\n\n\n<li class=\"\"><strong>Toque el micr\u00f3fono<\/strong>: Activa el micr\u00f3fono para iniciar la grabaci\u00f3n.<\/li>\n\n\n\n<li class=\"\"><strong>Hable claro<\/strong>: Hable con claridad y evite el ruido de fondo.<\/li>\n\n\n\n<li class=\"\"><strong>Editar y guardar<\/strong>: Revise la transcripci\u00f3n para comprobar su exactitud, realice las modificaciones necesarias y guarde el documento.<\/li>\n<\/ol>\n\n\n\n<h2 class=\"wp-block-heading\">Casos pr\u00e1cticos de conversi\u00f3n de voz en texto<\/h2>\n\n\n\n<h3 class=\"wp-block-heading\">Transcripci\u00f3n acad\u00e9mica<\/h3>\n\n\n\n<p class=\"\">Los estudiantes y educadores pueden transcribir conferencias y entrevistas de investigaci\u00f3n para consultarlas y estudiarlas f\u00e1cilmente.<\/p>\n\n\n\n<h3 class=\"wp-block-heading\">Reuniones de trabajo<\/h3>\n\n\n\n<p class=\"\">Los profesionales pueden transcribir reuniones, sesiones de intercambio de ideas y conferencias para llevar un registro preciso y compartirlas.<\/p>\n\n\n\n<h3 class=\"wp-block-heading\">Creaci\u00f3n de contenidos<\/h3>\n\n\n\n<p class=\"\">Escritores y blogueros pueden dictar sus ideas y contenidos, lo que acelera el proceso de redacci\u00f3n.<\/p>\n\n\n\n<h3 class=\"wp-block-heading\">Accesibilidad<\/h3>\n\n\n\n<p class=\"\">Las personas con discapacidad pueden utilizar la conversi\u00f3n de voz a texto para interactuar m\u00e1s f\u00e1cilmente con la tecnolog\u00eda y crear documentos sin teclear.<\/p>\n\n\n\n<h3 class=\"wp-block-heading\">Atenci\u00f3n al cliente<\/h3>\n\n\n\n<p class=\"\">Las empresas pueden transcribir las llamadas de los clientes con fines de control de calidad y formaci\u00f3n.<\/p>\n\n\n\n<h2 class=\"wp-block-heading\">Las 10 mejores herramientas e informaci\u00f3n<\/h2>\n\n\n\n<figure class=\"wp-block-table\"><table class=\"has-fixed-layout\"><thead><tr><th>Herramienta\/Sitio web<\/th><th>Caracter\u00edsticas<\/th><th>Ventajas<\/th><th>Desaf\u00edos<\/th><th>Recomendaciones<\/th><\/tr><\/thead><tbody><tr><td><a>Dictado por voz de Google Docs<\/a><\/td><td>Integraci\u00f3n con Google Docs, transcripci\u00f3n en tiempo real<\/td><td>F\u00e1cil de usar, sin necesidad de registrarse<\/td><td>Requiere conexi\u00f3n a Internet<\/td><td>Ideal para usuarios de Google Drive<\/td><\/tr><tr><td><a href=\"https:\/\/otter.ai\/\" target=\"_blank\" rel=\"noopener\">Nutria.ai<\/a><\/td><td>IA avanzada, transcripci\u00f3n en tiempo real<\/td><td>Compatible con varios idiomas y funciones de colaboraci\u00f3n<\/td><td>Versi\u00f3n gratuita limitada<\/td><td>Lo mejor para la colaboraci\u00f3n en equipo<\/td><\/tr><tr><td><a href=\"https:\/\/www.rev.com\/\" target=\"_blank\" rel=\"noopener\">Rev.com<\/a><\/td><td>Servicios de transcripci\u00f3n humana<\/td><td>Alta precisi\u00f3n y rapidez<\/td><td>Servicio de pago<\/td><td>Adecuado para transcripciones de alta calidad<\/td><\/tr><tr><td><a href=\"https:\/\/www.temi.com\/\" target=\"_blank\" rel=\"noopener\">Temi.com<\/a><\/td><td>Transcripci\u00f3n autom\u00e1tica<\/td><td>Asequible, r\u00e1pido<\/td><td>Menor precisi\u00f3n que los servicios humanos<\/td><td>Bueno para transcripciones r\u00e1pidas y baratas<\/td><\/tr><tr><td><a href=\"https:\/\/www.descript.com\/\" target=\"_blank\" rel=\"noopener\">Describa<\/a><\/td><td>Transcripci\u00f3n de audio y v\u00eddeo, funciones de edici\u00f3n<\/td><td>Se integra con software de edici\u00f3n, preciso<\/td><td>Requiere suscripci\u00f3n<\/td><td>Ideal para podcasters y editores de v\u00eddeo<\/td><\/tr><tr><td><a href=\"https:\/\/www.trint.com\/\" target=\"_blank\" rel=\"noopener\">Trint<\/a><\/td><td>Transcripci\u00f3n AI, herramientas de edici\u00f3n<\/td><td>Alta precisi\u00f3n, f\u00e1cil de usar<\/td><td>Versi\u00f3n gratuita limitada<\/td><td>Lo mejor para periodistas e investigadores<\/td><\/tr><tr><td><a href=\"https:\/\/sonix.ai\/\" target=\"_blank\" rel=\"noopener\">Sonix.ai<\/a><\/td><td>Transcripci\u00f3n autom\u00e1tica en varios idiomas<\/td><td>Preciso, r\u00e1pido<\/td><td>Suscripci\u00f3n obligatoria<\/td><td>Ideal para usuarios multiling\u00fces<\/td><\/tr><tr><td><a href=\"https:\/\/www.speechtexter.com\/\" target=\"_blank\" rel=\"noopener\">SpeechTexter<\/a><\/td><td>Transcripci\u00f3n en tiempo real, compatible con muchos idiomas<\/td><td>Gratuito, sin necesidad de inscripci\u00f3n<\/td><td>Conexi\u00f3n a Internet necesaria<\/td><td>Lo mejor para usuarios ocasionales<\/td><\/tr><tr><td><a>Nuance Drag\u00f3n<\/a><\/td><td>Software de transcripci\u00f3n profesional<\/td><td>Alta precisi\u00f3n, personalizable<\/td><td>Caro<\/td><td>Apto para uso profesional<\/td><\/tr><tr><td><a href=\"https:\/\/azure.microsoft.com\/en-us\/services\/cognitive-services\/speech-to-text\/\" target=\"_blank\" rel=\"noopener\">Microsoft Azure Speech<\/a><\/td><td>Basado en la nube, escalable<\/td><td>Gran precisi\u00f3n, se integra con otros servicios de Microsoft<\/td><td>Requiere conocimientos t\u00e9cnicos<\/td><td>Lo mejor para soluciones empresariales<\/td><\/tr><\/tbody><\/table><\/figure>\n\n\n\n<h2 class=\"wp-block-heading\">Pros y contras del sector<\/h2>\n\n\n\n<h3 class=\"wp-block-heading\">Pros<\/h3>\n\n\n\n<ul class=\"wp-block-list\">\n<li class=\"\"><strong>Eficacia<\/strong>: Acelera el proceso de transcripci\u00f3n.<\/li>\n\n\n\n<li class=\"\"><strong>Accesibilidad<\/strong>: Hace la tecnolog\u00eda m\u00e1s accesible a las personas con discapacidad.<\/li>\n\n\n\n<li class=\"\"><strong>Soporte multiling\u00fce<\/strong>: Facilita la comunicaci\u00f3n en varios idiomas.<\/li>\n<\/ul>\n\n\n\n<h3 class=\"wp-block-heading\">Contras<\/h3>\n\n\n\n<ul class=\"wp-block-list\">\n<li class=\"\"><strong>Precisi\u00f3n<\/strong>: Puede tener problemas con los acentos y el ruido de fondo.<\/li>\n\n\n\n<li class=\"\"><strong>Privacidad<\/strong>: Preocupaci\u00f3n por la seguridad de los datos transcritos.<\/li>\n\n\n\n<li class=\"\"><strong>Coste<\/strong>: Algunas herramientas de alta calidad requieren suscripciones o cuotas.<\/li>\n<\/ul>\n\n\n\n<h2 class=\"wp-block-heading\">PREGUNTAS FRECUENTES<\/h2>\n\n\n\n<h3 class=\"wp-block-heading\">\u00bfCu\u00e1l es la mejor herramienta gratuita de conversi\u00f3n de voz a texto?<\/h3>\n\n\n\n<p class=\"\">La mejor herramienta gratuita es <a>Dictado por voz de Google Docs<\/a>que ofrece una integraci\u00f3n sencilla y sin necesidad de registrarse.<\/p>\n\n\n\n<h3 class=\"wp-block-heading\">\u00bfCu\u00e1l es la precisi\u00f3n del software de voz a texto?<\/h3>\n\n\n\n<p class=\"\">La precisi\u00f3n var\u00eda seg\u00fan la herramienta, pero los modelos avanzados de IA como los utilizados por Otter.ai y Rev.com ofrecen una gran precisi\u00f3n.<\/p>\n\n\n\n<h3 class=\"wp-block-heading\">\u00bfPuede la voz a texto manejar varios idiomas?<\/h3>\n\n\n\n<p class=\"\">S\u00ed, muchas herramientas admiten varios idiomas, como Otter.ai y Sonix.ai.<\/p>\n\n\n\n<h3 class=\"wp-block-heading\">\u00bfEs segura la conversi\u00f3n de voz a texto?<\/h3>\n\n\n\n<p class=\"\">La mayor\u00eda de las herramientas fiables cuentan con s\u00f3lidas medidas de seguridad, pero revisa siempre sus pol\u00edticas de privacidad.<\/p>\n\n\n\n<h3 class=\"wp-block-heading\">\u00bfPuedo utilizar la voz a texto sin conexi\u00f3n?<\/h3>\n\n\n\n<p class=\"\">Algunas herramientas ofrecen funciones offline, pero la mayor\u00eda requieren una conexi\u00f3n a Internet para el procesamiento en tiempo real.<\/p>\n\n\n\n<h3 class=\"wp-block-heading\">\u00bfC\u00f3mo mejorar la precisi\u00f3n de la transcripci\u00f3n?<\/h3>\n\n\n\n<p class=\"\">Hable claro, minimice el ruido de fondo y utilice un micr\u00f3fono de alta calidad.<\/p>\n\n\n\n<h3 class=\"wp-block-heading\">\u00bfExisten aplicaciones de voz a texto para m\u00f3viles?<\/h3>\n\n\n\n<p class=\"\">S\u00ed, muchas herramientas como Google Docs Voice Typing y Otter.ai ofrecen aplicaciones m\u00f3viles.<\/p>\n\n\n\n<h3 class=\"wp-block-heading\">\u00bfPuedo editar el texto transcrito?<\/h3>\n\n\n\n<p class=\"\">S\u00ed, la mayor\u00eda de las herramientas permiten editar la transcripci\u00f3n para mayor precisi\u00f3n.<\/p>\n\n\n\n<h3 class=\"wp-block-heading\">\u00bfCu\u00e1les son los principales usos de la conversi\u00f3n de voz a texto?<\/h3>\n\n\n\n<p class=\"\">Entre los usos m\u00e1s comunes se encuentran la transcripci\u00f3n acad\u00e9mica, las reuniones de negocios, la creaci\u00f3n de contenidos, la accesibilidad y la atenci\u00f3n al cliente.<\/p>\n\n\n\n<h3 class=\"wp-block-heading\">\u00bfC\u00f3mo integrar la voz a texto con otras herramientas?<\/h3>\n\n\n\n<p class=\"\">Muchas herramientas ofrecen integraciones con plataformas como Google Drive, Microsoft Office y diversos programas de edici\u00f3n.<\/p>\n\n\n\n<h2 class=\"wp-block-heading\">Resumen<\/h2>\n\n\n\n<p class=\"\">La tecnolog\u00eda de voz a texto ofrece numerosas ventajas, como una mayor eficacia, una mejor accesibilidad y un soporte ling\u00fc\u00edstico vers\u00e1til. Herramientas como <a href=\"https:\/\/aiartfree.online\/es\/voz-a-texto\/\">aiartfree.online<\/a> y Google Docs Voice Typing ofrecen opciones fiables y f\u00e1ciles de usar. Ya sea para uso profesional, acad\u00e9mico o personal, adoptar la conversi\u00f3n de voz a texto puede agilizar las tareas y mejorar la productividad. Prueba estas herramientas hoy mismo y experimenta la facilidad de convertir palabras habladas en texto escrito.<\/p>","protected":false},"excerpt":{"rendered":"<p>How to use the Speech to Text * Record is currently not available *\u00a0Depending on your internet speed, loading the model may take up to 10 seconds \u2193 The Ultimate Guide to Speech to Text Summary Outline This article provides a comprehensive overview of speech-to-text technology, including its definition, advantages, main features, target audience, and &#8230; <a title=\"De voz a texto\" class=\"read-more\" href=\"https:\/\/aiartfree.online\/es\/voz-a-texto\/\" aria-label=\"Leer m\u00e1s sobre Speech to Text\">Leer m\u00e1s<\/a><\/p>","protected":false},"author":1,"featured_media":3418,"parent":0,"menu_order":0,"comment_status":"closed","ping_status":"closed","template":"","meta":{"nf_dc_page":"","footnotes":""},"class_list":["post-3412","page","type-page","status-publish","has-post-thumbnail"],"jetpack_sharing_enabled":true,"_links":{"self":[{"href":"https:\/\/aiartfree.online\/es\/wp-json\/wp\/v2\/pages\/3412","targetHints":{"allow":["GET"]}}],"collection":[{"href":"https:\/\/aiartfree.online\/es\/wp-json\/wp\/v2\/pages"}],"about":[{"href":"https:\/\/aiartfree.online\/es\/wp-json\/wp\/v2\/types\/page"}],"author":[{"embeddable":true,"href":"https:\/\/aiartfree.online\/es\/wp-json\/wp\/v2\/users\/1"}],"replies":[{"embeddable":true,"href":"https:\/\/aiartfree.online\/es\/wp-json\/wp\/v2\/comments?post=3412"}],"version-history":[{"count":0,"href":"https:\/\/aiartfree.online\/es\/wp-json\/wp\/v2\/pages\/3412\/revisions"}],"wp:featuredmedia":[{"embeddable":true,"href":"https:\/\/aiartfree.online\/es\/wp-json\/wp\/v2\/media\/3418"}],"wp:attachment":[{"href":"https:\/\/aiartfree.online\/es\/wp-json\/wp\/v2\/media?parent=3412"}],"curies":[{"name":"wp","href":"https:\/\/api.w.org\/{rel}","templated":true}]}}