{"id":3411,"date":"2024-08-01T09:21:04","date_gmt":"2024-08-01T09:21:04","guid":{"rendered":"https:\/\/aiartfree.online\/?page_id=3411"},"modified":"2024-08-02T11:14:38","modified_gmt":"2024-08-02T11:14:38","slug":"photo-enhancer","status":"publish","type":"page","link":"https:\/\/aiartfree.online\/es\/potenciador-de-fotos\/","title":{"rendered":"Potenciador de fotos"},"content":{"rendered":"<h2 class=\"wp-block-heading has-text-align-center\" id=\"before-vs-after\">Antes y despu\u00e9s<\/h2>\n\n\n\n<figure class=\"gb-block-image gb-block-image-1822da1f\"><img data-recalc-dims=\"1\" decoding=\"async\" loading=\"lazy\" width=\"1200\" height=\"429\" class=\"gb-image gb-image-1822da1f\" src=\"https:\/\/i0.wp.com\/aiartfree.online\/wp-content\/uploads\/2024\/08\/WX20240801-131344%402x-jpg.webp?resize=1200%2C429&#038;ssl=1\" alt=\"AI photo enhancer mejora la calidad de las im\u00e1genes a trav\u00e9s de diversos ajustes y mejoras. Ofreciendo mejores herramientas en l\u00ednea gratis AI image enhancer, sin l\u00edmite.\" title=\"WX20240801-131344@2x\" srcset=\"https:\/\/i0.wp.com\/aiartfree.online\/wp-content\/uploads\/2024\/08\/WX20240801-131344%402x-jpg.webp?w=1500&amp;ssl=1 1500w, https:\/\/i0.wp.com\/aiartfree.online\/wp-content\/uploads\/2024\/08\/WX20240801-131344%402x-jpg.webp?resize=300%2C107&amp;ssl=1 300w, https:\/\/i0.wp.com\/aiartfree.online\/wp-content\/uploads\/2024\/08\/WX20240801-131344%402x-jpg.webp?resize=1024%2C366&amp;ssl=1 1024w, https:\/\/i0.wp.com\/aiartfree.online\/wp-content\/uploads\/2024\/08\/WX20240801-131344%402x-jpg.webp?resize=768%2C274&amp;ssl=1 768w, https:\/\/i0.wp.com\/aiartfree.online\/wp-content\/uploads\/2024\/08\/WX20240801-131344%402x-jpg.webp?resize=18%2C6&amp;ssl=1 18w, https:\/\/i0.wp.com\/aiartfree.online\/wp-content\/uploads\/2024\/08\/WX20240801-131344%402x-jpg.webp?resize=600%2C214&amp;ssl=1 600w\" sizes=\"auto, (max-width: 1200px) 100vw, 1200px\" \/><\/figure>\n\n\n\n<h2 class=\"wp-block-heading\" id=\"how-to-use-the-photo-enhancer\">C\u00f3mo utilizar el Photo Enhancer<\/h2>\n\n\n\n<ol class=\"wp-block-list\">\n<li class=\"\">Suelte o cargue su imagen<\/li>\n\n\n\n<li class=\"\">Haga clic en \"Enviar\".<\/li>\n\n\n\n<li class=\"\">\u00a1Espera, eso es!<\/li>\n<\/ol>\n\n\n\n<p class=\"\">* No dudes en probar nuestros ejemplos a continuaci\u00f3n si no tienes ninguna idea en la cabeza<\/p>\n\n\n\n<p class=\"\"><em>* Dependiendo de su velocidad de Internet, la carga del modelo puede tardar <\/em>hasta 10 segundos \u2193<\/p>\n\n\n\n<div class=\"iframe-wrapper\" style=\"position: relative; width: 100%; height: 1580px;\">\n  <div class=\"loading\" style=\"position: absolute; top: 50px; left: 50%; transform: translate(-50%, -50%); width: 40px; height: 40px; border: 3px solid #f0f0f0; border-top: 3px solid #db7093; border-radius: 50%; animation: spin 1s linear infinite;\"><\/div>\n  <iframe loading=\"lazy\" src=\"https:\/\/xintao-gfpgan.hf.space\" frameborder=\"0\" width=\"100%\" height=\"100%\" style=\"position: absolute; top: 0; left: 0; opacity: 0; transition: opacity 0.3s;\" onload=\"this.style.opacity=1;this.previousElementSibling.style.display='none';\"><\/iframe>\n<\/div>\n\n<style>\n@keyframes spin {\n  0% { transform: translate(-50%, -50%) rotate(0deg); }\n  100% { transform: translate(-50%, -50%) rotate(360deg); }\n}\n<\/style>\n\n\n\n<div style=\"height:80px\" aria-hidden=\"true\" class=\"wp-block-spacer\"><\/div>\n\n\n\n<h2 class=\"wp-block-heading\" id=\"enhance-your-photos-with-ai-the-ultimate-guide\">Mejora tus fotos con IA: la gu\u00eda definitiva<\/h2>\n\n\n\n<div class=\"wp-block-rank-math-toc-block\" id=\"rank-math-toc\"><h3>\u00cdndice<\/h3><nav><ul><li><a href=\"#outline\">Esquema<\/a><\/li><li><a href=\"#table-of-contents\">\u00cdndice<\/a><\/li><li><a href=\"#what-is-a-photo-enhancer\">\u00bfQu\u00e9 es un potenciador de fotos?<\/a><\/li><li><a href=\"#why-use-a-photo-enhancer\">\u00bfPor qu\u00e9 utilizar un potenciador de fotos?<\/a><\/li><li><a href=\"#main-features-of-photo-enhancers\">Caracter\u00edsticas principales de los mejoradores de fotos<\/a><ul><li><a href=\"#ai-powered-enhancements\">Mejoras impulsadas por IA<\/a><\/li><li><a href=\"#increase-photo-resolution\">Aumentar la resoluci\u00f3n de las fotos<\/a><\/li><li><a href=\"#improve-photo-quality\">Mejorar la calidad de las fotos<\/a><\/li><li><a href=\"#reduce-noise-and-sharpen-details\">Reducir el ruido y enfocar los detalles<\/a><\/li><\/ul><\/li><li><a href=\"#target-audience-and-uses\">P\u00fablico destinatario y usos<\/a><\/li><li><a href=\"#industry-applications\">Aplicaciones industriales<\/a><ul><li><a href=\"#e-commerce\">Comercio electr\u00f3nico<\/a><\/li><li><a href=\"#photography\">Fotograf\u00eda<\/a><\/li><li><a href=\"#social-media\">Redes sociales<\/a><\/li><li><a href=\"#graphic-design\">Dise\u00f1o gr\u00e1fico<\/a><\/li><\/ul><\/li><li><a href=\"#how-to-use-a-photo-enhancer\">C\u00f3mo utilizar un potenciador de fotos<\/a><\/li><li><a href=\"#real-world-usage-cases\">Casos de uso en el mundo real<\/a><ul><li><a href=\"#product-photography\">Fotograf\u00eda de productos<\/a><\/li><li><a href=\"#family-photos\">Fotos de familia<\/a><\/li><li><a href=\"#social-media-posts\">Publicaciones en redes sociales<\/a><\/li><\/ul><\/li><li><a href=\"#comparison-of-top-10-photo-enhancer-tools\">Comparaci\u00f3n de las 10 mejores herramientas para mejorar fotos<\/a><\/li><li><a href=\"#industry-pros-and-cons\">Pros y contras del sector<\/a><ul><li><a href=\"#pros\">Pros<\/a><\/li><li><a href=\"#cons\">Contras<\/a><\/li><\/ul><\/li><li><a href=\"#faq\">PREGUNTAS FRECUENTES<\/a><\/li><li><a href=\"#summary\">Resumen<\/a><\/li><\/ul><\/nav><\/div>\n\n\n\n<h3 class=\"wp-block-heading\" id=\"outline\">Esquema<\/h3>\n\n\n\n<p class=\"\">En esta completa gu\u00eda, exploraremos el mundo de la mejora fotogr\u00e1fica mediante tecnolog\u00eda de IA. Trataremos la definici\u00f3n, los beneficios, las caracter\u00edsticas, el p\u00fablico objetivo, las aplicaciones del sector, las instrucciones de uso, ejemplos reales y ofreceremos una comparaci\u00f3n detallada de 10 herramientas populares. Tambi\u00e9n abordaremos las preguntas m\u00e1s frecuentes y resumiremos las principales ventajas del uso de los realzadores fotogr\u00e1ficos de IA, junto con una llamada a la acci\u00f3n.<\/p>\n\n\n\n<h3 class=\"wp-block-heading\" id=\"table-of-contents\">\u00cdndice<\/h3>\n\n\n\n<ol class=\"wp-block-list\">\n<li class=\"\"><a href=\"#what-is-a-photo-enhancer\">\u00bfQu\u00e9 es un potenciador de fotos?<\/a><\/li>\n\n\n\n<li class=\"\"><a href=\"#why-use-a-photo-enhancer\">\u00bfPor qu\u00e9 utilizar un potenciador de fotos?<\/a><\/li>\n\n\n\n<li class=\"\"><a href=\"#main-features-of-photo-enhancers\">Caracter\u00edsticas principales de los mejoradores de fotos<\/a><\/li>\n\n\n\n<li class=\"\"><a href=\"#target-audience-and-uses\">P\u00fablico destinatario y usos<\/a><\/li>\n\n\n\n<li class=\"\"><a href=\"#industry-applications\">Aplicaciones industriales<\/a><\/li>\n\n\n\n<li class=\"\"><a href=\"#how-to-use-a-photo-enhancer\">C\u00f3mo utilizar un potenciador de fotos<\/a><\/li>\n\n\n\n<li class=\"\"><a href=\"#real-world-usage-cases\">Casos de uso en el mundo real<\/a><\/li>\n\n\n\n<li class=\"\"><a href=\"#comparison-of-top-10-photo-enhancer-tools\">Comparaci\u00f3n de las 10 mejores herramientas para mejorar fotos<\/a><\/li>\n\n\n\n<li class=\"\"><a href=\"#industry-pros-and-cons\">Pros y contras del sector<\/a><\/li>\n\n\n\n<li class=\"\"><a href=\"#faq\">PREGUNTAS FRECUENTES<\/a><\/li>\n\n\n\n<li class=\"\"><a href=\"#summary-and-call-to-action\">Resumen y llamamiento a la acci\u00f3n<\/a><\/li>\n<\/ol>\n\n\n\n<h3 class=\"wp-block-heading\" id=\"what-is-a-photo-enhancer\">\u00bfQu\u00e9 es un potenciador de fotos?<\/h3>\n\n\n\n<p class=\"\">Un optimizador fotogr\u00e1fico es una herramienta o software que mejora la calidad de las im\u00e1genes mediante diversos ajustes y mejoras. Esto puede incluir el aumento de la resoluci\u00f3n, la reducci\u00f3n del ruido, la nitidez de los detalles y la mejora de la precisi\u00f3n del color. Los optimizadores fotogr\u00e1ficos basados en IA utilizan algoritmos avanzados y t\u00e9cnicas de aprendizaje autom\u00e1tico para analizar y mejorar las im\u00e1genes autom\u00e1ticamente.<\/p>\n\n\n\n<h3 class=\"wp-block-heading\" id=\"why-use-a-photo-enhancer\">\u00bfPor qu\u00e9 utilizar un potenciador de fotos?<\/h3>\n\n\n\n<p class=\"\">Utilizar un potenciador de fotos ofrece varias ventajas clave:<\/p>\n\n\n\n<ol class=\"wp-block-list\">\n<li class=\"\"><strong>Calidad fotogr\u00e1fica mejorada<\/strong>: Mejora la claridad, la nitidez y la calidad general de tus im\u00e1genes.<\/li>\n\n\n\n<li class=\"\"><strong>AI Image Enhancer<\/strong>: Aproveche el poder de la inteligencia artificial para lograr resultados superiores con el m\u00ednimo esfuerzo.<\/li>\n\n\n\n<li class=\"\"><strong>Herramienta de mejora para profesionales<\/strong>: Perfecto para dise\u00f1adores gr\u00e1ficos, fot\u00f3grafos y personas influyentes en las redes sociales que necesitan im\u00e1genes de alta calidad.<\/li>\n\n\n\n<li class=\"\"><strong>No es necesario inscribirse<\/strong>: Muchas herramientas, como <a href=\"https:\/\/aiartfree.online\/es\/potenciador-de-fotos\/\">AI Art Mejorador de fotos gratuito<\/a>ofrecen acceso gratuito e ilimitado sin necesidad de registrarse.<\/li>\n\n\n\n<li class=\"\"><strong>Versatilidad<\/strong>: Ideal para mejorar im\u00e1genes de productos, fotos familiares y publicaciones en redes sociales.<\/li>\n\n\n\n<li class=\"\"><strong>F\u00e1cil de usar<\/strong>: Sus sencillas interfaces facilitan su uso a cualquier persona, independientemente de su nivel t\u00e9cnico.<\/li>\n<\/ol>\n\n\n\n<h3 class=\"wp-block-heading\" id=\"main-features-of-photo-enhancers\">Caracter\u00edsticas principales de los mejoradores de fotos<\/h3>\n\n\n\n<h4 class=\"wp-block-heading\" id=\"ai-powered-enhancements\">Mejoras impulsadas por IA<\/h4>\n\n\n\n<p class=\"\">Los algoritmos de IA analizan y mejoran autom\u00e1ticamente las im\u00e1genes, garantizando una calidad \u00f3ptima con un m\u00ednimo de ajustes manuales.<\/p>\n\n\n\n<h4 class=\"wp-block-heading\" id=\"increase-photo-resolution\">Aumentar la resoluci\u00f3n de las fotos<\/h4>\n\n\n\n<p class=\"\">Mejora la resoluci\u00f3n de las im\u00e1genes de baja calidad para hacerlas aptas para impresi\u00f3n o uso profesional.<\/p>\n\n\n\n<h4 class=\"wp-block-heading\" id=\"improve-photo-quality\">Mejorar la calidad de las fotos<\/h4>\n\n\n\n<p class=\"\">Ajusta el brillo, el contraste y el balance de color para sacar lo mejor de tus fotos.<\/p>\n\n\n\n<h4 class=\"wp-block-heading\" id=\"reduce-noise-and-sharpen-details\">Reducir el ruido y enfocar los detalles<\/h4>\n\n\n\n<p class=\"\">Elimina el ruido y el desenfoque no deseados de las im\u00e1genes para hacerlas m\u00e1s claras y detalladas.<\/p>\n\n\n\n<h3 class=\"wp-block-heading\" id=\"target-audience-and-uses\">P\u00fablico destinatario y usos<\/h3>\n\n\n\n<p class=\"\">Los potenciadores de fotos son \u00fatiles para:<\/p>\n\n\n\n<ul class=\"wp-block-list\">\n<li class=\"\"><strong>Dise\u00f1adores gr\u00e1ficos<\/strong>: Mejore las im\u00e1genes para proyectos de dise\u00f1o.<\/li>\n\n\n\n<li class=\"\"><strong>Fot\u00f3grafos<\/strong>: Mejora la calidad de las fotos para los clientes.<\/li>\n\n\n\n<li class=\"\"><strong>Personas influyentes en las redes sociales<\/strong>: Crear contenidos de alta calidad para las plataformas de medios sociales.<\/li>\n\n\n\n<li class=\"\"><strong>Vendedores de comercio electr\u00f3nico<\/strong>: Haga que las fotos de los productos sean m\u00e1s atractivas para los compradores potenciales.<\/li>\n\n\n\n<li class=\"\"><strong>Familias<\/strong>: Conserva y mejora las fotos familiares m\u00e1s preciadas.<\/li>\n<\/ul>\n\n\n\n<h3 class=\"wp-block-heading\" id=\"industry-applications\">Aplicaciones industriales<\/h3>\n\n\n\n<h4 class=\"wp-block-heading\" id=\"e-commerce\">Comercio electr\u00f3nico<\/h4>\n\n\n\n<p class=\"\">Mejore las im\u00e1genes de los productos para hacerlas m\u00e1s atractivas y aumentar as\u00ed las ventas.<\/p>\n\n\n\n<h4 class=\"wp-block-heading\" id=\"photography\">Fotograf\u00eda<\/h4>\n\n\n\n<p class=\"\">Los fot\u00f3grafos profesionales pueden utilizar potenciadores fotogr\u00e1ficos para mejorar la calidad de su trabajo y satisfacer a los clientes.<\/p>\n\n\n\n<h4 class=\"wp-block-heading\" id=\"social-media\">Redes sociales<\/h4>\n\n\n\n<p class=\"\">Las personas influyentes y los profesionales del marketing pueden crear publicaciones llamativas que destaquen en el abarrotado panorama de las redes sociales.<\/p>\n\n\n\n<h4 class=\"wp-block-heading\" id=\"graphic-design\">Dise\u00f1o gr\u00e1fico<\/h4>\n\n\n\n<p class=\"\">Los dise\u00f1adores pueden mejorar la calidad de las im\u00e1genes utilizadas en sus proyectos, lo que da como resultado un trabajo m\u00e1s pulido y profesional.<\/p>\n\n\n\n<p class=\"\"><\/p>\n\n\n\n<h3 class=\"wp-block-heading\" id=\"how-to-use-a-photo-enhancer\">C\u00f3mo utilizar un potenciador de fotos<\/h3>\n\n\n\n<ol class=\"wp-block-list\">\n<li class=\"\"><strong>Cargue su foto<\/strong>: Seleccione la imagen que desea realzar.<\/li>\n\n\n\n<li class=\"\"><strong>Elija opciones de mejora<\/strong>: Seleccione los ajustes deseados (por ejemplo, aumentar la resoluci\u00f3n, reducir el ruido).<\/li>\n\n\n\n<li class=\"\"><strong>Aplicar mejoras<\/strong>: Deja que los algoritmos de IA hagan su magia.<\/li>\n\n\n\n<li class=\"\"><strong>Descargar la foto mejorada<\/strong>: Guarda la imagen mejorada en tu dispositivo.<\/li>\n<\/ol>\n\n\n\n<h3 class=\"wp-block-heading\" id=\"real-world-usage-cases\">Casos de uso en el mundo real<\/h3>\n\n\n\n<h4 class=\"wp-block-heading\" id=\"product-photography\">Fotograf\u00eda de productos<\/h4>\n\n\n\n<p class=\"\">Los vendedores de comercio electr\u00f3nico utilizan potenciadores de fotos para hacer m\u00e1s atractivas las im\u00e1genes de los productos, lo que aumenta las tasas de conversi\u00f3n.<\/p>\n\n\n\n<h4 class=\"wp-block-heading\" id=\"family-photos\">Fotos de familia<\/h4>\n\n\n\n<p class=\"\">Los particulares mejoran las fotos familiares antiguas para conservar los recuerdos con mayor claridad y detalle.<\/p>\n\n\n\n<h4 class=\"wp-block-heading\" id=\"social-media-posts\">Publicaciones en redes sociales<\/h4>\n\n\n\n<p class=\"\">Los influencers mejoran las fotos para crear contenidos impactantes que atraigan a m\u00e1s seguidores y engagement.<\/p>\n\n\n\n<h3 class=\"wp-block-heading\" id=\"comparison-of-top-10-photo-enhancer-tools\">Comparaci\u00f3n de las 10 mejores herramientas para mejorar fotos<\/h3>\n\n\n\n<figure class=\"wp-block-table\"><table class=\"has-fixed-layout\"><thead><tr><th>Nombre de la herramienta<\/th><th>Caracter\u00edsticas<\/th><th>Pros<\/th><th>Contras<\/th><th>P\u00e1gina web<\/th><\/tr><\/thead><tbody><tr><td><strong>AI Art Mejorador de fotos gratuito<\/strong><\/td><td>Inteligencia artificial, uso ilimitado, sin inscripci\u00f3n<\/td><td>100% gratis, f\u00e1cil de usar<\/td><td>Funciones avanzadas limitadas<\/td><td><a href=\"https:\/\/aiartfree.online\/es\/potenciador-de-fotos\/\">AI Art Gratis<\/a><\/td><\/tr><tr><td><strong>Adobe Photoshop<\/strong><\/td><td>Herramientas de edici\u00f3n avanzadas, mejoras de IA<\/td><td>Calidad profesional, altamente personalizable<\/td><td>Caro, curva de aprendizaje pronunciada<\/td><td><a href=\"https:\/\/www.adobe.com\/products\/photoshop.html\" target=\"_blank\" rel=\"noopener\">Adobe Photoshop<\/a><\/td><\/tr><tr><td><strong>Luminar AI<\/strong><\/td><td>Edici\u00f3n asistida por IA, plantillas<\/td><td>Procesamiento r\u00e1pido y sencillo<\/td><td>Requiere compra<\/td><td><a>Luminar AI<\/a><\/td><\/tr><tr><td><strong>Fotor<\/strong><\/td><td>Editor en l\u00ednea, mejoras de IA<\/td><td>Versi\u00f3n gratuita, f\u00e1cil de usar<\/td><td>Funciones limitadas en la versi\u00f3n gratuita<\/td><td><a href=\"https:\/\/www.fotor.com\/\" target=\"_blank\" rel=\"noopener\">Fotor<\/a><\/td><\/tr><tr><td><strong>GIMP<\/strong><\/td><td>Herramientas personalizables de c\u00f3digo abierto<\/td><td>Funciones gratuitas y potentes<\/td><td>Interfaz menos intuitiva<\/td><td><a href=\"https:\/\/www.gimp.org\/\" target=\"_blank\" rel=\"noopener\">GIMP<\/a><\/td><\/tr><tr><td><strong>Pixlr<\/strong><\/td><td>Basado en web, herramientas de IA, ediciones r\u00e1pidas<\/td><td>Versi\u00f3n b\u00e1sica gratuita, aplicaci\u00f3n m\u00f3vil<\/td><td>Anuncios en la versi\u00f3n gratuita, funciones limitadas<\/td><td><a href=\"https:\/\/pixlr.com\/\" target=\"_blank\" rel=\"noopener\">Pixlr<\/a><\/td><\/tr><tr><td><strong>PhotoScape X<\/strong><\/td><td>Herramientas de IA f\u00e1ciles de usar y de edici\u00f3n por lotes<\/td><td>Gratis, f\u00e1cil de usar<\/td><td>Funciones avanzadas limitadas<\/td><td><a>PhotoScape X<\/a><\/td><\/tr><tr><td><strong>Mejorar.Pho.to<\/strong><\/td><td>Potenciador en l\u00ednea, ajustes autom\u00e1ticos<\/td><td>Gratis, no es necesario registrarse<\/td><td>Control manual limitado<\/td><td><a>Mejorar.Pho.to<\/a><\/td><\/tr><tr><td><strong>Mejoremos<\/strong><\/td><td>Conversi\u00f3n ascendente y reducci\u00f3n de ruido con IA<\/td><td>Resultados de alta calidad, f\u00e1cil de usar<\/td><td>Versi\u00f3n gratuita limitada, se requieren cr\u00e9ditos para su uso completo<\/td><td><a href=\"https:\/\/letsenhance.io\/\" target=\"_blank\" rel=\"noopener\">Mejoremos<\/a><\/td><\/tr><tr><td><strong>BeFunky<\/strong><\/td><td>Editor de fotos, efectos AI, plantillas<\/td><td>Versi\u00f3n b\u00e1sica gratuita, interfaz sencilla<\/td><td>Las funciones Premium requieren suscripci\u00f3n<\/td><td><a href=\"https:\/\/www.befunky.com\/\" target=\"_blank\" rel=\"noopener\">BeFunky<\/a><\/td><\/tr><\/tbody><\/table><\/figure>\n\n\n\n<h3 class=\"wp-block-heading\" id=\"industry-pros-and-cons\">Pros y contras del sector<\/h3>\n\n\n\n<h4 class=\"wp-block-heading\" id=\"pros\">Pros<\/h4>\n\n\n\n<ul class=\"wp-block-list\">\n<li class=\"\"><strong>Calidad de imagen mejorada<\/strong>: Las herramientas de IA mejoran notablemente la calidad de la imagen.<\/li>\n\n\n\n<li class=\"\"><strong>F\u00e1cil de usar<\/strong>: F\u00e1cil de usar tanto para profesionales como para aficionados.<\/li>\n\n\n\n<li class=\"\"><strong>Rentable<\/strong>: Muchas herramientas son gratuitas o asequibles.<\/li>\n<\/ul>\n\n\n\n<h4 class=\"wp-block-heading\" id=\"cons\">Contras<\/h4>\n\n\n\n<ul class=\"wp-block-list\">\n<li class=\"\"><strong>Dependencia de la IA<\/strong>: Los resultados pueden variar en funci\u00f3n del algoritmo de IA.<\/li>\n\n\n\n<li class=\"\"><strong>Personalizaci\u00f3n limitada<\/strong>: Algunas herramientas ofrecen opciones limitadas de ajuste manual.<\/li>\n\n\n\n<li class=\"\"><strong>Tiempo de procesamiento<\/strong>: Las im\u00e1genes de alta resoluci\u00f3n pueden tardar m\u00e1s en procesarse.<\/li>\n<\/ul>\n\n\n\n<h3 class=\"wp-block-heading\" id=\"faq\">PREGUNTAS FRECUENTES<\/h3>\n\n\n\n<ol class=\"wp-block-list\">\n<li class=\"\"><strong>\u00bfC\u00f3mo mejorar una foto?<\/strong>\n<ul class=\"wp-block-list\">\n<li class=\"\">Sube tu foto a un mejorador de fotos AI y aplica las mejoras deseadas.<\/li>\n<\/ul>\n<\/li>\n\n\n\n<li class=\"\"><strong>\u00bfC\u00f3mo mejorar la resoluci\u00f3n de una foto?<\/strong>\n<ul class=\"wp-block-list\">\n<li class=\"\">Utiliza herramientas como AI Art Free Photo Enhancer para aumentar la resoluci\u00f3n de tus im\u00e1genes.<\/li>\n<\/ul>\n<\/li>\n\n\n\n<li class=\"\"><strong>\u00bfC\u00f3mo mejorar la calidad de las fotos?<\/strong>\n<ul class=\"wp-block-list\">\n<li class=\"\">Ajusta el brillo, el contraste y el balance de color con un mejorador de fotos AI.<\/li>\n<\/ul>\n<\/li>\n\n\n\n<li class=\"\"><strong>\u00bfC\u00f3mo mejorar una foto borrosa?<\/strong>\n<ul class=\"wp-block-list\">\n<li class=\"\">Utiliza la funci\u00f3n de nitidez de un optimizador de fotos AI para reducir el desenfoque.<\/li>\n<\/ul>\n<\/li>\n\n\n\n<li class=\"\"><strong>\u00bfC\u00f3mo mejorar la calidad de las fotos en Photoshop?<\/strong>\n<ul class=\"wp-block-list\">\n<li class=\"\">Utiliza las herramientas integradas de Photoshop, como la nitidez, la reducci\u00f3n de ruido y la correcci\u00f3n del color.<\/li>\n<\/ul>\n<\/li>\n\n\n\n<li class=\"\"><strong>\u00bfPueden los retocadores fotogr\u00e1ficos arreglar fotos antiguas?<\/strong>\n<ul class=\"wp-block-list\">\n<li class=\"\">S\u00ed, los potenciadores fotogr\u00e1ficos de IA pueden restaurar y mejorar la calidad de fotos antiguas.<\/li>\n<\/ul>\n<\/li>\n\n\n\n<li class=\"\"><strong>\u00bfExisten potenciadores de fotos gratuitos?<\/strong>\n<ul class=\"wp-block-list\">\n<li class=\"\">S\u00ed, herramientas como AI Art Free Photo Enhancer ofrecen un uso gratuito e ilimitado.<\/li>\n<\/ul>\n<\/li>\n\n\n\n<li class=\"\"><strong>\u00bfTengo que registrarme para utilizar un potenciador de fotos?<\/strong>\n<ul class=\"wp-block-list\">\n<li class=\"\">Muchas herramientas no requieren registro, lo que facilita la mejora r\u00e1pida de las fotos.<\/li>\n<\/ul>\n<\/li>\n\n\n\n<li class=\"\"><strong>\u00bfCu\u00e1les son las mejores herramientas para mejorar fotos?<\/strong>\n<ul class=\"wp-block-list\">\n<li class=\"\">AI Art Free Photo Enhancer, junto con otras herramientas populares enumeradas en la tabla comparativa.<\/li>\n<\/ul>\n<\/li>\n\n\n\n<li class=\"\"><strong>\u00bfCu\u00e1nto se tarda en mejorar una foto?<\/strong>\n<ul class=\"wp-block-list\">\n<li class=\"\">El tiempo de procesamiento var\u00eda en funci\u00f3n del tama\u00f1o de la imagen y de la herramienta utilizada.<\/li>\n<\/ul>\n<\/li>\n<\/ol>\n\n\n\n<h3 class=\"wp-block-heading\" id=\"summary\">Resumen<\/h3>\n\n\n\n<p class=\"\">Mejorar las fotos con tecnolog\u00eda de IA ofrece numerosas ventajas, como una mayor calidad, facilidad de uso y versatilidad. Tanto si eres fot\u00f3grafo profesional, dise\u00f1ador gr\u00e1fico o simplemente alguien que quiere mejorar sus fotos personales, los mejoradores de fotos con IA como <a href=\"https:\/\/aiartfree.online\/es\/potenciador-de-fotos\/\">AI Art Mejorador de fotos gratuito<\/a> ofrecen una potente soluci\u00f3n. Pru\u00e9bela hoy mismo y experimente la diferencia en la calidad de sus fotos.<\/p>","protected":false},"excerpt":{"rendered":"<p>Before vs After How to use the Photo Enhancer * Feel free to try our examples below if you don&#8217;t have any thoughts in your mind *&nbsp;Depending on your internet speed, loading the model may take up to 10 seconds \u2193 Enhance Your Photos with AI: The Ultimate Guide Outline In this comprehensive guide, we&#8217;ll &#8230; <a title=\"Potenciador de fotos\" class=\"read-more\" href=\"https:\/\/aiartfree.online\/es\/potenciador-de-fotos\/\" aria-label=\"Leer m\u00e1s sobre Photo Enhancer\">Leer m\u00e1s<\/a><\/p>","protected":false},"author":1,"featured_media":3420,"parent":0,"menu_order":0,"comment_status":"open","ping_status":"closed","template":"","meta":{"nf_dc_page":"","footnotes":""},"class_list":["post-3411","page","type-page","status-publish","has-post-thumbnail"],"jetpack_sharing_enabled":true,"_links":{"self":[{"href":"https:\/\/aiartfree.online\/es\/wp-json\/wp\/v2\/pages\/3411","targetHints":{"allow":["GET"]}}],"collection":[{"href":"https:\/\/aiartfree.online\/es\/wp-json\/wp\/v2\/pages"}],"about":[{"href":"https:\/\/aiartfree.online\/es\/wp-json\/wp\/v2\/types\/page"}],"author":[{"embeddable":true,"href":"https:\/\/aiartfree.online\/es\/wp-json\/wp\/v2\/users\/1"}],"replies":[{"embeddable":true,"href":"https:\/\/aiartfree.online\/es\/wp-json\/wp\/v2\/comments?post=3411"}],"version-history":[{"count":0,"href":"https:\/\/aiartfree.online\/es\/wp-json\/wp\/v2\/pages\/3411\/revisions"}],"wp:featuredmedia":[{"embeddable":true,"href":"https:\/\/aiartfree.online\/es\/wp-json\/wp\/v2\/media\/3420"}],"wp:attachment":[{"href":"https:\/\/aiartfree.online\/es\/wp-json\/wp\/v2\/media?parent=3411"}],"curies":[{"name":"wp","href":"https:\/\/api.w.org\/{rel}","templated":true}]}}