{"id":3366,"date":"2024-07-31T07:54:51","date_gmt":"2024-07-31T07:54:51","guid":{"rendered":"https:\/\/aiartfree.online\/?page_id=3366"},"modified":"2024-08-02T10:41:37","modified_gmt":"2024-08-02T10:41:37","slug":"ai-background-generator","status":"publish","type":"page","link":"https:\/\/aiartfree.online\/es\/generador-de-fondos-ai\/","title":{"rendered":"Generador de fondos AI"},"content":{"rendered":"<h2 class=\"wp-block-heading has-text-align-center\" id=\"before-vs-after\">Antes y despu\u00e9s<\/h2>\n\n\n\n<figure class=\"gb-block-image gb-block-image-1822da1f\"><img data-recalc-dims=\"1\" decoding=\"async\" loading=\"lazy\" width=\"1200\" height=\"423\" class=\"gb-image gb-image-1822da1f\" src=\"https:\/\/i0.wp.com\/aiartfree.online\/wp-content\/uploads\/2024\/07\/WX20240731-145349%402x-scaled.webp?resize=1200%2C423&#038;ssl=1\" alt=\"Generador de Fondos AI | Cambiador de Fondos Gratis, Ilimitado\" title=\"WX20240731-145349@2x\" srcset=\"https:\/\/i0.wp.com\/aiartfree.online\/wp-content\/uploads\/2024\/07\/WX20240731-145349%402x-scaled.webp?w=2560&amp;ssl=1 2560w, https:\/\/i0.wp.com\/aiartfree.online\/wp-content\/uploads\/2024\/07\/WX20240731-145349%402x-scaled.webp?resize=300%2C106&amp;ssl=1 300w, https:\/\/i0.wp.com\/aiartfree.online\/wp-content\/uploads\/2024\/07\/WX20240731-145349%402x-scaled.webp?resize=1024%2C361&amp;ssl=1 1024w, https:\/\/i0.wp.com\/aiartfree.online\/wp-content\/uploads\/2024\/07\/WX20240731-145349%402x-scaled.webp?resize=768%2C271&amp;ssl=1 768w, https:\/\/i0.wp.com\/aiartfree.online\/wp-content\/uploads\/2024\/07\/WX20240731-145349%402x-scaled.webp?resize=1536%2C541&amp;ssl=1 1536w, https:\/\/i0.wp.com\/aiartfree.online\/wp-content\/uploads\/2024\/07\/WX20240731-145349%402x-scaled.webp?resize=2048%2C721&amp;ssl=1 2048w, https:\/\/i0.wp.com\/aiartfree.online\/wp-content\/uploads\/2024\/07\/WX20240731-145349%402x-scaled.webp?resize=18%2C6&amp;ssl=1 18w, https:\/\/i0.wp.com\/aiartfree.online\/wp-content\/uploads\/2024\/07\/WX20240731-145349%402x-scaled.webp?resize=600%2C211&amp;ssl=1 600w, https:\/\/i0.wp.com\/aiartfree.online\/wp-content\/uploads\/2024\/07\/WX20240731-145349%402x-scaled.webp?w=2400&amp;ssl=1 2400w\" sizes=\"auto, (max-width: 1200px) 100vw, 1200px\" \/><\/figure>\n\n\n\n<h2 class=\"wp-block-heading\" id=\"how-to-use-the-ai-background-generator\">C\u00f3mo utilizar el generador de fondos AI<\/h2>\n\n\n\n<ol class=\"wp-block-list\">\n<li class=\"\">Suelte o cargue su imagen<\/li>\n\n\n\n<li class=\"\">Introduzca su pregunta (Seleccione <strong>Eliminar fondo<\/strong> si tu imagen tiene fondo para obtener un mejor resultado)<\/li>\n\n\n\n<li class=\"\">Haga clic en \"Generar\".<\/li>\n\n\n\n<li class=\"\">\u00a1Espera, eso es!<\/li>\n<\/ol>\n\n\n\n<p class=\"\">* No dudes en probar nuestros ejemplos a continuaci\u00f3n si no tienes ninguna idea en la cabeza<\/p>\n\n\n\n<p class=\"\"><em>* Dependiendo de su velocidad de Internet, la carga del modelo puede tardar unos segundos.<br>* Habr\u00e1 cach\u00e9 durante la generaci\u00f3n continua, y la nueva imagen aparecer\u00e1 despu\u00e9s de unos 3 segundos.<\/em><\/p>\n\n\n<div class=\"gb-container gb-container-968be51b\">\n\n<div class=\"iframe-wrapper\" style=\"position: relative; width: 100%; height: 2650px;\">\n  <div class=\"loading\" style=\"position: absolute; top: 100px; left: 50%; transform: translate(-50%, -50%); width: 40px; height: 40px; border: 3px solid #f0f0f0; border-top: 3px solid #db7093; border-radius: 50%; animation: spin 1s linear infinite;\"><\/div>\n  <iframe loading=\"lazy\" src=\"https:\/\/fotographerai-fai-fuzer.hf.space\" frameborder=\"0\" width=\"100%\" height=\"100%\" style=\"position: absolute; top: 0; left: 0; opacity: 0; transition: opacity 0.3s;\" onload=\"this.style.opacity=1;this.previousElementSibling.style.display='none';\"><\/iframe>\n<\/div>\n\n<style>\n@keyframes spin {\n  0% { transform: translate(-50%, -50%) rotate(0deg); }\n  100% { transform: translate(-50%, -50%) rotate(360deg); }\n}\n<\/style>\n\n<\/div>\n\n\n<div style=\"height:100px\" aria-hidden=\"true\" class=\"wp-block-spacer\"><\/div>\n\n\n\n<h2 class=\"wp-block-heading\" id=\"ai-background-generator-revolutionizing-image-creation\">Generador de fondos AI: Revolucionando la creaci\u00f3n de im\u00e1genes<\/h2>\n\n\n\n<p class=\"\">Este art\u00edculo explora el mundo de los generadores de fondos de IA, sus ventajas y c\u00f3mo est\u00e1n transformando las im\u00e1genes digitales. Cubriremos desde los conceptos b\u00e1sicos hasta las aplicaciones avanzadas, ayud\u00e1ndote a entender por qu\u00e9 esta herramienta se est\u00e1 convirtiendo en indispensable tanto para creadores como para empresas.<\/p>\n\n\n\n<div class=\"wp-block-rank-math-toc-block\" id=\"rank-math-toc\"><h3>\u00cdndice<\/h3><nav><ul><li><a href=\"#what-is-an-ai-background-generator\">\u00bfQu\u00e9 es un generador de antecedentes AI?<\/a><\/li><li><a href=\"#why-use-an-ai-background-generator\">\u00bfPor qu\u00e9 utilizar un generador de fondos AI?<\/a><\/li><li><a href=\"#main-features-of-ai-background-generators\">Caracter\u00edsticas principales de los generadores de fondos AI<\/a><ul><li><a href=\"#1-image-generation-from-text\">1. Generaci\u00f3n de im\u00e1genes a partir de texto<\/a><\/li><li><a href=\"#2-style-transfer\">2. Transferencia de estilo<\/a><\/li><li><a href=\"#3-background-removal-and-replacement\">3. Retirada y sustituci\u00f3n de fondos<\/a><\/li><li><a href=\"#4-resolution-enhancement\">4. Mejora de la resoluci\u00f3n<\/a><\/li><\/ul><\/li><li><a href=\"#who-should-use-ai-background-generators\">\u00bfQui\u00e9n debe utilizar los generadores de historiales de IA?<\/a><\/li><li><a href=\"#industries-benefiting-from-ai-background-generators\">Industrias que se benefician de los generadores de antecedentes de IA<\/a><\/li><li><a href=\"#how-to-use-an-ai-background-generator\">C\u00f3mo utilizar un generador de fondos AI<\/a><\/li><li><a href=\"#use-cases-for-ai-background-generators\">Casos de uso de los generadores de antecedentes de IA<\/a><ul><li><a href=\"#e-commerce-product-images\">Im\u00e1genes de productos de comercio electr\u00f3nico<\/a><\/li><li><a href=\"#social-media-content\">Contenido de las redes sociales<\/a><\/li><li><a href=\"#video-production\">Producci\u00f3n de v\u00eddeo<\/a><\/li><li><a href=\"#website-design\">Dise\u00f1o web<\/a><\/li><\/ul><\/li><li><a href=\"#10-ai-background-generator-tools-pros-cons-and-features\">10 Herramientas Generadoras de Fondos AI: Ventajas, desventajas y caracter\u00edsticas<\/a><\/li><li><a href=\"#advantages-challenges-and-recommendations-for-the-ai-background-generation-industry\">Ventajas, retos y recomendaciones para el sector de la generaci\u00f3n de antecedentes de IA<\/a><ul><li><a href=\"#advantages\">Ventajas<\/a><\/li><li><a href=\"#challenges\">Desaf\u00edos<\/a><\/li><li><a href=\"#recommendations\">Recomendaciones<\/a><\/li><\/ul><\/li><li><a href=\"#faq\">PREGUNTAS FRECUENTES<\/a><\/li><li><a href=\"#conclusion\">Conclusi\u00f3n<\/a><\/li><\/ul><\/nav><\/div>\n\n\n\n<h3 class=\"wp-block-heading\" id=\"what-is-an-ai-background-generator\">\u00bfQu\u00e9 es un generador de antecedentes AI?<\/h3>\n\n\n\n<p class=\"\">Un generador de fondos AI es una herramienta de vanguardia que utiliza la inteligencia artificial para crear fondos sorprendentes y \u00fanicos para diversos proyectos digitales. Esta tecnolog\u00eda n.\u00ba 1 permite a los usuarios producir im\u00e1genes de alta calidad sin necesidad de amplios conocimientos de dise\u00f1o gr\u00e1fico ni costosos programas inform\u00e1ticos.<\/p>\n\n\n\n<h3 class=\"wp-block-heading\" id=\"why-use-an-ai-background-generator\">\u00bfPor qu\u00e9 utilizar un generador de fondos AI?<\/h3>\n\n\n\n<p class=\"\">Utilizar un generador de fondos AI ofrece numerosas ventajas:<\/p>\n\n\n\n<ol class=\"wp-block-list\">\n<li class=\"\">Ahorra tiempo: Genere fondos en segundos<\/li>\n\n\n\n<li class=\"\">Rentable: Muchas opciones son 100% gratuitas e ilimitadas<\/li>\n\n\n\n<li class=\"\">Vers\u00e1til: crea fondos para diversos fines<\/li>\n\n\n\n<li class=\"\">No se requieren conocimientos de dise\u00f1o: La IA hace el trabajo pesado<\/li>\n\n\n\n<li class=\"\">Personalizable: Adapte los resultados a sus necesidades espec\u00edficas<\/li>\n<\/ol>\n\n\n\n<h3 class=\"wp-block-heading\" id=\"main-features-of-ai-background-generators\">Caracter\u00edsticas principales de los generadores de fondos AI<\/h3>\n\n\n\n<h4 class=\"wp-block-heading\" id=\"1-image-generation-from-text\">1. Generaci\u00f3n de im\u00e1genes a partir de texto<\/h4>\n\n\n\n<p class=\"\">Los generadores de fondos de IA pueden crear im\u00e1genes basadas en descripciones de texto, lo que permite obtener resultados incre\u00edblemente espec\u00edficos y personalizados.<\/p>\n\n\n\n<h4 class=\"wp-block-heading\" id=\"2-style-transfer\">2. Transferencia de estilo<\/h4>\n\n\n\n<p class=\"\">Aplique estilos art\u00edsticos a im\u00e1genes existentes o genere otras nuevas con estilos espec\u00edficos, desde fotorrealistas a abstractas.<\/p>\n\n\n\n<h4 class=\"wp-block-heading\" id=\"3-background-removal-and-replacement\">3. Retirada y sustituci\u00f3n de fondos<\/h4>\n\n\n\n<p class=\"\">Elimina y cambia f\u00e1cilmente el fondo de las fotos, perfecto para im\u00e1genes de productos o retratos.<\/p>\n\n\n\n<h4 class=\"wp-block-heading\" id=\"4-resolution-enhancement\">4. Mejora de la resoluci\u00f3n<\/h4>\n\n\n\n<p class=\"\">Aumente y mejore la calidad de las im\u00e1genes existentes o genere fondos de alta resoluci\u00f3n desde cero.<\/p>\n\n\n\n<h3 class=\"wp-block-heading\" id=\"who-should-use-ai-background-generators\">\u00bfQui\u00e9n debe utilizar los generadores de historiales de IA?<\/h3>\n\n\n\n<ul class=\"wp-block-list\">\n<li class=\"\">Dise\u00f1adores gr\u00e1ficos<\/li>\n\n\n\n<li class=\"\">Profesionales de las redes sociales<\/li>\n\n\n\n<li class=\"\">Empresas de comercio electr\u00f3nico<\/li>\n\n\n\n<li class=\"\">Desarrolladores de juegos (por ejemplo, para dnd generador de fondo ai)<\/li>\n\n\n\n<li class=\"\">Creadores de contenidos<\/li>\n\n\n\n<li class=\"\">Fot\u00f3grafos<\/li>\n<\/ul>\n\n\n\n<h3 class=\"wp-block-heading\" id=\"industries-benefiting-from-ai-background-generators\">Industrias que se benefician de los generadores de antecedentes de IA<\/h3>\n\n\n\n<ul class=\"wp-block-list\">\n<li class=\"\">Publicidad y marketing<\/li>\n\n\n\n<li class=\"\">Comercio electr\u00f3nico y fotograf\u00eda de productos<\/li>\n\n\n\n<li class=\"\">Juegos y entretenimiento<\/li>\n\n\n\n<li class=\"\">Inmobiliario<\/li>\n\n\n\n<li class=\"\">Moda y estilo de vida<\/li>\n\n\n\n<li class=\"\">Educaci\u00f3n y e-learning<\/li>\n<\/ul>\n\n\n\n<h3 class=\"wp-block-heading\" id=\"how-to-use-an-ai-background-generator\">C\u00f3mo utilizar un generador de fondos AI<\/h3>\n\n\n\n<ol class=\"wp-block-list\">\n<li class=\"\">Elige una herramienta generadora de fondos AI fiable<\/li>\n\n\n\n<li class=\"\">Seleccione la funci\u00f3n deseada (por ejemplo, generar una nueva imagen, eliminar el fondo)<\/li>\n\n\n\n<li class=\"\">Introduzca un texto descriptivo o cargue una imagen<\/li>\n\n\n\n<li class=\"\">Ajuste la configuraci\u00f3n seg\u00fan sea necesario<\/li>\n\n\n\n<li class=\"\">Generar el fondo<\/li>\n\n\n\n<li class=\"\">Descarga y utiliza tu nuevo fondo<\/li>\n<\/ol>\n\n\n\n<h3 class=\"wp-block-heading\" id=\"use-cases-for-ai-background-generators\">Casos de uso de los generadores de antecedentes de IA<\/h3>\n\n\n\n<h4 class=\"wp-block-heading\" id=\"e-commerce-product-images\">Im\u00e1genes de productos de comercio electr\u00f3nico<\/h4>\n\n\n\n<p class=\"\">Cree im\u00e1genes de productos de aspecto profesional con bellas im\u00e1genes de flores generadas por ai con fondo difuminado u otros contextos adecuados.<\/p>\n\n\n\n<h4 class=\"wp-block-heading\" id=\"social-media-content\">Contenido de las redes sociales<\/h4>\n\n\n\n<p class=\"\">Genera fondos llamativos para posts, historias y anuncios.<\/p>\n\n\n\n<h4 class=\"wp-block-heading\" id=\"video-production\">Producci\u00f3n de v\u00eddeo<\/h4>\n\n\n\n<p class=\"\">Cree telones de fondo \u00fanicos para proyectos de v\u00eddeo, decorados virtuales o sustitutos de pantallas verdes.<\/p>\n\n\n\n<h4 class=\"wp-block-heading\" id=\"website-design\">Dise\u00f1o web<\/h4>\n\n\n\n<p class=\"\">Desarrolle fondos personalizados para p\u00e1ginas web, cabeceras y banners.<\/p>\n\n\n\n<h3 class=\"wp-block-heading\" id=\"10-ai-background-generator-tools-pros-cons-and-features\">10 Herramientas Generadoras de Fondos AI: Ventajas, desventajas y caracter\u00edsticas<\/h3>\n\n\n\n<figure class=\"wp-block-table\"><table class=\"has-fixed-layout\"><thead><tr><th>Herramienta<\/th><th>Pros<\/th><th>Contras<\/th><th>Caracter\u00edsticas<\/th><th>URL<\/th><\/tr><\/thead><tbody><tr><td>AIArtFree<\/td><td>100% Gratis, Sin registro, Uso ilimitado<\/td><td>Funciones avanzadas limitadas<\/td><td>Generador de fondos AI, Eliminaci\u00f3n de fondos<\/td><td><a href=\"https:\/\/aiartfree.online\/es\/generador-de-fondos-ai\/\">https:\/\/aiartfree.online\/ai-background-generator\/<\/a><\/td><\/tr><tr><td>DALL-E 2<\/td><td>Salidas de alta calidad, Vers\u00e1til<\/td><td>Servicio de pago, requiere cuenta OpenAI<\/td><td>Generaci\u00f3n de texto a imagen, Edici\u00f3n de im\u00e1genes<\/td><td><a href=\"https:\/\/openai.com\/dall-e-2\" target=\"_blank\" rel=\"noreferrer noopener\">https:\/\/openai.com\/dall-e-2<\/a><\/td><\/tr><tr><td>A mitad de camino<\/td><td>Producciones art\u00edsticas, impulsadas por la comunidad<\/td><td>Servicio de pago, interfaz basada en Discord<\/td><td>Generaci\u00f3n de texto a imagen, Personalizaci\u00f3n de estilos<\/td><td>https:\/\/www.midjourney.com<\/td><\/tr><tr><td>Difusi\u00f3n estable<\/td><td>C\u00f3digo abierto, personalizable<\/td><td>Requiere conocimientos t\u00e9cnicos para su instalaci\u00f3n<\/td><td>Generaci\u00f3n de texto a imagen, Traducci\u00f3n de imagen a imagen<\/td><td>https:\/\/stability.ai<\/td><\/tr><tr><td>Canva<\/td><td>Interfaz f\u00e1cil de usar, herramientas de dise\u00f1o integradas<\/td><td>Funciones de IA limitadas en la versi\u00f3n gratuita<\/td><td>Eliminaci\u00f3n del fondo, generaci\u00f3n de im\u00e1genes (con Magic Studio)<\/td><td>https:\/\/www.canva.com<\/td><\/tr><tr><td>Eliminar.bg<\/td><td>Especializado en eliminaci\u00f3n de antecedentes, API disponible<\/td><td>Limitado s\u00f3lo a la eliminaci\u00f3n de fondo<\/td><td>Eliminaci\u00f3n autom\u00e1tica del fondo, Detecci\u00f3n de personas<\/td><td>https:\/\/www.remove.bg<\/td><\/tr><tr><td>Pixlr<\/td><td>Versi\u00f3n b\u00e1sica gratuita, basada en web<\/td><td>Las funciones avanzadas requieren suscripci\u00f3n<\/td><td>Eliminaci\u00f3n de fondos AI, Herramientas de edici\u00f3n de im\u00e1genes<\/td><td>https:\/\/pixlr.com<\/td><\/tr><tr><td>PhotoRoom<\/td><td>Apto para m\u00f3viles, bueno para fotos de productos<\/td><td>Las funciones completas requieren suscripci\u00f3n<\/td><td>Eliminaci\u00f3n de fondo, Eliminaci\u00f3n de objetos, Generaci\u00f3n de im\u00e1genes AI<\/td><td>https:\/\/www.photoroom.com<\/td><\/tr><tr><td>Artbreeder<\/td><td>Funciones \u00fanicas de mezcla de im\u00e1genes<\/td><td>Curva de aprendizaje para obtener los mejores resultados<\/td><td>Mezcla de im\u00e1genes, Transferencia de estilos<\/td><td>https:\/\/www.artbreeder.com<\/td><\/tr><tr><td>Fotor<\/td><td>F\u00e1cil de usar, m\u00faltiples herramientas de IA<\/td><td>Algunas funciones bloqueadas tras un muro de pago<\/td><td>Eliminaci\u00f3n de fondo, AI art generator, Efectos fotogr\u00e1ficos<\/td><td>https:\/\/www.fotor.com<\/td><\/tr><\/tbody><\/table><figcaption class=\"wp-element-caption\">Esta tabla ofrece una visi\u00f3n m\u00e1s completa de varias herramientas generadoras de fondos de IA, incluidos sus pros, sus contras, sus caracter\u00edsticas principales y sus URL.<\/figcaption><\/figure>\n\n\n\n<h3 class=\"wp-block-heading\" id=\"advantages-challenges-and-recommendations-for-the-ai-background-generation-industry\">Ventajas, retos y recomendaciones para el sector de la generaci\u00f3n de antecedentes de IA<\/h3>\n\n\n\n<h4 class=\"wp-block-heading\" id=\"advantages\">Ventajas<\/h4>\n\n\n\n<ul class=\"wp-block-list\">\n<li class=\"\">R\u00e1pida innovaci\u00f3n en tecnolog\u00eda de IA<\/li>\n\n\n\n<li class=\"\">Aumento de la demanda en diversos sectores<\/li>\n\n\n\n<li class=\"\">Posibilidad de integraci\u00f3n con otras herramientas de IA<\/li>\n<\/ul>\n\n\n\n<h4 class=\"wp-block-heading\" id=\"challenges\">Desaf\u00edos<\/h4>\n\n\n\n<ul class=\"wp-block-list\">\n<li class=\"\">Derechos de autor y cuestiones \u00e9ticas<\/li>\n\n\n\n<li class=\"\">Garantizar la calidad y coherencia de la imagen<\/li>\n\n\n\n<li class=\"\">Equilibrio entre automatizaci\u00f3n y creatividad humana<\/li>\n<\/ul>\n\n\n\n<h4 class=\"wp-block-heading\" id=\"recommendations\">Recomendaciones<\/h4>\n\n\n\n<ul class=\"wp-block-list\">\n<li class=\"\">Interfaces f\u00e1ciles de usar<\/li>\n\n\n\n<li class=\"\">Desarrollar funciones espec\u00edficas del sector<\/li>\n\n\n\n<li class=\"\">Dar prioridad a las pr\u00e1cticas \u00e9ticas de IA y a la transparencia<\/li>\n<\/ul>\n\n\n\n<h3 class=\"wp-block-heading\" id=\"faq\">PREGUNTAS FRECUENTES<\/h3>\n\n\n\n<ol class=\"wp-block-list\">\n<li class=\"\">\u00bfC\u00f3mo generar un fondo AI en Photoshop?<br>Aunque Photoshop ofrece algunas funciones de IA, utilizar una herramienta espec\u00edfica como https:\/\/aiartfree.online\/ai-background-generator\/ es m\u00e1s r\u00e1pido, sencillo y gratuito.<\/li>\n\n\n\n<li class=\"\">\u00bfC\u00f3mo generar AI un fondo en Photoshop?<br>En lugar de utilizar Photoshop, prueba nuestro generador de fondos AI gratuito para obtener resultados m\u00e1s r\u00e1pidos y sencillos.<\/li>\n\n\n\n<li class=\"\">\u00bfC\u00f3mo se genera el fondo AI?<br>Visita https:\/\/aiartfree.online\/ai-background-generator\/, introduce la descripci\u00f3n que desees o sube una imagen, y deja que la IA cree un fondo por ti.<\/li>\n\n\n\n<li class=\"\">\u00bfPuedo utilizar comercialmente fondos generados por IA?<br>Depende de la herramienta y de sus condiciones de servicio. Comprueba siempre el acuerdo de licencia antes de utilizarla con fines comerciales.<\/li>\n\n\n\n<li class=\"\">\u00bfSon gratuitos los generadores de fondos de IA?<br>Muchas herramientas ofrecen opciones gratuitas, como nuestro generador 100% gratuito e ilimitado en https:\/\/aiartfree.online\/ai-background-generator\/.<\/li>\n\n\n\n<li class=\"\">\u00bfPueden los generadores de fondos de IA crear im\u00e1genes realistas?<br>S\u00ed, muchas herramientas de IA pueden crear fondos e im\u00e1genes de gran realismo.<\/li>\n\n\n\n<li class=\"\">\u00bfC\u00f3mo puedo eliminar el fondo de una imagen existente?<br>La mayor\u00eda de los generadores de fondos AI ofrecen la posibilidad de eliminar el fondo. Solo tienes que subir tu imagen y seleccionar la opci\u00f3n de eliminar fondo.<\/li>\n\n\n\n<li class=\"\">\u00bfPuedo generar fondos para temas espec\u00edficos como fantas\u00eda o ciencia ficci\u00f3n?<br>Por supuesto. Los generadores de IA pueden crear fondos para varios temas bas\u00e1ndose en sus descripciones de texto.<\/li>\n\n\n\n<li class=\"\">\u00bfExisten limitaciones para los fondos generados por IA?<br>Aunque potentes, los generadores de IA pueden producir a veces incoherencias o elementos poco realistas. Revise siempre los resultados y, en su caso, ed\u00edtelos.<\/li>\n\n\n\n<li class=\"\">\u00bfC\u00f3mo puedo garantizar la singularidad de mis fondos generados por IA?<br>Utilice indicaciones espec\u00edficas, combine varias generaciones o a\u00f1ada toques personales para que sus fondos sean realmente \u00fanicos.<\/li>\n<\/ol>\n\n\n\n<h3 class=\"wp-block-heading\" id=\"conclusion\">Conclusi\u00f3n<\/h3>\n\n\n\n<p class=\"\">Los generadores de fondos AI est\u00e1n revolucionando la forma de crear y manipular im\u00e1genes digitales. Con herramientas como https:\/\/aiartfree.online\/ai-background-generator\/, que ofrece 100% gratuitas, ilimitadas y sin opciones de registro, es m\u00e1s f\u00e1cil que nunca producir efectos visuales impresionantes para cualquier proyecto. Tanto si eres un dise\u00f1ador profesional como un creador ocasional, los generadores de fondos AI proporcionan una soluci\u00f3n accesible, eficiente y potente para tus necesidades de imagen. Pruebe uno hoy mismo y experimente el futuro de la creatividad digital.<\/p>","protected":false},"excerpt":{"rendered":"<p>Before vs After How to use the AI Background Generator * Feel free to try our examples below if you don&#8217;t have any thoughts in your mind *&nbsp;Depending on your internet speed, loading the model may take a few seconds.* There will be caching during continuous generation, and the new image will appear after about &#8230; <a title=\"Generador de fondos AI\" class=\"read-more\" href=\"https:\/\/aiartfree.online\/es\/generador-de-fondos-ai\/\" aria-label=\"Leer m\u00e1s sobre AI Background Generator\">Leer m\u00e1s<\/a><\/p>","protected":false},"author":1,"featured_media":3377,"parent":0,"menu_order":0,"comment_status":"open","ping_status":"closed","template":"","meta":{"nf_dc_page":"","footnotes":""},"class_list":["post-3366","page","type-page","status-publish","has-post-thumbnail"],"jetpack_sharing_enabled":true,"_links":{"self":[{"href":"https:\/\/aiartfree.online\/es\/wp-json\/wp\/v2\/pages\/3366","targetHints":{"allow":["GET"]}}],"collection":[{"href":"https:\/\/aiartfree.online\/es\/wp-json\/wp\/v2\/pages"}],"about":[{"href":"https:\/\/aiartfree.online\/es\/wp-json\/wp\/v2\/types\/page"}],"author":[{"embeddable":true,"href":"https:\/\/aiartfree.online\/es\/wp-json\/wp\/v2\/users\/1"}],"replies":[{"embeddable":true,"href":"https:\/\/aiartfree.online\/es\/wp-json\/wp\/v2\/comments?post=3366"}],"version-history":[{"count":0,"href":"https:\/\/aiartfree.online\/es\/wp-json\/wp\/v2\/pages\/3366\/revisions"}],"wp:featuredmedia":[{"embeddable":true,"href":"https:\/\/aiartfree.online\/es\/wp-json\/wp\/v2\/media\/3377"}],"wp:attachment":[{"href":"https:\/\/aiartfree.online\/es\/wp-json\/wp\/v2\/media?parent=3366"}],"curies":[{"name":"wp","href":"https:\/\/api.w.org\/{rel}","templated":true}]}}