{"id":3351,"date":"2024-07-30T17:07:44","date_gmt":"2024-07-30T17:07:44","guid":{"rendered":"https:\/\/aiartfree.online\/?page_id=3351"},"modified":"2024-08-16T10:09:07","modified_gmt":"2024-08-16T10:09:07","slug":"ai-voice-generator","status":"publish","type":"page","link":"https:\/\/aiartfree.online\/es\/generador-de-voz-ai\/","title":{"rendered":"Generador de voz AI"},"content":{"rendered":"<h2 class=\"wp-block-heading\" id=\"how-to-use-the-ai-voice-generator\">C\u00f3mo utilizar el generador de voz AI<\/h2>\n\n\n\n<ol class=\"wp-block-list\">\n<li class=\"\">Introduzca su texto<\/li>\n\n\n\n<li class=\"\">Selecciona una voz<\/li>\n\n\n\n<li class=\"\">Haga clic en \"Enviar\".<\/li>\n\n\n\n<li class=\"\">\u00a1Espera, eso es!<\/li>\n<\/ol>\n\n\n\n<p class=\"\">* No dudes en probar nuestros ejemplos a continuaci\u00f3n si no tienes ninguna idea en la cabeza<\/p>\n\n\n\n<p class=\"\"><em>* Dependiendo de su velocidad de Internet, la carga del modelo puede tardar <\/em>hasta 10 segundos \u2193<\/p>\n\n\n\n<div class=\"iframe-wrapper\" style=\"position: relative; width: 100%; height: 1000px;\">\n  <div class=\"loading\" style=\"position: absolute; top: 50px; left: 50%; transform: translate(-50%, -50%); width: 40px; height: 40px; border: 3px solid #f0f0f0; border-top: 3px solid #db7093; border-radius: 50%; animation: spin 1s linear infinite;\"><\/div>\n  <iframe loading=\"lazy\" src=\"https:\/\/innoai-edge-tts-text-to-speech.hf.space\" frameborder=\"0\" width=\"100%\" height=\"100%\" style=\"position: absolute; top: 0; left: 0; opacity: 0; transition: opacity 0.3s;\" onload=\"this.style.opacity=1;this.previousElementSibling.style.display='none';\"><\/iframe>\n<\/div>\n\n<style>\n@keyframes spin {\n  0% { transform: translate(-50%, -50%) rotate(0deg); }\n  100% { transform: translate(-50%, -50%) rotate(360deg); }\n}\n<\/style>\n\n\n\n<div style=\"height:80px\" aria-hidden=\"true\" class=\"wp-block-spacer\"><\/div>\n\n\n\n<h2 class=\"wp-block-heading\" id=\"the-ultimate-guide-to-ai-voice-generators\">Gu\u00eda definitiva de los generadores de voz por IA<\/h2>\n\n\n\n<h3 class=\"wp-block-heading\" id=\"outline\">Esquema<\/h3>\n\n\n\n<p class=\"\">Los generadores de voz AI han revolucionado la forma de crear contenidos de audio, ofreciendo voces de alta calidad y ultrarrealistas que suenan como el habla humana. Esta gu\u00eda explora la definici\u00f3n, las ventajas, las funciones, el p\u00fablico objetivo, los usos del sector, las instrucciones paso a paso, los casos de uso, las herramientas, los pros y los contras del sector y las preguntas m\u00e1s frecuentes sobre los generadores de voz por IA.<\/p>\n\n\n\n<figure class=\"wp-block-image size-large is-resized\"><img data-recalc-dims=\"1\" data-dominant-color=\"52455b\" data-has-transparency=\"false\" decoding=\"async\" width=\"1024\" height=\"585\"   loading=\"lazy\" src=\"https:\/\/i0.wp.com\/aiartfree.online\/wp-content\/uploads\/2024\/08\/out-0-1.webp?resize=1024%2C585&#038;ssl=1\" alt=\"Descubre el mejor generador de voz AI en AIArtFree. Genera voces de alta calidad y ultra realistas sin esfuerzo para la creaci\u00f3n de contenidos, y locuciones. Sin l\u00edmite. Mejor Generador de Voz AI - 100% Gratis, Ilimitado, Sin Registro\" class=\"wp-image-3458 not-transparent\" style=\"--dominant-color: #52455b; width:598px;height:auto\" srcset=\"https:\/\/i0.wp.com\/aiartfree.online\/wp-content\/uploads\/2024\/08\/out-0-1.webp?resize=1024%2C585&amp;ssl=1 1024w, https:\/\/i0.wp.com\/aiartfree.online\/wp-content\/uploads\/2024\/08\/out-0-1.webp?resize=300%2C171&amp;ssl=1 300w, https:\/\/i0.wp.com\/aiartfree.online\/wp-content\/uploads\/2024\/08\/out-0-1.webp?resize=768%2C439&amp;ssl=1 768w, https:\/\/i0.wp.com\/aiartfree.online\/wp-content\/uploads\/2024\/08\/out-0-1.webp?resize=18%2C10&amp;ssl=1 18w, https:\/\/i0.wp.com\/aiartfree.online\/wp-content\/uploads\/2024\/08\/out-0-1.webp?resize=600%2C343&amp;ssl=1 600w, https:\/\/i0.wp.com\/aiartfree.online\/wp-content\/uploads\/2024\/08\/out-0-1.webp?w=1344&amp;ssl=1 1344w\" sizes=\"auto, (max-width: 1024px) 100vw, 1024px\" \/><\/figure>\n\n\n\n<div class=\"wp-block-rank-math-toc-block\" id=\"rank-math-toc\"><h3>\u00cdndice<\/h3><nav><ul><li><a href=\"#outline\">Esquema<\/a><\/li><li><a href=\"#what-is-an-ai-voice-generator\">Qu\u00e9 es un generador de voz IA<\/a><\/li><li><a href=\"#why-use-an-ai-voice-generator\">Por qu\u00e9 utilizar un generador de voz IA<\/a><\/li><li><a href=\"#main-features-of-ai-voice-generators\">Caracter\u00edsticas principales de los generadores de voz AI<\/a><ul><li><a href=\"#text-to-speech-ai\">AI de texto a voz<\/a><\/li><li><a href=\"#ultra-realistic-voices\">Voces ultrarrealistas<\/a><\/li><li><a href=\"#generative-ai\">IA Generativa<\/a><\/li><li><a href=\"#multiple-languages-and-accents\">M\u00faltiples lenguas y acentos<\/a><\/li><li><a href=\"#high-quality-voiceovers\">Locuciones de alta calidad<\/a><\/li><\/ul><\/li><li><a href=\"#who-should-use-ai-voice-generators\">Qui\u00e9n deber\u00eda utilizar los generadores de voz por IA<\/a><\/li><li><a href=\"#industry-uses-of-ai-voice-generators\">Usos industriales de los generadores de voz por IA<\/a><ul><li><a href=\"#media-and-entertainment\">Medios de comunicaci\u00f3n y entretenimiento<\/a><\/li><li><a href=\"#education\">Educaci\u00f3n<\/a><\/li><li><a href=\"#customer-service\">Atenci\u00f3n al cliente<\/a><\/li><li><a href=\"#marketing\">Marketing<\/a><\/li><\/ul><\/li><li><a href=\"#how-to-use-an-ai-voice-generator\">C\u00f3mo utilizar un generador de voz artificial<\/a><\/li><li><a href=\"#ai-voice-generator-usage-cases\">Casos de uso del generador de voz AI<\/a><ul><li><a href=\"#content-creation\">Creaci\u00f3n de contenidos<\/a><\/li><li><a href=\"#education-1\">Educaci\u00f3n<\/a><\/li><li><a href=\"#business-communication\">Comunicaci\u00f3n empresarial<\/a><\/li><li><a href=\"#marketing-2\">Marketing<\/a><\/li><\/ul><\/li><li><a href=\"#top-10-ai-voice-generator-tools\">Las 10 mejores herramientas para generar voz artificial<\/a><\/li><li><a href=\"#industry-pros-and-cons\">Pros y contras del sector<\/a><ul><li><a href=\"#pros\">Pros<\/a><\/li><li><a href=\"#cons\">Contras<\/a><\/li><li><a href=\"#advantages\">Ventajas<\/a><\/li><li><a href=\"#challenges\">Desaf\u00edos<\/a><\/li><li><a href=\"#suggestions\">Sugerencias<\/a><\/li><\/ul><\/li><li><a href=\"#frequently-asked-questions\">Preguntas frecuentes<\/a><\/li><\/ul><\/nav><\/div>\n\n\n\n<h3 class=\"wp-block-heading\" id=\"what-is-an-ai-voice-generator\">Qu\u00e9 es un generador de voz IA<\/h3>\n\n\n\n<p class=\"\">Un generador de voz AI es una aplicaci\u00f3n de software que utiliza inteligencia artificial para convertir texto en habla realista de tipo humano. Aprovecha las redes neuronales avanzadas y la IA generativa para crear audio de alta calidad que puede utilizarse en diversas aplicaciones, desde la creaci\u00f3n de contenidos a la voz en off, entre otras.<\/p>\n\n\n\n<h3 class=\"wp-block-heading\" id=\"why-use-an-ai-voice-generator\">Por qu\u00e9 utilizar un generador de voz IA<\/h3>\n\n\n\n<p class=\"\">Utilizar un generador de voz AI ofrece numerosas ventajas:<\/p>\n\n\n\n<ul class=\"wp-block-list\">\n<li class=\"\"><strong>100% Gratis<\/strong>: Muchas plataformas ofrecen versiones gratuitas para los usuarios.<\/li>\n\n\n\n<li class=\"\"><strong>Uso ilimitado<\/strong>: Crea tantas locuciones como necesites sin restricciones.<\/li>\n\n\n\n<li class=\"\"><strong>No es necesario inscribirse<\/strong>: F\u00e1cilmente accesible sin necesidad de una cuenta.<\/li>\n\n\n\n<li class=\"\"><strong>Salida de alta calidad<\/strong>: Produce voces que suenan casi id\u00e9nticas al habla humana.<\/li>\n\n\n\n<li class=\"\"><strong>Amplia compatibilidad ling\u00fc\u00edstica y acentual<\/strong>: Capaz de generar voces en m\u00faltiples idiomas y acentos.<\/li>\n\n\n\n<li class=\"\"><strong>Eficacia y rapidez<\/strong>: Genera r\u00e1pidamente audio a partir de texto, ahorrando tiempo y esfuerzo.<\/li>\n\n\n\n<li class=\"\"><strong>Audiencia mundial<\/strong>: Hace que los contenidos sean accesibles a un p\u00fablico m\u00e1s amplio al admitir varios idiomas.<\/li>\n<\/ul>\n\n\n\n<h3 class=\"wp-block-heading\" id=\"main-features-of-ai-voice-generators\">Caracter\u00edsticas principales de los generadores de voz AI<\/h3>\n\n\n\n<h4 class=\"wp-block-heading\" id=\"text-to-speech-ai\">AI de texto a voz<\/h4>\n\n\n\n<p class=\"\">Convierte texto escrito en palabras habladas con voces que suenan naturales.<\/p>\n\n\n\n<h4 class=\"wp-block-heading\" id=\"ultra-realistic-voices\">Voces ultrarrealistas<\/h4>\n\n\n\n<p class=\"\">Genera voces que no se distinguen de las voces humanas reales, lo que mejora la experiencia del oyente.<\/p>\n\n\n\n<h4 class=\"wp-block-heading\" id=\"generative-ai\">IA Generativa<\/h4>\n\n\n\n<p class=\"\">Utiliza modelos avanzados de IA para producir salidas de audio diversas y de alta calidad.<\/p>\n\n\n\n<h4 class=\"wp-block-heading\" id=\"multiple-languages-and-accents\">M\u00faltiples lenguas y acentos<\/h4>\n\n\n\n<p class=\"\">Admite una amplia gama de idiomas y acentos, lo que permite atender a un p\u00fablico mundial.<\/p>\n\n\n\n<h4 class=\"wp-block-heading\" id=\"high-quality-voiceovers\">Locuciones de alta calidad<\/h4>\n\n\n\n<p class=\"\">Crea locuciones de calidad profesional adecuadas para diversas aplicaciones, como v\u00eddeos y presentaciones.<\/p>\n\n\n\n<h3 class=\"wp-block-heading\" id=\"who-should-use-ai-voice-generators\">Qui\u00e9n deber\u00eda utilizar los generadores de voz por IA<\/h3>\n\n\n\n<ul class=\"wp-block-list\">\n<li class=\"\"><strong>Creadores de contenidos<\/strong>: Mejora v\u00eddeos, podcasts y otros contenidos multimedia con locuciones realistas.<\/li>\n\n\n\n<li class=\"\"><strong>Educadores<\/strong>: Convierte materiales educativos a formato de audio, haciendo m\u00e1s accesible el aprendizaje.<\/li>\n\n\n\n<li class=\"\"><strong>Empresas<\/strong>: Mejora el servicio de atenci\u00f3n al cliente con respuestas automatizadas pero similares a las humanas.<\/li>\n\n\n\n<li class=\"\"><strong>Vendedores<\/strong>: Crea contenidos de audio atractivos para anuncios y redes sociales.<\/li>\n<\/ul>\n\n\n\n<h3 class=\"wp-block-heading\" id=\"industry-uses-of-ai-voice-generators\">Usos industriales de los generadores de voz por IA<\/h3>\n\n\n\n<h4 class=\"wp-block-heading\" id=\"media-and-entertainment\">Medios de comunicaci\u00f3n y entretenimiento<\/h4>\n\n\n\n<p class=\"\">Se utiliza para locuciones en v\u00eddeos, pel\u00edculas y animaciones.<\/p>\n\n\n\n<h4 class=\"wp-block-heading\" id=\"education\">Educaci\u00f3n<\/h4>\n\n\n\n<p class=\"\">Ayuda a crear audiolibros y contenidos de e-learning.<\/p>\n\n\n\n<h4 class=\"wp-block-heading\" id=\"customer-service\">Atenci\u00f3n al cliente<\/h4>\n\n\n\n<p class=\"\">Potencia los asistentes de voz y los sistemas automatizados de atenci\u00f3n al cliente.<\/p>\n\n\n\n<h4 class=\"wp-block-heading\" id=\"marketing\">Marketing<\/h4>\n\n\n\n<p class=\"\">Genera anuncios de audio y contenidos promocionales.<\/p>\n\n\n\n<h3 class=\"wp-block-heading\" id=\"how-to-use-an-ai-voice-generator\">C\u00f3mo utilizar un generador de voz artificial<\/h3>\n\n\n\n<ol class=\"wp-block-list\">\n<li class=\"\"><strong>Elija una herramienta<\/strong>: Seleccione una herramienta como&nbsp;<a href=\"https:\/\/aiartfree.online\/es\/generador-de-voz-ai\/\">Generador de voz AI<\/a>.<\/li>\n\n\n\n<li class=\"\"><strong>Texto de entrada<\/strong>: Introduzca el texto que desea convertir en voz.<\/li>\n\n\n\n<li class=\"\"><strong>Seleccionar voz e idioma<\/strong>: Seleccione los ajustes de voz e idioma deseados.<\/li>\n\n\n\n<li class=\"\"><strong>Generar audio<\/strong>: Haz clic en el bot\u00f3n Generar para crear la locuci\u00f3n.<\/li>\n\n\n\n<li class=\"\"><strong>Descargar y utilizar<\/strong>: Descargue el archivo de audio generado para su proyecto.<\/li>\n<\/ol>\n\n\n\n<h3 class=\"wp-block-heading\" id=\"ai-voice-generator-usage-cases\">Casos de uso del generador de voz AI<\/h3>\n\n\n\n<h4 class=\"wp-block-heading\" id=\"content-creation\">Creaci\u00f3n de contenidos<\/h4>\n\n\n\n<p class=\"\">Creaci\u00f3n de locuciones para v\u00eddeos de YouTube, podcasts y otros contenidos multimedia.<\/p>\n\n\n\n<h4 class=\"wp-block-heading\" id=\"education-1\">Educaci\u00f3n<\/h4>\n\n\n\n<p class=\"\">Generaci\u00f3n de versiones de audio de libros de texto y material did\u00e1ctico.<\/p>\n\n\n\n<h4 class=\"wp-block-heading\" id=\"business-communication\">Comunicaci\u00f3n empresarial<\/h4>\n\n\n\n<p class=\"\">Mejora de los sistemas de respuesta vocal interactiva (IVR) con voces realistas.<\/p>\n\n\n\n<h4 class=\"wp-block-heading\" id=\"marketing-2\">Marketing<\/h4>\n\n\n\n<p class=\"\">Producci\u00f3n de anuncios sonoros para diversas plataformas.<\/p>\n\n\n\n<h3 class=\"wp-block-heading\" id=\"top-10-ai-voice-generator-tools\">Las 10 mejores herramientas para generar voz artificial<\/h3>\n\n\n\n<figure class=\"wp-block-table\"><table class=\"has-fixed-layout\"><thead><tr><th>Herramienta<\/th><th>Caracter\u00edsticas<\/th><th>Ventajas<\/th><th>Desaf\u00edos<\/th><th>URL<\/th><\/tr><\/thead><tbody><tr><td><strong>Generador de voz AI<\/strong><\/td><td>100% Gratuito, sin inscripci\u00f3n, voces de alta calidad<\/td><td>Uso ilimitado, f\u00e1cil de usar<\/td><td>Funciones avanzadas limitadas<\/td><td><a href=\"https:\/\/aiartfree.online\/es\/generador-de-voz-ai\/\">aiartfree.online\/ai-voice-generator<\/a><\/td><\/tr><tr><td><strong>Texto a voz de Google<\/strong><\/td><td>Compatible con varios idiomas y acentos<\/td><td>Rendimiento de alta calidad<\/td><td>Requiere cuenta de Google<\/td><td>cloud.google.com\/text-to-speech<\/td><\/tr><tr><td><strong>Amazon Polly<\/strong><\/td><td>Amplia gama de voces, procesamiento en tiempo real<\/td><td>Escalabilidad<\/td><td>Los costes pueden aumentar<\/td><td>aws.amazon.com\/polly<\/td><\/tr><tr><td><strong>IBM Watson Texto a voz<\/strong><\/td><td>Voces personalizables, alta calidad<\/td><td>Funciones avanzadas<\/td><td>Estructura de precios<\/td><td>ibm.com\/cloud\/watson-text-to-speech<\/td><\/tr><tr><td><strong>Microsoft Azure TTS<\/strong><\/td><td>Voces neuronales, amplio soporte ling\u00fc\u00edstico<\/td><td>Integraci\u00f3n con los servicios Azure<\/td><td>Precios<\/td><td>azure.microsoft.com\/services\/cognitive-services\/text-to-speech<\/td><\/tr><tr><td><strong>iSpeech<\/strong><\/td><td>F\u00e1cil de usar, varios idiomas<\/td><td>Versi\u00f3n gratuita limitada<\/td><td>&#8211;<\/td><td>ispeech.org<\/td><\/tr><tr><td><strong>ResponsiveVoice<\/strong><\/td><td>Basado en web, f\u00e1cil integraci\u00f3n<\/td><td>Voces b\u00e1sicas<\/td><td>Funciones limitadas en la versi\u00f3n gratuita<\/td><td>responsivevoice.org<\/td><\/tr><tr><td><strong>NaturalReader<\/strong><\/td><td>Interfaz sencilla, voces de alta calidad<\/td><td>Acceso sin conexi\u00f3n<\/td><td>Personalizaci\u00f3n limitada<\/td><td>naturalreaders.com<\/td><\/tr><tr><td><strong>Balabolka<\/strong><\/td><td>Gratuito, admite varios formatos<\/td><td>Interfaz b\u00e1sica<\/td><td>&#8211;<\/td><td>balabolka.site<\/td><\/tr><tr><td><strong>ReadSpeaker<\/strong><\/td><td>Voces personalizables de alta calidad<\/td><td>Funciones avanzadas<\/td><td>Coste<\/td><td><a href=\"https:\/\/readspeaker.com\/\" target=\"_blank\" rel=\"noopener\">readspeaker.com<\/a><\/td><\/tr><\/tbody><\/table><\/figure>\n\n\n\n<h3 class=\"wp-block-heading\" id=\"industry-pros-and-cons\">Pros y contras del sector<\/h3>\n\n\n\n<h4 class=\"wp-block-heading\" id=\"pros\">Pros<\/h4>\n\n\n\n<ul class=\"wp-block-list\">\n<li class=\"\"><strong>Accesibilidad<\/strong>: Hace accesibles los contenidos a los usuarios con discapacidad visual.<\/li>\n\n\n\n<li class=\"\"><strong>Eficacia<\/strong>: Ahorra tiempo en la creaci\u00f3n de contenidos.<\/li>\n\n\n\n<li class=\"\"><strong>Rentable<\/strong>: Reduce la necesidad de actores de voz humanos.<\/li>\n\n\n\n<li class=\"\"><strong>Escalabilidad<\/strong>: F\u00e1cilmente escalable para grandes proyectos.<\/li>\n<\/ul>\n\n\n\n<h4 class=\"wp-block-heading\" id=\"cons\">Contras<\/h4>\n\n\n\n<ul class=\"wp-block-list\">\n<li class=\"\"><strong>Variaci\u00f3n de la calidad<\/strong>: La calidad puede variar de una herramienta a otra.<\/li>\n\n\n\n<li class=\"\"><strong>Acento y limitaciones ling\u00fc\u00edsticas<\/strong>: No todos los acentos e idiomas son compatibles por igual.<\/li>\n\n\n\n<li class=\"\"><strong>Configuraci\u00f3n inicial<\/strong>: Algunas herramientas requieren una curva de aprendizaje.<\/li>\n<\/ul>\n\n\n\n<h4 class=\"wp-block-heading\" id=\"advantages\">Ventajas<\/h4>\n\n\n\n<ul class=\"wp-block-list\">\n<li class=\"\"><strong>Salida de alta calidad<\/strong>: Produce audio de calidad profesional.<\/li>\n\n\n\n<li class=\"\"><strong>Personalizaci\u00f3n<\/strong>: Permite personalizar la voz y el idioma.<\/li>\n\n\n\n<li class=\"\"><strong>Integraci\u00f3n<\/strong>: Puede integrarse con diversas aplicaciones.<\/li>\n<\/ul>\n\n\n\n<h4 class=\"wp-block-heading\" id=\"challenges\">Desaf\u00edos<\/h4>\n\n\n\n<ul class=\"wp-block-list\">\n<li class=\"\"><strong>Coste<\/strong>: Las funciones avanzadas pueden tener un precio.<\/li>\n\n\n\n<li class=\"\"><strong>Requisitos t\u00e9cnicos<\/strong>: Algunas herramientas pueden requerir conocimientos t\u00e9cnicos.<\/li>\n\n\n\n<li class=\"\"><strong>Naturalidad de la voz<\/strong>: Conseguir la naturalidad perfecta puede ser todo un reto.<\/li>\n<\/ul>\n\n\n\n<h4 class=\"wp-block-heading\" id=\"suggestions\">Sugerencias<\/h4>\n\n\n\n<ul class=\"wp-block-list\">\n<li class=\"\"><strong>Elija la herramienta adecuada<\/strong>: Seleccione una herramienta que se adapte a sus necesidades y presupuesto.<\/li>\n\n\n\n<li class=\"\"><strong>Experimento<\/strong>: Prueba diferentes ajustes para conseguir los mejores resultados.<\/li>\n\n\n\n<li class=\"\"><strong>Mantente al d\u00eda<\/strong>: Mantente al d\u00eda de los \u00faltimos avances en tecnolog\u00eda de voz AI.<\/li>\n<\/ul>\n\n\n\n<h3 class=\"wp-block-heading\" id=\"frequently-asked-questions\">Preguntas frecuentes<\/h3>\n\n\n\n<ol class=\"wp-block-list\">\n<li class=\"\"><strong>\u00bfQu\u00e9 generador de voz de IA utiliza todo el mundo?<\/strong><br>La mayor\u00eda de la gente utiliza herramientas como Google Text-to-Speech y Amazon Polly por su alta calidad y fiabilidad.<\/li>\n\n\n\n<li class=\"\"><strong>\u00bfC\u00f3mo se utiliza un generador de voz artificial?<\/strong><br>Elige una herramienta, introduce el texto, selecciona los ajustes de voz e idioma, genera el audio y desc\u00e1rgalo.<\/li>\n\n\n\n<li class=\"\"><strong>\u00bfCu\u00e1l es el mejor generador de voz IA?<\/strong><br>El mejor generador de voz AI depende de sus necesidades, pero las mejores opciones incluyen AI Voice Generator, Google Text-to-Speech y Amazon Polly.<\/li>\n\n\n\n<li class=\"\"><strong>\u00bfC\u00f3mo generar la voz de la IA?<\/strong><br>Utiliza una herramienta de generaci\u00f3n de voz AI, introduce tu texto, selecciona los ajustes y genera la voz.<\/li>\n\n\n\n<li class=\"\"><strong>\u00bfC\u00f3mo hacer un generador de voz de IA?<\/strong><br>Crear un generador de voz de IA requiere conocimientos avanzados de programaci\u00f3n y de aprendizaje autom\u00e1tico y redes neuronales.<\/li>\n\n\n\n<li class=\"\"><strong>\u00bfCu\u00e1les son los mejores generadores de voz AI gratuitos?<\/strong><br>AI Voice Generator e iSpeech son opciones gratuitas muy populares.<\/li>\n\n\n\n<li class=\"\"><strong>\u00bfPueden los generadores de voz de IA leer textos en voz alta?<\/strong><br>S\u00ed, los generadores de voz de IA pueden convertir texto en voz y leerlo en voz alta.<\/li>\n<\/ol>","protected":false},"excerpt":{"rendered":"<p>How to use the AI Voice Generator * Feel free to try our examples below if you don&#8217;t have any thoughts in your mind *&nbsp;Depending on your internet speed, loading the model may take up to 10 seconds \u2193 The Ultimate Guide to AI Voice Generators Outline AI Voice Generators have revolutionized the way we &#8230; <a title=\"Generador de voz AI\" class=\"read-more\" href=\"https:\/\/aiartfree.online\/es\/generador-de-voz-ai\/\" aria-label=\"Leer m\u00e1s sobre AI Voice Generator\">Leer m\u00e1s<\/a><\/p>","protected":false},"author":1,"featured_media":3458,"parent":0,"menu_order":0,"comment_status":"open","ping_status":"closed","template":"","meta":{"nf_dc_page":"","footnotes":""},"class_list":["post-3351","page","type-page","status-publish","has-post-thumbnail"],"jetpack_sharing_enabled":true,"_links":{"self":[{"href":"https:\/\/aiartfree.online\/es\/wp-json\/wp\/v2\/pages\/3351","targetHints":{"allow":["GET"]}}],"collection":[{"href":"https:\/\/aiartfree.online\/es\/wp-json\/wp\/v2\/pages"}],"about":[{"href":"https:\/\/aiartfree.online\/es\/wp-json\/wp\/v2\/types\/page"}],"author":[{"embeddable":true,"href":"https:\/\/aiartfree.online\/es\/wp-json\/wp\/v2\/users\/1"}],"replies":[{"embeddable":true,"href":"https:\/\/aiartfree.online\/es\/wp-json\/wp\/v2\/comments?post=3351"}],"version-history":[{"count":0,"href":"https:\/\/aiartfree.online\/es\/wp-json\/wp\/v2\/pages\/3351\/revisions"}],"wp:featuredmedia":[{"embeddable":true,"href":"https:\/\/aiartfree.online\/es\/wp-json\/wp\/v2\/media\/3458"}],"wp:attachment":[{"href":"https:\/\/aiartfree.online\/es\/wp-json\/wp\/v2\/media?parent=3351"}],"curies":[{"name":"wp","href":"https:\/\/api.w.org\/{rel}","templated":true}]}}