{"id":3318,"date":"2024-07-30T11:01:36","date_gmt":"2024-07-30T11:01:36","guid":{"rendered":"https:\/\/aiartfree.online\/?page_id=3318"},"modified":"2024-07-30T11:21:20","modified_gmt":"2024-07-30T11:21:20","slug":"image-to-prompt","status":"publish","type":"page","link":"https:\/\/aiartfree.online\/es\/imagen-para-solicitar\/","title":{"rendered":"Imagen a Prompt"},"content":{"rendered":"<h2 class=\"wp-block-heading\" style=\"font-size:1.3rem\"><strong>C\u00f3mo utilizar Image to Prompt<\/strong><\/h2>\n\n\n\n<ol class=\"wp-block-list\">\n<li class=\"\">Suelte o cargue su<strong> Imagen<\/strong><\/li>\n\n\n\n<li class=\"\">Haga clic en \"Enviar\".<\/li>\n\n\n\n<li class=\"\">\u00a1Espera, eso es!<\/li>\n<\/ol>\n\n\n\n<p class=\"\">* <em>Dependiendo de su velocidad de Internet, la carga del modelo puede tardar unos segundos.<\/em> \u2193<\/p>\n\n\n\n<style>\n  .iframe-container {\n    text-align: center;\n    border: 2px solid;\n    border-image-source: linear-gradient(to right, #16b86c, #912899);\n    border-image-slice: 1;\n    box-shadow: 0 0 10px rgba(0, 0, 0, 0.1);\n    border-radius: 15px;\n    position: relative; \/* \u4f7f loader \u7edd\u5bf9\u5b9a\u4f4d\u6709\u6548 *\/\n  }\n  .loader {\n    position: absolute;\n    top: 100px;\n    left: 50%;\n    transform: translate(-50%, -50%);\n    width: 40px;\n    height: 40px;\n    border: 4px solid #f3f3f3;\n    border-top: 4px solid #9834db;\n    border-radius: 50%;\n    animation: spin 1s linear infinite;\n  }\n  @keyframes spin {\n    0% { transform: translate(-50%, -50%) rotate(0deg); }\n    100% { transform: translate(-50%, -50%) rotate(360deg); }\n  }\n  iframe {\n    width: 100%;\n    height: 1150px;\n    border: none;\n    display: inline-block;\n    margin: 0 auto;\n    opacity: 0;\n    transition: opacity 0.3s ease;\n  }\n<\/style>\n\n<div class=\"iframe-container\">\n  <div id=\"loader\" class=\"loader\"><\/div>\n  <iframe\n    src=\"https:\/\/pharmapsychotic-clip-interrogator.hf.space\"\n    frameborder=\"0\"\n    onload=\"this.style.opacity=1;document.getElementById('loader').style.display='none';\"\n  ><\/iframe>\n<\/div>\n\n\n\n<div style=\"height:60px\" aria-hidden=\"true\" class=\"wp-block-spacer\"><\/div>\n\n\n\n<h2 class=\"wp-block-heading\">De la imagen al est\u00edmulo: Liberar el poder del arte generado por IA<\/h2>\n\n\n\n<p class=\"\">Este art\u00edculo explora el fascinante mundo de la tecnolog\u00eda de imagen a mensaje, centr\u00e1ndose en c\u00f3mo revoluciona la creaci\u00f3n art\u00edstica generada por IA. Nos adentraremos en su definici\u00f3n, importancia y aplicaciones, y ofreceremos informaci\u00f3n valiosa tanto para principiantes como para usuarios experimentados.<\/p>\n\n\n\n<figure class=\"wp-block-image size-full is-resized\"><img data-recalc-dims=\"1\" decoding=\"async\" width=\"800\" height=\"800\"   loading=\"lazy\" src=\"https:\/\/i0.wp.com\/aiartfree.online\/wp-content\/uploads\/2024\/07\/05-diverse-3d-avatars-six-pack-toy-faces-7QFYBYH.jpg?resize=800%2C800&#038;ssl=1\" alt=\"## Image to Prompt: Este art\u00edculo explora el fascinante mundo de la tecnolog\u00eda Image to Prompt, centr\u00e1ndose en c\u00f3mo revoluciona la creaci\u00f3n de arte generado por IA. Profundizaremos en su definici\u00f3n, importancia y aplicaciones, y ofreceremos informaci\u00f3n valiosa tanto para principiantes como para usuarios experimentados.\u00cdndice:1. \u00bfQu\u00e9 es Image to Prompt? 2. \u00bfPor qu\u00e9 utilizar la tecnolog\u00eda Image to Prompt? 3. \u00bfQui\u00e9n puede beneficiarse de Image to Prompt? 4. Industrias que aprovechan Image to Prompt5. C\u00f3mo utilizar Image to Prompt: 10 casos de uso6. Las 10 mejores herramientas de Image to Prompt: Ventajas, desventajas y perspectivas7. Ventajas y retos en la industria de Image to Prompt8. Preguntas m\u00e1s frecuentes (FAQ)### \u00bfQu\u00e9 es Image to Prompt? Image to Prompt es una tecnolog\u00eda de IA de vanguardia que convierte la informaci\u00f3n visual en descripciones textuales o indicaciones. Este innovador proceso permite a los usuarios generar mensajes de texto precisos a partir de im\u00e1genes, que luego pueden utilizarse para crear nuevas obras de arte generadas por IA o manipular las ya existentes. La tecnolog\u00eda Image to prompt se basa en avanzados algoritmos de aprendizaje autom\u00e1tico y redes neuronales para analizar e interpretar datos visuales.### \u00bfPor qu\u00e9 utilizar la tecnolog\u00eda Image to prompt? La tecnolog\u00eda Image to prompt ofrece numerosas ventajas a artistas, dise\u00f1adores y creadores de contenidos:1. Aumento de la inspiraci\u00f3n: proporciona ideas frescas y perspectivas \u00fanicas para proyectos creativos.2. Ahorro de tiempo: Automatiza el proceso de generaci\u00f3n de textos detallados a partir de referencias visuales.3. Precisi\u00f3n: Garantiza descripciones precisas de elementos visuales complejos.4. Versatilidad: Aplicable en varias plataformas de generaci\u00f3n de arte AI como Midjourney y Stable Diffusion.5. Accesibilidad: Hace que la creaci\u00f3n de arte AI sea m\u00e1s accesible para aquellos que tienen dificultades con la escritura de avisos.### \u00bfQui\u00e9n puede beneficiarse de Image to Prompt? La tecnolog\u00eda Image to Prompt est\u00e1 dirigida a una amplia gama de usuarios:1. Artistas digitales y dise\u00f1adores gr\u00e1ficos2. Creadores de contenidos y gestores de redes sociales3. Profesionales del marketing4. Desarrolladores de juegos5. Investigadores y educadores6. Aficionados y entusiastas del arte7. Dise\u00f1adores web y profesionales de UX\/UI### Industrias que aprovechan la imagen para impulsarVarias industrias est\u00e1n aprovechando el poder de la imagen para impulsar la tecnolog\u00eda:1. Publicidad y marketing2. Entretenimiento y producci\u00f3n audiovisual3. Comercio electr\u00f3nico y dise\u00f1o de productos4. Educaci\u00f3n y aprendizaje electr\u00f3nico5. Juegos y realidad virtual6. Moda y dise\u00f1o de interiores7. Edici\u00f3n y creaci\u00f3n de contenidos### C\u00f3mo utilizar Image to Prompt: 10 casos de uso1. Generar arte AI basado en im\u00e1genes existentes2. Crear variaciones de obras de arte originales3. Desarrollar mood boards para proyectos de dise\u00f1o4. Crear ilustraciones personalizadas para libros o art\u00edculos5. Dise\u00f1ar contenido \u00fanico para redes sociales6. Conceptualizar nuevos dise\u00f1os de productos7. Crear storyboards para pel\u00edculas o animaciones8. Desarrollar avatares o personajes personalizados9. Generar texturas realistas para modelado 3D10. Crear fondos personalizados para presentaciones o sitios web### Top 10 Image to Prompt Tools: Pros, Contras y Perspectivas| Herramienta | Pros | Contras | Sitio web ||------|------|------|---------|| AIArtFree.online | 100% Uso gratuito e ilimitado, sin necesidad de registrarse | Puede tener limitaciones en las funciones avanzadas | https:\/\/aiartfree.online\/image-to-prompt\/ || Midjourney | Resultados de alta calidad, gran comunidad de usuarios | Requiere suscripci\u00f3n de pago | https:\/\/www.midjourney.com\/ || DALL-E 2 | Vers\u00e1til, produce im\u00e1genes de alta calidad | Cr\u00e9ditos gratuitos limitados, se necesita un plan de pago para un uso extensivo | https:\/\/openai.com\/dall-e-2\/ || Stable Diffusion | C\u00f3digo abierto, altamente personalizable | Requiere conocimientos t\u00e9cnicos para su configuraci\u00f3n | https:\/\/stability.ai\/ || Artbreeder | Interfaz de usuario amigable, bueno para principiantes | Control limitado sobre detalles espec\u00edficos | https:\/\/www.artbreeder.com\/ || NightCafe | M\u00faltiples estilos de arte AI, interfaz intuitiva | Sistema basado en cr\u00e9ditos, puede resultar caro | https:\/\/nightcafe.studio\/ || Runway ML | Funciones avanzadas, adecuado para profesionales | Curva de aprendizaje pronunciada, basado en suscripci\u00f3n | https:\/\/runwayml.com\/ || Pixray | C\u00f3digo abierto, altamente personalizable | Requiere conocimientos de codificaci\u00f3n | https:\/\/pixray.gob.io\/ || Craiyon (antes DALL-E mini) | Uso gratuito, sin necesidad de cuenta | Resultados de menor calidad en comparaci\u00f3n con las alternativas de pago | https:\/\/www.craiyon.com\/ | Dream by WOMBO | Compatible con dispositivos m\u00f3viles, f\u00e1cil de usar | Opciones de personalizaci\u00f3n limitadas | https:\/\/www.wombo.art\/ |### Ventajas y retos en el sector de la conversi\u00f3n de im\u00e1genes a texto publicitarioVentajas:1. R\u00e1pidos avances tecnol\u00f3gicos2. Creciente demanda del mercado3. Integraci\u00f3n con otras tecnolog\u00edas de IA4. Potencial para aplicaciones intersectoriales5. Democratizaci\u00f3n de la creaci\u00f3n art\u00edsticaDesaf\u00edos:1. Aspectos \u00e9ticos relacionados con los derechos de autor y la originalidad2. Equilibrio entre automatizaci\u00f3n y creatividad humana3. Garantizar la precisi\u00f3n y pertinencia de los mensajes generados4. Cuestiones de privacidad relacionadas con el an\u00e1lisis de im\u00e1genes5. Mantenerse al d\u00eda de la evoluci\u00f3n de los algoritmos y modelos de IA### Preguntas m\u00e1s frecuentes (FAQ)1. \u00bfCu\u00e1l es la mejor IA gratuita? P: \u00bfCu\u00e1l es el mejor generador gratuito de mensajes de inteligencia artificial?   R: AIArtFree.online (https:\/\/aiartfree.online\/image-to-prompt\/) es uno de los mejores generadores gratuitos de est\u00edmulos de IA, que ofrece un uso ilimitado sin necesidad de registrarse.2. P: \u00bfC\u00f3mo convierto una imagen en un est\u00edmulo?   R: Cargue su imagen en una herramienta de conversi\u00f3n de im\u00e1genes en avisos y la IA generar\u00e1 un aviso de texto basado en el contenido visual. P: \u00bfPuedo utilizar la conversi\u00f3n de im\u00e1genes en avisos con Midjourney?   R: S\u00ed, puedes utilizar herramientas de conversi\u00f3n de im\u00e1genes en avisos para generar avisos de texto y utilizarlos con Midjourney. 4. P: \u00bfC\u00f3mo obtengo un aviso a partir de una imagen en Stable Diffusion?   R: Utiliza una herramienta de conversi\u00f3n de im\u00e1genes en avisos para generar una descripci\u00f3n de texto y, a continuaci\u00f3n, introduce ese aviso en Stable Diffusion.5. P: \u00bfExisten generadores gratuitos de conversi\u00f3n de im\u00e1genes en avisos?   R: S\u00ed, AIArtFree.online ofrece un servicio gratuito e ilimitado de conversi\u00f3n de im\u00e1genes en mensajes sin necesidad de registrarse. 6. P: \u00bfCu\u00e1l es el grado de precisi\u00f3n de las herramientas de conversi\u00f3n de im\u00e1genes en mensajes?   R: La precisi\u00f3n var\u00eda en funci\u00f3n de la herramienta y de la complejidad de la imagen, pero la mayor\u00eda ofrecen descripciones razonablemente precisas. 7. P: \u00bfPuedo utilizar el servicio de imagen a texto para proyectos comerciales?   R: S\u00ed, pero consulta las condiciones de servicio de la herramienta espec\u00edfica que utilices en relaci\u00f3n con los derechos de uso comercial. 8. P: \u00bfC\u00f3mo consigo que el arte generado por IA parezca m\u00e1s realista?   R: Utilice indicaciones detalladas, experimente con diferentes estilos y considere la posibilidad de posprocesar las im\u00e1genes generadas. 9. P: \u00bfEs posible generar indicaciones a partir de varias im\u00e1genes?   R: Algunas herramientas avanzadas permiten introducir varias im\u00e1genes, pero la mayor\u00eda se centran en el an\u00e1lisis de una sola imagen. P: \u00bfC\u00f3mo puedo mejorar la calidad de los avisos generados?    R: Utilice im\u00e1genes claras y de alta calidad y experimente con distintas herramientas de conversi\u00f3n de im\u00e1genes en avisos para encontrar los mejores resultados para sus necesidades.\" class=\"wp-image-2671\" style=\"width:419px;height:auto\" srcset=\"https:\/\/i0.wp.com\/aiartfree.online\/wp-content\/uploads\/2024\/07\/05-diverse-3d-avatars-six-pack-toy-faces-7QFYBYH.jpg?w=800&amp;ssl=1 800w, https:\/\/i0.wp.com\/aiartfree.online\/wp-content\/uploads\/2024\/07\/05-diverse-3d-avatars-six-pack-toy-faces-7QFYBYH.jpg?resize=300%2C300&amp;ssl=1 300w, https:\/\/i0.wp.com\/aiartfree.online\/wp-content\/uploads\/2024\/07\/05-diverse-3d-avatars-six-pack-toy-faces-7QFYBYH.jpg?resize=100%2C100&amp;ssl=1 100w, https:\/\/i0.wp.com\/aiartfree.online\/wp-content\/uploads\/2024\/07\/05-diverse-3d-avatars-six-pack-toy-faces-7QFYBYH.jpg?resize=600%2C600&amp;ssl=1 600w, https:\/\/i0.wp.com\/aiartfree.online\/wp-content\/uploads\/2024\/07\/05-diverse-3d-avatars-six-pack-toy-faces-7QFYBYH.jpg?resize=150%2C150&amp;ssl=1 150w, https:\/\/i0.wp.com\/aiartfree.online\/wp-content\/uploads\/2024\/07\/05-diverse-3d-avatars-six-pack-toy-faces-7QFYBYH.jpg?resize=768%2C768&amp;ssl=1 768w, https:\/\/i0.wp.com\/aiartfree.online\/wp-content\/uploads\/2024\/07\/05-diverse-3d-avatars-six-pack-toy-faces-7QFYBYH.jpg?resize=12%2C12&amp;ssl=1 12w\" sizes=\"auto, (max-width: 800px) 100vw, 800px\" \/><\/figure>\n\n\n\n<h3 class=\"wp-block-heading\">\u00cdndice<\/h3>\n\n\n\n<ol class=\"wp-block-list\">\n<li class=\"\">\u00bfQu\u00e9 es Image to Prompt?<\/li>\n\n\n\n<li class=\"\">\u00bfPor qu\u00e9 utilizar la imagen para impulsar la tecnolog\u00eda?<\/li>\n\n\n\n<li class=\"\">\u00bfQui\u00e9n puede beneficiarse de Image to Prompt?<\/li>\n\n\n\n<li class=\"\">Industrias que aprovechan la imagen para incitar<\/li>\n\n\n\n<li class=\"\">C\u00f3mo utilizar la imagen como reclamo: 10 casos de uso<\/li>\n\n\n\n<li class=\"\">Las 10 mejores herramientas de Image to Prompt: Pros, Contras y Perspectivas<\/li>\n\n\n\n<li class=\"\">Ventajas y retos en la industria de la imagen a prompt<\/li>\n\n\n\n<li class=\"\">Preguntas m\u00e1s frecuentes (FAQ)<\/li>\n<\/ol>\n\n\n\n<h3 class=\"wp-block-heading\">\u00bfQu\u00e9 es Image to Prompt?<\/h3>\n\n\n\n<p class=\"\">Image to prompt es una tecnolog\u00eda de IA de vanguardia que convierte la informaci\u00f3n visual en descripciones textuales o indicaciones. Este innovador proceso permite a los usuarios generar indicaciones textuales precisas a partir de im\u00e1genes, que luego pueden utilizarse para crear nuevas obras de arte generadas por IA o manipular las ya existentes. La tecnolog\u00eda de conversi\u00f3n de im\u00e1genes en mensajes se basa en avanzados algoritmos de aprendizaje autom\u00e1tico y redes neuronales para analizar e interpretar datos visuales.<\/p>\n\n\n\n<h3 class=\"wp-block-heading\">\u00bfPor qu\u00e9 utilizar la imagen para impulsar la tecnolog\u00eda?<\/h3>\n\n\n\n<p class=\"\">La tecnolog\u00eda Image to prompt ofrece numerosas ventajas a artistas, dise\u00f1adores y creadores de contenidos:<\/p>\n\n\n\n<ol class=\"wp-block-list\">\n<li class=\"\">Impulso de la inspiraci\u00f3n: proporciona ideas frescas y perspectivas \u00fanicas para proyectos creativos.<\/li>\n\n\n\n<li class=\"\">Ahorro de tiempo: Automatiza el proceso de generaci\u00f3n de indicaciones de texto detalladas a partir de referencias visuales.<\/li>\n\n\n\n<li class=\"\">Precisi\u00f3n: Garantiza descripciones precisas de elementos visuales complejos.<\/li>\n\n\n\n<li class=\"\">Versatilidad: Aplicable en varias plataformas de generaci\u00f3n de arte de IA como Midjourney y Stable Diffusion.<\/li>\n\n\n\n<li class=\"\">Accesibilidad: Esto hace que la creaci\u00f3n de arte AI sea m\u00e1s accesible para aquellos que luchan con la escritura de prontos.<\/li>\n<\/ol>\n\n\n\n<h3 class=\"wp-block-heading\">\u00bfQui\u00e9n puede beneficiarse de Image to Prompt?<\/h3>\n\n\n\n<p class=\"\">La tecnolog\u00eda Image to prompt se dirige a un amplio abanico de usuarios:<\/p>\n\n\n\n<ol class=\"wp-block-list\">\n<li class=\"\">Artistas digitales y dise\u00f1adores gr\u00e1ficos<\/li>\n\n\n\n<li class=\"\">Creadores de contenidos y gestores de redes sociales<\/li>\n\n\n\n<li class=\"\">Profesionales del marketing<\/li>\n\n\n\n<li class=\"\">Desarrolladores de juegos<\/li>\n\n\n\n<li class=\"\">Investigadores y educadores<\/li>\n\n\n\n<li class=\"\">Aficionados y entusiastas del arte<\/li>\n\n\n\n<li class=\"\">Dise\u00f1adores web y profesionales de UX\/UI<\/li>\n<\/ol>\n\n\n\n<h3 class=\"wp-block-heading\">Industrias que aprovechan la imagen para incitar<\/h3>\n\n\n\n<p class=\"\">Varias industrias est\u00e1n aprovechando el poder de la imagen para impulsar la tecnolog\u00eda:<\/p>\n\n\n\n<ol class=\"wp-block-list\">\n<li class=\"\">Publicidad y marketing<\/li>\n\n\n\n<li class=\"\">Entretenimiento y medios de comunicaci\u00f3n<\/li>\n\n\n\n<li class=\"\">Comercio electr\u00f3nico y dise\u00f1o de productos<\/li>\n\n\n\n<li class=\"\">Educaci\u00f3n y e-learning<\/li>\n\n\n\n<li class=\"\">Juegos y realidad virtual<\/li>\n\n\n\n<li class=\"\">Moda e interiorismo<\/li>\n\n\n\n<li class=\"\">Publicaci\u00f3n y creaci\u00f3n de contenidos<\/li>\n<\/ol>\n\n\n\n<h3 class=\"wp-block-heading\">C\u00f3mo utilizar la imagen como reclamo: 10 casos de uso<\/h3>\n\n\n\n<ol class=\"wp-block-list\">\n<li class=\"\">Generar arte de IA a partir de im\u00e1genes existentes<\/li>\n\n\n\n<li class=\"\">Crear variaciones de obras de arte originales<\/li>\n\n\n\n<li class=\"\">Desarrollo de mood boards para proyectos de dise\u00f1o<\/li>\n\n\n\n<li class=\"\">Realizar ilustraciones personalizadas para libros o art\u00edculos<\/li>\n\n\n\n<li class=\"\">Dise\u00f1ar contenidos exclusivos para las redes sociales<\/li>\n\n\n\n<li class=\"\">Conceptualizar nuevos dise\u00f1os de productos<\/li>\n\n\n\n<li class=\"\">Crear storyboards para pel\u00edculas o animaciones<\/li>\n\n\n\n<li class=\"\">Desarrollar avatares o personajes personalizados<\/li>\n\n\n\n<li class=\"\">Generaci\u00f3n de texturas realistas para modelado 3D<\/li>\n\n\n\n<li class=\"\">Cree fondos personalizados para presentaciones o sitios web<\/li>\n<\/ol>\n\n\n\n<h3 class=\"wp-block-heading\">Las 10 mejores herramientas de Image to Prompt: Pros, Contras y Perspectivas<\/h3>\n\n\n\n<figure class=\"wp-block-table\"><table class=\"has-fixed-layout\"><thead><tr><th>Herramienta<\/th><th>Pros<\/th><th>Contras<\/th><th>P\u00e1gina web<\/th><\/tr><\/thead><tbody><tr><td>AIArtFree.online<\/td><td>100% Uso gratuito e ilimitado, sin necesidad de registrarse<\/td><td>Puede tener limitaciones en las funciones avanzadas<\/td><td>https:\/\/aiartfree.online\/image-to-prompt\/<\/td><\/tr><tr><td>A mitad de camino<\/td><td>Productos de alta calidad, amplia comunidad de usuarios<\/td><td>Suscripci\u00f3n de pago obligatoria<\/td><td><a href=\"https:\/\/www.midjourney.com\/\" target=\"_blank\" rel=\"noreferrer noopener\">https:\/\/www.midjourney.com\/<\/a><\/td><\/tr><tr><td>DALL-E 3<\/td><td>Vers\u00e1til, produce im\u00e1genes de alta calidad<\/td><td>Cr\u00e9ditos gratuitos limitados, se necesita un plan de pago para un uso extensivo<\/td><td><a href=\"https:\/\/aiartfree.online\/es\/dalle-3-gratis\/\" target=\"_blank\" rel=\"noreferrer noopener\">DALL-E 3<\/a><\/td><\/tr><tr><td>Difusi\u00f3n estable<\/td><td>C\u00f3digo abierto, altamente personalizable<\/td><td>Requiere conocimientos t\u00e9cnicos para su instalaci\u00f3n<\/td><td>https:\/\/stability.ai\/<\/td><\/tr><tr><td>Artbreeder<\/td><td>Interfaz f\u00e1cil de usar, buena para principiantes<\/td><td>Control limitado sobre detalles concretos<\/td><td>https:\/\/www.artbreeder.com\/<\/td><\/tr><tr><td>NightCafe<\/td><td>M\u00faltiples estilos art\u00edsticos de IA, interfaz intuitiva<\/td><td>Sistema basado en cr\u00e9ditos, puede resultar caro<\/td><td>https:\/\/nightcafe.studio\/<\/td><\/tr><tr><td>Pista ML<\/td><td>Funciones avanzadas, aptas para profesionales<\/td><td>Curva de aprendizaje pronunciada, por suscripci\u00f3n<\/td><td>https:\/\/runwayml.com\/<\/td><\/tr><tr><td>Pixray<\/td><td>C\u00f3digo abierto, altamente personalizable<\/td><td>Requiere conocimientos de codificaci\u00f3n<\/td><td>https:\/\/pixray.gob.io\/<\/td><\/tr><tr><td>Craiyon (antes DALL-E mini)<\/td><td>Uso gratuito, sin necesidad de cuenta<\/td><td>Productos de menor calidad en comparaci\u00f3n con las alternativas de pago<\/td><td>https:\/\/www.craiyon.com\/<\/td><\/tr><tr><td>Sue\u00f1o de WOMBO<\/td><td>F\u00e1cil de usar<\/td><td>Opciones de personalizaci\u00f3n limitadas<\/td><td>https:\/\/www.wombo.art\/<\/td><\/tr><\/tbody><\/table><\/figure>\n\n\n\n<h3 class=\"wp-block-heading\">Ventajas y retos en la industria de la imagen a prompt<\/h3>\n\n\n\n<p class=\"\">Ventajas:<\/p>\n\n\n\n<ol class=\"wp-block-list\">\n<li class=\"\">R\u00e1pidos avances tecnol\u00f3gicos<\/li>\n\n\n\n<li class=\"\">Creciente demanda del mercado<\/li>\n\n\n\n<li class=\"\">Integraci\u00f3n con otras tecnolog\u00edas de IA<\/li>\n\n\n\n<li class=\"\">Potencial de aplicaciones intersectoriales<\/li>\n\n\n\n<li class=\"\">Democratizaci\u00f3n de la creaci\u00f3n art\u00edstica<\/li>\n<\/ol>\n\n\n\n<p class=\"\">Desaf\u00edos:<\/p>\n\n\n\n<ol class=\"wp-block-list\">\n<li class=\"\">Cuestiones \u00e9ticas relacionadas con los derechos de autor y la originalidad<\/li>\n\n\n\n<li class=\"\">Equilibrio entre automatizaci\u00f3n y creatividad humana<\/li>\n\n\n\n<li class=\"\">Garantizar la precisi\u00f3n y pertinencia de las indicaciones generadas<\/li>\n\n\n\n<li class=\"\">Cuestiones de privacidad relacionadas con el an\u00e1lisis de im\u00e1genes<\/li>\n\n\n\n<li class=\"\">Mantenerse al d\u00eda de la evoluci\u00f3n de los algoritmos y modelos de IA<\/li>\n<\/ol>\n\n\n\n<h3 class=\"wp-block-heading\">Preguntas m\u00e1s frecuentes (FAQ)<\/h3>\n\n\n\n<ol class=\"wp-block-list\">\n<li class=\"\">P: \u00bfCu\u00e1l es el mejor generador gratuito de mensajes de AI?<br>R: AIArtFree.online (https:\/\/aiartfree.online\/image-to-prompt\/) es uno de los mejores generadores gratuitos de avisos AI, que ofrece un uso ilimitado sin necesidad de registrarse.<\/li>\n\n\n\n<li class=\"\">P: \u00bfC\u00f3mo convierto una imagen en una indicaci\u00f3n?<br>R: Sube tu imagen a una herramienta de conversi\u00f3n de im\u00e1genes en mensajes y la IA generar\u00e1 un mensaje de texto basado en el contenido visual.<\/li>\n\n\n\n<li class=\"\">P: \u00bfPuedo utilizar im\u00e1genes para avisar con Midjourney?<br>R: S\u00ed, puedes utilizar herramientas de conversi\u00f3n de im\u00e1genes en mensajes para generar mensajes de texto y utilizarlos con Midjourney.<\/li>\n\n\n\n<li class=\"\">P: \u00bfC\u00f3mo obtengo una indicaci\u00f3n de una imagen en Stable Diffusion?<br>R: Utilice una herramienta de imagen a mensaje para generar una descripci\u00f3n de texto y, a continuaci\u00f3n, introduzca ese mensaje en Stable Diffusion.<\/li>\n\n\n\n<li class=\"\">P: \u00bfExisten generadores gratuitos de im\u00e1genes a texto?<br>R: S\u00ed, AIArtFree.online ofrece un servicio gratuito e ilimitado de imagen a imagen sin necesidad de registrarse.<\/li>\n\n\n\n<li class=\"\">P: \u00bfHasta qu\u00e9 punto son precisas las herramientas de imagen a mensaje?<br>R: La precisi\u00f3n var\u00eda en funci\u00f3n de la herramienta y de la complejidad de la imagen, pero la mayor\u00eda proporcionan descripciones razonablemente precisas.<\/li>\n\n\n\n<li class=\"\">P: \u00bfPuedo utilizar la funci\u00f3n de imagen a mensaje para proyectos comerciales?<br>R: S\u00ed, pero consulta las condiciones de servicio de la herramienta concreta que utilices en lo que respecta a los derechos de uso comercial.<\/li>\n\n\n\n<li class=\"\">P: \u00bfC\u00f3mo puedo hacer que el arte generado por IA parezca m\u00e1s realista?<br>R: Utiliza indicaciones detalladas, experimenta con diferentes estilos y considera la posibilidad de posprocesar las im\u00e1genes generadas.<\/li>\n\n\n\n<li class=\"\">P: \u00bfEs posible generar avisos a partir de varias im\u00e1genes?<br>R: Algunas herramientas avanzadas permiten introducir varias im\u00e1genes, pero la mayor\u00eda se centran en el an\u00e1lisis de una sola imagen.<\/li>\n\n\n\n<li class=\"\">P: \u00bfC\u00f3mo puedo mejorar la calidad de las indicaciones generadas?<br>R: Utiliza im\u00e1genes claras y de alta calidad y experimenta con distintas herramientas de conversi\u00f3n de im\u00e1genes en mensajes para encontrar los mejores resultados para tus necesidades.<\/li>\n<\/ol>","protected":false},"excerpt":{"rendered":"<p>How to use Image to Prompt * Depending on your internet speed, loading the model may take a few seconds. \u2193 Image to Prompt: Unlocking the Power of AI-Generated Art This article explores the fascinating world of image-to-prompt technology, focusing on how it revolutionizes AI-generated art creation. We&#8217;ll delve into its definition, importance, and applications, &#8230; <a title=\"Imagen a Prompt\" class=\"read-more\" href=\"https:\/\/aiartfree.online\/es\/imagen-para-solicitar\/\" aria-label=\"Leer m\u00e1s sobre Image to Prompt\">Leer m\u00e1s<\/a><\/p>","protected":false},"author":1,"featured_media":2671,"parent":0,"menu_order":0,"comment_status":"open","ping_status":"closed","template":"","meta":{"nf_dc_page":"","footnotes":""},"class_list":["post-3318","page","type-page","status-publish","has-post-thumbnail"],"jetpack_sharing_enabled":true,"_links":{"self":[{"href":"https:\/\/aiartfree.online\/es\/wp-json\/wp\/v2\/pages\/3318","targetHints":{"allow":["GET"]}}],"collection":[{"href":"https:\/\/aiartfree.online\/es\/wp-json\/wp\/v2\/pages"}],"about":[{"href":"https:\/\/aiartfree.online\/es\/wp-json\/wp\/v2\/types\/page"}],"author":[{"embeddable":true,"href":"https:\/\/aiartfree.online\/es\/wp-json\/wp\/v2\/users\/1"}],"replies":[{"embeddable":true,"href":"https:\/\/aiartfree.online\/es\/wp-json\/wp\/v2\/comments?post=3318"}],"version-history":[{"count":0,"href":"https:\/\/aiartfree.online\/es\/wp-json\/wp\/v2\/pages\/3318\/revisions"}],"wp:featuredmedia":[{"embeddable":true,"href":"https:\/\/aiartfree.online\/es\/wp-json\/wp\/v2\/media\/2671"}],"wp:attachment":[{"href":"https:\/\/aiartfree.online\/es\/wp-json\/wp\/v2\/media?parent=3318"}],"curies":[{"name":"wp","href":"https:\/\/api.w.org\/{rel}","templated":true}]}}