{"id":3302,"date":"2024-07-29T14:27:33","date_gmt":"2024-07-29T14:27:33","guid":{"rendered":"https:\/\/aiartfree.online\/?page_id=3302"},"modified":"2024-07-31T13:42:45","modified_gmt":"2024-07-31T13:42:45","slug":"deepfake","status":"publish","type":"page","link":"https:\/\/aiartfree.online\/es\/deepfake\/","title":{"rendered":"Deepfake"},"content":{"rendered":"<h2 class=\"wp-block-heading has-text-align-center\">Antes y despu\u00e9s<\/h2>\n\n\n\n<figure class=\"gb-block-image gb-block-image-1822da1f\"><img data-recalc-dims=\"1\" decoding=\"async\" loading=\"lazy\" width=\"1200\" height=\"638\" class=\"gb-image gb-image-1822da1f\" src=\"https:\/\/i0.wp.com\/aiartfree.online\/wp-content\/uploads\/2024\/07\/421722273567_.pic_hd-copy-jpg.webp?resize=1200%2C638&#038;ssl=1\" alt=\"Descubre c\u00f3mo la tecnolog\u00eda deepfake est\u00e1 revolucionando los medios digitales. La mejor herramienta gratuita para crear deepfakes, explorar caras intercambiadas e ilimitadas aplicaciones de IA.\" title=\"421722273567_.pic_hd copia\" srcset=\"https:\/\/i0.wp.com\/aiartfree.online\/wp-content\/uploads\/2024\/07\/421722273567_.pic_hd-copy-jpg.webp?w=1652&amp;ssl=1 1652w, https:\/\/i0.wp.com\/aiartfree.online\/wp-content\/uploads\/2024\/07\/421722273567_.pic_hd-copy-jpg.webp?resize=300%2C159&amp;ssl=1 300w, https:\/\/i0.wp.com\/aiartfree.online\/wp-content\/uploads\/2024\/07\/421722273567_.pic_hd-copy-jpg.webp?resize=1024%2C544&amp;ssl=1 1024w, https:\/\/i0.wp.com\/aiartfree.online\/wp-content\/uploads\/2024\/07\/421722273567_.pic_hd-copy-jpg.webp?resize=768%2C408&amp;ssl=1 768w, https:\/\/i0.wp.com\/aiartfree.online\/wp-content\/uploads\/2024\/07\/421722273567_.pic_hd-copy-jpg.webp?resize=1536%2C816&amp;ssl=1 1536w, https:\/\/i0.wp.com\/aiartfree.online\/wp-content\/uploads\/2024\/07\/421722273567_.pic_hd-copy-jpg.webp?resize=18%2C10&amp;ssl=1 18w, https:\/\/i0.wp.com\/aiartfree.online\/wp-content\/uploads\/2024\/07\/421722273567_.pic_hd-copy-jpg.webp?resize=600%2C319&amp;ssl=1 600w\" sizes=\"auto, (max-width: 1200px) 100vw, 1200px\" \/><\/figure>\n\n\n\n<h2 class=\"wp-block-heading\">C\u00f3mo utilizar Deepfake<\/h2>\n\n\n\n<ol class=\"wp-block-list\">\n<li class=\"\">Suelte o cargue su<strong> Imagen de destino<\/strong><\/li>\n\n\n\n<li class=\"\">Suelte o cargue su<strong> Fuente de la imagen<\/strong><\/li>\n\n\n\n<li class=\"\">Haga clic en \"Enviar\".<\/li>\n\n\n\n<li class=\"\">\u00a1Espera, eso es!<\/li>\n<\/ol>\n\n\n\n<p class=\"\"><em>* Dependiendo de su velocidad de Internet, la carga del modelo puede tardar unos segundos. \u2193<\/em><\/p>\n\n\n\n<div style=\"text-align: center; border: 2px solid; border-image-source: linear-gradient(to right, #16b86c, #912899); border-image-slice: 1; box-shadow: 0 0 10px rgba(0, 0, 0, 0.1); border-radius: 15px;\">\n  <iframe loading=\"lazy\"\n    src=\"https:\/\/bingbing520-Swap-Face-Model.hf.space\"\n    frameborder=\"0\"\n    width=\"100%\"\n    height=\"1000\"\n    style=\"display: inline-block; margin: 0 auto;\"\n  ><\/iframe>\n<\/div>\n\n\n\n<div style=\"height:50px\" aria-hidden=\"true\" class=\"wp-block-spacer\"><\/div>\n\n\n\n<h2 class=\"wp-block-heading\">Explorando el mundo de los Deepfakes: Definici\u00f3n, usos y principales herramientas<\/h2>\n\n\n\n<p class=\"\">La tecnolog\u00eda deepfake ha revolucionado la forma en que interactuamos con los medios digitales, ofreciendo posibilidades y retos sin precedentes. Este art\u00edculo profundiza en la definici\u00f3n, las aplicaciones y las mejores herramientas para la creaci\u00f3n y detecci\u00f3n de deepfakes.<\/p>\n\n\n\n<figure class=\"wp-block-image size-large is-resized\"><img data-recalc-dims=\"1\" data-dominant-color=\"75716f\" data-has-transparency=\"false\" decoding=\"async\" width=\"1024\" height=\"544\"   loading=\"lazy\" src=\"https:\/\/i0.wp.com\/aiartfree.online\/wp-content\/uploads\/2024\/07\/421722273567_.pic_hd-copy-1024x544.webp?resize=1024%2C544&#038;ssl=1\" alt=\"Descubre c\u00f3mo la tecnolog\u00eda deepfake est\u00e1 revolucionando los medios digitales. La mejor herramienta gratuita para crear deepfakes, explorar caras intercambiadas e ilimitadas aplicaciones de IA.\" class=\"wp-image-3313 not-transparent\" style=\"--dominant-color: #75716f; width:990px;height:auto\" srcset=\"https:\/\/i0.wp.com\/aiartfree.online\/wp-content\/uploads\/2024\/07\/421722273567_.pic_hd-copy-jpg.webp?resize=1024%2C544&amp;ssl=1 1024w, https:\/\/i0.wp.com\/aiartfree.online\/wp-content\/uploads\/2024\/07\/421722273567_.pic_hd-copy-jpg.webp?resize=300%2C159&amp;ssl=1 300w, https:\/\/i0.wp.com\/aiartfree.online\/wp-content\/uploads\/2024\/07\/421722273567_.pic_hd-copy-jpg.webp?resize=768%2C408&amp;ssl=1 768w, https:\/\/i0.wp.com\/aiartfree.online\/wp-content\/uploads\/2024\/07\/421722273567_.pic_hd-copy-jpg.webp?resize=1536%2C816&amp;ssl=1 1536w, https:\/\/i0.wp.com\/aiartfree.online\/wp-content\/uploads\/2024\/07\/421722273567_.pic_hd-copy-jpg.webp?resize=18%2C10&amp;ssl=1 18w, https:\/\/i0.wp.com\/aiartfree.online\/wp-content\/uploads\/2024\/07\/421722273567_.pic_hd-copy-jpg.webp?resize=600%2C319&amp;ssl=1 600w, https:\/\/i0.wp.com\/aiartfree.online\/wp-content\/uploads\/2024\/07\/421722273567_.pic_hd-copy-jpg.webp?w=1652&amp;ssl=1 1652w\" sizes=\"auto, (max-width: 1024px) 100vw, 1024px\" \/><\/figure>\n\n\n\n<h3 class=\"wp-block-heading\">\u00cdndice<\/h3>\n\n\n\n<ol class=\"wp-block-list\">\n<li class=\"\"><a href=\"#what-is-deepfake\">\u00bfQu\u00e9 es Deepfake?<\/a><\/li>\n\n\n\n<li class=\"\"><a href=\"#why-use-deepfake\">\u00bfPor qu\u00e9 utilizar Deepfake?<\/a><\/li>\n\n\n\n<li class=\"\"><a href=\"#who-can-benefit-from-deepfake-technology\">\u00bfQui\u00e9n puede beneficiarse de la tecnolog\u00eda Deepfake?<\/a><\/li>\n\n\n\n<li class=\"\"><a href=\"#top-10-deepfake-tools\">Las 10 mejores herramientas Deepfake<\/a><\/li>\n\n\n\n<li class=\"\"><a href=\"#faq\">PREGUNTAS FRECUENTES<\/a><\/li>\n\n\n\n<li class=\"\"><a href=\"#other-relevant-information\">Otra informaci\u00f3n pertinente<\/a><\/li>\n<\/ol>\n\n\n\n<h3 class=\"wp-block-heading\">\u00bfQu\u00e9 es Deepfake?<\/h3>\n\n\n\n<p class=\"\">La tecnolog\u00eda Deepfake se refiere a los medios sint\u00e9ticos en los que una persona de una imagen o v\u00eddeo existente se sustituye por la imagen de otra persona. Para ello se utiliza inteligencia artificial (IA), en concreto redes neuronales y redes generativas adversariales (GAN). El t\u00e9rmino \"deepfake\" combina \"deep learning\" y \"fake\" para describir el proceso y el resultado de esta tecnolog\u00eda.<\/p>\n\n\n\n<h3 class=\"wp-block-heading\">\u00bfPor qu\u00e9 utilizar Deepfake?<\/h3>\n\n\n\n<p class=\"\">La tecnolog\u00eda Deepfake ofrece numerosas aplicaciones:<\/p>\n\n\n\n<ul class=\"wp-block-list\">\n<li class=\"\"><strong>Entretenimiento<\/strong>: Crear efectos especiales realistas y dar vida a personajes hist\u00f3ricos en el cine.<\/li>\n\n\n\n<li class=\"\"><strong>Educaci\u00f3n<\/strong>: Simulaci\u00f3n de escenarios con fines de formaci\u00f3n o creaci\u00f3n de contenidos educativos atractivos.<\/li>\n\n\n\n<li class=\"\"><strong>Marketing<\/strong>: Anuncios personalizados en los que el espectador se ve a s\u00ed mismo o a un famoso promocionando un producto.<\/li>\n\n\n\n<li class=\"\"><strong>Redes sociales<\/strong>: Producir contenidos atractivos y virales.<\/li>\n<\/ul>\n\n\n\n<p class=\"\">Sin embargo, es esencial reconocer el potencial de uso indebido, como la difusi\u00f3n de informaci\u00f3n err\u00f3nea o la creaci\u00f3n de pornograf\u00eda deepfake, que plantea problemas \u00e9ticos y legales.<\/p>\n\n\n\n<h3 class=\"wp-block-heading\">\u00bfQui\u00e9n puede beneficiarse de la tecnolog\u00eda Deepfake?<\/h3>\n\n\n\n<ul class=\"wp-block-list\">\n<li class=\"\"><strong>Industria del cine y la televisi\u00f3n<\/strong>: Para crear efectos realistas y actuaciones p\u00f3stumas.<\/li>\n\n\n\n<li class=\"\"><strong>Instituciones educativas<\/strong>: Para desarrollar materiales de aprendizaje interactivos.<\/li>\n\n\n\n<li class=\"\"><strong>Agencias de marketing<\/strong>: Para crear campa\u00f1as publicitarias personalizadas.<\/li>\n\n\n\n<li class=\"\"><strong>Personas influyentes en las redes sociales<\/strong>: Producir contenidos cautivadores.<\/li>\n\n\n\n<li class=\"\"><strong>Agencias de seguridad<\/strong>: Para fines de formaci\u00f3n y desarrollo de mecanismos de detecci\u00f3n.<\/li>\n<\/ul>\n\n\n\n<h3 class=\"wp-block-heading\">Las 10 mejores herramientas Deepfake<\/h3>\n\n\n\n<figure class=\"wp-block-table\"><table class=\"has-fixed-layout\"><thead><tr><th>Herramienta<\/th><th>P\u00e1gina web<\/th><th>Ventajas<\/th><th>Desventajas<\/th><th>Desaf\u00edos<\/th><th>Recomendaciones<\/th><\/tr><\/thead><tbody><tr><td>DeepFaceLab<\/td><td><a href=\"https:\/\/github.com\/iperov\/DeepFaceLab\" target=\"_blank\" rel=\"noopener\">https:\/\/github.com\/iperov\/DeepFaceLab<\/a><\/td><td>C\u00f3digo abierto, altamente personalizable<\/td><td>Curva de aprendizaje pronunciada<\/td><td>Requiere un hardware potente<\/td><td>Lo mejor para usuarios experimentados<\/td><\/tr><tr><td>Deepfake | Gratis Online<\/td><td><a href=\"https:\/\/aiartfree.online\/es\/deepfake\/\" target=\"_blank\" rel=\"noreferrer noopener\">https:\/\/faceswap.dev\/<\/a><\/td><td>F\u00e1cil de usar, resultados r\u00e1pidos<\/td><td>Sin aplicaci\u00f3n m\u00f3vil<\/td><td>Personalizaci\u00f3n limitada<\/td><td>Bueno para principiantes con inter\u00e9s t\u00e9cnico<\/td><\/tr><tr><td>Zao<\/td><td><a href=\"https:\/\/apps.apple.com\/cn\/app\/zao\/id1465199127\" target=\"_blank\" rel=\"noopener\">https:\/\/apps.apple.com\/cn\/app\/zao\/id1465199127<\/a><\/td><td>F\u00e1cil de usar, resultados r\u00e1pidos<\/td><td>Protecci\u00f3n de datos<\/td><td>Personalizaci\u00f3n limitada<\/td><td>Ideal para usuarios ocasionales<\/td><\/tr><tr><td>Reface<\/td><td><a href=\"https:\/\/reface.app\/\" target=\"_blank\" rel=\"noopener\">https:\/\/reface.app\/<\/a><\/td><td>Aplicaci\u00f3n m\u00f3vil f\u00e1cil de usar<\/td><td>Resultados con marca de agua<\/td><td>Limitado a clips cortos<\/td><td>Ideal para usuarios de redes sociales<\/td><\/tr><tr><td>Nostalgia profunda de MyHeritage<\/td><td><a>https:\/\/www.myheritage.com\/deep-nostalgia<\/a><\/td><td>Anima fotos, f\u00e1cil de usar<\/td><td>Limitado a fotos hist\u00f3ricas<\/td><td>Por suscripci\u00f3n<\/td><td>Perfecto para los aficionados a la genealog\u00eda<\/td><\/tr><tr><td>AvengeThem<\/td><td><a href=\"https:\/\/aveng-them.com\/\" target=\"_blank\" rel=\"noopener\">https:\/\/aveng-them.com\/<\/a><\/td><td>Divertido y entretenido, temas de superh\u00e9roes<\/td><td>Aplicaci\u00f3n limitada<\/td><td>No es realista<\/td><td>Bueno para el entretenimiento<\/td><\/tr><tr><td>Efectos de Deep Art<\/td><td><a href=\"https:\/\/www.deeparteffects.com\/\" target=\"_blank\" rel=\"noopener\">https:\/\/www.deeparteffects.com\/<\/a><\/td><td>Transformaciones art\u00edsticas<\/td><td>No para deepfakes realistas<\/td><td>Por suscripci\u00f3n<\/td><td>Ideal para artistas<\/td><\/tr><tr><td>Deepfakes Web<\/td><td><a href=\"https:\/\/deepfakesweb.com\/\" target=\"_blank\" rel=\"noopener\">https:\/\/deepfakesweb.com\/<\/a><\/td><td>Basado en web, no necesita instalaci\u00f3n<\/td><td>Suscripci\u00f3n obligatoria<\/td><td>Procesamiento lento<\/td><td>C\u00f3modo para uso ocasional<\/td><\/tr><tr><td>Morphin<\/td><td><a href=\"https:\/\/morphinapp.com\/\" target=\"_blank\" rel=\"noopener\">https:\/\/morphinapp.com\/<\/a><\/td><td>Divertido, f\u00e1cil de usar<\/td><td>Limitado a GIF<\/td><td>No apto para aplicaciones serias<\/td><td>Lo mejor para un uso ocasional<\/td><\/tr><\/tbody><\/table><\/figure>\n\n\n\n<h3 class=\"wp-block-heading\">PREGUNTAS FRECUENTES<\/h3>\n\n\n\n<ol class=\"wp-block-list\">\n<li class=\"\"><strong>\u00bfQu\u00e9 es un deepfake?<\/strong>\n<ul class=\"wp-block-list\">\n<li class=\"\">Un deepfake es un medio de comunicaci\u00f3n sint\u00e9tico en el que se sustituye el parecido de una persona por el de otra utilizando IA.<\/li>\n<\/ul>\n<\/li>\n\n\n\n<li class=\"\"><strong>\u00bfC\u00f3mo funciona la tecnolog\u00eda deepfake?<\/strong>\n<ul class=\"wp-block-list\">\n<li class=\"\">Utiliza algoritmos de aprendizaje profundo y GAN para crear alteraciones realistas en v\u00eddeos o im\u00e1genes.<\/li>\n<\/ul>\n<\/li>\n\n\n\n<li class=\"\"><strong>\u00bfSon legales los deepfakes?<\/strong>\n<ul class=\"wp-block-list\">\n<li class=\"\">La legalidad de los deepfakes var\u00eda seg\u00fan la jurisdicci\u00f3n y el contexto, especialmente en torno a cuestiones como el consentimiento y la difamaci\u00f3n.<\/li>\n<\/ul>\n<\/li>\n\n\n\n<li class=\"\"><strong>\u00bfC\u00f3mo puedo crear un deepfake?<\/strong>\n<ul class=\"wp-block-list\">\n<li class=\"\">Utilizar herramientas como DeepFaceLab o FaceSwap, pero hay que ser consciente de las implicaciones \u00e9ticas y legales.<\/li>\n<\/ul>\n<\/li>\n\n\n\n<li class=\"\"><strong>\u00bfCu\u00e1les son los peligros de los deepfakes?<\/strong>\n<ul class=\"wp-block-list\">\n<li class=\"\">Pueden utilizarse para difundir informaci\u00f3n err\u00f3nea, crear contenidos expl\u00edcitos no consentidos y da\u00f1ar la reputaci\u00f3n.<\/li>\n<\/ul>\n<\/li>\n\n\n\n<li class=\"\"><strong>\u00bfSe pueden detectar los deepfakes?<\/strong>\n<ul class=\"wp-block-list\">\n<li class=\"\">S\u00ed, mediante diversas t\u00e9cnicas de detecci\u00f3n y herramientas desarrolladas para reconocer medios sint\u00e9ticos.<\/li>\n<\/ul>\n<\/li>\n\n\n\n<li class=\"\"><strong>\u00bfCu\u00e1l es el futuro de la tecnolog\u00eda deepfake?<\/strong>\n<ul class=\"wp-block-list\">\n<li class=\"\">Seguir\u00e1 evolucionando, con avances tanto en las tecnolog\u00edas de creaci\u00f3n como en las de detecci\u00f3n.<\/li>\n<\/ul>\n<\/li>\n\n\n\n<li class=\"\"><strong>\u00bfSe pueden utilizar los deepfakes para hacer el bien?<\/strong>\n<ul class=\"wp-block-list\">\n<li class=\"\">S\u00ed, en el entretenimiento, la educaci\u00f3n y el marketing, entre otros campos.<\/li>\n<\/ul>\n<\/li>\n\n\n\n<li class=\"\"><strong>\u00bfHasta qu\u00e9 punto son precisos los deepfakes?<\/strong>\n<ul class=\"wp-block-list\">\n<li class=\"\">La precisi\u00f3n depende de la calidad de los datos de entrada y de la sofisticaci\u00f3n de las herramientas utilizadas.<\/li>\n<\/ul>\n<\/li>\n\n\n\n<li class=\"\"><strong>\u00bfCu\u00e1l es la mejor herramienta de deepfake?<\/strong>\n<ul class=\"wp-block-list\">\n<li class=\"\">Esto depende de sus necesidades; para usuarios avanzados, se recomienda DeepFaceLab, mientras que Reface es estupendo para usuarios ocasionales.<\/li>\n<\/ul>\n<\/li>\n<\/ol>\n\n\n\n<h3 class=\"wp-block-heading\">Otra informaci\u00f3n pertinente<\/h3>\n\n\n\n<p class=\"\">La tecnolog\u00eda deepfake, impulsada por la IA y el aprendizaje autom\u00e1tico, sigue ampliando los l\u00edmites de lo que es posible con los medios digitales. Desde los impresionantes efectos visuales que se ven en las pel\u00edculas hasta los retos \u00e9ticos de la desinformaci\u00f3n, los deepfakes son un arma de doble filo que la sociedad debe manejar con cuidado. Figuras clave como el fundador de Facebook, Mark Zuckerberg, e incidentes relacionados con noticias falsas y v\u00eddeos de figuras pol\u00edticas como Donald Trump ponen de relieve la relevancia y el impacto constantes de esta tecnolog\u00eda.<\/p>\n\n\n\n<p class=\"\">En conclusi\u00f3n, aunque la tecnolog\u00eda deepfake ofrece posibilidades apasionantes, tambi\u00e9n conlleva responsabilidades y retos importantes. A medida que la tecnolog\u00eda evoluciona, tambi\u00e9n deben hacerlo nuestros planteamientos para utilizarla y regularla.<\/p>","protected":false},"excerpt":{"rendered":"<p>Before vs After How to use Deepfake *&nbsp;Depending on your internet speed, loading the model may take a few seconds. \u2193 Exploring the World of Deepfakes: Definition, Uses, and Top Tools Deepfake technology has revolutionized the way we interact with digital media, offering unprecedented possibilities and challenges. This article will delve into the definition, applications, &#8230; <a title=\"Deepfake\" class=\"read-more\" href=\"https:\/\/aiartfree.online\/es\/deepfake\/\" aria-label=\"Leer m\u00e1s sobre Deepfake\">Leer m\u00e1s<\/a><\/p>","protected":false},"author":1,"featured_media":3313,"parent":0,"menu_order":0,"comment_status":"open","ping_status":"closed","template":"","meta":{"nf_dc_page":"","footnotes":""},"class_list":["post-3302","page","type-page","status-publish","has-post-thumbnail"],"jetpack_sharing_enabled":true,"_links":{"self":[{"href":"https:\/\/aiartfree.online\/es\/wp-json\/wp\/v2\/pages\/3302","targetHints":{"allow":["GET"]}}],"collection":[{"href":"https:\/\/aiartfree.online\/es\/wp-json\/wp\/v2\/pages"}],"about":[{"href":"https:\/\/aiartfree.online\/es\/wp-json\/wp\/v2\/types\/page"}],"author":[{"embeddable":true,"href":"https:\/\/aiartfree.online\/es\/wp-json\/wp\/v2\/users\/1"}],"replies":[{"embeddable":true,"href":"https:\/\/aiartfree.online\/es\/wp-json\/wp\/v2\/comments?post=3302"}],"version-history":[{"count":0,"href":"https:\/\/aiartfree.online\/es\/wp-json\/wp\/v2\/pages\/3302\/revisions"}],"wp:featuredmedia":[{"embeddable":true,"href":"https:\/\/aiartfree.online\/es\/wp-json\/wp\/v2\/media\/3313"}],"wp:attachment":[{"href":"https:\/\/aiartfree.online\/es\/wp-json\/wp\/v2\/media?parent=3302"}],"curies":[{"name":"wp","href":"https:\/\/api.w.org\/{rel}","templated":true}]}}