{"id":3292,"date":"2024-07-29T12:48:46","date_gmt":"2024-07-29T12:48:46","guid":{"rendered":"https:\/\/aiartfree.online\/?page_id=3292"},"modified":"2024-08-02T10:03:15","modified_gmt":"2024-08-02T10:03:15","slug":"vocal-remover","status":"publish","type":"page","link":"https:\/\/aiartfree.online\/es\/removedor-vocal\/","title":{"rendered":"Removedor Vocal"},"content":{"rendered":"<h2 class=\"wp-block-heading\" id=\"how-to-use-vocal-remover\">C\u00f3mo utilizar Vocal Remover<\/h2>\n\n\n\n<ol class=\"wp-block-list\">\n<li class=\"\">Elegir m\u00e9todo de proceso<\/li>\n\n\n\n<li class=\"\">Elige el modelo VR<\/li>\n\n\n\n<li class=\"\">Seleccione el tama\u00f1o de la ventana<\/li>\n\n\n\n<li class=\"\">Cargue o suelte su archivo de audio<\/li>\n\n\n\n<li class=\"\">Haga clic en \"Iniciar tratamiento\"<\/li>\n\n\n\n<li class=\"\">\u00a1Espera, eso es!<\/li>\n<\/ol>\n\n\n\n<p class=\"\"><em>* Dependiendo de su velocidad de Internet, la carga del modelo puede tardar unos segundos.<br>* Habr\u00e1 cach\u00e9 durante la generaci\u00f3n continua, y la nueva imagen aparecer\u00e1 despu\u00e9s de unos 3 segundos.<\/em><\/p>\n\n\n\n<div class=\"iframe-wrapper\" style=\"position: relative; width: 100%; height: 1300px;\">\n  <div class=\"loading\" style=\"position: absolute; top: 50px; left: 50%; transform: translate(-50%, -50%); width: 40px; height: 40px; border: 3px solid #f0f0f0; border-top: 3px solid #db7093; border-radius: 50%; animation: spin 1s linear infinite;\"><\/div>\n  <iframe loading=\"lazy\" src=\"https:\/\/r3gm-ultimate-vocal-remover-webui.hf.space\" frameborder=\"0\" width=\"100%\" height=\"100%\" style=\"position: absolute; top: 0; left: 0; opacity: 0; transition: opacity 0.3s;\" onload=\"this.style.opacity=1;this.previousElementSibling.style.display='none';\"><\/iframe>\n<\/div>\n\n<style>\n@keyframes spin {\n  0% { transform: translate(-50%, -50%) rotate(0deg); }\n  100% { transform: translate(-50%, -50%) rotate(360deg); }\n}\n<\/style>\n\n\n\n<div style=\"height:50px\" aria-hidden=\"true\" class=\"wp-block-spacer\"><\/div>\n\n\n\n<h2 class=\"wp-block-heading\" id=\"vocal-remover-the-ultimate-guide-to-removing-vocals-from-songs\">Vocal Remover: La gu\u00eda definitiva para eliminar las voces de las canciones<\/h2>\n\n\n\n<div class=\"wp-block-rank-math-toc-block\" id=\"rank-math-toc\"><h3>\u00cdndice<\/h3><nav><ul><li><a href=\"#introduction\">Introducci\u00f3n<\/a><\/li><li><a href=\"#what-is-a-vocal-remover\">\u00bfQu\u00e9 es un removedor vocal?<\/a><\/li><li><a href=\"#why-use-a-vocal-remover\">\u00bfPor qu\u00e9 utilizar un eliminador de vocales?<\/a><\/li><li><a href=\"#who-can-benefit-from-using-a-vocal-remover\">\u00bfQui\u00e9n puede beneficiarse del uso de un removedor vocal?<\/a><\/li><li><a href=\"#top-10-vocal-remover-tools-pros-cons-advantages-challenges-and-recommendations\">Las 10 mejores herramientas de eliminaci\u00f3n de vocales: Pros, Contras, Ventajas, Retos y Recomendaciones<\/a><\/li><li><a href=\"#faq-frequently-asked-questions-about-vocal-removers\">PREGUNTAS FRECUENTES: Preguntas frecuentes sobre los eliminadores vocales<\/a><\/li><li><a href=\"#conclusion\">Conclusi\u00f3n<\/a><\/li><\/ul><\/nav><\/div>\n\n\n\n<h3 class=\"wp-block-heading\" id=\"introduction\">Introducci\u00f3n<\/h3>\n\n\n\n<p class=\"\">Eliminar las voces de las canciones puede cambiar las reglas del juego para m\u00fasicos, productores y aficionados. Ya sea para crear pistas de karaoke, remezclar canciones o extraer voces con fines educativos, los eliminadores de voces pueden hacer que el proceso sea sencillo y eficaz. En este art\u00edculo se explican los entresijos de los eliminadores de voces, se analizan las mejores herramientas disponibles y se ofrece una secci\u00f3n de preguntas frecuentes para responder a las dudas m\u00e1s habituales.<\/p>\n\n\n\n<figure class=\"wp-block-image size-full is-resized\"><img data-recalc-dims=\"1\" data-dominant-color=\"58514d\" data-has-transparency=\"false\" decoding=\"async\" width=\"1024\" height=\"1024\"   loading=\"lazy\" src=\"https:\/\/i0.wp.com\/aiartfree.online\/wp-content\/uploads\/2024\/07\/image-31-2.webp?resize=1024%2C1024&#038;ssl=1\" alt=\"Descubre las mejores herramientas para eliminar voces de una canci\u00f3n. Explora las opciones gratuitas, ilimitadas, sin registro y AI Vocal Remover con IA.\" class=\"wp-image-3297 not-transparent\" style=\"--dominant-color: #58514d; width:536px;height:auto\" srcset=\"https:\/\/i0.wp.com\/aiartfree.online\/wp-content\/uploads\/2024\/07\/image-31-2.webp?w=1024&amp;ssl=1 1024w, https:\/\/i0.wp.com\/aiartfree.online\/wp-content\/uploads\/2024\/07\/image-31-2.webp?resize=300%2C300&amp;ssl=1 300w, https:\/\/i0.wp.com\/aiartfree.online\/wp-content\/uploads\/2024\/07\/image-31-2.webp?resize=150%2C150&amp;ssl=1 150w, https:\/\/i0.wp.com\/aiartfree.online\/wp-content\/uploads\/2024\/07\/image-31-2.webp?resize=768%2C768&amp;ssl=1 768w, https:\/\/i0.wp.com\/aiartfree.online\/wp-content\/uploads\/2024\/07\/image-31-2.webp?resize=12%2C12&amp;ssl=1 12w, https:\/\/i0.wp.com\/aiartfree.online\/wp-content\/uploads\/2024\/07\/image-31-2.webp?resize=600%2C600&amp;ssl=1 600w, https:\/\/i0.wp.com\/aiartfree.online\/wp-content\/uploads\/2024\/07\/image-31-2.webp?resize=100%2C100&amp;ssl=1 100w\" sizes=\"auto, (max-width: 1024px) 100vw, 1024px\" \/><\/figure>\n\n\n\n<h3 class=\"wp-block-heading\" id=\"what-is-a-vocal-remover\">\u00bfQu\u00e9 es un removedor vocal?<\/h3>\n\n\n\n<p class=\"\">Un eliminador de voces es un software o herramienta que utiliza algoritmos de procesamiento de audio para aislar y eliminar las voces de una pista musical. Este proceso suele implicar t\u00e9cnicas de cancelaci\u00f3n de fase y filtrado de frecuencias para diferenciar entre los componentes vocales e instrumentales de una canci\u00f3n.<\/p>\n\n\n\n<h3 class=\"wp-block-heading\" id=\"why-use-a-vocal-remover\">\u00bfPor qu\u00e9 utilizar un eliminador de vocales?<\/h3>\n\n\n\n<p class=\"\">Utilizar un removedor vocal ofrece varias ventajas:<\/p>\n\n\n\n<ul class=\"wp-block-list\">\n<li class=\"\"><strong>Libertad creativa:<\/strong> Permite a m\u00fasicos y productores crear versiones instrumentales o remezclas de canciones.<\/li>\n\n\n\n<li class=\"\"><strong>Karaoke Tracks:<\/strong> Permite crear pistas de karaoke eliminando las voces originales.<\/li>\n\n\n\n<li class=\"\"><strong>Herramienta de aprendizaje:<\/strong> Ayuda a los estudiantes de m\u00fasica y vocalistas a practicar cantando junto con pistas instrumentales.<\/li>\n\n\n\n<li class=\"\"><strong>Creaci\u00f3n de contenidos:<\/strong> \u00datil para creadores de contenidos que necesitan m\u00fasica de fondo sin voces.<\/li>\n<\/ul>\n\n\n\n<h3 class=\"wp-block-heading\" id=\"who-can-benefit-from-using-a-vocal-remover\">\u00bfQui\u00e9n puede beneficiarse del uso de un removedor vocal?<\/h3>\n\n\n\n<p class=\"\">Los removedores vocales son beneficiosos para varios grupos, entre ellos:<\/p>\n\n\n\n<ul class=\"wp-block-list\">\n<li class=\"\"><strong>M\u00fasicos y productores:<\/strong> Para crear remezclas e instrumentales.<\/li>\n\n\n\n<li class=\"\"><strong>Entusiastas del karaoke:<\/strong> Para crear pistas de karaoke para cantar.<\/li>\n\n\n\n<li class=\"\"><strong>Estudiantes y profesores de m\u00fasica:<\/strong> Con fines educativos.<\/li>\n\n\n\n<li class=\"\"><strong>Creadores de contenidos:<\/strong> Para utilizar m\u00fasica de fondo en v\u00eddeos o presentaciones.<\/li>\n\n\n\n<li class=\"\"><strong>DJs:<\/strong> Para crear mezclas y mashups \u00fanicos.<\/li>\n<\/ul>\n\n\n\n<h3 class=\"wp-block-heading\" id=\"top-10-vocal-remover-tools-pros-cons-advantages-challenges-and-recommendations\">Las 10 mejores herramientas de eliminaci\u00f3n de vocales: Pros, Contras, Ventajas, Retos y Recomendaciones<\/h3>\n\n\n\n<figure class=\"wp-block-table\"><table class=\"has-fixed-layout\"><thead><tr><th>Herramienta\/Sitio web<\/th><th>Pros<\/th><th>Contras<\/th><th>Ventajas<\/th><th>Desaf\u00edos<\/th><th>Recomendaciones<\/th><\/tr><\/thead><tbody><tr><td><a href=\"https:\/\/aiartfree.online\/es\/removedor-vocal\/\">AI Art Removedor Vocal Gratuito<\/a><\/td><td>Gratis, Ilimitado, Sin registro, Alta calidad de audio<\/td><td>Opciones de personalizaci\u00f3n limitadas<\/td><td>F\u00e1cil de usar, con inteligencia artificial<\/td><td>Puede que no admita todos los formatos de audio<\/td><td>Ideal para una eliminaci\u00f3n vocal r\u00e1pida y de alta calidad<\/td><\/tr><tr><td>Quemador de notas AI Vocal Remover<\/td><td>Extracci\u00f3n vocal de alta calidad, interfaz f\u00e1cil de usar<\/td><td>Requiere compra tras el periodo de prueba<\/td><td>Algoritmos avanzados de IA, buena atenci\u00f3n al cliente<\/td><td>Mayor coste en comparaci\u00f3n con otras herramientas<\/td><td>Ideal para profesionales que buscan una eliminaci\u00f3n vocal precisa<\/td><\/tr><tr><td>PhonicMind<\/td><td>Compatible con varios formatos, capacidad de procesamiento por lotes<\/td><td>Servicio de pago<\/td><td>Separaci\u00f3n precisa de voces e instrumentos<\/td><td>Requiere una buena conexi\u00f3n a Internet<\/td><td>Lo mejor para procesamiento por lotes y alta precisi\u00f3n<\/td><\/tr><tr><td>Lalal.ai<\/td><td>Pasos sencillos, no requiere instalaci\u00f3n de software<\/td><td>Uso gratuito limitado<\/td><td>Procesamiento r\u00e1pido, admite archivos de audio y v\u00eddeo<\/td><td>Limitado a pistas cortas en la versi\u00f3n gratuita<\/td><td>Adecuado para usuarios que necesitan una eliminaci\u00f3n vocal r\u00e1pida y sencilla<\/td><\/tr><tr><td>Audacity<\/td><td>Gratuito y de c\u00f3digo abierto, amplias funciones de edici\u00f3n de audio<\/td><td>Mayor curva de aprendizaje, proceso manual<\/td><td>Personalizable, compatible con m\u00faltiples formatos<\/td><td>Requiere algunos conocimientos t\u00e9cnicos<\/td><td>Ideal para usuarios que necesitan funciones avanzadas de edici\u00f3n de audio<\/td><\/tr><tr><td>Spleeter<\/td><td>C\u00f3digo abierto, basado en Python, altamente personalizable<\/td><td>Requiere conocimientos t\u00e9cnicos, herramienta de l\u00ednea de comandos<\/td><td>Potentes algoritmos de IA, Gratis<\/td><td>La instalaci\u00f3n y configuraci\u00f3n pueden ser complejas<\/td><td>Lo mejor para usuarios expertos y desarrolladores<\/td><\/tr><tr><td>VocalRemover.org<\/td><td>Herramienta en l\u00ednea gratuita, interfaz f\u00e1cil de usar<\/td><td>Limitado al uso en l\u00ednea, los anuncios pueden ser intrusivos<\/td><td>R\u00e1pido y f\u00e1cil de usar, no requiere descarga de software<\/td><td>La calidad del audio puede variar seg\u00fan la pista<\/td><td>Perfecto para usuarios ocasionales y tareas r\u00e1pidas<\/td><\/tr><tr><td><a href=\"http:\/\/X-Minus.pro\" target=\"_blank\" data-type=\"link\" data-id=\"X-Minus.pro\" rel=\"noreferrer noopener\">X-Minus.pro<\/a><\/td><td>Salida de alta calidad, compatible con varios idiomas<\/td><td>Por suscripci\u00f3n<\/td><td>Alta precisi\u00f3n, procesamiento por lotes<\/td><td>Requiere suscripci\u00f3n para todas las funciones<\/td><td>Ideal para usuarios frecuentes que necesitan una calidad constante<\/td><\/tr><tr><td>Karaoke Cualquier cosa<\/td><td>Software gratuito, interfaz sencilla<\/td><td>Funciones limitadas, s\u00f3lo Windows<\/td><td>F\u00e1cil de usar, eficaz para la eliminaci\u00f3n vocal b\u00e1sica<\/td><td>S\u00f3lo disponible en Windows<\/td><td>Bueno para principiantes<\/td><\/tr><tr><td>Editor de audio WavePad<\/td><td>Completo paquete de edici\u00f3n de audio, compatible con m\u00faltiples formatos<\/td><td>Software de pago<\/td><td>Vers\u00e1til, incluye muchos efectos de audio<\/td><td>Puede resultar abrumador para los nuevos usuarios<\/td><td>Excelente para usuarios que necesitan una suite de edici\u00f3n de audio completa<\/td><\/tr><\/tbody><\/table><\/figure>\n\n\n\n<h3 class=\"wp-block-heading\" id=\"faq-frequently-asked-questions-about-vocal-removers\">PREGUNTAS FRECUENTES: Preguntas frecuentes sobre los eliminadores vocales<\/h3>\n\n\n\n<ol class=\"wp-block-list\">\n<li class=\"\"><strong>\u00bfC\u00f3mo eliminar las voces de una canci\u00f3n?<\/strong>\n<ul class=\"wp-block-list\">\n<li class=\"\">Puedes utilizar herramientas de eliminaci\u00f3n de voces como AI Art Free Vocal Remover o Audacity para aislar y eliminar las voces de una pista.<\/li>\n<\/ul>\n<\/li>\n\n\n\n<li class=\"\"><strong>\u00bfC\u00f3mo se elimina la voz de una canci\u00f3n?<\/strong>\n<ul class=\"wp-block-list\">\n<li class=\"\">La mayor\u00eda de las herramientas utilizan t\u00e9cnicas de cancelaci\u00f3n de fase y filtrado de frecuencias para eliminar las voces. Solo tienes que cargar la pista y seguir las instrucciones de la herramienta.<\/li>\n<\/ul>\n<\/li>\n\n\n\n<li class=\"\"><strong>\u00bfC\u00f3mo puedo eliminar las voces de una canci\u00f3n?<\/strong>\n<ul class=\"wp-block-list\">\n<li class=\"\">Elige una herramienta de eliminaci\u00f3n de voces, sube tu archivo de audio y deja que la herramienta lo procese para eliminar las voces.<\/li>\n<\/ul>\n<\/li>\n\n\n\n<li class=\"\"><strong>\u00bfC\u00f3mo eliminar las voces de una pista?<\/strong>\n<ul class=\"wp-block-list\">\n<li class=\"\">Utiliza programas como Noteburner AI Vocal Remover o herramientas en l\u00ednea como Lalal.ai para procesar y eliminar las voces de tu pista.<\/li>\n<\/ul>\n<\/li>\n\n\n\n<li class=\"\"><strong>\u00bfC\u00f3mo eliminar las voces de la m\u00fasica?<\/strong>\n<ul class=\"wp-block-list\">\n<li class=\"\">Herramientas como PhonicMind y VocalRemover.org ofrecen formas sencillas de eliminar las voces de las pistas de m\u00fasica en l\u00ednea.<\/li>\n<\/ul>\n<\/li>\n\n\n\n<li class=\"\"><strong>\u00bfEs posible eliminar completamente las voces de una canci\u00f3n?<\/strong>\n<ul class=\"wp-block-list\">\n<li class=\"\">Aunque es dif\u00edcil eliminar completamente las voces sin afectar a la calidad del audio, las herramientas avanzadas pueden lograr una gran precisi\u00f3n.<\/li>\n<\/ul>\n<\/li>\n\n\n\n<li class=\"\"><strong>\u00bfCu\u00e1l es el mejor removedor vocal?<\/strong>\n<ul class=\"wp-block-list\">\n<li class=\"\">El mejor removedor vocal depende de tus necesidades. AI Art Free Vocal Remover es ideal para un uso r\u00e1pido, mientras que Noteburner AI Vocal Remover es excelente para profesionales.<\/li>\n<\/ul>\n<\/li>\n\n\n\n<li class=\"\"><strong>\u00bfPueden los eliminadores de voces separar las voces de la m\u00fasica de fondo con precisi\u00f3n?<\/strong>\n<ul class=\"wp-block-list\">\n<li class=\"\">S\u00ed, muchos eliminadores de voces, especialmente los que utilizan algoritmos de IA, pueden separar con precisi\u00f3n las voces de la m\u00fasica de fondo.<\/li>\n<\/ul>\n<\/li>\n\n\n\n<li class=\"\"><strong>\u00bfExisten herramientas gratuitas para eliminar la voz?<\/strong>\n<ul class=\"wp-block-list\">\n<li class=\"\">S\u00ed, herramientas como VocalRemover.org y Audacity ofrecen opciones gratuitas para eliminar las voces de las canciones.<\/li>\n<\/ul>\n<\/li>\n\n\n\n<li class=\"\"><strong>\u00bfFuncionan los eliminadores de voces en todos los archivos de audio?<\/strong>\n<ul class=\"wp-block-list\">\n<li class=\"\">La mayor\u00eda de los eliminadores de voces admiten los formatos de audio habituales, pero su eficacia puede variar en funci\u00f3n de la calidad y complejidad de la pista.<\/li>\n<\/ul>\n<\/li>\n<\/ol>\n\n\n\n<h3 class=\"wp-block-heading\" id=\"conclusion\">Conclusi\u00f3n<\/h3>\n\n\n\n<p class=\"\">Los removedores vocales son herramientas inestimables para m\u00fasicos, productores y creadores de contenidos. Con la herramienta adecuada, puedes crear f\u00e1cilmente versiones instrumentales, remezclas y pistas de karaoke. Esta gu\u00eda ofrece una visi\u00f3n general de las mejores herramientas de eliminaci\u00f3n de voces disponibles, junto con sus ventajas, desventajas y recomendaciones para ayudarte a tomar una decisi\u00f3n informada.<\/p>","protected":false},"excerpt":{"rendered":"<p>How to use Vocal Remover *&nbsp;Depending on your internet speed, loading the model may take a few seconds.* There will be caching during continuous generation, and the new image will appear after about 3 seconds. Vocal Remover: The Ultimate Guide to Removing Vocals from Songs Introduction Removing vocals from songs can be a game-changer for &#8230; <a title=\"Removedor Vocal\" class=\"read-more\" href=\"https:\/\/aiartfree.online\/es\/removedor-vocal\/\" aria-label=\"Leer m\u00e1s sobre Vocal Remover\">Leer m\u00e1s<\/a><\/p>","protected":false},"author":1,"featured_media":3297,"parent":0,"menu_order":0,"comment_status":"closed","ping_status":"closed","template":"","meta":{"nf_dc_page":"","footnotes":""},"class_list":["post-3292","page","type-page","status-publish","has-post-thumbnail"],"jetpack_sharing_enabled":true,"_links":{"self":[{"href":"https:\/\/aiartfree.online\/es\/wp-json\/wp\/v2\/pages\/3292","targetHints":{"allow":["GET"]}}],"collection":[{"href":"https:\/\/aiartfree.online\/es\/wp-json\/wp\/v2\/pages"}],"about":[{"href":"https:\/\/aiartfree.online\/es\/wp-json\/wp\/v2\/types\/page"}],"author":[{"embeddable":true,"href":"https:\/\/aiartfree.online\/es\/wp-json\/wp\/v2\/users\/1"}],"replies":[{"embeddable":true,"href":"https:\/\/aiartfree.online\/es\/wp-json\/wp\/v2\/comments?post=3292"}],"version-history":[{"count":0,"href":"https:\/\/aiartfree.online\/es\/wp-json\/wp\/v2\/pages\/3292\/revisions"}],"wp:featuredmedia":[{"embeddable":true,"href":"https:\/\/aiartfree.online\/es\/wp-json\/wp\/v2\/media\/3297"}],"wp:attachment":[{"href":"https:\/\/aiartfree.online\/es\/wp-json\/wp\/v2\/media?parent=3292"}],"curies":[{"name":"wp","href":"https:\/\/api.w.org\/{rel}","templated":true}]}}