{"id":3281,"date":"2024-07-28T12:00:16","date_gmt":"2024-07-28T12:00:16","guid":{"rendered":"https:\/\/aiartfree.online\/?page_id=3281"},"modified":"2024-08-02T11:09:05","modified_gmt":"2024-08-02T11:09:05","slug":"watermark-remover","status":"publish","type":"page","link":"https:\/\/aiartfree.online\/es\/eliminador-de-marcas-de-agua\/","title":{"rendered":"Eliminador de marcas de agua"},"content":{"rendered":"<h2 class=\"wp-block-heading has-text-align-center\" id=\"before-vs-after\">Antes y despu\u00e9s<\/h2>\n\n\n\n<figure class=\"gb-block-image gb-block-image-1822da1f\"><img data-recalc-dims=\"1\" decoding=\"async\" loading=\"lazy\" width=\"1024\" height=\"518\" class=\"gb-image gb-image-1822da1f\" src=\"https:\/\/i0.wp.com\/aiartfree.online\/wp-content\/uploads\/2024\/07\/WX20240729-171649%402x-1024x518.webp?resize=1024%2C518&#038;ssl=1\" alt=\"Un eliminador de marcas de agua utiliza IA para borrar logotipos, texto o gr\u00e1ficos superpuestos en fotos o v\u00eddeos, restaurando el soporte original al eliminar las marcas de propiedad.\" title=\"WX20240729-171649@2x\" srcset=\"https:\/\/i0.wp.com\/aiartfree.online\/wp-content\/uploads\/2024\/07\/WX20240729-171649%402x-scaled.webp?resize=1024%2C518&amp;ssl=1 1024w, https:\/\/i0.wp.com\/aiartfree.online\/wp-content\/uploads\/2024\/07\/WX20240729-171649%402x-scaled.webp?resize=300%2C152&amp;ssl=1 300w, https:\/\/i0.wp.com\/aiartfree.online\/wp-content\/uploads\/2024\/07\/WX20240729-171649%402x-scaled.webp?resize=768%2C388&amp;ssl=1 768w, https:\/\/i0.wp.com\/aiartfree.online\/wp-content\/uploads\/2024\/07\/WX20240729-171649%402x-scaled.webp?resize=1536%2C777&amp;ssl=1 1536w, https:\/\/i0.wp.com\/aiartfree.online\/wp-content\/uploads\/2024\/07\/WX20240729-171649%402x-scaled.webp?resize=2048%2C1036&amp;ssl=1 2048w, https:\/\/i0.wp.com\/aiartfree.online\/wp-content\/uploads\/2024\/07\/WX20240729-171649%402x-scaled.webp?resize=18%2C9&amp;ssl=1 18w, https:\/\/i0.wp.com\/aiartfree.online\/wp-content\/uploads\/2024\/07\/WX20240729-171649%402x-scaled.webp?resize=600%2C303&amp;ssl=1 600w, https:\/\/i0.wp.com\/aiartfree.online\/wp-content\/uploads\/2024\/07\/WX20240729-171649%402x-scaled.webp?w=2400&amp;ssl=1 2400w\" sizes=\"auto, (max-width: 1024px) 100vw, 1024px\" \/><\/figure>\n\n\n\n<h2 class=\"wp-block-heading\" id=\"how-to-use-watermark-remover\">C\u00f3mo utilizar Watermark Remover<\/h2>\n\n\n\n<ol class=\"wp-block-list\">\n<li class=\"\">Suelte o cargue su imagen<\/li>\n\n\n\n<li class=\"\"><strong>Dibuje (pincel) la parte de la imagen que desea eliminar<\/strong><\/li>\n\n\n\n<li class=\"\">Haga clic en \"Enviar\".<\/li>\n\n\n\n<li class=\"\">\u00a1Espera, eso es!<\/li>\n<\/ol>\n\n\n\n<p class=\"\"><em>* Dependiendo de su velocidad de Internet, la carga del modelo puede tardar unos segundos.<br>* Habr\u00e1 cach\u00e9 durante la generaci\u00f3n continua, y la nueva imagen aparecer\u00e1 despu\u00e9s de unos 3 segundos.<\/em><\/p>\n\n\n\n<div style=\"text-align: center; border: 2px solid; border-image-source: linear-gradient(to right, #16b86c, #912899); border-image-slice: 1; box-shadow: 0 0 10px rgba(0, 0, 0, 0.1); border-radius: 15px; position: relative;\">\n  <div id=\"loading\" style=\"position: absolute; top: 100px; left: 50%; transform: translate(-50%, -50%); z-index: 1000;\">\n    <div style=\"width: 50px; height: 50px; border: 5px solid #f3f3f3; border-top: 5px solid #16b86c; border-radius: 50%; animation: spin 1s linear infinite;\"><\/div>\n  <\/div>\n  <iframe loading=\"lazy\"\n    src=\"https:\/\/rooc-remove-photo-object.hf.space\"\n    frameborder=\"0\"\n    width=\"100%\"\n    height=\"2500\"\n    style=\"display: inline-block; margin: 0 auto;\"\n    onload=\"document.getElementById('loading').style.display='none';\"\n  ><\/iframe>\n<\/div>\n\n<style>\n  @keyframes spin {\n    0% { transform: rotate(0deg); }\n    100% { transform: rotate(360deg); }\n  }\n<\/style>\n\n\n\n<div style=\"height:50px\" aria-hidden=\"true\" class=\"wp-block-spacer\"><\/div>\n\n\n\n<h2 class=\"wp-block-heading\" id=\"introduction-of-watermark-remover\">Introducci\u00f3n de Watermark Remover<\/h2>\n\n\n\n<div class=\"wp-block-rank-math-toc-block\" id=\"rank-math-toc\"><h3>\u00cdndice<\/h3><nav><ul><li><a href=\"#what-is-a-watermark-remover\">\u00bfQu\u00e9 es un eliminador de marcas de agua?<\/a><\/li><li><a href=\"#why-use-a-watermark-remover\">\u00bfPor qu\u00e9 utilizar un eliminador de marcas de agua?<\/a><\/li><li><a href=\"#who-can-benefit-from-using-a-watermark-remover\">\u00bfQui\u00e9n puede beneficiarse del uso de un eliminador de marcas de agua?<\/a><\/li><li><a href=\"#top-10-watermark-remover-tools-features-pros-cons-advantages-challenges-and-suggestions\">Las 10 mejores herramientas para eliminar marcas de agua: Caracter\u00edsticas, Pros, Contras, Ventajas, Desaf\u00edos y Sugerencias<\/a><\/li><li><a href=\"#frequently-asked-questions-faq\">Preguntas m\u00e1s frecuentes (FAQ)<\/a><\/li><\/ul><\/nav><\/div>\n\n\n\n<h3 class=\"wp-block-heading\" id=\"what-is-a-watermark-remover\">\u00bfQu\u00e9 es un eliminador de marcas de agua?<\/h3>\n\n\n\n<p class=\"\">Un eliminador de marcas de agua es una herramienta o software dise\u00f1ado para eliminar marcas de agua de fotos o v\u00eddeos. Las marcas de agua suelen ser logotipos, texto u otros gr\u00e1ficos que se superponen a las im\u00e1genes o v\u00eddeos para indicar la propiedad o los derechos de autor. Un eliminador de marcas de agua utiliza algoritmos avanzados, a menudo basados en IA, para identificar y borrar estas marcas de agua, dejando intacta la imagen o el v\u00eddeo original.<\/p>\n\n\n\n<h3 class=\"wp-block-heading\" id=\"why-use-a-watermark-remover\">\u00bfPor qu\u00e9 utilizar un eliminador de marcas de agua?<\/h3>\n\n\n\n<p class=\"\">Utilizar un eliminador de marcas de agua puede ser crucial por varias razones:<\/p>\n\n\n\n<ul class=\"wp-block-list\">\n<li class=\"\"><strong>Restauraci\u00f3n<\/strong>: Ayuda en la restauraci\u00f3n de los medios de comunicaci\u00f3n originales sin ning\u00fan tipo de obstrucciones.<\/li>\n\n\n\n<li class=\"\"><strong>Uso profesional<\/strong>: Imprescindible para fot\u00f3grafos, vide\u00f3grafos y dise\u00f1adores que necesitan im\u00e1genes y v\u00eddeos limpios para su trabajo.<\/li>\n\n\n\n<li class=\"\"><strong>Edici\u00f3n de contenidos<\/strong>: Permite a los usuarios editar y reutilizar medios sin la distracci\u00f3n de las marcas de agua.<\/li>\n\n\n\n<li class=\"\"><strong>Uso legal<\/strong>: Importante para eliminar las marcas de agua de los soportes sobre los que se tienen derechos, pero que llevaban marca de agua debido a su uso o distribuci\u00f3n anteriores.<\/li>\n<\/ul>\n\n\n\n<h3 class=\"wp-block-heading\" id=\"who-can-benefit-from-using-a-watermark-remover\">\u00bfQui\u00e9n puede beneficiarse del uso de un eliminador de marcas de agua?<\/h3>\n\n\n\n<p class=\"\">Varios particulares e industrias pueden beneficiarse del uso de un eliminador de marcas de agua, entre ellos:<\/p>\n\n\n\n<ul class=\"wp-block-list\">\n<li class=\"\"><strong>Fot\u00f3grafos<\/strong>: Para limpiar sus im\u00e1genes para la presentaci\u00f3n de la cartera.<\/li>\n\n\n\n<li class=\"\"><strong>Creadores de contenidos<\/strong>: Para crear contenidos sin marcas de agua para redes sociales y sitios web.<\/li>\n\n\n\n<li class=\"\"><strong>Profesionales del marketing<\/strong>: Garantizar que el material promocional tenga un aspecto limpio y profesional.<\/li>\n\n\n\n<li class=\"\"><strong>Educadores<\/strong>: Para utilizar im\u00e1genes y v\u00eddeos en presentaciones y materiales educativos sin distracciones.<\/li>\n\n\n\n<li class=\"\"><strong>Empresas<\/strong>: Mantener una imagen profesional en los materiales de marketing y marca.<\/li>\n<\/ul>\n\n\n\n<h3 class=\"wp-block-heading\" id=\"top-10-watermark-remover-tools-features-pros-cons-advantages-challenges-and-suggestions\">Las 10 mejores herramientas para eliminar marcas de agua: Caracter\u00edsticas, Pros, Contras, Ventajas, Desaf\u00edos y Sugerencias<\/h3>\n\n\n\n<figure class=\"wp-block-table\"><table class=\"has-fixed-layout\"><thead><tr><th>Nombre de la herramienta<\/th><th>URL<\/th><th>Caracter\u00edsticas<\/th><th>Pros<\/th><th>Contras<\/th><th>Ventajas<\/th><th>Desaf\u00edos<\/th><th>Sugerencias<\/th><\/tr><\/thead><tbody><tr><td>AI Art Removedor de Marcas de Agua Gratuito<\/td><td><a href=\"https:\/\/aiartfree.online\/es\/eliminador-de-marcas-de-agua\/\">AI Art Gratis<\/a><\/td><td>Gratuito, ilimitado, sin registro, basado en IA, f\u00e1cil de usar<\/td><td>F\u00e1cil de usar, Gratuito, No es necesario registrarse, Alta calidad de resultados<\/td><td>Funciones avanzadas limitadas<\/td><td>Excelente para una retirada r\u00e1pida y f\u00e1cil<\/td><td>Puede no funcionar bien en fondos complejos<\/td><td>Ideal para usuarios ocasionales que necesitan eliminar marcas de agua r\u00e1pidamente<\/td><\/tr><tr><td>Eliminar.bg<\/td><td>Eliminar.bg<\/td><td>Fotos compatibles con IA<\/td><td>Alta precisi\u00f3n, f\u00e1cil de usar<\/td><td>Limitado a fotos, No es gratuito<\/td><td>Ideal para fot\u00f3grafos<\/td><td>Suscripci\u00f3n necesaria para funciones premium<\/td><td>Perfecto para los usuarios que se centran en las fotos<\/td><\/tr><tr><td>Inpaint<\/td><td>Inpaint<\/td><td>Selecci\u00f3n manual, Admite varios formatos<\/td><td>Alto control, Vers\u00e1til<\/td><td>El proceso manual puede llevar mucho tiempo<\/td><td>Ideal para trabajos detallados<\/td><td>Curva de aprendizaje pronunciada<\/td><td>Recomendado para usuarios avanzados<\/td><\/tr><tr><td>Eliminador de Marcas de Agua de Apowersoft<\/td><td>Apowersoft<\/td><td>Procesamiento por lotes, Admite fotos y v\u00eddeos<\/td><td>Eficaz y vers\u00e1til<\/td><td>Suscripci\u00f3n necesaria para todas las funciones<\/td><td>Bueno para tareas masivas<\/td><td>Puede ser costoso<\/td><td>Lo mejor para usuarios frecuentes con necesidades masivas<\/td><\/tr><tr><td>Eliminador de marcas de agua HitPaw<\/td><td>HitPaw<\/td><td>Admite fotos y v\u00eddeos, con tecnolog\u00eda AI<\/td><td>Alta calidad, vers\u00e1til<\/td><td>Suscripci\u00f3n necesaria para todas las funciones<\/td><td>Adecuado tanto para fotos como para v\u00eddeos<\/td><td>Puede ser caro<\/td><td>Ideal para profesionales<\/td><\/tr><tr><td>SoftOrbits Removedor de Sellos Fotogr\u00e1ficos<\/td><td>SoftOrbits<\/td><td>Inteligencia artificial, procesamiento por lotes<\/td><td>Eficacia y precisi\u00f3n<\/td><td>Suscripci\u00f3n necesaria para funciones premium<\/td><td>Ideal para tareas a granel<\/td><td>Costoso para usuarios ocasionales<\/td><td>Recomendado para usuarios frecuentes<\/td><\/tr><tr><td>Wondershare Fotophire<\/td><td>Fotophire<\/td><td>Compatible con varios formatos, f\u00e1cil de usar<\/td><td>Vers\u00e1til y f\u00e1cil de usar<\/td><td>Suscripci\u00f3n necesaria para todas las funciones<\/td><td>Ideal para principiantes<\/td><td>Caro<\/td><td>Ideal para nuevos usuarios<\/td><\/tr><tr><td>GIMP<\/td><td>GIMP<\/td><td>Edici\u00f3n manual, gratuita y de c\u00f3digo abierto<\/td><td>Altamente personalizable, Gratis<\/td><td>Curva de aprendizaje pronunciada<\/td><td>Ideal para una edici\u00f3n detallada<\/td><td>Interfaz compleja<\/td><td>Lo mejor para usuarios avanzados<\/td><\/tr><tr><td>PhotoWorks<\/td><td>PhotoWorks<\/td><td>Inteligencia artificial, compatible con varios formatos<\/td><td>Preciso, f\u00e1cil de usar<\/td><td>Suscripci\u00f3n necesaria para todas las funciones<\/td><td>Ideal para uso ocasional y profesional<\/td><td>Puede ser costoso<\/td><td>Perfecto para todos los niveles de usuario<\/td><\/tr><tr><td>Pixlr<\/td><td><a href=\"https:\/\/bingimagecreator.online\/\" target=\"_blank\" data-type=\"link\" data-id=\"https:\/\/bingimagecreator.online\/\" rel=\"noreferrer noopener\">Pixlr<\/a><\/td><td>Gratuito, Herramienta en l\u00ednea, Edici\u00f3n manual<\/td><td>Accesible, Gratuito<\/td><td>Funciones avanzadas limitadas<\/td><td>Bueno para ediciones r\u00e1pidas<\/td><td>Funciones limitadas<\/td><td>Lo mejor para tareas r\u00e1pidas y sencillas<\/td><\/tr><\/tbody><\/table><\/figure>\n\n\n\n<h3 class=\"wp-block-heading\" id=\"frequently-asked-questions-faq\">Preguntas m\u00e1s frecuentes (FAQ)<\/h3>\n\n\n\n<ol class=\"wp-block-list\">\n<li class=\"\"><strong>\u00bfC\u00f3mo eliminar la marca de agua de una foto?<\/strong>\n<ul class=\"wp-block-list\">\n<li class=\"\">Para eliminar una marca de agua de una foto, puedes utilizar herramientas en l\u00ednea como AI Art Free Watermark Remover. Solo tienes que subir la foto, seleccionar el \u00e1rea de la marca de agua y la herramienta la eliminar\u00e1 autom\u00e1ticamente por ti.<\/li>\n<\/ul>\n<\/li>\n\n\n\n<li class=\"\"><strong>\u00bfC\u00f3mo eliminar la marca de agua de un v\u00eddeo?<\/strong>\n<ul class=\"wp-block-list\">\n<li class=\"\">Utiliza herramientas como Apowersoft Watermark Remover que soportan formatos de v\u00eddeo. Sube el v\u00eddeo, selecciona el \u00e1rea de la marca de agua y la herramienta procesar\u00e1 el v\u00eddeo para eliminar la marca de agua.<\/li>\n<\/ul>\n<\/li>\n\n\n\n<li class=\"\"><strong>\u00bfExiste alg\u00fan eliminador de marcas de agua gratuito?<\/strong>\n<ul class=\"wp-block-list\">\n<li class=\"\">S\u00ed, AI Art Free Watermark Remover es una herramienta gratuita que permite un uso ilimitado sin necesidad de registrarse.<\/li>\n<\/ul>\n<\/li>\n\n\n\n<li class=\"\"><strong>\u00bfPuede la IA eliminar las marcas de agua?<\/strong>\n<ul class=\"wp-block-list\">\n<li class=\"\">S\u00ed, las herramientas basadas en IA como AI Art Free Watermark Remover y Remove.bg pueden eliminar eficazmente las marcas de agua de las im\u00e1genes mediante algoritmos avanzados.<\/li>\n<\/ul>\n<\/li>\n\n\n\n<li class=\"\"><strong>\u00bfCu\u00e1l es el mejor eliminador de marcas de agua para fotos?<\/strong>\n<ul class=\"wp-block-list\">\n<li class=\"\">AI Art Free Watermark Remover y Remove.bg se encuentran entre las mejores herramientas para eliminar marcas de agua de fotos debido a su gran precisi\u00f3n y facilidad de uso.<\/li>\n<\/ul>\n<\/li>\n\n\n\n<li class=\"\"><strong>\u00bfCu\u00e1l es el mejor eliminador de marcas de agua para v\u00eddeos?<\/strong>\n<ul class=\"wp-block-list\">\n<li class=\"\">Apowersoft Watermark Remover y HitPaw Watermark Remover son excelentes opciones para eliminar marcas de agua de v\u00eddeos.<\/li>\n<\/ul>\n<\/li>\n\n\n\n<li class=\"\"><strong>\u00bfExisten eliminadores de marcas de agua de uso ilimitado?<\/strong>\n<ul class=\"wp-block-list\">\n<li class=\"\">S\u00ed, AI Art Free Watermark Remover ofrece un uso ilimitado sin ning\u00fan tipo de registro o suscripci\u00f3n.<\/li>\n<\/ul>\n<\/li>\n\n\n\n<li class=\"\"><strong>\u00bfC\u00f3mo eliminar objetos no deseados de las im\u00e1genes?<\/strong>\n<ul class=\"wp-block-list\">\n<li class=\"\">Herramientas como Inpaint permiten seleccionar y eliminar manualmente los objetos no deseados de las im\u00e1genes, proporcionando un control preciso sobre el proceso de edici\u00f3n.<\/li>\n<\/ul>\n<\/li>\n\n\n\n<li class=\"\"><strong>\u00bfExisten eliminadores de marcas de agua f\u00e1ciles de usar?<\/strong>\n<ul class=\"wp-block-list\">\n<li class=\"\">S\u00ed, herramientas como AI Art Free Watermark Remover y Wondershare Fotophire son conocidas por sus interfaces f\u00e1ciles de usar.<\/li>\n<\/ul>\n<\/li>\n\n\n\n<li class=\"\"><strong>\u00bfPueden los eliminadores de marcas de agua mantener la calidad original?<\/strong>\n<ul class=\"wp-block-list\">\n<li class=\"\">Herramientas de alta calidad como AI Art Free Watermark Remover y HitPaw Watermark Remover est\u00e1n dise\u00f1adas para mantener la calidad original de im\u00e1genes y v\u00eddeos tras eliminar las marcas de agua.<\/li>\n<\/ul>\n<\/li>\n<\/ol>","protected":false},"excerpt":{"rendered":"<p>Before vs After How to use Watermark Remover *&nbsp;Depending on your internet speed, loading the model may take a few seconds.* There will be caching during continuous generation, and the new image will appear after about 3 seconds. Introduction of Watermark Remover What is a Watermark Remover? A watermark remover is a tool or software &#8230; <a title=\"Eliminador de marcas de agua\" class=\"read-more\" href=\"https:\/\/aiartfree.online\/es\/eliminador-de-marcas-de-agua\/\" aria-label=\"Leer m\u00e1s sobre Watermark Remover\">Leer m\u00e1s<\/a><\/p>","protected":false},"author":1,"featured_media":3304,"parent":0,"menu_order":0,"comment_status":"open","ping_status":"closed","template":"","meta":{"nf_dc_page":"","footnotes":""},"class_list":["post-3281","page","type-page","status-publish","has-post-thumbnail"],"jetpack_sharing_enabled":true,"_links":{"self":[{"href":"https:\/\/aiartfree.online\/es\/wp-json\/wp\/v2\/pages\/3281","targetHints":{"allow":["GET"]}}],"collection":[{"href":"https:\/\/aiartfree.online\/es\/wp-json\/wp\/v2\/pages"}],"about":[{"href":"https:\/\/aiartfree.online\/es\/wp-json\/wp\/v2\/types\/page"}],"author":[{"embeddable":true,"href":"https:\/\/aiartfree.online\/es\/wp-json\/wp\/v2\/users\/1"}],"replies":[{"embeddable":true,"href":"https:\/\/aiartfree.online\/es\/wp-json\/wp\/v2\/comments?post=3281"}],"version-history":[{"count":0,"href":"https:\/\/aiartfree.online\/es\/wp-json\/wp\/v2\/pages\/3281\/revisions"}],"wp:featuredmedia":[{"embeddable":true,"href":"https:\/\/aiartfree.online\/es\/wp-json\/wp\/v2\/media\/3304"}],"wp:attachment":[{"href":"https:\/\/aiartfree.online\/es\/wp-json\/wp\/v2\/media?parent=3281"}],"curies":[{"name":"wp","href":"https:\/\/api.w.org\/{rel}","templated":true}]}}