{"id":3270,"date":"2024-07-28T10:35:14","date_gmt":"2024-07-28T10:35:14","guid":{"rendered":"https:\/\/aiartfree.online\/?page_id=3270"},"modified":"2024-07-31T13:03:11","modified_gmt":"2024-07-31T13:03:11","slug":"ai-photo-generator","status":"publish","type":"page","link":"https:\/\/aiartfree.online\/es\/generador-de-fotos-ai\/","title":{"rendered":"Generador de fotos AI"},"content":{"rendered":"<h2 class=\"wp-block-heading has-text-align-center\">Lo que han creado nuestros usuarios<\/h2>\n\n\n\n<figure class=\"gb-block-image gb-block-image-1822da1f\"><img data-recalc-dims=\"1\" decoding=\"async\" loading=\"lazy\" width=\"1200\" height=\"823\" class=\"gb-image gb-image-1822da1f\" src=\"https:\/\/i0.wp.com\/aiartfree.online\/wp-content\/uploads\/2024\/07\/WX20240731-165815%402x.jpg?resize=1200%2C823&#038;ssl=1\" alt=\"Generador de fotos AI\" title=\"WX20240731-165815@2x\" srcset=\"https:\/\/i0.wp.com\/aiartfree.online\/wp-content\/uploads\/2024\/07\/WX20240731-165815%402x.jpg?w=1630&amp;ssl=1 1630w, https:\/\/i0.wp.com\/aiartfree.online\/wp-content\/uploads\/2024\/07\/WX20240731-165815%402x.jpg?resize=300%2C206&amp;ssl=1 300w, https:\/\/i0.wp.com\/aiartfree.online\/wp-content\/uploads\/2024\/07\/WX20240731-165815%402x.jpg?resize=1024%2C702&amp;ssl=1 1024w, https:\/\/i0.wp.com\/aiartfree.online\/wp-content\/uploads\/2024\/07\/WX20240731-165815%402x.jpg?resize=768%2C527&amp;ssl=1 768w, https:\/\/i0.wp.com\/aiartfree.online\/wp-content\/uploads\/2024\/07\/WX20240731-165815%402x.jpg?resize=1536%2C1054&amp;ssl=1 1536w, https:\/\/i0.wp.com\/aiartfree.online\/wp-content\/uploads\/2024\/07\/WX20240731-165815%402x.jpg?resize=18%2C12&amp;ssl=1 18w, https:\/\/i0.wp.com\/aiartfree.online\/wp-content\/uploads\/2024\/07\/WX20240731-165815%402x.jpg?resize=600%2C412&amp;ssl=1 600w\" sizes=\"auto, (max-width: 1200px) 100vw, 1200px\" \/><\/figure>\n\n\n\n<h2 class=\"wp-block-heading\">C\u00f3mo utilizar AI Photo Generator<\/h2>\n\n\n\n<ol class=\"wp-block-list\">\n<li class=\"\">Introduzca su pregunta o elija uno de los ejemplos de pregunta<\/li>\n\n\n\n<li class=\"\">Haga clic en \"Generar\".<\/li>\n\n\n\n<li class=\"\">\u00a1Espera, eso es!<\/li>\n<\/ol>\n\n\n\n<h3 class=\"wp-block-heading has-medium-font-size\">Ejemplos de preguntas<\/h3>\n\n\n\n<ul class=\"wp-block-list has-small-font-size\">\n<li class=\"\">hermosa mujer, noche, con estrellas, intrincado, elegante, muy detallado, suave, enfoque n\u00edtido<\/li>\n\n\n\n<li class=\"\">mujer hermosa, noche, ciencia ficci\u00f3n, fantas\u00eda, intrincado, elegante, vestido azul, m\u00e1gico, muy detallado, suave,b enfoque n\u00edtido, ilustraci\u00f3n<\/li>\n\n\n\n<li class=\"\">hermosa mujer en la playa, relajante, et\u00e9reo, de ensue\u00f1o, a contraluz, muy detallado, iluminaci\u00f3n realista, enfoque n\u00edtido, regla de los tercios, hd, octano, 4k<\/li>\n\n\n\n<li class=\"\">mujer hermosa, tetas grandes, ama domme, steampunk, t\u00edmida sonriendo, 4k, Peque\u00f1o detalle<\/li>\n\n\n\n<li class=\"\">hermosa mujer, noche, con estrellas, intrincado, elegante, muy detallado, suave, enfoque n\u00edtido<\/li>\n<\/ul>\n\n\n\n<p class=\"\">Utilice&nbsp;<a href=\"https:\/\/aiartfree.online\/es\/generador-de-avisos\/\" target=\"_blank\" data-type=\"page\" data-id=\"3164\" rel=\"noreferrer noopener\">Generador de avisos<\/a>&nbsp;para ampliar los l\u00edmites de su imaginaci\u00f3n<\/p>\n\n\n\n<p class=\"\"><em>* Dependiendo de su velocidad de Internet, la carga del modelo puede tardar unos segundos.<br>* Habr\u00e1 cach\u00e9 durante la generaci\u00f3n continua, y la nueva imagen aparecer\u00e1 despu\u00e9s de unos 3 segundos.<\/em><\/p>\n\n\n\n<div class=\"iframe-wrapper\" style=\"position: relative; width: 100%; height: 950px;\">\n  <div class=\"loading\" style=\"position: absolute; top: 50px; left: 50%; transform: translate(-50%, -50%); width: 40px; height: 40px; border: 3px solid #f0f0f0; border-top: 3px solid #db7093; border-radius: 50%; animation: spin 1s linear infinite;\"><\/div>\n  <iframe loading=\"lazy\" src=\"https:\/\/playgroundai-playground-v2-5.hf.space\" frameborder=\"0\" width=\"100%\" height=\"100%\" style=\"position: absolute; top: 0; left: 0; opacity: 0; transition: opacity 0.3s;\" onload=\"this.style.opacity=1;this.previousElementSibling.style.display='none';\"><\/iframe>\n<\/div>\n\n<style>\n@keyframes spin {\n  0% { transform: translate(-50%, -50%) rotate(0deg); }\n  100% { transform: translate(-50%, -50%) rotate(360deg); }\n}\n<\/style>\n\n\n\n<div style=\"height:50px\" aria-hidden=\"true\" class=\"wp-block-spacer\"><\/div>\n\n\n\n<h2 class=\"wp-block-heading\">Introducci\u00f3n al AI Photo Generator<\/h2>\n\n\n\n<p class=\"\">En el vertiginoso mundo digital, los generadores de fotos por IA se han convertido en herramientas esenciales para artistas, profesionales del marketing y creadores de contenidos. Este art\u00edculo profundizar\u00e1 en qu\u00e9 son los generadores de fotos de IA, su importancia y c\u00f3mo pueden utilizarse en diversos sectores. Adem\u00e1s, exploraremos los mejores generadores de fotos AI disponibles en la actualidad, incluyendo la herramienta altamente recomendada de <a href=\"https:\/\/aiartfree.online\/es\/generador-de-fotos-ai\/\">AI Art Gratis<\/a>.<\/p>\n\n\n\n<figure class=\"wp-block-image size-full is-resized\"><img data-recalc-dims=\"1\" data-dominant-color=\"70574e\" data-has-transparency=\"false\" decoding=\"async\" width=\"1024\" height=\"1024\"   loading=\"lazy\" src=\"https:\/\/i0.wp.com\/aiartfree.online\/wp-content\/uploads\/2024\/07\/image-30.webp?resize=1024%2C1024&#038;ssl=1\" alt=\"En el vertiginoso mundo digital, los generadores de fotos por IA se han convertido en herramientas esenciales para artistas, profesionales del marketing y creadores de contenidos. Este art\u00edculo profundizar\u00e1 en qu\u00e9 son los generadores de fotos de IA, su importancia y c\u00f3mo se pueden utilizar en diversos sectores. Adem\u00e1s, exploraremos los mejores generadores de fotos AI disponibles en la actualidad, incluyendo la herramienta altamente recomendada de AI Art Free.\" class=\"wp-image-3278 not-transparent\" style=\"--dominant-color: #70574e; width:436px;height:auto\" srcset=\"https:\/\/i0.wp.com\/aiartfree.online\/wp-content\/uploads\/2024\/07\/image-30.webp?w=1024&amp;ssl=1 1024w, https:\/\/i0.wp.com\/aiartfree.online\/wp-content\/uploads\/2024\/07\/image-30.webp?resize=300%2C300&amp;ssl=1 300w, https:\/\/i0.wp.com\/aiartfree.online\/wp-content\/uploads\/2024\/07\/image-30.webp?resize=150%2C150&amp;ssl=1 150w, https:\/\/i0.wp.com\/aiartfree.online\/wp-content\/uploads\/2024\/07\/image-30.webp?resize=768%2C768&amp;ssl=1 768w, https:\/\/i0.wp.com\/aiartfree.online\/wp-content\/uploads\/2024\/07\/image-30.webp?resize=12%2C12&amp;ssl=1 12w, https:\/\/i0.wp.com\/aiartfree.online\/wp-content\/uploads\/2024\/07\/image-30.webp?resize=600%2C600&amp;ssl=1 600w, https:\/\/i0.wp.com\/aiartfree.online\/wp-content\/uploads\/2024\/07\/image-30.webp?resize=100%2C100&amp;ssl=1 100w\" sizes=\"auto, (max-width: 1024px) 100vw, 1024px\" \/><\/figure>\n\n\n\n<h3 class=\"wp-block-heading\">\u00cdndice<\/h3>\n\n\n\n<ol class=\"wp-block-list\">\n<li class=\"\"><a href=\"#what-is-an-ai-photo-generator\">\u00bfQu\u00e9 es un AI Photo Generator?<\/a><\/li>\n\n\n\n<li class=\"\"><a href=\"#why-use-an-ai-photo-generator\">\u00bfPor qu\u00e9 utilizar un generador de fotos AI?<\/a><\/li>\n\n\n\n<li class=\"\"><a href=\"#who-can-benefit-from-ai-photo-generators\">\u00bfQui\u00e9n puede beneficiarse de los generadores de fotos por IA?<\/a><\/li>\n\n\n\n<li class=\"\"><a href=\"#top-10-ai-photo-generators\">Los 10 mejores generadores de fotos AI<\/a><\/li>\n\n\n\n<li class=\"\"><a href=\"#faq\">PREGUNTAS FRECUENTES<\/a><\/li>\n<\/ol>\n\n\n\n<h3 class=\"wp-block-heading\">\u00bfQu\u00e9 es un AI Photo Generator?<\/h3>\n\n\n\n<p class=\"\">Un generador de fotos de IA, tambi\u00e9n conocido como generador de im\u00e1genes de IA, es una herramienta basada en inteligencia artificial y aprendizaje autom\u00e1tico que convierte mensajes de texto en im\u00e1genes \u00fanicas. Estas herramientas utilizan IA generativa para crear im\u00e1genes vibrantes y diversas basadas en descripciones de texto proporcionadas por el usuario.<\/p>\n\n\n\n<h3 class=\"wp-block-heading\">\u00bfPor qu\u00e9 utilizar un generador de fotos AI?<\/h3>\n\n\n\n<p class=\"\">Los generadores de fotos AI son cruciales para crear im\u00e1genes \u00fanicas de forma r\u00e1pida y eficaz. Ofrecen numerosas ventajas:<\/p>\n\n\n\n<ul class=\"wp-block-list\">\n<li class=\"\"><strong>Creatividad:<\/strong> Ayudan a generar im\u00e1genes \u00fanicas y creativas que destacan.<\/li>\n\n\n\n<li class=\"\"><strong>Eficiencia:<\/strong> Ahorran tiempo al producir im\u00e1genes de alta calidad al instante.<\/li>\n\n\n\n<li class=\"\"><strong>Versatilidad:<\/strong> Pueden utilizarse para diversos fines, desde mensajes en las redes sociales hasta material de marketing.<\/li>\n<\/ul>\n\n\n\n<h3 class=\"wp-block-heading\">\u00bfQui\u00e9n puede beneficiarse de los generadores de fotos por IA?<\/h3>\n\n\n\n<ul class=\"wp-block-list\">\n<li class=\"\"><strong>Artistas:<\/strong> Para crear piezas \u00fanicas de arte digital.<\/li>\n\n\n\n<li class=\"\"><strong>Vendedores:<\/strong> Para generar im\u00e1genes de calidad para las campa\u00f1as.<\/li>\n\n\n\n<li class=\"\"><strong>Creadores de contenidos:<\/strong> Para mejorar las entradas del blog, el contenido de las redes sociales y mucho m\u00e1s.<\/li>\n\n\n\n<li class=\"\"><strong>Empresas:<\/strong> Para dise\u00f1ar materiales de marketing, sitios web y anuncios.<\/li>\n<\/ul>\n\n\n\n<h3 class=\"wp-block-heading\">Los 10 mejores generadores de fotos AI<\/h3>\n\n\n\n<figure class=\"wp-block-table\"><table class=\"has-fixed-layout\"><thead><tr><th><strong>Herramienta<\/strong><\/th><th><strong>P\u00e1gina web<\/strong><\/th><th><strong>Ventajas<\/strong><\/th><th><strong>Desventajas<\/strong><\/th><th><strong>Desaf\u00edos<\/strong><\/th><th><strong>Sugerencias<\/strong><\/th><\/tr><\/thead><tbody><tr><td><strong>AI Art Gratis<\/strong><\/td><td><a href=\"https:\/\/aiartfree.online\/es\/generador-de-fotos-ai\/\">aiartfree.online<\/a><\/td><td>Gratis, f\u00e1cil de usar, produce im\u00e1genes de alta calidad<\/td><td>Personalizaci\u00f3n limitada<\/td><td>Necesita conexi\u00f3n constante a Internet<\/td><td>Actualizaciones peri\u00f3dicas para mejorar las prestaciones<\/td><\/tr><tr><td><strong>DeepArt<\/strong><\/td><td><a href=\"https:\/\/deepart.io\" target=\"_blank\" rel=\"noopener\">deepart.io<\/a><\/td><td>Grandes filtros art\u00edsticos<\/td><td>Procesamiento lento<\/td><td>No siempre precisa<\/td><td>Mejorar la velocidad de procesamiento<\/td><\/tr><tr><td><strong>Pista ML<\/strong><\/td><td><a href=\"https:\/\/runwayml.com\" target=\"_blank\" rel=\"noopener\">runwayml.com<\/a><\/td><td>Vers\u00e1til y profesional<\/td><td>Caro<\/td><td>Curva de aprendizaje pronunciada<\/td><td>Proporcionar tutoriales<\/td><\/tr><tr><td><strong>Artbreeder<\/strong><\/td><td><a href=\"https:\/\/artbreeder.com\" target=\"_blank\" rel=\"noopener\">artbreeder.com<\/a><\/td><td>Colaboraci\u00f3n, resultados \u00fanicos<\/td><td>Versi\u00f3n gratuita limitada<\/td><td>La interfaz puede ser compleja<\/td><td>Simplificar la interfaz de usuario<\/td><\/tr><tr><td><strong>DALL-E<\/strong><\/td><td><a href=\"https:\/\/aiartfree.online\/es\/dalle-3-gratis\/\" data-type=\"page\" data-id=\"2889\">openai.com\/dall-e<\/a><\/td><td>Im\u00e1genes de alta calidad, innovadoras<\/td><td>Acceso restringido<\/td><td>Gran demanda<\/td><td>Aumentar la accesibilidad<\/td><\/tr><tr><td><strong>Generador de sue\u00f1os profundos<\/strong><\/td><td><a href=\"https:\/\/deepdreamgenerator.com\" target=\"_blank\" rel=\"noopener\">deepdreamgenerator.com<\/a><\/td><td>Im\u00e1genes surrealistas y art\u00edsticas<\/td><td>Puede ser abstracto<\/td><td>No apto para todos los usos<\/td><td>Ofrecer m\u00e1s estilos<\/td><\/tr><tr><td><strong>NightCafe<\/strong><\/td><td><a href=\"https:\/\/nightcafe.studio\" target=\"_blank\" rel=\"noopener\">nightcafe.studio<\/a><\/td><td>Facilidad de uso, funciones comunitarias<\/td><td>Opciones gratuitas limitadas<\/td><td>Puede ser caro<\/td><td>M\u00e1s funciones gratuitas<\/td><\/tr><tr><td><strong>Gran sue\u00f1o<\/strong><\/td><td><a href=\"https:\/\/bigsleep.dev\" target=\"_blank\" rel=\"noopener\">bigsleep.dev<\/a><\/td><td>C\u00f3digo abierto, personalizable<\/td><td>Requiere conocimientos t\u00e9cnicos<\/td><td>Configuraci\u00f3n compleja<\/td><td>Proporcionar m\u00e1s gu\u00edas<\/td><\/tr><tr><td><strong>Ganbreeder<\/strong><\/td><td><a href=\"https:\/\/ganbreeder.app\" target=\"_blank\" rel=\"noopener\">ganbreeder.app<\/a><\/td><td>Colaboraci\u00f3n y creatividad<\/td><td>Puede ser imprevisible<\/td><td>La interfaz podr\u00eda ser mejor<\/td><td>Mejorar la previsibilidad<\/td><\/tr><tr><td><strong>EstiloGAN2<\/strong><\/td><td><a href=\"https:\/\/github.com\/NVlabs\/stylegan2\" target=\"_blank\" rel=\"noopener\">github.com\/NVlabs\/stylegan2<\/a><\/td><td>Resultados de alta calidad<\/td><td>Requiere conocimientos t\u00e9cnicos<\/td><td>Dif\u00edcil de instalar<\/td><td>Tutoriales m\u00e1s f\u00e1ciles de usar<\/td><\/tr><\/tbody><\/table><\/figure>\n\n\n\n<h3 class=\"wp-block-heading\">PREGUNTAS FRECUENTES<\/h3>\n\n\n\n<h4 class=\"wp-block-heading\">\u00bfC\u00f3mo saber si una foto est\u00e1 generada por IA?<\/h4>\n\n\n\n<p class=\"\">Para determinar si una foto est\u00e1 generada por IA, busque anomal\u00edas sutiles, patrones poco naturales y falta de detalles finos, que son habituales en las im\u00e1genes generadas por IA.<\/p>\n\n\n\n<h4 class=\"wp-block-heading\">\u00bfC\u00f3mo generar fotos de IA?<\/h4>\n\n\n\n<p class=\"\">Puedes generar fotos AI utilizando un generador de fotos AI como <a href=\"https:\/\/aiartfree.online\/es\/generador-de-fotos-ai\/\">AI Art Gratis<\/a>. Basta con introducir un texto y dejar que la IA cree la imagen.<\/p>\n\n\n\n<h4 class=\"wp-block-heading\">\u00bfEsta foto est\u00e1 generada por IA?<\/h4>\n\n\n\n<p class=\"\">Para comprobar si una foto est\u00e1 generada por IA, utiliza herramientas dise\u00f1adas para detectar contenidos generados por IA o analiza la imagen en busca de incoherencias.<\/p>\n\n\n\n<h4 class=\"wp-block-heading\">\u00bfCu\u00e1l es el mejor generador de fotos AI?<\/h4>\n\n\n\n<p class=\"\">El mejor generador de fotos AI var\u00eda en funci\u00f3n de sus necesidades, pero <a href=\"https:\/\/aiartfree.online\/es\/generador-de-fotos-ai\/\">AI Art Gratis<\/a> es muy recomendable por su facilidad de uso y la calidad de sus resultados.<\/p>\n\n\n\n<h4 class=\"wp-block-heading\">\u00bfC\u00f3mo hacer fotos generadas por IA?<\/h4>\n\n\n\n<p class=\"\">Puedes hacer fotos generadas por IA introduciendo textos descriptivos en un generador de fotos de IA, que crear\u00e1 im\u00e1genes basadas en tus descripciones.<\/p>\n\n\n\n<h3 class=\"wp-block-heading\">M\u00f3dulos adicionales<\/h3>\n\n\n\n<h4 class=\"wp-block-heading\">Comprender la IA Generativa y su impacto<\/h4>\n\n\n\n<p class=\"\">La IA Generativa, que impulsa los generadores de fotos de IA, es un tipo de inteligencia artificial que puede crear nuevos contenidos a partir de datos existentes. Esta tecnolog\u00eda est\u00e1 revolucionando las industrias creativas al permitir la creaci\u00f3n de im\u00e1genes, m\u00fasica y texto \u00fanicos.<\/p>\n\n\n\n<h4 class=\"wp-block-heading\">Ventajas de utilizar generadores de fotos por IA para las redes sociales<\/h4>\n\n\n\n<p class=\"\">Los generadores de fotos por IA tienen un valor incalculable para las redes sociales, ya que permiten crear im\u00e1genes atractivas y \u00fanicas que captan la atenci\u00f3n del p\u00fablico e impulsan la participaci\u00f3n.<\/p>\n\n\n\n<h4 class=\"wp-block-heading\">El papel del aprendizaje autom\u00e1tico en los generadores de fotos de IA<\/h4>\n\n\n\n<p class=\"\">El aprendizaje autom\u00e1tico es la columna vertebral de los generadores de fotos por IA. Permite a estas herramientas aprender de vastos conjuntos de datos y mejorar la calidad y relevancia de las im\u00e1genes que producen con el tiempo.<\/p>\n\n\n\n<h3 class=\"wp-block-heading\">Conclusi\u00f3n<\/h3>\n\n\n\n<p class=\"\">Los generadores de fotos con IA son potentes herramientas que aprovechan las capacidades de la inteligencia artificial y el aprendizaje autom\u00e1tico para crear im\u00e1genes \u00fanicas y de alta calidad. Tanto si eres artista como si te dedicas al marketing o a la creaci\u00f3n de contenidos, estas herramientas pueden mejorar significativamente tu proceso creativo y tus resultados. Si conoces sus ventajas y desaf\u00edos, podr\u00e1s sacar el m\u00e1ximo partido de estas innovadoras herramientas para producir im\u00e1genes asombrosas que destaquen en cualquier medio.<\/p>\n\n\n\n<p class=\"\">Para disfrutar de la mejor experiencia, empiece por el <a href=\"https:\/\/aiartfree.online\/es\/generador-de-fotos-ai\/\">AI Art Gratis<\/a> que ofrece una forma f\u00e1cil y gratuita de generar fotos AI de alta calidad.<\/p>","protected":false},"excerpt":{"rendered":"<p>What our users created How to use AI Photo Generator Prompt Examples Use&nbsp;Prompt Generator&nbsp;to Expand the Boundaries of Your Imagination *&nbsp;Depending on your internet speed, loading the model may take a few seconds.* There will be caching during continuous generation, and the new image will appear after about 3 seconds. Introduction of AI Photo Generator &#8230; <a title=\"Generador de fotos AI\" class=\"read-more\" href=\"https:\/\/aiartfree.online\/es\/generador-de-fotos-ai\/\" aria-label=\"Leer m\u00e1s sobre AI Photo Generator\">Leer m\u00e1s<\/a><\/p>","protected":false},"author":1,"featured_media":3392,"parent":0,"menu_order":0,"comment_status":"open","ping_status":"closed","template":"","meta":{"nf_dc_page":"","footnotes":""},"class_list":["post-3270","page","type-page","status-publish","has-post-thumbnail"],"jetpack_sharing_enabled":true,"_links":{"self":[{"href":"https:\/\/aiartfree.online\/es\/wp-json\/wp\/v2\/pages\/3270","targetHints":{"allow":["GET"]}}],"collection":[{"href":"https:\/\/aiartfree.online\/es\/wp-json\/wp\/v2\/pages"}],"about":[{"href":"https:\/\/aiartfree.online\/es\/wp-json\/wp\/v2\/types\/page"}],"author":[{"embeddable":true,"href":"https:\/\/aiartfree.online\/es\/wp-json\/wp\/v2\/users\/1"}],"replies":[{"embeddable":true,"href":"https:\/\/aiartfree.online\/es\/wp-json\/wp\/v2\/comments?post=3270"}],"version-history":[{"count":0,"href":"https:\/\/aiartfree.online\/es\/wp-json\/wp\/v2\/pages\/3270\/revisions"}],"wp:featuredmedia":[{"embeddable":true,"href":"https:\/\/aiartfree.online\/es\/wp-json\/wp\/v2\/media\/3392"}],"wp:attachment":[{"href":"https:\/\/aiartfree.online\/es\/wp-json\/wp\/v2\/media?parent=3270"}],"curies":[{"name":"wp","href":"https:\/\/api.w.org\/{rel}","templated":true}]}}