{"id":3117,"date":"2024-07-21T07:42:10","date_gmt":"2024-07-21T07:42:10","guid":{"rendered":"https:\/\/aiartfree.online\/?page_id=3117"},"modified":"2024-07-21T07:47:21","modified_gmt":"2024-07-21T07:47:21","slug":"free-ai-art-generator","status":"publish","type":"page","link":"https:\/\/aiartfree.online\/es\/generador-de-ai-art-gratuito\/","title":{"rendered":"Generador gratuito de AI Art"},"content":{"rendered":"<p class=\"has-text-align-center\">Genera impresionantes obras de arte AI con las herramientas de arte AI gratuitas de \u00faltima generaci\u00f3n.<\/p>\n\n\n<div class=\"gb-grid-wrapper gb-grid-wrapper-cd9cd360\">\n<div class=\"gb-grid-column gb-grid-column-11112ac1\"><div class=\"gb-container gb-container-11112ac1\">\n\n<figure class=\"gb-block-image gb-block-image-3cedc626\"><a href=\"https:\/\/aiartfree.online\/es\/generador-de-caracteres-ai\/\" target=\"_blank\" rel=\"noopener noreferrer\"><img data-recalc-dims=\"1\" decoding=\"async\" loading=\"lazy\" width=\"1200\" height=\"1190\" class=\"gb-image gb-image-3cedc626\" src=\"https:\/\/i0.wp.com\/aiartfree.online\/wp-content\/uploads\/2024\/07\/WX20240719-144752%402x.jpg?resize=1200%2C1190&#038;ssl=1\" alt=\"Generador de personajes AI\" title=\"WX20240719-144752@2x\" srcset=\"https:\/\/i0.wp.com\/aiartfree.online\/wp-content\/uploads\/2024\/07\/WX20240719-144752%402x.jpg?w=1632&amp;ssl=1 1632w, https:\/\/i0.wp.com\/aiartfree.online\/wp-content\/uploads\/2024\/07\/WX20240719-144752%402x.jpg?resize=300%2C297&amp;ssl=1 300w, https:\/\/i0.wp.com\/aiartfree.online\/wp-content\/uploads\/2024\/07\/WX20240719-144752%402x.jpg?resize=1024%2C1015&amp;ssl=1 1024w, https:\/\/i0.wp.com\/aiartfree.online\/wp-content\/uploads\/2024\/07\/WX20240719-144752%402x.jpg?resize=150%2C150&amp;ssl=1 150w, https:\/\/i0.wp.com\/aiartfree.online\/wp-content\/uploads\/2024\/07\/WX20240719-144752%402x.jpg?resize=768%2C761&amp;ssl=1 768w, https:\/\/i0.wp.com\/aiartfree.online\/wp-content\/uploads\/2024\/07\/WX20240719-144752%402x.jpg?resize=1536%2C1523&amp;ssl=1 1536w, https:\/\/i0.wp.com\/aiartfree.online\/wp-content\/uploads\/2024\/07\/WX20240719-144752%402x.jpg?resize=12%2C12&amp;ssl=1 12w, https:\/\/i0.wp.com\/aiartfree.online\/wp-content\/uploads\/2024\/07\/WX20240719-144752%402x.jpg?resize=600%2C595&amp;ssl=1 600w, https:\/\/i0.wp.com\/aiartfree.online\/wp-content\/uploads\/2024\/07\/WX20240719-144752%402x.jpg?resize=100%2C100&amp;ssl=1 100w\" sizes=\"auto, (max-width: 1200px) 100vw, 1200px\" \/><\/a><\/figure>\n\n\n\n<h3 class=\"gb-headline gb-headline-efcb9b85 gb-headline-text\">Generador de personajes AI<\/h3>\n\n\n\n<p class=\"gb-headline gb-headline-f3afe0a5 gb-headline-text\">AI Character Generator te permite dise\u00f1ar personajes \u00fanicos con algoritmos de IA y tecnolog\u00eda de IA generativa.<\/p>\n\n<\/div><\/div>\n\n<div class=\"gb-grid-column gb-grid-column-d5a6cb82\"><div class=\"gb-container gb-container-d5a6cb82\">\n\n<figure class=\"gb-block-image gb-block-image-b9b8fce6\"><a href=\"https:\/\/aiartfree.online\/es\/generador-ai-pixar-gratis\/\" target=\"_blank\" rel=\"noopener noreferrer\"><img data-recalc-dims=\"1\" decoding=\"async\" loading=\"lazy\" width=\"938\" height=\"626\" class=\"gb-image gb-image-b9b8fce6\" src=\"https:\/\/i0.wp.com\/aiartfree.online\/wp-content\/uploads\/2024\/07\/WX20240717-174206%402x.jpg?resize=938%2C626&#038;ssl=1\" alt=\"generador pixar ai\" title=\"WX20240717-174206@2x\" srcset=\"https:\/\/i0.wp.com\/aiartfree.online\/wp-content\/uploads\/2024\/07\/WX20240717-174206%402x.jpg?w=938&amp;ssl=1 938w, https:\/\/i0.wp.com\/aiartfree.online\/wp-content\/uploads\/2024\/07\/WX20240717-174206%402x.jpg?resize=300%2C200&amp;ssl=1 300w, https:\/\/i0.wp.com\/aiartfree.online\/wp-content\/uploads\/2024\/07\/WX20240717-174206%402x.jpg?resize=768%2C513&amp;ssl=1 768w, https:\/\/i0.wp.com\/aiartfree.online\/wp-content\/uploads\/2024\/07\/WX20240717-174206%402x.jpg?resize=18%2C12&amp;ssl=1 18w, https:\/\/i0.wp.com\/aiartfree.online\/wp-content\/uploads\/2024\/07\/WX20240717-174206%402x.jpg?resize=600%2C400&amp;ssl=1 600w\" sizes=\"auto, (max-width: 938px) 100vw, 938px\" \/><\/a><\/figure>\n\n\n\n<h3 class=\"gb-headline gb-headline-0c51996c gb-headline-text\">Generador de IA de Pixar<\/h3>\n\n\n\n<p class=\"gb-headline gb-headline-83bb38c0 gb-headline-text\">Transforma tus ideas en arte generado por IA al estilo Pixar con la IA generativa de vanguardia en l\u00ednea y gratuita.<\/p>\n\n<\/div><\/div>\n\n<div class=\"gb-grid-column gb-grid-column-bdb1b3f6\"><div class=\"gb-container gb-container-bdb1b3f6\">\n\n<figure class=\"gb-block-image gb-block-image-129ad6ad\"><a href=\"https:\/\/aiartfree.online\/es\/anime-ai-generator\/\" target=\"_blank\" rel=\"noopener noreferrer\"><img data-recalc-dims=\"1\" decoding=\"async\" loading=\"lazy\" width=\"1200\" height=\"718\" class=\"gb-image gb-image-129ad6ad\" src=\"https:\/\/i0.wp.com\/aiartfree.online\/wp-content\/uploads\/2024\/07\/WX20240719-123748%402x.jpg?resize=1200%2C718&#038;ssl=1\" alt=\"anime-ai-generator\/\" title=\"WX20240719-123748@2x\" srcset=\"https:\/\/i0.wp.com\/aiartfree.online\/wp-content\/uploads\/2024\/07\/WX20240719-123748%402x.jpg?w=1314&amp;ssl=1 1314w, https:\/\/i0.wp.com\/aiartfree.online\/wp-content\/uploads\/2024\/07\/WX20240719-123748%402x.jpg?resize=300%2C179&amp;ssl=1 300w, https:\/\/i0.wp.com\/aiartfree.online\/wp-content\/uploads\/2024\/07\/WX20240719-123748%402x.jpg?resize=1024%2C613&amp;ssl=1 1024w, https:\/\/i0.wp.com\/aiartfree.online\/wp-content\/uploads\/2024\/07\/WX20240719-123748%402x.jpg?resize=768%2C459&amp;ssl=1 768w, https:\/\/i0.wp.com\/aiartfree.online\/wp-content\/uploads\/2024\/07\/WX20240719-123748%402x.jpg?resize=18%2C12&amp;ssl=1 18w, https:\/\/i0.wp.com\/aiartfree.online\/wp-content\/uploads\/2024\/07\/WX20240719-123748%402x.jpg?resize=600%2C359&amp;ssl=1 600w\" sizes=\"auto, (max-width: 1200px) 100vw, 1200px\" \/><\/a><\/figure>\n\n\n\n<h3 class=\"gb-headline gb-headline-3dd3b4a8 gb-headline-text\">Anime AI Generator<\/h3>\n\n\n\n<p class=\"gb-headline gb-headline-9bb27b5a gb-headline-text\">Genera vibrantes dibujos de anime con el Generador de Anime AI, dotado de avanzados algoritmos de IA.<\/p>\n\n<\/div><\/div>\n\n<div class=\"gb-grid-column gb-grid-column-cd81c4c8\"><div class=\"gb-container gb-container-cd81c4c8\">\n\n<figure class=\"gb-block-image gb-block-image-420788f4\"><a href=\"https:\/\/aiartfree.online\/es\/generador-de-dibujos-animados-ai\/\" target=\"_blank\" rel=\"noopener noreferrer\"><img data-recalc-dims=\"1\" decoding=\"async\" loading=\"lazy\" width=\"1200\" height=\"596\" class=\"gb-image gb-image-420788f4\" src=\"https:\/\/i0.wp.com\/aiartfree.online\/wp-content\/uploads\/2024\/07\/WX20240717-175407%402x-1-1-1-scaled.jpg?resize=1200%2C596&#038;ssl=1\" alt=\"Generador de dibujos animados AI\" title=\"WX20240717-175407@2x (1) (1) (1)\" srcset=\"https:\/\/i0.wp.com\/aiartfree.online\/wp-content\/uploads\/2024\/07\/WX20240717-175407%402x-1-1-1-scaled.jpg?w=2560&amp;ssl=1 2560w, https:\/\/i0.wp.com\/aiartfree.online\/wp-content\/uploads\/2024\/07\/WX20240717-175407%402x-1-1-1-scaled.jpg?resize=300%2C149&amp;ssl=1 300w, https:\/\/i0.wp.com\/aiartfree.online\/wp-content\/uploads\/2024\/07\/WX20240717-175407%402x-1-1-1-scaled.jpg?resize=1024%2C508&amp;ssl=1 1024w, https:\/\/i0.wp.com\/aiartfree.online\/wp-content\/uploads\/2024\/07\/WX20240717-175407%402x-1-1-1-scaled.jpg?resize=768%2C381&amp;ssl=1 768w, https:\/\/i0.wp.com\/aiartfree.online\/wp-content\/uploads\/2024\/07\/WX20240717-175407%402x-1-1-1-scaled.jpg?resize=1536%2C763&amp;ssl=1 1536w, https:\/\/i0.wp.com\/aiartfree.online\/wp-content\/uploads\/2024\/07\/WX20240717-175407%402x-1-1-1-scaled.jpg?resize=2048%2C1017&amp;ssl=1 2048w, https:\/\/i0.wp.com\/aiartfree.online\/wp-content\/uploads\/2024\/07\/WX20240717-175407%402x-1-1-1-scaled.jpg?resize=18%2C9&amp;ssl=1 18w, https:\/\/i0.wp.com\/aiartfree.online\/wp-content\/uploads\/2024\/07\/WX20240717-175407%402x-1-1-1-scaled.jpg?resize=600%2C298&amp;ssl=1 600w, https:\/\/i0.wp.com\/aiartfree.online\/wp-content\/uploads\/2024\/07\/WX20240717-175407%402x-1-1-1-scaled.jpg?w=2400&amp;ssl=1 2400w\" sizes=\"auto, (max-width: 1200px) 100vw, 1200px\" \/><\/a><\/figure>\n\n\n\n<h3 class=\"gb-headline gb-headline-3b87d18c gb-headline-text\">Generador de dibujos animados AI<\/h3>\n\n\n\n<p class=\"gb-headline gb-headline-51b4b755 gb-headline-text\">Convierte fotos en im\u00e1genes de estilo anime utilizando algoritmos avanzados impulsados por IA y disfruta creando arte \u00fanico generado por IA.<\/p>\n\n<\/div><\/div>\n\n<div class=\"gb-grid-column gb-grid-column-b86d2319\"><div class=\"gb-container gb-container-b86d2319\">\n\n<figure class=\"gb-block-image gb-block-image-5898855b\"><a href=\"https:\/\/aiartfree.online\/es\/generador-de-modelos-ai-3d\/\" target=\"_blank\" rel=\"noopener noreferrer\"><img data-recalc-dims=\"1\" decoding=\"async\" loading=\"lazy\" width=\"1200\" height=\"787\" class=\"gb-image gb-image-5898855b\" src=\"https:\/\/i0.wp.com\/aiartfree.online\/wp-content\/uploads\/2024\/07\/WX20240719-153337%402x-1-1.jpg?resize=1200%2C787&#038;ssl=1\" alt=\"Generador de modelos 2D a 3D\" title=\"WX20240719-153337@2x (1) (1)\" srcset=\"https:\/\/i0.wp.com\/aiartfree.online\/wp-content\/uploads\/2024\/07\/WX20240719-153337%402x-1-1.jpg?w=1768&amp;ssl=1 1768w, https:\/\/i0.wp.com\/aiartfree.online\/wp-content\/uploads\/2024\/07\/WX20240719-153337%402x-1-1.jpg?resize=300%2C197&amp;ssl=1 300w, https:\/\/i0.wp.com\/aiartfree.online\/wp-content\/uploads\/2024\/07\/WX20240719-153337%402x-1-1.jpg?resize=1024%2C672&amp;ssl=1 1024w, https:\/\/i0.wp.com\/aiartfree.online\/wp-content\/uploads\/2024\/07\/WX20240719-153337%402x-1-1.jpg?resize=768%2C504&amp;ssl=1 768w, https:\/\/i0.wp.com\/aiartfree.online\/wp-content\/uploads\/2024\/07\/WX20240719-153337%402x-1-1.jpg?resize=1536%2C1008&amp;ssl=1 1536w, https:\/\/i0.wp.com\/aiartfree.online\/wp-content\/uploads\/2024\/07\/WX20240719-153337%402x-1-1.jpg?resize=18%2C12&amp;ssl=1 18w, https:\/\/i0.wp.com\/aiartfree.online\/wp-content\/uploads\/2024\/07\/WX20240719-153337%402x-1-1.jpg?resize=600%2C394&amp;ssl=1 600w\" sizes=\"auto, (max-width: 1200px) 100vw, 1200px\" \/><\/a><\/figure>\n\n\n\n<h3 class=\"gb-headline gb-headline-d9fff2b4 gb-headline-text\">Generador de modelos 3D AI<\/h3>\n\n\n\n<p class=\"gb-headline gb-headline-0faba709 gb-headline-text\">El generador de modelos 3D AI te ayuda a crear modelos 3D de \u00faltima generaci\u00f3n con ajustes de precisi\u00f3n basados en IA.<\/p>\n\n<\/div><\/div>\n\n<div class=\"gb-grid-column gb-grid-column-bb7fbb28\"><div class=\"gb-container gb-container-bb7fbb28\">\n\n<figure class=\"gb-block-image gb-block-image-b44f128d\"><a href=\"https:\/\/aiartfree.online\/es\/generador-de-dibujos-ai\/\" target=\"_blank\" rel=\"noopener noreferrer\"><img data-recalc-dims=\"1\" decoding=\"async\" loading=\"lazy\" width=\"1200\" height=\"1200\" class=\"gb-image gb-image-b44f128d\" src=\"https:\/\/i0.wp.com\/aiartfree.online\/wp-content\/uploads\/2024\/07\/WX20240719-141958%402x.jpg?resize=1200%2C1200&#038;ssl=1\" alt=\"generador de dibujos ai\" title=\"WX20240719-141958@2x\" srcset=\"https:\/\/i0.wp.com\/aiartfree.online\/wp-content\/uploads\/2024\/07\/WX20240719-141958%402x.jpg?w=1414&amp;ssl=1 1414w, https:\/\/i0.wp.com\/aiartfree.online\/wp-content\/uploads\/2024\/07\/WX20240719-141958%402x.jpg?resize=300%2C300&amp;ssl=1 300w, https:\/\/i0.wp.com\/aiartfree.online\/wp-content\/uploads\/2024\/07\/WX20240719-141958%402x.jpg?resize=1024%2C1024&amp;ssl=1 1024w, https:\/\/i0.wp.com\/aiartfree.online\/wp-content\/uploads\/2024\/07\/WX20240719-141958%402x.jpg?resize=150%2C150&amp;ssl=1 150w, https:\/\/i0.wp.com\/aiartfree.online\/wp-content\/uploads\/2024\/07\/WX20240719-141958%402x.jpg?resize=768%2C768&amp;ssl=1 768w, https:\/\/i0.wp.com\/aiartfree.online\/wp-content\/uploads\/2024\/07\/WX20240719-141958%402x.jpg?resize=12%2C12&amp;ssl=1 12w, https:\/\/i0.wp.com\/aiartfree.online\/wp-content\/uploads\/2024\/07\/WX20240719-141958%402x.jpg?resize=600%2C600&amp;ssl=1 600w, https:\/\/i0.wp.com\/aiartfree.online\/wp-content\/uploads\/2024\/07\/WX20240719-141958%402x.jpg?resize=100%2C100&amp;ssl=1 100w\" sizes=\"auto, (max-width: 1200px) 100vw, 1200px\" \/><\/a><\/figure>\n\n\n\n<h3 class=\"gb-headline gb-headline-fc2626d2 gb-headline-text\">Generador de dibujos AI<\/h3>\n\n\n\n<p class=\"gb-headline gb-headline-83918771 gb-headline-text\">AI Drawing Generator transforma las indicaciones de texto en obras de arte generadas por IA con aprendizaje autom\u00e1tico.<\/p>\n\n<\/div><\/div>\n<\/div>\n\n\n<div style=\"height:100px\" aria-hidden=\"true\" class=\"wp-block-spacer\"><\/div>\n\n\n\n<h2 class=\"wp-block-heading\" id=\"free-ai-art-generator-unlocking-the-power-of-artificial-intelligence-in-art\"><strong>Gratis AI Art Generator: Liberar el poder de la inteligencia artificial en el arte<\/strong><\/h2>\n\n\n\n<h3 class=\"wp-block-heading\" id=\"outline\"><a href=\"https:\/\/dromerosm-groq-llama3.hf.space\/#outline\" target=\"_blank\" rel=\"noopener\"><\/a>Esquema:<\/h3>\n\n\n\n<ul class=\"wp-block-list\">\n<li class=\"\">\u00bfQu\u00e9 es un generador gratuito de AI Art?<\/li>\n\n\n\n<li class=\"\">Importancia de los generadores de AI Art gratuitos<\/li>\n\n\n\n<li class=\"\">Ventajas de utilizar un generador de AI Art gratuito<\/li>\n\n\n\n<li class=\"\">Escenarios adecuados para utilizar un generador de AI Art gratuito<\/li>\n\n\n\n<li class=\"\">\u00bfQui\u00e9n puede utilizar un generador gratuito de AI Art?<\/li>\n\n\n\n<li class=\"\">Las 10 mejores herramientas relacionadas y sus ventajas e inconvenientes<\/li>\n\n\n\n<li class=\"\">10 preguntas m\u00e1s frecuentes<\/li>\n<\/ul>\n\n\n\n<h3 class=\"wp-block-heading\" id=\"what-is-a-free-ai-art-generator\"><a href=\"https:\/\/dromerosm-groq-llama3.hf.space\/#what-is-a-free-ai-art-generator\" target=\"_blank\" rel=\"noopener\"><\/a><strong>\u00bfQu\u00e9 es un generador gratuito de AI Art?<\/strong><\/h3>\n\n\n\n<p class=\"\">Un generador gratuito de arte AI es una herramienta en l\u00ednea que utiliza la inteligencia artificial (IA) para generar obras de arte basadas en la entrada del usuario, tales como mensajes de texto o im\u00e1genes. Estas herramientas utilizan algoritmos de aprendizaje autom\u00e1tico y t\u00e9cnicas de IA generativa, como la difusi\u00f3n estable, para crear obras de arte \u00fanicas y vibrantes.<\/p>\n\n\n\n<p class=\"\">El auge de los generadores de arte AI gratuitos ha democratizado el mundo del arte, haciendo posible que cualquiera pueda crear impresionantes obras de arte sin necesidad de grandes conocimientos art\u00edsticos o experiencia.<\/p>\n\n\n\n<h3 class=\"wp-block-heading\" id=\"importance-of-free-ai-art-generators\"><a href=\"https:\/\/dromerosm-groq-llama3.hf.space\/#importance-of-free-ai-art-generators\" target=\"_blank\" rel=\"noopener\"><\/a><strong>Importancia de los generadores de AI Art gratuitos<\/strong><\/h3>\n\n\n\n<p class=\"\">Los generadores de AI art gratuitos se han convertido en esenciales para diversos sectores, como las redes sociales, la publicidad y el dise\u00f1o. Ofrecen una serie de beneficios, incluyendo:<\/p>\n\n\n\n<ul class=\"wp-block-list\">\n<li class=\"\"><strong>Ahorro de tiempo<\/strong>: Los generadores de arte AI gratuitos pueden producir ilustraciones de alta calidad en cuesti\u00f3n de minutos, ahorrando a los usuarios horas de trabajo manual.<\/li>\n\n\n\n<li class=\"\"><strong>Rentable<\/strong>: Estas herramientas eliminan la necesidad de contratar artistas humanos o adquirir costosos programas inform\u00e1ticos de dise\u00f1o.<\/li>\n\n\n\n<li class=\"\"><strong>Libertad creativa<\/strong>: Los generadores de arte AI gratuitos ofrecen a los usuarios la posibilidad de experimentar con diferentes estilos, temas e ideas, fomentando la creatividad y la innovaci\u00f3n.<\/li>\n<\/ul>\n\n\n\n<h3 class=\"wp-block-heading\" id=\"benefits-of-using-a-free-ai-art-generator\"><a href=\"https:\/\/dromerosm-groq-llama3.hf.space\/#benefits-of-using-a-free-ai-art-generator\" target=\"_blank\" rel=\"noopener\"><\/a><strong>Ventajas de utilizar un generador de AI Art gratuito<\/strong><\/h3>\n\n\n\n<p class=\"\">Utilizar un generador de AI art gratuito puede reportar numerosos beneficios, entre ellos:<\/p>\n\n\n\n<ul class=\"wp-block-list\">\n<li class=\"\"><strong>Material gr\u00e1fico profesional<\/strong>: Los generadores de arte AI gratuitos pueden producir obras de arte que rivalizan con las de los artistas humanos, dando a los usuarios un resultado de calidad profesional sin el alto precio.<\/li>\n\n\n\n<li class=\"\"><strong>Aumento de la productividad<\/strong>: Gracias a la posibilidad de generar material gr\u00e1fico de forma r\u00e1pida y eficaz, los usuarios pueden centrarse en otros aspectos de sus proyectos, lo que mejora la productividad general.<\/li>\n\n\n\n<li class=\"\"><strong>Creatividad sin l\u00edmites<\/strong>: Los generadores de AI art gratuitos ofrecen una amplia gama de posibilidades creativas, permitiendo a los usuarios experimentar con diferentes estilos, temas e ideas.<\/li>\n<\/ul>\n\n\n\n<h3 class=\"wp-block-heading\" id=\"suitable-scenarios-for-using-a-free-ai-art-generator\"><a href=\"https:\/\/dromerosm-groq-llama3.hf.space\/#suitable-scenarios-for-using-a-free-ai-art-generator\" target=\"_blank\" rel=\"noopener\"><\/a><strong>Escenarios adecuados para utilizar un generador de AI Art gratuito<\/strong><\/h3>\n\n\n\n<p class=\"\">Los generadores de arte AI gratuitos son adecuados para diversos escenarios, entre ellos:<\/p>\n\n\n\n<ul class=\"wp-block-list\">\n<li class=\"\"><strong>Creaci\u00f3n de contenidos para redes sociales<\/strong>: Cree llamativas publicaciones en redes sociales, banners y anuncios con facilidad.<\/li>\n\n\n\n<li class=\"\"><strong>Publicidad y marketing<\/strong>: Utilice generadores de arte AI gratuitos para crear anuncios, folletos y material promocional sorprendentes.<\/li>\n\n\n\n<li class=\"\"><strong>Proyectos de dise\u00f1o y arte<\/strong>: Experimenta con diferentes estilos y temas para crear obras de arte, ilustraciones y dise\u00f1os \u00fanicos.<\/li>\n<\/ul>\n\n\n\n<h3 class=\"wp-block-heading\" id=\"who-can-use-a-free-ai-art-generator\"><a href=\"https:\/\/dromerosm-groq-llama3.hf.space\/#who-can-use-a-free-ai-art-generator\" target=\"_blank\" rel=\"noopener\"><\/a><strong>\u00bfQui\u00e9n puede utilizar un generador gratuito de AI Art?<\/strong><\/h3>\n\n\n\n<p class=\"\">Cualquiera puede utilizar un generador de AI art gratuito, independientemente de sus habilidades art\u00edsticas o experiencia. Estas herramientas son perfectas para:<\/p>\n\n\n\n<ul class=\"wp-block-list\">\n<li class=\"\"><strong>Profesionales del marketing<\/strong>: Cree contenidos y anuncios atractivos para las redes sociales con facilidad.<\/li>\n\n\n\n<li class=\"\"><strong>Dise\u00f1adores y artistas<\/strong>: Experimenten con nuevos estilos y temas, o utilicen generadores de AI art gratuitos como punto de partida para sus proyectos.<\/li>\n\n\n\n<li class=\"\"><strong>Peque\u00f1os empresarios<\/strong>: Produzca material gr\u00e1fico de calidad profesional sin arruinarse.<\/li>\n<\/ul>\n\n\n\n<h3 class=\"wp-block-heading\" id=\"top-10-related-tools-and-pros-cons\"><a href=\"https:\/\/dromerosm-groq-llama3.hf.space\/#top-10-related-tools-and-pros-cons\" target=\"_blank\" rel=\"noopener\"><\/a><strong>Las 10 mejores herramientas relacionadas y sus ventajas e inconvenientes<\/strong><\/h3>\n\n\n\n<p class=\"\">Estas son las 10 mejores herramientas relacionadas con los generadores de AI art gratuitos, junto con sus pros y sus contras:<\/p>\n\n\n\n<figure class=\"wp-block-table\"><table class=\"has-fixed-layout\"><thead><tr><th>Herramienta<\/th><th>Pros<\/th><th>Contras<\/th><\/tr><\/thead><tbody><tr><td><a href=\"https:\/\/aiartfree.online\/es\/generador-de-ai-art-gratuito\/\" target=\"_blank\" rel=\"noreferrer noopener\">AI Art Gratis Online<\/a><\/td><td>Interfaz f\u00e1cil de usar, salida de alta calidad<\/td><td>Opciones de personalizaci\u00f3n limitadas<\/td><\/tr><tr><td>Generador de sue\u00f1os profundos<\/td><td>Obras de arte \u00fanicas y on\u00edricas<\/td><td>Control limitado de la producci\u00f3n<\/td><\/tr><tr><td>Prisma<\/td><td>Convierte fotos en obras de arte de varios estilos<\/td><td>Opciones de personalizaci\u00f3n limitadas<\/td><\/tr><tr><td>Artbreeder<\/td><td>Creaci\u00f3n de obras de arte interactiva y dirigida por el usuario<\/td><td>Curva de aprendizaje pronunciada<\/td><\/tr><tr><td>Dreamscope<\/td><td>Generador de ilustraciones basado en IA con varios estilos<\/td><td>Control limitado de la producci\u00f3n<\/td><\/tr><tr><td>Pintor AI<\/td><td>Crea obras de arte realistas al \u00f3leo<\/td><td>Opciones de personalizaci\u00f3n limitadas<\/td><\/tr><tr><td>Retratos AI<\/td><td>Convierte fotos en retratos generados por IA<\/td><td>Control limitado de la producci\u00f3n<\/td><\/tr><tr><td>MyDeepArt<\/td><td>Interfaz f\u00e1cil de usar, salida de alta calidad<\/td><td>Opciones de personalizaci\u00f3n limitadas<\/td><\/tr><tr><td>AI Art Maker<\/td><td>Crea obras de arte abstractas \u00fanicas<\/td><td>Control limitado de la producci\u00f3n<\/td><\/tr><tr><td>PinturasCadena<\/td><td>Generador de pinturas con IA y varios estilos<\/td><td>Curva de aprendizaje pronunciada<\/td><\/tr><\/tbody><\/table><\/figure>\n\n\n\n<h3 class=\"wp-block-heading\" id=\"10-faqs\"><a href=\"https:\/\/dromerosm-groq-llama3.hf.space\/#10-faqs\" target=\"_blank\" rel=\"noopener\"><\/a><strong>10 preguntas m\u00e1s frecuentes<\/strong><\/h3>\n\n\n\n<p class=\"\">Estas son las 10 preguntas m\u00e1s frecuentes sobre los generadores de AI art gratuitos:<\/p>\n\n\n\n<ol class=\"wp-block-list\">\n<li class=\"\"><strong>\u00bfQu\u00e9 es un generador de AI art gratuito?<\/strong>\u00a0Un generador gratuito de arte AI es una herramienta en l\u00ednea que utiliza la inteligencia artificial para generar obras de arte basadas en la entrada del usuario.<\/li>\n\n\n\n<li class=\"\"><strong>\u00bfC\u00f3mo funcionan los generadores de AI art gratuitos?<\/strong>\u00a0Los generadores de arte de IA gratuitos utilizan algoritmos de aprendizaje autom\u00e1tico y t\u00e9cnicas de IA generativa para crear obras de arte \u00fanicas basadas en las aportaciones del usuario.<\/li>\n\n\n\n<li class=\"\"><strong>\u00bfCu\u00e1les son las ventajas de utilizar un generador de AI art gratuito?<\/strong>\u00a0Los generadores de arte AI gratuitos ofrecen ventajas de ahorro de tiempo, rentabilidad y libertad creativa.<\/li>\n\n\n\n<li class=\"\"><strong>\u00bfAlguien puede utilizar un generador de AI art gratuito?<\/strong>\u00a0S\u00ed, cualquiera puede utilizar un generador de AI art gratuito, independientemente de sus habilidades o experiencia art\u00edsticas.<\/li>\n\n\n\n<li class=\"\"><strong>\u00bfCu\u00e1les son los escenarios adecuados para utilizar un generador de AI art gratuito?<\/strong>\u00a0Los generadores de arte AI gratuitos son adecuados para la creaci\u00f3n de contenidos para redes sociales, publicidad, dise\u00f1o y proyectos art\u00edsticos.<\/li>\n\n\n\n<li class=\"\"><strong>\u00bfC\u00f3mo se utiliza un generador de AI art gratuito?<\/strong>\u00a0Basta con introducir el texto o la imagen y la herramienta generar\u00e1 una obra de arte \u00fanica.<\/li>\n\n\n\n<li class=\"\"><strong>\u00bfCu\u00e1l es la calidad de las obras de arte generadas por los generadores gratuitos de AI art?<\/strong>\u00a0Los generadores de arte AI gratuitos pueden producir obras de arte de calidad profesional que rivalizan con las de los artistas humanos.<\/li>\n\n\n\n<li class=\"\"><strong>\u00bfPuedo personalizar el resultado de un generador de AI art gratuito?<\/strong>\u00a0Algunos generadores de AI art gratuitos ofrecen opciones de personalizaci\u00f3n limitadas, mientras que otros proporcionan controles m\u00e1s avanzados.<\/li>\n\n\n\n<li class=\"\"><strong>\u00bfSon f\u00e1ciles de usar los generadores de AI art gratuitos?<\/strong>\u00a0S\u00ed, la mayor\u00eda de los generadores de AI art gratuitos tienen interfaces f\u00e1ciles de usar que facilitan la generaci\u00f3n de ilustraciones.<\/li>\n\n\n\n<li class=\"\"><strong>\u00bfSon gratuitos los generadores de AI art?<\/strong>\u00a0S\u00ed, la mayor\u00eda de los generadores gratuitos de AI art son de uso gratuito, aunque algunos ofrecen funciones premium o suscripciones.<\/li>\n<\/ol>","protected":false},"excerpt":{"rendered":"<p>Generate stunning AI-generated artwork with state-of-the-art, free AI art tools. Free AI Art Generator: Unlocking the Power of Artificial Intelligence in Art Outline: What is a Free AI Art Generator? A free AI art generator is an online tool that uses artificial intelligence (AI) to generate artwork based on user input, such as text prompts &#8230; <a title=\"Generador gratuito de AI Art\" class=\"read-more\" href=\"https:\/\/aiartfree.online\/es\/generador-de-ai-art-gratuito\/\" aria-label=\"Leer m\u00e1s sobre Free AI Art Generator\">Leer m\u00e1s<\/a><\/p>","protected":false},"author":1,"featured_media":0,"parent":0,"menu_order":0,"comment_status":"closed","ping_status":"closed","template":"","meta":{"nf_dc_page":"","footnotes":""},"class_list":["post-3117","page","type-page","status-publish"],"jetpack_sharing_enabled":true,"_links":{"self":[{"href":"https:\/\/aiartfree.online\/es\/wp-json\/wp\/v2\/pages\/3117","targetHints":{"allow":["GET"]}}],"collection":[{"href":"https:\/\/aiartfree.online\/es\/wp-json\/wp\/v2\/pages"}],"about":[{"href":"https:\/\/aiartfree.online\/es\/wp-json\/wp\/v2\/types\/page"}],"author":[{"embeddable":true,"href":"https:\/\/aiartfree.online\/es\/wp-json\/wp\/v2\/users\/1"}],"replies":[{"embeddable":true,"href":"https:\/\/aiartfree.online\/es\/wp-json\/wp\/v2\/comments?post=3117"}],"version-history":[{"count":0,"href":"https:\/\/aiartfree.online\/es\/wp-json\/wp\/v2\/pages\/3117\/revisions"}],"wp:attachment":[{"href":"https:\/\/aiartfree.online\/es\/wp-json\/wp\/v2\/media?parent=3117"}],"curies":[{"name":"wp","href":"https:\/\/api.w.org\/{rel}","templated":true}]}}