{"id":2993,"date":"2024-07-19T18:13:29","date_gmt":"2024-07-19T18:13:29","guid":{"rendered":"https:\/\/aiartfree.online\/?page_id=2993"},"modified":"2025-03-07T08:22:54","modified_gmt":"2025-03-07T08:22:54","slug":"ai-video-generator","status":"publish","type":"page","link":"https:\/\/aiartfree.online\/es\/generador-de-video-ai\/","title":{"rendered":"Generador de v\u00eddeo AI"},"content":{"rendered":"<h2 class=\"wp-block-heading has-text-align-center\">Qu\u00e9 han hecho otros usuarios con AI Video Generator<\/h2>\n\n\n\n<p class=\"has-text-align-center\">Prompt: 1 chica, off-shoulder, sonrisa ligera, piel brillante mejor calidad, obra maestra, fotorrealista, dar la vuelta<\/p>\n\n\n\n<figure class=\"gb-block-image gb-block-image-1822da1f\"><img data-recalc-dims=\"1\" decoding=\"async\" loading=\"lazy\" width=\"512\" height=\"512\" class=\"gb-image gb-image-1822da1f\" src=\"https:\/\/i0.wp.com\/aiartfree.online\/wp-content\/uploads\/2024\/08\/ezgif-3-82e27c0ca1.gif?resize=512%2C512&#038;ssl=1\" alt=\"Crea impresionantes v\u00eddeos sin esfuerzo con nuestro AI Video Generator. Disfrute de 100% gratis, uso ilimitado sin necesidad de registrarse. Perfecto para creadores de contenidos, profesionales del marketing y educadores que buscan una producci\u00f3n de v\u00eddeo de alta calidad impulsada por IA.\" title=\"ezgif-3-82e27c0ca1\"\/><\/figure>\n\n\n\n<h2 class=\"wp-block-heading\">3 pasos para utilizar el generador de v\u00eddeo AI<\/h2>\n\n\n\n<ol class=\"wp-block-list\">\n<li class=\"\">Introduzca su mensaje<\/li>\n\n\n\n<li class=\"\">Haga clic en \"Animar\".<\/li>\n\n\n\n<li class=\"\">\u00a1Espera, eso es!<\/li>\n<\/ol>\n\n\n\n<figure class=\"gb-block-image gb-block-image-4dfafe81\"><a href=\"https:\/\/fas.st\/t\/XmtmoHSk\" target=\"_blank\" rel=\"noopener noreferrer\"><img data-recalc-dims=\"1\" decoding=\"async\" loading=\"lazy\" width=\"1200\" height=\"368\" class=\"gb-image gb-image-4dfafe81\" src=\"https:\/\/i0.wp.com\/aiartfree.online\/wp-content\/uploads\/2025\/03\/WX20250307-114300%402x.webp?resize=1200%2C368&#038;ssl=1\" alt=\"\" title=\"WX20250307-114300@2x\" srcset=\"https:\/\/i0.wp.com\/aiartfree.online\/wp-content\/uploads\/2025\/03\/WX20250307-114300%402x.webp?w=1900&amp;ssl=1 1900w, https:\/\/i0.wp.com\/aiartfree.online\/wp-content\/uploads\/2025\/03\/WX20250307-114300%402x.webp?resize=300%2C92&amp;ssl=1 300w, https:\/\/i0.wp.com\/aiartfree.online\/wp-content\/uploads\/2025\/03\/WX20250307-114300%402x.webp?resize=1024%2C314&amp;ssl=1 1024w, https:\/\/i0.wp.com\/aiartfree.online\/wp-content\/uploads\/2025\/03\/WX20250307-114300%402x.webp?resize=768%2C235&amp;ssl=1 768w, https:\/\/i0.wp.com\/aiartfree.online\/wp-content\/uploads\/2025\/03\/WX20250307-114300%402x.webp?resize=1536%2C471&amp;ssl=1 1536w, https:\/\/i0.wp.com\/aiartfree.online\/wp-content\/uploads\/2025\/03\/WX20250307-114300%402x.webp?resize=18%2C6&amp;ssl=1 18w, https:\/\/i0.wp.com\/aiartfree.online\/wp-content\/uploads\/2025\/03\/WX20250307-114300%402x.webp?resize=600%2C184&amp;ssl=1 600w\" sizes=\"auto, (max-width: 1200px) 100vw, 1200px\" \/><\/a><\/figure>\n\n\n\n<p class=\"\"><em>* Dependiendo de su velocidad de Internet, la carga del modelo puede tardar <\/em>hasta 10 segundos \u2193<\/p>\n\n\n\n<div class=\"iframe-wrapper\" style=\"position: relative; width: 100%; height: 2300px;\">\n  <div class=\"loading\" style=\"position: absolute; top: 50px; left: 50%; transform: translate(-50%, -50%); width: 40px; height: 40px; border: 3px solid #f0f0f0; border-top: 3px solid #db7093; border-radius: 50%; animation: spin 1s linear infinite;\"><\/div>\n  <iframe loading=\"lazy\" src=\"https:\/\/guoyww-animatediff.hf.space\" frameborder=\"0\" width=\"100%\" height=\"100%\" style=\"position: absolute; top: 0; left: 0; opacity: 0; transition: opacity 0.3s;\" onload=\"this.style.opacity=1;this.previousElementSibling.style.display='none';\"><\/iframe>\n<\/div>\n\n<style>\n@keyframes spin {\n  0% { transform: translate(-50%, -50%) rotate(0deg); }\n  100% { transform: translate(-50%, -50%) rotate(360deg); }\n}\n<\/style>\n\n\n\n<div style=\"height:50px\" aria-hidden=\"true\" class=\"wp-block-spacer\"><\/div>\n\n\n\n<h2 class=\"wp-block-heading\">Introducci\u00f3n al generador de v\u00eddeo AI<\/h2>\n\n\n\n<p class=\"\">En el panorama digital moderno, los generadores de v\u00eddeo con IA est\u00e1n revolucionando la creaci\u00f3n de contenidos. Estas herramientas avanzadas aprovechan el poder de la inteligencia artificial para agilizar y mejorar la producci\u00f3n de v\u00eddeo, haci\u00e9ndola accesible a un p\u00fablico m\u00e1s amplio. En este art\u00edculo, exploraremos el concepto de los generadores de v\u00eddeo de IA, su importancia y sus aplicaciones en diversos sectores. Tambi\u00e9n proporcionaremos una visi\u00f3n general de las mejores herramientas disponibles, con especial atenci\u00f3n al generador de v\u00eddeo de IA mejor valorado, <a href=\"https:\/\/aiartfree.online\/es\/generador-de-video-ai\/\">AI Art Gratis<\/a>.<\/p>\n\n\n\n<figure class=\"gb-block-image gb-block-image-94da07aa\"><img data-recalc-dims=\"1\" decoding=\"async\" loading=\"lazy\" width=\"300\" height=\"170\" class=\"gb-image gb-image-94da07aa\" src=\"https:\/\/i0.wp.com\/aiartfree.online\/wp-content\/uploads\/2024\/07\/WX20240720-101347%402x.jpg?resize=300%2C170&#038;ssl=1\" alt=\"Un generador de v\u00eddeo AI es una sofisticada aplicaci\u00f3n de software que utiliza inteligencia artificial para crear v\u00eddeos autom\u00e1ticamente. Estas herramientas pueden transformar mensajes de texto, im\u00e1genes o incluso secuencias de v\u00eddeo sin editar en v\u00eddeos pulidos de calidad profesional. Incorporan diversas tecnolog\u00edas de IA, como el procesamiento del lenguaje natural (PLN), la visi\u00f3n por ordenador y el aprendizaje autom\u00e1tico, para analizar e interpretar los datos de entrada y generar contenidos atractivos y visualmente atractivos.\" title=\"WX20240720-101347@2x\" srcset=\"https:\/\/i0.wp.com\/aiartfree.online\/wp-content\/uploads\/2024\/07\/WX20240720-101347%402x.jpg?resize=300%2C170&amp;ssl=1 300w, https:\/\/i0.wp.com\/aiartfree.online\/wp-content\/uploads\/2024\/07\/WX20240720-101347%402x.jpg?resize=1024%2C579&amp;ssl=1 1024w, https:\/\/i0.wp.com\/aiartfree.online\/wp-content\/uploads\/2024\/07\/WX20240720-101347%402x.jpg?resize=768%2C434&amp;ssl=1 768w, https:\/\/i0.wp.com\/aiartfree.online\/wp-content\/uploads\/2024\/07\/WX20240720-101347%402x.jpg?resize=18%2C10&amp;ssl=1 18w, https:\/\/i0.wp.com\/aiartfree.online\/wp-content\/uploads\/2024\/07\/WX20240720-101347%402x.jpg?resize=600%2C339&amp;ssl=1 600w, https:\/\/i0.wp.com\/aiartfree.online\/wp-content\/uploads\/2024\/07\/WX20240720-101347%402x.jpg?w=1030&amp;ssl=1 1030w\" sizes=\"auto, (max-width: 300px) 100vw, 300px\" \/><\/figure>\n\n\n\n<h3 class=\"wp-block-heading\">\u00cdndice<\/h3>\n\n\n\n<ol class=\"wp-block-list\">\n<li class=\"\"><a href=\"#what-is-an-ai-video-generator\">\u00bfQu\u00e9 es un generador de v\u00eddeo AI?<\/a><\/li>\n\n\n\n<li class=\"\"><a href=\"#why-use-an-ai-video-generator\">\u00bfPor qu\u00e9 utilizar un generador de v\u00eddeo AI?<\/a><\/li>\n\n\n\n<li class=\"\"><a href=\"#suitable-industries-and-people\">Industrias y personas adecuadas<\/a><\/li>\n\n\n\n<li class=\"\"><a href=\"#related-tools-and-information\">Herramientas e informaci\u00f3n relacionadas<\/a><\/li>\n\n\n\n<li class=\"\"><a href=\"#frequently-asked-questions-faq\">Preguntas m\u00e1s frecuentes (FAQ)<\/a><\/li>\n<\/ol>\n\n\n\n<h3 class=\"wp-block-heading\">\u00bfQu\u00e9 es un generador de v\u00eddeo AI?<\/h3>\n\n\n\n<p class=\"\">Un generador de v\u00eddeo AI es una sofisticada aplicaci\u00f3n de software que utiliza inteligencia artificial para crear v\u00eddeos autom\u00e1ticamente. Estas herramientas pueden transformar mensajes de texto, im\u00e1genes o incluso secuencias de v\u00eddeo sin editar en v\u00eddeos pulidos de calidad profesional. Incorporan diversas tecnolog\u00edas de IA, como el procesamiento del lenguaje natural (PLN), la visi\u00f3n por ordenador y el aprendizaje autom\u00e1tico, para analizar e interpretar los datos de entrada y generar contenidos atractivos y visualmente atractivos.<\/p>\n\n\n\n<h3 class=\"wp-block-heading\">\u00bfPor qu\u00e9 utilizar un generador de v\u00eddeo AI?<\/h3>\n\n\n\n<p class=\"\">Los generadores de v\u00eddeo AI ofrecen numerosas ventajas que los hacen indispensables en el \u00e1mbito de la producci\u00f3n de v\u00eddeo:<\/p>\n\n\n\n<ul class=\"wp-block-list\">\n<li class=\"\"><strong>Eficacia<\/strong>: Estas herramientas reducen considerablemente el tiempo y el esfuerzo necesarios para crear v\u00eddeos, lo que permite ciclos de producci\u00f3n r\u00e1pidos.<\/li>\n\n\n\n<li class=\"\"><strong>Rentable<\/strong>: Al automatizar muchos aspectos de la creaci\u00f3n de v\u00eddeo, los generadores de v\u00eddeo con IA pueden reducir los costes de producci\u00f3n, lo que pone contenidos de v\u00eddeo de alta calidad al alcance de empresas y particulares con presupuestos limitados.<\/li>\n\n\n\n<li class=\"\"><strong>Coherencia<\/strong>: AI garantiza la uniformidad de estilo y calidad, manteniendo la coherencia de la marca en todos los contenidos de v\u00eddeo.<\/li>\n\n\n\n<li class=\"\"><strong>Accesibilidad<\/strong>: Incluso aquellos con poca o ninguna experiencia en edici\u00f3n de v\u00eddeo pueden producir v\u00eddeos de calidad profesional, democratizando la creaci\u00f3n de contenidos.<\/li>\n\n\n\n<li class=\"\"><strong>Personalizaci\u00f3n<\/strong>: Los generadores de v\u00eddeo con IA permiten una f\u00e1cil personalizaci\u00f3n, lo que permite a los creadores adaptar los v\u00eddeos a audiencias o campa\u00f1as de marketing espec\u00edficas.<\/li>\n<\/ul>\n\n\n\n<h3 class=\"wp-block-heading\">Industrias y personas adecuadas<\/h3>\n\n\n\n<p class=\"\">Los generadores de v\u00eddeo AI son herramientas vers\u00e1tiles que pueden beneficiar a una amplia gama de usuarios de diversos sectores:<\/p>\n\n\n\n<ul class=\"wp-block-list\">\n<li class=\"\"><strong>Profesionales del marketing<\/strong>: Para crear atractivos v\u00eddeos promocionales, anuncios y contenidos para redes sociales.<\/li>\n\n\n\n<li class=\"\"><strong>Educadores y formadores<\/strong>: Para desarrollar v\u00eddeos did\u00e1cticos, tutoriales y contenidos de e-learning.<\/li>\n\n\n\n<li class=\"\"><strong>Creadores de contenidos e influyentes<\/strong>: Para producir v\u00eddeos de alta calidad para YouTube, vlogs y otros contenidos para redes sociales.<\/li>\n\n\n\n<li class=\"\"><strong>Empresas<\/strong>: Para comunicaciones corporativas, demostraciones de productos y v\u00eddeos de formaci\u00f3n interna.<\/li>\n\n\n\n<li class=\"\"><strong>Producci\u00f3n cinematogr\u00e1fica y audiovisual<\/strong>: Para agilizar el proceso de postproducci\u00f3n y generar efectos especiales o secuencias animadas.<\/li>\n<\/ul>\n\n\n\n<h3 class=\"wp-block-heading\">Herramientas e informaci\u00f3n relacionadas<\/h3>\n\n\n\n<p class=\"\">A continuaci\u00f3n se muestra una tabla en la que se resumen 10 herramientas de generaci\u00f3n de v\u00eddeo con IA relacionadas, con una breve descripci\u00f3n de cada una de ellas junto con sus pros, contras, ventajas, retos y recomendaciones.<\/p>\n\n\n\n<figure class=\"wp-block-table\"><table class=\"has-fixed-layout\"><thead><tr><th>Nombre de la herramienta<\/th><th>URL<\/th><th>Resumen<\/th><th>Pros<\/th><th>Contras<\/th><th>Ventajas<\/th><th>Desaf\u00edos<\/th><th>Recomendaciones<\/th><\/tr><\/thead><tbody><tr><td><strong>Victoria<\/strong><\/td><td><a href=\"https:\/\/pictory.ai\" target=\"_blank\" rel=\"noopener\">Victoria<\/a><\/td><td>Creaci\u00f3n de v\u00eddeos a partir de texto mediante IA<\/td><td>F\u00e1cil de usar, r\u00e1pido<\/td><td>Personalizaci\u00f3n limitada<\/td><td>Generaci\u00f3n r\u00e1pida de v\u00eddeos<\/td><td>Curva de aprendizaje<\/td><td>Lo mejor para principiantes<\/td><\/tr><tr><td><strong>Animoto<\/strong><\/td><td><a href=\"https:\/\/animoto.com\" target=\"_blank\" rel=\"noopener\">Animoto<\/a><\/td><td>Sencillo creador de v\u00eddeos de arrastrar y soltar<\/td><td>F\u00e1cil de usar, Plantillas<\/td><td>Menos control sobre los detalles<\/td><td>Plantillas que ahorran tiempo<\/td><td>Caracter\u00edsticas b\u00e1sicas<\/td><td>Ideal para proyectos sencillos<\/td><\/tr><tr><td><strong>Synthesia<\/strong><\/td><td><a href=\"https:\/\/synthesia.io\" target=\"_blank\" rel=\"noopener\">Synthesia<\/a><\/td><td>Creaci\u00f3n de v\u00eddeos AI con avatares<\/td><td>Avatares realistas, Multiling\u00fce<\/td><td>Mayor coste<\/td><td>Avatares personalizables<\/td><td>Requiere programaci\u00f3n<\/td><td>Ideal para v\u00eddeos corporativos<\/td><\/tr><tr><td><strong>Lumen5<\/strong><\/td><td><a href=\"https:\/\/lumen5.com\" target=\"_blank\" rel=\"noopener\">Lumen5<\/a><\/td><td>Creaci\u00f3n de v\u00eddeos con IA a partir de art\u00edculos<\/td><td>Integraci\u00f3n con blogs, Fast<\/td><td>Marca de agua en la versi\u00f3n gratuita<\/td><td>Creaci\u00f3n autom\u00e1tica de contenidos<\/td><td>Opciones gratuitas limitadas<\/td><td>Lo mejor para los blogueros<\/td><\/tr><tr><td><strong>Magisto<\/strong><\/td><td><a href=\"https:\/\/magisto.com\" target=\"_blank\" rel=\"noopener\">Magisto<\/a><\/td><td>Editor de v\u00eddeo inteligente con IA<\/td><td>Edici\u00f3n inteligente, Biblioteca musical<\/td><td>Suscripci\u00f3n obligatoria<\/td><td>Edici\u00f3n autom\u00e1tica<\/td><td>Control manual limitado<\/td><td>Ideal para las redes sociales<\/td><\/tr><tr><td><strong>Wibbitz<\/strong><\/td><td><a href=\"https:\/\/wibbitz.com\" target=\"_blank\" rel=\"noopener\">Wibbitz<\/a><\/td><td>Plataforma de creaci\u00f3n de v\u00eddeos para equipos<\/td><td>Colaboraci\u00f3n, rapidez<\/td><td>Caro<\/td><td>Colaboraci\u00f3n en equipo<\/td><td>Curva de aprendizaje pronunciada<\/td><td>Lo mejor para los equipos de marketing<\/td><\/tr><tr><td><strong>FlexClip<\/strong><\/td><td><a href=\"https:\/\/flexclip.com\" target=\"_blank\" rel=\"noopener\">FlexClip<\/a><\/td><td>Creador de v\u00eddeos en l\u00ednea con plantillas<\/td><td>F\u00e1cil de usar, Plantillas<\/td><td>Funciones avanzadas limitadas<\/td><td>F\u00e1cil de usar<\/td><td>Caracter\u00edsticas b\u00e1sicas<\/td><td>Bueno para ediciones r\u00e1pidas<\/td><\/tr><tr><td><strong>EnVideo<\/strong><\/td><td><a href=\"https:\/\/invideo.io\" target=\"_blank\" rel=\"noopener\">EnVideo<\/a><\/td><td>Editor de v\u00eddeo en l\u00ednea con IA<\/td><td>Amplia biblioteca multimedia, plantillas<\/td><td>Marca de agua en la versi\u00f3n gratuita<\/td><td>Opciones multimedia<\/td><td>Gastos de suscripci\u00f3n<\/td><td>Lo mejor para los vendedores<\/td><\/tr><tr><td><strong>Dise\u00f1os.ai<\/strong><\/td><td><a href=\"https:\/\/designs.ai\" target=\"_blank\" rel=\"noopener\">Dise\u00f1os.ai<\/a><\/td><td>Herramientas creativas basadas en IA<\/td><td>Vers\u00e1til, r\u00e1pido<\/td><td>Suscripci\u00f3n obligatoria<\/td><td>M\u00faltiples herramientas creativas<\/td><td>Requiere Internet<\/td><td>Ideal para creadores de contenidos<\/td><\/tr><tr><td><strong>DeepBrain<\/strong><\/td><td><a href=\"https:\/\/deepbrain.io\" target=\"_blank\" rel=\"noopener\">DeepBrain<\/a><\/td><td>Generador de v\u00eddeo AI con aprendizaje profundo<\/td><td>Alta calidad, personalizable<\/td><td>Interfaz compleja<\/td><td>Rendimiento de alta calidad<\/td><td>Requiere formaci\u00f3n<\/td><td>Lo mejor para usuarios avanzados<\/td><\/tr><\/tbody><\/table><\/figure>\n\n\n\n<h3 class=\"wp-block-heading\">Preguntas m\u00e1s frecuentes (FAQ)<\/h3>\n\n\n\n<ol class=\"wp-block-list\">\n<li class=\"\"><strong>\u00bfQu\u00e9 es un generador de v\u00eddeo AI?<\/strong>\n<ul class=\"wp-block-list\">\n<li class=\"\">Un generador de v\u00eddeo AI es una herramienta que utiliza la inteligencia artificial para crear v\u00eddeos de forma autom\u00e1tica a partir de diversas entradas, como texto, im\u00e1genes o secuencias sin editar.<\/li>\n<\/ul>\n<\/li>\n\n\n\n<li class=\"\"><strong>\u00bfC\u00f3mo funciona un generador de v\u00eddeo AI?<\/strong>\n<ul class=\"wp-block-list\">\n<li class=\"\">Utiliza tecnolog\u00edas de IA como el procesamiento del lenguaje natural y la visi\u00f3n por ordenador para interpretar los datos de entrada y generar contenidos de v\u00eddeo.<\/li>\n<\/ul>\n<\/li>\n\n\n\n<li class=\"\"><strong>\u00bfCu\u00e1les son las ventajas de utilizar un generador de v\u00eddeo AI?<\/strong>\n<ul class=\"wp-block-list\">\n<li class=\"\">Las ventajas son una mayor eficacia, ahorro de costes, calidad uniforme, accesibilidad y facilidad de personalizaci\u00f3n.<\/li>\n<\/ul>\n<\/li>\n\n\n\n<li class=\"\"><strong>\u00bfQui\u00e9n puede beneficiarse de los generadores de v\u00eddeo con IA?<\/strong>\n<ul class=\"wp-block-list\">\n<li class=\"\">Profesionales del marketing, educadores, creadores de contenidos, empresas y equipos de producci\u00f3n de medios de comunicaci\u00f3n pueden beneficiarse.<\/li>\n<\/ul>\n<\/li>\n\n\n\n<li class=\"\"><strong>\u00bfSon caros los generadores de v\u00eddeo con IA?<\/strong>\n<ul class=\"wp-block-list\">\n<li class=\"\">Los precios var\u00edan, pero muchas herramientas ofrecen opciones rentables m\u00e1s baratas que los m\u00e9todos tradicionales de producci\u00f3n de v\u00eddeo.<\/li>\n<\/ul>\n<\/li>\n\n\n\n<li class=\"\"><strong>\u00bfPueden los principiantes utilizar generadores de v\u00eddeo AI?<\/strong>\n<ul class=\"wp-block-list\">\n<li class=\"\">S\u00ed, muchos generadores de v\u00eddeo AI est\u00e1n dise\u00f1ados para ser f\u00e1ciles de usar, haci\u00e9ndolos accesibles a los principiantes.<\/li>\n<\/ul>\n<\/li>\n\n\n\n<li class=\"\"><strong>\u00bfCu\u00e1l es el mejor generador de v\u00eddeo AI?<\/strong>\n<ul class=\"wp-block-list\">\n<li class=\"\">La mejor herramienta puede variar en funci\u00f3n de las necesidades, pero <a href=\"https:\/\/aiartfree.online\/es\/generador-de-video-ai\/\">AI Art Gratis<\/a> es muy recomendable por sus prestaciones y facilidad de uso.<\/li>\n<\/ul>\n<\/li>\n\n\n\n<li class=\"\"><strong>\u00bfLos generadores de v\u00eddeo por IA requieren conocimientos especiales?<\/strong>\n<ul class=\"wp-block-list\">\n<li class=\"\">La mayor\u00eda no requieren conocimientos especiales y est\u00e1n dise\u00f1ados para ser intuitivos, aunque puede ser \u00fatil estar familiarizado con la edici\u00f3n de v\u00eddeo.<\/li>\n<\/ul>\n<\/li>\n\n\n\n<li class=\"\"><strong>\u00bfC\u00f3mo elegir el generador de v\u00eddeo de IA adecuado?<\/strong>\n<ul class=\"wp-block-list\">\n<li class=\"\">Tenga en cuenta factores como la facilidad de uso, las opciones de personalizaci\u00f3n, el coste y las necesidades espec\u00edficas de su proyecto.<\/li>\n<\/ul>\n<\/li>\n\n\n\n<li class=\"\"><strong>\u00bfPueden los generadores de v\u00eddeo por IA crear v\u00eddeos de alta calidad?<\/strong>\n<ul class=\"wp-block-list\">\n<li class=\"\">S\u00ed, muchos generadores de v\u00eddeo AI producen v\u00eddeos de calidad profesional que son adecuados para diversas aplicaciones, desde el marketing a la educaci\u00f3n.<\/li>\n<\/ul>\n<\/li>\n<\/ol>\n\n\n\n<p class=\"\">En conclusi\u00f3n, los generadores de v\u00eddeo con IA est\u00e1n transformando la forma de crear v\u00eddeos, ofreciendo numerosas ventajas y haciendo que la producci\u00f3n de v\u00eddeo sea m\u00e1s accesible para todos. Para quienes deseen explorar estas herramientas, <a href=\"https:\/\/aiartfree.online\/es\/generador-de-video-ai\/\">AI Art Gratis<\/a> destaca como la mejor opci\u00f3n, ya que ofrece un s\u00f3lido conjunto de funciones y facilidad de uso.<\/p>","protected":false},"excerpt":{"rendered":"<p>What other users made with AI Video Generator Prompt: 1 girl, off-shoulder, light smile, shiny skin best quality, masterpiece, photorealistic, turn around 3 Steps to Use AI Video Generator *&nbsp;Depending on your internet speed, loading the model may take up to 10 seconds \u2193 Introduction of AI Video Generator In the modern digital landscape, AI &#8230; <a title=\"Generador de v\u00eddeo AI\" class=\"read-more\" href=\"https:\/\/aiartfree.online\/es\/generador-de-video-ai\/\" aria-label=\"Leer m\u00e1s sobre AI Video Generator\">Leer m\u00e1s<\/a><\/p>","protected":false},"author":1,"featured_media":3463,"parent":0,"menu_order":0,"comment_status":"open","ping_status":"closed","template":"","meta":{"nf_dc_page":"","footnotes":""},"class_list":["post-2993","page","type-page","status-publish","has-post-thumbnail"],"jetpack_sharing_enabled":true,"_links":{"self":[{"href":"https:\/\/aiartfree.online\/es\/wp-json\/wp\/v2\/pages\/2993","targetHints":{"allow":["GET"]}}],"collection":[{"href":"https:\/\/aiartfree.online\/es\/wp-json\/wp\/v2\/pages"}],"about":[{"href":"https:\/\/aiartfree.online\/es\/wp-json\/wp\/v2\/types\/page"}],"author":[{"embeddable":true,"href":"https:\/\/aiartfree.online\/es\/wp-json\/wp\/v2\/users\/1"}],"replies":[{"embeddable":true,"href":"https:\/\/aiartfree.online\/es\/wp-json\/wp\/v2\/comments?post=2993"}],"version-history":[{"count":1,"href":"https:\/\/aiartfree.online\/es\/wp-json\/wp\/v2\/pages\/2993\/revisions"}],"predecessor-version":[{"id":3601,"href":"https:\/\/aiartfree.online\/es\/wp-json\/wp\/v2\/pages\/2993\/revisions\/3601"}],"wp:featuredmedia":[{"embeddable":true,"href":"https:\/\/aiartfree.online\/es\/wp-json\/wp\/v2\/media\/3463"}],"wp:attachment":[{"href":"https:\/\/aiartfree.online\/es\/wp-json\/wp\/v2\/media?parent=2993"}],"curies":[{"name":"wp","href":"https:\/\/api.w.org\/{rel}","templated":true}]}}