{"id":2986,"date":"2024-07-19T17:43:48","date_gmt":"2024-07-19T17:43:48","guid":{"rendered":"https:\/\/aiartfree.online\/?page_id=2986"},"modified":"2025-03-07T08:22:52","modified_gmt":"2025-03-07T08:22:52","slug":"video-to-gif","status":"publish","type":"page","link":"https:\/\/aiartfree.online\/es\/video-a-gif\/","title":{"rendered":"V\u00eddeo a GIF gratis"},"content":{"rendered":"<h2 class=\"wp-block-heading\">C\u00f3mo utilizar Video to GIF<\/h2>\n\n\n\n<ol class=\"wp-block-list\">\n<li class=\"\">Suelta o sube tu v\u00eddeo favorito<\/li>\n\n\n\n<li class=\"\">Despl\u00e1cese hacia abajo y haga clic en \"Generar GIF animado\".<\/li>\n\n\n\n<li class=\"\">Espera unos 9-14 segundos, \u00a1ya est\u00e1!<\/li>\n\n\n\n<li class=\"\">Desc\u00e1rgalo para compartirlo con tus amigos<\/li>\n<\/ol>\n\n\n\n<figure class=\"gb-block-image gb-block-image-4dfafe81\"><a href=\"https:\/\/fas.st\/t\/XmtmoHSk\" target=\"_blank\" rel=\"noopener noreferrer\"><img data-recalc-dims=\"1\" decoding=\"async\" loading=\"lazy\" width=\"1200\" height=\"368\" class=\"gb-image gb-image-4dfafe81\" src=\"https:\/\/i0.wp.com\/aiartfree.online\/wp-content\/uploads\/2025\/03\/WX20250307-114300%402x.webp?resize=1200%2C368&#038;ssl=1\" alt=\"\" title=\"WX20250307-114300@2x\" srcset=\"https:\/\/i0.wp.com\/aiartfree.online\/wp-content\/uploads\/2025\/03\/WX20250307-114300%402x.webp?w=1900&amp;ssl=1 1900w, https:\/\/i0.wp.com\/aiartfree.online\/wp-content\/uploads\/2025\/03\/WX20250307-114300%402x.webp?resize=300%2C92&amp;ssl=1 300w, https:\/\/i0.wp.com\/aiartfree.online\/wp-content\/uploads\/2025\/03\/WX20250307-114300%402x.webp?resize=1024%2C314&amp;ssl=1 1024w, https:\/\/i0.wp.com\/aiartfree.online\/wp-content\/uploads\/2025\/03\/WX20250307-114300%402x.webp?resize=768%2C235&amp;ssl=1 768w, https:\/\/i0.wp.com\/aiartfree.online\/wp-content\/uploads\/2025\/03\/WX20250307-114300%402x.webp?resize=1536%2C471&amp;ssl=1 1536w, https:\/\/i0.wp.com\/aiartfree.online\/wp-content\/uploads\/2025\/03\/WX20250307-114300%402x.webp?resize=18%2C6&amp;ssl=1 18w, https:\/\/i0.wp.com\/aiartfree.online\/wp-content\/uploads\/2025\/03\/WX20250307-114300%402x.webp?resize=600%2C184&amp;ssl=1 600w\" sizes=\"auto, (max-width: 1200px) 100vw, 1200px\" \/><\/a><\/figure>\n\n\n\n<p class=\"\"><em>* Dependiendo de su velocidad de Internet, la carga del modelo puede tardar unos segundos.<br>* Habr\u00e1 cach\u00e9 durante la generaci\u00f3n continua, y la nueva imagen aparecer\u00e1 despu\u00e9s de unos 3 segundos.<\/em><\/p>\n\n\n\n<div style=\"text-align: center;\">\n  <iframe loading=\"lazy\"\n    src=\"https:\/\/fariyan-gif-studio.hf.space\"\n    frameborder=\"0\"\n    width=\"1200\"\n    height=\"2500\"\n    style=\"display: inline-block; margin: 0 auto;\"\n  ><\/iframe>\n<\/div>\n\n\n\n<div style=\"height:50px\" aria-hidden=\"true\" class=\"wp-block-spacer\"><\/div>\n\n\n\n<h2 class=\"wp-block-heading\">Introducci\u00f3n de v\u00eddeo a GIF<\/h2>\n\n\n\n<p class=\"\">En la era de la creaci\u00f3n de contenidos digitales, la transformaci\u00f3n de v\u00eddeos en GIF se ha convertido en una forma popular de compartir momentos en un formato din\u00e1mico pero compacto. Esta gu\u00eda explorar\u00e1 el concepto de convertir v\u00eddeos en GIF, la importancia de este proceso, las mejores herramientas disponibles y responder\u00e1 a algunas preguntas frecuentes.<\/p>\n\n\n\n<h3 class=\"wp-block-heading\">\u00cdndice<\/h3>\n\n\n\n<ol class=\"wp-block-list\">\n<li class=\"\">\u00bfQu\u00e9 es Video to GIF?<\/li>\n\n\n\n<li class=\"\">\u00bfPor qu\u00e9 convertir v\u00eddeo en GIF?<\/li>\n\n\n\n<li class=\"\">Usuarios o sectores adecuados<\/li>\n\n\n\n<li class=\"\">Las 10 mejores herramientas e informaci\u00f3n<\/li>\n\n\n\n<li class=\"\">Preguntas frecuentes<\/li>\n<\/ol>\n\n\n\n<h3 class=\"wp-block-heading\">\u00bfQu\u00e9 es Video to GIF?<\/h3>\n\n\n\n<p class=\"\">La conversi\u00f3n de v\u00eddeo a GIF consiste en transformar un archivo de v\u00eddeo en una imagen GIF. Los GIF, o im\u00e1genes con formato de intercambio de gr\u00e1ficos, se utilizan mucho en redes sociales y sitios web por su capacidad de reproducir animaciones en bucle y su tama\u00f1o de archivo relativamente peque\u00f1o. Este proceso permite a los usuarios tomar un segmento de un v\u00eddeo y convertirlo en una imagen animada, que se puede compartir y ver f\u00e1cilmente en varias plataformas.<\/p>\n\n\n\n<h3 class=\"wp-block-heading\">\u00bfPor qu\u00e9 convertir v\u00eddeo en GIF?<\/h3>\n\n\n\n<p class=\"\">La conversi\u00f3n de v\u00eddeo a GIF ofrece varias ventajas:<\/p>\n\n\n\n<ul class=\"wp-block-list\">\n<li class=\"\"><strong>Compromiso<\/strong>: Los GIF son llamativos y pueden captar r\u00e1pidamente la atenci\u00f3n de los espectadores.<\/li>\n\n\n\n<li class=\"\"><strong>Compatibilidad<\/strong>: La mayor\u00eda de las redes sociales y aplicaciones de mensajer\u00eda admiten GIF.<\/li>\n\n\n\n<li class=\"\"><strong>Tama\u00f1o del archivo<\/strong>: En comparaci\u00f3n con los v\u00eddeos, los GIF son m\u00e1s peque\u00f1os, por lo que son m\u00e1s f\u00e1ciles de subir y compartir.<\/li>\n\n\n\n<li class=\"\"><strong>Creatividad<\/strong>: Los GIF permiten la expresi\u00f3n creativa resaltando momentos concretos o a\u00f1adiendo humor mediante animaciones en bucle.<\/li>\n<\/ul>\n\n\n\n<h3 class=\"wp-block-heading\">Usuarios o sectores adecuados<\/h3>\n\n\n\n<p class=\"\">La conversi\u00f3n de v\u00eddeo a GIF es beneficiosa para diversos usuarios e industrias, entre ellos:<\/p>\n\n\n\n<ul class=\"wp-block-list\">\n<li class=\"\"><strong>Personas influyentes en las redes sociales<\/strong>: Crear contenidos atractivos que destaquen.<\/li>\n\n\n\n<li class=\"\"><strong>Vendedores<\/strong>: Para mejorar los anuncios y el material promocional.<\/li>\n\n\n\n<li class=\"\"><strong>Educadores<\/strong>: Para crear sencillas animaciones did\u00e1cticas en bucle.<\/li>\n\n\n\n<li class=\"\"><strong>Creadores de contenidos<\/strong>: Para compartir momentos destacados o divertidos de v\u00eddeos m\u00e1s largos.<\/li>\n\n\n\n<li class=\"\"><strong>Empresas<\/strong>: Para crear im\u00e1genes atractivas para sitios web y presentaciones.<\/li>\n<\/ul>\n\n\n\n<h3 class=\"wp-block-heading\">Las 10 mejores herramientas e informaci\u00f3n<\/h3>\n\n\n\n<p class=\"\">A continuaci\u00f3n se muestra una tabla que resume las 10 mejores herramientas para convertir v\u00eddeos en GIF, incluyendo sus URL, pros, contras, ventajas, retos y recomendaciones.<\/p>\n\n\n\n<figure class=\"wp-block-table\"><table class=\"has-fixed-layout\"><thead><tr><th>Nombre de la herramienta<\/th><th>URL<\/th><th>Pros<\/th><th>Contras<\/th><th>Ventajas<\/th><th>Desaf\u00edos<\/th><th>Recomendaciones<\/th><\/tr><\/thead><tbody><tr><td><strong>V\u00eddeo a GIF gratis<\/strong><\/td><td><a href=\"https:\/\/aiartfree.online\/es\/video-a-gif\/\" data-type=\"link\" data-id=\"https:\/\/aiartfree.online\/video-to-gif\/\">aiartfree.online<\/a><\/td><td>F\u00e1cil de usar y de alta calidad<\/td><td>Funciones avanzadas limitadas<\/td><td>Lo mejor para conversiones r\u00e1pidas<\/td><td>Puede no ser adecuado para editores profesionales<\/td><td>La mejor herramienta para usuarios generales<\/td><\/tr><tr><td><strong>Giphy<\/strong><\/td><td><a href=\"https:\/\/giphy.com\" rel=\"nofollow noopener\" target=\"_blank\">giphy.com<\/a><\/td><td>Amplia biblioteca, f\u00e1cil de compartir<\/td><td>Marca de agua en la versi\u00f3n gratuita<\/td><td>Ideal para las redes sociales<\/td><td>Requiere inscripci\u00f3n<\/td><td>Ideal para redes sociales<\/td><\/tr><tr><td><strong>Imgur<\/strong><\/td><td><a href=\"https:\/\/imgur.com\" rel=\"nofollow noopener\" target=\"_blank\">imgur.com<\/a><\/td><td>Interfaz sencilla y gratuita<\/td><td>Opciones de edici\u00f3n limitadas<\/td><td>Bueno para ediciones r\u00e1pidas<\/td><td>Sin funciones avanzadas<\/td><td>Bueno para usuarios ocasionales<\/td><\/tr><tr><td><strong>EZGIF<\/strong><\/td><td><a href=\"https:\/\/ezgif.com\" rel=\"nofollow noopener\" target=\"_blank\">ezgif.com<\/a><\/td><td>Funciones completas, gratis<\/td><td>La interfaz puede resultar abrumadora<\/td><td>Adecuado para ediciones detalladas<\/td><td>Puede resultar complejo para principiantes<\/td><td>Recomendado para la edici\u00f3n detallada<\/td><\/tr><tr><td><strong>Convertio<\/strong><\/td><td><a href=\"https:\/\/convertio.co\" rel=\"nofollow noopener\" target=\"_blank\">convertio.c<\/a><a href=\"https:\/\/convertio.co\" target=\"_blank\" rel=\"noopener\">o<\/a><\/td><td>Admite varios formatos<\/td><td>La versi\u00f3n gratuita tiene limitaciones<\/td><td>Vers\u00e1til y flexible<\/td><td>L\u00edmites de tama\u00f1o en la versi\u00f3n gratuita<\/td><td>Bueno para varios tipos de archivos<\/td><\/tr><tr><td><strong>Convertir en l\u00ednea<\/strong><\/td><td><a href=\"https:\/\/online-convert.com\" rel=\"nofollow noopener\" target=\"_blank\">online-convert.com<\/a><\/td><td>Sin instalaci\u00f3n de software<\/td><td>Anuncios en la versi\u00f3n gratuita<\/td><td>C\u00f3modo y r\u00e1pido<\/td><td>Conexi\u00f3n a Internet necesaria<\/td><td>Lo mejor para una conversi\u00f3n r\u00e1pida en l\u00ednea<\/td><\/tr><tr><td><strong>MakeAGIF<\/strong><\/td><td><a href=\"https:\/\/makeagif.com\" rel=\"nofollow noopener\" target=\"_blank\">makeagif.com<\/a><\/td><td>F\u00e1cil de usar, integraci\u00f3n social<\/td><td>Marca de agua en la versi\u00f3n gratuita<\/td><td>Interfaz f\u00e1cil de usar<\/td><td>Opciones de edici\u00f3n limitadas<\/td><td>Ideal para publicaciones r\u00e1pidas en redes sociales<\/td><\/tr><tr><td><strong>GIFMaker<\/strong><\/td><td><a href=\"https:\/\/gifmaker.me\" rel=\"nofollow noopener\" target=\"_blank\">gifmaker.me<\/a><\/td><td>No es necesario registrarse, es gratis<\/td><td>Funciones limitadas<\/td><td>R\u00e1pido y sencillo<\/td><td>No es adecuado para ediciones complejas<\/td><td>Ideal para un uso ocasional<\/td><\/tr><tr><td><strong>CloudConvert<\/strong><\/td><td><a href=\"https:\/\/cloudconvert.com\" rel=\"nofollow noopener\" target=\"_blank\">cloudconvert.com<\/a><\/td><td>Conversiones de alta calidad<\/td><td>L\u00edmites de la versi\u00f3n gratuita<\/td><td>Alta personalizaci\u00f3n<\/td><td>Para acceder a todas las funciones es necesario registrarse<\/td><td>Lo mejor para resultados de alta calidad<\/td><\/tr><tr><td><strong>Kapwing<\/strong><\/td><td><a href=\"https:\/\/kapwing.com\" rel=\"nofollow noopener\" target=\"_blank\">kapwing.com<\/a><\/td><td>Interfaz moderna y colaborativa<\/td><td>Requiere cuenta<\/td><td>Bueno para el trabajo en equipo<\/td><td>Algunas funciones tras un muro de pago<\/td><td>Excelente para proyectos en equipo<\/td><\/tr><\/tbody><\/table><\/figure>\n\n\n\n<h3 class=\"wp-block-heading\">Preguntas frecuentes<\/h3>\n\n\n\n<ol class=\"wp-block-list\">\n<li class=\"\"><strong>\u00bfCu\u00e1l es la mejor herramienta para convertir v\u00eddeo a GIF?<\/strong>\n<ul class=\"wp-block-list\">\n<li class=\"\">La mejor herramienta es Free Online Auto Draft. Es f\u00e1cil de usar y produce GIF de alta calidad.<\/li>\n<\/ul>\n<\/li>\n\n\n\n<li class=\"\"><strong>\u00bfC\u00f3mo convierto MP4 a GIF?<\/strong>\n<ul class=\"wp-block-list\">\n<li class=\"\">Puedes utilizar conversores en l\u00ednea como EZGIF o Giphy. Solo tienes que subir tu archivo MP4 y seguir las instrucciones para convertirlo a GIF.<\/li>\n<\/ul>\n<\/li>\n\n\n\n<li class=\"\"><strong>\u00bfPuedo crear GIF de alta calidad a partir de v\u00eddeos?<\/strong>\n<ul class=\"wp-block-list\">\n<li class=\"\">S\u00ed, herramientas como Free Online Auto Draft y CloudConvert ofrecen conversiones de alta calidad.<\/li>\n<\/ul>\n<\/li>\n\n\n\n<li class=\"\"><strong>\u00bfQu\u00e9 son los creadores de GIF animados?<\/strong>\n<ul class=\"wp-block-list\">\n<li class=\"\">Son herramientas que permiten crear GIF a partir de v\u00eddeos o de una serie de im\u00e1genes, a menudo con funciones de edici\u00f3n adicionales.<\/li>\n<\/ul>\n<\/li>\n\n\n\n<li class=\"\"><strong>\u00bfExiste alg\u00fan creador de GIF gratuito para crear GIF de alta calidad?<\/strong>\n<ul class=\"wp-block-list\">\n<li class=\"\">S\u00ed, herramientas como Giphy y EZGIF ofrecen versiones gratuitas que pueden crear GIF de alta calidad.<\/li>\n<\/ul>\n<\/li>\n\n\n\n<li class=\"\"><strong>\u00bfC\u00f3mo puedo hacer un GIF a partir de un videoclip?<\/strong>\n<ul class=\"wp-block-list\">\n<li class=\"\">Utiliza una herramienta como Free Online Auto Draft, sube tu videoclip, selecciona el segmento deseado y convi\u00e9rtelo en GIF.<\/li>\n<\/ul>\n<\/li>\n\n\n\n<li class=\"\"><strong>\u00bfQu\u00e9 formatos de archivo de v\u00eddeo se pueden convertir a GIF?<\/strong>\n<ul class=\"wp-block-list\">\n<li class=\"\">La mayor\u00eda de las herramientas admiten formatos como MP4, AVI y MOV para la conversi\u00f3n a GIF.<\/li>\n<\/ul>\n<\/li>\n\n\n\n<li class=\"\"><strong>\u00bfPuedo editar el GIF despu\u00e9s de la conversi\u00f3n?<\/strong>\n<ul class=\"wp-block-list\">\n<li class=\"\">S\u00ed, muchas herramientas como EZGIF ofrecen funciones de edici\u00f3n para ajustar el GIF despu\u00e9s de la conversi\u00f3n.<\/li>\n<\/ul>\n<\/li>\n\n\n\n<li class=\"\"><strong>\u00bfCu\u00e1l es la longitud m\u00e1xima de v\u00eddeo que puedo convertir a GIF?<\/strong>\n<ul class=\"wp-block-list\">\n<li class=\"\">Esto depende de la herramienta. Free Online Auto Draft admite longitudes de v\u00eddeo est\u00e1ndar adecuadas para la mayor\u00eda de los usos.<\/li>\n<\/ul>\n<\/li>\n\n\n\n<li class=\"\"><strong>\u00bfNecesito una cuenta para convertir v\u00eddeos en GIF?<\/strong>\n<ul class=\"wp-block-list\">\n<li class=\"\">Algunas herramientas requieren una cuenta para disponer de todas las funciones, pero muchas, como Free Online Auto Draft y GIFMaker, no necesitan una cuenta para el uso b\u00e1sico.<\/li>\n<\/ul>\n<\/li>\n<\/ol>\n\n\n\n<p class=\"\">Utilizando la informaci\u00f3n proporcionada, puedes convertir v\u00eddeos en GIF de forma eficaz, mejorando tu contenido y la participaci\u00f3n en varias plataformas.<\/p>\n\n\n\n<p class=\"\"><\/p>","protected":false},"excerpt":{"rendered":"<p>How to use Video to GIF *&nbsp;Depending on your internet speed, loading the model may take a few seconds.* There will be caching during continuous generation, and the new image will appear after about 3 seconds. Introduction of Video to GIF In the age of digital content creation, transforming videos into GIFs has become a &#8230; <a title=\"V\u00eddeo a GIF gratis\" class=\"read-more\" href=\"https:\/\/aiartfree.online\/es\/video-a-gif\/\" aria-label=\"Leer m\u00e1s sobre Free Video to GIF\">Leer m\u00e1s<\/a><\/p>","protected":false},"author":1,"featured_media":0,"parent":0,"menu_order":0,"comment_status":"open","ping_status":"closed","template":"","meta":{"nf_dc_page":"","footnotes":""},"class_list":["post-2986","page","type-page","status-publish"],"jetpack_sharing_enabled":true,"_links":{"self":[{"href":"https:\/\/aiartfree.online\/es\/wp-json\/wp\/v2\/pages\/2986","targetHints":{"allow":["GET"]}}],"collection":[{"href":"https:\/\/aiartfree.online\/es\/wp-json\/wp\/v2\/pages"}],"about":[{"href":"https:\/\/aiartfree.online\/es\/wp-json\/wp\/v2\/types\/page"}],"author":[{"embeddable":true,"href":"https:\/\/aiartfree.online\/es\/wp-json\/wp\/v2\/users\/1"}],"replies":[{"embeddable":true,"href":"https:\/\/aiartfree.online\/es\/wp-json\/wp\/v2\/comments?post=2986"}],"version-history":[{"count":1,"href":"https:\/\/aiartfree.online\/es\/wp-json\/wp\/v2\/pages\/2986\/revisions"}],"predecessor-version":[{"id":3600,"href":"https:\/\/aiartfree.online\/es\/wp-json\/wp\/v2\/pages\/2986\/revisions\/3600"}],"wp:attachment":[{"href":"https:\/\/aiartfree.online\/es\/wp-json\/wp\/v2\/media?parent=2986"}],"curies":[{"name":"wp","href":"https:\/\/api.w.org\/{rel}","templated":true}]}}