{"id":2983,"date":"2024-07-19T13:17:41","date_gmt":"2024-07-19T13:17:41","guid":{"rendered":"https:\/\/aiartfree.online\/?page_id=2983"},"modified":"2025-03-07T08:28:23","modified_gmt":"2025-03-07T08:28:23","slug":"free-ai-logo-generator","status":"publish","type":"page","link":"https:\/\/aiartfree.online\/es\/generador-de-logotipos-ai-gratuito\/","title":{"rendered":"Generador gratuito de logotipos AI"},"content":{"rendered":"<h2 class=\"wp-block-heading\">C\u00f3mo utilizar Free AI Logo Generator<\/h2>\n\n\n\n<ol class=\"wp-block-list\">\n<li class=\"\">Suelte o cargue su imagen<\/li>\n\n\n\n<li class=\"\">Haga clic en \"Enviar\".<\/li>\n\n\n\n<li class=\"\">\u00a1Espera, eso es! <\/li>\n<\/ol>\n\n\n\n<figure class=\"gb-block-image gb-block-image-032aac41\"><a href=\"https:\/\/fas.st\/t\/9U4PYbm7\" target=\"_blank\" rel=\"noopener noreferrer\"><img data-recalc-dims=\"1\" decoding=\"async\" loading=\"lazy\" width=\"1200\" height=\"365\" class=\"gb-image gb-image-032aac41\" src=\"https:\/\/i0.wp.com\/aiartfree.online\/wp-content\/uploads\/2025\/03\/WX20250307-115412%402x.webp?resize=1200%2C365&#038;ssl=1\" alt=\"\" title=\"WX20250307-115412@2x\" srcset=\"https:\/\/i0.wp.com\/aiartfree.online\/wp-content\/uploads\/2025\/03\/WX20250307-115412%402x.webp?w=1942&amp;ssl=1 1942w, https:\/\/i0.wp.com\/aiartfree.online\/wp-content\/uploads\/2025\/03\/WX20250307-115412%402x.webp?resize=300%2C91&amp;ssl=1 300w, https:\/\/i0.wp.com\/aiartfree.online\/wp-content\/uploads\/2025\/03\/WX20250307-115412%402x.webp?resize=1024%2C312&amp;ssl=1 1024w, https:\/\/i0.wp.com\/aiartfree.online\/wp-content\/uploads\/2025\/03\/WX20250307-115412%402x.webp?resize=768%2C234&amp;ssl=1 768w, https:\/\/i0.wp.com\/aiartfree.online\/wp-content\/uploads\/2025\/03\/WX20250307-115412%402x.webp?resize=1536%2C467&amp;ssl=1 1536w, https:\/\/i0.wp.com\/aiartfree.online\/wp-content\/uploads\/2025\/03\/WX20250307-115412%402x.webp?resize=18%2C5&amp;ssl=1 18w, https:\/\/i0.wp.com\/aiartfree.online\/wp-content\/uploads\/2025\/03\/WX20250307-115412%402x.webp?resize=600%2C183&amp;ssl=1 600w\" sizes=\"auto, (max-width: 1200px) 100vw, 1200px\" \/><\/a><\/figure>\n\n\n\n<p class=\"\"><em>* Dependiendo de su velocidad de Internet, la carga del modelo puede tardar unos segundos.<br>* Habr\u00e1 cach\u00e9 durante la generaci\u00f3n continua, y la nueva imagen aparecer\u00e1 despu\u00e9s de unos 3 segundos.<\/em><\/p>\n\n\n\n<div style=\"text-align: center; border: 2px solid; border-image-source: linear-gradient(to right, #16b86c, #912899); border-image-slice: 1; box-shadow: 0 0 10px rgba(0, 0, 0, 0.1); border-radius: 15px;\">\n  <iframe loading=\"lazy\"\n    src=\"https:\/\/artificialguybr-logo-sdxl-lora-free-demo.hf.space\"\n    frameborder=\"0\"\n    width=\"1100\"\n    height=\"800\"\n    style=\"display: inline-block; margin: 0 auto;\"\n  ><\/iframe>\n<\/div>\n\n\n\n<div style=\"height:49px\" aria-hidden=\"true\" class=\"wp-block-spacer\"><\/div>\n\n\n\n<h2 class=\"wp-block-heading\" id=\"introduction-of-free-ai-logo-generator\">Introducci\u00f3n al generador de logotipos AI gratuitos<\/h2>\n\n\n\n<p class=\"\">Como empresario, crear un logotipo profesional es esencial para establecer la identidad de su marca. Con el auge de la inteligencia artificial, crear un logotipo se ha vuelto m\u00e1s accesible y eficiente. En este art\u00edculo, exploraremos las maravillas de un generador de logotipos de IA gratuito y c\u00f3mo puede beneficiar a tu negocio.<\/p>\n\n\n\n<figure class=\"wp-block-image size-large is-resized\"><img data-recalc-dims=\"1\" decoding=\"async\" width=\"1024\" height=\"562\"   loading=\"lazy\" src=\"https:\/\/i0.wp.com\/aiartfree.online\/wp-content\/uploads\/2024\/07\/1_mL5ZQFtjfXkQdHh6qz_13w.jpg?resize=1024%2C562&#038;ssl=1\" alt=\"Generador gratuito de logotipos AI\" class=\"wp-image-2987\" style=\"width:585px;height:auto\" srcset=\"https:\/\/i0.wp.com\/aiartfree.online\/wp-content\/uploads\/2024\/07\/1_mL5ZQFtjfXkQdHh6qz_13w.jpg?resize=1024%2C562&amp;ssl=1 1024w, https:\/\/i0.wp.com\/aiartfree.online\/wp-content\/uploads\/2024\/07\/1_mL5ZQFtjfXkQdHh6qz_13w.jpg?resize=300%2C165&amp;ssl=1 300w, https:\/\/i0.wp.com\/aiartfree.online\/wp-content\/uploads\/2024\/07\/1_mL5ZQFtjfXkQdHh6qz_13w.jpg?resize=768%2C421&amp;ssl=1 768w, https:\/\/i0.wp.com\/aiartfree.online\/wp-content\/uploads\/2024\/07\/1_mL5ZQFtjfXkQdHh6qz_13w.jpg?resize=18%2C10&amp;ssl=1 18w, https:\/\/i0.wp.com\/aiartfree.online\/wp-content\/uploads\/2024\/07\/1_mL5ZQFtjfXkQdHh6qz_13w.jpg?resize=600%2C329&amp;ssl=1 600w, https:\/\/i0.wp.com\/aiartfree.online\/wp-content\/uploads\/2024\/07\/1_mL5ZQFtjfXkQdHh6qz_13w.jpg?w=1400&amp;ssl=1 1400w\" sizes=\"auto, (max-width: 1024px) 100vw, 1024px\" \/><\/figure>\n\n\n\n<p class=\"\"><strong>\u00cdndice<\/strong><\/p>\n\n\n\n<ul class=\"wp-block-list\">\n<li class=\"\">Introducci\u00f3n al generador de logotipos AI gratuitos<\/li>\n\n\n\n<li class=\"\">\u00bfPor qu\u00e9 utilizar un generador de logotipos AI gratuito?<\/li>\n\n\n\n<li class=\"\">Ventajas de utilizar un generador de logotipos AI gratuito<\/li>\n\n\n\n<li class=\"\">Cu\u00e1ndo utilizar un generador de logotipos AI gratuito<\/li>\n\n\n\n<li class=\"\">\u00bfQui\u00e9n puede utilizar un generador de logotipos AI gratuito?<\/li>\n\n\n\n<li class=\"\">Comparaci\u00f3n de generadores de logotipos AI gratuitos<\/li>\n\n\n\n<li class=\"\">PREGUNTAS FRECUENTES<\/li>\n<\/ul>\n\n\n\n<h3 class=\"wp-block-heading\" id=\"what-is-a-free-ai-logo-generator\"><a href=\"https:\/\/dromerosm-groq-llama3.hf.space\/#what-is-a-free-ai-logo-generator\" target=\"_blank\" rel=\"noopener\"><\/a>\u00bfQu\u00e9 es un generador de logotipos AI gratuito?<\/h3>\n\n\n\n<p class=\"\">Un generador gratuito de logotipos AI es una herramienta en l\u00ednea que utiliza la inteligencia artificial para crear un logotipo personalizado para su negocio. Estas herramientas utilizan algoritmos de aprendizaje autom\u00e1tico para generar logotipos \u00fanicos basados en sus datos, como el nombre de la empresa, el eslogan y los colores y fuentes preferidos. Con unos pocos clics, puede crear un logotipo de aspecto profesional en cuesti\u00f3n de minutos.<\/p>\n\n\n\n<h3 class=\"wp-block-heading\" id=\"why-use-a-free-ai-logo-generator\"><a href=\"https:\/\/dromerosm-groq-llama3.hf.space\/#why-use-a-free-ai-logo-generator\" target=\"_blank\" rel=\"noopener\"><\/a>\u00bfPor qu\u00e9 utilizar un generador de logotipos AI gratuito?<\/h3>\n\n\n\n<p class=\"\">Utilizar un generador de logotipos AI gratuito puede ahorrarle tiempo y dinero en comparaci\u00f3n con la contrataci\u00f3n de un dise\u00f1ador de logotipos profesional. Con el dise\u00f1o de logotipos basado en IA, solo tiene que introducir la informaci\u00f3n y las preferencias de su empresa, y la herramienta generar\u00e1 un logotipo que se ajuste a sus necesidades.<\/p>\n\n\n\n<h3 class=\"wp-block-heading\" id=\"benefits-of-using-a-free-ai-logo-generator\"><a href=\"https:\/\/dromerosm-groq-llama3.hf.space\/#benefits-of-using-a-free-ai-logo-generator\" target=\"_blank\" rel=\"noopener\"><\/a>Ventajas de utilizar un generador de logotipos AI gratuito<\/h3>\n\n\n\n<p class=\"\">Estas son algunas de las ventajas de utilizar un generador de logotipos AI gratuito:<\/p>\n\n\n\n<p class=\"\">R\u00e1pido y eficaz Cree un logotipo en cuesti\u00f3n de minutos con nuestro generador de logotipos AI.<\/p>\n\n\n\n<p class=\"\">Rentable Ahorre dinero al no contratar a un dise\u00f1ador de logotipos profesional.<\/p>\n\n\n\n<p class=\"\">Dise\u00f1os \u00fanicos Consigue logotipos \u00fanicos generados por inteligencia artificial.<\/p>\n\n\n\n<p class=\"\">Alta resoluci\u00f3n Descargue archivos de logotipos de alta resoluci\u00f3n para diversos usos.<\/p>\n\n\n\n<p class=\"\">F\u00e1cil de usar S\u00f3lo tiene que introducir la informaci\u00f3n de su empresa y sus preferencias, y la herramienta har\u00e1 el resto.<\/p>\n\n\n\n<h3 class=\"wp-block-heading\" id=\"when-to-use-a-free-ai-logo-generator\"><a href=\"https:\/\/dromerosm-groq-llama3.hf.space\/#when-to-use-a-free-ai-logo-generator\" target=\"_blank\" rel=\"noopener\"><\/a>Cu\u00e1ndo utilizar un generador de logotipos AI gratuito<\/h3>\n\n\n\n<p class=\"\">Un generador de logotipos AI gratuito es perfecto para:<\/p>\n\n\n\n<p class=\"\">Empresas de nueva creaci\u00f3n o peque\u00f1as empresas con un presupuesto ajustado Empresarios que quieren crear un logotipo profesional r\u00e1pidamente Empresas que quieren cambiar de imagen o actualizar su logotipo<\/p>\n\n\n\n<h3 class=\"wp-block-heading\" id=\"who-can-use-a-free-ai-logo-generator\"><a href=\"https:\/\/dromerosm-groq-llama3.hf.space\/#who-can-use-a-free-ai-logo-generator\" target=\"_blank\" rel=\"noopener\"><\/a>\u00bfQui\u00e9n puede utilizar un generador de logotipos AI gratuito?<\/h3>\n\n\n\n<p class=\"\">Cualquiera puede utilizar un generador de logotipos AI gratuito, incluidos:<\/p>\n\n\n\n<p class=\"\">Empresarios Propietarios de peque\u00f1as empresas Profesionales del marketing Dise\u00f1adores gr\u00e1ficos<\/p>\n\n\n\n<h3 class=\"wp-block-heading\" id=\"comparison-of-free-ai-logo-generators\"><a href=\"https:\/\/dromerosm-groq-llama3.hf.space\/#comparison-of-free-ai-logo-generators\" target=\"_blank\" rel=\"noopener\"><\/a>Comparaci\u00f3n de generadores de logotipos AI gratuitos<\/h3>\n\n\n\n<p class=\"\">Estos son algunos de los generadores de logotipos AI gratuitos m\u00e1s conocidos, junto con sus caracter\u00edsticas y ventajas:<\/p>\n\n\n\n<figure class=\"wp-block-table\"><table class=\"has-fixed-layout\"><thead><tr><th>Herramienta<\/th><th>Caracter\u00edsticas<\/th><th>Beneficios<\/th><th>P\u00e1gina web<\/th><\/tr><\/thead><tbody><tr><td>AI Art Gratis Online<\/td><td>Dise\u00f1o de logotipos basado en IA, m\u00e1s de 100 plantillas, colores vivos<\/td><td>R\u00e1pido y eficaz, rentable<\/td><td><a href=\"https:\/\/aiartfree.online\/es\/generador-de-logotipos-ai-gratuito\/\" target=\"_blank\" rel=\"noreferrer noopener\">https:\/\/aiartfree.online\/free-ai-logo-generator<\/a><\/td><\/tr><tr><td>Logojoy<\/td><td>Dise\u00f1o de logotipos basado en IA, m\u00e1s de 10.000 plantillas, generador de paletas de colores<\/td><td>Dise\u00f1os \u00fanicos, archivos de alta resoluci\u00f3n<\/td><td><a href=\"https:\/\/logojoy.com\/\" target=\"_blank\" rel=\"noreferrer noopener\">https:\/\/logojoy.com<\/a><\/td><\/tr><tr><td>Marcas a medida<\/td><td>Dise\u00f1o de logotipos basado en IA, m\u00e1s de 10.000 plantillas, kit de redes sociales<\/td><td>Dise\u00f1os profesionales, f\u00e1ciles de usar<\/td><td><a href=\"https:\/\/tailorbrands.com\/\" target=\"_blank\" rel=\"noreferrer noopener\">https:\/\/tailorbrands.com<\/a><\/td><\/tr><\/tbody><\/table><\/figure>\n\n\n\n<h3 class=\"wp-block-heading\" id=\"advantages-and-disadvantages-of-free-ai-logo-generators\"><a href=\"https:\/\/dromerosm-groq-llama3.hf.space\/#advantages-and-disadvantages-of-free-ai-logo-generators\" target=\"_blank\" rel=\"noopener\"><\/a>Ventajas y desventajas de los generadores de logotipos AI gratuitos<\/h3>\n\n\n\n<p class=\"\">He aqu\u00ed algunas ventajas y desventajas de utilizar generadores de logotipos AI gratuitos:<\/p>\n\n\n\n<p class=\"\"><strong>Ventajas<\/strong>:<\/p>\n\n\n\n<p class=\"\">R\u00e1pido y eficaz Econ\u00f3mico Dise\u00f1os \u00fanicos Archivos de alta resoluci\u00f3n<\/p>\n\n\n\n<p class=\"\"><strong>Desventajas<\/strong>:<\/p>\n\n\n\n<p class=\"\">Opciones de personalizaci\u00f3n limitadas Plantillas de dise\u00f1o limitadas Puede que no satisfaga requisitos de dise\u00f1o complejos<\/p>\n\n\n\n<h3 class=\"wp-block-heading\" id=\"best-free-ai-logo-generator\"><a href=\"https:\/\/dromerosm-groq-llama3.hf.space\/#best-free-ai-logo-generator\" target=\"_blank\" rel=\"noopener\"><\/a>El mejor generador gratuito de logotipos AI<\/h3>\n\n\n\n<p class=\"\">Despu\u00e9s de investigar y comparar varios generadores de logotipos AI gratuitos, recomendamos encarecidamente AI Art Free Online. Con su dise\u00f1o de logotipos basado en IA, m\u00e1s de 100 plantillas y colores vibrantes, es la herramienta perfecta para crear un logotipo profesional de forma r\u00e1pida y eficiente.<\/p>\n\n\n\n<h3 class=\"wp-block-heading\" id=\"faq\"><a href=\"https:\/\/dromerosm-groq-llama3.hf.space\/#faq\" target=\"_blank\" rel=\"noopener\"><\/a>PREGUNTAS FRECUENTES<\/h3>\n\n\n<div id=\"rank-math-faq\" class=\"rank-math-block\">\n<div class=\"rank-math-list\">\n<div id=\"faq-question-1721394932020\" class=\"rank-math-list-item\">\n<h3 class=\"rank-math-question\">\u00bfPuedo utilizar un generador de logotipos AI gratuito para uso comercial?<\/h3>\n<div class=\"rank-math-answer\">\n\n<p>S\u00ed, la mayor\u00eda de los generadores de logotipos AI gratuitos permiten el uso comercial de los logotipos generados.<\/p>\n\n<\/div>\n<\/div>\n<div id=\"faq-question-1721394940919\" class=\"rank-math-list-item\">\n<h3 class=\"rank-math-question\">\u00bfSon \u00fanicos los logotipos generados por la IA?<\/h3>\n<div class=\"rank-math-answer\">\n\n<p>S\u00ed, los logotipos generados por AI son \u00fanicos y personalizados en funci\u00f3n de sus datos.<\/p>\n\n<\/div>\n<\/div>\n<div id=\"faq-question-1721394949679\" class=\"rank-math-list-item\">\n<h3 class=\"rank-math-question\">\u00bfPuedo editar el logotipo generado?<\/h3>\n<div class=\"rank-math-answer\">\n\n<p>S\u00ed, la mayor\u00eda de los generadores de logotipos AI gratuitos le permiten editar el logotipo generado.<\/p>\n\n<\/div>\n<\/div>\n<div id=\"faq-question-1721394962503\" class=\"rank-math-list-item\">\n<h3 class=\"rank-math-question\">\u00bfLos archivos del logotipo son de alta resoluci\u00f3n?<\/h3>\n<div class=\"rank-math-answer\">\n\n<p>S\u00ed, la mayor\u00eda de los generadores de logotipos AI gratuitos proporcionan archivos de logotipo de alta resoluci\u00f3n para diversos usos.<\/p>\n\n<\/div>\n<\/div>\n<\/div>\n<\/div>","protected":false},"excerpt":{"rendered":"<p>How to use Free AI Logo Generator *&nbsp;Depending on your internet speed, loading the model may take a few seconds.* There will be caching during continuous generation, and the new image will appear after about 3 seconds. Introduction of Free AI Logo Generator As a business owner, creating a professional logo is essential to establish &#8230; <a title=\"Generador gratuito de logotipos AI\" class=\"read-more\" href=\"https:\/\/aiartfree.online\/es\/generador-de-logotipos-ai-gratuito\/\" aria-label=\"Leer m\u00e1s sobre Free AI Logo Generator\">Leer m\u00e1s<\/a><\/p>","protected":false},"author":1,"featured_media":0,"parent":0,"menu_order":0,"comment_status":"open","ping_status":"closed","template":"","meta":{"nf_dc_page":"","footnotes":""},"class_list":["post-2983","page","type-page","status-publish"],"jetpack_sharing_enabled":true,"_links":{"self":[{"href":"https:\/\/aiartfree.online\/es\/wp-json\/wp\/v2\/pages\/2983","targetHints":{"allow":["GET"]}}],"collection":[{"href":"https:\/\/aiartfree.online\/es\/wp-json\/wp\/v2\/pages"}],"about":[{"href":"https:\/\/aiartfree.online\/es\/wp-json\/wp\/v2\/types\/page"}],"author":[{"embeddable":true,"href":"https:\/\/aiartfree.online\/es\/wp-json\/wp\/v2\/users\/1"}],"replies":[{"embeddable":true,"href":"https:\/\/aiartfree.online\/es\/wp-json\/wp\/v2\/comments?post=2983"}],"version-history":[{"count":1,"href":"https:\/\/aiartfree.online\/es\/wp-json\/wp\/v2\/pages\/2983\/revisions"}],"predecessor-version":[{"id":3605,"href":"https:\/\/aiartfree.online\/es\/wp-json\/wp\/v2\/pages\/2983\/revisions\/3605"}],"wp:attachment":[{"href":"https:\/\/aiartfree.online\/es\/wp-json\/wp\/v2\/media?parent=2983"}],"curies":[{"name":"wp","href":"https:\/\/api.w.org\/{rel}","templated":true}]}}