{"id":2974,"date":"2024-07-19T12:49:16","date_gmt":"2024-07-19T12:49:16","guid":{"rendered":"https:\/\/aiartfree.online\/?page_id=2974"},"modified":"2025-03-07T08:02:23","modified_gmt":"2025-03-07T08:02:23","slug":"bing-ai-image-generator","status":"publish","type":"page","link":"https:\/\/aiartfree.online\/es\/generador-de-imagenes-ai-de-bing\/","title":{"rendered":"Generador de im\u00e1genes Bing AI"},"content":{"rendered":"<h2 class=\"wp-block-heading\">C\u00f3mo utilizar el generador de im\u00e1genes de IA de Bing<\/h2>\n\n\n\n<ol class=\"wp-block-list\">\n<li class=\"\">Introduzca su pregunta<\/li>\n\n\n\n<li class=\"\">Haga clic en \"Ejecutar\".<\/li>\n\n\n\n<li class=\"\">\u00a1Espera, eso es! <\/li>\n<\/ol>\n\n\n\n<figure class=\"gb-block-image gb-block-image-032aac41\"><a href=\"https:\/\/fas.st\/t\/9U4PYbm7\" target=\"_blank\" rel=\"noopener noreferrer\"><img data-recalc-dims=\"1\" decoding=\"async\" loading=\"lazy\" width=\"1200\" height=\"365\" class=\"gb-image gb-image-032aac41\" src=\"https:\/\/i0.wp.com\/aiartfree.online\/wp-content\/uploads\/2025\/03\/WX20250307-115412%402x.webp?resize=1200%2C365&#038;ssl=1\" alt=\"\" title=\"WX20250307-115412@2x\" srcset=\"https:\/\/i0.wp.com\/aiartfree.online\/wp-content\/uploads\/2025\/03\/WX20250307-115412%402x.webp?w=1942&amp;ssl=1 1942w, https:\/\/i0.wp.com\/aiartfree.online\/wp-content\/uploads\/2025\/03\/WX20250307-115412%402x.webp?resize=300%2C91&amp;ssl=1 300w, https:\/\/i0.wp.com\/aiartfree.online\/wp-content\/uploads\/2025\/03\/WX20250307-115412%402x.webp?resize=1024%2C312&amp;ssl=1 1024w, https:\/\/i0.wp.com\/aiartfree.online\/wp-content\/uploads\/2025\/03\/WX20250307-115412%402x.webp?resize=768%2C234&amp;ssl=1 768w, https:\/\/i0.wp.com\/aiartfree.online\/wp-content\/uploads\/2025\/03\/WX20250307-115412%402x.webp?resize=1536%2C467&amp;ssl=1 1536w, https:\/\/i0.wp.com\/aiartfree.online\/wp-content\/uploads\/2025\/03\/WX20250307-115412%402x.webp?resize=18%2C5&amp;ssl=1 18w, https:\/\/i0.wp.com\/aiartfree.online\/wp-content\/uploads\/2025\/03\/WX20250307-115412%402x.webp?resize=600%2C183&amp;ssl=1 600w\" sizes=\"auto, (max-width: 1200px) 100vw, 1200px\" \/><\/a><\/figure>\n\n\n\n<p class=\"\"><em>* Dependiendo de su velocidad de Internet, la carga del modelo puede tardar unos segundos.<br>* Habr\u00e1 cach\u00e9 durante la generaci\u00f3n continua, y la nueva imagen aparecer\u00e1 despu\u00e9s de unos 3 segundos.<\/em><\/p>\n\n\n\n<div style=\"text-align: center; border: 2px solid; border-image-source: linear-gradient(to right, #16b86c, #912899); border-image-slice: 1; box-shadow: 0 0 10px rgba(0, 0, 0, 0.1); border-radius: 15px;\">\n  <iframe loading=\"lazy\"\n    src=\"https:\/\/mexicanamerican-dalle-3-xl-lora-v2.hf.space\"\n    frameborder=\"0\"\n    width=\"800\"\n    height=\"1050\"\n    style=\"display: inline-block; margin: 0 auto;\"\n  ><\/iframe>\n<\/div>\n\n\n\n<div style=\"height:50px\" aria-hidden=\"true\" class=\"wp-block-spacer\"><\/div>\n\n\n\n<h1 class=\"wp-block-heading\">Introducci\u00f3n al generador de im\u00e1genes de IA de Bing<\/h1>\n\n\n\n<p class=\"\">En la era digital actual, crear im\u00e1genes visualmente impactantes es m\u00e1s importante que nunca. Si eres un creador de contenidos, un vendedor o simplemente alguien a quien le gusta el arte, el Generador de im\u00e1genes de IA de Bing puede ayudarte a producir im\u00e1genes de alta calidad sin esfuerzo. Este art\u00edculo te presentar\u00e1 el Generador de im\u00e1genes de IA de Bing, explorar\u00e1 sus ventajas y te guiar\u00e1 sobre c\u00f3mo sacar el m\u00e1ximo partido a esta potente herramienta.<\/p>\n\n\n\n<figure class=\"wp-block-image size-full is-resized\"><img data-recalc-dims=\"1\" decoding=\"async\" width=\"1024\" height=\"1024\"   loading=\"lazy\" src=\"https:\/\/i0.wp.com\/aiartfree.online\/wp-content\/uploads\/2024\/07\/b9cb406d-bffd-446e-9f65-c20776dc6cda.jpg?resize=1024%2C1024&#038;ssl=1\" alt=\"Generador de im\u00e1genes Bing AI\" class=\"wp-image-2980\" style=\"width:359px;height:auto\" srcset=\"https:\/\/i0.wp.com\/aiartfree.online\/wp-content\/uploads\/2024\/07\/b9cb406d-bffd-446e-9f65-c20776dc6cda.jpg?w=1024&amp;ssl=1 1024w, https:\/\/i0.wp.com\/aiartfree.online\/wp-content\/uploads\/2024\/07\/b9cb406d-bffd-446e-9f65-c20776dc6cda.jpg?resize=300%2C300&amp;ssl=1 300w, https:\/\/i0.wp.com\/aiartfree.online\/wp-content\/uploads\/2024\/07\/b9cb406d-bffd-446e-9f65-c20776dc6cda.jpg?resize=150%2C150&amp;ssl=1 150w, https:\/\/i0.wp.com\/aiartfree.online\/wp-content\/uploads\/2024\/07\/b9cb406d-bffd-446e-9f65-c20776dc6cda.jpg?resize=768%2C768&amp;ssl=1 768w, https:\/\/i0.wp.com\/aiartfree.online\/wp-content\/uploads\/2024\/07\/b9cb406d-bffd-446e-9f65-c20776dc6cda.jpg?resize=12%2C12&amp;ssl=1 12w, https:\/\/i0.wp.com\/aiartfree.online\/wp-content\/uploads\/2024\/07\/b9cb406d-bffd-446e-9f65-c20776dc6cda.jpg?resize=600%2C600&amp;ssl=1 600w, https:\/\/i0.wp.com\/aiartfree.online\/wp-content\/uploads\/2024\/07\/b9cb406d-bffd-446e-9f65-c20776dc6cda.jpg?resize=100%2C100&amp;ssl=1 100w\" sizes=\"auto, (max-width: 1024px) 100vw, 1024px\" \/><\/figure>\n\n\n\n<h2 class=\"wp-block-heading\">\u00cdndice<\/h2>\n\n\n\n<ol class=\"wp-block-list\">\n<li class=\"\"><a href=\"#what-is-bing-ai-image-generator\">\u00bfQu\u00e9 es el generador de im\u00e1genes de IA de Bing?<\/a><\/li>\n\n\n\n<li class=\"\"><a href=\"#why-use-bing-ai-image-generator\">\u00bfPor qu\u00e9 utilizar el generador de im\u00e1genes de IA de Bing?<\/a><\/li>\n\n\n\n<li class=\"\"><a href=\"#benefits-of-using-bing-ai-image-generator\">Ventajas de utilizar el generador de im\u00e1genes de IA de Bing<\/a><\/li>\n\n\n\n<li class=\"\"><a href=\"#when-to-use-bing-ai-image-generator\">Cu\u00e1ndo utilizar el generador de im\u00e1genes de IA de Bing<\/a><\/li>\n\n\n\n<li class=\"\"><a href=\"#who-should-use-bing-ai-image-generator\">\u00bfQui\u00e9n deber\u00eda utilizar el generador de im\u00e1genes de IA de Bing?<\/a><\/li>\n\n\n\n<li class=\"\"><a href=\"#comparison-of-bing-ai-image-generator-with-other-tools\">Comparaci\u00f3n del generador de im\u00e1genes de IA de Bing con otras herramientas<\/a><\/li>\n\n\n\n<li class=\"\"><a href=\"#frequently-asked-questions\">Preguntas frecuentes<\/a><\/li>\n<\/ol>\n\n\n\n<h2 class=\"wp-block-heading\">\u00bfQu\u00e9 es el generador de im\u00e1genes de IA de Bing?<\/h2>\n\n\n\n<p class=\"\">El generador de im\u00e1genes de IA de Bing es una innovadora herramienta desarrollada por Microsoft que utiliza tecnolog\u00eda de IA generativa para crear im\u00e1genes a partir de mensajes de texto. Este generador de im\u00e1genes de IA permite a los usuarios introducir texto descriptivo y recibir a cambio im\u00e1genes \u00fanicas de alta calidad. La tecnolog\u00eda que hay detr\u00e1s aprovecha algoritmos avanzados de IA para comprender y visualizar el texto introducido, produciendo im\u00e1genes que coinciden exactamente con la descripci\u00f3n del usuario.<\/p>\n\n\n\n<h2 class=\"wp-block-heading\">Por qu\u00e9<\/h2>\n\n\n\n<p class=\"\">Utilizar el generador de im\u00e1genes de IA de Bing puede mejorar significativamente tus proyectos creativos. Tanto si est\u00e1s dise\u00f1ando una campa\u00f1a de marketing, creando contenido para las redes sociales o desarrollando un sitio web, tener acceso a una herramienta que pueda generar im\u00e1genes basadas en tus necesidades espec\u00edficas tiene un valor incalculable. La posibilidad de crear im\u00e1genes r\u00e1pidamente sin necesidad de tener amplios conocimientos de dise\u00f1o gr\u00e1fico ahorra tiempo y recursos, lo que te permite centrarte en otros aspectos importantes de tu proyecto.<\/p>\n\n\n\n<h2 class=\"wp-block-heading\">Beneficios<\/h2>\n\n\n\n<ol class=\"wp-block-list\">\n<li class=\"\"><strong>Im\u00e1genes de alta calidad<\/strong>: El generador de im\u00e1genes AI de Bing produce im\u00e1genes de alta resoluci\u00f3n que pueden utilizarse para diversos fines profesionales.<\/li>\n\n\n\n<li class=\"\"><strong>Personalizaci\u00f3n<\/strong>: Mediante indicaciones de texto detalladas, puede generar im\u00e1genes adaptadas a sus requisitos espec\u00edficos.<\/li>\n\n\n\n<li class=\"\"><strong>Eficiencia temporal<\/strong>: Genere im\u00e1genes r\u00e1pidamente sin necesidad de realizar un trabajo manual de dise\u00f1o gr\u00e1fico.<\/li>\n\n\n\n<li class=\"\"><strong>Rentable<\/strong>: Reduzca la necesidad de costosos programas de dise\u00f1o gr\u00e1fico o de contratar dise\u00f1adores profesionales.<\/li>\n\n\n\n<li class=\"\"><strong>Accesibilidad<\/strong>: F\u00e1cil de usar, incluso para quienes no tienen conocimientos t\u00e9cnicos.<\/li>\n<\/ol>\n\n\n\n<h2 class=\"wp-block-heading\">Cu\u00e1ndo utilizar<\/h2>\n\n\n\n<p class=\"\">El generador de im\u00e1genes Bing AI es ideal para su uso en una variedad de escenarios, incluyendo:<\/p>\n\n\n\n<ul class=\"wp-block-list\">\n<li class=\"\"><strong>Campa\u00f1as de marketing<\/strong>: Crea im\u00e1genes visualmente atractivas para anuncios y publicaciones en redes sociales.<\/li>\n\n\n\n<li class=\"\"><strong>Creaci\u00f3n de contenidos<\/strong>: Generar im\u00e1genes \u00fanicas para mejorar las entradas del blog, art\u00edculos y contenido del sitio web.<\/li>\n\n\n\n<li class=\"\"><strong>Material educativo<\/strong>: Produzca im\u00e1genes ilustrativas para presentaciones, informes y material did\u00e1ctico.<\/li>\n\n\n\n<li class=\"\"><strong>Proyectos de arte y dise\u00f1o<\/strong>: Experimenta con conceptos creativos y estilos visuales.<\/li>\n<\/ul>\n\n\n\n<h2 class=\"wp-block-heading\">\u00bfQui\u00e9n debe utilizarlo?<\/h2>\n\n\n\n<p class=\"\">El generador de im\u00e1genes de IA de Bing es adecuado para una amplia gama de usuarios, entre los que se incluyen:<\/p>\n\n\n\n<ul class=\"wp-block-list\">\n<li class=\"\"><strong>Creadores de contenidos<\/strong>: Blogueros, vlogueros y personas influyentes en las redes sociales.<\/li>\n\n\n\n<li class=\"\"><strong>Vendedores<\/strong>: Profesionales del marketing digital, anunciantes y gestores de marcas.<\/li>\n\n\n\n<li class=\"\"><strong>Educadores<\/strong>: Profesores, formadores y dise\u00f1adores pedag\u00f3gicos.<\/li>\n\n\n\n<li class=\"\"><strong>Artistas y dise\u00f1adores<\/strong>: Dise\u00f1adores gr\u00e1ficos, ilustradores y artistas visuales.<\/li>\n\n\n\n<li class=\"\"><strong>Empresas<\/strong>: Peque\u00f1os empresarios, nuevas empresas y grandes corporaciones.<\/li>\n<\/ul>\n\n\n\n<h2 class=\"wp-block-heading\">Comparaci\u00f3n del generador de im\u00e1genes de IA de Bing con otras herramientas<\/h2>\n\n\n\n<p class=\"\">Cuando se trata de la generaci\u00f3n de im\u00e1genes AI, hay varias herramientas disponibles en el mercado. Aqu\u00ed, comparamos Bing AI Image Generator con otras opciones populares:<\/p>\n\n\n\n<figure class=\"wp-block-table\"><table class=\"has-fixed-layout\"><thead><tr><th>Herramienta<\/th><th>Pros<\/th><th>Contras<\/th><th>Ventajas<\/th><th>Desaf\u00edos<\/th><th>Recomendaci\u00f3n<\/th><\/tr><\/thead><tbody><tr><td><a href=\"https:\/\/aiartfree.online\/es\/\" data-type=\"link\" data-id=\"https:\/\/aiartfree.online\/\">Generador gratuito de AI Art<\/a><\/td><td>F\u00e1cil de usar y gratuito<\/td><td>Funciones avanzadas limitadas<\/td><td>F\u00e1cil para principiantes<\/td><td>Rendimiento b\u00e1sico<\/td><td>Ideal para un uso ocasional<\/td><\/tr><tr><td><a href=\"https:\/\/midjourney.com\" rel=\"nofollow noopener\" target=\"_blank\">A mitad de camino<\/a><\/td><td>Productos de alta calidad, estilos creativos<\/td><td>Suscripci\u00f3n obligatoria<\/td><td>Im\u00e1genes de calidad profesional<\/td><td>Costoso<\/td><td>Ideal para uso profesional<\/td><\/tr><tr><td><a href=\"https:\/\/stablediffusion.com\" rel=\"nofollow noopener\" target=\"_blank\">Difusi\u00f3n estable<\/a><\/td><td>Im\u00e1genes detalladas, personalizables<\/td><td>Requiere conocimientos t\u00e9cnicos<\/td><td>Salidas vers\u00e1tiles<\/td><td>Curva de aprendizaje pronunciada<\/td><td>Lo mejor para usuarios expertos en tecnolog\u00eda<\/td><\/tr><tr><td><a href=\"https:\/\/aiartfree.online\/es\/free-online-dall\u00b7e-3\/\" data-type=\"link\" data-id=\"https:\/\/aiartfree.online\/free-online-dall%c2%b7e-3\/\">DALL-E 3<\/a><\/td><td>Innovaci\u00f3n y vanguardia<\/td><td>Acceso limitado<\/td><td>IA de vanguardia<\/td><td>Disponibilidad limitada<\/td><td>Perfecto para los pioneros<\/td><\/tr><tr><td><a href=\"https:\/\/deepart.io\" rel=\"nofollow noopener\" target=\"_blank\">DeepArt.io<\/a><\/td><td>Estilos art\u00edsticos, f\u00e1ciles de usar<\/td><td>El tiempo de tramitaci\u00f3n puede ser largo<\/td><td>Producciones art\u00edsticas \u00fanicas<\/td><td>Tiempo de generaci\u00f3n lento<\/td><td>Adecuado para proyectos art\u00edsticos<\/td><\/tr><tr><td><a href=\"https:\/\/artbreeder.com\" rel=\"nofollow noopener\" target=\"_blank\">Artbreeder<\/a><\/td><td>Colaboraci\u00f3n, estilos diversos<\/td><td>Algunas funciones tras un muro de pago<\/td><td>Libertad creativa<\/td><td>Puede ser complejo<\/td><td>Ideal para proyectos en colaboraci\u00f3n<\/td><\/tr><tr><td><a href=\"https:\/\/runwayml.com\" rel=\"nofollow noopener\" target=\"_blank\">Pista ML<\/a><\/td><td>Amplia gama de herramientas de IA<\/td><td>Caro para acceso completo<\/td><td>Multifuncional<\/td><td>Coste elevado<\/td><td>Excelente para un uso exhaustivo de la IA<\/td><\/tr><tr><td><a href=\"https:\/\/deepdreamgenerator.com\" rel=\"nofollow noopener\" target=\"_blank\">Generador de sue\u00f1os profundos<\/a><\/td><td>Resultados surrealistas y \u00fanicos<\/td><td>Menos control sobre los resultados<\/td><td>Divertido y experimental<\/td><td>Resultados imprevisibles<\/td><td>Ideal para el arte experimental<\/td><\/tr><tr><td><a href=\"https:\/\/nightcafe.studio\" rel=\"nofollow noopener\" target=\"_blank\">NightCafe<\/a><\/td><td>Variedad de estilos, impulsados por la comunidad<\/td><td>Uso gratuito limitado<\/td><td>Caracter\u00edsticas comunitarias<\/td><td>L\u00edmites de uso<\/td><td>Bueno para la interacci\u00f3n comunitaria<\/td><\/tr><tr><td><a href=\"https:\/\/artisto.com\" rel=\"nofollow noopener\" target=\"_blank\">Artisto<\/a><\/td><td>F\u00e1cil de usar<\/td><td>Limitado a plataforma m\u00f3vil<\/td><td>C\u00f3modo<\/td><td>Restricciones de la plataforma<\/td><td>Lo mejor para usuarios m\u00f3viles<\/td><\/tr><\/tbody><\/table><\/figure>\n\n\n\n<p class=\"\">Tras comparar estas herramientas, recomendamos la <a href=\"https:\/\/aiartfree.online\/es\/generador-de-imagenes-ai-de-bing\/\"><strong>Generador de im\u00e1genes Bing AI<\/strong><\/a> como la mejor opci\u00f3n por su equilibrio entre calidad, facilidad de uso y accesibilidad. Para m\u00e1s informaci\u00f3n, visite <a href=\"https:\/\/aiartfree.online\/es\/generador-de-imagenes-ai-de-bing\/\">Generador de im\u00e1genes Bing AI<\/a>.<\/p>\n\n\n\n<h2 class=\"wp-block-heading\">Preguntas frecuentes<\/h2>\n\n\n\n<ol class=\"wp-block-list\">\n<li class=\"\"><strong>\u00bfQu\u00e9 es el generador de im\u00e1genes de IA de Bing?<\/strong> Bing AI Image Generator es una herramienta que utiliza IA para crear im\u00e1genes basadas en descripciones de texto.<\/li>\n\n\n\n<li class=\"\"><strong>\u00bfC\u00f3mo funciona el generador de im\u00e1genes de IA de Bing?<\/strong> Utiliza algoritmos generativos de inteligencia artificial para interpretar los mensajes de texto y generar las im\u00e1genes correspondientes.<\/li>\n\n\n\n<li class=\"\"><strong>\u00bfEs gratuito el uso del Generador de im\u00e1genes de IA de Bing?<\/strong> S\u00ed, est\u00e1 disponible gratuitamente con ciertas limitaciones.<\/li>\n\n\n\n<li class=\"\"><strong>\u00bfPuedo utilizar el Generador de im\u00e1genes de IA de Bing con fines comerciales?<\/strong> S\u00ed, las im\u00e1genes generadas pueden utilizarse para proyectos comerciales.<\/li>\n\n\n\n<li class=\"\"><strong>\u00bfCu\u00e1les son las ventajas de utilizar el Generador de im\u00e1genes de IA de Bing?<\/strong> Proporciona im\u00e1genes de alta calidad, es personalizable, eficaz en el tiempo, rentable y accesible.<\/li>\n\n\n\n<li class=\"\"><strong>\u00bfNecesito conocimientos t\u00e9cnicos para utilizar el Generador de im\u00e1genes de IA de Bing?<\/strong> No, est\u00e1 dise\u00f1ado para que sea f\u00e1cil de usar incluso para quienes no tienen conocimientos t\u00e9cnicos.<\/li>\n\n\n\n<li class=\"\"><strong>\u00bfQu\u00e9 tipos de proyectos pueden beneficiarse del generador de im\u00e1genes de IA de Bing?<\/strong> Campa\u00f1as de marketing, creaci\u00f3n de contenidos, materiales educativos, arte y proyectos de dise\u00f1o.<\/li>\n\n\n\n<li class=\"\"><strong>\u00bfC\u00f3mo puedo dar mi opini\u00f3n sobre las im\u00e1genes generadas?<\/strong> Por lo general, en la interfaz de la herramienta encontrar\u00e1s una opci\u00f3n de respuesta.<\/li>\n\n\n\n<li class=\"\"><strong>\u00bfExisten limitaciones en el Generador de im\u00e1genes de IA de Bing?<\/strong> Aunque potente, puede que a\u00fan no est\u00e9 a la altura de la creatividad de un dise\u00f1ador profesional.<\/li>\n\n\n\n<li class=\"\"><strong>\u00bfD\u00f3nde puedo acceder al generador de im\u00e1genes de IA de Bing?<\/strong> Puede acceder a \u00e9l en <a href=\"https:\/\/aiartfree.online\/es\/generador-de-imagenes-ai-de-bing\/\">Generador de im\u00e1genes Bing AI<\/a>.<\/li>\n<\/ol>\n\n\n\n<p class=\"\">En conclusi\u00f3n, el generador de im\u00e1genes AI de Bing es una herramienta vers\u00e1til y potente que puede mejorar tus proyectos creativos proporcionando im\u00e1genes de alta calidad generadas a partir de descripciones de texto. Tanto si eres un creador de contenidos, un vendedor, un educador o un artista, esta herramienta puede ahorrarte tiempo y recursos a la vez que ofrece resultados impresionantes.<\/p>","protected":false},"excerpt":{"rendered":"<p>How to use Bing AI Image Generator *&nbsp;Depending on your internet speed, loading the model may take a few seconds.* There will be caching during continuous generation, and the new image will appear after about 3 seconds. Introduction of Bing AI Image Generator In today&#8217;s digital age, creating visually stunning images is more important than &#8230; <a title=\"Generador de im\u00e1genes Bing AI\" class=\"read-more\" href=\"https:\/\/aiartfree.online\/es\/generador-de-imagenes-ai-de-bing\/\" aria-label=\"Leer m\u00e1s sobre Bing AI Image Generator\">Leer m\u00e1s<\/a><\/p>","protected":false},"author":1,"featured_media":0,"parent":0,"menu_order":0,"comment_status":"open","ping_status":"closed","template":"","meta":{"nf_dc_page":"","footnotes":""},"class_list":["post-2974","page","type-page","status-publish"],"jetpack_sharing_enabled":true,"_links":{"self":[{"href":"https:\/\/aiartfree.online\/es\/wp-json\/wp\/v2\/pages\/2974","targetHints":{"allow":["GET"]}}],"collection":[{"href":"https:\/\/aiartfree.online\/es\/wp-json\/wp\/v2\/pages"}],"about":[{"href":"https:\/\/aiartfree.online\/es\/wp-json\/wp\/v2\/types\/page"}],"author":[{"embeddable":true,"href":"https:\/\/aiartfree.online\/es\/wp-json\/wp\/v2\/users\/1"}],"replies":[{"embeddable":true,"href":"https:\/\/aiartfree.online\/es\/wp-json\/wp\/v2\/comments?post=2974"}],"version-history":[{"count":1,"href":"https:\/\/aiartfree.online\/es\/wp-json\/wp\/v2\/pages\/2974\/revisions"}],"predecessor-version":[{"id":3593,"href":"https:\/\/aiartfree.online\/es\/wp-json\/wp\/v2\/pages\/2974\/revisions\/3593"}],"wp:attachment":[{"href":"https:\/\/aiartfree.online\/es\/wp-json\/wp\/v2\/media?parent=2974"}],"curies":[{"name":"wp","href":"https:\/\/api.w.org\/{rel}","templated":true}]}}